{"id":11162,"date":"2023-12-18T12:10:55","date_gmt":"2023-12-18T11:10:55","guid":{"rendered":"https:\/\/e-motopark.com\/motorbikes-for-rent\/"},"modified":"2025-05-09T16:02:52","modified_gmt":"2025-05-09T14:02:52","slug":"motorbikes-for-rent","status":"publish","type":"page","link":"https:\/\/e-motopark.com\/en\/motorbikes-for-rent\/","title":{"rendered":"Motorbikes for rent"},"content":{"rendered":"\n<div class=\"wp-block-group has-global-padding is-layout-constrained wp-container-core-group-is-layout-5f049cce wp-block-group-is-layout-constrained\" style=\"margin-top:0px\">\n<div class=\"wp-block-cover alignfull\" style=\"min-height:644px;aspect-ratio:unset;\"><span aria-hidden=\"true\" class=\"wp-block-cover__background has-background-dim-0 has-background-dim\" style=\"background-color:#2c2f2c\"><\/span><img decoding=\"async\" width=\"1500\" height=\"843\" class=\"wp-block-cover__image-background wp-image-3230\" alt=\"\" src=\"https:\/\/e-motopark.com\/wp-content\/uploads\/2023\/12\/SurRonX_4.jpg\" data-object-fit=\"cover\" srcset=\"https:\/\/e-motopark.com\/wp-content\/uploads\/2023\/12\/SurRonX_4.jpg 1500w, https:\/\/e-motopark.com\/wp-content\/uploads\/2023\/12\/SurRonX_4-600x337.jpg 600w, https:\/\/e-motopark.com\/wp-content\/uploads\/2023\/12\/SurRonX_4-64x36.jpg 64w, https:\/\/e-motopark.com\/wp-content\/uploads\/2023\/12\/SurRonX_4-300x169.jpg 300w, https:\/\/e-motopark.com\/wp-content\/uploads\/2023\/12\/SurRonX_4-768x432.jpg 768w, https:\/\/e-motopark.com\/wp-content\/uploads\/2023\/12\/SurRonX_4-1024x575.jpg 1024w, https:\/\/e-motopark.com\/wp-content\/uploads\/2023\/12\/SurRonX_4-1200x674.jpg 1200w, https:\/\/e-motopark.com\/wp-content\/uploads\/2023\/12\/SurRonX_4-1320x742.jpg 1320w\" sizes=\"(max-width: 1500px) 100vw, 1500px\" \/><div class=\"wp-block-cover__inner-container is-layout-flow wp-block-cover-is-layout-flow\">\n<h3 class=\"wp-block-heading has-text-align-center has-primary-color has-text-color\" style=\"text-transform:capitalize\">4 E-Motorbikes for rent<\/h3>\n\n\n\n<p class=\"has-text-align-center has-text-color has-link-color has-tiny-font-size wp-elements-a360ee123077636a9808bbbd317dabb7\" style=\"color:#53ff2c\">LAST MINUTE ACTION &#8211; If the following weekend is not booked by Wednesday 23:59h<\/p>\n\n\n\n<p class=\"has-text-align-center has-text-color has-link-color has-tiny-font-size wp-elements-0afca6dc0d52c38f4132f319319e17ce\" style=\"color:#53ff2c\">DISCOUNT -15% when booking on Thu (00:01) &#8211; Fri (12:00) for all bikes for the whole weekend!<\/p>\n\n\n\n<p class=\"has-text-align-center has-text-color has-link-color has-tiny-font-size wp-elements-bb05be649170a87e043d4e9f20c952b3\" style=\"color:#53ff2c\">From 01.07.2024 renewed delivery of motorbikes up to 50km! \/ (5 k\u010d \/ 1 km)<\/p>\n\n\n\n<p class=\"has-text-align-center has-white-color has-text-color has-link-color wp-elements-a789ade23ff77e144188e8c4e61f2783\"><strong>Price list for 1 E-motor (6 kW)<\/strong><\/p>\n\n\n\n<p class=\"has-text-align-center\">1 day &#8211; 1.700,-CZK (incl. VAT)<\/p>\n\n\n\n<p class=\"has-text-align-center\"><mark style=\"background-color:rgba(0, 0, 0, 0)\" class=\"has-inline-color has-primary-color\"><strong>Weekend (Friday-Monday) &#8211; 3.600,-k\u010d<\/strong> (incl. VAT)<\/mark><\/p>\n\n\n\n<p class=\"has-text-align-center\"><em><mark style=\"background-color:rgba(0, 0, 0, 0)\" class=\"has-inline-color has-gray-700-color\">Deposit (6kW) &#8211; 5.000,-k\u010d \/1 moto<\/mark><\/em><\/p>\n\n\n\n<p class=\"has-text-align-center\">_____<\/p>\n\n\n\n<p class=\"has-text-align-center\"><strong>Price list for 1 E-motor (9-12 kW)<\/strong><\/p>\n\n\n\n<p class=\"has-text-align-center\">1 day Sur-Ron\/Talaria Sting 9-12kW: 2.800,-k\u010d (incl. VAT)<\/p>\n\n\n\n<p class=\"has-text-align-center\"><mark style=\"background-color:rgba(0, 0, 0, 0)\" class=\"has-inline-color has-primary-color\"><strong>Weekend (Friday-Monday) &#8212; 6.000,-k\u010d<\/strong> (incl. VAT)<\/mark><\/p>\n\n\n\n<p class=\"has-text-align-center\"><em><mark style=\"background-color:rgba(0, 0, 0, 0)\" class=\"has-inline-color has-gray-700-color\">Deposit (9-12kW) &#8211; 10.000,-k\u010d \/1 moto<\/mark><\/em><\/p>\n\n\n\n<p class=\"has-text-align-center\">_____<\/p>\n\n\n\n<p class=\"has-text-align-center\">Motorbike trailer &#8211; 300 CZK \/day (incl. VAT)<\/p>\n\n\n\n<p class=\"has-text-align-center\">Towing rack for 1 moto &#8211; 300 CZK \/day (incl. VAT)<\/p>\n\n\n\n<p class=\"has-text-align-center has-gray-300-color has-text-color has-link-color wp-elements-f22239fa834e53d5245948d368c800a7\"><span style=\"text-decoration: underline;\">Payments for rentals can only be made in cash and cannot be made via GoPay.<\/span><\/p>\n<\/div><\/div>\n\n\n\n<div class=\"wp-block-columns is-layout-flex wp-container-core-columns-is-layout-28f84493 wp-block-columns-is-layout-flex\">\n<div class=\"wp-block-column is-layout-flow wp-block-column-is-layout-flow\" style=\"flex-basis:100%\">\n<div class=\"wp-block-group alignwide about-team has-global-padding is-layout-constrained wp-container-core-group-is-layout-8a269358 wp-block-group-is-layout-constrained\" style=\"border-style:none;border-width:0px;border-radius:0px;min-height:0px;margin-bottom:80px;padding-top:0;padding-right:0;padding-bottom:0;padding-left:0\"><\/div>\n\n\n\n<div class=\"wp-block-media-text is-stacked-on-mobile\"><figure class=\"wp-block-media-text__media\"><img decoding=\"async\" width=\"856\" height=\"621\" src=\"https:\/\/e-motopark.com\/wp-content\/uploads\/2024\/04\/Talaria-Sting-R-MX-E-Moto-Park-e1712138344463.jpg\" alt=\"\" class=\"wp-image-5221 size-full\" srcset=\"https:\/\/e-motopark.com\/wp-content\/uploads\/2024\/04\/Talaria-Sting-R-MX-E-Moto-Park-e1712138344463.jpg 856w, https:\/\/e-motopark.com\/wp-content\/uploads\/2024\/04\/Talaria-Sting-R-MX-E-Moto-Park-e1712138344463-600x435.jpg 600w, https:\/\/e-motopark.com\/wp-content\/uploads\/2024\/04\/Talaria-Sting-R-MX-E-Moto-Park-e1712138344463-64x46.jpg 64w, https:\/\/e-motopark.com\/wp-content\/uploads\/2024\/04\/Talaria-Sting-R-MX-E-Moto-Park-e1712138344463-300x218.jpg 300w, https:\/\/e-motopark.com\/wp-content\/uploads\/2024\/04\/Talaria-Sting-R-MX-E-Moto-Park-e1712138344463-768x557.jpg 768w\" sizes=\"(max-width: 856px) 100vw, 856px\" \/><\/figure><div class=\"wp-block-media-text__content\">\n<p>Model: Talaria Sting R <strong>(New)<\/strong><\/p>\n\n\n\n<p>Power: 3kW &#8211; 6kW <strong>(9kW on request+extra charge)<\/strong><\/p>\n\n\n\n<p>Battery: 60V 45Ah<\/p>\n\n\n\n<p>Wheel torque: 284Nm-400Nm<\/p>\n\n\n\n<p>Strokes: 200mm\/200mm<\/p>\n<\/div><\/div>\n<\/div>\n<\/div>\n\n\n\n<div class=\"wp-block-media-text is-stacked-on-mobile\"><figure class=\"wp-block-media-text__media\"><img decoding=\"async\" width=\"1024\" height=\"902\" src=\"https:\/\/e-motopark.com\/wp-content\/uploads\/2024\/02\/Tuning-baterie-60V-70Ah-5-e1708588234466-1024x902.jpg\" alt=\"\" class=\"wp-image-4293 size-full\" srcset=\"https:\/\/e-motopark.com\/wp-content\/uploads\/2024\/02\/Tuning-baterie-60V-70Ah-5-e1708588234466-1024x902.jpg 1024w, https:\/\/e-motopark.com\/wp-content\/uploads\/2024\/02\/Tuning-baterie-60V-70Ah-5-e1708588234466-600x529.jpg 600w, https:\/\/e-motopark.com\/wp-content\/uploads\/2024\/02\/Tuning-baterie-60V-70Ah-5-e1708588234466-64x56.jpg 64w, https:\/\/e-motopark.com\/wp-content\/uploads\/2024\/02\/Tuning-baterie-60V-70Ah-5-e1708588234466-300x264.jpg 300w, https:\/\/e-motopark.com\/wp-content\/uploads\/2024\/02\/Tuning-baterie-60V-70Ah-5-e1708588234466-768x677.jpg 768w, https:\/\/e-motopark.com\/wp-content\/uploads\/2024\/02\/Tuning-baterie-60V-70Ah-5-e1708588234466-1200x1057.jpg 1200w, https:\/\/e-motopark.com\/wp-content\/uploads\/2024\/02\/Tuning-baterie-60V-70Ah-5-e1708588234466-1320x1163.jpg 1320w, https:\/\/e-motopark.com\/wp-content\/uploads\/2024\/02\/Tuning-baterie-60V-70Ah-5-e1708588234466.jpg 1495w\" sizes=\"(max-width: 1024px) 100vw, 1024px\" \/><\/figure><div class=\"wp-block-media-text__content\">\n<p>Model: Sur-Ron Light Bee<\/p>\n\n\n\n<p>Power: 3kW &#8211; 6kW <strong>(12kW on request+extra charge)<\/strong><\/p>\n\n\n\n<p>Battery: 60V 70Ah<\/p>\n\n\n\n<p>Wheel torque: 250Nm-500Nm<\/p>\n\n\n\n<p>Strokes: 200mm\/200mm<\/p>\n<\/div><\/div>\n\n\n\n<div class=\"wp-block-media-text is-stacked-on-mobile\"><figure class=\"wp-block-media-text__media\"><img decoding=\"async\" width=\"1024\" height=\"914\" src=\"https:\/\/e-motopark.com\/wp-content\/uploads\/2023\/12\/Talaria-Sting-E-Moto-Park-1024x914.jpg\" alt=\"\" class=\"wp-image-3338 size-full\" srcset=\"https:\/\/e-motopark.com\/wp-content\/uploads\/2023\/12\/Talaria-Sting-E-Moto-Park-1024x914.jpg 1024w, https:\/\/e-motopark.com\/wp-content\/uploads\/2023\/12\/Talaria-Sting-E-Moto-Park-600x536.jpg 600w, https:\/\/e-motopark.com\/wp-content\/uploads\/2023\/12\/Talaria-Sting-E-Moto-Park-64x57.jpg 64w, https:\/\/e-motopark.com\/wp-content\/uploads\/2023\/12\/Talaria-Sting-E-Moto-Park-300x268.jpg 300w, https:\/\/e-motopark.com\/wp-content\/uploads\/2023\/12\/Talaria-Sting-E-Moto-Park-768x686.jpg 768w, https:\/\/e-motopark.com\/wp-content\/uploads\/2023\/12\/Talaria-Sting-E-Moto-Park-1536x1371.jpg 1536w, https:\/\/e-motopark.com\/wp-content\/uploads\/2023\/12\/Talaria-Sting-E-Moto-Park-1200x1071.jpg 1200w, https:\/\/e-motopark.com\/wp-content\/uploads\/2023\/12\/Talaria-Sting-E-Moto-Park-1320x1179.jpg 1320w, https:\/\/e-motopark.com\/wp-content\/uploads\/2023\/12\/Talaria-Sting-E-Moto-Park.jpg 1708w\" sizes=\"(max-width: 1024px) 100vw, 1024px\" \/><\/figure><div class=\"wp-block-media-text__content\">\n<p>Model: Talaria Sting<\/p>\n\n\n\n<p>Power: 3kw &#8211; 6kW<\/p>\n\n\n\n<p>Battery: 60V 38.5Ah<\/p>\n\n\n\n<p>Wheel torque: 284Nm<\/p>\n\n\n\n<p>Strokes: 200mm\/200mm<\/p>\n<\/div><\/div>\n\n\n\n<div class=\"wp-block-media-text is-stacked-on-mobile\"><figure class=\"wp-block-media-text__media\"><img decoding=\"async\" width=\"1024\" height=\"745\" src=\"https:\/\/e-motopark.com\/wp-content\/uploads\/2023\/12\/DSC_56asassas96-1024x745.jpg\" alt=\"\" class=\"wp-image-3337 size-full\" srcset=\"https:\/\/e-motopark.com\/wp-content\/uploads\/2023\/12\/DSC_56asassas96-1024x745.jpg 1024w, https:\/\/e-motopark.com\/wp-content\/uploads\/2023\/12\/DSC_56asassas96-600x437.jpg 600w, https:\/\/e-motopark.com\/wp-content\/uploads\/2023\/12\/DSC_56asassas96-64x47.jpg 64w, https:\/\/e-motopark.com\/wp-content\/uploads\/2023\/12\/DSC_56asassas96-300x218.jpg 300w, https:\/\/e-motopark.com\/wp-content\/uploads\/2023\/12\/DSC_56asassas96-768x559.jpg 768w, https:\/\/e-motopark.com\/wp-content\/uploads\/2023\/12\/DSC_56asassas96-1536x1118.jpg 1536w, https:\/\/e-motopark.com\/wp-content\/uploads\/2023\/12\/DSC_56asassas96-2048x1490.jpg 2048w, https:\/\/e-motopark.com\/wp-content\/uploads\/2023\/12\/DSC_56asassas96-1200x873.jpg 1200w, https:\/\/e-motopark.com\/wp-content\/uploads\/2023\/12\/DSC_56asassas96-1320x961.jpg 1320w\" sizes=\"(max-width: 1024px) 100vw, 1024px\" \/><\/figure><div class=\"wp-block-media-text__content\">\n<p>Model: Sur-Ron Light Bee<\/p>\n\n\n\n<p>Power: 3kW &#8211; 6kW<\/p>\n\n\n\n<p>Battery: 60V 38Ah<\/p>\n\n\n\n<p>Wheel torque: 250Nm<\/p>\n\n\n\n<p>Strokes: 200mm\/200mm<\/p>\n<\/div><\/div>\n\n\n\n<div class=\"wp-block-group alignwide has-global-padding is-layout-constrained wp-block-group-is-layout-constrained\" style=\"margin-bottom:145px\">\n<div class=\"wp-block-query alignwide is-layout-flow wp-block-query-is-layout-flow\"><div class=\"wp-block-query-no-results\">\n\n<p><\/p>\n\n<\/div><\/div>\n<\/div>\n<\/div>\n","protected":false},"excerpt":{"rendered":"<p>Model: Talaria Sting R (New) Power: 3kW &#8211; 6kW (9kW on request+extra charge) Battery: 60V 45Ah Wheel torque: 284Nm-400Nm Strokes: 200mm\/200mm Model: Sur-Ron Light Bee Power: 3kW &#8211; 6kW (12kW on request+extra charge) Battery: 60V 70Ah Wheel torque: 250Nm-500Nm Strokes: 200mm\/200mm Model: Talaria Sting Power: 3kw &#8211; 6kW Battery: 60V 38.5Ah Wheel torque: 284Nm Strokes: [&hellip;]<\/p>\n","protected":false},"author":243040593,"featured_media":7573,"parent":0,"menu_order":0,"comment_status":"closed","ping_status":"closed","template":"blog-list","meta":{"footnotes":""},"class_list":["post-11162","page","type-page","status-publish","has-post-thumbnail","hentry"],"yoast_head":"<!-- This site is optimized with the Yoast SEO Premium plugin v27.4 (Yoast SEO v27.5) - https:\/\/yoast.com\/product\/yoast-seo-premium-wordpress\/ -->\n<title>Motorbikes for rent - E-Moto Park<\/title>\n<meta name=\"robots\" content=\"index, follow, max-snippet:-1, max-image-preview:large, max-video-preview:-1\" \/>\n<link rel=\"canonical\" href=\"https:\/\/e-motopark.com\/en\/motorbikes-for-rent\/\" \/>\n<meta property=\"og:locale\" content=\"en_US\" \/>\n<meta property=\"og:type\" content=\"article\" \/>\n<meta property=\"og:title\" content=\"Motorbikes for rent\" \/>\n<meta property=\"og:description\" content=\"Model: Talaria Sting R (New) Power: 3kW &#8211; 6kW (9kW on request+extra charge) Battery: 60V 45Ah Wheel torque: 284Nm-400Nm Strokes: 200mm\/200mm Model: Sur-Ron Light Bee Power: 3kW &#8211; 6kW (12kW on request+extra charge) Battery: 60V 70Ah Wheel torque: 250Nm-500Nm Strokes: 200mm\/200mm Model: Talaria Sting Power: 3kw &#8211; 6kW Battery: 60V 38.5Ah Wheel torque: 284Nm Strokes: [&hellip;]\" \/>\n<meta property=\"og:url\" content=\"https:\/\/e-motopark.com\/en\/motorbikes-for-rent\/\" \/>\n<meta property=\"og:site_name\" content=\"E-Moto Park\" \/>\n<meta property=\"article:publisher\" content=\"https:\/\/www.facebook.com\/EmotoPark\/\" \/>\n<meta property=\"article:modified_time\" content=\"2025-05-09T14:02:52+00:00\" \/>\n<meta property=\"og:image\" content=\"https:\/\/e-motopark.com\/wp-content\/uploads\/2024\/02\/Sur-Ron-Ultra-Bee-3-3_no_bg-yellow.jpg\" \/>\n\t<meta property=\"og:image:width\" content=\"1918\" \/>\n\t<meta property=\"og:image:height\" content=\"1372\" \/>\n\t<meta property=\"og:image:type\" content=\"image\/jpeg\" \/>\n<meta name=\"twitter:card\" content=\"summary_large_image\" \/>\n<meta name=\"twitter:label1\" content=\"Est. reading time\" \/>\n\t<meta name=\"twitter:data1\" content=\"1 minute\" \/>\n<script type=\"application\/ld+json\" class=\"yoast-schema-graph\">{\"@context\":\"https:\\\/\\\/schema.org\",\"@graph\":[{\"@type\":\"WebPage\",\"@id\":\"https:\\\/\\\/e-motopark.com\\\/en\\\/motorbikes-for-rent\\\/\",\"url\":\"https:\\\/\\\/e-motopark.com\\\/en\\\/motorbikes-for-rent\\\/\",\"name\":\"Motorbikes for rent - E-Moto Park\",\"isPartOf\":{\"@id\":\"https:\\\/\\\/e-motopark.com\\\/en\\\/#website\"},\"primaryImageOfPage\":{\"@id\":\"https:\\\/\\\/e-motopark.com\\\/en\\\/motorbikes-for-rent\\\/#primaryimage\"},\"image\":{\"@id\":\"https:\\\/\\\/e-motopark.com\\\/en\\\/motorbikes-for-rent\\\/#primaryimage\"},\"thumbnailUrl\":\"https:\\\/\\\/e-motopark.com\\\/wp-content\\\/uploads\\\/2024\\\/02\\\/Sur-Ron-Ultra-Bee-3-3_no_bg-yellow.jpg\",\"datePublished\":\"2023-12-18T11:10:55+00:00\",\"dateModified\":\"2025-05-09T14:02:52+00:00\",\"breadcrumb\":{\"@id\":\"https:\\\/\\\/e-motopark.com\\\/en\\\/motorbikes-for-rent\\\/#breadcrumb\"},\"inLanguage\":\"en-US\",\"potentialAction\":[{\"@type\":\"ReadAction\",\"target\":[\"https:\\\/\\\/e-motopark.com\\\/en\\\/motorbikes-for-rent\\\/\"]}]},{\"@type\":\"ImageObject\",\"inLanguage\":\"en-US\",\"@id\":\"https:\\\/\\\/e-motopark.com\\\/en\\\/motorbikes-for-rent\\\/#primaryimage\",\"url\":\"https:\\\/\\\/e-motopark.com\\\/wp-content\\\/uploads\\\/2024\\\/02\\\/Sur-Ron-Ultra-Bee-3-3_no_bg-yellow.jpg\",\"contentUrl\":\"https:\\\/\\\/e-motopark.com\\\/wp-content\\\/uploads\\\/2024\\\/02\\\/Sur-Ron-Ultra-Bee-3-3_no_bg-yellow.jpg\",\"width\":1918,\"height\":1372},{\"@type\":\"BreadcrumbList\",\"@id\":\"https:\\\/\\\/e-motopark.com\\\/en\\\/motorbikes-for-rent\\\/#breadcrumb\",\"itemListElement\":[{\"@type\":\"ListItem\",\"position\":1,\"name\":\"Dom\u016f\",\"item\":\"https:\\\/\\\/e-motopark.com\\\/en\\\/e-moto-park-shop-and-rental-of-electric-motorbikes\\\/\"},{\"@type\":\"ListItem\",\"position\":2,\"name\":\"Motorbikes for rent\"}]},{\"@type\":\"WebSite\",\"@id\":\"https:\\\/\\\/e-motopark.com\\\/en\\\/#website\",\"url\":\"https:\\\/\\\/e-motopark.com\\\/en\\\/\",\"name\":\"E-Moto Park\",\"description\":\"Prodejna a p\u016fj\u010dovna elektrick\u00fdch motorek\",\"publisher\":{\"@id\":\"https:\\\/\\\/e-motopark.com\\\/en\\\/#organization\"},\"potentialAction\":[{\"@type\":\"SearchAction\",\"target\":{\"@type\":\"EntryPoint\",\"urlTemplate\":\"https:\\\/\\\/e-motopark.com\\\/en\\\/?s={search_term_string}\"},\"query-input\":{\"@type\":\"PropertyValueSpecification\",\"valueRequired\":true,\"valueName\":\"search_term_string\"}}],\"inLanguage\":\"en-US\"},{\"@type\":\"Organization\",\"@id\":\"https:\\\/\\\/e-motopark.com\\\/en\\\/#organization\",\"name\":\"E-Moto Park\",\"url\":\"https:\\\/\\\/e-motopark.com\\\/en\\\/\",\"logo\":{\"@type\":\"ImageObject\",\"inLanguage\":\"en-US\",\"@id\":\"https:\\\/\\\/e-motopark.com\\\/en\\\/#\\\/schema\\\/logo\\\/image\\\/\",\"url\":\"https:\\\/\\\/e-motopark.com\\\/wp-content\\\/uploads\\\/2023\\\/11\\\/cropped-cropped-E-Moto-Park-logo.png\",\"contentUrl\":\"https:\\\/\\\/e-motopark.com\\\/wp-content\\\/uploads\\\/2023\\\/11\\\/cropped-cropped-E-Moto-Park-logo.png\",\"width\":108,\"height\":50,\"caption\":\"E-Moto Park\"},\"image\":{\"@id\":\"https:\\\/\\\/e-motopark.com\\\/en\\\/#\\\/schema\\\/logo\\\/image\\\/\"},\"sameAs\":[\"https:\\\/\\\/www.facebook.com\\\/EmotoPark\\\/\"]}]}<\/script>\n<!-- \/ Yoast SEO Premium plugin. -->","yoast_head_json":{"title":"Motorbikes for rent - E-Moto Park","robots":{"index":"index","follow":"follow","max-snippet":"max-snippet:-1","max-image-preview":"max-image-preview:large","max-video-preview":"max-video-preview:-1"},"canonical":"https:\/\/e-motopark.com\/en\/motorbikes-for-rent\/","og_locale":"en_US","og_type":"article","og_title":"Motorbikes for rent","og_description":"Model: Talaria Sting R (New) Power: 3kW &#8211; 6kW (9kW on request+extra charge) Battery: 60V 45Ah Wheel torque: 284Nm-400Nm Strokes: 200mm\/200mm Model: Sur-Ron Light Bee Power: 3kW &#8211; 6kW (12kW on request+extra charge) Battery: 60V 70Ah Wheel torque: 250Nm-500Nm Strokes: 200mm\/200mm Model: Talaria Sting Power: 3kw &#8211; 6kW Battery: 60V 38.5Ah Wheel torque: 284Nm Strokes: [&hellip;]","og_url":"https:\/\/e-motopark.com\/en\/motorbikes-for-rent\/","og_site_name":"E-Moto Park","article_publisher":"https:\/\/www.facebook.com\/EmotoPark\/","article_modified_time":"2025-05-09T14:02:52+00:00","og_image":[{"width":1918,"height":1372,"url":"https:\/\/e-motopark.com\/wp-content\/uploads\/2024\/02\/Sur-Ron-Ultra-Bee-3-3_no_bg-yellow.jpg","type":"image\/jpeg"}],"twitter_card":"summary_large_image","twitter_misc":{"Est. reading time":"1 minute"},"schema":{"@context":"https:\/\/schema.org","@graph":[{"@type":"WebPage","@id":"https:\/\/e-motopark.com\/en\/motorbikes-for-rent\/","url":"https:\/\/e-motopark.com\/en\/motorbikes-for-rent\/","name":"Motorbikes for rent - E-Moto Park","isPartOf":{"@id":"https:\/\/e-motopark.com\/en\/#website"},"primaryImageOfPage":{"@id":"https:\/\/e-motopark.com\/en\/motorbikes-for-rent\/#primaryimage"},"image":{"@id":"https:\/\/e-motopark.com\/en\/motorbikes-for-rent\/#primaryimage"},"thumbnailUrl":"https:\/\/e-motopark.com\/wp-content\/uploads\/2024\/02\/Sur-Ron-Ultra-Bee-3-3_no_bg-yellow.jpg","datePublished":"2023-12-18T11:10:55+00:00","dateModified":"2025-05-09T14:02:52+00:00","breadcrumb":{"@id":"https:\/\/e-motopark.com\/en\/motorbikes-for-rent\/#breadcrumb"},"inLanguage":"en-US","potentialAction":[{"@type":"ReadAction","target":["https:\/\/e-motopark.com\/en\/motorbikes-for-rent\/"]}]},{"@type":"ImageObject","inLanguage":"en-US","@id":"https:\/\/e-motopark.com\/en\/motorbikes-for-rent\/#primaryimage","url":"https:\/\/e-motopark.com\/wp-content\/uploads\/2024\/02\/Sur-Ron-Ultra-Bee-3-3_no_bg-yellow.jpg","contentUrl":"https:\/\/e-motopark.com\/wp-content\/uploads\/2024\/02\/Sur-Ron-Ultra-Bee-3-3_no_bg-yellow.jpg","width":1918,"height":1372},{"@type":"BreadcrumbList","@id":"https:\/\/e-motopark.com\/en\/motorbikes-for-rent\/#breadcrumb","itemListElement":[{"@type":"ListItem","position":1,"name":"Dom\u016f","item":"https:\/\/e-motopark.com\/en\/e-moto-park-shop-and-rental-of-electric-motorbikes\/"},{"@type":"ListItem","position":2,"name":"Motorbikes for rent"}]},{"@type":"WebSite","@id":"https:\/\/e-motopark.com\/en\/#website","url":"https:\/\/e-motopark.com\/en\/","name":"E-Moto Park","description":"Prodejna a p\u016fj\u010dovna elektrick\u00fdch motorek","publisher":{"@id":"https:\/\/e-motopark.com\/en\/#organization"},"potentialAction":[{"@type":"SearchAction","target":{"@type":"EntryPoint","urlTemplate":"https:\/\/e-motopark.com\/en\/?s={search_term_string}"},"query-input":{"@type":"PropertyValueSpecification","valueRequired":true,"valueName":"search_term_string"}}],"inLanguage":"en-US"},{"@type":"Organization","@id":"https:\/\/e-motopark.com\/en\/#organization","name":"E-Moto Park","url":"https:\/\/e-motopark.com\/en\/","logo":{"@type":"ImageObject","inLanguage":"en-US","@id":"https:\/\/e-motopark.com\/en\/#\/schema\/logo\/image\/","url":"https:\/\/e-motopark.com\/wp-content\/uploads\/2023\/11\/cropped-cropped-E-Moto-Park-logo.png","contentUrl":"https:\/\/e-motopark.com\/wp-content\/uploads\/2023\/11\/cropped-cropped-E-Moto-Park-logo.png","width":108,"height":50,"caption":"E-Moto Park"},"image":{"@id":"https:\/\/e-motopark.com\/en\/#\/schema\/logo\/image\/"},"sameAs":["https:\/\/www.facebook.com\/EmotoPark\/"]}]}},"_links":{"self":[{"href":"https:\/\/e-motopark.com\/en\/wp-json\/wp\/v2\/pages\/11162","targetHints":{"allow":["GET"]}}],"collection":[{"href":"https:\/\/e-motopark.com\/en\/wp-json\/wp\/v2\/pages"}],"about":[{"href":"https:\/\/e-motopark.com\/en\/wp-json\/wp\/v2\/types\/page"}],"author":[{"embeddable":true,"href":"https:\/\/e-motopark.com\/en\/wp-json\/wp\/v2\/users\/243040593"}],"replies":[{"embeddable":true,"href":"https:\/\/e-motopark.com\/en\/wp-json\/wp\/v2\/comments?post=11162"}],"version-history":[{"count":1,"href":"https:\/\/e-motopark.com\/en\/wp-json\/wp\/v2\/pages\/11162\/revisions"}],"predecessor-version":[{"id":11163,"href":"https:\/\/e-motopark.com\/en\/wp-json\/wp\/v2\/pages\/11162\/revisions\/11163"}],"wp:featuredmedia":[{"embeddable":true,"href":"https:\/\/e-motopark.com\/en\/wp-json\/wp\/v2\/media\/7573"}],"wp:attachment":[{"href":"https:\/\/e-motopark.com\/en\/wp-json\/wp\/v2\/media?parent=11162"}],"curies":[{"name":"wp","href":"https:\/\/api.w.org\/{rel}","templated":true}]}}