{"id":11186,"date":"2023-12-19T11:39:23","date_gmt":"2023-12-19T10:39:23","guid":{"rendered":"https:\/\/e-motopark.com\/service\/"},"modified":"2025-05-09T19:52:59","modified_gmt":"2025-05-09T17:52:59","slug":"service","status":"publish","type":"page","link":"https:\/\/e-motopark.com\/en\/service\/","title":{"rendered":"Service"},"content":{"rendered":"\n<div class=\"wp-block-group has-global-padding is-layout-constrained wp-container-core-group-is-layout-5f049cce wp-block-group-is-layout-constrained\" style=\"margin-top:0px\">\n<figure class=\"wp-block-image size-large\"><img decoding=\"async\" width=\"1024\" height=\"477\" src=\"https:\/\/e-motopark.com\/wp-content\/uploads\/2023\/11\/light-bee-off-road-x-gamme-1024x477.jpg\" alt=\"\" class=\"wp-image-73\" srcset=\"https:\/\/e-motopark.com\/wp-content\/uploads\/2023\/11\/light-bee-off-road-x-gamme-1024x477.jpg 1024w, https:\/\/e-motopark.com\/wp-content\/uploads\/2023\/11\/light-bee-off-road-x-gamme-600x280.jpg 600w, https:\/\/e-motopark.com\/wp-content\/uploads\/2023\/11\/light-bee-off-road-x-gamme-64x30.jpg 64w, https:\/\/e-motopark.com\/wp-content\/uploads\/2023\/11\/light-bee-off-road-x-gamme-300x140.jpg 300w, https:\/\/e-motopark.com\/wp-content\/uploads\/2023\/11\/light-bee-off-road-x-gamme-768x358.jpg 768w, https:\/\/e-motopark.com\/wp-content\/uploads\/2023\/11\/light-bee-off-road-x-gamme-1536x716.jpg 1536w, https:\/\/e-motopark.com\/wp-content\/uploads\/2023\/11\/light-bee-off-road-x-gamme-1200x559.jpg 1200w, https:\/\/e-motopark.com\/wp-content\/uploads\/2023\/11\/light-bee-off-road-x-gamme.jpg 2000w\" sizes=\"(max-width: 1024px) 100vw, 1024px\" \/><\/figure>\n\n\n<div class=\"wp-block-group alignfull has-global-padding is-layout-constrained wp-container-core-group-is-layout-e9ee6ccc wp-block-group-is-layout-constrained\" style=\"margin-top:0px;margin-bottom:0px;padding-top:var(--wp--preset--spacing--80);padding-right:var(--wp--preset--spacing--50);padding-bottom:var(--wp--preset--spacing--80);padding-left:var(--wp--preset--spacing--50)\">\n<div class=\"wp-block-group alignwide is-vertical is-content-justification-center is-layout-flex wp-container-core-group-is-layout-ce155fab wp-block-group-is-layout-flex\">\n<div class=\"wp-block-group has-global-padding is-layout-constrained wp-container-core-group-is-layout-70b4ffa6 wp-block-group-is-layout-constrained\">\n<h2 class=\"wp-block-heading has-text-align-center has-contrast-color has-text-color has-link-color has-x-large-font-size wp-elements-7b62239385b0f6e7a06640171dfa4bf6\">Service Sur-Ron \/ Talaria sting<\/h2>\n<\/div>\n<\/div>\n\n\n\n<ul class=\"wp-block-list\">\n<li><mark style=\"background-color:rgba(0, 0, 0, 0)\" class=\"has-inline-color has-secondary-color\">Centring of 1 wheel: <strong>250,-CZK<\/strong><\/mark><\/li>\n\n\n\n<li><mark style=\"background-color:rgba(0, 0, 0, 0)\" class=\"has-inline-color has-secondary-color\">Replacement of bearings on 1 wheel: <strong>250,-k\u010d<\/strong><\/mark><\/li>\n\n\n\n<li><mark style=\"background-color:rgba(0, 0, 0, 0)\" class=\"has-inline-color has-secondary-color\">Replacement of bearings on the whole bike: <strong>2.300,-CZK<\/strong><\/mark><\/li>\n\n\n\n<li><mark style=\"background-color:rgba(0, 0, 0, 0)\" class=\"has-inline-color has-secondary-color\">Chain replacement: <strong>150,-CZK<\/strong><\/mark><\/li>\n\n\n\n<li><mark style=\"background-color:rgba(0, 0, 0, 0)\" class=\"has-inline-color has-secondary-color\">Belt replacement: <strong>800,-CZK<\/strong><\/mark><\/li>\n\n\n\n<li><mark style=\"background-color:rgba(0, 0, 0, 0)\" class=\"has-inline-color has-secondary-color\">Replacement 1 tire: <strong>150-300,-k\u010d<\/strong><\/mark><\/li>\n\n\n\n<li><mark style=\"background-color:rgba(0, 0, 0, 0)\" class=\"has-inline-color has-secondary-color\">Replacement of brake pads: <strong>100,-k\u010d<\/strong> <\/mark><\/li>\n\n\n\n<li><mark style=\"background-color:rgba(0, 0, 0, 0)\" class=\"has-inline-color has-secondary-color\">Brake bleeding: <strong>400,-k\u010d<\/strong><\/mark><\/li>\n\n\n\n<li><mark style=\"background-color:rgba(0, 0, 0, 0)\" class=\"has-inline-color has-secondary-color\">Repair of cracked frame: <strong>1000-3000,-k\u010d<\/strong><\/mark><\/li>\n\n\n\n<li><mark style=\"background-color:rgba(0, 0, 0, 0)\" class=\"has-inline-color has-secondary-color\">Assembly of parts from the E-shop: <strong>by appointment<\/strong><\/mark><\/li>\n\n\n\n<li><mark style=\"background-color:rgba(0, 0, 0, 0)\" class=\"has-inline-color has-secondary-color\">The prices are for labour only, material is not included.<\/mark><\/li>\n<\/ul>\n<\/div>\n\n\n\n<div class=\"wp-block-group alignfull has-global-padding is-layout-constrained wp-container-core-group-is-layout-a5588b2a wp-block-group-is-layout-constrained\" style=\"padding-top:var(--wp--preset--spacing--70);padding-right:var(--wp--preset--spacing--50);padding-bottom:var(--wp--preset--spacing--70);padding-left:var(--wp--preset--spacing--50)\">\n<figure class=\"wp-block-gallery alignwide has-nested-images columns-default is-cropped wp-block-gallery-1 is-layout-flex wp-block-gallery-is-layout-flex\">\n<figure class=\"wp-block-image size-full is-style-default\"><a href=\"https:\/\/e-motopark.com\/wp-content\/uploads\/2024\/04\/y8gXP7KQ.jpg\"><img decoding=\"async\" width=\"750\" height=\"1334\" data-id=\"5226\" src=\"https:\/\/e-motopark.com\/wp-content\/uploads\/2024\/04\/y8gXP7KQ.jpg\" alt=\"\" class=\"wp-image-5226\" srcset=\"https:\/\/e-motopark.com\/wp-content\/uploads\/2024\/04\/y8gXP7KQ.jpg 750w, https:\/\/e-motopark.com\/wp-content\/uploads\/2024\/04\/y8gXP7KQ-600x1067.jpg 600w, https:\/\/e-motopark.com\/wp-content\/uploads\/2024\/04\/y8gXP7KQ-64x114.jpg 64w, https:\/\/e-motopark.com\/wp-content\/uploads\/2024\/04\/y8gXP7KQ-169x300.jpg 169w, https:\/\/e-motopark.com\/wp-content\/uploads\/2024\/04\/y8gXP7KQ-576x1024.jpg 576w\" sizes=\"(max-width: 750px) 100vw, 750px\" \/><\/a><\/figure>\n\n\n<figure class=\"wp-block-image size-full\"><a href=\"https:\/\/e-motopark.com\/wp-content\/uploads\/2024\/04\/423147473_1398585684364564_2976564785138109227_n.jpg\"><img decoding=\"async\" width=\"2048\" height=\"1536\" data-id=\"5227\" src=\"https:\/\/e-motopark.com\/wp-content\/uploads\/2024\/04\/423147473_1398585684364564_2976564785138109227_n.jpg\" alt=\"Sur-Ron Ultra Bee assembly\" class=\"wp-image-5227\" srcset=\"https:\/\/e-motopark.com\/wp-content\/uploads\/2024\/04\/423147473_1398585684364564_2976564785138109227_n.jpg 2048w, https:\/\/e-motopark.com\/wp-content\/uploads\/2024\/04\/423147473_1398585684364564_2976564785138109227_n-600x450.jpg 600w, https:\/\/e-motopark.com\/wp-content\/uploads\/2024\/04\/423147473_1398585684364564_2976564785138109227_n-64x48.jpg 64w, https:\/\/e-motopark.com\/wp-content\/uploads\/2024\/04\/423147473_1398585684364564_2976564785138109227_n-300x225.jpg 300w, https:\/\/e-motopark.com\/wp-content\/uploads\/2024\/04\/423147473_1398585684364564_2976564785138109227_n-768x576.jpg 768w, https:\/\/e-motopark.com\/wp-content\/uploads\/2024\/04\/423147473_1398585684364564_2976564785138109227_n-1024x768.jpg 1024w, https:\/\/e-motopark.com\/wp-content\/uploads\/2024\/04\/423147473_1398585684364564_2976564785138109227_n-1536x1152.jpg 1536w, https:\/\/e-motopark.com\/wp-content\/uploads\/2024\/04\/423147473_1398585684364564_2976564785138109227_n-1200x900.jpg 1200w, https:\/\/e-motopark.com\/wp-content\/uploads\/2024\/04\/423147473_1398585684364564_2976564785138109227_n-800x600.jpg 800w, https:\/\/e-motopark.com\/wp-content\/uploads\/2024\/04\/423147473_1398585684364564_2976564785138109227_n-400x300.jpg 400w, https:\/\/e-motopark.com\/wp-content\/uploads\/2024\/04\/423147473_1398585684364564_2976564785138109227_n-200x150.jpg 200w, https:\/\/e-motopark.com\/wp-content\/uploads\/2024\/04\/423147473_1398585684364564_2976564785138109227_n-1320x990.jpg 1320w\" sizes=\"(max-width: 2048px) 100vw, 2048px\" \/><\/a><\/figure>\n\n\n<figure class=\"wp-block-image size-full\"><a href=\"https:\/\/e-motopark.com\/wp-content\/uploads\/2024\/04\/295059169_2901865026773236_8681609101117982565_n.jpg\"><img decoding=\"async\" width=\"1536\" height=\"2048\" data-id=\"5228\" src=\"https:\/\/e-motopark.com\/wp-content\/uploads\/2024\/04\/295059169_2901865026773236_8681609101117982565_n.jpg\" alt=\"Installing a new battery\" class=\"wp-image-5228\" srcset=\"https:\/\/e-motopark.com\/wp-content\/uploads\/2024\/04\/295059169_2901865026773236_8681609101117982565_n.jpg 1536w, https:\/\/e-motopark.com\/wp-content\/uploads\/2024\/04\/295059169_2901865026773236_8681609101117982565_n-600x800.jpg 600w, https:\/\/e-motopark.com\/wp-content\/uploads\/2024\/04\/295059169_2901865026773236_8681609101117982565_n-64x85.jpg 64w, https:\/\/e-motopark.com\/wp-content\/uploads\/2024\/04\/295059169_2901865026773236_8681609101117982565_n-225x300.jpg 225w, https:\/\/e-motopark.com\/wp-content\/uploads\/2024\/04\/295059169_2901865026773236_8681609101117982565_n-768x1024.jpg 768w, https:\/\/e-motopark.com\/wp-content\/uploads\/2024\/04\/295059169_2901865026773236_8681609101117982565_n-1152x1536.jpg 1152w, https:\/\/e-motopark.com\/wp-content\/uploads\/2024\/04\/295059169_2901865026773236_8681609101117982565_n-900x1200.jpg 900w, https:\/\/e-motopark.com\/wp-content\/uploads\/2024\/04\/295059169_2901865026773236_8681609101117982565_n-450x600.jpg 450w, https:\/\/e-motopark.com\/wp-content\/uploads\/2024\/04\/295059169_2901865026773236_8681609101117982565_n-300x400.jpg 300w, https:\/\/e-motopark.com\/wp-content\/uploads\/2024\/04\/295059169_2901865026773236_8681609101117982565_n-150x200.jpg 150w, https:\/\/e-motopark.com\/wp-content\/uploads\/2024\/04\/295059169_2901865026773236_8681609101117982565_n-1200x1600.jpg 1200w, https:\/\/e-motopark.com\/wp-content\/uploads\/2024\/04\/295059169_2901865026773236_8681609101117982565_n-1320x1760.jpg 1320w\" sizes=\"(max-width: 1536px) 100vw, 1536px\" \/><\/a><\/figure>\n\n\n<figure class=\"wp-block-image size-full\"><a href=\"https:\/\/e-motopark.com\/wp-content\/uploads\/2023\/12\/Nepojmenovane_edited.jpg\"><img decoding=\"async\" width=\"1168\" height=\"1599\" data-id=\"4980\" src=\"https:\/\/e-motopark.com\/wp-content\/uploads\/2023\/12\/Nepojmenovane_edited.jpg\" alt=\"Changing a tyre\" class=\"wp-image-4980\" srcset=\"https:\/\/e-motopark.com\/wp-content\/uploads\/2023\/12\/Nepojmenovane_edited.jpg 1168w, https:\/\/e-motopark.com\/wp-content\/uploads\/2023\/12\/Nepojmenovane_edited-600x821.jpg 600w, https:\/\/e-motopark.com\/wp-content\/uploads\/2023\/12\/Nepojmenovane_edited-64x88.jpg 64w, https:\/\/e-motopark.com\/wp-content\/uploads\/2023\/12\/Nepojmenovane_edited-219x300.jpg 219w, https:\/\/e-motopark.com\/wp-content\/uploads\/2023\/12\/Nepojmenovane_edited-768x1051.jpg 768w, https:\/\/e-motopark.com\/wp-content\/uploads\/2023\/12\/Nepojmenovane_edited-748x1024.jpg 748w, https:\/\/e-motopark.com\/wp-content\/uploads\/2023\/12\/Nepojmenovane_edited-1122x1536.jpg 1122w\" sizes=\"(max-width: 1168px) 100vw, 1168px\" \/><\/a><\/figure>\n\n\n<figure class=\"wp-block-image size-full\"><a href=\"https:\/\/e-motopark.com\/wp-content\/uploads\/2023\/12\/Kontroler-EMP-12-16kW-E-Moto-Park8.jpg\"><img decoding=\"async\" width=\"408\" height=\"658\" data-id=\"3392\" src=\"https:\/\/e-motopark.com\/wp-content\/uploads\/2023\/12\/Kontroler-EMP-12-16kW-E-Moto-Park8.jpg\" alt=\"Installation of the new controller\" class=\"wp-image-3392\" srcset=\"https:\/\/e-motopark.com\/wp-content\/uploads\/2023\/12\/Kontroler-EMP-12-16kW-E-Moto-Park8.jpg 408w, https:\/\/e-motopark.com\/wp-content\/uploads\/2023\/12\/Kontroler-EMP-12-16kW-E-Moto-Park8-64x103.jpg 64w, https:\/\/e-motopark.com\/wp-content\/uploads\/2023\/12\/Kontroler-EMP-12-16kW-E-Moto-Park8-186x300.jpg 186w\" sizes=\"(max-width: 408px) 100vw, 408px\" \/><\/a><\/figure>\n\n\n<figure class=\"wp-block-image size-full\"><a href=\"https:\/\/e-motopark.com\/wp-content\/uploads\/2023\/12\/Servis-sur-ron-light-bee-E-Moto-Park7.jpg\"><img decoding=\"async\" width=\"488\" height=\"655\" data-id=\"3404\" src=\"https:\/\/e-motopark.com\/wp-content\/uploads\/2023\/12\/Servis-sur-ron-light-bee-E-Moto-Park7.jpg\" alt=\"Repair and welding of bent\/cracked Sur-Ron Light Bee frame\" class=\"wp-image-3404\" srcset=\"https:\/\/e-motopark.com\/wp-content\/uploads\/2023\/12\/Servis-sur-ron-light-bee-E-Moto-Park7.jpg 488w, https:\/\/e-motopark.com\/wp-content\/uploads\/2023\/12\/Servis-sur-ron-light-bee-E-Moto-Park7-64x86.jpg 64w, https:\/\/e-motopark.com\/wp-content\/uploads\/2023\/12\/Servis-sur-ron-light-bee-E-Moto-Park7-224x300.jpg 224w, https:\/\/e-motopark.com\/wp-content\/uploads\/2023\/12\/Servis-sur-ron-light-bee-E-Moto-Park7-150x200.jpg 150w\" sizes=\"(max-width: 488px) 100vw, 488px\" \/><\/a><\/figure><\/figure>\n<\/div>\n<\/div>\n","protected":false},"excerpt":{"rendered":"<p>Service Sur-Ron \/ Talaria sting<\/p>\n","protected":false},"author":243040593,"featured_media":7573,"parent":0,"menu_order":0,"comment_status":"closed","ping_status":"closed","template":"wp-custom-template-servis","meta":{"footnotes":""},"class_list":["post-11186","page","type-page","status-publish","has-post-thumbnail","hentry"],"yoast_head":"<!-- This site is optimized with the Yoast SEO Premium plugin v27.4 (Yoast SEO v27.5) - https:\/\/yoast.com\/product\/yoast-seo-premium-wordpress\/ -->\n<title>Service - E-Moto Park<\/title>\n<meta name=\"robots\" content=\"index, follow, max-snippet:-1, max-image-preview:large, max-video-preview:-1\" \/>\n<link rel=\"canonical\" href=\"https:\/\/e-motopark.com\/en\/service\/\" \/>\n<meta property=\"og:locale\" content=\"en_US\" \/>\n<meta property=\"og:type\" content=\"article\" \/>\n<meta property=\"og:title\" content=\"Service\" \/>\n<meta property=\"og:description\" content=\"Service Sur-Ron \/ Talaria sting\" \/>\n<meta property=\"og:url\" content=\"https:\/\/e-motopark.com\/en\/service\/\" \/>\n<meta property=\"og:site_name\" content=\"E-Moto Park\" \/>\n<meta property=\"article:publisher\" content=\"https:\/\/www.facebook.com\/EmotoPark\/\" \/>\n<meta property=\"article:modified_time\" content=\"2025-05-09T17:52:59+00:00\" \/>\n<meta property=\"og:image\" content=\"https:\/\/e-motopark.com\/wp-content\/uploads\/2024\/02\/Sur-Ron-Ultra-Bee-3-3_no_bg-yellow.jpg\" \/>\n\t<meta property=\"og:image:width\" content=\"1918\" \/>\n\t<meta property=\"og:image:height\" content=\"1372\" \/>\n\t<meta property=\"og:image:type\" content=\"image\/jpeg\" \/>\n<meta name=\"twitter:card\" content=\"summary_large_image\" \/>\n<script type=\"application\/ld+json\" class=\"yoast-schema-graph\">{\"@context\":\"https:\\\/\\\/schema.org\",\"@graph\":[{\"@type\":\"WebPage\",\"@id\":\"https:\\\/\\\/e-motopark.com\\\/en\\\/service\\\/\",\"url\":\"https:\\\/\\\/e-motopark.com\\\/en\\\/service\\\/\",\"name\":\"Service - E-Moto Park\",\"isPartOf\":{\"@id\":\"https:\\\/\\\/e-motopark.com\\\/en\\\/#website\"},\"primaryImageOfPage\":{\"@id\":\"https:\\\/\\\/e-motopark.com\\\/en\\\/service\\\/#primaryimage\"},\"image\":{\"@id\":\"https:\\\/\\\/e-motopark.com\\\/en\\\/service\\\/#primaryimage\"},\"thumbnailUrl\":\"https:\\\/\\\/e-motopark.com\\\/wp-content\\\/uploads\\\/2024\\\/02\\\/Sur-Ron-Ultra-Bee-3-3_no_bg-yellow.jpg\",\"datePublished\":\"2023-12-19T10:39:23+00:00\",\"dateModified\":\"2025-05-09T17:52:59+00:00\",\"breadcrumb\":{\"@id\":\"https:\\\/\\\/e-motopark.com\\\/en\\\/service\\\/#breadcrumb\"},\"inLanguage\":\"en-US\",\"potentialAction\":[{\"@type\":\"ReadAction\",\"target\":[\"https:\\\/\\\/e-motopark.com\\\/en\\\/service\\\/\"]}]},{\"@type\":\"ImageObject\",\"inLanguage\":\"en-US\",\"@id\":\"https:\\\/\\\/e-motopark.com\\\/en\\\/service\\\/#primaryimage\",\"url\":\"https:\\\/\\\/e-motopark.com\\\/wp-content\\\/uploads\\\/2024\\\/02\\\/Sur-Ron-Ultra-Bee-3-3_no_bg-yellow.jpg\",\"contentUrl\":\"https:\\\/\\\/e-motopark.com\\\/wp-content\\\/uploads\\\/2024\\\/02\\\/Sur-Ron-Ultra-Bee-3-3_no_bg-yellow.jpg\",\"width\":1918,\"height\":1372},{\"@type\":\"BreadcrumbList\",\"@id\":\"https:\\\/\\\/e-motopark.com\\\/en\\\/service\\\/#breadcrumb\",\"itemListElement\":[{\"@type\":\"ListItem\",\"position\":1,\"name\":\"Dom\u016f\",\"item\":\"https:\\\/\\\/e-motopark.com\\\/en\\\/e-moto-park-shop-and-rental-of-electric-motorbikes\\\/\"},{\"@type\":\"ListItem\",\"position\":2,\"name\":\"Service\"}]},{\"@type\":\"WebSite\",\"@id\":\"https:\\\/\\\/e-motopark.com\\\/en\\\/#website\",\"url\":\"https:\\\/\\\/e-motopark.com\\\/en\\\/\",\"name\":\"E-Moto Park\",\"description\":\"Prodejna a p\u016fj\u010dovna elektrick\u00fdch motorek\",\"publisher\":{\"@id\":\"https:\\\/\\\/e-motopark.com\\\/en\\\/#organization\"},\"potentialAction\":[{\"@type\":\"SearchAction\",\"target\":{\"@type\":\"EntryPoint\",\"urlTemplate\":\"https:\\\/\\\/e-motopark.com\\\/en\\\/?s={search_term_string}\"},\"query-input\":{\"@type\":\"PropertyValueSpecification\",\"valueRequired\":true,\"valueName\":\"search_term_string\"}}],\"inLanguage\":\"en-US\"},{\"@type\":\"Organization\",\"@id\":\"https:\\\/\\\/e-motopark.com\\\/en\\\/#organization\",\"name\":\"E-Moto Park\",\"url\":\"https:\\\/\\\/e-motopark.com\\\/en\\\/\",\"logo\":{\"@type\":\"ImageObject\",\"inLanguage\":\"en-US\",\"@id\":\"https:\\\/\\\/e-motopark.com\\\/en\\\/#\\\/schema\\\/logo\\\/image\\\/\",\"url\":\"https:\\\/\\\/e-motopark.com\\\/wp-content\\\/uploads\\\/2023\\\/11\\\/cropped-cropped-E-Moto-Park-logo.png\",\"contentUrl\":\"https:\\\/\\\/e-motopark.com\\\/wp-content\\\/uploads\\\/2023\\\/11\\\/cropped-cropped-E-Moto-Park-logo.png\",\"width\":108,\"height\":50,\"caption\":\"E-Moto Park\"},\"image\":{\"@id\":\"https:\\\/\\\/e-motopark.com\\\/en\\\/#\\\/schema\\\/logo\\\/image\\\/\"},\"sameAs\":[\"https:\\\/\\\/www.facebook.com\\\/EmotoPark\\\/\"]}]}<\/script>\n<!-- \/ Yoast SEO Premium plugin. -->","yoast_head_json":{"title":"Service - E-Moto Park","robots":{"index":"index","follow":"follow","max-snippet":"max-snippet:-1","max-image-preview":"max-image-preview:large","max-video-preview":"max-video-preview:-1"},"canonical":"https:\/\/e-motopark.com\/en\/service\/","og_locale":"en_US","og_type":"article","og_title":"Service","og_description":"Service Sur-Ron \/ Talaria sting","og_url":"https:\/\/e-motopark.com\/en\/service\/","og_site_name":"E-Moto Park","article_publisher":"https:\/\/www.facebook.com\/EmotoPark\/","article_modified_time":"2025-05-09T17:52:59+00:00","og_image":[{"width":1918,"height":1372,"url":"https:\/\/e-motopark.com\/wp-content\/uploads\/2024\/02\/Sur-Ron-Ultra-Bee-3-3_no_bg-yellow.jpg","type":"image\/jpeg"}],"twitter_card":"summary_large_image","schema":{"@context":"https:\/\/schema.org","@graph":[{"@type":"WebPage","@id":"https:\/\/e-motopark.com\/en\/service\/","url":"https:\/\/e-motopark.com\/en\/service\/","name":"Service - E-Moto Park","isPartOf":{"@id":"https:\/\/e-motopark.com\/en\/#website"},"primaryImageOfPage":{"@id":"https:\/\/e-motopark.com\/en\/service\/#primaryimage"},"image":{"@id":"https:\/\/e-motopark.com\/en\/service\/#primaryimage"},"thumbnailUrl":"https:\/\/e-motopark.com\/wp-content\/uploads\/2024\/02\/Sur-Ron-Ultra-Bee-3-3_no_bg-yellow.jpg","datePublished":"2023-12-19T10:39:23+00:00","dateModified":"2025-05-09T17:52:59+00:00","breadcrumb":{"@id":"https:\/\/e-motopark.com\/en\/service\/#breadcrumb"},"inLanguage":"en-US","potentialAction":[{"@type":"ReadAction","target":["https:\/\/e-motopark.com\/en\/service\/"]}]},{"@type":"ImageObject","inLanguage":"en-US","@id":"https:\/\/e-motopark.com\/en\/service\/#primaryimage","url":"https:\/\/e-motopark.com\/wp-content\/uploads\/2024\/02\/Sur-Ron-Ultra-Bee-3-3_no_bg-yellow.jpg","contentUrl":"https:\/\/e-motopark.com\/wp-content\/uploads\/2024\/02\/Sur-Ron-Ultra-Bee-3-3_no_bg-yellow.jpg","width":1918,"height":1372},{"@type":"BreadcrumbList","@id":"https:\/\/e-motopark.com\/en\/service\/#breadcrumb","itemListElement":[{"@type":"ListItem","position":1,"name":"Dom\u016f","item":"https:\/\/e-motopark.com\/en\/e-moto-park-shop-and-rental-of-electric-motorbikes\/"},{"@type":"ListItem","position":2,"name":"Service"}]},{"@type":"WebSite","@id":"https:\/\/e-motopark.com\/en\/#website","url":"https:\/\/e-motopark.com\/en\/","name":"E-Moto Park","description":"Prodejna a p\u016fj\u010dovna elektrick\u00fdch motorek","publisher":{"@id":"https:\/\/e-motopark.com\/en\/#organization"},"potentialAction":[{"@type":"SearchAction","target":{"@type":"EntryPoint","urlTemplate":"https:\/\/e-motopark.com\/en\/?s={search_term_string}"},"query-input":{"@type":"PropertyValueSpecification","valueRequired":true,"valueName":"search_term_string"}}],"inLanguage":"en-US"},{"@type":"Organization","@id":"https:\/\/e-motopark.com\/en\/#organization","name":"E-Moto Park","url":"https:\/\/e-motopark.com\/en\/","logo":{"@type":"ImageObject","inLanguage":"en-US","@id":"https:\/\/e-motopark.com\/en\/#\/schema\/logo\/image\/","url":"https:\/\/e-motopark.com\/wp-content\/uploads\/2023\/11\/cropped-cropped-E-Moto-Park-logo.png","contentUrl":"https:\/\/e-motopark.com\/wp-content\/uploads\/2023\/11\/cropped-cropped-E-Moto-Park-logo.png","width":108,"height":50,"caption":"E-Moto Park"},"image":{"@id":"https:\/\/e-motopark.com\/en\/#\/schema\/logo\/image\/"},"sameAs":["https:\/\/www.facebook.com\/EmotoPark\/"]}]}},"_links":{"self":[{"href":"https:\/\/e-motopark.com\/en\/wp-json\/wp\/v2\/pages\/11186","targetHints":{"allow":["GET"]}}],"collection":[{"href":"https:\/\/e-motopark.com\/en\/wp-json\/wp\/v2\/pages"}],"about":[{"href":"https:\/\/e-motopark.com\/en\/wp-json\/wp\/v2\/types\/page"}],"author":[{"embeddable":true,"href":"https:\/\/e-motopark.com\/en\/wp-json\/wp\/v2\/users\/243040593"}],"replies":[{"embeddable":true,"href":"https:\/\/e-motopark.com\/en\/wp-json\/wp\/v2\/comments?post=11186"}],"version-history":[{"count":1,"href":"https:\/\/e-motopark.com\/en\/wp-json\/wp\/v2\/pages\/11186\/revisions"}],"predecessor-version":[{"id":11187,"href":"https:\/\/e-motopark.com\/en\/wp-json\/wp\/v2\/pages\/11186\/revisions\/11187"}],"wp:featuredmedia":[{"embeddable":true,"href":"https:\/\/e-motopark.com\/en\/wp-json\/wp\/v2\/media\/7573"}],"wp:attachment":[{"href":"https:\/\/e-motopark.com\/en\/wp-json\/wp\/v2\/media?parent=11186"}],"curies":[{"name":"wp","href":"https:\/\/api.w.org\/{rel}","templated":true}]}}