{"id":11592,"date":"2025-09-01T10:57:13","date_gmt":"2025-09-01T08:57:13","guid":{"rendered":"https:\/\/e-motopark.com\/?page_id=11592"},"modified":"2026-01-05T13:10:20","modified_gmt":"2026-01-05T12:10:20","slug":"shipping-and-payment","status":"publish","type":"page","link":"https:\/\/e-motopark.com\/en\/shipping-and-payment\/","title":{"rendered":"Shipping and Payment"},"content":{"rendered":"<div class=\"shipping-payment-page\">\n<h1>Shipping and Payment<\/h1>\n<p>In the E-Moto Park online store, we offer fast and reliable shipping options and various payment methods.<br \/>\nItems in stock are usually shipped the next business day, delivery is available throughout the Czech Republic,<br \/>\nand with selected payment methods you can also receive a <strong>special discount<\/strong>.<\/p>\n<h2>Payment Options<\/h2>\n<ul>\n<li><strong>Cash on Delivery<\/strong> \u2013 pay when receiving the parcel at the pick-up point or from the courier.<\/li>\n<li><strong>Bank Transfer \/ QR Payment (Czech and Slovak republic only)<\/strong>\u00a0\u2013 after placing your order, you will receive the details for the bank transfer.<br \/>\nOnce the payment is credited to our account, the parcel will be shipped.<br \/>\n<em>With this payment method you can get a <strong>2% discount on your order<\/strong>. The discount does not apply to electric motorcycles and scooters.<\/em><\/li>\n<li><strong>Online Card Payment<\/strong> \u2013 fast and secure online card payment.<\/li>\n<li><strong>Essox \u2013 Purchase on Installments<\/strong> (from CZK 3,000 and above and only in Czech Republic). <a style=\"text-decoration: underline;\" href=\"https:\/\/e-motopark.com\/nakup-na-splatky-essox-bez-registrace\/\">More information about installment purchase<\/a><\/li>\n<li><strong>Essox \u2013 Split Payment<\/strong> (from CZK 2,000 to CZK 30,000 and only in Czech Republic). <a style=\"text-decoration: underline;\" href=\"https:\/\/e-motopark.com\/postup-nakupu-pri-vyuziti-rozlozene-platby-essox\/\">More information about split payment<\/a><\/li>\n<li><strong>Personal Pickup<\/strong> \u2013 items can be collected and paid in cash at the company\u2019s premises.<\/li>\n<\/ul>\n<p><strong>Notice:<\/strong> Czech customers are required to pay in CZK. Foreign customers must pay their orders in EUR.<\/p>\n<h2>Delivery Conditions<\/h2>\n<ul>\n<li>The delivery time depends on the availability of the goods.<\/li>\n<li>Items in stock are usually shipped the <strong>next business day<\/strong>.<\/li>\n<li>The standard delivery time is <strong>up to 10 days<\/strong> from order confirmation.<\/li>\n<li>We provide delivery <strong>throughout the Czech Republic<\/strong> via courier service.<\/li>\n<li><strong>Personal pickup<\/strong> is possible at our premises or through selected dealers.<\/li>\n<li>Each shipment includes a <strong>tax document<\/strong>.<\/li>\n<\/ul>\n<\/div>\n","protected":false},"excerpt":{"rendered":"<p>Shipping and Payment In the E-Moto Park online store, we offer fast and reliable shipping options and various payment methods. Items in stock are usually shipped the next business day, delivery is available throughout the Czech Republic, and with selected payment methods you can also receive a special discount. Payment Options Cash on Delivery \u2013 [&hellip;]<\/p>\n","protected":false},"author":243040609,"featured_media":0,"parent":0,"menu_order":0,"comment_status":"closed","ping_status":"closed","template":"blank","meta":{"footnotes":""},"class_list":["post-11592","page","type-page","status-publish","hentry"],"yoast_head":"<!-- This site is optimized with the Yoast SEO Premium plugin v27.4 (Yoast SEO v27.4) - https:\/\/yoast.com\/product\/yoast-seo-premium-wordpress\/ -->\n<title>Shipping and Payment - E-Moto Park<\/title>\n<meta name=\"robots\" content=\"index, follow, max-snippet:-1, max-image-preview:large, max-video-preview:-1\" \/>\n<link rel=\"canonical\" href=\"https:\/\/e-motopark.com\/en\/shipping-and-payment\/\" \/>\n<meta property=\"og:locale\" content=\"en_US\" \/>\n<meta property=\"og:type\" content=\"article\" \/>\n<meta property=\"og:title\" content=\"Shipping and Payment\" \/>\n<meta property=\"og:description\" content=\"Shipping and Payment In the E-Moto Park online store, we offer fast and reliable shipping options and various payment methods. Items in stock are usually shipped the next business day, delivery is available throughout the Czech Republic, and with selected payment methods you can also receive a special discount. Payment Options Cash on Delivery \u2013 [&hellip;]\" \/>\n<meta property=\"og:url\" content=\"https:\/\/e-motopark.com\/en\/shipping-and-payment\/\" \/>\n<meta property=\"og:site_name\" content=\"E-Moto Park\" \/>\n<meta property=\"article:publisher\" content=\"https:\/\/www.facebook.com\/EmotoPark\/\" \/>\n<meta property=\"article:modified_time\" content=\"2026-01-05T12:10:20+00:00\" \/>\n<meta name=\"twitter:card\" content=\"summary_large_image\" \/>\n<meta name=\"twitter:label1\" content=\"Est. reading time\" \/>\n\t<meta name=\"twitter:data1\" content=\"2 minutes\" \/>\n<script type=\"application\/ld+json\" class=\"yoast-schema-graph\">{\"@context\":\"https:\\\/\\\/schema.org\",\"@graph\":[{\"@type\":\"WebPage\",\"@id\":\"https:\\\/\\\/e-motopark.com\\\/en\\\/shipping-and-payment\\\/\",\"url\":\"https:\\\/\\\/e-motopark.com\\\/en\\\/shipping-and-payment\\\/\",\"name\":\"Shipping and Payment - E-Moto Park\",\"isPartOf\":{\"@id\":\"https:\\\/\\\/e-motopark.com\\\/en\\\/#website\"},\"datePublished\":\"2025-09-01T08:57:13+00:00\",\"dateModified\":\"2026-01-05T12:10:20+00:00\",\"breadcrumb\":{\"@id\":\"https:\\\/\\\/e-motopark.com\\\/en\\\/shipping-and-payment\\\/#breadcrumb\"},\"inLanguage\":\"en-US\",\"potentialAction\":[{\"@type\":\"ReadAction\",\"target\":[\"https:\\\/\\\/e-motopark.com\\\/en\\\/shipping-and-payment\\\/\"]}]},{\"@type\":\"BreadcrumbList\",\"@id\":\"https:\\\/\\\/e-motopark.com\\\/en\\\/shipping-and-payment\\\/#breadcrumb\",\"itemListElement\":[{\"@type\":\"ListItem\",\"position\":1,\"name\":\"Dom\u016f\",\"item\":\"https:\\\/\\\/e-motopark.com\\\/en\\\/e-moto-park-shop-and-rental-of-electric-motorbikes\\\/\"},{\"@type\":\"ListItem\",\"position\":2,\"name\":\"Shipping and Payment\"}]},{\"@type\":\"WebSite\",\"@id\":\"https:\\\/\\\/e-motopark.com\\\/en\\\/#website\",\"url\":\"https:\\\/\\\/e-motopark.com\\\/en\\\/\",\"name\":\"E-Moto Park\",\"description\":\"Prodejna a p\u016fj\u010dovna elektrick\u00fdch motorek\",\"publisher\":{\"@id\":\"https:\\\/\\\/e-motopark.com\\\/en\\\/#organization\"},\"potentialAction\":[{\"@type\":\"SearchAction\",\"target\":{\"@type\":\"EntryPoint\",\"urlTemplate\":\"https:\\\/\\\/e-motopark.com\\\/en\\\/?s={search_term_string}\"},\"query-input\":{\"@type\":\"PropertyValueSpecification\",\"valueRequired\":true,\"valueName\":\"search_term_string\"}}],\"inLanguage\":\"en-US\"},{\"@type\":\"Organization\",\"@id\":\"https:\\\/\\\/e-motopark.com\\\/en\\\/#organization\",\"name\":\"E-Moto Park\",\"url\":\"https:\\\/\\\/e-motopark.com\\\/en\\\/\",\"logo\":{\"@type\":\"ImageObject\",\"inLanguage\":\"en-US\",\"@id\":\"https:\\\/\\\/e-motopark.com\\\/en\\\/#\\\/schema\\\/logo\\\/image\\\/\",\"url\":\"https:\\\/\\\/e-motopark.com\\\/wp-content\\\/uploads\\\/2023\\\/11\\\/cropped-cropped-E-Moto-Park-logo.png\",\"contentUrl\":\"https:\\\/\\\/e-motopark.com\\\/wp-content\\\/uploads\\\/2023\\\/11\\\/cropped-cropped-E-Moto-Park-logo.png\",\"width\":108,\"height\":50,\"caption\":\"E-Moto Park\"},\"image\":{\"@id\":\"https:\\\/\\\/e-motopark.com\\\/en\\\/#\\\/schema\\\/logo\\\/image\\\/\"},\"sameAs\":[\"https:\\\/\\\/www.facebook.com\\\/EmotoPark\\\/\"]}]}<\/script>\n<!-- \/ Yoast SEO Premium plugin. -->","yoast_head_json":{"title":"Shipping and Payment - E-Moto Park","robots":{"index":"index","follow":"follow","max-snippet":"max-snippet:-1","max-image-preview":"max-image-preview:large","max-video-preview":"max-video-preview:-1"},"canonical":"https:\/\/e-motopark.com\/en\/shipping-and-payment\/","og_locale":"en_US","og_type":"article","og_title":"Shipping and Payment","og_description":"Shipping and Payment In the E-Moto Park online store, we offer fast and reliable shipping options and various payment methods. Items in stock are usually shipped the next business day, delivery is available throughout the Czech Republic, and with selected payment methods you can also receive a special discount. Payment Options Cash on Delivery \u2013 [&hellip;]","og_url":"https:\/\/e-motopark.com\/en\/shipping-and-payment\/","og_site_name":"E-Moto Park","article_publisher":"https:\/\/www.facebook.com\/EmotoPark\/","article_modified_time":"2026-01-05T12:10:20+00:00","twitter_card":"summary_large_image","twitter_misc":{"Est. reading time":"2 minutes"},"schema":{"@context":"https:\/\/schema.org","@graph":[{"@type":"WebPage","@id":"https:\/\/e-motopark.com\/en\/shipping-and-payment\/","url":"https:\/\/e-motopark.com\/en\/shipping-and-payment\/","name":"Shipping and Payment - E-Moto Park","isPartOf":{"@id":"https:\/\/e-motopark.com\/en\/#website"},"datePublished":"2025-09-01T08:57:13+00:00","dateModified":"2026-01-05T12:10:20+00:00","breadcrumb":{"@id":"https:\/\/e-motopark.com\/en\/shipping-and-payment\/#breadcrumb"},"inLanguage":"en-US","potentialAction":[{"@type":"ReadAction","target":["https:\/\/e-motopark.com\/en\/shipping-and-payment\/"]}]},{"@type":"BreadcrumbList","@id":"https:\/\/e-motopark.com\/en\/shipping-and-payment\/#breadcrumb","itemListElement":[{"@type":"ListItem","position":1,"name":"Dom\u016f","item":"https:\/\/e-motopark.com\/en\/e-moto-park-shop-and-rental-of-electric-motorbikes\/"},{"@type":"ListItem","position":2,"name":"Shipping and Payment"}]},{"@type":"WebSite","@id":"https:\/\/e-motopark.com\/en\/#website","url":"https:\/\/e-motopark.com\/en\/","name":"E-Moto Park","description":"Prodejna a p\u016fj\u010dovna elektrick\u00fdch motorek","publisher":{"@id":"https:\/\/e-motopark.com\/en\/#organization"},"potentialAction":[{"@type":"SearchAction","target":{"@type":"EntryPoint","urlTemplate":"https:\/\/e-motopark.com\/en\/?s={search_term_string}"},"query-input":{"@type":"PropertyValueSpecification","valueRequired":true,"valueName":"search_term_string"}}],"inLanguage":"en-US"},{"@type":"Organization","@id":"https:\/\/e-motopark.com\/en\/#organization","name":"E-Moto Park","url":"https:\/\/e-motopark.com\/en\/","logo":{"@type":"ImageObject","inLanguage":"en-US","@id":"https:\/\/e-motopark.com\/en\/#\/schema\/logo\/image\/","url":"https:\/\/e-motopark.com\/wp-content\/uploads\/2023\/11\/cropped-cropped-E-Moto-Park-logo.png","contentUrl":"https:\/\/e-motopark.com\/wp-content\/uploads\/2023\/11\/cropped-cropped-E-Moto-Park-logo.png","width":108,"height":50,"caption":"E-Moto Park"},"image":{"@id":"https:\/\/e-motopark.com\/en\/#\/schema\/logo\/image\/"},"sameAs":["https:\/\/www.facebook.com\/EmotoPark\/"]}]}},"_links":{"self":[{"href":"https:\/\/e-motopark.com\/en\/wp-json\/wp\/v2\/pages\/11592","targetHints":{"allow":["GET"]}}],"collection":[{"href":"https:\/\/e-motopark.com\/en\/wp-json\/wp\/v2\/pages"}],"about":[{"href":"https:\/\/e-motopark.com\/en\/wp-json\/wp\/v2\/types\/page"}],"author":[{"embeddable":true,"href":"https:\/\/e-motopark.com\/en\/wp-json\/wp\/v2\/users\/243040609"}],"replies":[{"embeddable":true,"href":"https:\/\/e-motopark.com\/en\/wp-json\/wp\/v2\/comments?post=11592"}],"version-history":[{"count":3,"href":"https:\/\/e-motopark.com\/en\/wp-json\/wp\/v2\/pages\/11592\/revisions"}],"predecessor-version":[{"id":17969,"href":"https:\/\/e-motopark.com\/en\/wp-json\/wp\/v2\/pages\/11592\/revisions\/17969"}],"wp:attachment":[{"href":"https:\/\/e-motopark.com\/en\/wp-json\/wp\/v2\/media?parent=11592"}],"curies":[{"name":"wp","href":"https:\/\/api.w.org\/{rel}","templated":true}]}}