{"id":7932,"date":"2024-04-03T11:21:23","date_gmt":"2024-04-03T09:21:23","guid":{"rendered":"https:\/\/e-motopark.com\/tuning\/"},"modified":"2025-05-01T09:19:51","modified_gmt":"2025-05-01T07:19:51","slug":"tuning","status":"publish","type":"page","link":"https:\/\/e-motopark.com\/en\/tuning\/","title":{"rendered":"Tuning"},"content":{"rendered":"\n<div class=\"wp-block-group alignfull has-global-padding is-layout-constrained wp-container-core-group-is-layout-5432b657 wp-block-group-is-layout-constrained\" style=\"margin-top:0px;margin-bottom:0px;padding-top:var(--wp--preset--spacing--80);padding-right:var(--wp--preset--spacing--50);padding-bottom:var(--wp--preset--spacing--80);padding-left:var(--wp--preset--spacing--50)\">\n<div class=\"wp-block-group is-layout-flow wp-block-group-is-layout-flow\">\n<div class=\"wp-block-columns is-layout-flex wp-container-core-columns-is-layout-28f84493 wp-block-columns-is-layout-flex\">\n<div class=\"wp-block-column is-layout-flow wp-block-column-is-layout-flow\" style=\"flex-basis:100%\">\n<figure class=\"wp-block-image aligncenter size-large\"><img decoding=\"async\" width=\"1024\" height=\"462\" src=\"https:\/\/e-motopark.com\/wp-content\/uploads\/2023\/12\/Kontroler-EMP-12-16kW-E-Moto-Park6-1024x462.jpg\" alt=\"\" class=\"wp-image-3391\" srcset=\"https:\/\/e-motopark.com\/wp-content\/uploads\/2023\/12\/Kontroler-EMP-12-16kW-E-Moto-Park6-1024x462.jpg 1024w, https:\/\/e-motopark.com\/wp-content\/uploads\/2023\/12\/Kontroler-EMP-12-16kW-E-Moto-Park6-600x271.jpg 600w, https:\/\/e-motopark.com\/wp-content\/uploads\/2023\/12\/Kontroler-EMP-12-16kW-E-Moto-Park6-64x29.jpg 64w, https:\/\/e-motopark.com\/wp-content\/uploads\/2023\/12\/Kontroler-EMP-12-16kW-E-Moto-Park6-300x135.jpg 300w, https:\/\/e-motopark.com\/wp-content\/uploads\/2023\/12\/Kontroler-EMP-12-16kW-E-Moto-Park6-768x346.jpg 768w, https:\/\/e-motopark.com\/wp-content\/uploads\/2023\/12\/Kontroler-EMP-12-16kW-E-Moto-Park6-1200x541.jpg 1200w, https:\/\/e-motopark.com\/wp-content\/uploads\/2023\/12\/Kontroler-EMP-12-16kW-E-Moto-Park6-1320x595.jpg 1320w, https:\/\/e-motopark.com\/wp-content\/uploads\/2023\/12\/Kontroler-EMP-12-16kW-E-Moto-Park6.jpg 1470w\" sizes=\"(max-width: 1024px) 100vw, 1024px\" \/><\/figure><\/div>\n<\/div>\n\n\n\n<p class=\"has-text-align-center\">&#8211;<\/p>\n<\/div>\n\n\n\n<div class=\"wp-block-group alignwide is-vertical is-content-justification-center is-layout-flex wp-container-core-group-is-layout-ce155fab wp-block-group-is-layout-flex\">\n<div class=\"wp-block-group has-global-padding is-layout-constrained wp-container-core-group-is-layout-70b4ffa6 wp-block-group-is-layout-constrained\">\n<h3 class=\"wp-block-heading has-text-align-center has-primary-color has-text-color has-link-color wp-elements-5effa36eb72b2460e6757bc99e9cf625\"><mark style=\"background-color:rgba(0, 0, 0, 0)\" class=\"has-inline-color has-contrast-color\">Tuning Sur-Ron Light Bee \/ Talaria Sting<\/mark><\/h3>\n\n\n\n<p class=\"has-text-align-center\">&#8211;<\/p>\n\n\n\n<h6 class=\"wp-block-heading\">We offer the installation of a battery with a larger capacity of up to 5040 Wh \/ which is 163% more than the original battery.<\/h6>\n\n\n\n<h6 class=\"wp-block-heading\">We also offer a more powerful controller 12kW(60V) &#8211; 16kW(72V), increasing the power to 12kW is absolutely sufficient.<\/h6>\n\n\n\n<h6 class=\"wp-block-heading\">You can try the more powerful Talaria Sting (8-9kW) and Sur-Ron X (12kW) at our shop.<\/h6>\n\n\n\n<h6 class=\"wp-block-heading\">The original Talaria Sting battery can be fitted with a more powerful KO controller which will increase the output to 8-9kW.<\/h6>\n\n\n\n<h6 class=\"wp-block-heading\">For more info on batteries and tuning, visit our e-shop battery section.\n(info@e-moto-park.com) or call us (Luk\u00e1\u0161: +420 732 451 794 \/ Radim: +420 721 625 601).   <\/h6>\n\n\n\n<h6 class=\"wp-block-heading has-text-align-center\"><a href=\"https:\/\/e-motopark.com\/produkt\/emp-baterie-60v-70ah-3900wh-na-sur-ron-x-l1e\/\" data-type=\"product\" data-id=\"1423\"><span style=\"text-decoration: underline;\">(Link: E-Shop\/Sur-Ron\/Batteries\/60V65Ah)<\/span><\/a><\/h6>\n\n\n\n<div class=\"wp-block-group alignfull has-global-padding is-content-justification-center is-layout-constrained wp-container-core-group-is-layout-df757ecc wp-block-group-is-layout-constrained\" style=\"margin-top:0;margin-bottom:0;padding-top:calc( 0.5 * var(--wp--style--root--padding-right, var(--wp--custom--gap--horizontal)));padding-right:var(--wp--style--root--padding-right, var(--wp--custom--gap--horizontal));padding-bottom:calc( 0.5 * var(--wp--style--root--padding-right, var(--wp--custom--gap--horizontal)));padding-left:var(--wp--style--root--padding-left, var(--wp--custom--gap--horizontal))\">\n<div style=\"height:calc( 0.25 * var(--wp--style--root--padding-right, var(--wp--custom--gap--horizontal)))\" aria-hidden=\"true\" class=\"wp-block-spacer\"><\/div>\n\n\n\n<h2 class=\"wp-block-heading has-text-align-center\">EMP Gallery<\/h2>\n\n\n\n<p class=\"has-text-align-center\">A small sample of the modifications to our customers&#8217; Sur-Ron Light Bee \/ Talaria Sting bikes<\/p>\n\n\n\n<div style=\"height:calc( 0.25 * var(--wp--style--root--padding-right, var(--wp--custom--gap--horizontal)))\" aria-hidden=\"true\" class=\"wp-block-spacer\"><\/div>\n\n\n\n<figure class=\"wp-block-gallery alignwide has-nested-images columns-default is-cropped wp-block-gallery-1 is-layout-flex wp-block-gallery-is-layout-flex\">\n<figure class=\"wp-block-image size-full\"><img decoding=\"async\" width=\"1495\" height=\"1317\" data-id=\"4293\" src=\"https:\/\/e-motopark.com\/wp-content\/uploads\/2024\/02\/Tuning-baterie-60V-70Ah-5-e1708588234466.jpg\" alt=\"\" class=\"wp-image-4293\" srcset=\"https:\/\/e-motopark.com\/wp-content\/uploads\/2024\/02\/Tuning-baterie-60V-70Ah-5-e1708588234466.jpg 1495w, https:\/\/e-motopark.com\/wp-content\/uploads\/2024\/02\/Tuning-baterie-60V-70Ah-5-e1708588234466-600x529.jpg 600w, https:\/\/e-motopark.com\/wp-content\/uploads\/2024\/02\/Tuning-baterie-60V-70Ah-5-e1708588234466-64x56.jpg 64w, https:\/\/e-motopark.com\/wp-content\/uploads\/2024\/02\/Tuning-baterie-60V-70Ah-5-e1708588234466-300x264.jpg 300w, https:\/\/e-motopark.com\/wp-content\/uploads\/2024\/02\/Tuning-baterie-60V-70Ah-5-e1708588234466-768x677.jpg 768w, https:\/\/e-motopark.com\/wp-content\/uploads\/2024\/02\/Tuning-baterie-60V-70Ah-5-e1708588234466-1024x902.jpg 1024w, https:\/\/e-motopark.com\/wp-content\/uploads\/2024\/02\/Tuning-baterie-60V-70Ah-5-e1708588234466-1200x1057.jpg 1200w, https:\/\/e-motopark.com\/wp-content\/uploads\/2024\/02\/Tuning-baterie-60V-70Ah-5-e1708588234466-1320x1163.jpg 1320w\" sizes=\"(max-width: 1495px) 100vw, 1495px\" \/><\/figure>\n\n\n<figure class=\"wp-block-image size-full\"><img decoding=\"async\" width=\"2000\" height=\"1500\" data-id=\"3387\" src=\"https:\/\/e-motopark.com\/wp-content\/uploads\/2023\/12\/Tuning-baterie-60V-70Ah.jpg\" alt=\"\" class=\"wp-image-3387\" srcset=\"https:\/\/e-motopark.com\/wp-content\/uploads\/2023\/12\/Tuning-baterie-60V-70Ah.jpg 2000w, https:\/\/e-motopark.com\/wp-content\/uploads\/2023\/12\/Tuning-baterie-60V-70Ah-600x450.jpg 600w, https:\/\/e-motopark.com\/wp-content\/uploads\/2023\/12\/Tuning-baterie-60V-70Ah-64x48.jpg 64w, https:\/\/e-motopark.com\/wp-content\/uploads\/2023\/12\/Tuning-baterie-60V-70Ah-300x225.jpg 300w, https:\/\/e-motopark.com\/wp-content\/uploads\/2023\/12\/Tuning-baterie-60V-70Ah-768x576.jpg 768w, https:\/\/e-motopark.com\/wp-content\/uploads\/2023\/12\/Tuning-baterie-60V-70Ah-1024x768.jpg 1024w, https:\/\/e-motopark.com\/wp-content\/uploads\/2023\/12\/Tuning-baterie-60V-70Ah-1536x1152.jpg 1536w, https:\/\/e-motopark.com\/wp-content\/uploads\/2023\/12\/Tuning-baterie-60V-70Ah-1200x900.jpg 1200w, https:\/\/e-motopark.com\/wp-content\/uploads\/2023\/12\/Tuning-baterie-60V-70Ah-800x600.jpg 800w, https:\/\/e-motopark.com\/wp-content\/uploads\/2023\/12\/Tuning-baterie-60V-70Ah-400x300.jpg 400w, https:\/\/e-motopark.com\/wp-content\/uploads\/2023\/12\/Tuning-baterie-60V-70Ah-200x150.jpg 200w, https:\/\/e-motopark.com\/wp-content\/uploads\/2023\/12\/Tuning-baterie-60V-70Ah-1320x990.jpg 1320w\" sizes=\"(max-width: 2000px) 100vw, 2000px\" \/><\/figure>\n\n\n<figure class=\"wp-block-image size-full\"><img decoding=\"async\" width=\"2048\" height=\"1428\" data-id=\"3386\" src=\"https:\/\/e-motopark.com\/wp-content\/uploads\/2023\/12\/Tuning-baterie-60V-70Ah-9.jpg\" alt=\"\" class=\"wp-image-3386\" srcset=\"https:\/\/e-motopark.com\/wp-content\/uploads\/2023\/12\/Tuning-baterie-60V-70Ah-9.jpg 2048w, https:\/\/e-motopark.com\/wp-content\/uploads\/2023\/12\/Tuning-baterie-60V-70Ah-9-600x418.jpg 600w, https:\/\/e-motopark.com\/wp-content\/uploads\/2023\/12\/Tuning-baterie-60V-70Ah-9-64x45.jpg 64w, https:\/\/e-motopark.com\/wp-content\/uploads\/2023\/12\/Tuning-baterie-60V-70Ah-9-300x209.jpg 300w, https:\/\/e-motopark.com\/wp-content\/uploads\/2023\/12\/Tuning-baterie-60V-70Ah-9-768x536.jpg 768w, https:\/\/e-motopark.com\/wp-content\/uploads\/2023\/12\/Tuning-baterie-60V-70Ah-9-1024x714.jpg 1024w, https:\/\/e-motopark.com\/wp-content\/uploads\/2023\/12\/Tuning-baterie-60V-70Ah-9-1536x1071.jpg 1536w, https:\/\/e-motopark.com\/wp-content\/uploads\/2023\/12\/Tuning-baterie-60V-70Ah-9-1200x837.jpg 1200w, https:\/\/e-motopark.com\/wp-content\/uploads\/2023\/12\/Tuning-baterie-60V-70Ah-9-1320x920.jpg 1320w\" sizes=\"(max-width: 2048px) 100vw, 2048px\" \/><\/figure>\n\n\n<figure class=\"wp-block-image size-full\"><img decoding=\"async\" width=\"640\" height=\"480\" data-id=\"3385\" src=\"https:\/\/e-motopark.com\/wp-content\/uploads\/2023\/12\/Tuning-baterie-60V-70Ah-8.jpeg\" alt=\"\" class=\"wp-image-3385\" srcset=\"https:\/\/e-motopark.com\/wp-content\/uploads\/2023\/12\/Tuning-baterie-60V-70Ah-8.jpeg 640w, https:\/\/e-motopark.com\/wp-content\/uploads\/2023\/12\/Tuning-baterie-60V-70Ah-8-600x450.jpeg 600w, https:\/\/e-motopark.com\/wp-content\/uploads\/2023\/12\/Tuning-baterie-60V-70Ah-8-64x48.jpeg 64w, https:\/\/e-motopark.com\/wp-content\/uploads\/2023\/12\/Tuning-baterie-60V-70Ah-8-300x225.jpeg 300w, https:\/\/e-motopark.com\/wp-content\/uploads\/2023\/12\/Tuning-baterie-60V-70Ah-8-400x300.jpeg 400w, https:\/\/e-motopark.com\/wp-content\/uploads\/2023\/12\/Tuning-baterie-60V-70Ah-8-200x150.jpeg 200w\" sizes=\"(max-width: 640px) 100vw, 640px\" \/><\/figure>\n\n\n<figure class=\"wp-block-image size-full\"><img decoding=\"async\" width=\"2000\" height=\"1500\" data-id=\"3381\" src=\"https:\/\/e-motopark.com\/wp-content\/uploads\/2023\/12\/Tuning-baterie-60V-70Ah-4.jpg\" alt=\"\" class=\"wp-image-3381\" srcset=\"https:\/\/e-motopark.com\/wp-content\/uploads\/2023\/12\/Tuning-baterie-60V-70Ah-4.jpg 2000w, https:\/\/e-motopark.com\/wp-content\/uploads\/2023\/12\/Tuning-baterie-60V-70Ah-4-600x450.jpg 600w, https:\/\/e-motopark.com\/wp-content\/uploads\/2023\/12\/Tuning-baterie-60V-70Ah-4-64x48.jpg 64w, https:\/\/e-motopark.com\/wp-content\/uploads\/2023\/12\/Tuning-baterie-60V-70Ah-4-300x225.jpg 300w, https:\/\/e-motopark.com\/wp-content\/uploads\/2023\/12\/Tuning-baterie-60V-70Ah-4-768x576.jpg 768w, https:\/\/e-motopark.com\/wp-content\/uploads\/2023\/12\/Tuning-baterie-60V-70Ah-4-1024x768.jpg 1024w, https:\/\/e-motopark.com\/wp-content\/uploads\/2023\/12\/Tuning-baterie-60V-70Ah-4-1536x1152.jpg 1536w, https:\/\/e-motopark.com\/wp-content\/uploads\/2023\/12\/Tuning-baterie-60V-70Ah-4-1200x900.jpg 1200w, https:\/\/e-motopark.com\/wp-content\/uploads\/2023\/12\/Tuning-baterie-60V-70Ah-4-800x600.jpg 800w, https:\/\/e-motopark.com\/wp-content\/uploads\/2023\/12\/Tuning-baterie-60V-70Ah-4-400x300.jpg 400w, https:\/\/e-motopark.com\/wp-content\/uploads\/2023\/12\/Tuning-baterie-60V-70Ah-4-200x150.jpg 200w, https:\/\/e-motopark.com\/wp-content\/uploads\/2023\/12\/Tuning-baterie-60V-70Ah-4-1320x990.jpg 1320w\" sizes=\"(max-width: 2000px) 100vw, 2000px\" \/><\/figure>\n\n\n<figure class=\"wp-block-image size-full\"><img decoding=\"async\" width=\"1536\" height=\"2048\" data-id=\"3379\" src=\"https:\/\/e-motopark.com\/wp-content\/uploads\/2023\/12\/Tuning-baterie-60V-70Ah-2.jpg\" alt=\"\" class=\"wp-image-3379\" srcset=\"https:\/\/e-motopark.com\/wp-content\/uploads\/2023\/12\/Tuning-baterie-60V-70Ah-2.jpg 1536w, https:\/\/e-motopark.com\/wp-content\/uploads\/2023\/12\/Tuning-baterie-60V-70Ah-2-600x800.jpg 600w, https:\/\/e-motopark.com\/wp-content\/uploads\/2023\/12\/Tuning-baterie-60V-70Ah-2-64x85.jpg 64w, https:\/\/e-motopark.com\/wp-content\/uploads\/2023\/12\/Tuning-baterie-60V-70Ah-2-225x300.jpg 225w, https:\/\/e-motopark.com\/wp-content\/uploads\/2023\/12\/Tuning-baterie-60V-70Ah-2-768x1024.jpg 768w, https:\/\/e-motopark.com\/wp-content\/uploads\/2023\/12\/Tuning-baterie-60V-70Ah-2-1152x1536.jpg 1152w, https:\/\/e-motopark.com\/wp-content\/uploads\/2023\/12\/Tuning-baterie-60V-70Ah-2-900x1200.jpg 900w, https:\/\/e-motopark.com\/wp-content\/uploads\/2023\/12\/Tuning-baterie-60V-70Ah-2-450x600.jpg 450w, https:\/\/e-motopark.com\/wp-content\/uploads\/2023\/12\/Tuning-baterie-60V-70Ah-2-300x400.jpg 300w, https:\/\/e-motopark.com\/wp-content\/uploads\/2023\/12\/Tuning-baterie-60V-70Ah-2-150x200.jpg 150w, https:\/\/e-motopark.com\/wp-content\/uploads\/2023\/12\/Tuning-baterie-60V-70Ah-2-1200x1600.jpg 1200w, https:\/\/e-motopark.com\/wp-content\/uploads\/2023\/12\/Tuning-baterie-60V-70Ah-2-1320x1760.jpg 1320w\" sizes=\"(max-width: 1536px) 100vw, 1536px\" \/><\/figure><\/figure>\n\n\n\n<div style=\"height:calc( 0.25 * var(--wp--style--root--padding-right, var(--wp--custom--gap--horizontal)))\" aria-hidden=\"true\" class=\"wp-block-spacer\"><\/div>\n<\/div>\n<\/div>\n<\/div>\n<\/div>\n","protected":false},"excerpt":{"rendered":"<p>&#8211; Tuning Sur-Ron Light Bee \/ Talaria Sting &#8211; We offer the installation of a battery with a larger capacity of up to 5040 Wh \/ which is 163% more than the original battery. We also offer a more powerful controller 12kW(60V) &#8211; 16kW(72V), increasing the power to 12kW is absolutely sufficient. You can try [&hellip;]<\/p>\n","protected":false},"author":243040593,"featured_media":7573,"parent":0,"menu_order":0,"comment_status":"closed","ping_status":"closed","template":"wp-custom-template-tuning","meta":{"footnotes":""},"class_list":["post-7932","page","type-page","status-publish","has-post-thumbnail","hentry"],"yoast_head":"<!-- This site is optimized with the Yoast SEO Premium plugin v27.4 (Yoast SEO v27.5) - https:\/\/yoast.com\/product\/yoast-seo-premium-wordpress\/ -->\n<title>Tuning - E-Moto Park<\/title>\n<meta name=\"robots\" content=\"index, follow, max-snippet:-1, max-image-preview:large, max-video-preview:-1\" \/>\n<link rel=\"canonical\" href=\"https:\/\/e-motopark.com\/en\/tuning\/\" \/>\n<meta property=\"og:locale\" content=\"en_US\" \/>\n<meta property=\"og:type\" content=\"article\" \/>\n<meta property=\"og:title\" content=\"Tuning\" \/>\n<meta property=\"og:description\" content=\"&#8211; Tuning Sur-Ron Light Bee \/ Talaria Sting &#8211; We offer the installation of a battery with a larger capacity of up to 5040 Wh \/ which is 163% more than the original battery. We also offer a more powerful controller 12kW(60V) &#8211; 16kW(72V), increasing the power to 12kW is absolutely sufficient. You can try [&hellip;]\" \/>\n<meta property=\"og:url\" content=\"https:\/\/e-motopark.com\/en\/tuning\/\" \/>\n<meta property=\"og:site_name\" content=\"E-Moto Park\" \/>\n<meta property=\"article:publisher\" content=\"https:\/\/www.facebook.com\/EmotoPark\/\" \/>\n<meta property=\"article:modified_time\" content=\"2025-05-01T07:19:51+00:00\" \/>\n<meta property=\"og:image\" content=\"https:\/\/e-motopark.com\/wp-content\/uploads\/2024\/02\/Sur-Ron-Ultra-Bee-3-3_no_bg-yellow.jpg\" \/>\n\t<meta property=\"og:image:width\" content=\"1918\" \/>\n\t<meta property=\"og:image:height\" content=\"1372\" \/>\n\t<meta property=\"og:image:type\" content=\"image\/jpeg\" \/>\n<meta name=\"twitter:card\" content=\"summary_large_image\" \/>\n<meta name=\"twitter:label1\" content=\"Est. reading time\" \/>\n\t<meta name=\"twitter:data1\" content=\"1 minute\" \/>\n<script type=\"application\/ld+json\" class=\"yoast-schema-graph\">{\"@context\":\"https:\\\/\\\/schema.org\",\"@graph\":[{\"@type\":\"WebPage\",\"@id\":\"https:\\\/\\\/e-motopark.com\\\/en\\\/tuning\\\/\",\"url\":\"https:\\\/\\\/e-motopark.com\\\/en\\\/tuning\\\/\",\"name\":\"Tuning - E-Moto Park\",\"isPartOf\":{\"@id\":\"https:\\\/\\\/e-motopark.com\\\/en\\\/#website\"},\"primaryImageOfPage\":{\"@id\":\"https:\\\/\\\/e-motopark.com\\\/en\\\/tuning\\\/#primaryimage\"},\"image\":{\"@id\":\"https:\\\/\\\/e-motopark.com\\\/en\\\/tuning\\\/#primaryimage\"},\"thumbnailUrl\":\"https:\\\/\\\/e-motopark.com\\\/wp-content\\\/uploads\\\/2024\\\/02\\\/Sur-Ron-Ultra-Bee-3-3_no_bg-yellow.jpg\",\"datePublished\":\"2024-04-03T09:21:23+00:00\",\"dateModified\":\"2025-05-01T07:19:51+00:00\",\"breadcrumb\":{\"@id\":\"https:\\\/\\\/e-motopark.com\\\/en\\\/tuning\\\/#breadcrumb\"},\"inLanguage\":\"en-US\",\"potentialAction\":[{\"@type\":\"ReadAction\",\"target\":[\"https:\\\/\\\/e-motopark.com\\\/en\\\/tuning\\\/\"]}]},{\"@type\":\"ImageObject\",\"inLanguage\":\"en-US\",\"@id\":\"https:\\\/\\\/e-motopark.com\\\/en\\\/tuning\\\/#primaryimage\",\"url\":\"https:\\\/\\\/e-motopark.com\\\/wp-content\\\/uploads\\\/2024\\\/02\\\/Sur-Ron-Ultra-Bee-3-3_no_bg-yellow.jpg\",\"contentUrl\":\"https:\\\/\\\/e-motopark.com\\\/wp-content\\\/uploads\\\/2024\\\/02\\\/Sur-Ron-Ultra-Bee-3-3_no_bg-yellow.jpg\",\"width\":1918,\"height\":1372},{\"@type\":\"BreadcrumbList\",\"@id\":\"https:\\\/\\\/e-motopark.com\\\/en\\\/tuning\\\/#breadcrumb\",\"itemListElement\":[{\"@type\":\"ListItem\",\"position\":1,\"name\":\"Dom\u016f\",\"item\":\"https:\\\/\\\/e-motopark.com\\\/en\\\/e-moto-park-shop-and-rental-of-electric-motorbikes\\\/\"},{\"@type\":\"ListItem\",\"position\":2,\"name\":\"Tuning\"}]},{\"@type\":\"WebSite\",\"@id\":\"https:\\\/\\\/e-motopark.com\\\/en\\\/#website\",\"url\":\"https:\\\/\\\/e-motopark.com\\\/en\\\/\",\"name\":\"E-Moto Park\",\"description\":\"Prodejna a p\u016fj\u010dovna elektrick\u00fdch motorek\",\"publisher\":{\"@id\":\"https:\\\/\\\/e-motopark.com\\\/en\\\/#organization\"},\"potentialAction\":[{\"@type\":\"SearchAction\",\"target\":{\"@type\":\"EntryPoint\",\"urlTemplate\":\"https:\\\/\\\/e-motopark.com\\\/en\\\/?s={search_term_string}\"},\"query-input\":{\"@type\":\"PropertyValueSpecification\",\"valueRequired\":true,\"valueName\":\"search_term_string\"}}],\"inLanguage\":\"en-US\"},{\"@type\":\"Organization\",\"@id\":\"https:\\\/\\\/e-motopark.com\\\/en\\\/#organization\",\"name\":\"E-Moto Park\",\"url\":\"https:\\\/\\\/e-motopark.com\\\/en\\\/\",\"logo\":{\"@type\":\"ImageObject\",\"inLanguage\":\"en-US\",\"@id\":\"https:\\\/\\\/e-motopark.com\\\/en\\\/#\\\/schema\\\/logo\\\/image\\\/\",\"url\":\"https:\\\/\\\/e-motopark.com\\\/wp-content\\\/uploads\\\/2023\\\/11\\\/cropped-cropped-E-Moto-Park-logo.png\",\"contentUrl\":\"https:\\\/\\\/e-motopark.com\\\/wp-content\\\/uploads\\\/2023\\\/11\\\/cropped-cropped-E-Moto-Park-logo.png\",\"width\":108,\"height\":50,\"caption\":\"E-Moto Park\"},\"image\":{\"@id\":\"https:\\\/\\\/e-motopark.com\\\/en\\\/#\\\/schema\\\/logo\\\/image\\\/\"},\"sameAs\":[\"https:\\\/\\\/www.facebook.com\\\/EmotoPark\\\/\"]}]}<\/script>\n<!-- \/ Yoast SEO Premium plugin. -->","yoast_head_json":{"title":"Tuning - E-Moto Park","robots":{"index":"index","follow":"follow","max-snippet":"max-snippet:-1","max-image-preview":"max-image-preview:large","max-video-preview":"max-video-preview:-1"},"canonical":"https:\/\/e-motopark.com\/en\/tuning\/","og_locale":"en_US","og_type":"article","og_title":"Tuning","og_description":"&#8211; Tuning Sur-Ron Light Bee \/ Talaria Sting &#8211; We offer the installation of a battery with a larger capacity of up to 5040 Wh \/ which is 163% more than the original battery. We also offer a more powerful controller 12kW(60V) &#8211; 16kW(72V), increasing the power to 12kW is absolutely sufficient. You can try [&hellip;]","og_url":"https:\/\/e-motopark.com\/en\/tuning\/","og_site_name":"E-Moto Park","article_publisher":"https:\/\/www.facebook.com\/EmotoPark\/","article_modified_time":"2025-05-01T07:19:51+00:00","og_image":[{"width":1918,"height":1372,"url":"https:\/\/e-motopark.com\/wp-content\/uploads\/2024\/02\/Sur-Ron-Ultra-Bee-3-3_no_bg-yellow.jpg","type":"image\/jpeg"}],"twitter_card":"summary_large_image","twitter_misc":{"Est. reading time":"1 minute"},"schema":{"@context":"https:\/\/schema.org","@graph":[{"@type":"WebPage","@id":"https:\/\/e-motopark.com\/en\/tuning\/","url":"https:\/\/e-motopark.com\/en\/tuning\/","name":"Tuning - E-Moto Park","isPartOf":{"@id":"https:\/\/e-motopark.com\/en\/#website"},"primaryImageOfPage":{"@id":"https:\/\/e-motopark.com\/en\/tuning\/#primaryimage"},"image":{"@id":"https:\/\/e-motopark.com\/en\/tuning\/#primaryimage"},"thumbnailUrl":"https:\/\/e-motopark.com\/wp-content\/uploads\/2024\/02\/Sur-Ron-Ultra-Bee-3-3_no_bg-yellow.jpg","datePublished":"2024-04-03T09:21:23+00:00","dateModified":"2025-05-01T07:19:51+00:00","breadcrumb":{"@id":"https:\/\/e-motopark.com\/en\/tuning\/#breadcrumb"},"inLanguage":"en-US","potentialAction":[{"@type":"ReadAction","target":["https:\/\/e-motopark.com\/en\/tuning\/"]}]},{"@type":"ImageObject","inLanguage":"en-US","@id":"https:\/\/e-motopark.com\/en\/tuning\/#primaryimage","url":"https:\/\/e-motopark.com\/wp-content\/uploads\/2024\/02\/Sur-Ron-Ultra-Bee-3-3_no_bg-yellow.jpg","contentUrl":"https:\/\/e-motopark.com\/wp-content\/uploads\/2024\/02\/Sur-Ron-Ultra-Bee-3-3_no_bg-yellow.jpg","width":1918,"height":1372},{"@type":"BreadcrumbList","@id":"https:\/\/e-motopark.com\/en\/tuning\/#breadcrumb","itemListElement":[{"@type":"ListItem","position":1,"name":"Dom\u016f","item":"https:\/\/e-motopark.com\/en\/e-moto-park-shop-and-rental-of-electric-motorbikes\/"},{"@type":"ListItem","position":2,"name":"Tuning"}]},{"@type":"WebSite","@id":"https:\/\/e-motopark.com\/en\/#website","url":"https:\/\/e-motopark.com\/en\/","name":"E-Moto Park","description":"Prodejna a p\u016fj\u010dovna elektrick\u00fdch motorek","publisher":{"@id":"https:\/\/e-motopark.com\/en\/#organization"},"potentialAction":[{"@type":"SearchAction","target":{"@type":"EntryPoint","urlTemplate":"https:\/\/e-motopark.com\/en\/?s={search_term_string}"},"query-input":{"@type":"PropertyValueSpecification","valueRequired":true,"valueName":"search_term_string"}}],"inLanguage":"en-US"},{"@type":"Organization","@id":"https:\/\/e-motopark.com\/en\/#organization","name":"E-Moto Park","url":"https:\/\/e-motopark.com\/en\/","logo":{"@type":"ImageObject","inLanguage":"en-US","@id":"https:\/\/e-motopark.com\/en\/#\/schema\/logo\/image\/","url":"https:\/\/e-motopark.com\/wp-content\/uploads\/2023\/11\/cropped-cropped-E-Moto-Park-logo.png","contentUrl":"https:\/\/e-motopark.com\/wp-content\/uploads\/2023\/11\/cropped-cropped-E-Moto-Park-logo.png","width":108,"height":50,"caption":"E-Moto Park"},"image":{"@id":"https:\/\/e-motopark.com\/en\/#\/schema\/logo\/image\/"},"sameAs":["https:\/\/www.facebook.com\/EmotoPark\/"]}]}},"_links":{"self":[{"href":"https:\/\/e-motopark.com\/en\/wp-json\/wp\/v2\/pages\/7932","targetHints":{"allow":["GET"]}}],"collection":[{"href":"https:\/\/e-motopark.com\/en\/wp-json\/wp\/v2\/pages"}],"about":[{"href":"https:\/\/e-motopark.com\/en\/wp-json\/wp\/v2\/types\/page"}],"author":[{"embeddable":true,"href":"https:\/\/e-motopark.com\/en\/wp-json\/wp\/v2\/users\/243040593"}],"replies":[{"embeddable":true,"href":"https:\/\/e-motopark.com\/en\/wp-json\/wp\/v2\/comments?post=7932"}],"version-history":[{"count":3,"href":"https:\/\/e-motopark.com\/en\/wp-json\/wp\/v2\/pages\/7932\/revisions"}],"predecessor-version":[{"id":9184,"href":"https:\/\/e-motopark.com\/en\/wp-json\/wp\/v2\/pages\/7932\/revisions\/9184"}],"wp:featuredmedia":[{"embeddable":true,"href":"https:\/\/e-motopark.com\/en\/wp-json\/wp\/v2\/media\/7573"}],"wp:attachment":[{"href":"https:\/\/e-motopark.com\/en\/wp-json\/wp\/v2\/media?parent=7932"}],"curies":[{"name":"wp","href":"https:\/\/api.w.org\/{rel}","templated":true}]}}