{"id":9188,"date":"2023-11-23T07:41:50","date_gmt":"2023-11-23T06:41:50","guid":{"rendered":"https:\/\/e-motopark.com\/cart\/"},"modified":"2025-05-21T20:08:42","modified_gmt":"2025-05-21T18:08:42","slug":"cart","status":"publish","type":"page","link":"https:\/\/e-motopark.com\/en\/cart\/","title":{"rendered":"Cart"},"content":{"rendered":"\n<div data-block-name=\"woocommerce\/cart\" class=\"wp-block-woocommerce-cart alignwide is-loading\">\n<div data-block-name=\"woocommerce\/filled-cart-block\" class=\"wp-block-woocommerce-filled-cart-block\">\n<div data-block-name=\"woocommerce\/cart-items-block\" class=\"wp-block-woocommerce-cart-items-block\">\n<div data-block-name=\"woocommerce\/cart-line-items-block\" class=\"wp-block-woocommerce-cart-line-items-block\"><\/div>\n\n\n\n<div data-block-name=\"woocommerce\/cart-cross-sells-block\" class=\"wp-block-woocommerce-cart-cross-sells-block\">\n<h2 class=\"wp-block-heading has-large-font-size\" id=\"h-you-might-like\">You might like&#8230;<\/h2>\n\n\n\n<div data-block-name=\"woocommerce\/cart-cross-sells-products-block\" class=\"wp-block-woocommerce-cart-cross-sells-products-block\"><\/div>\n<\/div>\n<\/div>\n\n\n\n<div data-block-name=\"woocommerce\/cart-totals-block\" class=\"wp-block-woocommerce-cart-totals-block\">\n<div data-block-name=\"woocommerce\/cart-order-summary-block\" class=\"wp-block-woocommerce-cart-order-summary-block\">\n<div data-block-name=\"woocommerce\/cart-order-summary-heading-block\" data-content=\"Total\" class=\"wp-block-woocommerce-cart-order-summary-heading-block\"><\/div>\n\n\n\n<div data-block-name=\"woocommerce\/cart-order-summary-coupon-form-block\" class=\"wp-block-woocommerce-cart-order-summary-coupon-form-block\"><\/div>\n\n\n\n<div data-block-name=\"woocommerce\/cart-order-summary-totals-block\" class=\"wp-block-woocommerce-cart-order-summary-totals-block\">\n<div data-block-name=\"woocommerce\/cart-order-summary-subtotal-block\" class=\"wp-block-woocommerce-cart-order-summary-subtotal-block\"><\/div>\n\n\n\n<div data-block-name=\"woocommerce\/cart-order-summary-fee-block\" class=\"wp-block-woocommerce-cart-order-summary-fee-block\"><\/div>\n\n\n\n<div data-block-name=\"woocommerce\/cart-order-summary-discount-block\" class=\"wp-block-woocommerce-cart-order-summary-discount-block\"><\/div>\n\n\n\n<div data-block-name=\"woocommerce\/cart-order-summary-shipping-block\" class=\"wp-block-woocommerce-cart-order-summary-shipping-block\"><\/div>\n\n\n\n<div data-block-name=\"woocommerce\/cart-order-summary-taxes-block\" class=\"wp-block-woocommerce-cart-order-summary-taxes-block\"><\/div>\n<\/div>\n\n\n\n<div data-block-name=\"woocommerce\/cart-order-summary-gift-card-form-block\" class=\"wp-block-woocommerce-cart-order-summary-gift-card-form-block\"><\/div>\n\n\n\n<div data-block-name=\"woocommerce\/cart-order-summary-gift-card-totals-block\" class=\"wp-block-woocommerce-cart-order-summary-gift-card-totals-block\"><\/div>\n<\/div>\n\n\n\n<div data-block-name=\"woocommerce\/cart-express-payment-block\" class=\"wp-block-woocommerce-cart-express-payment-block\"><\/div>\n\n\n\n<div data-block-name=\"woocommerce\/proceed-to-checkout-block\" data-button-label=\"Continue\" class=\"wp-block-woocommerce-proceed-to-checkout-block\"><\/div>\n\n\n\n<div data-block-name=\"woocommerce\/cart-accepted-payment-methods-block\" class=\"wp-block-woocommerce-cart-accepted-payment-methods-block\"><\/div>\n<\/div>\n<\/div>\n\n\n\n<div data-block-name=\"woocommerce\/empty-cart-block\" class=\"wp-block-woocommerce-empty-cart-block\">\n<h2 class=\"wp-block-heading has-text-align-center with-empty-cart-icon wc-block-cart__empty-cart__title\" id=\"h-your-cart-is-currently-empty\">Your cart is currently empty!<br><br><\/h2>\n\n\n\n<hr class=\"wp-block-separator has-alpha-channel-opacity is-style-dots\"\/>\n\n\n\n<h2 class=\"wp-block-heading has-text-align-center\" id=\"h-new\">New<\/h2>\n\n\n<div data-block-name=\"woocommerce\/product-new\" data-columns=\"4\" data-rows=\"1\" class=\"wc-block-grid wp-block-product-new wp-block-woocommerce-product-new wc-block-product-new has-4-columns\"><ul class=\"wc-block-grid__products\"><li class=\"wc-block-grid__product product type-product post-18205 status-publish first onbackorder product_cat-17-tires-tubes product_cat-tires-and-inner-tubes has-post-thumbnail taxable shipping-taxable purchasable product-type-simple\">\n\t<a href=\"https:\/\/e-motopark.com\/en\/product\/cross-tire-80-100-19-3-00-r19-on-sur-ron-x-l1e-talaria-sting-1-kopirovat-kopirovat-2\/\" class=\"wc-block-grid__product-link woocommerce-LoopProduct-link\">\n\t\t<div class=\"emoto-product-thumbnail wc-block-components-product-image\">\n\t\t\t<img decoding=\"async\" src=\"https:\/\/e-motopark.com\/wp-content\/uploads\/2026\/02\/Silnicni-motard-pneu-Journey-110-80-R17-na-Talaria-Sting-XXX-Sur-Ron-X-L1e-300x300.jpg\" srcset=\"https:\/\/e-motopark.com\/wp-content\/uploads\/2026\/02\/Silnicni-motard-pneu-Journey-110-80-R17-na-Talaria-Sting-XXX-Sur-Ron-X-L1e-300x300.jpg 300w, https:\/\/e-motopark.com\/wp-content\/uploads\/2026\/02\/Silnicni-motard-pneu-Journey-110-80-R17-na-Talaria-Sting-XXX-Sur-Ron-X-L1e-100x100.jpg 100w, https:\/\/e-motopark.com\/wp-content\/uploads\/2026\/02\/Silnicni-motard-pneu-Journey-110-80-R17-na-Talaria-Sting-XXX-Sur-Ron-X-L1e-150x150.jpg 150w, https:\/\/e-motopark.com\/wp-content\/uploads\/2026\/02\/Silnicni-motard-pneu-Journey-110-80-R17-na-Talaria-Sting-XXX-Sur-Ron-X-L1e-50x50.jpg 50w\" sizes=\"(max-width: 300px) 100vw, 300px\" alt=\"Cross tire (80\/100-19) (3.00-R19) on Sur-Ron X\/L1e\/Talaria Sting (1) (Kop\u00edrovat) (Kop\u00edrovat)\" class=\"wc-block-grid__product-image\" loading=\"lazy\" \/>\t\t<\/div>\n\t\t<h2 class=\"wc-block-grid__product-title woocommerce-loop-product__title\">Cross tire (80\/100-19) (3.00-R19) on Sur-Ron X\/L1e\/Talaria Sting (1) (Kop\u00edrovat) (Kop\u00edrovat)<\/h2>\n\n\t\t\n\t\t<div class=\"emoto-product-price\"><div class=\"sale-price\"><span class=\"woocommerce-Price-amount amount\"><bdi>41.46<span class=\"woocommerce-Price-currencySymbol\">&euro;<\/span><\/bdi><\/span><\/div><div class=\"price-excl-tax\"><small><span class=\"woocommerce-Price-amount amount\"><bdi>34.26<span class=\"woocommerce-Price-currencySymbol\">&euro;<\/span><\/bdi><\/span> excl. VAT<\/small><\/div><\/div>\n\t\t<div class=\"emoto-stock emoto-stock--onbackorder\">\n\t\t\t<span class=\"emoto-stock-dot\" aria-hidden=\"true\"><\/span>\n\t\t\t<span class=\"emoto-stock-label\">On backorder<\/span>\n\t\t<\/div>\n\n\t\t<div class=\"wp-block-button wc-block-grid__product-add-to-cart\">\n\t\t\t<span class=\"wp-block-button__link wp-element-button\">\n\t\t\t\tView product\t\t\t<\/span>\n\t\t<\/div>\n\t<\/a>\n<\/li><li class=\"wc-block-grid__product product type-product post-18181 status-publish onbackorder product_cat-17-tires-tubes product_cat-tires-and-inner-tubes has-post-thumbnail taxable shipping-taxable purchasable product-type-simple\">\n\t<a href=\"https:\/\/e-motopark.com\/en\/product\/cross-tire-80-100-19-3-00-r19-on-sur-ron-x-l1e-talaria-sting-1-kopirovat-2\/\" class=\"wc-block-grid__product-link woocommerce-LoopProduct-link\">\n\t\t<div class=\"emoto-product-thumbnail wc-block-components-product-image\">\n\t\t\t<img decoding=\"async\" src=\"https:\/\/e-motopark.com\/wp-content\/uploads\/2023\/12\/Penu-Cross-3.00-R19-na-Sur-Ron-Light-Bee-Talaria-Sting-300x300.jpg\" srcset=\"https:\/\/e-motopark.com\/wp-content\/uploads\/2023\/12\/Penu-Cross-3.00-R19-na-Sur-Ron-Light-Bee-Talaria-Sting-300x300.jpg 300w, https:\/\/e-motopark.com\/wp-content\/uploads\/2023\/12\/Penu-Cross-3.00-R19-na-Sur-Ron-Light-Bee-Talaria-Sting-100x100.jpg 100w, https:\/\/e-motopark.com\/wp-content\/uploads\/2023\/12\/Penu-Cross-3.00-R19-na-Sur-Ron-Light-Bee-Talaria-Sting-150x150.jpg 150w, https:\/\/e-motopark.com\/wp-content\/uploads\/2023\/12\/Penu-Cross-3.00-R19-na-Sur-Ron-Light-Bee-Talaria-Sting-600x600.jpg 600w, https:\/\/e-motopark.com\/wp-content\/uploads\/2023\/12\/Penu-Cross-3.00-R19-na-Sur-Ron-Light-Bee-Talaria-Sting-400x400.jpg 400w, https:\/\/e-motopark.com\/wp-content\/uploads\/2023\/12\/Penu-Cross-3.00-R19-na-Sur-Ron-Light-Bee-Talaria-Sting-200x200.jpg 200w\" sizes=\"(max-width: 300px) 100vw, 300px\" alt=\"Cross tire (80\/100-19) (3.00-R19) on Sur-Ron X\/L1e\/Talaria Sting (1) (Kop\u00edrovat)\" class=\"wc-block-grid__product-image\" loading=\"lazy\" \/>\t\t<\/div>\n\t\t<h2 class=\"wc-block-grid__product-title woocommerce-loop-product__title\">Cross tire (80\/100-19) (3.00-R19) on Sur-Ron X\/L1e\/Talaria Sting (1) (Kop\u00edrovat)<\/h2>\n\n\t\t\n\t\t<div class=\"emoto-product-price\"><div class=\"sale-price\"><span class=\"woocommerce-Price-amount amount\"><bdi>45.65<span class=\"woocommerce-Price-currencySymbol\">&euro;<\/span><\/bdi><\/span><\/div><div class=\"price-excl-tax\"><small><span class=\"woocommerce-Price-amount amount\"><bdi>37.73<span class=\"woocommerce-Price-currencySymbol\">&euro;<\/span><\/bdi><\/span> excl. VAT<\/small><\/div><\/div>\n\t\t<div class=\"emoto-stock emoto-stock--onbackorder\">\n\t\t\t<span class=\"emoto-stock-dot\" aria-hidden=\"true\"><\/span>\n\t\t\t<span class=\"emoto-stock-label\">On backorder<\/span>\n\t\t<\/div>\n\n\t\t<div class=\"wp-block-button wc-block-grid__product-add-to-cart\">\n\t\t\t<span class=\"wp-block-button__link wp-element-button\">\n\t\t\t\tView product\t\t\t<\/span>\n\t\t<\/div>\n\t<\/a>\n<\/li><li class=\"wc-block-grid__product product type-product post-17676 status-publish last instock product_cat-21-tires-tubes product_cat-tires-and-inner-tubes has-post-thumbnail taxable shipping-taxable purchasable product-type-simple\">\n\t<a href=\"https:\/\/e-motopark.com\/en\/product\/cross-tire-80-100-19-3-00-r19-on-sur-ron-x-l1e-talaria-sting-1-kopirovat-kopirovat\/\" class=\"wc-block-grid__product-link woocommerce-LoopProduct-link\">\n\t\t<div class=\"emoto-product-thumbnail wc-block-components-product-image\">\n\t\t\t<img decoding=\"async\" src=\"https:\/\/e-motopark.com\/wp-content\/uploads\/2025\/12\/Pneu-na-Sur-Ron-a-Talaria-Sting-80-100-R21-300x300.jpg\" srcset=\"https:\/\/e-motopark.com\/wp-content\/uploads\/2025\/12\/Pneu-na-Sur-Ron-a-Talaria-Sting-80-100-R21-300x300.jpg 300w, https:\/\/e-motopark.com\/wp-content\/uploads\/2025\/12\/Pneu-na-Sur-Ron-a-Talaria-Sting-80-100-R21-100x100.jpg 100w, https:\/\/e-motopark.com\/wp-content\/uploads\/2025\/12\/Pneu-na-Sur-Ron-a-Talaria-Sting-80-100-R21-150x150.jpg 150w, https:\/\/e-motopark.com\/wp-content\/uploads\/2025\/12\/Pneu-na-Sur-Ron-a-Talaria-Sting-80-100-R21-50x50.jpg 50w\" sizes=\"(max-width: 300px) 100vw, 300px\" alt=\"Pneu EMP cross 80\/100-R21 na Sur-Ron\/Talaria Sting (Novinka) - Obr\u00e1zek 5\" class=\"wc-block-grid__product-image\" loading=\"lazy\" \/>\t\t<\/div>\n\t\t<h2 class=\"wc-block-grid__product-title woocommerce-loop-product__title\">Pneu EMP cross 80\/100-R21 na Sur-Ron\/Talaria Sting (Novinka)<\/h2>\n\n\t\t\n\t\t<div class=\"emoto-product-price\"><div class=\"sale-price\"><span class=\"woocommerce-Price-amount amount\"><bdi>41.46<span class=\"woocommerce-Price-currencySymbol\">&euro;<\/span><\/bdi><\/span><\/div><div class=\"price-excl-tax\"><small><span class=\"woocommerce-Price-amount amount\"><bdi>34.26<span class=\"woocommerce-Price-currencySymbol\">&euro;<\/span><\/bdi><\/span> excl. VAT<\/small><\/div><\/div>\n\t\t<div class=\"emoto-stock emoto-stock--instock\">\n\t\t\t<span class=\"emoto-stock-dot\" aria-hidden=\"true\"><\/span>\n\t\t\t<span class=\"emoto-stock-label\">In stock<\/span>\n\t\t<\/div>\n\n\t\t<div class=\"wp-block-button wc-block-grid__product-add-to-cart\">\n\t\t\t<span class=\"wp-block-button__link wp-element-button\">\n\t\t\t\tView product\t\t\t<\/span>\n\t\t<\/div>\n\t<\/a>\n<\/li><li class=\"wc-block-grid__product product type-product post-17674 status-publish first instock product_cat-16-tires-tubes product_cat-tires-and-inner-tubes has-post-thumbnail taxable shipping-taxable purchasable product-type-simple\">\n\t<a href=\"https:\/\/e-motopark.com\/en\/product\/cross-enduro-tire-90-90-r18-on-sur-ron-x-l1e-talaria-sting-kopirovat-kopirovat\/\" class=\"wc-block-grid__product-link woocommerce-LoopProduct-link\">\n\t\t<div class=\"emoto-product-thumbnail wc-block-components-product-image\">\n\t\t\t<img decoding=\"async\" src=\"https:\/\/e-motopark.com\/wp-content\/uploads\/2025\/12\/Pneu-EMP-90-100-R16-na-Sur-Ron-Talaria-Sting-01-1-300x300.jpg\" srcset=\"https:\/\/e-motopark.com\/wp-content\/uploads\/2025\/12\/Pneu-EMP-90-100-R16-na-Sur-Ron-Talaria-Sting-01-1-300x300.jpg 300w, https:\/\/e-motopark.com\/wp-content\/uploads\/2025\/12\/Pneu-EMP-90-100-R16-na-Sur-Ron-Talaria-Sting-01-1-100x100.jpg 100w, https:\/\/e-motopark.com\/wp-content\/uploads\/2025\/12\/Pneu-EMP-90-100-R16-na-Sur-Ron-Talaria-Sting-01-1-150x150.jpg 150w, https:\/\/e-motopark.com\/wp-content\/uploads\/2025\/12\/Pneu-EMP-90-100-R16-na-Sur-Ron-Talaria-Sting-01-1-50x50.jpg 50w\" sizes=\"(max-width: 300px) 100vw, 300px\" alt=\"Pneu EMP cross 90\/100-R16 na Sur-Ron\/Talaria Sting (Novinka) - Obr\u00e1zek 6\" class=\"wc-block-grid__product-image\" loading=\"lazy\" \/>\t\t<\/div>\n\t\t<h2 class=\"wc-block-grid__product-title woocommerce-loop-product__title\">Pneu EMP cross 90\/100-R16 na Sur-Ron\/Talaria Sting (Novinka)<\/h2>\n\n\t\t\n\t\t<div class=\"emoto-product-price\"><div class=\"sale-price\"><span class=\"woocommerce-Price-amount amount\"><bdi>41.46<span class=\"woocommerce-Price-currencySymbol\">&euro;<\/span><\/bdi><\/span><\/div><div class=\"price-excl-tax\"><small><span class=\"woocommerce-Price-amount amount\"><bdi>34.26<span class=\"woocommerce-Price-currencySymbol\">&euro;<\/span><\/bdi><\/span> excl. VAT<\/small><\/div><\/div>\n\t\t<div class=\"emoto-stock emoto-stock--instock\">\n\t\t\t<span class=\"emoto-stock-dot\" aria-hidden=\"true\"><\/span>\n\t\t\t<span class=\"emoto-stock-label\">In stock<\/span>\n\t\t<\/div>\n\n\t\t<div class=\"wp-block-button wc-block-grid__product-add-to-cart\">\n\t\t\t<span class=\"wp-block-button__link wp-element-button\">\n\t\t\t\tView product\t\t\t<\/span>\n\t\t<\/div>\n\t<\/a>\n<\/li><\/ul><\/div><\/div>\n<\/div>\n","protected":false},"excerpt":{"rendered":"","protected":false},"author":1,"featured_media":7573,"parent":0,"menu_order":0,"comment_status":"closed","ping_status":"closed","template":"","meta":{"footnotes":""},"class_list":["post-9188","page","type-page","status-publish","has-post-thumbnail","hentry"],"yoast_head":"<!-- This site is optimized with the Yoast SEO Premium plugin v27.4 (Yoast SEO v27.5) - https:\/\/yoast.com\/product\/yoast-seo-premium-wordpress\/ -->\n<title>Cart - E-Moto Park<\/title>\n<meta name=\"robots\" content=\"index, follow, max-snippet:-1, max-image-preview:large, max-video-preview:-1\" \/>\n<link rel=\"canonical\" href=\"https:\/\/e-motopark.com\/en\/cart\/\" \/>\n<meta property=\"og:locale\" content=\"en_US\" \/>\n<meta property=\"og:type\" content=\"article\" \/>\n<meta property=\"og:title\" content=\"Cart\" \/>\n<meta property=\"og:url\" content=\"https:\/\/e-motopark.com\/en\/cart\/\" \/>\n<meta property=\"og:site_name\" content=\"E-Moto Park\" \/>\n<meta property=\"article:publisher\" content=\"https:\/\/www.facebook.com\/EmotoPark\/\" \/>\n<meta property=\"article:modified_time\" content=\"2025-05-21T18:08:42+00:00\" \/>\n<meta property=\"og:image\" content=\"https:\/\/e-motopark.com\/wp-content\/uploads\/2024\/02\/Sur-Ron-Ultra-Bee-3-3_no_bg-yellow.jpg\" \/>\n\t<meta property=\"og:image:width\" content=\"1918\" \/>\n\t<meta property=\"og:image:height\" content=\"1372\" \/>\n\t<meta property=\"og:image:type\" content=\"image\/jpeg\" \/>\n<meta name=\"twitter:card\" content=\"summary_large_image\" \/>\n<meta name=\"twitter:label1\" content=\"Est. reading time\" \/>\n\t<meta name=\"twitter:data1\" content=\"1 minute\" \/>\n<script type=\"application\/ld+json\" class=\"yoast-schema-graph\">{\"@context\":\"https:\\\/\\\/schema.org\",\"@graph\":[{\"@type\":\"WebPage\",\"@id\":\"https:\\\/\\\/e-motopark.com\\\/en\\\/cart\\\/\",\"url\":\"https:\\\/\\\/e-motopark.com\\\/en\\\/cart\\\/\",\"name\":\"Cart - E-Moto Park\",\"isPartOf\":{\"@id\":\"https:\\\/\\\/e-motopark.com\\\/en\\\/#website\"},\"primaryImageOfPage\":{\"@id\":\"https:\\\/\\\/e-motopark.com\\\/en\\\/cart\\\/#primaryimage\"},\"image\":{\"@id\":\"https:\\\/\\\/e-motopark.com\\\/en\\\/cart\\\/#primaryimage\"},\"thumbnailUrl\":\"https:\\\/\\\/e-motopark.com\\\/wp-content\\\/uploads\\\/2024\\\/02\\\/Sur-Ron-Ultra-Bee-3-3_no_bg-yellow.jpg\",\"datePublished\":\"2023-11-23T06:41:50+00:00\",\"dateModified\":\"2025-05-21T18:08:42+00:00\",\"breadcrumb\":{\"@id\":\"https:\\\/\\\/e-motopark.com\\\/en\\\/cart\\\/#breadcrumb\"},\"inLanguage\":\"en-US\",\"potentialAction\":[{\"@type\":\"ReadAction\",\"target\":[\"https:\\\/\\\/e-motopark.com\\\/en\\\/cart\\\/\"]}]},{\"@type\":\"ImageObject\",\"inLanguage\":\"en-US\",\"@id\":\"https:\\\/\\\/e-motopark.com\\\/en\\\/cart\\\/#primaryimage\",\"url\":\"https:\\\/\\\/e-motopark.com\\\/wp-content\\\/uploads\\\/2024\\\/02\\\/Sur-Ron-Ultra-Bee-3-3_no_bg-yellow.jpg\",\"contentUrl\":\"https:\\\/\\\/e-motopark.com\\\/wp-content\\\/uploads\\\/2024\\\/02\\\/Sur-Ron-Ultra-Bee-3-3_no_bg-yellow.jpg\",\"width\":1918,\"height\":1372},{\"@type\":\"BreadcrumbList\",\"@id\":\"https:\\\/\\\/e-motopark.com\\\/en\\\/cart\\\/#breadcrumb\",\"itemListElement\":[{\"@type\":\"ListItem\",\"position\":1,\"name\":\"Dom\u016f\",\"item\":\"https:\\\/\\\/e-motopark.com\\\/en\\\/e-moto-park-shop-and-rental-of-electric-motorbikes\\\/\"},{\"@type\":\"ListItem\",\"position\":2,\"name\":\"Cart\"}]},{\"@type\":\"WebSite\",\"@id\":\"https:\\\/\\\/e-motopark.com\\\/en\\\/#website\",\"url\":\"https:\\\/\\\/e-motopark.com\\\/en\\\/\",\"name\":\"E-Moto Park\",\"description\":\"Prodejna a p\u016fj\u010dovna elektrick\u00fdch motorek\",\"publisher\":{\"@id\":\"https:\\\/\\\/e-motopark.com\\\/en\\\/#organization\"},\"potentialAction\":[{\"@type\":\"SearchAction\",\"target\":{\"@type\":\"EntryPoint\",\"urlTemplate\":\"https:\\\/\\\/e-motopark.com\\\/en\\\/?s={search_term_string}\"},\"query-input\":{\"@type\":\"PropertyValueSpecification\",\"valueRequired\":true,\"valueName\":\"search_term_string\"}}],\"inLanguage\":\"en-US\"},{\"@type\":\"Organization\",\"@id\":\"https:\\\/\\\/e-motopark.com\\\/en\\\/#organization\",\"name\":\"E-Moto Park\",\"url\":\"https:\\\/\\\/e-motopark.com\\\/en\\\/\",\"logo\":{\"@type\":\"ImageObject\",\"inLanguage\":\"en-US\",\"@id\":\"https:\\\/\\\/e-motopark.com\\\/en\\\/#\\\/schema\\\/logo\\\/image\\\/\",\"url\":\"https:\\\/\\\/e-motopark.com\\\/wp-content\\\/uploads\\\/2023\\\/11\\\/cropped-cropped-E-Moto-Park-logo.png\",\"contentUrl\":\"https:\\\/\\\/e-motopark.com\\\/wp-content\\\/uploads\\\/2023\\\/11\\\/cropped-cropped-E-Moto-Park-logo.png\",\"width\":108,\"height\":50,\"caption\":\"E-Moto Park\"},\"image\":{\"@id\":\"https:\\\/\\\/e-motopark.com\\\/en\\\/#\\\/schema\\\/logo\\\/image\\\/\"},\"sameAs\":[\"https:\\\/\\\/www.facebook.com\\\/EmotoPark\\\/\"]}]}<\/script>\n<!-- \/ Yoast SEO Premium plugin. -->","yoast_head_json":{"title":"Cart - E-Moto Park","robots":{"index":"index","follow":"follow","max-snippet":"max-snippet:-1","max-image-preview":"max-image-preview:large","max-video-preview":"max-video-preview:-1"},"canonical":"https:\/\/e-motopark.com\/en\/cart\/","og_locale":"en_US","og_type":"article","og_title":"Cart","og_url":"https:\/\/e-motopark.com\/en\/cart\/","og_site_name":"E-Moto Park","article_publisher":"https:\/\/www.facebook.com\/EmotoPark\/","article_modified_time":"2025-05-21T18:08:42+00:00","og_image":[{"width":1918,"height":1372,"url":"https:\/\/e-motopark.com\/wp-content\/uploads\/2024\/02\/Sur-Ron-Ultra-Bee-3-3_no_bg-yellow.jpg","type":"image\/jpeg"}],"twitter_card":"summary_large_image","twitter_misc":{"Est. reading time":"1 minute"},"schema":{"@context":"https:\/\/schema.org","@graph":[{"@type":"WebPage","@id":"https:\/\/e-motopark.com\/en\/cart\/","url":"https:\/\/e-motopark.com\/en\/cart\/","name":"Cart - E-Moto Park","isPartOf":{"@id":"https:\/\/e-motopark.com\/en\/#website"},"primaryImageOfPage":{"@id":"https:\/\/e-motopark.com\/en\/cart\/#primaryimage"},"image":{"@id":"https:\/\/e-motopark.com\/en\/cart\/#primaryimage"},"thumbnailUrl":"https:\/\/e-motopark.com\/wp-content\/uploads\/2024\/02\/Sur-Ron-Ultra-Bee-3-3_no_bg-yellow.jpg","datePublished":"2023-11-23T06:41:50+00:00","dateModified":"2025-05-21T18:08:42+00:00","breadcrumb":{"@id":"https:\/\/e-motopark.com\/en\/cart\/#breadcrumb"},"inLanguage":"en-US","potentialAction":[{"@type":"ReadAction","target":["https:\/\/e-motopark.com\/en\/cart\/"]}]},{"@type":"ImageObject","inLanguage":"en-US","@id":"https:\/\/e-motopark.com\/en\/cart\/#primaryimage","url":"https:\/\/e-motopark.com\/wp-content\/uploads\/2024\/02\/Sur-Ron-Ultra-Bee-3-3_no_bg-yellow.jpg","contentUrl":"https:\/\/e-motopark.com\/wp-content\/uploads\/2024\/02\/Sur-Ron-Ultra-Bee-3-3_no_bg-yellow.jpg","width":1918,"height":1372},{"@type":"BreadcrumbList","@id":"https:\/\/e-motopark.com\/en\/cart\/#breadcrumb","itemListElement":[{"@type":"ListItem","position":1,"name":"Dom\u016f","item":"https:\/\/e-motopark.com\/en\/e-moto-park-shop-and-rental-of-electric-motorbikes\/"},{"@type":"ListItem","position":2,"name":"Cart"}]},{"@type":"WebSite","@id":"https:\/\/e-motopark.com\/en\/#website","url":"https:\/\/e-motopark.com\/en\/","name":"E-Moto Park","description":"Prodejna a p\u016fj\u010dovna elektrick\u00fdch motorek","publisher":{"@id":"https:\/\/e-motopark.com\/en\/#organization"},"potentialAction":[{"@type":"SearchAction","target":{"@type":"EntryPoint","urlTemplate":"https:\/\/e-motopark.com\/en\/?s={search_term_string}"},"query-input":{"@type":"PropertyValueSpecification","valueRequired":true,"valueName":"search_term_string"}}],"inLanguage":"en-US"},{"@type":"Organization","@id":"https:\/\/e-motopark.com\/en\/#organization","name":"E-Moto Park","url":"https:\/\/e-motopark.com\/en\/","logo":{"@type":"ImageObject","inLanguage":"en-US","@id":"https:\/\/e-motopark.com\/en\/#\/schema\/logo\/image\/","url":"https:\/\/e-motopark.com\/wp-content\/uploads\/2023\/11\/cropped-cropped-E-Moto-Park-logo.png","contentUrl":"https:\/\/e-motopark.com\/wp-content\/uploads\/2023\/11\/cropped-cropped-E-Moto-Park-logo.png","width":108,"height":50,"caption":"E-Moto Park"},"image":{"@id":"https:\/\/e-motopark.com\/en\/#\/schema\/logo\/image\/"},"sameAs":["https:\/\/www.facebook.com\/EmotoPark\/"]}]}},"_links":{"self":[{"href":"https:\/\/e-motopark.com\/en\/wp-json\/wp\/v2\/pages\/9188","targetHints":{"allow":["GET"]}}],"collection":[{"href":"https:\/\/e-motopark.com\/en\/wp-json\/wp\/v2\/pages"}],"about":[{"href":"https:\/\/e-motopark.com\/en\/wp-json\/wp\/v2\/types\/page"}],"author":[{"embeddable":true,"href":"https:\/\/e-motopark.com\/en\/wp-json\/wp\/v2\/users\/1"}],"replies":[{"embeddable":true,"href":"https:\/\/e-motopark.com\/en\/wp-json\/wp\/v2\/comments?post=9188"}],"version-history":[{"count":2,"href":"https:\/\/e-motopark.com\/en\/wp-json\/wp\/v2\/pages\/9188\/revisions"}],"predecessor-version":[{"id":11218,"href":"https:\/\/e-motopark.com\/en\/wp-json\/wp\/v2\/pages\/9188\/revisions\/11218"}],"wp:featuredmedia":[{"embeddable":true,"href":"https:\/\/e-motopark.com\/en\/wp-json\/wp\/v2\/media\/7573"}],"wp:attachment":[{"href":"https:\/\/e-motopark.com\/en\/wp-json\/wp\/v2\/media?parent=9188"}],"curies":[{"name":"wp","href":"https:\/\/api.w.org\/{rel}","templated":true}]}}