{"id":9202,"date":"2023-12-19T07:35:49","date_gmt":"2023-12-19T06:35:49","guid":{"rendered":"https:\/\/e-motopark.com\/contact\/"},"modified":"2025-05-09T19:23:25","modified_gmt":"2025-05-09T17:23:25","slug":"contact","status":"publish","type":"page","link":"https:\/\/e-motopark.com\/en\/contact\/","title":{"rendered":"Contact"},"content":{"rendered":"\n<main class=\"wp-block-group is-layout-flow wp-container-core-group-is-layout-3200a034 wp-block-group-is-layout-flow\" style=\"margin-top:var(--wp--preset--spacing--70);margin-bottom:120px\">\n<div class=\"wp-block-group has-global-padding is-layout-constrained wp-container-core-group-is-layout-61468204 wp-block-group-is-layout-constrained\">\n<h1 class=\"wp-block-heading has-text-align-center has-primary-color has-text-color has-link-color wp-elements-cc802b04709063fdf04ce7ae2b6e9096\" id=\"h-e-moto-park-contact\" style=\"margin-bottom:23px;font-size:clamp(25.014px, 1.563rem + ((1vw - 3.2px) * 1.93), 42px);font-style:normal;font-weight:400;line-height:1.2\"><mark style=\"background-color:rgba(0, 0, 0, 0)\" class=\"has-inline-color has-contrast-color\">E-Moto Park \/ Contact<\/mark><\/h1>\n\n\n\n<p class=\"has-text-align-center has-white-color has-text-color\" style=\"margin-bottom:33px;line-height:1.7\"><mark style=\"background-color:rgba(0, 0, 0, 0)\" class=\"has-inline-color has-contrast-color\">If you need help, please contact us, send us an email.<\/mark><\/p>\n<\/div>\n\n\n\n<div class=\"wp-block-group alignwide has-global-padding is-layout-constrained wp-block-group-is-layout-constrained\">\n<div class=\"wp-block-columns alignwide are-vertically-aligned-center is-layout-flex wp-container-core-columns-is-layout-9ece2e98 wp-block-columns-is-layout-flex\" style=\"padding-right:15px;padding-left:15px\">\n<div class=\"wp-block-column is-vertically-aligned-center has-border-color has-gray-700-background-color has-background has-global-padding is-layout-constrained wp-container-core-column-is-layout-aec3f92f wp-block-column-is-layout-constrained\" style=\"border-color:#e5e5e5;border-width:1px;padding-top:34px;padding-right:39px;padding-bottom:27px;padding-left:39px;flex-basis:33.33%\">\n<figure class=\"wp-block-image size-full is-resized\"><img decoding=\"async\" src=\"http:\/\/transvelo.github.io\/kereta\/assets\/images\/icons8-call-32.png\" alt=\"\" class=\"wp-image-648\"\/><\/figure>\n\n\n\n<h3 class=\"wp-block-heading has-primary-color has-text-color has-link-color wp-elements-188b81f1c9784cb48717a9bd0032abd9\" id=\"h-phone-contact-email\" style=\"margin-top:14px;font-size:clamp(14px, 0.875rem + ((1vw - 3.2px) * 0.682), 20px);font-style:normal;font-weight:400\"><mark style=\"background-color:rgba(0, 0, 0, 0)\" class=\"has-inline-color has-contrast-color\"><strong>Phone contact, email:<\/strong><\/mark><\/h3>\n\n\n\n<p class=\"has-light-color has-text-color has-link-color wp-elements-b0c4408bbb9d2ac77f8d9d49a7b00ae3\" style=\"margin-top:10px;margin-right:0px;margin-bottom:0px;margin-left:0px\"><mark style=\"background-color:rgba(0, 0, 0, 0);color:#010101\" class=\"has-inline-color\">Radim (+420) 721 625 601<\/mark><\/p>\n\n\n\n<p class=\"has-light-color has-text-color has-link-color wp-elements-4f7315df405dd6a3b512adae95ac0e18\" style=\"margin-top:4px;margin-right:0px;margin-bottom:0px;margin-left:0px\"><mark style=\"background-color:rgba(0, 0, 0, 0);color:#010101\" class=\"has-inline-color\">Luk\u00e1\u0161 (+420) 732 451 794<\/mark><\/p>\n\n\n\n<p><a href=\"mailto:theloke@support.com\" data-type=\"mailto\" data-id=\"mailto:theloke@support.com\"><mark style=\"background-color:rgba(0, 0, 0, 0);color:#010101\" class=\"has-inline-color\">info@e-moto-park.com<\/mark><\/a><\/p>\n<\/div>\n\n\n\n<div class=\"wp-block-column is-vertically-aligned-center has-border-color has-gray-700-background-color has-background has-global-padding is-layout-constrained wp-container-core-column-is-layout-1ad71378 wp-block-column-is-layout-constrained\" style=\"border-color:#e5e5e5;border-width:1px;padding-top:34px;padding-right:39px;padding-bottom:27px;padding-left:39px;flex-basis:33.33%\">\n<figure class=\"wp-block-image size-full is-resized\"><img decoding=\"async\" src=\"http:\/\/transvelo.github.io\/kereta\/assets\/images\/icons8-location-50.png\" alt=\"\" class=\"wp-image-649\"\/><\/figure>\n\n\n\n<h3 class=\"wp-block-heading has-primary-color has-text-color has-link-color wp-elements-0cd2e7178a8e1f037d4274e69a88af69\" id=\"h-e-moto-park-shop\" style=\"margin-top:14px;font-size:clamp(14px, 0.875rem + ((1vw - 3.2px) * 0.682), 20px);font-style:normal;font-weight:400\"><img decoding=\"async\" width=\"30\" height=\"30\" class=\"wp-image-5068\" style=\"width: 30px;\" src=\"https:\/\/e-motopark.com\/wp-content\/uploads\/2024\/03\/cropped-Sur-Ron-Ultra-Bee-3-3_no_bg-yellow.jpg\" alt=\"\" srcset=\"https:\/\/e-motopark.com\/wp-content\/uploads\/2024\/03\/cropped-Sur-Ron-Ultra-Bee-3-3_no_bg-yellow.jpg 1372w, https:\/\/e-motopark.com\/wp-content\/uploads\/2024\/03\/cropped-Sur-Ron-Ultra-Bee-3-3_no_bg-yellow-300x300.jpg 300w, https:\/\/e-motopark.com\/wp-content\/uploads\/2024\/03\/cropped-Sur-Ron-Ultra-Bee-3-3_no_bg-yellow-100x100.jpg 100w, https:\/\/e-motopark.com\/wp-content\/uploads\/2024\/03\/cropped-Sur-Ron-Ultra-Bee-3-3_no_bg-yellow-600x600.jpg 600w, https:\/\/e-motopark.com\/wp-content\/uploads\/2024\/03\/cropped-Sur-Ron-Ultra-Bee-3-3_no_bg-yellow-64x64.jpg 64w, https:\/\/e-motopark.com\/wp-content\/uploads\/2024\/03\/cropped-Sur-Ron-Ultra-Bee-3-3_no_bg-yellow-50x50.jpg 50w, https:\/\/e-motopark.com\/wp-content\/uploads\/2024\/03\/cropped-Sur-Ron-Ultra-Bee-3-3_no_bg-yellow-150x150.jpg 150w, https:\/\/e-motopark.com\/wp-content\/uploads\/2024\/03\/cropped-Sur-Ron-Ultra-Bee-3-3_no_bg-yellow-768x768.jpg 768w, https:\/\/e-motopark.com\/wp-content\/uploads\/2024\/03\/cropped-Sur-Ron-Ultra-Bee-3-3_no_bg-yellow-1024x1024.jpg 1024w, https:\/\/e-motopark.com\/wp-content\/uploads\/2024\/03\/cropped-Sur-Ron-Ultra-Bee-3-3_no_bg-yellow-1200x1200.jpg 1200w, https:\/\/e-motopark.com\/wp-content\/uploads\/2024\/03\/cropped-Sur-Ron-Ultra-Bee-3-3_no_bg-yellow-800x800.jpg 800w, https:\/\/e-motopark.com\/wp-content\/uploads\/2024\/03\/cropped-Sur-Ron-Ultra-Bee-3-3_no_bg-yellow-400x400.jpg 400w, https:\/\/e-motopark.com\/wp-content\/uploads\/2024\/03\/cropped-Sur-Ron-Ultra-Bee-3-3_no_bg-yellow-200x200.jpg 200w, https:\/\/e-motopark.com\/wp-content\/uploads\/2024\/03\/cropped-Sur-Ron-Ultra-Bee-3-3_no_bg-yellow-1320x1320.jpg 1320w\" sizes=\"(max-width: 30px) 100vw, 30px\" \/><mark style=\"background-color:rgba(0, 0, 0, 0)\" class=\"has-inline-color has-contrast-color\"><strong>E-Moto Park shop:<\/strong><\/mark><\/h3>\n\n\n\n<p class=\"has-light-color has-text-color\" style=\"margin-top:10px;margin-right:0px;margin-bottom:0px;margin-left:0px\"><mark style=\"background-color:rgba(0, 0, 0, 0);color:#010101\" class=\"has-inline-color\">N\u00e1vs\u00ed 181, N\u00e1vs\u00ed 73992<\/mark><\/p>\n\n\n\n<p class=\"has-light-color has-text-color\" style=\"margin-top:4px;margin-right:0px;margin-bottom:0px;margin-left:0px\"><mark style=\"background-color:rgba(0, 0, 0, 0);color:#010101\" class=\"has-inline-color\">\u010cesk\u00e1 republika<\/mark><\/p>\n\n\n\n<p class=\"has-light-color has-text-color has-link-color wp-elements-bbc115f4ed2e98352b0ec21530f8244c\"><mark style=\"background-color:rgba(0, 0, 0, 0);color:#010101\" class=\"has-inline-color\">Call in advance to visit the shop! We do not have fixed opening hours. <\/mark><\/p>\n<\/div>\n\n\n\n<div class=\"wp-block-column is-vertically-aligned-center has-border-color has-gray-700-background-color has-background has-global-padding is-layout-constrained wp-container-core-column-is-layout-1ad71378 wp-block-column-is-layout-constrained\" style=\"border-color:#e5e5e5;border-width:1px;padding-top:34px;padding-right:39px;padding-bottom:27px;padding-left:39px;flex-basis:33.33%\">\n<h3 class=\"wp-block-heading has-primary-color has-text-color has-link-color wp-elements-7adc4d451ac4dc1aa715577107c551ef\" id=\"h-e-shop-operator\" style=\"margin-top:14px;font-size:clamp(14px, 0.875rem + ((1vw - 3.2px) * 0.682), 20px);font-style:normal;font-weight:400\"><mark style=\"background-color:rgba(0, 0, 0, 0)\" class=\"has-inline-color has-contrast-color\"><strong>E-Shop Operator:<\/strong><\/mark><\/h3>\n\n\n\n<p class=\"has-light-color has-text-color\" style=\"margin-top:10px;margin-right:0px;margin-bottom:0px;margin-left:0px\"><mark style=\"background-color:rgba(0, 0, 0, 0);color:#010101\" class=\"has-inline-color\">Radim Karczmarzyk<\/mark><\/p>\n\n\n\n<p class=\"has-light-color has-text-color\" style=\"margin-top:4px;margin-right:0px;margin-bottom:0px;margin-left:0px\"><mark style=\"background-color:rgba(0, 0, 0, 0);color:#010101\" class=\"has-inline-color\">I\u010cO: 09428062<\/mark><\/p>\n\n\n\n<p class=\"has-light-color has-text-color\" style=\"margin-top:10px;margin-right:0px;margin-bottom:0px;margin-left:0px\"><mark style=\"background-color:rgba(0, 0, 0, 0);color:#010101\" class=\"has-inline-color\">DI\u010c: <\/mark><mark style=\"background-color:rgba(0, 0, 0, 0);color:#010101\" class=\"has-inline-color\"><\/mark><mark style=\"background-color:rgba(0, 0, 0, 0);color:#010101\" class=\"has-inline-color\"><\/mark><mark style=\"background-color:rgba(0, 0, 0, 0);color:#010101\" class=\"has-inline-color\">CZ9301125394<\/mark><\/p>\n\n\n\n<p class=\"has-light-color has-text-color\" style=\"margin-top:4px;margin-right:0px;margin-bottom:0px;margin-left:0px\"><mark style=\"background-color:rgba(0, 0, 0, 0);color:#010101\" class=\"has-inline-color\">BANK.\u00da\u010cET CZ: 6635568369\/0800<\/mark><mark style=\"background-color:rgba(0, 0, 0, 0);color:#010101\" class=\"has-inline-color\"><\/mark><\/p>\n\n\n\n<p><mark style=\"background-color:rgba(0, 0, 0, 0);color:#010101\" class=\"has-inline-color\">IBAN: CZ7008000000006635568369<\/mark><\/p>\n\n\n\n<p class=\"has-text-color has-link-color wp-elements-dac5c291321dc1a75a5852eb1f21afb0\" style=\"color:#888888;margin-top:4px;margin-right:0px;margin-left:0px\"><mark style=\"background-color:rgba(0, 0, 0, 0);color:#010101\" class=\"has-inline-color\">SWIFT\/BIC: GIBACZPX<\/mark><\/p>\n<\/div>\n<\/div>\n<\/div>\n\n\n\n<div class=\"wp-block-group alignfull has-global-padding is-layout-constrained wp-container-core-group-is-layout-8b3f25ef wp-block-group-is-layout-constrained\" style=\"margin-top:70px;margin-bottom:90px\">\t\t<div\n            id=\"wpmapblock_e19282ba\"\n            data-settings='{&quot;map_marker&quot;:[{&quot;lat&quot;:&quot;49.5991814&quot;,&quot;lng&quot;:&quot;18.7419586&quot;,&quot;title&quot;:&quot;E-Moto Park&quot;,&quot;content&quot;:&quot;N\\u00e1vs\\u00ed 181 73992&quot;,&quot;iconType&quot;:&quot;custom&quot;,&quot;customIconUrl&quot;:&quot;https:\\\/\\\/e-motopark.com\\\/wp-content\\\/uploads\\\/2024\\\/03\\\/cropped-Sur-Ron-Ultra-Bee-3-3_no_bg-yellow.jpg&quot;,&quot;customIconWidth&quot;:&quot;25&quot;,&quot;customIconHeight&quot;:&quot;24&quot;}],&quot;map_zoom&quot;:&quot;7&quot;,&quot;scroll_wheel_zoom&quot;:&quot;1&quot;,&quot;map_type&quot;:&quot;GM&quot;,&quot;center_index&quot;:0}'\n            class=\"wpmapblockrender\"\n            style=\"\n\t\t\twidth: 100%;\n\t\t\theight: 459px;\n\t\t\"\n            >\n        <\/div>\n        <\/div>\n\n\n\n<div class=\"wp-block-group alignfull has-global-padding is-layout-constrained wp-container-core-group-is-layout-0400cb94 wp-block-group-is-layout-constrained\"><\/div>\n<\/main>\n","protected":false},"excerpt":{"rendered":"<p>E-Moto Park \/ Contact If you need help, please contact us, send us an email. Phone contact, email: Radim (+420) 721 625 601 Luk\u00e1\u0161 (+420) 732 451 794 info@e-moto-park.com E-Moto Park shop: N\u00e1vs\u00ed 181, N\u00e1vs\u00ed 73992 \u010cesk\u00e1 republika Call in advance to visit the shop! We do not have fixed opening hours. E-Shop Operator: Radim [&hellip;]<\/p>\n","protected":false},"author":243040593,"featured_media":7573,"parent":0,"menu_order":0,"comment_status":"closed","ping_status":"closed","template":"contact-us","meta":{"footnotes":""},"class_list":["post-9202","page","type-page","status-publish","has-post-thumbnail","hentry"],"yoast_head":"<!-- This site is optimized with the Yoast SEO Premium plugin v27.4 (Yoast SEO v27.5) - https:\/\/yoast.com\/product\/yoast-seo-premium-wordpress\/ -->\n<title>Contact - E-Moto Park<\/title>\n<meta name=\"robots\" content=\"index, follow, max-snippet:-1, max-image-preview:large, max-video-preview:-1\" \/>\n<link rel=\"canonical\" href=\"https:\/\/e-motopark.com\/en\/contact\/\" \/>\n<meta property=\"og:locale\" content=\"en_US\" \/>\n<meta property=\"og:type\" content=\"article\" \/>\n<meta property=\"og:title\" content=\"Contact\" \/>\n<meta property=\"og:description\" content=\"E-Moto Park \/ Contact If you need help, please contact us, send us an email. Phone contact, email: Radim (+420) 721 625 601 Luk\u00e1\u0161 (+420) 732 451 794 info@e-moto-park.com E-Moto Park shop: N\u00e1vs\u00ed 181, N\u00e1vs\u00ed 73992 \u010cesk\u00e1 republika Call in advance to visit the shop! We do not have fixed opening hours. E-Shop Operator: Radim [&hellip;]\" \/>\n<meta property=\"og:url\" content=\"https:\/\/e-motopark.com\/en\/contact\/\" \/>\n<meta property=\"og:site_name\" content=\"E-Moto Park\" \/>\n<meta property=\"article:publisher\" content=\"https:\/\/www.facebook.com\/EmotoPark\/\" \/>\n<meta property=\"article:modified_time\" content=\"2025-05-09T17:23:25+00:00\" \/>\n<meta property=\"og:image\" content=\"https:\/\/e-motopark.com\/wp-content\/uploads\/2024\/02\/Sur-Ron-Ultra-Bee-3-3_no_bg-yellow.jpg\" \/>\n\t<meta property=\"og:image:width\" content=\"1918\" \/>\n\t<meta property=\"og:image:height\" content=\"1372\" \/>\n\t<meta property=\"og:image:type\" content=\"image\/jpeg\" \/>\n<meta name=\"twitter:card\" content=\"summary_large_image\" \/>\n<meta name=\"twitter:label1\" content=\"Est. reading time\" \/>\n\t<meta name=\"twitter:data1\" content=\"2 minutes\" \/>\n<script type=\"application\/ld+json\" class=\"yoast-schema-graph\">{\"@context\":\"https:\\\/\\\/schema.org\",\"@graph\":[{\"@type\":\"WebPage\",\"@id\":\"https:\\\/\\\/e-motopark.com\\\/en\\\/contact\\\/\",\"url\":\"https:\\\/\\\/e-motopark.com\\\/en\\\/contact\\\/\",\"name\":\"Contact - E-Moto Park\",\"isPartOf\":{\"@id\":\"https:\\\/\\\/e-motopark.com\\\/en\\\/#website\"},\"primaryImageOfPage\":{\"@id\":\"https:\\\/\\\/e-motopark.com\\\/en\\\/contact\\\/#primaryimage\"},\"image\":{\"@id\":\"https:\\\/\\\/e-motopark.com\\\/en\\\/contact\\\/#primaryimage\"},\"thumbnailUrl\":\"https:\\\/\\\/e-motopark.com\\\/wp-content\\\/uploads\\\/2024\\\/02\\\/Sur-Ron-Ultra-Bee-3-3_no_bg-yellow.jpg\",\"datePublished\":\"2023-12-19T06:35:49+00:00\",\"dateModified\":\"2025-05-09T17:23:25+00:00\",\"breadcrumb\":{\"@id\":\"https:\\\/\\\/e-motopark.com\\\/en\\\/contact\\\/#breadcrumb\"},\"inLanguage\":\"en-US\",\"potentialAction\":[{\"@type\":\"ReadAction\",\"target\":[\"https:\\\/\\\/e-motopark.com\\\/en\\\/contact\\\/\"]}]},{\"@type\":\"ImageObject\",\"inLanguage\":\"en-US\",\"@id\":\"https:\\\/\\\/e-motopark.com\\\/en\\\/contact\\\/#primaryimage\",\"url\":\"https:\\\/\\\/e-motopark.com\\\/wp-content\\\/uploads\\\/2024\\\/02\\\/Sur-Ron-Ultra-Bee-3-3_no_bg-yellow.jpg\",\"contentUrl\":\"https:\\\/\\\/e-motopark.com\\\/wp-content\\\/uploads\\\/2024\\\/02\\\/Sur-Ron-Ultra-Bee-3-3_no_bg-yellow.jpg\",\"width\":1918,\"height\":1372},{\"@type\":\"BreadcrumbList\",\"@id\":\"https:\\\/\\\/e-motopark.com\\\/en\\\/contact\\\/#breadcrumb\",\"itemListElement\":[{\"@type\":\"ListItem\",\"position\":1,\"name\":\"Dom\u016f\",\"item\":\"https:\\\/\\\/e-motopark.com\\\/en\\\/e-moto-park-shop-and-rental-of-electric-motorbikes\\\/\"},{\"@type\":\"ListItem\",\"position\":2,\"name\":\"Contact\"}]},{\"@type\":\"WebSite\",\"@id\":\"https:\\\/\\\/e-motopark.com\\\/en\\\/#website\",\"url\":\"https:\\\/\\\/e-motopark.com\\\/en\\\/\",\"name\":\"E-Moto Park\",\"description\":\"Prodejna a p\u016fj\u010dovna elektrick\u00fdch motorek\",\"publisher\":{\"@id\":\"https:\\\/\\\/e-motopark.com\\\/en\\\/#organization\"},\"potentialAction\":[{\"@type\":\"SearchAction\",\"target\":{\"@type\":\"EntryPoint\",\"urlTemplate\":\"https:\\\/\\\/e-motopark.com\\\/en\\\/?s={search_term_string}\"},\"query-input\":{\"@type\":\"PropertyValueSpecification\",\"valueRequired\":true,\"valueName\":\"search_term_string\"}}],\"inLanguage\":\"en-US\"},{\"@type\":\"Organization\",\"@id\":\"https:\\\/\\\/e-motopark.com\\\/en\\\/#organization\",\"name\":\"E-Moto Park\",\"url\":\"https:\\\/\\\/e-motopark.com\\\/en\\\/\",\"logo\":{\"@type\":\"ImageObject\",\"inLanguage\":\"en-US\",\"@id\":\"https:\\\/\\\/e-motopark.com\\\/en\\\/#\\\/schema\\\/logo\\\/image\\\/\",\"url\":\"https:\\\/\\\/e-motopark.com\\\/wp-content\\\/uploads\\\/2023\\\/11\\\/cropped-cropped-E-Moto-Park-logo.png\",\"contentUrl\":\"https:\\\/\\\/e-motopark.com\\\/wp-content\\\/uploads\\\/2023\\\/11\\\/cropped-cropped-E-Moto-Park-logo.png\",\"width\":108,\"height\":50,\"caption\":\"E-Moto Park\"},\"image\":{\"@id\":\"https:\\\/\\\/e-motopark.com\\\/en\\\/#\\\/schema\\\/logo\\\/image\\\/\"},\"sameAs\":[\"https:\\\/\\\/www.facebook.com\\\/EmotoPark\\\/\"]}]}<\/script>\n<!-- \/ Yoast SEO Premium plugin. -->","yoast_head_json":{"title":"Contact - E-Moto Park","robots":{"index":"index","follow":"follow","max-snippet":"max-snippet:-1","max-image-preview":"max-image-preview:large","max-video-preview":"max-video-preview:-1"},"canonical":"https:\/\/e-motopark.com\/en\/contact\/","og_locale":"en_US","og_type":"article","og_title":"Contact","og_description":"E-Moto Park \/ Contact If you need help, please contact us, send us an email. Phone contact, email: Radim (+420) 721 625 601 Luk\u00e1\u0161 (+420) 732 451 794 info@e-moto-park.com E-Moto Park shop: N\u00e1vs\u00ed 181, N\u00e1vs\u00ed 73992 \u010cesk\u00e1 republika Call in advance to visit the shop! We do not have fixed opening hours. E-Shop Operator: Radim [&hellip;]","og_url":"https:\/\/e-motopark.com\/en\/contact\/","og_site_name":"E-Moto Park","article_publisher":"https:\/\/www.facebook.com\/EmotoPark\/","article_modified_time":"2025-05-09T17:23:25+00:00","og_image":[{"width":1918,"height":1372,"url":"https:\/\/e-motopark.com\/wp-content\/uploads\/2024\/02\/Sur-Ron-Ultra-Bee-3-3_no_bg-yellow.jpg","type":"image\/jpeg"}],"twitter_card":"summary_large_image","twitter_misc":{"Est. reading time":"2 minutes"},"schema":{"@context":"https:\/\/schema.org","@graph":[{"@type":"WebPage","@id":"https:\/\/e-motopark.com\/en\/contact\/","url":"https:\/\/e-motopark.com\/en\/contact\/","name":"Contact - E-Moto Park","isPartOf":{"@id":"https:\/\/e-motopark.com\/en\/#website"},"primaryImageOfPage":{"@id":"https:\/\/e-motopark.com\/en\/contact\/#primaryimage"},"image":{"@id":"https:\/\/e-motopark.com\/en\/contact\/#primaryimage"},"thumbnailUrl":"https:\/\/e-motopark.com\/wp-content\/uploads\/2024\/02\/Sur-Ron-Ultra-Bee-3-3_no_bg-yellow.jpg","datePublished":"2023-12-19T06:35:49+00:00","dateModified":"2025-05-09T17:23:25+00:00","breadcrumb":{"@id":"https:\/\/e-motopark.com\/en\/contact\/#breadcrumb"},"inLanguage":"en-US","potentialAction":[{"@type":"ReadAction","target":["https:\/\/e-motopark.com\/en\/contact\/"]}]},{"@type":"ImageObject","inLanguage":"en-US","@id":"https:\/\/e-motopark.com\/en\/contact\/#primaryimage","url":"https:\/\/e-motopark.com\/wp-content\/uploads\/2024\/02\/Sur-Ron-Ultra-Bee-3-3_no_bg-yellow.jpg","contentUrl":"https:\/\/e-motopark.com\/wp-content\/uploads\/2024\/02\/Sur-Ron-Ultra-Bee-3-3_no_bg-yellow.jpg","width":1918,"height":1372},{"@type":"BreadcrumbList","@id":"https:\/\/e-motopark.com\/en\/contact\/#breadcrumb","itemListElement":[{"@type":"ListItem","position":1,"name":"Dom\u016f","item":"https:\/\/e-motopark.com\/en\/e-moto-park-shop-and-rental-of-electric-motorbikes\/"},{"@type":"ListItem","position":2,"name":"Contact"}]},{"@type":"WebSite","@id":"https:\/\/e-motopark.com\/en\/#website","url":"https:\/\/e-motopark.com\/en\/","name":"E-Moto Park","description":"Prodejna a p\u016fj\u010dovna elektrick\u00fdch motorek","publisher":{"@id":"https:\/\/e-motopark.com\/en\/#organization"},"potentialAction":[{"@type":"SearchAction","target":{"@type":"EntryPoint","urlTemplate":"https:\/\/e-motopark.com\/en\/?s={search_term_string}"},"query-input":{"@type":"PropertyValueSpecification","valueRequired":true,"valueName":"search_term_string"}}],"inLanguage":"en-US"},{"@type":"Organization","@id":"https:\/\/e-motopark.com\/en\/#organization","name":"E-Moto Park","url":"https:\/\/e-motopark.com\/en\/","logo":{"@type":"ImageObject","inLanguage":"en-US","@id":"https:\/\/e-motopark.com\/en\/#\/schema\/logo\/image\/","url":"https:\/\/e-motopark.com\/wp-content\/uploads\/2023\/11\/cropped-cropped-E-Moto-Park-logo.png","contentUrl":"https:\/\/e-motopark.com\/wp-content\/uploads\/2023\/11\/cropped-cropped-E-Moto-Park-logo.png","width":108,"height":50,"caption":"E-Moto Park"},"image":{"@id":"https:\/\/e-motopark.com\/en\/#\/schema\/logo\/image\/"},"sameAs":["https:\/\/www.facebook.com\/EmotoPark\/"]}]}},"_links":{"self":[{"href":"https:\/\/e-motopark.com\/en\/wp-json\/wp\/v2\/pages\/9202","targetHints":{"allow":["GET"]}}],"collection":[{"href":"https:\/\/e-motopark.com\/en\/wp-json\/wp\/v2\/pages"}],"about":[{"href":"https:\/\/e-motopark.com\/en\/wp-json\/wp\/v2\/types\/page"}],"author":[{"embeddable":true,"href":"https:\/\/e-motopark.com\/en\/wp-json\/wp\/v2\/users\/243040593"}],"replies":[{"embeddable":true,"href":"https:\/\/e-motopark.com\/en\/wp-json\/wp\/v2\/comments?post=9202"}],"version-history":[{"count":6,"href":"https:\/\/e-motopark.com\/en\/wp-json\/wp\/v2\/pages\/9202\/revisions"}],"predecessor-version":[{"id":11175,"href":"https:\/\/e-motopark.com\/en\/wp-json\/wp\/v2\/pages\/9202\/revisions\/11175"}],"wp:featuredmedia":[{"embeddable":true,"href":"https:\/\/e-motopark.com\/en\/wp-json\/wp\/v2\/media\/7573"}],"wp:attachment":[{"href":"https:\/\/e-motopark.com\/en\/wp-json\/wp\/v2\/media?parent=9202"}],"curies":[{"name":"wp","href":"https:\/\/api.w.org\/{rel}","templated":true}]}}