{"id":11143,"date":"2025-05-02T09:12:24","date_gmt":"2025-05-02T07:12:24","guid":{"rendered":"https:\/\/e-motopark.com\/produkt\/talaria-komodo-32kw-mx-new-2025\/"},"modified":"2025-09-02T08:15:03","modified_gmt":"2025-09-02T06:15:03","slug":"talaria-komodo-32kw-mx-new-2025","status":"publish","type":"product","link":"https:\/\/e-motopark.com\/en\/product\/talaria-komodo-32kw-mx-new-2025\/","title":{"rendered":"Talaria KOMODO (32kW) (MX) (NEW 2025)"},"content":{"rendered":"<ul>\n<li>FREE shipping in the Czech Republic and SK.<\/li>\n<li>We accept binding reservations. (Limited number of pieces)<\/li>\n<li>Availability: approx. 30.09.2025<\/li>\n<\/ul>\n<h3><strong>Description:<\/strong><\/h3>\n<ul>\n<li>Electric motorcycle <strong>Talaria KOMODO (MX) power: 32kW<\/strong>, battery voltage: 97,2V, battery capacity: 45Ah<\/li>\n<li><span class=\"elementor-icon-list-text\">97,2V 45Ah battery with cells Samsung 50s \/ LG H51 (4374 WH)<\/span><\/li>\n<\/ul>\n<ul>\n<li><strong>Description:<\/strong><\/li>\n<li><span class=\"HwtZe\" lang=\"cs\"><span class=\"jCAhz ChMk0b\"><span class=\"ryNqvb\">The Talaria Komodo (official model name: TL6000 Komodo MX-CE) is the latest development from Talaria Power Tech, setting a new standard in the electric off-road motorcycle category.<\/span><\/span> <span class=\"jCAhz ChMk0b\"><span class=\"ryNqvb\">Not only does this model approach traditional petrol racing machines in size and performance, but it also seriously competes in design, chassis and technological level.<\/span><\/span> <span class=\"jCAhz ChMk0b\"><span class=\"ryNqvb\">With this model, Talaria has made it clear: the future of electric motorcycles is no longer a compromise, but a professional alternative.<\/span><\/span> <span class=\"jCAhz ChMk0b\"><span class=\"ryNqvb\">The official launch took place on 17 April with international retailers in attendance. <\/span><\/span><\/span><\/li>\n<\/ul>\n<ul>\n<li>Peak power: 32kW<\/li>\n<li>Peak torque: 90Nm<\/li>\n<li>Battery: 97.2V 45A (4374WH) Samsung 50s \/ LG H51<\/li>\n<li>Vehicle dimensions: 2200 mm \u00d7 810 mm \u00d7 1220 mm<\/li>\n<li>Wheelbase: 1380 mm<\/li>\n<li>Seat height: 910 mm<\/li>\n<li>Minimum clearance: 315 mm<\/li>\n<li>Air chamber fork with stroke: 250 mm<\/li>\n<li>Net vehicle weight: 98 kg (216 lb)<\/li>\n<li>Brake type Front\/Rear: Hydraulic disc brakes<\/li>\n<li>Angle steering: 45\u00b0<\/li>\n<li>Rim size: Front: 1.6\u00d721&#8243;; Rear: 2.15\u00d718&#8243;, Minimum turning radius 2.1 m<\/li>\n<li>Tyre size: front: 70\/100-R21; rear: 90\/100-R18<\/li>\n<li>Max. inclination: \u226545\u00b0 <\/li>\n<li>Make and type of tyre: Maxxis Knobby Max. load 160 kg <\/li>\n<li>Tyre pressure: Front \/ Rear: 225 kPa<\/li>\n<li>Chassis: Forged aluminium frame<\/li>\n<li>Swingarm: Forged aluminium<\/li>\n<\/ul>\n","protected":false},"excerpt":{"rendered":"<p>FREE shipping in the Czech Republic and SK. We accept binding reservations. (Limited number of pieces) Availability: approx. 30.09.2025 Description: Electric motorcycle Talaria KOMODO (MX) power: 32kW, battery voltage: 97,2V, battery capacity: 45Ah 97,2V 45Ah battery with cells Samsung 50s \/ LG H51 (4374 WH) Description: The Talaria Komodo (official model name: TL6000 Komodo MX-CE) [&hellip;]<\/p>\n","protected":false},"featured_media":17596,"template":"","meta":{"from_xml":"","manufacturer_code":"","emoto_stock":""},"product_brand":[],"product_cat":[1653],"product_tag":[],"emoto_spec_group":[],"class_list":{"0":"post-11143","1":"product","2":"type-product","3":"status-publish","4":"has-post-thumbnail","6":"product_cat-talaria-sting","8":"first","9":"onbackorder","10":"taxable","11":"shipping-taxable","12":"purchasable","13":"product-type-simple"},"exclude_global_add_ons":false,"addons":[],"yoast_head":"<!-- This site is optimized with the Yoast SEO Premium plugin v27.4 (Yoast SEO v27.5) - https:\/\/yoast.com\/product\/yoast-seo-premium-wordpress\/ -->\n<title>Talaria KOMODO (32kW) (MX) (NEW 2025) - E-Moto Park<\/title>\n<meta name=\"robots\" content=\"index, follow, max-snippet:-1, max-image-preview:large, max-video-preview:-1\" \/>\n<link rel=\"canonical\" href=\"https:\/\/e-motopark.com\/en\/product\/talaria-komodo-32kw-mx-new-2025\/\" \/>\n<meta property=\"og:locale\" content=\"en_US\" \/>\n<meta property=\"og:type\" content=\"article\" \/>\n<meta property=\"og:title\" content=\"Talaria KOMODO (32kW) (MX) (NEW 2025)\" \/>\n<meta property=\"og:description\" content=\"FREE shipping in the Czech Republic and SK. We accept binding reservations. (Limited number of pieces) Availability: approx. 30.09.2025 Description: Electric motorcycle Talaria KOMODO (MX) power: 32kW, battery voltage: 97,2V, battery capacity: 45Ah 97,2V 45Ah battery with cells Samsung 50s \/ LG H51 (4374 WH) Description: The Talaria Komodo (official model name: TL6000 Komodo MX-CE) [&hellip;]\" \/>\n<meta property=\"og:url\" content=\"https:\/\/e-motopark.com\/en\/product\/talaria-komodo-32kw-mx-new-2025\/\" \/>\n<meta property=\"og:site_name\" content=\"E-Moto Park\" \/>\n<meta property=\"article:publisher\" content=\"https:\/\/www.facebook.com\/EmotoPark\/\" \/>\n<meta property=\"article:modified_time\" content=\"2025-09-02T06:15:03+00:00\" \/>\n<meta property=\"og:image\" content=\"https:\/\/e-motopark.com\/wp-content\/uploads\/2025\/05\/Talaria-Komodo-32kW.jpg\" \/>\n\t<meta property=\"og:image:width\" content=\"816\" \/>\n\t<meta property=\"og:image:height\" content=\"582\" \/>\n\t<meta property=\"og:image:type\" content=\"image\/jpeg\" \/>\n<meta name=\"twitter:card\" content=\"summary_large_image\" \/>\n<meta name=\"twitter:label1\" content=\"Est. reading time\" \/>\n\t<meta name=\"twitter:data1\" content=\"1 minute\" \/>\n<script type=\"application\/ld+json\" class=\"yoast-schema-graph\">{\"@context\":\"https:\\\/\\\/schema.org\",\"@graph\":[{\"@type\":[\"WebPage\",\"ItemPage\"],\"@id\":\"https:\\\/\\\/e-motopark.com\\\/en\\\/product\\\/talaria-komodo-32kw-mx-new-2025\\\/\",\"url\":\"https:\\\/\\\/e-motopark.com\\\/en\\\/product\\\/talaria-komodo-32kw-mx-new-2025\\\/\",\"name\":\"Talaria KOMODO (32kW) (MX) (NEW 2025) - E-Moto Park\",\"isPartOf\":{\"@id\":\"https:\\\/\\\/e-motopark.com\\\/en\\\/#website\"},\"primaryImageOfPage\":{\"@id\":\"https:\\\/\\\/e-motopark.com\\\/en\\\/product\\\/talaria-komodo-32kw-mx-new-2025\\\/#primaryimage\"},\"image\":{\"@id\":\"https:\\\/\\\/e-motopark.com\\\/en\\\/product\\\/talaria-komodo-32kw-mx-new-2025\\\/#primaryimage\"},\"thumbnailUrl\":\"https:\\\/\\\/e-motopark.com\\\/wp-content\\\/uploads\\\/2025\\\/05\\\/Talaria-Komodo-MX-32kW-black.jpg\",\"datePublished\":\"2025-05-02T07:12:24+00:00\",\"dateModified\":\"2025-09-02T06:15:03+00:00\",\"breadcrumb\":{\"@id\":\"https:\\\/\\\/e-motopark.com\\\/en\\\/product\\\/talaria-komodo-32kw-mx-new-2025\\\/#breadcrumb\"},\"inLanguage\":\"en-US\",\"potentialAction\":[{\"@type\":\"ReadAction\",\"target\":[\"https:\\\/\\\/e-motopark.com\\\/en\\\/product\\\/talaria-komodo-32kw-mx-new-2025\\\/\"]}]},{\"@type\":\"ImageObject\",\"inLanguage\":\"en-US\",\"@id\":\"https:\\\/\\\/e-motopark.com\\\/en\\\/product\\\/talaria-komodo-32kw-mx-new-2025\\\/#primaryimage\",\"url\":\"https:\\\/\\\/e-motopark.com\\\/wp-content\\\/uploads\\\/2025\\\/05\\\/Talaria-Komodo-MX-32kW-black.jpg\",\"contentUrl\":\"https:\\\/\\\/e-motopark.com\\\/wp-content\\\/uploads\\\/2025\\\/05\\\/Talaria-Komodo-MX-32kW-black.jpg\",\"width\":689,\"height\":483},{\"@type\":\"BreadcrumbList\",\"@id\":\"https:\\\/\\\/e-motopark.com\\\/en\\\/product\\\/talaria-komodo-32kw-mx-new-2025\\\/#breadcrumb\",\"itemListElement\":[{\"@type\":\"ListItem\",\"position\":1,\"name\":\"Dom\u016f\",\"item\":\"https:\\\/\\\/e-motopark.com\\\/en\\\/e-moto-park-shop-and-rental-of-electric-motorbikes\\\/\"},{\"@type\":\"ListItem\",\"position\":2,\"name\":\"Shop\",\"item\":\"https:\\\/\\\/e-motopark.com\\\/en\\\/shop\\\/\"},{\"@type\":\"ListItem\",\"position\":3,\"name\":\"Talaria KOMODO (32kW) (MX) (NEW 2025)\"}]},{\"@type\":\"WebSite\",\"@id\":\"https:\\\/\\\/e-motopark.com\\\/en\\\/#website\",\"url\":\"https:\\\/\\\/e-motopark.com\\\/en\\\/\",\"name\":\"E-Moto Park\",\"description\":\"Prodejna a p\u016fj\u010dovna elektrick\u00fdch motorek\",\"publisher\":{\"@id\":\"https:\\\/\\\/e-motopark.com\\\/en\\\/#organization\"},\"potentialAction\":[{\"@type\":\"SearchAction\",\"target\":{\"@type\":\"EntryPoint\",\"urlTemplate\":\"https:\\\/\\\/e-motopark.com\\\/en\\\/?s={search_term_string}\"},\"query-input\":{\"@type\":\"PropertyValueSpecification\",\"valueRequired\":true,\"valueName\":\"search_term_string\"}}],\"inLanguage\":\"en-US\"},{\"@type\":\"Organization\",\"@id\":\"https:\\\/\\\/e-motopark.com\\\/en\\\/#organization\",\"name\":\"E-Moto Park\",\"url\":\"https:\\\/\\\/e-motopark.com\\\/en\\\/\",\"logo\":{\"@type\":\"ImageObject\",\"inLanguage\":\"en-US\",\"@id\":\"https:\\\/\\\/e-motopark.com\\\/en\\\/#\\\/schema\\\/logo\\\/image\\\/\",\"url\":\"https:\\\/\\\/e-motopark.com\\\/wp-content\\\/uploads\\\/2023\\\/11\\\/cropped-cropped-E-Moto-Park-logo.png\",\"contentUrl\":\"https:\\\/\\\/e-motopark.com\\\/wp-content\\\/uploads\\\/2023\\\/11\\\/cropped-cropped-E-Moto-Park-logo.png\",\"width\":108,\"height\":50,\"caption\":\"E-Moto Park\"},\"image\":{\"@id\":\"https:\\\/\\\/e-motopark.com\\\/en\\\/#\\\/schema\\\/logo\\\/image\\\/\"},\"sameAs\":[\"https:\\\/\\\/www.facebook.com\\\/EmotoPark\\\/\"]}]}<\/script>\n<!-- \/ Yoast SEO Premium plugin. -->","yoast_head_json":{"title":"Talaria KOMODO (32kW) (MX) (NEW 2025) - E-Moto Park","robots":{"index":"index","follow":"follow","max-snippet":"max-snippet:-1","max-image-preview":"max-image-preview:large","max-video-preview":"max-video-preview:-1"},"canonical":"https:\/\/e-motopark.com\/en\/product\/talaria-komodo-32kw-mx-new-2025\/","og_locale":"en_US","og_type":"article","og_title":"Talaria KOMODO (32kW) (MX) (NEW 2025)","og_description":"FREE shipping in the Czech Republic and SK. We accept binding reservations. (Limited number of pieces) Availability: approx. 30.09.2025 Description: Electric motorcycle Talaria KOMODO (MX) power: 32kW, battery voltage: 97,2V, battery capacity: 45Ah 97,2V 45Ah battery with cells Samsung 50s \/ LG H51 (4374 WH) Description: The Talaria Komodo (official model name: TL6000 Komodo MX-CE) [&hellip;]","og_url":"https:\/\/e-motopark.com\/en\/product\/talaria-komodo-32kw-mx-new-2025\/","og_site_name":"E-Moto Park","article_publisher":"https:\/\/www.facebook.com\/EmotoPark\/","article_modified_time":"2025-09-02T06:15:03+00:00","og_image":[{"width":816,"height":582,"url":"https:\/\/e-motopark.com\/wp-content\/uploads\/2025\/05\/Talaria-Komodo-32kW.jpg","type":"image\/jpeg"}],"twitter_card":"summary_large_image","twitter_misc":{"Est. reading time":"1 minute"},"schema":{"@context":"https:\/\/schema.org","@graph":[{"@type":["WebPage","ItemPage"],"@id":"https:\/\/e-motopark.com\/en\/product\/talaria-komodo-32kw-mx-new-2025\/","url":"https:\/\/e-motopark.com\/en\/product\/talaria-komodo-32kw-mx-new-2025\/","name":"Talaria KOMODO (32kW) (MX) (NEW 2025) - E-Moto Park","isPartOf":{"@id":"https:\/\/e-motopark.com\/en\/#website"},"primaryImageOfPage":{"@id":"https:\/\/e-motopark.com\/en\/product\/talaria-komodo-32kw-mx-new-2025\/#primaryimage"},"image":{"@id":"https:\/\/e-motopark.com\/en\/product\/talaria-komodo-32kw-mx-new-2025\/#primaryimage"},"thumbnailUrl":"https:\/\/e-motopark.com\/wp-content\/uploads\/2025\/05\/Talaria-Komodo-MX-32kW-black.jpg","datePublished":"2025-05-02T07:12:24+00:00","dateModified":"2025-09-02T06:15:03+00:00","breadcrumb":{"@id":"https:\/\/e-motopark.com\/en\/product\/talaria-komodo-32kw-mx-new-2025\/#breadcrumb"},"inLanguage":"en-US","potentialAction":[{"@type":"ReadAction","target":["https:\/\/e-motopark.com\/en\/product\/talaria-komodo-32kw-mx-new-2025\/"]}]},{"@type":"ImageObject","inLanguage":"en-US","@id":"https:\/\/e-motopark.com\/en\/product\/talaria-komodo-32kw-mx-new-2025\/#primaryimage","url":"https:\/\/e-motopark.com\/wp-content\/uploads\/2025\/05\/Talaria-Komodo-MX-32kW-black.jpg","contentUrl":"https:\/\/e-motopark.com\/wp-content\/uploads\/2025\/05\/Talaria-Komodo-MX-32kW-black.jpg","width":689,"height":483},{"@type":"BreadcrumbList","@id":"https:\/\/e-motopark.com\/en\/product\/talaria-komodo-32kw-mx-new-2025\/#breadcrumb","itemListElement":[{"@type":"ListItem","position":1,"name":"Dom\u016f","item":"https:\/\/e-motopark.com\/en\/e-moto-park-shop-and-rental-of-electric-motorbikes\/"},{"@type":"ListItem","position":2,"name":"Shop","item":"https:\/\/e-motopark.com\/en\/shop\/"},{"@type":"ListItem","position":3,"name":"Talaria KOMODO (32kW) (MX) (NEW 2025)"}]},{"@type":"WebSite","@id":"https:\/\/e-motopark.com\/en\/#website","url":"https:\/\/e-motopark.com\/en\/","name":"E-Moto Park","description":"Prodejna a p\u016fj\u010dovna elektrick\u00fdch motorek","publisher":{"@id":"https:\/\/e-motopark.com\/en\/#organization"},"potentialAction":[{"@type":"SearchAction","target":{"@type":"EntryPoint","urlTemplate":"https:\/\/e-motopark.com\/en\/?s={search_term_string}"},"query-input":{"@type":"PropertyValueSpecification","valueRequired":true,"valueName":"search_term_string"}}],"inLanguage":"en-US"},{"@type":"Organization","@id":"https:\/\/e-motopark.com\/en\/#organization","name":"E-Moto Park","url":"https:\/\/e-motopark.com\/en\/","logo":{"@type":"ImageObject","inLanguage":"en-US","@id":"https:\/\/e-motopark.com\/en\/#\/schema\/logo\/image\/","url":"https:\/\/e-motopark.com\/wp-content\/uploads\/2023\/11\/cropped-cropped-E-Moto-Park-logo.png","contentUrl":"https:\/\/e-motopark.com\/wp-content\/uploads\/2023\/11\/cropped-cropped-E-Moto-Park-logo.png","width":108,"height":50,"caption":"E-Moto Park"},"image":{"@id":"https:\/\/e-motopark.com\/en\/#\/schema\/logo\/image\/"},"sameAs":["https:\/\/www.facebook.com\/EmotoPark\/"]}]}},"_links":{"self":[{"href":"https:\/\/e-motopark.com\/en\/wp-json\/wp\/v2\/product\/11143","targetHints":{"allow":["GET"]}}],"collection":[{"href":"https:\/\/e-motopark.com\/en\/wp-json\/wp\/v2\/product"}],"about":[{"href":"https:\/\/e-motopark.com\/en\/wp-json\/wp\/v2\/types\/product"}],"wp:featuredmedia":[{"embeddable":true,"href":"https:\/\/e-motopark.com\/en\/wp-json\/wp\/v2\/media\/17596"}],"wp:attachment":[{"href":"https:\/\/e-motopark.com\/en\/wp-json\/wp\/v2\/media?parent=11143"}],"wp:term":[{"taxonomy":"product_brand","embeddable":true,"href":"https:\/\/e-motopark.com\/en\/wp-json\/wp\/v2\/product_brand?post=11143"},{"taxonomy":"product_cat","embeddable":true,"href":"https:\/\/e-motopark.com\/en\/wp-json\/wp\/v2\/product_cat?post=11143"},{"taxonomy":"product_tag","embeddable":true,"href":"https:\/\/e-motopark.com\/en\/wp-json\/wp\/v2\/product_tag?post=11143"},{"taxonomy":"emoto_spec_group","embeddable":true,"href":"https:\/\/e-motopark.com\/en\/wp-json\/wp\/v2\/emoto_spec_group?post=11143"}],"curies":[{"name":"wp","href":"https:\/\/api.w.org\/{rel}","templated":true}]}}