{"id":11615,"date":"2025-09-04T12:48:58","date_gmt":"2025-09-04T10:48:58","guid":{"rendered":"https:\/\/e-motopark.com\/?post_type=product&#038;p=11615"},"modified":"2025-09-04T13:34:50","modified_gmt":"2025-09-04T11:34:50","slug":"ko-nano-max-17kw-controller-for-sur-ron-x-l1e-kopirovat","status":"publish","type":"product","link":"https:\/\/e-motopark.com\/en\/product\/ko-nano-max-17kw-controller-for-sur-ron-x-l1e-kopirovat\/","title":{"rendered":"EMP controller (max.16kW) Sur-Ron X\/L1e"},"content":{"rendered":"<p><strong>Description:<\/strong><\/p>\n<ul>\n<li>EMP controller (16kW) on Sur-Ron Light Bee X\/L1e<\/li>\n<li>MAXIMUM POWER &#8211; 16kW<\/li>\n<li>Easy assembly<\/li>\n<li>Available to order: approx. 2 weeks<\/li>\n<\/ul>\n<ul>\n<li>\n<div><span lang=\"cs\"><b>Specifications:<\/b><\/span><\/div>\n<\/li>\n<li>\n<div>Rated voltage (V): 48-84V<\/div>\n<\/li>\n<li>\n<div>Operating voltage (V): 48-84V<\/div>\n<\/li>\n<li>\n<div>Max. phase current (A): 500 A <\/div>\n<\/li>\n<li>\n<div>Max. current (A): 200 A <\/div>\n<\/li>\n<li>\n<div>Max. power: 16 kW <\/div>\n<\/li>\n<li>\n<div>Operating temperature: -25 to +80 \u00b0C<\/div>\n<\/li>\n<li>\n<div>Protection level: IP67<\/div>\n<\/li>\n<li>\n<div>Maximum efficiency: &gt;&gt; 95%<\/div>\n<\/li>\n<li>\n<div>Use for models: Sur-Ron Light Bee<\/div>\n<\/li>\n<li>\n<div>Setup method: Via android\/apple app<\/div>\n<\/li>\n<li>\n<div>Weight: 1.8 kg<\/div>\n<\/li>\n<\/ul>\n","protected":false},"excerpt":{"rendered":"<p>Description: EMP controller (16kW) on Sur-Ron Light Bee X\/L1e MAXIMUM POWER &#8211; 16kW Easy assembly Available to order: approx. 2 weeks Specifications: Rated voltage (V): 48-84V Operating voltage (V): 48-84V Max. phase current (A): 500 A Max. current (A): 200 A Max. power: 16 kW Operating temperature: -25 to +80 \u00b0C Protection level: IP67 Maximum [&hellip;]<\/p>\n","protected":false},"featured_media":11617,"template":"","meta":{"from_xml":"","manufacturer_code":"","emoto_stock":""},"product_brand":[],"product_cat":[1672],"product_tag":[],"emoto_spec_group":[],"class_list":{"0":"post-11615","1":"product","2":"type-product","3":"status-publish","4":"has-post-thumbnail","6":"product_cat-batteries-controllers-motors","8":"first","9":"onbackorder","10":"taxable","11":"shipping-taxable","12":"purchasable","13":"product-type-simple"},"exclude_global_add_ons":[],"addons":[],"yoast_head":"<!-- This site is optimized with the Yoast SEO Premium plugin v27.4 (Yoast SEO v27.5) - https:\/\/yoast.com\/product\/yoast-seo-premium-wordpress\/ -->\n<title>EMP controller (max.16kW) Sur-Ron X\/L1e - E-Moto Park<\/title>\n<meta name=\"robots\" content=\"index, follow, max-snippet:-1, max-image-preview:large, max-video-preview:-1\" \/>\n<link rel=\"canonical\" href=\"https:\/\/e-motopark.com\/en\/product\/ko-nano-max-17kw-controller-for-sur-ron-x-l1e-kopirovat\/\" \/>\n<meta property=\"og:locale\" content=\"en_US\" \/>\n<meta property=\"og:type\" content=\"article\" \/>\n<meta property=\"og:title\" content=\"EMP controller (max.16kW) Sur-Ron X\/L1e\" \/>\n<meta property=\"og:description\" content=\"Description: EMP controller (16kW) on Sur-Ron Light Bee X\/L1e MAXIMUM POWER &#8211; 16kW Easy assembly Available to order: approx. 2 weeks Specifications: Rated voltage (V): 48-84V Operating voltage (V): 48-84V Max. phase current (A): 500 A Max. current (A): 200 A Max. power: 16 kW Operating temperature: -25 to +80 \u00b0C Protection level: IP67 Maximum [&hellip;]\" \/>\n<meta property=\"og:url\" content=\"https:\/\/e-motopark.com\/en\/product\/ko-nano-max-17kw-controller-for-sur-ron-x-l1e-kopirovat\/\" \/>\n<meta property=\"og:site_name\" content=\"E-Moto Park\" \/>\n<meta property=\"article:publisher\" content=\"https:\/\/www.facebook.com\/EmotoPark\/\" \/>\n<meta property=\"article:modified_time\" content=\"2025-09-04T11:34:50+00:00\" \/>\n<meta property=\"og:image\" content=\"https:\/\/e-motopark.com\/wp-content\/uploads\/2025\/09\/Kontroler-EMP-16kW-on-Sur-Ron-Light-Bee.jpg\" \/>\n\t<meta property=\"og:image:width\" content=\"603\" \/>\n\t<meta property=\"og:image:height\" content=\"744\" \/>\n\t<meta property=\"og:image:type\" content=\"image\/jpeg\" \/>\n<meta name=\"twitter:card\" content=\"summary_large_image\" \/>\n<meta name=\"twitter:label1\" content=\"Est. reading time\" \/>\n\t<meta name=\"twitter:data1\" content=\"2 minutes\" \/>\n<script type=\"application\/ld+json\" class=\"yoast-schema-graph\">{\"@context\":\"https:\\\/\\\/schema.org\",\"@graph\":[{\"@type\":[\"WebPage\",\"ItemPage\"],\"@id\":\"https:\\\/\\\/e-motopark.com\\\/en\\\/product\\\/ko-nano-max-17kw-controller-for-sur-ron-x-l1e-kopirovat\\\/\",\"url\":\"https:\\\/\\\/e-motopark.com\\\/en\\\/product\\\/ko-nano-max-17kw-controller-for-sur-ron-x-l1e-kopirovat\\\/\",\"name\":\"EMP controller (max.16kW) Sur-Ron X\\\/L1e - E-Moto Park\",\"isPartOf\":{\"@id\":\"https:\\\/\\\/e-motopark.com\\\/en\\\/#website\"},\"primaryImageOfPage\":{\"@id\":\"https:\\\/\\\/e-motopark.com\\\/en\\\/product\\\/ko-nano-max-17kw-controller-for-sur-ron-x-l1e-kopirovat\\\/#primaryimage\"},\"image\":{\"@id\":\"https:\\\/\\\/e-motopark.com\\\/en\\\/product\\\/ko-nano-max-17kw-controller-for-sur-ron-x-l1e-kopirovat\\\/#primaryimage\"},\"thumbnailUrl\":\"https:\\\/\\\/e-motopark.com\\\/wp-content\\\/uploads\\\/2025\\\/09\\\/Kontroler-EMP-16kW-on-Sur-Ron-Light-Bee.jpg\",\"datePublished\":\"2025-09-04T10:48:58+00:00\",\"dateModified\":\"2025-09-04T11:34:50+00:00\",\"breadcrumb\":{\"@id\":\"https:\\\/\\\/e-motopark.com\\\/en\\\/product\\\/ko-nano-max-17kw-controller-for-sur-ron-x-l1e-kopirovat\\\/#breadcrumb\"},\"inLanguage\":\"en-US\",\"potentialAction\":[{\"@type\":\"ReadAction\",\"target\":[\"https:\\\/\\\/e-motopark.com\\\/en\\\/product\\\/ko-nano-max-17kw-controller-for-sur-ron-x-l1e-kopirovat\\\/\"]}]},{\"@type\":\"ImageObject\",\"inLanguage\":\"en-US\",\"@id\":\"https:\\\/\\\/e-motopark.com\\\/en\\\/product\\\/ko-nano-max-17kw-controller-for-sur-ron-x-l1e-kopirovat\\\/#primaryimage\",\"url\":\"https:\\\/\\\/e-motopark.com\\\/wp-content\\\/uploads\\\/2025\\\/09\\\/Kontroler-EMP-16kW-on-Sur-Ron-Light-Bee.jpg\",\"contentUrl\":\"https:\\\/\\\/e-motopark.com\\\/wp-content\\\/uploads\\\/2025\\\/09\\\/Kontroler-EMP-16kW-on-Sur-Ron-Light-Bee.jpg\",\"width\":603,\"height\":744},{\"@type\":\"BreadcrumbList\",\"@id\":\"https:\\\/\\\/e-motopark.com\\\/en\\\/product\\\/ko-nano-max-17kw-controller-for-sur-ron-x-l1e-kopirovat\\\/#breadcrumb\",\"itemListElement\":[{\"@type\":\"ListItem\",\"position\":1,\"name\":\"Dom\u016f\",\"item\":\"https:\\\/\\\/e-motopark.com\\\/en\\\/e-moto-park-shop-and-rental-of-electric-motorbikes\\\/\"},{\"@type\":\"ListItem\",\"position\":2,\"name\":\"Shop\",\"item\":\"https:\\\/\\\/e-motopark.com\\\/en\\\/shop\\\/\"},{\"@type\":\"ListItem\",\"position\":3,\"name\":\"EMP controller (max.16kW) Sur-Ron X\\\/L1e\"}]},{\"@type\":\"WebSite\",\"@id\":\"https:\\\/\\\/e-motopark.com\\\/en\\\/#website\",\"url\":\"https:\\\/\\\/e-motopark.com\\\/en\\\/\",\"name\":\"E-Moto Park\",\"description\":\"Prodejna a p\u016fj\u010dovna elektrick\u00fdch motorek\",\"publisher\":{\"@id\":\"https:\\\/\\\/e-motopark.com\\\/en\\\/#organization\"},\"potentialAction\":[{\"@type\":\"SearchAction\",\"target\":{\"@type\":\"EntryPoint\",\"urlTemplate\":\"https:\\\/\\\/e-motopark.com\\\/en\\\/?s={search_term_string}\"},\"query-input\":{\"@type\":\"PropertyValueSpecification\",\"valueRequired\":true,\"valueName\":\"search_term_string\"}}],\"inLanguage\":\"en-US\"},{\"@type\":\"Organization\",\"@id\":\"https:\\\/\\\/e-motopark.com\\\/en\\\/#organization\",\"name\":\"E-Moto Park\",\"url\":\"https:\\\/\\\/e-motopark.com\\\/en\\\/\",\"logo\":{\"@type\":\"ImageObject\",\"inLanguage\":\"en-US\",\"@id\":\"https:\\\/\\\/e-motopark.com\\\/en\\\/#\\\/schema\\\/logo\\\/image\\\/\",\"url\":\"https:\\\/\\\/e-motopark.com\\\/wp-content\\\/uploads\\\/2023\\\/11\\\/cropped-cropped-E-Moto-Park-logo.png\",\"contentUrl\":\"https:\\\/\\\/e-motopark.com\\\/wp-content\\\/uploads\\\/2023\\\/11\\\/cropped-cropped-E-Moto-Park-logo.png\",\"width\":108,\"height\":50,\"caption\":\"E-Moto Park\"},\"image\":{\"@id\":\"https:\\\/\\\/e-motopark.com\\\/en\\\/#\\\/schema\\\/logo\\\/image\\\/\"},\"sameAs\":[\"https:\\\/\\\/www.facebook.com\\\/EmotoPark\\\/\"]}]}<\/script>\n<!-- \/ Yoast SEO Premium plugin. -->","yoast_head_json":{"title":"EMP controller (max.16kW) Sur-Ron X\/L1e - E-Moto Park","robots":{"index":"index","follow":"follow","max-snippet":"max-snippet:-1","max-image-preview":"max-image-preview:large","max-video-preview":"max-video-preview:-1"},"canonical":"https:\/\/e-motopark.com\/en\/product\/ko-nano-max-17kw-controller-for-sur-ron-x-l1e-kopirovat\/","og_locale":"en_US","og_type":"article","og_title":"EMP controller (max.16kW) Sur-Ron X\/L1e","og_description":"Description: EMP controller (16kW) on Sur-Ron Light Bee X\/L1e MAXIMUM POWER &#8211; 16kW Easy assembly Available to order: approx. 2 weeks Specifications: Rated voltage (V): 48-84V Operating voltage (V): 48-84V Max. phase current (A): 500 A Max. current (A): 200 A Max. power: 16 kW Operating temperature: -25 to +80 \u00b0C Protection level: IP67 Maximum [&hellip;]","og_url":"https:\/\/e-motopark.com\/en\/product\/ko-nano-max-17kw-controller-for-sur-ron-x-l1e-kopirovat\/","og_site_name":"E-Moto Park","article_publisher":"https:\/\/www.facebook.com\/EmotoPark\/","article_modified_time":"2025-09-04T11:34:50+00:00","og_image":[{"width":603,"height":744,"url":"https:\/\/e-motopark.com\/wp-content\/uploads\/2025\/09\/Kontroler-EMP-16kW-on-Sur-Ron-Light-Bee.jpg","type":"image\/jpeg"}],"twitter_card":"summary_large_image","twitter_misc":{"Est. reading time":"2 minutes"},"schema":{"@context":"https:\/\/schema.org","@graph":[{"@type":["WebPage","ItemPage"],"@id":"https:\/\/e-motopark.com\/en\/product\/ko-nano-max-17kw-controller-for-sur-ron-x-l1e-kopirovat\/","url":"https:\/\/e-motopark.com\/en\/product\/ko-nano-max-17kw-controller-for-sur-ron-x-l1e-kopirovat\/","name":"EMP controller (max.16kW) Sur-Ron X\/L1e - E-Moto Park","isPartOf":{"@id":"https:\/\/e-motopark.com\/en\/#website"},"primaryImageOfPage":{"@id":"https:\/\/e-motopark.com\/en\/product\/ko-nano-max-17kw-controller-for-sur-ron-x-l1e-kopirovat\/#primaryimage"},"image":{"@id":"https:\/\/e-motopark.com\/en\/product\/ko-nano-max-17kw-controller-for-sur-ron-x-l1e-kopirovat\/#primaryimage"},"thumbnailUrl":"https:\/\/e-motopark.com\/wp-content\/uploads\/2025\/09\/Kontroler-EMP-16kW-on-Sur-Ron-Light-Bee.jpg","datePublished":"2025-09-04T10:48:58+00:00","dateModified":"2025-09-04T11:34:50+00:00","breadcrumb":{"@id":"https:\/\/e-motopark.com\/en\/product\/ko-nano-max-17kw-controller-for-sur-ron-x-l1e-kopirovat\/#breadcrumb"},"inLanguage":"en-US","potentialAction":[{"@type":"ReadAction","target":["https:\/\/e-motopark.com\/en\/product\/ko-nano-max-17kw-controller-for-sur-ron-x-l1e-kopirovat\/"]}]},{"@type":"ImageObject","inLanguage":"en-US","@id":"https:\/\/e-motopark.com\/en\/product\/ko-nano-max-17kw-controller-for-sur-ron-x-l1e-kopirovat\/#primaryimage","url":"https:\/\/e-motopark.com\/wp-content\/uploads\/2025\/09\/Kontroler-EMP-16kW-on-Sur-Ron-Light-Bee.jpg","contentUrl":"https:\/\/e-motopark.com\/wp-content\/uploads\/2025\/09\/Kontroler-EMP-16kW-on-Sur-Ron-Light-Bee.jpg","width":603,"height":744},{"@type":"BreadcrumbList","@id":"https:\/\/e-motopark.com\/en\/product\/ko-nano-max-17kw-controller-for-sur-ron-x-l1e-kopirovat\/#breadcrumb","itemListElement":[{"@type":"ListItem","position":1,"name":"Dom\u016f","item":"https:\/\/e-motopark.com\/en\/e-moto-park-shop-and-rental-of-electric-motorbikes\/"},{"@type":"ListItem","position":2,"name":"Shop","item":"https:\/\/e-motopark.com\/en\/shop\/"},{"@type":"ListItem","position":3,"name":"EMP controller (max.16kW) Sur-Ron X\/L1e"}]},{"@type":"WebSite","@id":"https:\/\/e-motopark.com\/en\/#website","url":"https:\/\/e-motopark.com\/en\/","name":"E-Moto Park","description":"Prodejna a p\u016fj\u010dovna elektrick\u00fdch motorek","publisher":{"@id":"https:\/\/e-motopark.com\/en\/#organization"},"potentialAction":[{"@type":"SearchAction","target":{"@type":"EntryPoint","urlTemplate":"https:\/\/e-motopark.com\/en\/?s={search_term_string}"},"query-input":{"@type":"PropertyValueSpecification","valueRequired":true,"valueName":"search_term_string"}}],"inLanguage":"en-US"},{"@type":"Organization","@id":"https:\/\/e-motopark.com\/en\/#organization","name":"E-Moto Park","url":"https:\/\/e-motopark.com\/en\/","logo":{"@type":"ImageObject","inLanguage":"en-US","@id":"https:\/\/e-motopark.com\/en\/#\/schema\/logo\/image\/","url":"https:\/\/e-motopark.com\/wp-content\/uploads\/2023\/11\/cropped-cropped-E-Moto-Park-logo.png","contentUrl":"https:\/\/e-motopark.com\/wp-content\/uploads\/2023\/11\/cropped-cropped-E-Moto-Park-logo.png","width":108,"height":50,"caption":"E-Moto Park"},"image":{"@id":"https:\/\/e-motopark.com\/en\/#\/schema\/logo\/image\/"},"sameAs":["https:\/\/www.facebook.com\/EmotoPark\/"]}]}},"_links":{"self":[{"href":"https:\/\/e-motopark.com\/en\/wp-json\/wp\/v2\/product\/11615","targetHints":{"allow":["GET"]}}],"collection":[{"href":"https:\/\/e-motopark.com\/en\/wp-json\/wp\/v2\/product"}],"about":[{"href":"https:\/\/e-motopark.com\/en\/wp-json\/wp\/v2\/types\/product"}],"wp:featuredmedia":[{"embeddable":true,"href":"https:\/\/e-motopark.com\/en\/wp-json\/wp\/v2\/media\/11617"}],"wp:attachment":[{"href":"https:\/\/e-motopark.com\/en\/wp-json\/wp\/v2\/media?parent=11615"}],"wp:term":[{"taxonomy":"product_brand","embeddable":true,"href":"https:\/\/e-motopark.com\/en\/wp-json\/wp\/v2\/product_brand?post=11615"},{"taxonomy":"product_cat","embeddable":true,"href":"https:\/\/e-motopark.com\/en\/wp-json\/wp\/v2\/product_cat?post=11615"},{"taxonomy":"product_tag","embeddable":true,"href":"https:\/\/e-motopark.com\/en\/wp-json\/wp\/v2\/product_tag?post=11615"},{"taxonomy":"emoto_spec_group","embeddable":true,"href":"https:\/\/e-motopark.com\/en\/wp-json\/wp\/v2\/emoto_spec_group?post=11615"}],"curies":[{"name":"wp","href":"https:\/\/api.w.org\/{rel}","templated":true}]}}