{"id":17670,"date":"2025-12-02T09:44:54","date_gmt":"2025-12-02T08:44:54","guid":{"rendered":"https:\/\/e-motopark.com\/?post_type=product&#038;p=17670"},"modified":"2026-04-16T08:32:16","modified_gmt":"2026-04-16T06:32:16","slug":"cross-tire-80-100-19-3-00-r19-on-sur-ron-x-l1e-talaria-sting-1-kopirovat","status":"publish","type":"product","link":"https:\/\/e-motopark.com\/en\/product\/cross-tire-80-100-19-3-00-r19-on-sur-ron-x-l1e-talaria-sting-1-kopirovat\/","title":{"rendered":"Pneu EMP cross (80\/100-R19) (3.00-R19) na Sur-Ron\/Talaria Sting (Novinka)"},"content":{"rendered":"<p><strong>Description:<\/strong><\/p>\n<ul>\n<li>Pneu EMP cross (80\/100-R19) (3.00-R19) na Sur-Ron Light Bee\/Ultra Bee\/Talaria Sting<\/li>\n<li>The tyre can be mounted on original 19&#8243; wheels on both Sur-Ron and Talaria Sting.<\/li>\n<li>Pneumatiku je mo\u017en\u00e9 pou\u017eit pro p\u0159edn\u00ed i zadn\u00ed origin\u00e1ln\u00ed kolo 19&#8243;<\/li>\n<\/ul>\n<p><strong>Vlastnosti pneu EMP cross 80\/100-R19:<\/strong><\/p>\n<ul>\n<li>Vysok\u00e9 \u0161punty, kter\u00e9 jsou skv\u011bl\u00e9 do ter\u00e9nu<\/li>\n<li>Ur\u010deno pro st\u0159edn\u011b tvrd\u00fd povrch<\/li>\n<li>Vzorek\/dez\u00e9n pneumatiky EMP 80\/100-R19 je toto\u017en\u00fd jako u Maxxis Maxxcross, kter\u00e1 je v\u0161ak dostupn\u00e1 pouze v u\u017e\u0161\u00edm proveden\u00ed 70\/100 R19<\/li>\n<\/ul>\n\n<p><\/p>\n","protected":false},"excerpt":{"rendered":"<p>Description: Pneu EMP cross (80\/100-R19) (3.00-R19) na Sur-Ron Light Bee\/Ultra Bee\/Talaria Sting The tyre can be mounted on original 19&#8243; wheels on both Sur-Ron and Talaria Sting. Pneumatiku je mo\u017en\u00e9 pou\u017eit pro p\u0159edn\u00ed i zadn\u00ed origin\u00e1ln\u00ed kolo 19&#8243; Vlastnosti pneu EMP cross 80\/100-R19: Vysok\u00e9 \u0161punty, kter\u00e9 jsou skv\u011bl\u00e9 do ter\u00e9nu Ur\u010deno pro st\u0159edn\u011b tvrd\u00fd povrch [&hellip;]<\/p>\n","protected":false},"featured_media":17732,"template":"","meta":{"from_xml":"","manufacturer_code":"","emoto_stock":""},"product_brand":[],"product_cat":[1668,1663],"product_tag":[],"emoto_spec_group":[],"class_list":{"0":"post-17670","1":"product","2":"type-product","3":"status-publish","4":"has-post-thumbnail","6":"product_cat-19-tires-tubes","7":"product_cat-tires-and-inner-tubes","9":"first","10":"instock","11":"taxable","12":"shipping-taxable","13":"purchasable","14":"product-type-simple"},"exclude_global_add_ons":[],"addons":[],"yoast_head":"<!-- This site is optimized with the Yoast SEO Premium plugin v27.4 (Yoast SEO v27.5) - https:\/\/yoast.com\/product\/yoast-seo-premium-wordpress\/ -->\n<title>Pneu EMP cross (80\/100-R19) (3.00-R19) na Sur-Ron\/Talaria Sting (Novinka) - E-Moto Park<\/title>\n<meta name=\"robots\" content=\"index, follow, max-snippet:-1, max-image-preview:large, max-video-preview:-1\" \/>\n<link rel=\"canonical\" href=\"https:\/\/e-motopark.com\/en\/product\/cross-tire-80-100-19-3-00-r19-on-sur-ron-x-l1e-talaria-sting-1-kopirovat\/\" \/>\n<meta property=\"og:locale\" content=\"en_US\" \/>\n<meta property=\"og:type\" content=\"article\" \/>\n<meta property=\"og:title\" content=\"Pneu EMP cross (80\/100-R19) (3.00-R19) na Sur-Ron\/Talaria Sting (Novinka)\" \/>\n<meta property=\"og:description\" content=\"Description: Pneu EMP cross (80\/100-R19) (3.00-R19) na Sur-Ron Light Bee\/Ultra Bee\/Talaria Sting The tyre can be mounted on original 19&#8243; wheels on both Sur-Ron and Talaria Sting. Pneumatiku je mo\u017en\u00e9 pou\u017eit pro p\u0159edn\u00ed i zadn\u00ed origin\u00e1ln\u00ed kolo 19&#8243; Vlastnosti pneu EMP cross 80\/100-R19: Vysok\u00e9 \u0161punty, kter\u00e9 jsou skv\u011bl\u00e9 do ter\u00e9nu Ur\u010deno pro st\u0159edn\u011b tvrd\u00fd povrch [&hellip;]\" \/>\n<meta property=\"og:url\" content=\"https:\/\/e-motopark.com\/en\/product\/cross-tire-80-100-19-3-00-r19-on-sur-ron-x-l1e-talaria-sting-1-kopirovat\/\" \/>\n<meta property=\"og:site_name\" content=\"E-Moto Park\" \/>\n<meta property=\"article:publisher\" content=\"https:\/\/www.facebook.com\/EmotoPark\/\" \/>\n<meta property=\"article:modified_time\" content=\"2026-04-16T06:32:16+00:00\" \/>\n<meta property=\"og:image\" content=\"https:\/\/e-motopark.com\/wp-content\/uploads\/2025\/12\/Pneu-na-Sur-Ron-a-Talaria-Sting-80-100-R19.jpg\" \/>\n\t<meta property=\"og:image:width\" content=\"1440\" \/>\n\t<meta property=\"og:image:height\" content=\"1920\" \/>\n\t<meta property=\"og:image:type\" content=\"image\/jpeg\" \/>\n<meta name=\"twitter:card\" content=\"summary_large_image\" \/>\n<meta name=\"twitter:label1\" content=\"Est. reading time\" \/>\n\t<meta name=\"twitter:data1\" content=\"1 minute\" \/>\n<script type=\"application\/ld+json\" class=\"yoast-schema-graph\">{\"@context\":\"https:\\\/\\\/schema.org\",\"@graph\":[{\"@type\":[\"WebPage\",\"ItemPage\"],\"@id\":\"https:\\\/\\\/e-motopark.com\\\/en\\\/product\\\/cross-tire-80-100-19-3-00-r19-on-sur-ron-x-l1e-talaria-sting-1-kopirovat\\\/\",\"url\":\"https:\\\/\\\/e-motopark.com\\\/en\\\/product\\\/cross-tire-80-100-19-3-00-r19-on-sur-ron-x-l1e-talaria-sting-1-kopirovat\\\/\",\"name\":\"Pneu EMP cross (80\\\/100-R19) (3.00-R19) na Sur-Ron\\\/Talaria Sting (Novinka) - E-Moto Park\",\"isPartOf\":{\"@id\":\"https:\\\/\\\/e-motopark.com\\\/en\\\/#website\"},\"primaryImageOfPage\":{\"@id\":\"https:\\\/\\\/e-motopark.com\\\/en\\\/product\\\/cross-tire-80-100-19-3-00-r19-on-sur-ron-x-l1e-talaria-sting-1-kopirovat\\\/#primaryimage\"},\"image\":{\"@id\":\"https:\\\/\\\/e-motopark.com\\\/en\\\/product\\\/cross-tire-80-100-19-3-00-r19-on-sur-ron-x-l1e-talaria-sting-1-kopirovat\\\/#primaryimage\"},\"thumbnailUrl\":\"https:\\\/\\\/e-motopark.com\\\/wp-content\\\/uploads\\\/2025\\\/12\\\/Pneu-na-Sur-Ron-a-Talaria-Sting-80-100-R19.jpg\",\"datePublished\":\"2025-12-02T08:44:54+00:00\",\"dateModified\":\"2026-04-16T06:32:16+00:00\",\"breadcrumb\":{\"@id\":\"https:\\\/\\\/e-motopark.com\\\/en\\\/product\\\/cross-tire-80-100-19-3-00-r19-on-sur-ron-x-l1e-talaria-sting-1-kopirovat\\\/#breadcrumb\"},\"inLanguage\":\"en-US\",\"potentialAction\":[{\"@type\":\"ReadAction\",\"target\":[\"https:\\\/\\\/e-motopark.com\\\/en\\\/product\\\/cross-tire-80-100-19-3-00-r19-on-sur-ron-x-l1e-talaria-sting-1-kopirovat\\\/\"]}]},{\"@type\":\"ImageObject\",\"inLanguage\":\"en-US\",\"@id\":\"https:\\\/\\\/e-motopark.com\\\/en\\\/product\\\/cross-tire-80-100-19-3-00-r19-on-sur-ron-x-l1e-talaria-sting-1-kopirovat\\\/#primaryimage\",\"url\":\"https:\\\/\\\/e-motopark.com\\\/wp-content\\\/uploads\\\/2025\\\/12\\\/Pneu-na-Sur-Ron-a-Talaria-Sting-80-100-R19.jpg\",\"contentUrl\":\"https:\\\/\\\/e-motopark.com\\\/wp-content\\\/uploads\\\/2025\\\/12\\\/Pneu-na-Sur-Ron-a-Talaria-Sting-80-100-R19.jpg\",\"width\":1440,\"height\":1920,\"caption\":\"Pneu EMP cross (80\\\/100-R19) (3.00-R19) na Sur-Ron\\\/Talaria Sting (Novinka) - Image 6\"},{\"@type\":\"BreadcrumbList\",\"@id\":\"https:\\\/\\\/e-motopark.com\\\/en\\\/product\\\/cross-tire-80-100-19-3-00-r19-on-sur-ron-x-l1e-talaria-sting-1-kopirovat\\\/#breadcrumb\",\"itemListElement\":[{\"@type\":\"ListItem\",\"position\":1,\"name\":\"Dom\u016f\",\"item\":\"https:\\\/\\\/e-motopark.com\\\/en\\\/e-moto-park-shop-and-rental-of-electric-motorbikes\\\/\"},{\"@type\":\"ListItem\",\"position\":2,\"name\":\"Shop\",\"item\":\"https:\\\/\\\/e-motopark.com\\\/en\\\/shop\\\/\"},{\"@type\":\"ListItem\",\"position\":3,\"name\":\"Pneu EMP cross (80\\\/100-R19) (3.00-R19) na Sur-Ron\\\/Talaria Sting (Novinka)\"}]},{\"@type\":\"WebSite\",\"@id\":\"https:\\\/\\\/e-motopark.com\\\/en\\\/#website\",\"url\":\"https:\\\/\\\/e-motopark.com\\\/en\\\/\",\"name\":\"E-Moto Park\",\"description\":\"Prodejna a p\u016fj\u010dovna elektrick\u00fdch motorek\",\"publisher\":{\"@id\":\"https:\\\/\\\/e-motopark.com\\\/en\\\/#organization\"},\"potentialAction\":[{\"@type\":\"SearchAction\",\"target\":{\"@type\":\"EntryPoint\",\"urlTemplate\":\"https:\\\/\\\/e-motopark.com\\\/en\\\/?s={search_term_string}\"},\"query-input\":{\"@type\":\"PropertyValueSpecification\",\"valueRequired\":true,\"valueName\":\"search_term_string\"}}],\"inLanguage\":\"en-US\"},{\"@type\":\"Organization\",\"@id\":\"https:\\\/\\\/e-motopark.com\\\/en\\\/#organization\",\"name\":\"E-Moto Park\",\"url\":\"https:\\\/\\\/e-motopark.com\\\/en\\\/\",\"logo\":{\"@type\":\"ImageObject\",\"inLanguage\":\"en-US\",\"@id\":\"https:\\\/\\\/e-motopark.com\\\/en\\\/#\\\/schema\\\/logo\\\/image\\\/\",\"url\":\"https:\\\/\\\/e-motopark.com\\\/wp-content\\\/uploads\\\/2023\\\/11\\\/cropped-cropped-E-Moto-Park-logo.png\",\"contentUrl\":\"https:\\\/\\\/e-motopark.com\\\/wp-content\\\/uploads\\\/2023\\\/11\\\/cropped-cropped-E-Moto-Park-logo.png\",\"width\":108,\"height\":50,\"caption\":\"E-Moto Park\"},\"image\":{\"@id\":\"https:\\\/\\\/e-motopark.com\\\/en\\\/#\\\/schema\\\/logo\\\/image\\\/\"},\"sameAs\":[\"https:\\\/\\\/www.facebook.com\\\/EmotoPark\\\/\"]}]}<\/script>\n<!-- \/ Yoast SEO Premium plugin. -->","yoast_head_json":{"title":"Pneu EMP cross (80\/100-R19) (3.00-R19) na Sur-Ron\/Talaria Sting (Novinka) - E-Moto Park","robots":{"index":"index","follow":"follow","max-snippet":"max-snippet:-1","max-image-preview":"max-image-preview:large","max-video-preview":"max-video-preview:-1"},"canonical":"https:\/\/e-motopark.com\/en\/product\/cross-tire-80-100-19-3-00-r19-on-sur-ron-x-l1e-talaria-sting-1-kopirovat\/","og_locale":"en_US","og_type":"article","og_title":"Pneu EMP cross (80\/100-R19) (3.00-R19) na Sur-Ron\/Talaria Sting (Novinka)","og_description":"Description: Pneu EMP cross (80\/100-R19) (3.00-R19) na Sur-Ron Light Bee\/Ultra Bee\/Talaria Sting The tyre can be mounted on original 19&#8243; wheels on both Sur-Ron and Talaria Sting. Pneumatiku je mo\u017en\u00e9 pou\u017eit pro p\u0159edn\u00ed i zadn\u00ed origin\u00e1ln\u00ed kolo 19&#8243; Vlastnosti pneu EMP cross 80\/100-R19: Vysok\u00e9 \u0161punty, kter\u00e9 jsou skv\u011bl\u00e9 do ter\u00e9nu Ur\u010deno pro st\u0159edn\u011b tvrd\u00fd povrch [&hellip;]","og_url":"https:\/\/e-motopark.com\/en\/product\/cross-tire-80-100-19-3-00-r19-on-sur-ron-x-l1e-talaria-sting-1-kopirovat\/","og_site_name":"E-Moto Park","article_publisher":"https:\/\/www.facebook.com\/EmotoPark\/","article_modified_time":"2026-04-16T06:32:16+00:00","og_image":[{"width":1440,"height":1920,"url":"https:\/\/e-motopark.com\/wp-content\/uploads\/2025\/12\/Pneu-na-Sur-Ron-a-Talaria-Sting-80-100-R19.jpg","type":"image\/jpeg"}],"twitter_card":"summary_large_image","twitter_misc":{"Est. reading time":"1 minute"},"schema":{"@context":"https:\/\/schema.org","@graph":[{"@type":["WebPage","ItemPage"],"@id":"https:\/\/e-motopark.com\/en\/product\/cross-tire-80-100-19-3-00-r19-on-sur-ron-x-l1e-talaria-sting-1-kopirovat\/","url":"https:\/\/e-motopark.com\/en\/product\/cross-tire-80-100-19-3-00-r19-on-sur-ron-x-l1e-talaria-sting-1-kopirovat\/","name":"Pneu EMP cross (80\/100-R19) (3.00-R19) na Sur-Ron\/Talaria Sting (Novinka) - E-Moto Park","isPartOf":{"@id":"https:\/\/e-motopark.com\/en\/#website"},"primaryImageOfPage":{"@id":"https:\/\/e-motopark.com\/en\/product\/cross-tire-80-100-19-3-00-r19-on-sur-ron-x-l1e-talaria-sting-1-kopirovat\/#primaryimage"},"image":{"@id":"https:\/\/e-motopark.com\/en\/product\/cross-tire-80-100-19-3-00-r19-on-sur-ron-x-l1e-talaria-sting-1-kopirovat\/#primaryimage"},"thumbnailUrl":"https:\/\/e-motopark.com\/wp-content\/uploads\/2025\/12\/Pneu-na-Sur-Ron-a-Talaria-Sting-80-100-R19.jpg","datePublished":"2025-12-02T08:44:54+00:00","dateModified":"2026-04-16T06:32:16+00:00","breadcrumb":{"@id":"https:\/\/e-motopark.com\/en\/product\/cross-tire-80-100-19-3-00-r19-on-sur-ron-x-l1e-talaria-sting-1-kopirovat\/#breadcrumb"},"inLanguage":"en-US","potentialAction":[{"@type":"ReadAction","target":["https:\/\/e-motopark.com\/en\/product\/cross-tire-80-100-19-3-00-r19-on-sur-ron-x-l1e-talaria-sting-1-kopirovat\/"]}]},{"@type":"ImageObject","inLanguage":"en-US","@id":"https:\/\/e-motopark.com\/en\/product\/cross-tire-80-100-19-3-00-r19-on-sur-ron-x-l1e-talaria-sting-1-kopirovat\/#primaryimage","url":"https:\/\/e-motopark.com\/wp-content\/uploads\/2025\/12\/Pneu-na-Sur-Ron-a-Talaria-Sting-80-100-R19.jpg","contentUrl":"https:\/\/e-motopark.com\/wp-content\/uploads\/2025\/12\/Pneu-na-Sur-Ron-a-Talaria-Sting-80-100-R19.jpg","width":1440,"height":1920,"caption":"Pneu EMP cross (80\/100-R19) (3.00-R19) na Sur-Ron\/Talaria Sting (Novinka) - Image 6"},{"@type":"BreadcrumbList","@id":"https:\/\/e-motopark.com\/en\/product\/cross-tire-80-100-19-3-00-r19-on-sur-ron-x-l1e-talaria-sting-1-kopirovat\/#breadcrumb","itemListElement":[{"@type":"ListItem","position":1,"name":"Dom\u016f","item":"https:\/\/e-motopark.com\/en\/e-moto-park-shop-and-rental-of-electric-motorbikes\/"},{"@type":"ListItem","position":2,"name":"Shop","item":"https:\/\/e-motopark.com\/en\/shop\/"},{"@type":"ListItem","position":3,"name":"Pneu EMP cross (80\/100-R19) (3.00-R19) na Sur-Ron\/Talaria Sting (Novinka)"}]},{"@type":"WebSite","@id":"https:\/\/e-motopark.com\/en\/#website","url":"https:\/\/e-motopark.com\/en\/","name":"E-Moto Park","description":"Prodejna a p\u016fj\u010dovna elektrick\u00fdch motorek","publisher":{"@id":"https:\/\/e-motopark.com\/en\/#organization"},"potentialAction":[{"@type":"SearchAction","target":{"@type":"EntryPoint","urlTemplate":"https:\/\/e-motopark.com\/en\/?s={search_term_string}"},"query-input":{"@type":"PropertyValueSpecification","valueRequired":true,"valueName":"search_term_string"}}],"inLanguage":"en-US"},{"@type":"Organization","@id":"https:\/\/e-motopark.com\/en\/#organization","name":"E-Moto Park","url":"https:\/\/e-motopark.com\/en\/","logo":{"@type":"ImageObject","inLanguage":"en-US","@id":"https:\/\/e-motopark.com\/en\/#\/schema\/logo\/image\/","url":"https:\/\/e-motopark.com\/wp-content\/uploads\/2023\/11\/cropped-cropped-E-Moto-Park-logo.png","contentUrl":"https:\/\/e-motopark.com\/wp-content\/uploads\/2023\/11\/cropped-cropped-E-Moto-Park-logo.png","width":108,"height":50,"caption":"E-Moto Park"},"image":{"@id":"https:\/\/e-motopark.com\/en\/#\/schema\/logo\/image\/"},"sameAs":["https:\/\/www.facebook.com\/EmotoPark\/"]}]}},"_links":{"self":[{"href":"https:\/\/e-motopark.com\/en\/wp-json\/wp\/v2\/product\/17670","targetHints":{"allow":["GET"]}}],"collection":[{"href":"https:\/\/e-motopark.com\/en\/wp-json\/wp\/v2\/product"}],"about":[{"href":"https:\/\/e-motopark.com\/en\/wp-json\/wp\/v2\/types\/product"}],"wp:featuredmedia":[{"embeddable":true,"href":"https:\/\/e-motopark.com\/en\/wp-json\/wp\/v2\/media\/17732"}],"wp:attachment":[{"href":"https:\/\/e-motopark.com\/en\/wp-json\/wp\/v2\/media?parent=17670"}],"wp:term":[{"taxonomy":"product_brand","embeddable":true,"href":"https:\/\/e-motopark.com\/en\/wp-json\/wp\/v2\/product_brand?post=17670"},{"taxonomy":"product_cat","embeddable":true,"href":"https:\/\/e-motopark.com\/en\/wp-json\/wp\/v2\/product_cat?post=17670"},{"taxonomy":"product_tag","embeddable":true,"href":"https:\/\/e-motopark.com\/en\/wp-json\/wp\/v2\/product_tag?post=17670"},{"taxonomy":"emoto_spec_group","embeddable":true,"href":"https:\/\/e-motopark.com\/en\/wp-json\/wp\/v2\/emoto_spec_group?post=17670"}],"curies":[{"name":"wp","href":"https:\/\/api.w.org\/{rel}","templated":true}]}}