{"id":9250,"date":"2024-09-19T11:26:50","date_gmt":"2024-09-19T09:26:50","guid":{"rendered":"https:\/\/e-motopark.com\/produkt\/super-soco-cu-mini-1kw-cervena\/"},"modified":"2025-06-04T18:58:16","modified_gmt":"2025-06-04T16:58:16","slug":"super-soco-cu-mini-1kw-red","status":"publish","type":"product","link":"https:\/\/e-motopark.com\/en\/product\/super-soco-cu-mini-1kw-red\/","title":{"rendered":"Super Soco CU mini (1kW) Red"},"content":{"rendered":"<ul>\n<li>Approved electric scooter Super Soco CU mini (1kW)<\/li>\n<li><strong>DRIVER&#8217;S LICENCE<\/strong>: AM (also riders from 15 years of age)<\/li>\n<\/ul>\n<h3><strong>Description:<\/strong><\/h3>\n<ul>\n<li><strong>Thanks to its compact dimensions, the handy Vmoto CU mini e-scooter is the ideal choice for riders who value comfort and ease of use.<\/strong>  It&#8217;s easy on your wallet and the environment, faster and more convenient than using public transport and cheaper than buying petrol. Ideal for shorter journeys in crowded cities and recreational areas. <\/li>\n<li><strong>DRIVER&#8217;S LICENCE<\/strong>: AM (also riders from 15 years of age)<\/li>\n<li><b>ELECTROMOTOR: <\/b>Max. speed 50 km\/h, max. power 1 kW  <\/li>\n<li><b>BATTERY: <\/b>Range up to 35 km, battery capacity 48 V 26 Ah<\/li>\n<li><b>CHARGE: <\/b>5 hours &#8211; standard 230 V socket<\/li>\n<li><strong>With a price of just 12 kc per 100 kilometres, you can enjoy the driving experience without worrying about high fuel costs.<\/strong>  *with 48V\/26Ah battery and electricity price of 8 CZK per kWh<\/li>\n<li><strong>Suitable for riders from 15 years of age<\/strong><\/li>\n<li><strong>Instant torque and acceleration<\/strong><\/li>\n<li><strong>3 modes (Eco, Normal, Sport)<\/strong><\/li>\n<li><strong>Minimal maintenance requirements, saving time and money<\/strong><\/li>\n<\/ul>\n<h3><strong>Technical parameters:<\/strong><\/h3>\n<ul>\n<li><strong>Max. speed: <\/strong>  45 &#8211; 50 km\/h<\/li>\n<li><strong>Max. power: <\/strong>  1 kW<\/li>\n<li><strong>Max. angle of climb: <\/strong>  14\u00b0<br \/>\n&#8212;&#8212;&#8212;&#8212;&#8212;&#8212;&#8212;&#8212;&#8212;&#8212;&#8212;<\/li>\n<li><strong>Distance:<\/strong> 30 &#8211; 35 km (39 km according to WMTC Stage 3*)<\/li>\n<li><strong>Battery type:<\/strong> lithium-ion<\/li>\n<li><strong>Capacity: <\/strong>48 V 26 Ah<\/li>\n<li><strong>Charging time:<\/strong> 5 hours<\/li>\n<li><strong>Charging: <\/strong>230 V socket<\/li>\n<li><strong>Energy consumption: <\/strong>28 Wh\/km<br \/>\n&#8212;&#8212;&#8212;&#8212;&#8212;&#8212;&#8212;&#8212;&#8212;&#8212;&#8212;<\/li>\n<li><strong>Warranty:<\/strong> 2 years for the e-scooter and 3 years for the battery (1300 charging cycles). To keep the warranty, you must undergo regular service at our authorized dealers.<br \/>\n&#8212;&#8212;&#8212;&#8212;&#8212;&#8212;&#8212;&#8212;&#8212;&#8212;&#8212;<\/li>\n<li>*Tested at 25 km\/h; rider weight 75 kg.<\/li>\n<\/ul>\n<ul>\n<li><strong>Application: <\/strong>Yes<\/li>\n<li><strong>Display:<\/strong> Digital LCD<\/li>\n<li><strong>Lights:<\/strong> LED<\/li>\n<li><strong>Direction indicators:<\/strong> LED<\/li>\n<li><strong>Driving modes:<\/strong> 3 modes (Eco, Normal, Sport)<\/li>\n<li><strong>Security:<\/strong> keyless entry, alarm and wheel lock<\/li>\n<\/ul>\n<h3><strong>Dimensions:<\/strong><\/h3>\n<ul>\n<li><strong>Vehicle category\/homologation: <\/strong>L3e-A1 (comparable to 50ccm)<\/li>\n<li><strong>Brakes: <\/strong>hydraulic &#8211; disc<\/li>\n<li><strong>Motor: <\/strong>electric in the rear wheel<\/li>\n<li><strong>Wheelbase: <\/strong>1 169 mm<\/li>\n<li><strong>Weight with battery: <\/strong>56 kg<\/li>\n<li><strong>L \u00d7 W \u00d7 H: <\/strong>1 655 \u00d7 695 \u00d7 1 084 mm<\/li>\n<li><strong>Seating height: <\/strong>878 mm<\/li>\n<li><strong>Chassis height:<\/strong> 118 mm<\/li>\n<li><strong>Front tyre:<\/strong> 70\/90 &#8211; 12<\/li>\n<li><strong>Rear tyre:<\/strong> 70\/90 &#8211; 12<\/li>\n<li><strong>Seating:<\/strong> 1<\/li>\n<li><strong>Max. load capacity: <\/strong>  135 kg<\/li>\n<\/ul>\n","protected":false},"excerpt":{"rendered":"<p>Approved electric scooter Super Soco CU mini (1kW) DRIVER&#8217;S LICENCE: AM (also riders from 15 years of age) Description: Thanks to its compact dimensions, the handy Vmoto CU mini e-scooter is the ideal choice for riders who value comfort and ease of use. It&#8217;s easy on your wallet and the environment, faster and more convenient [&hellip;]<\/p>\n","protected":false},"featured_media":8196,"template":"","meta":{"from_xml":"","manufacturer_code":"","emoto_stock":""},"product_brand":[],"product_cat":[1718],"product_tag":[],"emoto_spec_group":[],"class_list":{"0":"post-9250","1":"product","2":"type-product","3":"status-publish","4":"has-post-thumbnail","6":"product_cat-electric-road-scooters","8":"first","9":"instock","10":"taxable","11":"shipping-taxable","12":"purchasable","13":"product-type-simple"},"exclude_global_add_ons":false,"addons":[],"yoast_head":"<!-- This site is optimized with the Yoast SEO Premium plugin v27.4 (Yoast SEO v27.5) - https:\/\/yoast.com\/product\/yoast-seo-premium-wordpress\/ -->\n<title>Super Soco CU mini (1kW) Red - E-Moto Park<\/title>\n<meta name=\"robots\" content=\"index, follow, max-snippet:-1, max-image-preview:large, max-video-preview:-1\" \/>\n<link rel=\"canonical\" href=\"https:\/\/e-motopark.com\/en\/product\/super-soco-cu-mini-1kw-red\/\" \/>\n<meta property=\"og:locale\" content=\"en_US\" \/>\n<meta property=\"og:type\" content=\"article\" \/>\n<meta property=\"og:title\" content=\"Super Soco CU mini (1kW) Red\" \/>\n<meta property=\"og:description\" content=\"Approved electric scooter Super Soco CU mini (1kW) DRIVER&#8217;S LICENCE: AM (also riders from 15 years of age) Description: Thanks to its compact dimensions, the handy Vmoto CU mini e-scooter is the ideal choice for riders who value comfort and ease of use. It&#8217;s easy on your wallet and the environment, faster and more convenient [&hellip;]\" \/>\n<meta property=\"og:url\" content=\"https:\/\/e-motopark.com\/en\/product\/super-soco-cu-mini-1kw-red\/\" \/>\n<meta property=\"og:site_name\" content=\"E-Moto Park\" \/>\n<meta property=\"article:publisher\" content=\"https:\/\/www.facebook.com\/EmotoPark\/\" \/>\n<meta property=\"article:modified_time\" content=\"2025-06-04T16:58:16+00:00\" \/>\n<meta property=\"og:image\" content=\"https:\/\/e-motopark.com\/wp-content\/uploads\/2024\/09\/Elektricky-skutr-Super-Soco-CU-mini-cervena.jpg\" \/>\n\t<meta property=\"og:image:width\" content=\"693\" \/>\n\t<meta property=\"og:image:height\" content=\"686\" \/>\n\t<meta property=\"og:image:type\" content=\"image\/jpeg\" \/>\n<meta name=\"twitter:card\" content=\"summary_large_image\" \/>\n<meta name=\"twitter:label1\" content=\"Est. reading time\" \/>\n\t<meta name=\"twitter:data1\" content=\"2 minutes\" \/>\n<script type=\"application\/ld+json\" class=\"yoast-schema-graph\">{\"@context\":\"https:\\\/\\\/schema.org\",\"@graph\":[{\"@type\":[\"WebPage\",\"ItemPage\"],\"@id\":\"https:\\\/\\\/e-motopark.com\\\/en\\\/product\\\/super-soco-cu-mini-1kw-red\\\/\",\"url\":\"https:\\\/\\\/e-motopark.com\\\/en\\\/product\\\/super-soco-cu-mini-1kw-red\\\/\",\"name\":\"Super Soco CU mini (1kW) Red - E-Moto Park\",\"isPartOf\":{\"@id\":\"https:\\\/\\\/e-motopark.com\\\/en\\\/#website\"},\"primaryImageOfPage\":{\"@id\":\"https:\\\/\\\/e-motopark.com\\\/en\\\/product\\\/super-soco-cu-mini-1kw-red\\\/#primaryimage\"},\"image\":{\"@id\":\"https:\\\/\\\/e-motopark.com\\\/en\\\/product\\\/super-soco-cu-mini-1kw-red\\\/#primaryimage\"},\"thumbnailUrl\":\"https:\\\/\\\/e-motopark.com\\\/wp-content\\\/uploads\\\/2024\\\/09\\\/Elektricky-skutr-Super-Soco-CU-mini-cervena.jpg\",\"datePublished\":\"2024-09-19T09:26:50+00:00\",\"dateModified\":\"2025-06-04T16:58:16+00:00\",\"breadcrumb\":{\"@id\":\"https:\\\/\\\/e-motopark.com\\\/en\\\/product\\\/super-soco-cu-mini-1kw-red\\\/#breadcrumb\"},\"inLanguage\":\"en-US\",\"potentialAction\":[{\"@type\":\"ReadAction\",\"target\":[\"https:\\\/\\\/e-motopark.com\\\/en\\\/product\\\/super-soco-cu-mini-1kw-red\\\/\"]}]},{\"@type\":\"ImageObject\",\"inLanguage\":\"en-US\",\"@id\":\"https:\\\/\\\/e-motopark.com\\\/en\\\/product\\\/super-soco-cu-mini-1kw-red\\\/#primaryimage\",\"url\":\"https:\\\/\\\/e-motopark.com\\\/wp-content\\\/uploads\\\/2024\\\/09\\\/Elektricky-skutr-Super-Soco-CU-mini-cervena.jpg\",\"contentUrl\":\"https:\\\/\\\/e-motopark.com\\\/wp-content\\\/uploads\\\/2024\\\/09\\\/Elektricky-skutr-Super-Soco-CU-mini-cervena.jpg\",\"width\":693,\"height\":686},{\"@type\":\"BreadcrumbList\",\"@id\":\"https:\\\/\\\/e-motopark.com\\\/en\\\/product\\\/super-soco-cu-mini-1kw-red\\\/#breadcrumb\",\"itemListElement\":[{\"@type\":\"ListItem\",\"position\":1,\"name\":\"Dom\u016f\",\"item\":\"https:\\\/\\\/e-motopark.com\\\/en\\\/e-moto-park-shop-and-rental-of-electric-motorbikes\\\/\"},{\"@type\":\"ListItem\",\"position\":2,\"name\":\"Shop\",\"item\":\"https:\\\/\\\/e-motopark.com\\\/en\\\/shop\\\/\"},{\"@type\":\"ListItem\",\"position\":3,\"name\":\"Super Soco CU mini (1kW) Red\"}]},{\"@type\":\"WebSite\",\"@id\":\"https:\\\/\\\/e-motopark.com\\\/en\\\/#website\",\"url\":\"https:\\\/\\\/e-motopark.com\\\/en\\\/\",\"name\":\"E-Moto Park\",\"description\":\"Prodejna a p\u016fj\u010dovna elektrick\u00fdch motorek\",\"publisher\":{\"@id\":\"https:\\\/\\\/e-motopark.com\\\/en\\\/#organization\"},\"potentialAction\":[{\"@type\":\"SearchAction\",\"target\":{\"@type\":\"EntryPoint\",\"urlTemplate\":\"https:\\\/\\\/e-motopark.com\\\/en\\\/?s={search_term_string}\"},\"query-input\":{\"@type\":\"PropertyValueSpecification\",\"valueRequired\":true,\"valueName\":\"search_term_string\"}}],\"inLanguage\":\"en-US\"},{\"@type\":\"Organization\",\"@id\":\"https:\\\/\\\/e-motopark.com\\\/en\\\/#organization\",\"name\":\"E-Moto Park\",\"url\":\"https:\\\/\\\/e-motopark.com\\\/en\\\/\",\"logo\":{\"@type\":\"ImageObject\",\"inLanguage\":\"en-US\",\"@id\":\"https:\\\/\\\/e-motopark.com\\\/en\\\/#\\\/schema\\\/logo\\\/image\\\/\",\"url\":\"https:\\\/\\\/e-motopark.com\\\/wp-content\\\/uploads\\\/2023\\\/11\\\/cropped-cropped-E-Moto-Park-logo.png\",\"contentUrl\":\"https:\\\/\\\/e-motopark.com\\\/wp-content\\\/uploads\\\/2023\\\/11\\\/cropped-cropped-E-Moto-Park-logo.png\",\"width\":108,\"height\":50,\"caption\":\"E-Moto Park\"},\"image\":{\"@id\":\"https:\\\/\\\/e-motopark.com\\\/en\\\/#\\\/schema\\\/logo\\\/image\\\/\"},\"sameAs\":[\"https:\\\/\\\/www.facebook.com\\\/EmotoPark\\\/\"]}]}<\/script>\n<!-- \/ Yoast SEO Premium plugin. -->","yoast_head_json":{"title":"Super Soco CU mini (1kW) Red - E-Moto Park","robots":{"index":"index","follow":"follow","max-snippet":"max-snippet:-1","max-image-preview":"max-image-preview:large","max-video-preview":"max-video-preview:-1"},"canonical":"https:\/\/e-motopark.com\/en\/product\/super-soco-cu-mini-1kw-red\/","og_locale":"en_US","og_type":"article","og_title":"Super Soco CU mini (1kW) Red","og_description":"Approved electric scooter Super Soco CU mini (1kW) DRIVER&#8217;S LICENCE: AM (also riders from 15 years of age) Description: Thanks to its compact dimensions, the handy Vmoto CU mini e-scooter is the ideal choice for riders who value comfort and ease of use. It&#8217;s easy on your wallet and the environment, faster and more convenient [&hellip;]","og_url":"https:\/\/e-motopark.com\/en\/product\/super-soco-cu-mini-1kw-red\/","og_site_name":"E-Moto Park","article_publisher":"https:\/\/www.facebook.com\/EmotoPark\/","article_modified_time":"2025-06-04T16:58:16+00:00","og_image":[{"width":693,"height":686,"url":"https:\/\/e-motopark.com\/wp-content\/uploads\/2024\/09\/Elektricky-skutr-Super-Soco-CU-mini-cervena.jpg","type":"image\/jpeg"}],"twitter_card":"summary_large_image","twitter_misc":{"Est. reading time":"2 minutes"},"schema":{"@context":"https:\/\/schema.org","@graph":[{"@type":["WebPage","ItemPage"],"@id":"https:\/\/e-motopark.com\/en\/product\/super-soco-cu-mini-1kw-red\/","url":"https:\/\/e-motopark.com\/en\/product\/super-soco-cu-mini-1kw-red\/","name":"Super Soco CU mini (1kW) Red - E-Moto Park","isPartOf":{"@id":"https:\/\/e-motopark.com\/en\/#website"},"primaryImageOfPage":{"@id":"https:\/\/e-motopark.com\/en\/product\/super-soco-cu-mini-1kw-red\/#primaryimage"},"image":{"@id":"https:\/\/e-motopark.com\/en\/product\/super-soco-cu-mini-1kw-red\/#primaryimage"},"thumbnailUrl":"https:\/\/e-motopark.com\/wp-content\/uploads\/2024\/09\/Elektricky-skutr-Super-Soco-CU-mini-cervena.jpg","datePublished":"2024-09-19T09:26:50+00:00","dateModified":"2025-06-04T16:58:16+00:00","breadcrumb":{"@id":"https:\/\/e-motopark.com\/en\/product\/super-soco-cu-mini-1kw-red\/#breadcrumb"},"inLanguage":"en-US","potentialAction":[{"@type":"ReadAction","target":["https:\/\/e-motopark.com\/en\/product\/super-soco-cu-mini-1kw-red\/"]}]},{"@type":"ImageObject","inLanguage":"en-US","@id":"https:\/\/e-motopark.com\/en\/product\/super-soco-cu-mini-1kw-red\/#primaryimage","url":"https:\/\/e-motopark.com\/wp-content\/uploads\/2024\/09\/Elektricky-skutr-Super-Soco-CU-mini-cervena.jpg","contentUrl":"https:\/\/e-motopark.com\/wp-content\/uploads\/2024\/09\/Elektricky-skutr-Super-Soco-CU-mini-cervena.jpg","width":693,"height":686},{"@type":"BreadcrumbList","@id":"https:\/\/e-motopark.com\/en\/product\/super-soco-cu-mini-1kw-red\/#breadcrumb","itemListElement":[{"@type":"ListItem","position":1,"name":"Dom\u016f","item":"https:\/\/e-motopark.com\/en\/e-moto-park-shop-and-rental-of-electric-motorbikes\/"},{"@type":"ListItem","position":2,"name":"Shop","item":"https:\/\/e-motopark.com\/en\/shop\/"},{"@type":"ListItem","position":3,"name":"Super Soco CU mini (1kW) Red"}]},{"@type":"WebSite","@id":"https:\/\/e-motopark.com\/en\/#website","url":"https:\/\/e-motopark.com\/en\/","name":"E-Moto Park","description":"Prodejna a p\u016fj\u010dovna elektrick\u00fdch motorek","publisher":{"@id":"https:\/\/e-motopark.com\/en\/#organization"},"potentialAction":[{"@type":"SearchAction","target":{"@type":"EntryPoint","urlTemplate":"https:\/\/e-motopark.com\/en\/?s={search_term_string}"},"query-input":{"@type":"PropertyValueSpecification","valueRequired":true,"valueName":"search_term_string"}}],"inLanguage":"en-US"},{"@type":"Organization","@id":"https:\/\/e-motopark.com\/en\/#organization","name":"E-Moto Park","url":"https:\/\/e-motopark.com\/en\/","logo":{"@type":"ImageObject","inLanguage":"en-US","@id":"https:\/\/e-motopark.com\/en\/#\/schema\/logo\/image\/","url":"https:\/\/e-motopark.com\/wp-content\/uploads\/2023\/11\/cropped-cropped-E-Moto-Park-logo.png","contentUrl":"https:\/\/e-motopark.com\/wp-content\/uploads\/2023\/11\/cropped-cropped-E-Moto-Park-logo.png","width":108,"height":50,"caption":"E-Moto Park"},"image":{"@id":"https:\/\/e-motopark.com\/en\/#\/schema\/logo\/image\/"},"sameAs":["https:\/\/www.facebook.com\/EmotoPark\/"]}]}},"_links":{"self":[{"href":"https:\/\/e-motopark.com\/en\/wp-json\/wp\/v2\/product\/9250","targetHints":{"allow":["GET"]}}],"collection":[{"href":"https:\/\/e-motopark.com\/en\/wp-json\/wp\/v2\/product"}],"about":[{"href":"https:\/\/e-motopark.com\/en\/wp-json\/wp\/v2\/types\/product"}],"wp:featuredmedia":[{"embeddable":true,"href":"https:\/\/e-motopark.com\/en\/wp-json\/wp\/v2\/media\/8196"}],"wp:attachment":[{"href":"https:\/\/e-motopark.com\/en\/wp-json\/wp\/v2\/media?parent=9250"}],"wp:term":[{"taxonomy":"product_brand","embeddable":true,"href":"https:\/\/e-motopark.com\/en\/wp-json\/wp\/v2\/product_brand?post=9250"},{"taxonomy":"product_cat","embeddable":true,"href":"https:\/\/e-motopark.com\/en\/wp-json\/wp\/v2\/product_cat?post=9250"},{"taxonomy":"product_tag","embeddable":true,"href":"https:\/\/e-motopark.com\/en\/wp-json\/wp\/v2\/product_tag?post=9250"},{"taxonomy":"emoto_spec_group","embeddable":true,"href":"https:\/\/e-motopark.com\/en\/wp-json\/wp\/v2\/emoto_spec_group?post=9250"}],"curies":[{"name":"wp","href":"https:\/\/api.w.org\/{rel}","templated":true}]}}