{"id":9251,"date":"2024-09-19T11:22:56","date_gmt":"2024-09-19T09:22:56","guid":{"rendered":"https:\/\/e-motopark.com\/produkt\/super-soco-cux-2kw-modra\/"},"modified":"2025-06-04T18:58:19","modified_gmt":"2025-06-04T16:58:19","slug":"super-soco-cux-2kw-blue","status":"publish","type":"product","link":"https:\/\/e-motopark.com\/en\/product\/super-soco-cux-2kw-blue\/","title":{"rendered":"Super Soco CUX (2kW) Blue"},"content":{"rendered":"<ul>\n<li>Approved electric scooter Super Soco CUX (2kW)<\/li>\n<li><strong>DRIVER&#8217;S LICENCE<\/strong>: AM (also riders from 15 years of age)<\/li>\n<\/ul>\n<h3><strong>Description:<\/strong><\/h3>\n<ul>\n<li><strong>With its unique combination of functionality and elegance, the Vmoto CUX electric scooter is the perfect choice for riders looking for a modern and comfortable riding experience.<\/strong>  The ideal price-performance ratio makes the CUX the right choice for those who value style, simplicity and, of course, a fair price. With a 2kW motor and a max speed of 50km\/h, this model has been expertly designed for safe city driving.  <\/li>\n<li><strong>DRIVER&#8217;S LICENCE<\/strong>: AM (also riders from 15 years of age)<\/li>\n<li><b>ELECTROMOTOR: <\/b>Max. speed 50 km\/h, max. power 2,0 kW  <\/li>\n<li><b>BATTERY: <\/b>Range 56 km &#8211; 65 km. Battery capacity 60 V 30 Ah <\/li>\n<li><b>CHARGING: <\/b>from 7h \/ 3.5h fast charging (230V socket)<\/li>\n<li><strong>With a price of just 12 kc per 100 kilometres, you can enjoy the driving experience without worrying about high fuel costs.<\/strong>  *with 60V\/30Ah battery and electricity price 8k\u010d per kWh.<\/li>\n<li><strong>Suitable for riders from 15 years of age<\/strong><\/li>\n<li><strong>Instant torque and acceleration<\/strong><\/li>\n<li><strong>3 modes (Eco, Normal, Sport)<\/strong><\/li>\n<li><strong>Minimal maintenance requirements, saving time and money<\/strong><\/li>\n<\/ul>\n<h3><strong>Technical parameters:<\/strong><\/h3>\n<ul>\n<li><strong>Max. speed:   <\/strong>45 &#8211; 50 km\/h<\/li>\n<li><strong>Max. power:   <\/strong>2.0 kW<\/li>\n<li><strong>Motor type: <\/strong>electric in rear wheel<\/li>\n<li><strong>Max. angle of climb:   <\/strong>15\u00b0<br \/>\n&#8212;&#8212;&#8212;&#8212;&#8212;&#8212;&#8212;&#8212;&#8212;&#8212;&#8212;<\/li>\n<li><strong>Distance: <\/strong>56 km &#8211; 65 km (65 km according to WMTC Stage 3*)<\/li>\n<li><strong>Battery type: <\/strong>lithium-ion<\/li>\n<li><strong>Capacity: <\/strong>60 V 30 Ah<\/li>\n<li><strong>Charging time:<\/strong> up to 7 h \/ 3.5 h fast charging<\/li>\n<li><strong>Charging: <\/strong>230 V socket<\/li>\n<li><strong>Energy consumption:<\/strong> 34 Wh\/km<br \/>\n&#8212;&#8212;&#8212;&#8212;&#8212;&#8212;&#8212;&#8212;&#8212;&#8212;&#8212;<\/li>\n<li><strong>Warranty: <\/strong>2 years on the bike and battery (800 charging cycles). To keep the warranty, you must have regular service at our authorized dealers.<br \/>\n&#8212;&#8212;&#8212;&#8212;&#8212;&#8212;&#8212;&#8212;&#8212;&#8212;&#8212;<\/li>\n<li>*Tested at 25 km\/h; rider weight 75 kg.<\/li>\n<\/ul>\n<ul>\n<li><strong>Application: <\/strong>Yes<\/li>\n<li><strong>Display: <\/strong>Digital LCD<\/li>\n<li><strong>Lights: <\/strong>LED headlights with DRLs<\/li>\n<li><strong>Direction indicators: <\/strong>LED<\/li>\n<li><strong>Driving modes:<\/strong> 3 modes (Eco, Normal, Sport)<\/li>\n<li><strong>USB port:<\/strong> Yes<\/li>\n<li><strong>Security: <\/strong>keyless entry, in-app tracking, alarm and bike lock<\/li>\n<\/ul>\n<h3><strong>Dimensions:<\/strong><\/h3>\n<ul>\n<li><strong>Vehicle category\/homologation: <\/strong>L3e-A1 (comparable to 50 cc)<\/li>\n<li><strong>Brakes: <\/strong>hydraulic &#8211; disc<\/li>\n<li><strong>Motor: <\/strong>electric in the rear wheel<\/li>\n<li><strong>Wheelbase:<\/strong> 1 217 mm<\/li>\n<li><strong>Weight with battery: <\/strong>76 kg<\/li>\n<li><strong>L \u00d7 W \u00d7 H: <\/strong>1 782 \u00d7 727 \u00d7 1 087 mm<\/li>\n<li><strong>Seating height:<\/strong> 720 mm<\/li>\n<li><strong>Chassis height:<\/strong> 140 mm<\/li>\n<li><strong>Front tyre:<\/strong> 90\/90 &#8211; 12<\/li>\n<li><strong>Rear tyre:<\/strong> 90\/90 &#8211; 12<\/li>\n<li><strong>Seating:<\/strong> 2<\/li>\n<li><strong>Max. load capacity: <\/strong>  165 kg<\/li>\n<\/ul>\n","protected":false},"excerpt":{"rendered":"<p>Approved electric scooter Super Soco CUX (2kW) DRIVER&#8217;S LICENCE: AM (also riders from 15 years of age) Description: With its unique combination of functionality and elegance, the Vmoto CUX electric scooter is the perfect choice for riders looking for a modern and comfortable riding experience. The ideal price-performance ratio makes the CUX the right choice [&hellip;]<\/p>\n","protected":false},"featured_media":8193,"template":"","meta":{"from_xml":"","manufacturer_code":"","emoto_stock":""},"product_brand":[],"product_cat":[1718],"product_tag":[],"emoto_spec_group":[],"class_list":{"0":"post-9251","1":"product","2":"type-product","3":"status-publish","4":"has-post-thumbnail","6":"product_cat-electric-road-scooters","8":"first","9":"instock","10":"taxable","11":"shipping-taxable","12":"purchasable","13":"product-type-simple"},"exclude_global_add_ons":false,"addons":[],"yoast_head":"<!-- This site is optimized with the Yoast SEO Premium plugin v27.4 (Yoast SEO v27.4) - https:\/\/yoast.com\/product\/yoast-seo-premium-wordpress\/ -->\n<title>Super Soco CUX (2kW) Blue - E-Moto Park<\/title>\n<meta name=\"robots\" content=\"index, follow, max-snippet:-1, max-image-preview:large, max-video-preview:-1\" \/>\n<link rel=\"canonical\" href=\"https:\/\/e-motopark.com\/en\/product\/super-soco-cux-2kw-blue\/\" \/>\n<meta property=\"og:locale\" content=\"en_US\" \/>\n<meta property=\"og:type\" content=\"article\" \/>\n<meta property=\"og:title\" content=\"Super Soco CUX (2kW) Blue\" \/>\n<meta property=\"og:description\" content=\"Approved electric scooter Super Soco CUX (2kW) DRIVER&#8217;S LICENCE: AM (also riders from 15 years of age) Description: With its unique combination of functionality and elegance, the Vmoto CUX electric scooter is the perfect choice for riders looking for a modern and comfortable riding experience. The ideal price-performance ratio makes the CUX the right choice [&hellip;]\" \/>\n<meta property=\"og:url\" content=\"https:\/\/e-motopark.com\/en\/product\/super-soco-cux-2kw-blue\/\" \/>\n<meta property=\"og:site_name\" content=\"E-Moto Park\" \/>\n<meta property=\"article:publisher\" content=\"https:\/\/www.facebook.com\/EmotoPark\/\" \/>\n<meta property=\"article:modified_time\" content=\"2025-06-04T16:58:19+00:00\" \/>\n<meta property=\"og:image\" content=\"https:\/\/e-motopark.com\/wp-content\/uploads\/2024\/09\/Elektricky-skutr-Super-Soco-CUX-modra.jpg\" \/>\n\t<meta property=\"og:image:width\" content=\"800\" \/>\n\t<meta property=\"og:image:height\" content=\"625\" \/>\n\t<meta property=\"og:image:type\" content=\"image\/jpeg\" \/>\n<meta name=\"twitter:card\" content=\"summary_large_image\" \/>\n<meta name=\"twitter:label1\" content=\"Est. reading time\" \/>\n\t<meta name=\"twitter:data1\" content=\"3 minutes\" \/>\n<script type=\"application\/ld+json\" class=\"yoast-schema-graph\">{\"@context\":\"https:\\\/\\\/schema.org\",\"@graph\":[{\"@type\":[\"WebPage\",\"ItemPage\"],\"@id\":\"https:\\\/\\\/e-motopark.com\\\/en\\\/product\\\/super-soco-cux-2kw-blue\\\/\",\"url\":\"https:\\\/\\\/e-motopark.com\\\/en\\\/product\\\/super-soco-cux-2kw-blue\\\/\",\"name\":\"Super Soco CUX (2kW) Blue - E-Moto Park\",\"isPartOf\":{\"@id\":\"https:\\\/\\\/e-motopark.com\\\/en\\\/#website\"},\"primaryImageOfPage\":{\"@id\":\"https:\\\/\\\/e-motopark.com\\\/en\\\/product\\\/super-soco-cux-2kw-blue\\\/#primaryimage\"},\"image\":{\"@id\":\"https:\\\/\\\/e-motopark.com\\\/en\\\/product\\\/super-soco-cux-2kw-blue\\\/#primaryimage\"},\"thumbnailUrl\":\"https:\\\/\\\/e-motopark.com\\\/wp-content\\\/uploads\\\/2024\\\/09\\\/Elektricky-skutr-Super-Soco-CUX-modra.jpg\",\"datePublished\":\"2024-09-19T09:22:56+00:00\",\"dateModified\":\"2025-06-04T16:58:19+00:00\",\"breadcrumb\":{\"@id\":\"https:\\\/\\\/e-motopark.com\\\/en\\\/product\\\/super-soco-cux-2kw-blue\\\/#breadcrumb\"},\"inLanguage\":\"en-US\",\"potentialAction\":[{\"@type\":\"ReadAction\",\"target\":[\"https:\\\/\\\/e-motopark.com\\\/en\\\/product\\\/super-soco-cux-2kw-blue\\\/\"]}]},{\"@type\":\"ImageObject\",\"inLanguage\":\"en-US\",\"@id\":\"https:\\\/\\\/e-motopark.com\\\/en\\\/product\\\/super-soco-cux-2kw-blue\\\/#primaryimage\",\"url\":\"https:\\\/\\\/e-motopark.com\\\/wp-content\\\/uploads\\\/2024\\\/09\\\/Elektricky-skutr-Super-Soco-CUX-modra.jpg\",\"contentUrl\":\"https:\\\/\\\/e-motopark.com\\\/wp-content\\\/uploads\\\/2024\\\/09\\\/Elektricky-skutr-Super-Soco-CUX-modra.jpg\",\"width\":800,\"height\":625},{\"@type\":\"BreadcrumbList\",\"@id\":\"https:\\\/\\\/e-motopark.com\\\/en\\\/product\\\/super-soco-cux-2kw-blue\\\/#breadcrumb\",\"itemListElement\":[{\"@type\":\"ListItem\",\"position\":1,\"name\":\"Dom\u016f\",\"item\":\"https:\\\/\\\/e-motopark.com\\\/en\\\/e-moto-park-shop-and-rental-of-electric-motorbikes\\\/\"},{\"@type\":\"ListItem\",\"position\":2,\"name\":\"Shop\",\"item\":\"https:\\\/\\\/e-motopark.com\\\/en\\\/shop\\\/\"},{\"@type\":\"ListItem\",\"position\":3,\"name\":\"Super Soco CUX (2kW) Blue\"}]},{\"@type\":\"WebSite\",\"@id\":\"https:\\\/\\\/e-motopark.com\\\/en\\\/#website\",\"url\":\"https:\\\/\\\/e-motopark.com\\\/en\\\/\",\"name\":\"E-Moto Park\",\"description\":\"Prodejna a p\u016fj\u010dovna elektrick\u00fdch motorek\",\"publisher\":{\"@id\":\"https:\\\/\\\/e-motopark.com\\\/en\\\/#organization\"},\"potentialAction\":[{\"@type\":\"SearchAction\",\"target\":{\"@type\":\"EntryPoint\",\"urlTemplate\":\"https:\\\/\\\/e-motopark.com\\\/en\\\/?s={search_term_string}\"},\"query-input\":{\"@type\":\"PropertyValueSpecification\",\"valueRequired\":true,\"valueName\":\"search_term_string\"}}],\"inLanguage\":\"en-US\"},{\"@type\":\"Organization\",\"@id\":\"https:\\\/\\\/e-motopark.com\\\/en\\\/#organization\",\"name\":\"E-Moto Park\",\"url\":\"https:\\\/\\\/e-motopark.com\\\/en\\\/\",\"logo\":{\"@type\":\"ImageObject\",\"inLanguage\":\"en-US\",\"@id\":\"https:\\\/\\\/e-motopark.com\\\/en\\\/#\\\/schema\\\/logo\\\/image\\\/\",\"url\":\"https:\\\/\\\/e-motopark.com\\\/wp-content\\\/uploads\\\/2023\\\/11\\\/cropped-cropped-E-Moto-Park-logo.png\",\"contentUrl\":\"https:\\\/\\\/e-motopark.com\\\/wp-content\\\/uploads\\\/2023\\\/11\\\/cropped-cropped-E-Moto-Park-logo.png\",\"width\":108,\"height\":50,\"caption\":\"E-Moto Park\"},\"image\":{\"@id\":\"https:\\\/\\\/e-motopark.com\\\/en\\\/#\\\/schema\\\/logo\\\/image\\\/\"},\"sameAs\":[\"https:\\\/\\\/www.facebook.com\\\/EmotoPark\\\/\"]}]}<\/script>\n<!-- \/ Yoast SEO Premium plugin. -->","yoast_head_json":{"title":"Super Soco CUX (2kW) Blue - E-Moto Park","robots":{"index":"index","follow":"follow","max-snippet":"max-snippet:-1","max-image-preview":"max-image-preview:large","max-video-preview":"max-video-preview:-1"},"canonical":"https:\/\/e-motopark.com\/en\/product\/super-soco-cux-2kw-blue\/","og_locale":"en_US","og_type":"article","og_title":"Super Soco CUX (2kW) Blue","og_description":"Approved electric scooter Super Soco CUX (2kW) DRIVER&#8217;S LICENCE: AM (also riders from 15 years of age) Description: With its unique combination of functionality and elegance, the Vmoto CUX electric scooter is the perfect choice for riders looking for a modern and comfortable riding experience. The ideal price-performance ratio makes the CUX the right choice [&hellip;]","og_url":"https:\/\/e-motopark.com\/en\/product\/super-soco-cux-2kw-blue\/","og_site_name":"E-Moto Park","article_publisher":"https:\/\/www.facebook.com\/EmotoPark\/","article_modified_time":"2025-06-04T16:58:19+00:00","og_image":[{"width":800,"height":625,"url":"https:\/\/e-motopark.com\/wp-content\/uploads\/2024\/09\/Elektricky-skutr-Super-Soco-CUX-modra.jpg","type":"image\/jpeg"}],"twitter_card":"summary_large_image","twitter_misc":{"Est. reading time":"3 minutes"},"schema":{"@context":"https:\/\/schema.org","@graph":[{"@type":["WebPage","ItemPage"],"@id":"https:\/\/e-motopark.com\/en\/product\/super-soco-cux-2kw-blue\/","url":"https:\/\/e-motopark.com\/en\/product\/super-soco-cux-2kw-blue\/","name":"Super Soco CUX (2kW) Blue - E-Moto Park","isPartOf":{"@id":"https:\/\/e-motopark.com\/en\/#website"},"primaryImageOfPage":{"@id":"https:\/\/e-motopark.com\/en\/product\/super-soco-cux-2kw-blue\/#primaryimage"},"image":{"@id":"https:\/\/e-motopark.com\/en\/product\/super-soco-cux-2kw-blue\/#primaryimage"},"thumbnailUrl":"https:\/\/e-motopark.com\/wp-content\/uploads\/2024\/09\/Elektricky-skutr-Super-Soco-CUX-modra.jpg","datePublished":"2024-09-19T09:22:56+00:00","dateModified":"2025-06-04T16:58:19+00:00","breadcrumb":{"@id":"https:\/\/e-motopark.com\/en\/product\/super-soco-cux-2kw-blue\/#breadcrumb"},"inLanguage":"en-US","potentialAction":[{"@type":"ReadAction","target":["https:\/\/e-motopark.com\/en\/product\/super-soco-cux-2kw-blue\/"]}]},{"@type":"ImageObject","inLanguage":"en-US","@id":"https:\/\/e-motopark.com\/en\/product\/super-soco-cux-2kw-blue\/#primaryimage","url":"https:\/\/e-motopark.com\/wp-content\/uploads\/2024\/09\/Elektricky-skutr-Super-Soco-CUX-modra.jpg","contentUrl":"https:\/\/e-motopark.com\/wp-content\/uploads\/2024\/09\/Elektricky-skutr-Super-Soco-CUX-modra.jpg","width":800,"height":625},{"@type":"BreadcrumbList","@id":"https:\/\/e-motopark.com\/en\/product\/super-soco-cux-2kw-blue\/#breadcrumb","itemListElement":[{"@type":"ListItem","position":1,"name":"Dom\u016f","item":"https:\/\/e-motopark.com\/en\/e-moto-park-shop-and-rental-of-electric-motorbikes\/"},{"@type":"ListItem","position":2,"name":"Shop","item":"https:\/\/e-motopark.com\/en\/shop\/"},{"@type":"ListItem","position":3,"name":"Super Soco CUX (2kW) Blue"}]},{"@type":"WebSite","@id":"https:\/\/e-motopark.com\/en\/#website","url":"https:\/\/e-motopark.com\/en\/","name":"E-Moto Park","description":"Prodejna a p\u016fj\u010dovna elektrick\u00fdch motorek","publisher":{"@id":"https:\/\/e-motopark.com\/en\/#organization"},"potentialAction":[{"@type":"SearchAction","target":{"@type":"EntryPoint","urlTemplate":"https:\/\/e-motopark.com\/en\/?s={search_term_string}"},"query-input":{"@type":"PropertyValueSpecification","valueRequired":true,"valueName":"search_term_string"}}],"inLanguage":"en-US"},{"@type":"Organization","@id":"https:\/\/e-motopark.com\/en\/#organization","name":"E-Moto Park","url":"https:\/\/e-motopark.com\/en\/","logo":{"@type":"ImageObject","inLanguage":"en-US","@id":"https:\/\/e-motopark.com\/en\/#\/schema\/logo\/image\/","url":"https:\/\/e-motopark.com\/wp-content\/uploads\/2023\/11\/cropped-cropped-E-Moto-Park-logo.png","contentUrl":"https:\/\/e-motopark.com\/wp-content\/uploads\/2023\/11\/cropped-cropped-E-Moto-Park-logo.png","width":108,"height":50,"caption":"E-Moto Park"},"image":{"@id":"https:\/\/e-motopark.com\/en\/#\/schema\/logo\/image\/"},"sameAs":["https:\/\/www.facebook.com\/EmotoPark\/"]}]}},"_links":{"self":[{"href":"https:\/\/e-motopark.com\/en\/wp-json\/wp\/v2\/product\/9251","targetHints":{"allow":["GET"]}}],"collection":[{"href":"https:\/\/e-motopark.com\/en\/wp-json\/wp\/v2\/product"}],"about":[{"href":"https:\/\/e-motopark.com\/en\/wp-json\/wp\/v2\/types\/product"}],"wp:featuredmedia":[{"embeddable":true,"href":"https:\/\/e-motopark.com\/en\/wp-json\/wp\/v2\/media\/8193"}],"wp:attachment":[{"href":"https:\/\/e-motopark.com\/en\/wp-json\/wp\/v2\/media?parent=9251"}],"wp:term":[{"taxonomy":"product_brand","embeddable":true,"href":"https:\/\/e-motopark.com\/en\/wp-json\/wp\/v2\/product_brand?post=9251"},{"taxonomy":"product_cat","embeddable":true,"href":"https:\/\/e-motopark.com\/en\/wp-json\/wp\/v2\/product_cat?post=9251"},{"taxonomy":"product_tag","embeddable":true,"href":"https:\/\/e-motopark.com\/en\/wp-json\/wp\/v2\/product_tag?post=9251"},{"taxonomy":"emoto_spec_group","embeddable":true,"href":"https:\/\/e-motopark.com\/en\/wp-json\/wp\/v2\/emoto_spec_group?post=9251"}],"curies":[{"name":"wp","href":"https:\/\/api.w.org\/{rel}","templated":true}]}}