{"id":9261,"date":"2024-09-19T10:21:12","date_gmt":"2024-09-19T08:21:12","guid":{"rendered":"https:\/\/e-motopark.com\/produkt\/vmoto-f01-47-kw-svetle-modra\/"},"modified":"2025-06-04T18:58:56","modified_gmt":"2025-06-04T16:58:56","slug":"vmoto-f01-47-kw-light-blue","status":"publish","type":"product","link":"https:\/\/e-motopark.com\/en\/product\/vmoto-f01-47-kw-light-blue\/","title":{"rendered":"Vmoto F01 (4,7 kW) Light blue"},"content":{"rendered":"<ul>\n<li>Approved electric scooter Vmoto F01 (4,7 kW)<\/li>\n<\/ul>\n<h3><strong>Description:<\/strong><\/h3>\n<ul>\n<li><strong>Strength, safety and durability, clean lines and a completely new colour range<\/strong>: the F01 is sure to make its mark in the B2C world. Every detail, from the headlight to the taillight, represents the <strong>quality, style and freshness that characterise and emphasise the lines of the F01<\/strong>. <\/li>\n<li><b>DRIVER&#8217;S LICENCE: <\/b>type B licence<\/li>\n<li><b>ELECTROMOTOR: <\/b>Max. speed 80 km\/h, max.  power 4,7 kW<\/li>\n<li><b>BATTERY: <\/b>Capacity 60 V 32 Ah. Range 65 km <\/li>\n<li><b>CHARGING: <\/b>up to 3.5 hours &#8211; standard 230V socket<\/li>\n<li><strong>With a price of just 15 kc per 100 kilometres, you can enjoy the driving experience without worrying about high fuel costs.<\/strong>  *with 72V\/48Ah battery and electricity price 8k\u010d per kWh.<\/li>\n<li><strong>Instant torque and acceleration<\/strong><\/li>\n<li><strong>Minimal maintenance requirements, saving time and money<\/strong><\/li>\n<\/ul>\n<h3><strong>Technical parameters:<\/strong><\/h3>\n<ul>\n<li><strong>Max. speed:   <\/strong>80 km\/h<\/li>\n<li><strong>Max. power: <\/strong>  4.7 kW<\/li>\n<li><strong>Max. angle of climb: <\/strong>  14\u00b0<br \/>\n&#8212;&#8212;&#8212;&#8212;&#8212;&#8212;&#8212;&#8212;&#8212;&#8212;&#8212;<\/li>\n<li><strong>Distance:<\/strong> 65 km (70 km according to WMTC Stage 3*)<\/li>\n<li><strong>Battery type: <\/strong>lithium<\/li>\n<li><strong>Capacity:<\/strong> 60 V 45 Ah<\/li>\n<li><strong>Charging time:<\/strong> up to 3.5 h<\/li>\n<li><strong>Charging: <\/strong>230V socket<br \/>\n&#8212;&#8212;&#8212;&#8212;&#8212;&#8212;&#8212;&#8212;&#8212;&#8212;&#8212;<\/li>\n<li><strong>Warranty:<\/strong> 2 years on scooter and battery. 2 years on the scooter, 2 years on the scooter, 2 years on the scooter, 2 years on the scooter, 2 years on the scooter, 2 years on the scooter, 2 years on the scooter.<br \/>\n&#8212;&#8212;&#8212;&#8212;&#8212;&#8212;&#8212;&#8212;&#8212;&#8212;&#8212;<\/li>\n<li>*Tested at 45 km\/h; rider weight 75 kg.<\/li>\n<\/ul>\n<ul>\n<li><strong>Display:<\/strong> LCD<\/li>\n<li><strong>Lights:<\/strong> LED<\/li>\n<li><strong>Direction indicators:<\/strong> LED<\/li>\n<li><strong>Driving modes: <\/strong>3 modes (Eco, Normal, Sport)<\/li>\n<li><strong>Security: <\/strong>keyless entry, alarm and wheel lock<\/li>\n<\/ul>\n<h3><strong>Dimensions:<\/strong><\/h3>\n<ul>\n<li><strong>Vehicle category\/homologation: <\/strong>L3e-A1 (comparable to 125 cc)<\/li>\n<li><strong>Brakes: <\/strong>hydraulic &#8211; disc, CBS system<\/li>\n<li><strong>Motor: <\/strong>electric in the rear wheel<\/li>\n<li><strong>Wheelbase:<\/strong> 1 327 mm<\/li>\n<li><strong>Weight with battery: <\/strong>106 kg<\/li>\n<li><strong>L \u00d7 W \u00d7 H: <\/strong>1 940 \u00d7 730 \u00d7 1 160 mm<\/li>\n<li><strong>Seating height:<\/strong> 855 mm<\/li>\n<li><strong>Chassis height: <\/strong>130 mm<\/li>\n<li><strong>Front tyre<\/strong>: 90\/80 &#8211; 16<\/li>\n<li><strong>Rear tyre:<\/strong> 90\/90 &#8211; 14<\/li>\n<li><strong>Seating:<\/strong> 2<\/li>\n<li><strong>Max. load capacity:<\/strong> 150 kg<\/li>\n<\/ul>\n","protected":false},"excerpt":{"rendered":"<p>Approved electric scooter Vmoto F01 (4,7 kW) Description: Strength, safety and durability, clean lines and a completely new colour range: the F01 is sure to make its mark in the B2C world. Every detail, from the headlight to the taillight, represents the quality, style and freshness that characterise and emphasise the lines of the F01. [&hellip;]<\/p>\n","protected":false},"featured_media":8163,"template":"","meta":{"from_xml":"","manufacturer_code":"","emoto_stock":""},"product_brand":[],"product_cat":[1718],"product_tag":[],"emoto_spec_group":[],"class_list":{"0":"post-9261","1":"product","2":"type-product","3":"status-publish","4":"has-post-thumbnail","6":"product_cat-electric-road-scooters","8":"first","9":"instock","10":"taxable","11":"shipping-taxable","12":"purchasable","13":"product-type-simple"},"exclude_global_add_ons":false,"addons":[],"yoast_head":"<!-- This site is optimized with the Yoast SEO Premium plugin v27.4 (Yoast SEO v27.5) - https:\/\/yoast.com\/product\/yoast-seo-premium-wordpress\/ -->\n<title>Vmoto F01 (4,7 kW) Light blue - E-Moto Park<\/title>\n<meta name=\"robots\" content=\"index, follow, max-snippet:-1, max-image-preview:large, max-video-preview:-1\" \/>\n<link rel=\"canonical\" href=\"https:\/\/e-motopark.com\/en\/product\/vmoto-f01-47-kw-light-blue\/\" \/>\n<meta property=\"og:locale\" content=\"en_US\" \/>\n<meta property=\"og:type\" content=\"article\" \/>\n<meta property=\"og:title\" content=\"Vmoto F01 (4,7 kW) Light blue\" \/>\n<meta property=\"og:description\" content=\"Approved electric scooter Vmoto F01 (4,7 kW) Description: Strength, safety and durability, clean lines and a completely new colour range: the F01 is sure to make its mark in the B2C world. Every detail, from the headlight to the taillight, represents the quality, style and freshness that characterise and emphasise the lines of the F01. [&hellip;]\" \/>\n<meta property=\"og:url\" content=\"https:\/\/e-motopark.com\/en\/product\/vmoto-f01-47-kw-light-blue\/\" \/>\n<meta property=\"og:site_name\" content=\"E-Moto Park\" \/>\n<meta property=\"article:publisher\" content=\"https:\/\/www.facebook.com\/EmotoPark\/\" \/>\n<meta property=\"article:modified_time\" content=\"2025-06-04T16:58:56+00:00\" \/>\n<meta property=\"og:image\" content=\"https:\/\/e-motopark.com\/wp-content\/uploads\/2024\/09\/Elektricky-skutr-Vmoto-F01-svetle-modra.jpg\" \/>\n\t<meta property=\"og:image:width\" content=\"989\" \/>\n\t<meta property=\"og:image:height\" content=\"718\" \/>\n\t<meta property=\"og:image:type\" content=\"image\/jpeg\" \/>\n<meta name=\"twitter:card\" content=\"summary_large_image\" \/>\n<meta name=\"twitter:label1\" content=\"Est. reading time\" \/>\n\t<meta name=\"twitter:data1\" content=\"2 minutes\" \/>\n<script type=\"application\/ld+json\" class=\"yoast-schema-graph\">{\"@context\":\"https:\\\/\\\/schema.org\",\"@graph\":[{\"@type\":[\"WebPage\",\"ItemPage\"],\"@id\":\"https:\\\/\\\/e-motopark.com\\\/en\\\/product\\\/vmoto-f01-47-kw-light-blue\\\/\",\"url\":\"https:\\\/\\\/e-motopark.com\\\/en\\\/product\\\/vmoto-f01-47-kw-light-blue\\\/\",\"name\":\"Vmoto F01 (4,7 kW) Light blue - E-Moto Park\",\"isPartOf\":{\"@id\":\"https:\\\/\\\/e-motopark.com\\\/en\\\/#website\"},\"primaryImageOfPage\":{\"@id\":\"https:\\\/\\\/e-motopark.com\\\/en\\\/product\\\/vmoto-f01-47-kw-light-blue\\\/#primaryimage\"},\"image\":{\"@id\":\"https:\\\/\\\/e-motopark.com\\\/en\\\/product\\\/vmoto-f01-47-kw-light-blue\\\/#primaryimage\"},\"thumbnailUrl\":\"https:\\\/\\\/e-motopark.com\\\/wp-content\\\/uploads\\\/2024\\\/09\\\/Elektricky-skutr-Vmoto-F01-svetle-modra.jpg\",\"datePublished\":\"2024-09-19T08:21:12+00:00\",\"dateModified\":\"2025-06-04T16:58:56+00:00\",\"breadcrumb\":{\"@id\":\"https:\\\/\\\/e-motopark.com\\\/en\\\/product\\\/vmoto-f01-47-kw-light-blue\\\/#breadcrumb\"},\"inLanguage\":\"en-US\",\"potentialAction\":[{\"@type\":\"ReadAction\",\"target\":[\"https:\\\/\\\/e-motopark.com\\\/en\\\/product\\\/vmoto-f01-47-kw-light-blue\\\/\"]}]},{\"@type\":\"ImageObject\",\"inLanguage\":\"en-US\",\"@id\":\"https:\\\/\\\/e-motopark.com\\\/en\\\/product\\\/vmoto-f01-47-kw-light-blue\\\/#primaryimage\",\"url\":\"https:\\\/\\\/e-motopark.com\\\/wp-content\\\/uploads\\\/2024\\\/09\\\/Elektricky-skutr-Vmoto-F01-svetle-modra.jpg\",\"contentUrl\":\"https:\\\/\\\/e-motopark.com\\\/wp-content\\\/uploads\\\/2024\\\/09\\\/Elektricky-skutr-Vmoto-F01-svetle-modra.jpg\",\"width\":989,\"height\":718},{\"@type\":\"BreadcrumbList\",\"@id\":\"https:\\\/\\\/e-motopark.com\\\/en\\\/product\\\/vmoto-f01-47-kw-light-blue\\\/#breadcrumb\",\"itemListElement\":[{\"@type\":\"ListItem\",\"position\":1,\"name\":\"Dom\u016f\",\"item\":\"https:\\\/\\\/e-motopark.com\\\/en\\\/e-moto-park-shop-and-rental-of-electric-motorbikes\\\/\"},{\"@type\":\"ListItem\",\"position\":2,\"name\":\"Shop\",\"item\":\"https:\\\/\\\/e-motopark.com\\\/en\\\/shop\\\/\"},{\"@type\":\"ListItem\",\"position\":3,\"name\":\"Vmoto F01 (4,7 kW) Light blue\"}]},{\"@type\":\"WebSite\",\"@id\":\"https:\\\/\\\/e-motopark.com\\\/en\\\/#website\",\"url\":\"https:\\\/\\\/e-motopark.com\\\/en\\\/\",\"name\":\"E-Moto Park\",\"description\":\"Prodejna a p\u016fj\u010dovna elektrick\u00fdch motorek\",\"publisher\":{\"@id\":\"https:\\\/\\\/e-motopark.com\\\/en\\\/#organization\"},\"potentialAction\":[{\"@type\":\"SearchAction\",\"target\":{\"@type\":\"EntryPoint\",\"urlTemplate\":\"https:\\\/\\\/e-motopark.com\\\/en\\\/?s={search_term_string}\"},\"query-input\":{\"@type\":\"PropertyValueSpecification\",\"valueRequired\":true,\"valueName\":\"search_term_string\"}}],\"inLanguage\":\"en-US\"},{\"@type\":\"Organization\",\"@id\":\"https:\\\/\\\/e-motopark.com\\\/en\\\/#organization\",\"name\":\"E-Moto Park\",\"url\":\"https:\\\/\\\/e-motopark.com\\\/en\\\/\",\"logo\":{\"@type\":\"ImageObject\",\"inLanguage\":\"en-US\",\"@id\":\"https:\\\/\\\/e-motopark.com\\\/en\\\/#\\\/schema\\\/logo\\\/image\\\/\",\"url\":\"https:\\\/\\\/e-motopark.com\\\/wp-content\\\/uploads\\\/2023\\\/11\\\/cropped-cropped-E-Moto-Park-logo.png\",\"contentUrl\":\"https:\\\/\\\/e-motopark.com\\\/wp-content\\\/uploads\\\/2023\\\/11\\\/cropped-cropped-E-Moto-Park-logo.png\",\"width\":108,\"height\":50,\"caption\":\"E-Moto Park\"},\"image\":{\"@id\":\"https:\\\/\\\/e-motopark.com\\\/en\\\/#\\\/schema\\\/logo\\\/image\\\/\"},\"sameAs\":[\"https:\\\/\\\/www.facebook.com\\\/EmotoPark\\\/\"]}]}<\/script>\n<!-- \/ Yoast SEO Premium plugin. -->","yoast_head_json":{"title":"Vmoto F01 (4,7 kW) Light blue - E-Moto Park","robots":{"index":"index","follow":"follow","max-snippet":"max-snippet:-1","max-image-preview":"max-image-preview:large","max-video-preview":"max-video-preview:-1"},"canonical":"https:\/\/e-motopark.com\/en\/product\/vmoto-f01-47-kw-light-blue\/","og_locale":"en_US","og_type":"article","og_title":"Vmoto F01 (4,7 kW) Light blue","og_description":"Approved electric scooter Vmoto F01 (4,7 kW) Description: Strength, safety and durability, clean lines and a completely new colour range: the F01 is sure to make its mark in the B2C world. Every detail, from the headlight to the taillight, represents the quality, style and freshness that characterise and emphasise the lines of the F01. [&hellip;]","og_url":"https:\/\/e-motopark.com\/en\/product\/vmoto-f01-47-kw-light-blue\/","og_site_name":"E-Moto Park","article_publisher":"https:\/\/www.facebook.com\/EmotoPark\/","article_modified_time":"2025-06-04T16:58:56+00:00","og_image":[{"width":989,"height":718,"url":"https:\/\/e-motopark.com\/wp-content\/uploads\/2024\/09\/Elektricky-skutr-Vmoto-F01-svetle-modra.jpg","type":"image\/jpeg"}],"twitter_card":"summary_large_image","twitter_misc":{"Est. reading time":"2 minutes"},"schema":{"@context":"https:\/\/schema.org","@graph":[{"@type":["WebPage","ItemPage"],"@id":"https:\/\/e-motopark.com\/en\/product\/vmoto-f01-47-kw-light-blue\/","url":"https:\/\/e-motopark.com\/en\/product\/vmoto-f01-47-kw-light-blue\/","name":"Vmoto F01 (4,7 kW) Light blue - E-Moto Park","isPartOf":{"@id":"https:\/\/e-motopark.com\/en\/#website"},"primaryImageOfPage":{"@id":"https:\/\/e-motopark.com\/en\/product\/vmoto-f01-47-kw-light-blue\/#primaryimage"},"image":{"@id":"https:\/\/e-motopark.com\/en\/product\/vmoto-f01-47-kw-light-blue\/#primaryimage"},"thumbnailUrl":"https:\/\/e-motopark.com\/wp-content\/uploads\/2024\/09\/Elektricky-skutr-Vmoto-F01-svetle-modra.jpg","datePublished":"2024-09-19T08:21:12+00:00","dateModified":"2025-06-04T16:58:56+00:00","breadcrumb":{"@id":"https:\/\/e-motopark.com\/en\/product\/vmoto-f01-47-kw-light-blue\/#breadcrumb"},"inLanguage":"en-US","potentialAction":[{"@type":"ReadAction","target":["https:\/\/e-motopark.com\/en\/product\/vmoto-f01-47-kw-light-blue\/"]}]},{"@type":"ImageObject","inLanguage":"en-US","@id":"https:\/\/e-motopark.com\/en\/product\/vmoto-f01-47-kw-light-blue\/#primaryimage","url":"https:\/\/e-motopark.com\/wp-content\/uploads\/2024\/09\/Elektricky-skutr-Vmoto-F01-svetle-modra.jpg","contentUrl":"https:\/\/e-motopark.com\/wp-content\/uploads\/2024\/09\/Elektricky-skutr-Vmoto-F01-svetle-modra.jpg","width":989,"height":718},{"@type":"BreadcrumbList","@id":"https:\/\/e-motopark.com\/en\/product\/vmoto-f01-47-kw-light-blue\/#breadcrumb","itemListElement":[{"@type":"ListItem","position":1,"name":"Dom\u016f","item":"https:\/\/e-motopark.com\/en\/e-moto-park-shop-and-rental-of-electric-motorbikes\/"},{"@type":"ListItem","position":2,"name":"Shop","item":"https:\/\/e-motopark.com\/en\/shop\/"},{"@type":"ListItem","position":3,"name":"Vmoto F01 (4,7 kW) Light blue"}]},{"@type":"WebSite","@id":"https:\/\/e-motopark.com\/en\/#website","url":"https:\/\/e-motopark.com\/en\/","name":"E-Moto Park","description":"Prodejna a p\u016fj\u010dovna elektrick\u00fdch motorek","publisher":{"@id":"https:\/\/e-motopark.com\/en\/#organization"},"potentialAction":[{"@type":"SearchAction","target":{"@type":"EntryPoint","urlTemplate":"https:\/\/e-motopark.com\/en\/?s={search_term_string}"},"query-input":{"@type":"PropertyValueSpecification","valueRequired":true,"valueName":"search_term_string"}}],"inLanguage":"en-US"},{"@type":"Organization","@id":"https:\/\/e-motopark.com\/en\/#organization","name":"E-Moto Park","url":"https:\/\/e-motopark.com\/en\/","logo":{"@type":"ImageObject","inLanguage":"en-US","@id":"https:\/\/e-motopark.com\/en\/#\/schema\/logo\/image\/","url":"https:\/\/e-motopark.com\/wp-content\/uploads\/2023\/11\/cropped-cropped-E-Moto-Park-logo.png","contentUrl":"https:\/\/e-motopark.com\/wp-content\/uploads\/2023\/11\/cropped-cropped-E-Moto-Park-logo.png","width":108,"height":50,"caption":"E-Moto Park"},"image":{"@id":"https:\/\/e-motopark.com\/en\/#\/schema\/logo\/image\/"},"sameAs":["https:\/\/www.facebook.com\/EmotoPark\/"]}]}},"_links":{"self":[{"href":"https:\/\/e-motopark.com\/en\/wp-json\/wp\/v2\/product\/9261","targetHints":{"allow":["GET"]}}],"collection":[{"href":"https:\/\/e-motopark.com\/en\/wp-json\/wp\/v2\/product"}],"about":[{"href":"https:\/\/e-motopark.com\/en\/wp-json\/wp\/v2\/types\/product"}],"wp:featuredmedia":[{"embeddable":true,"href":"https:\/\/e-motopark.com\/en\/wp-json\/wp\/v2\/media\/8163"}],"wp:attachment":[{"href":"https:\/\/e-motopark.com\/en\/wp-json\/wp\/v2\/media?parent=9261"}],"wp:term":[{"taxonomy":"product_brand","embeddable":true,"href":"https:\/\/e-motopark.com\/en\/wp-json\/wp\/v2\/product_brand?post=9261"},{"taxonomy":"product_cat","embeddable":true,"href":"https:\/\/e-motopark.com\/en\/wp-json\/wp\/v2\/product_cat?post=9261"},{"taxonomy":"product_tag","embeddable":true,"href":"https:\/\/e-motopark.com\/en\/wp-json\/wp\/v2\/product_tag?post=9261"},{"taxonomy":"emoto_spec_group","embeddable":true,"href":"https:\/\/e-motopark.com\/en\/wp-json\/wp\/v2\/emoto_spec_group?post=9261"}],"curies":[{"name":"wp","href":"https:\/\/api.w.org\/{rel}","templated":true}]}}