{"id":9266,"date":"2024-09-19T10:15:25","date_gmt":"2024-09-19T08:15:25","guid":{"rendered":"https:\/\/e-motopark.com\/produkt\/super-soco-cpx-48-kw-stribrna\/"},"modified":"2025-06-04T18:59:00","modified_gmt":"2025-06-04T16:59:00","slug":"super-soco-cpx-48-kw-silver","status":"publish","type":"product","link":"https:\/\/e-motopark.com\/en\/product\/super-soco-cpx-48-kw-silver\/","title":{"rendered":"Super Soco CPX (4,8 kW) Silver"},"content":{"rendered":"<ul>\n<li>Approved Super Soco CPX electric scooter (4,8 kW)<\/li>\n<\/ul>\n<h3><strong>Description:<\/strong><\/h3>\n<ul>\n<li><strong>As the most powerful model in the e-scooter range, the Vmoto CPX is the ideal choice for riders who are not satisfied with the average.<\/strong>  With an impressive top speed of up to 105 km\/h and a max range of 110 km (which can be extended to 170 km in the two-battery version), the CPX is ideal for those who demand high performance and efficiency even on longer journeys. <\/li>\n<li><b>DRIVER&#8217;S LICENCE: <\/b>type B licence<\/li>\n<li><b>ELECTROMOTOR: <\/b>Max. speed 105km\/h, max. power 4,8kW  <\/li>\n<li><b>BATTERY: <\/b>Range up to 90km (one battery), up to 160km (two batteries)<\/li>\n<li><b>CHARGE: <\/b>3 hours &#8211; standard 230V socket<\/li>\n<li><strong>With a price of just 13 kc per 100 kilometres, you can enjoy the driving experience without worrying about high fuel costs.<\/strong>  *with 60V\/45Ah battery and electricity price 8 CZK per kWh.<\/li>\n<li><strong>Power equivalent to a 125 cc engine<\/strong><\/li>\n<li><strong>Instant torque and acceleration<\/strong><\/li>\n<li><strong>3 modes (Eco, Normal, Sport)<\/strong><\/li>\n<li><strong>Minimal maintenance requirements, saving time and money<\/strong><\/li>\n<\/ul>\n<h3><strong>Technical parameters:<\/strong><\/h3>\n<ul>\n<li><strong>Max. speed:   <\/strong>95 &#8211; 105 km\/h<\/li>\n<li><strong>Max. power: <\/strong>  4.8 kW<\/li>\n<li><strong>Motor type:<\/strong> electric in rear wheel<\/li>\n<li><strong>Max. angle of climb:   <\/strong>17\u00b0<br \/>\n&#8212;&#8212;&#8212;&#8212;&#8212;&#8212;&#8212;&#8212;&#8212;&#8212;&#8212;<\/li>\n<li><strong>Range with 1 battery: <\/strong>60 &#8211; 90 km (72 km according to WMTC Stage 3*)<\/li>\n<li><strong>Range with 2 batteries: <\/strong>110 &#8211; 160 km (137 km according to WMTC Stage 3*)<\/li>\n<li><strong>Battery type:<\/strong> lithium-ion<\/li>\n<li><strong>Capacity: <\/strong>60 V 45 Ah<\/li>\n<li><strong>Charging time: <\/strong>3.5 h\/ 1 battery<\/li>\n<li><strong>Charging:<\/strong> 230 V socket<\/li>\n<li><strong>Energy consumption: <\/strong>37 Wh\/km<br \/>\n&#8212;&#8212;&#8212;&#8212;&#8212;&#8212;&#8212;&#8212;&#8212;&#8212;&#8212;<\/li>\n<li><strong>Warranty: <\/strong>2 years for the e-scooter and 3 years for the battery (1300 charging cycles). To keep the warranty, you must undergo regular service at our authorized dealers.<br \/>\n&#8212;&#8212;&#8212;&#8212;&#8212;&#8212;&#8212;&#8212;&#8212;&#8212;&#8212;<\/li>\n<li>*Tested at 45 km\/h; rider weight 75 kg.<\/li>\n<\/ul>\n<ul>\n<li><strong>Application:<\/strong> Yes<\/li>\n<li><strong>Display: <\/strong>Digital LCD<\/li>\n<li><strong>Lights:<\/strong> LED headlights with DRLs<\/li>\n<li><strong>Direction indicators:<\/strong> LED<\/li>\n<li><strong>Reverse: <\/strong>yes<\/li>\n<li><strong>Driving modes:<\/strong> 3 modes (Eco, Normal, Sport)<\/li>\n<li><strong>USB port: <\/strong>Yes<\/li>\n<li><strong>Safety:<\/strong> keyless entry, in-app tracking, alarm and bike lock<\/li>\n<\/ul>\n<h3><strong>Dimensions:<\/strong><\/h3>\n<ul>\n<li><strong>Vehicle category\/homologation: <\/strong>L3e-A1 (comparable to 125 cc)<\/li>\n<li><strong>Brakes:<\/strong> hydraulic &#8211; disc, CBS system<\/li>\n<li><strong>Motor: <\/strong>electric in the rear wheel<\/li>\n<li><strong>Wheelbase: <\/strong>1 365 mm<\/li>\n<li><strong>Weight with battery: <\/strong>110 kg<\/li>\n<li><strong>L \u00d7 W \u00d7 H: <\/strong>2049 x 757 x 1450mm<\/li>\n<li><strong>Seating height:<\/strong> 760 mm<\/li>\n<li><strong>Chassis height:<\/strong> 154mm<\/li>\n<li><strong>Front tyre: <\/strong>90\/80 &#8211; 16<\/li>\n<li><strong>Rear tyre:<\/strong> 110\/70 &#8211; 14<\/li>\n<li><strong>Seating:<\/strong> 2<\/li>\n<li><strong>Max.load capacity: <\/strong>200kg<\/li>\n<\/ul>\n","protected":false},"excerpt":{"rendered":"<p>Approved Super Soco CPX electric scooter (4,8 kW) Description: As the most powerful model in the e-scooter range, the Vmoto CPX is the ideal choice for riders who are not satisfied with the average. With an impressive top speed of up to 105 km\/h and a max range of 110 km (which can be extended [&hellip;]<\/p>\n","protected":false},"featured_media":8156,"template":"","meta":{"from_xml":"","manufacturer_code":"","emoto_stock":""},"product_brand":[],"product_cat":[1718],"product_tag":[],"emoto_spec_group":[],"class_list":{"0":"post-9266","1":"product","2":"type-product","3":"status-publish","4":"has-post-thumbnail","6":"product_cat-electric-road-scooters","8":"first","9":"instock","10":"taxable","11":"shipping-taxable","12":"purchasable","13":"product-type-variable","14":"has-default-attributes"},"exclude_global_add_ons":false,"addons":[],"yoast_head":"<!-- This site is optimized with the Yoast SEO Premium plugin v27.4 (Yoast SEO v27.5) - https:\/\/yoast.com\/product\/yoast-seo-premium-wordpress\/ -->\n<title>Super Soco CPX (4,8 kW) Silver - E-Moto Park<\/title>\n<meta name=\"robots\" content=\"index, follow, max-snippet:-1, max-image-preview:large, max-video-preview:-1\" \/>\n<link rel=\"canonical\" href=\"https:\/\/e-motopark.com\/en\/product\/super-soco-cpx-48-kw-silver\/\" \/>\n<meta property=\"og:locale\" content=\"en_US\" \/>\n<meta property=\"og:type\" content=\"article\" \/>\n<meta property=\"og:title\" content=\"Super Soco CPX (4,8 kW) Silver\" \/>\n<meta property=\"og:description\" content=\"Approved Super Soco CPX electric scooter (4,8 kW) Description: As the most powerful model in the e-scooter range, the Vmoto CPX is the ideal choice for riders who are not satisfied with the average. With an impressive top speed of up to 105 km\/h and a max range of 110 km (which can be extended [&hellip;]\" \/>\n<meta property=\"og:url\" content=\"https:\/\/e-motopark.com\/en\/product\/super-soco-cpx-48-kw-silver\/\" \/>\n<meta property=\"og:site_name\" content=\"E-Moto Park\" \/>\n<meta property=\"article:publisher\" content=\"https:\/\/www.facebook.com\/EmotoPark\/\" \/>\n<meta property=\"article:modified_time\" content=\"2025-06-04T16:59:00+00:00\" \/>\n<meta property=\"og:image\" content=\"https:\/\/e-motopark.com\/wp-content\/uploads\/2024\/09\/Vmoto-Super-Soco-CPX-stribrna.jpg\" \/>\n\t<meta property=\"og:image:width\" content=\"759\" \/>\n\t<meta property=\"og:image:height\" content=\"571\" \/>\n\t<meta property=\"og:image:type\" content=\"image\/jpeg\" \/>\n<meta name=\"twitter:card\" content=\"summary_large_image\" \/>\n<meta name=\"twitter:label1\" content=\"Est. reading time\" \/>\n\t<meta name=\"twitter:data1\" content=\"3 minutes\" \/>\n<script type=\"application\/ld+json\" class=\"yoast-schema-graph\">{\"@context\":\"https:\\\/\\\/schema.org\",\"@graph\":[{\"@type\":[\"WebPage\",\"ItemPage\"],\"@id\":\"https:\\\/\\\/e-motopark.com\\\/en\\\/product\\\/super-soco-cpx-48-kw-silver\\\/\",\"url\":\"https:\\\/\\\/e-motopark.com\\\/en\\\/product\\\/super-soco-cpx-48-kw-silver\\\/\",\"name\":\"Super Soco CPX (4,8 kW) Silver - E-Moto Park\",\"isPartOf\":{\"@id\":\"https:\\\/\\\/e-motopark.com\\\/en\\\/#website\"},\"primaryImageOfPage\":{\"@id\":\"https:\\\/\\\/e-motopark.com\\\/en\\\/product\\\/super-soco-cpx-48-kw-silver\\\/#primaryimage\"},\"image\":{\"@id\":\"https:\\\/\\\/e-motopark.com\\\/en\\\/product\\\/super-soco-cpx-48-kw-silver\\\/#primaryimage\"},\"thumbnailUrl\":\"https:\\\/\\\/e-motopark.com\\\/wp-content\\\/uploads\\\/2024\\\/09\\\/Vmoto-Super-Soco-CPX-stribrna.jpg\",\"datePublished\":\"2024-09-19T08:15:25+00:00\",\"dateModified\":\"2025-06-04T16:59:00+00:00\",\"breadcrumb\":{\"@id\":\"https:\\\/\\\/e-motopark.com\\\/en\\\/product\\\/super-soco-cpx-48-kw-silver\\\/#breadcrumb\"},\"inLanguage\":\"en-US\",\"potentialAction\":[{\"@type\":\"ReadAction\",\"target\":[\"https:\\\/\\\/e-motopark.com\\\/en\\\/product\\\/super-soco-cpx-48-kw-silver\\\/\"]}]},{\"@type\":\"ImageObject\",\"inLanguage\":\"en-US\",\"@id\":\"https:\\\/\\\/e-motopark.com\\\/en\\\/product\\\/super-soco-cpx-48-kw-silver\\\/#primaryimage\",\"url\":\"https:\\\/\\\/e-motopark.com\\\/wp-content\\\/uploads\\\/2024\\\/09\\\/Vmoto-Super-Soco-CPX-stribrna.jpg\",\"contentUrl\":\"https:\\\/\\\/e-motopark.com\\\/wp-content\\\/uploads\\\/2024\\\/09\\\/Vmoto-Super-Soco-CPX-stribrna.jpg\",\"width\":759,\"height\":571},{\"@type\":\"BreadcrumbList\",\"@id\":\"https:\\\/\\\/e-motopark.com\\\/en\\\/product\\\/super-soco-cpx-48-kw-silver\\\/#breadcrumb\",\"itemListElement\":[{\"@type\":\"ListItem\",\"position\":1,\"name\":\"Dom\u016f\",\"item\":\"https:\\\/\\\/e-motopark.com\\\/en\\\/e-moto-park-shop-and-rental-of-electric-motorbikes\\\/\"},{\"@type\":\"ListItem\",\"position\":2,\"name\":\"Shop\",\"item\":\"https:\\\/\\\/e-motopark.com\\\/en\\\/shop\\\/\"},{\"@type\":\"ListItem\",\"position\":3,\"name\":\"Super Soco CPX (4,8 kW) Silver\"}]},{\"@type\":\"WebSite\",\"@id\":\"https:\\\/\\\/e-motopark.com\\\/en\\\/#website\",\"url\":\"https:\\\/\\\/e-motopark.com\\\/en\\\/\",\"name\":\"E-Moto Park\",\"description\":\"Prodejna a p\u016fj\u010dovna elektrick\u00fdch motorek\",\"publisher\":{\"@id\":\"https:\\\/\\\/e-motopark.com\\\/en\\\/#organization\"},\"potentialAction\":[{\"@type\":\"SearchAction\",\"target\":{\"@type\":\"EntryPoint\",\"urlTemplate\":\"https:\\\/\\\/e-motopark.com\\\/en\\\/?s={search_term_string}\"},\"query-input\":{\"@type\":\"PropertyValueSpecification\",\"valueRequired\":true,\"valueName\":\"search_term_string\"}}],\"inLanguage\":\"en-US\"},{\"@type\":\"Organization\",\"@id\":\"https:\\\/\\\/e-motopark.com\\\/en\\\/#organization\",\"name\":\"E-Moto Park\",\"url\":\"https:\\\/\\\/e-motopark.com\\\/en\\\/\",\"logo\":{\"@type\":\"ImageObject\",\"inLanguage\":\"en-US\",\"@id\":\"https:\\\/\\\/e-motopark.com\\\/en\\\/#\\\/schema\\\/logo\\\/image\\\/\",\"url\":\"https:\\\/\\\/e-motopark.com\\\/wp-content\\\/uploads\\\/2023\\\/11\\\/cropped-cropped-E-Moto-Park-logo.png\",\"contentUrl\":\"https:\\\/\\\/e-motopark.com\\\/wp-content\\\/uploads\\\/2023\\\/11\\\/cropped-cropped-E-Moto-Park-logo.png\",\"width\":108,\"height\":50,\"caption\":\"E-Moto Park\"},\"image\":{\"@id\":\"https:\\\/\\\/e-motopark.com\\\/en\\\/#\\\/schema\\\/logo\\\/image\\\/\"},\"sameAs\":[\"https:\\\/\\\/www.facebook.com\\\/EmotoPark\\\/\"]}]}<\/script>\n<!-- \/ Yoast SEO Premium plugin. -->","yoast_head_json":{"title":"Super Soco CPX (4,8 kW) Silver - E-Moto Park","robots":{"index":"index","follow":"follow","max-snippet":"max-snippet:-1","max-image-preview":"max-image-preview:large","max-video-preview":"max-video-preview:-1"},"canonical":"https:\/\/e-motopark.com\/en\/product\/super-soco-cpx-48-kw-silver\/","og_locale":"en_US","og_type":"article","og_title":"Super Soco CPX (4,8 kW) Silver","og_description":"Approved Super Soco CPX electric scooter (4,8 kW) Description: As the most powerful model in the e-scooter range, the Vmoto CPX is the ideal choice for riders who are not satisfied with the average. With an impressive top speed of up to 105 km\/h and a max range of 110 km (which can be extended [&hellip;]","og_url":"https:\/\/e-motopark.com\/en\/product\/super-soco-cpx-48-kw-silver\/","og_site_name":"E-Moto Park","article_publisher":"https:\/\/www.facebook.com\/EmotoPark\/","article_modified_time":"2025-06-04T16:59:00+00:00","og_image":[{"width":759,"height":571,"url":"https:\/\/e-motopark.com\/wp-content\/uploads\/2024\/09\/Vmoto-Super-Soco-CPX-stribrna.jpg","type":"image\/jpeg"}],"twitter_card":"summary_large_image","twitter_misc":{"Est. reading time":"3 minutes"},"schema":{"@context":"https:\/\/schema.org","@graph":[{"@type":["WebPage","ItemPage"],"@id":"https:\/\/e-motopark.com\/en\/product\/super-soco-cpx-48-kw-silver\/","url":"https:\/\/e-motopark.com\/en\/product\/super-soco-cpx-48-kw-silver\/","name":"Super Soco CPX (4,8 kW) Silver - E-Moto Park","isPartOf":{"@id":"https:\/\/e-motopark.com\/en\/#website"},"primaryImageOfPage":{"@id":"https:\/\/e-motopark.com\/en\/product\/super-soco-cpx-48-kw-silver\/#primaryimage"},"image":{"@id":"https:\/\/e-motopark.com\/en\/product\/super-soco-cpx-48-kw-silver\/#primaryimage"},"thumbnailUrl":"https:\/\/e-motopark.com\/wp-content\/uploads\/2024\/09\/Vmoto-Super-Soco-CPX-stribrna.jpg","datePublished":"2024-09-19T08:15:25+00:00","dateModified":"2025-06-04T16:59:00+00:00","breadcrumb":{"@id":"https:\/\/e-motopark.com\/en\/product\/super-soco-cpx-48-kw-silver\/#breadcrumb"},"inLanguage":"en-US","potentialAction":[{"@type":"ReadAction","target":["https:\/\/e-motopark.com\/en\/product\/super-soco-cpx-48-kw-silver\/"]}]},{"@type":"ImageObject","inLanguage":"en-US","@id":"https:\/\/e-motopark.com\/en\/product\/super-soco-cpx-48-kw-silver\/#primaryimage","url":"https:\/\/e-motopark.com\/wp-content\/uploads\/2024\/09\/Vmoto-Super-Soco-CPX-stribrna.jpg","contentUrl":"https:\/\/e-motopark.com\/wp-content\/uploads\/2024\/09\/Vmoto-Super-Soco-CPX-stribrna.jpg","width":759,"height":571},{"@type":"BreadcrumbList","@id":"https:\/\/e-motopark.com\/en\/product\/super-soco-cpx-48-kw-silver\/#breadcrumb","itemListElement":[{"@type":"ListItem","position":1,"name":"Dom\u016f","item":"https:\/\/e-motopark.com\/en\/e-moto-park-shop-and-rental-of-electric-motorbikes\/"},{"@type":"ListItem","position":2,"name":"Shop","item":"https:\/\/e-motopark.com\/en\/shop\/"},{"@type":"ListItem","position":3,"name":"Super Soco CPX (4,8 kW) Silver"}]},{"@type":"WebSite","@id":"https:\/\/e-motopark.com\/en\/#website","url":"https:\/\/e-motopark.com\/en\/","name":"E-Moto Park","description":"Prodejna a p\u016fj\u010dovna elektrick\u00fdch motorek","publisher":{"@id":"https:\/\/e-motopark.com\/en\/#organization"},"potentialAction":[{"@type":"SearchAction","target":{"@type":"EntryPoint","urlTemplate":"https:\/\/e-motopark.com\/en\/?s={search_term_string}"},"query-input":{"@type":"PropertyValueSpecification","valueRequired":true,"valueName":"search_term_string"}}],"inLanguage":"en-US"},{"@type":"Organization","@id":"https:\/\/e-motopark.com\/en\/#organization","name":"E-Moto Park","url":"https:\/\/e-motopark.com\/en\/","logo":{"@type":"ImageObject","inLanguage":"en-US","@id":"https:\/\/e-motopark.com\/en\/#\/schema\/logo\/image\/","url":"https:\/\/e-motopark.com\/wp-content\/uploads\/2023\/11\/cropped-cropped-E-Moto-Park-logo.png","contentUrl":"https:\/\/e-motopark.com\/wp-content\/uploads\/2023\/11\/cropped-cropped-E-Moto-Park-logo.png","width":108,"height":50,"caption":"E-Moto Park"},"image":{"@id":"https:\/\/e-motopark.com\/en\/#\/schema\/logo\/image\/"},"sameAs":["https:\/\/www.facebook.com\/EmotoPark\/"]}]}},"_links":{"self":[{"href":"https:\/\/e-motopark.com\/en\/wp-json\/wp\/v2\/product\/9266","targetHints":{"allow":["GET"]}}],"collection":[{"href":"https:\/\/e-motopark.com\/en\/wp-json\/wp\/v2\/product"}],"about":[{"href":"https:\/\/e-motopark.com\/en\/wp-json\/wp\/v2\/types\/product"}],"wp:featuredmedia":[{"embeddable":true,"href":"https:\/\/e-motopark.com\/en\/wp-json\/wp\/v2\/media\/8156"}],"wp:attachment":[{"href":"https:\/\/e-motopark.com\/en\/wp-json\/wp\/v2\/media?parent=9266"}],"wp:term":[{"taxonomy":"product_brand","embeddable":true,"href":"https:\/\/e-motopark.com\/en\/wp-json\/wp\/v2\/product_brand?post=9266"},{"taxonomy":"product_cat","embeddable":true,"href":"https:\/\/e-motopark.com\/en\/wp-json\/wp\/v2\/product_cat?post=9266"},{"taxonomy":"product_tag","embeddable":true,"href":"https:\/\/e-motopark.com\/en\/wp-json\/wp\/v2\/product_tag?post=9266"},{"taxonomy":"emoto_spec_group","embeddable":true,"href":"https:\/\/e-motopark.com\/en\/wp-json\/wp\/v2\/emoto_spec_group?post=9266"}],"curies":[{"name":"wp","href":"https:\/\/api.w.org\/{rel}","templated":true}]}}