{"id":9273,"date":"2024-09-19T09:08:06","date_gmt":"2024-09-19T07:08:06","guid":{"rendered":"https:\/\/e-motopark.com\/produkt\/super-soco-cpx-pro-8-kw-cervena\/"},"modified":"2025-06-04T19:00:04","modified_gmt":"2025-06-04T17:00:04","slug":"super-soco-cpx-pro-8-kw-red","status":"publish","type":"product","link":"https:\/\/e-motopark.com\/en\/product\/super-soco-cpx-pro-8-kw-red\/","title":{"rendered":"Super Soco CPX PRO (8 kW) Red"},"content":{"rendered":"<ul>\n<li>Approved electric scooter Super Soco CPX PRO (8 kW)<\/li>\n<\/ul>\n<h3><strong>Description:<\/strong><\/h3>\n<ul>\n<li><strong>Introducing the new Vmoto CPX PRO &#8211; an even faster and more powerful 100% electric scooter that redefines convenience around town.<\/strong>  With an impressive 8 kW of power, a top speed of up to 105 km\/h and a maximum range of 100 km, the CPX PRO is specifically designed for modern urban riders looking for the perfect balance between style, efficiency and environmental friendliness.<\/li>\n<li><b>DRIVER&#8217;S LICENCE: <\/b>type B licence<\/li>\n<li><b>ELECTROMOTOR: <\/b>Max. speed 105km\/h, max. power 8kW  <\/li>\n<li><b>BATTERY: <\/b>Battery capacity 60V90Ah. Range 100km <\/li>\n<li><b>CHARGE: <\/b>7 hours &#8211; standard 230V socket<\/li>\n<li><strong>With<\/strong><strong> a price of just 16 kc per 100 kilometres, you can enjoy the driving experience without worrying about high fuel costs.<\/strong> *With a 60V\/90Ah battery and an electricity price of 8k per kWh.<\/li>\n<li><strong>Power equivalent to a 125 cc engine<\/strong><\/li>\n<li><strong>Instant torque and acceleration<\/strong><\/li>\n<li><strong>3 modes (Eco, Normal, Sport)<\/strong><\/li>\n<li><strong>Minimal maintenance requirements, saving time and money<\/strong><\/li>\n<\/ul>\n<h3><strong>Technical parameters:<\/strong><\/h3>\n<ul>\n<li><strong>Max. speed:   <\/strong>105 km\/h<\/li>\n<li><strong>Max. power: <\/strong>  8 kW<\/li>\n<li><strong>Motor type:<\/strong> electric in rear wheel<\/li>\n<li><strong>Max. angle of climb:   <\/strong>20\u00b0<br \/>\n&#8212;&#8212;&#8212;&#8212;&#8212;&#8212;&#8212;&#8212;&#8212;&#8212;&#8211;<\/li>\n<li><strong>Range: <\/strong>100 km (100 km according to WMTC Stage 3*)<\/li>\n<li><strong>Battery type:<\/strong> lithium-ion<\/li>\n<li><strong>Capacity: <\/strong>60 V 90 Ah<\/li>\n<li><strong>Charging time: <\/strong>3,5 h\/1 battery (2x batteries included)<\/li>\n<li><strong>Charging:<\/strong> 230 V socket<\/li>\n<li><strong>Energy consumption: <\/strong>53 Wh\/km<br \/>\n&#8212;&#8212;&#8212;&#8212;&#8212;&#8212;&#8212;&#8212;&#8212;&#8212;&#8212;<\/li>\n<li><strong>Warranty: <\/strong>2 years for the e-scooter and 3 years for the battery (1300 charging cycles). To keep the warranty, you must undergo regular service at our authorized dealers.<br \/>\n&#8212;&#8212;&#8212;&#8212;&#8212;&#8212;&#8212;&#8212;&#8212;&#8212;&#8212;<\/li>\n<li>*Tested at 45 km\/h; rider weight 75 kg.<\/li>\n<\/ul>\n<ul>\n<li><strong>Application:<\/strong> Yes<\/li>\n<li><strong>Display: <\/strong>Digital LCD<\/li>\n<li><strong>Lights:<\/strong> LED headlights with DRLs<\/li>\n<li><strong>Direction indicators:<\/strong> LED<\/li>\n<li><strong>Reverse: <\/strong>yes<\/li>\n<li><strong>Driving modes:<\/strong> 3 modes (Eco, Normal, Sport)<\/li>\n<li><strong>USB port: <\/strong>Yes<\/li>\n<li><strong>Safety:<\/strong> keyless entry, in-app tracking, alarm and bike lock<\/li>\n<\/ul>\n<h3><strong>Dimensions:<\/strong><\/h3>\n<ul>\n<li><strong>Vehicle category\/homologation: <\/strong>L3e-A1 (comparable to 125 cc)<\/li>\n<li><strong>Brakes:<\/strong> hydraulic &#8211; disc, CBS system<\/li>\n<li><strong>Motor: <\/strong>electric in the rear wheel<\/li>\n<li><strong>Wheelbase: <\/strong>1 366 mm<\/li>\n<li><strong>Weight with 2 batteries: <\/strong>143 kg<\/li>\n<li><strong>L \u00d7 W \u00d7 H: <\/strong>2049 x 757 x 1450mm<\/li>\n<li><strong>Seating height:<\/strong> 760mm<\/li>\n<li><strong>Chassis height:<\/strong> 154mm<\/li>\n<li><strong>Front tyre: <\/strong>100\/80 &#8211; 16<\/li>\n<li><strong>Rear tyre:<\/strong> 110\/80 &#8211; 14<\/li>\n<li><strong>Seating:<\/strong> 2<\/li>\n<li><strong>Max.load capacity: <\/strong>200kg<\/li>\n<\/ul>\n","protected":false},"excerpt":{"rendered":"<p>Approved electric scooter Super Soco CPX PRO (8 kW) Description: Introducing the new Vmoto CPX PRO &#8211; an even faster and more powerful 100% electric scooter that redefines convenience around town. With an impressive 8 kW of power, a top speed of up to 105 km\/h and a maximum range of 100 km, the CPX [&hellip;]<\/p>\n","protected":false},"featured_media":8129,"template":"","meta":{"from_xml":"","manufacturer_code":"","emoto_stock":""},"product_brand":[],"product_cat":[1718],"product_tag":[],"emoto_spec_group":[],"class_list":{"0":"post-9273","1":"product","2":"type-product","3":"status-publish","4":"has-post-thumbnail","6":"product_cat-electric-road-scooters","8":"first","9":"instock","10":"taxable","11":"shipping-taxable","12":"purchasable","13":"product-type-simple"},"exclude_global_add_ons":false,"addons":[],"yoast_head":"<!-- This site is optimized with the Yoast SEO Premium plugin v27.4 (Yoast SEO v27.5) - https:\/\/yoast.com\/product\/yoast-seo-premium-wordpress\/ -->\n<title>Super Soco CPX PRO (8 kW) Red - E-Moto Park<\/title>\n<meta name=\"robots\" content=\"index, follow, max-snippet:-1, max-image-preview:large, max-video-preview:-1\" \/>\n<link rel=\"canonical\" href=\"https:\/\/e-motopark.com\/en\/product\/super-soco-cpx-pro-8-kw-red\/\" \/>\n<meta property=\"og:locale\" content=\"en_US\" \/>\n<meta property=\"og:type\" content=\"article\" \/>\n<meta property=\"og:title\" content=\"Super Soco CPX PRO (8 kW) Red\" \/>\n<meta property=\"og:description\" content=\"Approved electric scooter Super Soco CPX PRO (8 kW) Description: Introducing the new Vmoto CPX PRO &#8211; an even faster and more powerful 100% electric scooter that redefines convenience around town. With an impressive 8 kW of power, a top speed of up to 105 km\/h and a maximum range of 100 km, the CPX [&hellip;]\" \/>\n<meta property=\"og:url\" content=\"https:\/\/e-motopark.com\/en\/product\/super-soco-cpx-pro-8-kw-red\/\" \/>\n<meta property=\"og:site_name\" content=\"E-Moto Park\" \/>\n<meta property=\"article:publisher\" content=\"https:\/\/www.facebook.com\/EmotoPark\/\" \/>\n<meta property=\"article:modified_time\" content=\"2025-06-04T17:00:04+00:00\" \/>\n<meta property=\"og:image\" content=\"https:\/\/e-motopark.com\/wp-content\/uploads\/2024\/09\/Vmoto-Super-Soco-CPX-PRO.jpg\" \/>\n\t<meta property=\"og:image:width\" content=\"618\" \/>\n\t<meta property=\"og:image:height\" content=\"549\" \/>\n\t<meta property=\"og:image:type\" content=\"image\/jpeg\" \/>\n<meta name=\"twitter:card\" content=\"summary_large_image\" \/>\n<meta name=\"twitter:label1\" content=\"Est. reading time\" \/>\n\t<meta name=\"twitter:data1\" content=\"2 minutes\" \/>\n<script type=\"application\/ld+json\" class=\"yoast-schema-graph\">{\"@context\":\"https:\\\/\\\/schema.org\",\"@graph\":[{\"@type\":[\"WebPage\",\"ItemPage\"],\"@id\":\"https:\\\/\\\/e-motopark.com\\\/en\\\/product\\\/super-soco-cpx-pro-8-kw-red\\\/\",\"url\":\"https:\\\/\\\/e-motopark.com\\\/en\\\/product\\\/super-soco-cpx-pro-8-kw-red\\\/\",\"name\":\"Super Soco CPX PRO (8 kW) Red - E-Moto Park\",\"isPartOf\":{\"@id\":\"https:\\\/\\\/e-motopark.com\\\/en\\\/#website\"},\"primaryImageOfPage\":{\"@id\":\"https:\\\/\\\/e-motopark.com\\\/en\\\/product\\\/super-soco-cpx-pro-8-kw-red\\\/#primaryimage\"},\"image\":{\"@id\":\"https:\\\/\\\/e-motopark.com\\\/en\\\/product\\\/super-soco-cpx-pro-8-kw-red\\\/#primaryimage\"},\"thumbnailUrl\":\"https:\\\/\\\/e-motopark.com\\\/wp-content\\\/uploads\\\/2024\\\/09\\\/Vmoto-Super-Soco-CPX-PRO.jpg\",\"datePublished\":\"2024-09-19T07:08:06+00:00\",\"dateModified\":\"2025-06-04T17:00:04+00:00\",\"breadcrumb\":{\"@id\":\"https:\\\/\\\/e-motopark.com\\\/en\\\/product\\\/super-soco-cpx-pro-8-kw-red\\\/#breadcrumb\"},\"inLanguage\":\"en-US\",\"potentialAction\":[{\"@type\":\"ReadAction\",\"target\":[\"https:\\\/\\\/e-motopark.com\\\/en\\\/product\\\/super-soco-cpx-pro-8-kw-red\\\/\"]}]},{\"@type\":\"ImageObject\",\"inLanguage\":\"en-US\",\"@id\":\"https:\\\/\\\/e-motopark.com\\\/en\\\/product\\\/super-soco-cpx-pro-8-kw-red\\\/#primaryimage\",\"url\":\"https:\\\/\\\/e-motopark.com\\\/wp-content\\\/uploads\\\/2024\\\/09\\\/Vmoto-Super-Soco-CPX-PRO.jpg\",\"contentUrl\":\"https:\\\/\\\/e-motopark.com\\\/wp-content\\\/uploads\\\/2024\\\/09\\\/Vmoto-Super-Soco-CPX-PRO.jpg\",\"width\":618,\"height\":549},{\"@type\":\"BreadcrumbList\",\"@id\":\"https:\\\/\\\/e-motopark.com\\\/en\\\/product\\\/super-soco-cpx-pro-8-kw-red\\\/#breadcrumb\",\"itemListElement\":[{\"@type\":\"ListItem\",\"position\":1,\"name\":\"Dom\u016f\",\"item\":\"https:\\\/\\\/e-motopark.com\\\/en\\\/e-moto-park-shop-and-rental-of-electric-motorbikes\\\/\"},{\"@type\":\"ListItem\",\"position\":2,\"name\":\"Shop\",\"item\":\"https:\\\/\\\/e-motopark.com\\\/en\\\/shop\\\/\"},{\"@type\":\"ListItem\",\"position\":3,\"name\":\"Super Soco CPX PRO (8 kW) Red\"}]},{\"@type\":\"WebSite\",\"@id\":\"https:\\\/\\\/e-motopark.com\\\/en\\\/#website\",\"url\":\"https:\\\/\\\/e-motopark.com\\\/en\\\/\",\"name\":\"E-Moto Park\",\"description\":\"Prodejna a p\u016fj\u010dovna elektrick\u00fdch motorek\",\"publisher\":{\"@id\":\"https:\\\/\\\/e-motopark.com\\\/en\\\/#organization\"},\"potentialAction\":[{\"@type\":\"SearchAction\",\"target\":{\"@type\":\"EntryPoint\",\"urlTemplate\":\"https:\\\/\\\/e-motopark.com\\\/en\\\/?s={search_term_string}\"},\"query-input\":{\"@type\":\"PropertyValueSpecification\",\"valueRequired\":true,\"valueName\":\"search_term_string\"}}],\"inLanguage\":\"en-US\"},{\"@type\":\"Organization\",\"@id\":\"https:\\\/\\\/e-motopark.com\\\/en\\\/#organization\",\"name\":\"E-Moto Park\",\"url\":\"https:\\\/\\\/e-motopark.com\\\/en\\\/\",\"logo\":{\"@type\":\"ImageObject\",\"inLanguage\":\"en-US\",\"@id\":\"https:\\\/\\\/e-motopark.com\\\/en\\\/#\\\/schema\\\/logo\\\/image\\\/\",\"url\":\"https:\\\/\\\/e-motopark.com\\\/wp-content\\\/uploads\\\/2023\\\/11\\\/cropped-cropped-E-Moto-Park-logo.png\",\"contentUrl\":\"https:\\\/\\\/e-motopark.com\\\/wp-content\\\/uploads\\\/2023\\\/11\\\/cropped-cropped-E-Moto-Park-logo.png\",\"width\":108,\"height\":50,\"caption\":\"E-Moto Park\"},\"image\":{\"@id\":\"https:\\\/\\\/e-motopark.com\\\/en\\\/#\\\/schema\\\/logo\\\/image\\\/\"},\"sameAs\":[\"https:\\\/\\\/www.facebook.com\\\/EmotoPark\\\/\"]}]}<\/script>\n<!-- \/ Yoast SEO Premium plugin. -->","yoast_head_json":{"title":"Super Soco CPX PRO (8 kW) Red - E-Moto Park","robots":{"index":"index","follow":"follow","max-snippet":"max-snippet:-1","max-image-preview":"max-image-preview:large","max-video-preview":"max-video-preview:-1"},"canonical":"https:\/\/e-motopark.com\/en\/product\/super-soco-cpx-pro-8-kw-red\/","og_locale":"en_US","og_type":"article","og_title":"Super Soco CPX PRO (8 kW) Red","og_description":"Approved electric scooter Super Soco CPX PRO (8 kW) Description: Introducing the new Vmoto CPX PRO &#8211; an even faster and more powerful 100% electric scooter that redefines convenience around town. With an impressive 8 kW of power, a top speed of up to 105 km\/h and a maximum range of 100 km, the CPX [&hellip;]","og_url":"https:\/\/e-motopark.com\/en\/product\/super-soco-cpx-pro-8-kw-red\/","og_site_name":"E-Moto Park","article_publisher":"https:\/\/www.facebook.com\/EmotoPark\/","article_modified_time":"2025-06-04T17:00:04+00:00","og_image":[{"width":618,"height":549,"url":"https:\/\/e-motopark.com\/wp-content\/uploads\/2024\/09\/Vmoto-Super-Soco-CPX-PRO.jpg","type":"image\/jpeg"}],"twitter_card":"summary_large_image","twitter_misc":{"Est. reading time":"2 minutes"},"schema":{"@context":"https:\/\/schema.org","@graph":[{"@type":["WebPage","ItemPage"],"@id":"https:\/\/e-motopark.com\/en\/product\/super-soco-cpx-pro-8-kw-red\/","url":"https:\/\/e-motopark.com\/en\/product\/super-soco-cpx-pro-8-kw-red\/","name":"Super Soco CPX PRO (8 kW) Red - E-Moto Park","isPartOf":{"@id":"https:\/\/e-motopark.com\/en\/#website"},"primaryImageOfPage":{"@id":"https:\/\/e-motopark.com\/en\/product\/super-soco-cpx-pro-8-kw-red\/#primaryimage"},"image":{"@id":"https:\/\/e-motopark.com\/en\/product\/super-soco-cpx-pro-8-kw-red\/#primaryimage"},"thumbnailUrl":"https:\/\/e-motopark.com\/wp-content\/uploads\/2024\/09\/Vmoto-Super-Soco-CPX-PRO.jpg","datePublished":"2024-09-19T07:08:06+00:00","dateModified":"2025-06-04T17:00:04+00:00","breadcrumb":{"@id":"https:\/\/e-motopark.com\/en\/product\/super-soco-cpx-pro-8-kw-red\/#breadcrumb"},"inLanguage":"en-US","potentialAction":[{"@type":"ReadAction","target":["https:\/\/e-motopark.com\/en\/product\/super-soco-cpx-pro-8-kw-red\/"]}]},{"@type":"ImageObject","inLanguage":"en-US","@id":"https:\/\/e-motopark.com\/en\/product\/super-soco-cpx-pro-8-kw-red\/#primaryimage","url":"https:\/\/e-motopark.com\/wp-content\/uploads\/2024\/09\/Vmoto-Super-Soco-CPX-PRO.jpg","contentUrl":"https:\/\/e-motopark.com\/wp-content\/uploads\/2024\/09\/Vmoto-Super-Soco-CPX-PRO.jpg","width":618,"height":549},{"@type":"BreadcrumbList","@id":"https:\/\/e-motopark.com\/en\/product\/super-soco-cpx-pro-8-kw-red\/#breadcrumb","itemListElement":[{"@type":"ListItem","position":1,"name":"Dom\u016f","item":"https:\/\/e-motopark.com\/en\/e-moto-park-shop-and-rental-of-electric-motorbikes\/"},{"@type":"ListItem","position":2,"name":"Shop","item":"https:\/\/e-motopark.com\/en\/shop\/"},{"@type":"ListItem","position":3,"name":"Super Soco CPX PRO (8 kW) Red"}]},{"@type":"WebSite","@id":"https:\/\/e-motopark.com\/en\/#website","url":"https:\/\/e-motopark.com\/en\/","name":"E-Moto Park","description":"Prodejna a p\u016fj\u010dovna elektrick\u00fdch motorek","publisher":{"@id":"https:\/\/e-motopark.com\/en\/#organization"},"potentialAction":[{"@type":"SearchAction","target":{"@type":"EntryPoint","urlTemplate":"https:\/\/e-motopark.com\/en\/?s={search_term_string}"},"query-input":{"@type":"PropertyValueSpecification","valueRequired":true,"valueName":"search_term_string"}}],"inLanguage":"en-US"},{"@type":"Organization","@id":"https:\/\/e-motopark.com\/en\/#organization","name":"E-Moto Park","url":"https:\/\/e-motopark.com\/en\/","logo":{"@type":"ImageObject","inLanguage":"en-US","@id":"https:\/\/e-motopark.com\/en\/#\/schema\/logo\/image\/","url":"https:\/\/e-motopark.com\/wp-content\/uploads\/2023\/11\/cropped-cropped-E-Moto-Park-logo.png","contentUrl":"https:\/\/e-motopark.com\/wp-content\/uploads\/2023\/11\/cropped-cropped-E-Moto-Park-logo.png","width":108,"height":50,"caption":"E-Moto Park"},"image":{"@id":"https:\/\/e-motopark.com\/en\/#\/schema\/logo\/image\/"},"sameAs":["https:\/\/www.facebook.com\/EmotoPark\/"]}]}},"_links":{"self":[{"href":"https:\/\/e-motopark.com\/en\/wp-json\/wp\/v2\/product\/9273","targetHints":{"allow":["GET"]}}],"collection":[{"href":"https:\/\/e-motopark.com\/en\/wp-json\/wp\/v2\/product"}],"about":[{"href":"https:\/\/e-motopark.com\/en\/wp-json\/wp\/v2\/types\/product"}],"wp:featuredmedia":[{"embeddable":true,"href":"https:\/\/e-motopark.com\/en\/wp-json\/wp\/v2\/media\/8129"}],"wp:attachment":[{"href":"https:\/\/e-motopark.com\/en\/wp-json\/wp\/v2\/media?parent=9273"}],"wp:term":[{"taxonomy":"product_brand","embeddable":true,"href":"https:\/\/e-motopark.com\/en\/wp-json\/wp\/v2\/product_brand?post=9273"},{"taxonomy":"product_cat","embeddable":true,"href":"https:\/\/e-motopark.com\/en\/wp-json\/wp\/v2\/product_cat?post=9273"},{"taxonomy":"product_tag","embeddable":true,"href":"https:\/\/e-motopark.com\/en\/wp-json\/wp\/v2\/product_tag?post=9273"},{"taxonomy":"emoto_spec_group","embeddable":true,"href":"https:\/\/e-motopark.com\/en\/wp-json\/wp\/v2\/emoto_spec_group?post=9273"}],"curies":[{"name":"wp","href":"https:\/\/api.w.org\/{rel}","templated":true}]}}