{"id":9279,"date":"2024-09-18T10:15:23","date_gmt":"2024-09-18T08:15:23","guid":{"rendered":"https:\/\/e-motopark.com\/produkt\/super-soco-tsx-195-kw-cervena\/"},"modified":"2025-06-04T19:00:57","modified_gmt":"2025-06-04T17:00:57","slug":"super-soco-tsx-195-kw-red","status":"publish","type":"product","link":"https:\/\/e-motopark.com\/en\/product\/super-soco-tsx-195-kw-red\/","title":{"rendered":"Super Soco TSX (1,95 kW) Red"},"content":{"rendered":"<ul>\n<li>Approved Super Soco TSX electric motorcycle (1,95 kW)<\/li>\n<\/ul>\n<h3><strong>Description:<\/strong><\/h3>\n<ul>\n<li><strong>Experienced rider or just a beginner? Discover the breath-taking beauty of riding from a new perspective <\/strong>  with the Vmoto TSX. The sporty design and ideal price-performance ratio make the TSX the right choice for those who are after quality, usability and of course a fair price. <\/li>\n<li>With a 1.95 kW engine and a max speed of 50 km\/h, this model has been expertly designed for safe city driving. <\/li>\n<li><b>DRIVER&#8217;S LICENCE: <\/b>B, A1 (also drivers aged 16 and over)<\/li>\n<li><b>ELECTROMOTOR: <\/b>Max. speed 50 km\/h, max. power 1,95 kW  <\/li>\n<li><b>BATTERY: <\/b>Range up to 70 km, battery capacity 60V 32Ah<\/li>\n<li><b>CHARGING: <\/b>from 7h \/ 3.5h fast charging (230V socket)<\/li>\n<li><strong>With a price of just 12 kc per 100 kilometres, you can enjoy the driving experience without worrying about high fuel costs.<\/strong>  *with 60V\/32Ah battery and electricity price 8k\u010d per kWh.<\/li>\n<li><strong>Suitable for riders aged 16 and over<\/strong><\/li>\n<li><strong>Instant torque and acceleration<\/strong><\/li>\n<li><strong>3 modes (Eco, Normal, Sport)<\/strong><\/li>\n<li><strong>Smooth driving without gearbox<\/strong><\/li>\n<li><strong>Minimal maintenance requirements, saving time and money<\/strong><\/li>\n<\/ul>\n<h3><strong>Technical parameters:<\/strong><\/h3>\n<ul>\n<li><strong>Max. speed:   <\/strong>45 &#8211; 50 km\/h<\/li>\n<li><strong>Max. power:   <\/strong>1,95 kW<\/li>\n<li><strong>Max. angle of climb: <\/strong>  17\u00b0<br \/>\n&#8212;&#8212;&#8212;&#8212;&#8212;&#8212;&#8212;&#8212;&#8212;&#8212;&#8212;<\/li>\n<li><strong>Range of 1 battery:<\/strong> 50-60 km<\/li>\n<li><strong>Range of 2 batteries:<\/strong> 110 &#8211; 120 km<\/li>\n<li><strong>Battery type: <\/strong>lithium-ion<\/li>\n<li><strong>Capacity: <\/strong>60 V 30 Ah<\/li>\n<li><strong>Charging time:<\/strong> 3.5\/7 h<\/li>\n<li><strong>Charging: <\/strong>230 V socket<\/li>\n<li><strong>Energy consumption: <\/strong>34 Wh\/km<br \/>\n&#8212;&#8212;&#8212;&#8212;&#8212;&#8212;&#8212;&#8212;&#8212;&#8212;&#8212;<\/li>\n<li><strong>Warranty: <\/strong>2 years on the bike and battery (800 charging cycles). To keep the warranty, you must have regular service at our authorized dealers.<br \/>\n&#8212;&#8212;&#8212;&#8212;&#8212;&#8212;&#8212;&#8212;&#8212;&#8212;&#8212;<\/li>\n<li>*Tested at 45 km\/h; rider weight 75 kg.<\/li>\n<\/ul>\n<ul>\n<li><strong>Application:<\/strong> Yes<\/li>\n<li><strong>Display:<\/strong> Digital LCD<\/li>\n<li><strong>Lights: <\/strong>LED headlights with DRLs<\/li>\n<li><strong>Direction indicators:<\/strong> LED<\/li>\n<li><strong>Driving modes: <\/strong>3 modes (Eco, Normal, Sport)<\/li>\n<li><strong>Safety: <\/strong>keyless entry, in-app tracking, alarm and bike lock<\/li>\n<\/ul>\n<h3><strong>Dimensions:<\/strong><\/h3>\n<ul>\n<li><strong>Vehicle category\/homologation: <\/strong>L3e-A1 (comparable to 50 cc)<\/li>\n<li><strong>Brakes:<\/strong> hydraulic &#8211; disc<\/li>\n<li><strong>Motor: <\/strong>electric in the rear wheel<\/li>\n<li><strong>Wheelbase: <\/strong>1 320 mm<\/li>\n<li><strong>Weight with battery:<\/strong> 69 kg<\/li>\n<li><strong>L \u00d7 W \u00d7 H: <\/strong>1 898 \u00d7 703 \u00d7 1 059 mm<\/li>\n<li><strong>Seating height: <\/strong>770 mm<\/li>\n<li><strong>Chassis height: <\/strong>198 mm<\/li>\n<li><strong>Front tyre:<\/strong> 70\/100 &#8211; 17<\/li>\n<li><strong>Rear tyre:<\/strong> 100\/70 &#8211; 17<\/li>\n<li><strong>Seating: <\/strong>2<\/li>\n<li><strong>Max. load capacity: <\/strong>  158 kg<\/li>\n<\/ul>\n","protected":false},"excerpt":{"rendered":"<p>Approved Super Soco TSX electric motorcycle (1,95 kW) Description: Experienced rider or just a beginner? Discover the breath-taking beauty of riding from a new perspective with the Vmoto TSX. The sporty design and ideal price-performance ratio make the TSX the right choice for those who are after quality, usability and of course a fair price. [&hellip;]<\/p>\n","protected":false},"featured_media":8104,"template":"","meta":{"from_xml":"","manufacturer_code":"","emoto_stock":""},"product_brand":[],"product_cat":[1715],"product_tag":[],"emoto_spec_group":[],"class_list":{"0":"post-9279","1":"product","2":"type-product","3":"status-publish","4":"has-post-thumbnail","6":"product_cat-electric-motorcycles-onroad-en","8":"first","9":"instock","10":"taxable","11":"shipping-taxable","12":"purchasable","13":"product-type-variable","14":"has-default-attributes"},"exclude_global_add_ons":false,"addons":[],"yoast_head":"<!-- This site is optimized with the Yoast SEO Premium plugin v27.4 (Yoast SEO v27.5) - https:\/\/yoast.com\/product\/yoast-seo-premium-wordpress\/ -->\n<title>Super Soco TSX (1,95 kW) Red - E-Moto Park<\/title>\n<meta name=\"robots\" content=\"index, follow, max-snippet:-1, max-image-preview:large, max-video-preview:-1\" \/>\n<link rel=\"canonical\" href=\"https:\/\/e-motopark.com\/en\/product\/super-soco-tsx-195-kw-red\/\" \/>\n<meta property=\"og:locale\" content=\"en_US\" \/>\n<meta property=\"og:type\" content=\"article\" \/>\n<meta property=\"og:title\" content=\"Super Soco TSX (1,95 kW) Red\" \/>\n<meta property=\"og:description\" content=\"Approved Super Soco TSX electric motorcycle (1,95 kW) Description: Experienced rider or just a beginner? Discover the breath-taking beauty of riding from a new perspective with the Vmoto TSX. The sporty design and ideal price-performance ratio make the TSX the right choice for those who are after quality, usability and of course a fair price. [&hellip;]\" \/>\n<meta property=\"og:url\" content=\"https:\/\/e-motopark.com\/en\/product\/super-soco-tsx-195-kw-red\/\" \/>\n<meta property=\"og:site_name\" content=\"E-Moto Park\" \/>\n<meta property=\"article:publisher\" content=\"https:\/\/www.facebook.com\/EmotoPark\/\" \/>\n<meta property=\"article:modified_time\" content=\"2025-06-04T17:00:57+00:00\" \/>\n<meta property=\"og:image\" content=\"https:\/\/e-motopark.com\/wp-content\/uploads\/2024\/09\/Super-Soco-TSX-red1.jpg\" \/>\n\t<meta property=\"og:image:width\" content=\"897\" \/>\n\t<meta property=\"og:image:height\" content=\"685\" \/>\n\t<meta property=\"og:image:type\" content=\"image\/jpeg\" \/>\n<meta name=\"twitter:card\" content=\"summary_large_image\" \/>\n<meta name=\"twitter:label1\" content=\"Est. reading time\" \/>\n\t<meta name=\"twitter:data1\" content=\"3 minutes\" \/>\n<script type=\"application\/ld+json\" class=\"yoast-schema-graph\">{\"@context\":\"https:\\\/\\\/schema.org\",\"@graph\":[{\"@type\":[\"WebPage\",\"ItemPage\"],\"@id\":\"https:\\\/\\\/e-motopark.com\\\/en\\\/product\\\/super-soco-tsx-195-kw-red\\\/\",\"url\":\"https:\\\/\\\/e-motopark.com\\\/en\\\/product\\\/super-soco-tsx-195-kw-red\\\/\",\"name\":\"Super Soco TSX (1,95 kW) Red - E-Moto Park\",\"isPartOf\":{\"@id\":\"https:\\\/\\\/e-motopark.com\\\/en\\\/#website\"},\"primaryImageOfPage\":{\"@id\":\"https:\\\/\\\/e-motopark.com\\\/en\\\/product\\\/super-soco-tsx-195-kw-red\\\/#primaryimage\"},\"image\":{\"@id\":\"https:\\\/\\\/e-motopark.com\\\/en\\\/product\\\/super-soco-tsx-195-kw-red\\\/#primaryimage\"},\"thumbnailUrl\":\"https:\\\/\\\/e-motopark.com\\\/wp-content\\\/uploads\\\/2024\\\/09\\\/Super-Soco-TSX-red1.jpg\",\"datePublished\":\"2024-09-18T08:15:23+00:00\",\"dateModified\":\"2025-06-04T17:00:57+00:00\",\"breadcrumb\":{\"@id\":\"https:\\\/\\\/e-motopark.com\\\/en\\\/product\\\/super-soco-tsx-195-kw-red\\\/#breadcrumb\"},\"inLanguage\":\"en-US\",\"potentialAction\":[{\"@type\":\"ReadAction\",\"target\":[\"https:\\\/\\\/e-motopark.com\\\/en\\\/product\\\/super-soco-tsx-195-kw-red\\\/\"]}]},{\"@type\":\"ImageObject\",\"inLanguage\":\"en-US\",\"@id\":\"https:\\\/\\\/e-motopark.com\\\/en\\\/product\\\/super-soco-tsx-195-kw-red\\\/#primaryimage\",\"url\":\"https:\\\/\\\/e-motopark.com\\\/wp-content\\\/uploads\\\/2024\\\/09\\\/Super-Soco-TSX-red1.jpg\",\"contentUrl\":\"https:\\\/\\\/e-motopark.com\\\/wp-content\\\/uploads\\\/2024\\\/09\\\/Super-Soco-TSX-red1.jpg\",\"width\":897,\"height\":685},{\"@type\":\"BreadcrumbList\",\"@id\":\"https:\\\/\\\/e-motopark.com\\\/en\\\/product\\\/super-soco-tsx-195-kw-red\\\/#breadcrumb\",\"itemListElement\":[{\"@type\":\"ListItem\",\"position\":1,\"name\":\"Dom\u016f\",\"item\":\"https:\\\/\\\/e-motopark.com\\\/en\\\/e-moto-park-shop-and-rental-of-electric-motorbikes\\\/\"},{\"@type\":\"ListItem\",\"position\":2,\"name\":\"Shop\",\"item\":\"https:\\\/\\\/e-motopark.com\\\/en\\\/shop\\\/\"},{\"@type\":\"ListItem\",\"position\":3,\"name\":\"Super Soco TSX (1,95 kW) Red\"}]},{\"@type\":\"WebSite\",\"@id\":\"https:\\\/\\\/e-motopark.com\\\/en\\\/#website\",\"url\":\"https:\\\/\\\/e-motopark.com\\\/en\\\/\",\"name\":\"E-Moto Park\",\"description\":\"Prodejna a p\u016fj\u010dovna elektrick\u00fdch motorek\",\"publisher\":{\"@id\":\"https:\\\/\\\/e-motopark.com\\\/en\\\/#organization\"},\"potentialAction\":[{\"@type\":\"SearchAction\",\"target\":{\"@type\":\"EntryPoint\",\"urlTemplate\":\"https:\\\/\\\/e-motopark.com\\\/en\\\/?s={search_term_string}\"},\"query-input\":{\"@type\":\"PropertyValueSpecification\",\"valueRequired\":true,\"valueName\":\"search_term_string\"}}],\"inLanguage\":\"en-US\"},{\"@type\":\"Organization\",\"@id\":\"https:\\\/\\\/e-motopark.com\\\/en\\\/#organization\",\"name\":\"E-Moto Park\",\"url\":\"https:\\\/\\\/e-motopark.com\\\/en\\\/\",\"logo\":{\"@type\":\"ImageObject\",\"inLanguage\":\"en-US\",\"@id\":\"https:\\\/\\\/e-motopark.com\\\/en\\\/#\\\/schema\\\/logo\\\/image\\\/\",\"url\":\"https:\\\/\\\/e-motopark.com\\\/wp-content\\\/uploads\\\/2023\\\/11\\\/cropped-cropped-E-Moto-Park-logo.png\",\"contentUrl\":\"https:\\\/\\\/e-motopark.com\\\/wp-content\\\/uploads\\\/2023\\\/11\\\/cropped-cropped-E-Moto-Park-logo.png\",\"width\":108,\"height\":50,\"caption\":\"E-Moto Park\"},\"image\":{\"@id\":\"https:\\\/\\\/e-motopark.com\\\/en\\\/#\\\/schema\\\/logo\\\/image\\\/\"},\"sameAs\":[\"https:\\\/\\\/www.facebook.com\\\/EmotoPark\\\/\"]}]}<\/script>\n<!-- \/ Yoast SEO Premium plugin. -->","yoast_head_json":{"title":"Super Soco TSX (1,95 kW) Red - E-Moto Park","robots":{"index":"index","follow":"follow","max-snippet":"max-snippet:-1","max-image-preview":"max-image-preview:large","max-video-preview":"max-video-preview:-1"},"canonical":"https:\/\/e-motopark.com\/en\/product\/super-soco-tsx-195-kw-red\/","og_locale":"en_US","og_type":"article","og_title":"Super Soco TSX (1,95 kW) Red","og_description":"Approved Super Soco TSX electric motorcycle (1,95 kW) Description: Experienced rider or just a beginner? Discover the breath-taking beauty of riding from a new perspective with the Vmoto TSX. The sporty design and ideal price-performance ratio make the TSX the right choice for those who are after quality, usability and of course a fair price. [&hellip;]","og_url":"https:\/\/e-motopark.com\/en\/product\/super-soco-tsx-195-kw-red\/","og_site_name":"E-Moto Park","article_publisher":"https:\/\/www.facebook.com\/EmotoPark\/","article_modified_time":"2025-06-04T17:00:57+00:00","og_image":[{"width":897,"height":685,"url":"https:\/\/e-motopark.com\/wp-content\/uploads\/2024\/09\/Super-Soco-TSX-red1.jpg","type":"image\/jpeg"}],"twitter_card":"summary_large_image","twitter_misc":{"Est. reading time":"3 minutes"},"schema":{"@context":"https:\/\/schema.org","@graph":[{"@type":["WebPage","ItemPage"],"@id":"https:\/\/e-motopark.com\/en\/product\/super-soco-tsx-195-kw-red\/","url":"https:\/\/e-motopark.com\/en\/product\/super-soco-tsx-195-kw-red\/","name":"Super Soco TSX (1,95 kW) Red - E-Moto Park","isPartOf":{"@id":"https:\/\/e-motopark.com\/en\/#website"},"primaryImageOfPage":{"@id":"https:\/\/e-motopark.com\/en\/product\/super-soco-tsx-195-kw-red\/#primaryimage"},"image":{"@id":"https:\/\/e-motopark.com\/en\/product\/super-soco-tsx-195-kw-red\/#primaryimage"},"thumbnailUrl":"https:\/\/e-motopark.com\/wp-content\/uploads\/2024\/09\/Super-Soco-TSX-red1.jpg","datePublished":"2024-09-18T08:15:23+00:00","dateModified":"2025-06-04T17:00:57+00:00","breadcrumb":{"@id":"https:\/\/e-motopark.com\/en\/product\/super-soco-tsx-195-kw-red\/#breadcrumb"},"inLanguage":"en-US","potentialAction":[{"@type":"ReadAction","target":["https:\/\/e-motopark.com\/en\/product\/super-soco-tsx-195-kw-red\/"]}]},{"@type":"ImageObject","inLanguage":"en-US","@id":"https:\/\/e-motopark.com\/en\/product\/super-soco-tsx-195-kw-red\/#primaryimage","url":"https:\/\/e-motopark.com\/wp-content\/uploads\/2024\/09\/Super-Soco-TSX-red1.jpg","contentUrl":"https:\/\/e-motopark.com\/wp-content\/uploads\/2024\/09\/Super-Soco-TSX-red1.jpg","width":897,"height":685},{"@type":"BreadcrumbList","@id":"https:\/\/e-motopark.com\/en\/product\/super-soco-tsx-195-kw-red\/#breadcrumb","itemListElement":[{"@type":"ListItem","position":1,"name":"Dom\u016f","item":"https:\/\/e-motopark.com\/en\/e-moto-park-shop-and-rental-of-electric-motorbikes\/"},{"@type":"ListItem","position":2,"name":"Shop","item":"https:\/\/e-motopark.com\/en\/shop\/"},{"@type":"ListItem","position":3,"name":"Super Soco TSX (1,95 kW) Red"}]},{"@type":"WebSite","@id":"https:\/\/e-motopark.com\/en\/#website","url":"https:\/\/e-motopark.com\/en\/","name":"E-Moto Park","description":"Prodejna a p\u016fj\u010dovna elektrick\u00fdch motorek","publisher":{"@id":"https:\/\/e-motopark.com\/en\/#organization"},"potentialAction":[{"@type":"SearchAction","target":{"@type":"EntryPoint","urlTemplate":"https:\/\/e-motopark.com\/en\/?s={search_term_string}"},"query-input":{"@type":"PropertyValueSpecification","valueRequired":true,"valueName":"search_term_string"}}],"inLanguage":"en-US"},{"@type":"Organization","@id":"https:\/\/e-motopark.com\/en\/#organization","name":"E-Moto Park","url":"https:\/\/e-motopark.com\/en\/","logo":{"@type":"ImageObject","inLanguage":"en-US","@id":"https:\/\/e-motopark.com\/en\/#\/schema\/logo\/image\/","url":"https:\/\/e-motopark.com\/wp-content\/uploads\/2023\/11\/cropped-cropped-E-Moto-Park-logo.png","contentUrl":"https:\/\/e-motopark.com\/wp-content\/uploads\/2023\/11\/cropped-cropped-E-Moto-Park-logo.png","width":108,"height":50,"caption":"E-Moto Park"},"image":{"@id":"https:\/\/e-motopark.com\/en\/#\/schema\/logo\/image\/"},"sameAs":["https:\/\/www.facebook.com\/EmotoPark\/"]}]}},"_links":{"self":[{"href":"https:\/\/e-motopark.com\/en\/wp-json\/wp\/v2\/product\/9279","targetHints":{"allow":["GET"]}}],"collection":[{"href":"https:\/\/e-motopark.com\/en\/wp-json\/wp\/v2\/product"}],"about":[{"href":"https:\/\/e-motopark.com\/en\/wp-json\/wp\/v2\/types\/product"}],"wp:featuredmedia":[{"embeddable":true,"href":"https:\/\/e-motopark.com\/en\/wp-json\/wp\/v2\/media\/8104"}],"wp:attachment":[{"href":"https:\/\/e-motopark.com\/en\/wp-json\/wp\/v2\/media?parent=9279"}],"wp:term":[{"taxonomy":"product_brand","embeddable":true,"href":"https:\/\/e-motopark.com\/en\/wp-json\/wp\/v2\/product_brand?post=9279"},{"taxonomy":"product_cat","embeddable":true,"href":"https:\/\/e-motopark.com\/en\/wp-json\/wp\/v2\/product_cat?post=9279"},{"taxonomy":"product_tag","embeddable":true,"href":"https:\/\/e-motopark.com\/en\/wp-json\/wp\/v2\/product_tag?post=9279"},{"taxonomy":"emoto_spec_group","embeddable":true,"href":"https:\/\/e-motopark.com\/en\/wp-json\/wp\/v2\/emoto_spec_group?post=9279"}],"curies":[{"name":"wp","href":"https:\/\/api.w.org\/{rel}","templated":true}]}}