{"id":9291,"date":"2024-09-18T08:06:59","date_gmt":"2024-09-18T06:06:59","guid":{"rendered":"https:\/\/e-motopark.com\/produkt\/super-soco-tc-max-51-kw-zluta\/"},"modified":"2025-06-04T19:03:53","modified_gmt":"2025-06-04T17:03:53","slug":"super-soco-tc-max-51-kw-yellow","status":"publish","type":"product","link":"https:\/\/e-motopark.com\/en\/product\/super-soco-tc-max-51-kw-yellow\/","title":{"rendered":"Super Soco TC max (5,1 kW) Yellow"},"content":{"rendered":"<ul>\n<li>Approved electric motorcycle Super Soco TC max (5,1 kW)<\/li>\n<\/ul>\n<h3><strong>Description:<\/strong><\/h3>\n<ul>\n<li><strong>Experience the perfect balance of power, performance and style with the Super Soco TC Max.<\/strong>  The TC Max flagship appeals at first glance with its bold, sporty yet elegant design, dynamic LED headlights and modern display.<\/li>\n<li>Maximum power of 5.1 kW, maximum speed of 110km\/ha Exceptional acceleration is possible thanks to the high-end engine and lightweight design. <\/li>\n<li><b>DRIVER&#8217;S LICENCE: <\/b>type B licence<\/li>\n<li><b>ELECTROMOTOR: <\/b>Max. speed 110 km\/h, max. power 5,1 kW  <\/li>\n<li><b>BATTERY: <\/b>Range up to 110 km, battery capacity 72 V 45 Ah<\/li>\n<li><b>CHARGE: <\/b>4 hours &#8211; standard 230V socket<\/li>\n<li><strong>With a price of just 12 kc per 100 kilometres, you can enjoy the driving experience without worrying about high fuel costs.  <\/strong>*with 72V\/45Ah battery and electricity price 8k\u010d per kWh.<\/li>\n<li><strong>Power equivalent to a 125 cc engine<\/strong><\/li>\n<li><strong>Instant torque and acceleration<\/strong><\/li>\n<li><strong>3 modes (Eco, Normal, Sport)<\/strong><\/li>\n<li><strong>Smooth driving without gearbox<\/strong><\/li>\n<li><strong>Minimal maintenance requirements, saving time and money<\/strong><\/li>\n<\/ul>\n<h3><strong>Technical parameters:<\/strong><\/h3>\n<ul>\n<li><strong>Max. speed: <\/strong>  95 &#8211; 110 km\/h<\/li>\n<li><strong>Max. power: <\/strong>  5.1 kW<\/li>\n<li><strong>Rated power: <\/strong>3.9 kW<\/li>\n<li><strong>Max. angle of climb: <\/strong>  17\u00b0<br \/>\n&#8212;&#8212;&#8212;&#8212;&#8212;&#8212;&#8212;&#8212;&#8212;&#8212;&#8212;<\/li>\n<li><strong>Range:<\/strong> 70-110 km (92 km according to WMTC Stage 3*)<\/li>\n<li><strong>Battery type: <\/strong>lithium-ion<\/li>\n<li><strong>Capacity: <\/strong>72 V 45 Ah<\/li>\n<li><strong>Charging time: <\/strong>up to 4 h<\/li>\n<li><strong>Charging: <\/strong>230 V socket<\/li>\n<li><strong>Energy consumption: <\/strong>33 Wh\/km<\/li>\n<li><strong>The battery lifetime is 800 to 1500 cycles, which in practice means 7 years of trouble-free operation.<\/strong><br \/>\n&#8212;&#8212;&#8212;&#8212;&#8212;&#8212;&#8212;&#8212;&#8212;&#8212;&#8212;<\/li>\n<li><strong>Warranty:<\/strong> 2 years on the bike and battery (800 charging cycles). To keep the warranty, you must have regular service at our authorized dealers.<br \/>\n&#8212;&#8212;&#8212;&#8212;&#8212;&#8212;&#8212;&#8212;&#8212;&#8212;&#8212;<\/li>\n<li>*Tested at 45 km\/h; rider weight 75 kg.<\/li>\n<\/ul>\n<ul>\n<li><strong>Application:<\/strong> Yes<\/li>\n<li><strong>Display: <\/strong>Digital LCD<\/li>\n<li><strong>Lights: <\/strong>LED headlights with DRLs<\/li>\n<li><strong>Turn signals: <\/strong>LEDsDriving modes: 3 modes (Eco, Normal, Sport)<\/li>\n<li><strong>Safety:<\/strong> keyless entry, in-app tracking, alarm and bike lock<\/li>\n<\/ul>\n<h3><strong>Dimensions:<\/strong><\/h3>\n<ul>\n<li><strong>Vehicle category\/homologation:<\/strong> L3e-A1 (comparable to 125 cc)<\/li>\n<li><strong>Brakes:<\/strong> hydraulic &#8211; disc, CBS system<\/li>\n<li><strong>Motor:<\/strong> electric with pulley<\/li>\n<li><strong>Wheelbase:<\/strong> 1 347 mm<\/li>\n<li><strong>Weight with battery: <\/strong>105 kg<\/li>\n<li><strong>L \u00d7 W \u00d7 H: <\/strong>1963 x 710 x 1047 mm<\/li>\n<li><strong>Seating height:<\/strong> 890 mm<\/li>\n<li><strong>Chassis height: <\/strong>198 mm<\/li>\n<li><strong>Front tyre: <\/strong>90\/80 &#8211; 17<\/li>\n<li><strong>Rear tyre:<\/strong> 120\/70 &#8211; 17<\/li>\n<li><strong>Seating:<\/strong> 2<\/li>\n<li><strong>Max. load capacity: <\/strong>  176 kg<\/li>\n<li>There is a choice between aluminium wheels (on the photo) and braided wheels with classic wires.<\/li>\n<\/ul>\n","protected":false},"excerpt":{"rendered":"<p>Approved electric motorcycle Super Soco TC max (5,1 kW) Description: Experience the perfect balance of power, performance and style with the Super Soco TC Max. The TC Max flagship appeals at first glance with its bold, sporty yet elegant design, dynamic LED headlights and modern display. Maximum power of 5.1 kW, maximum speed of 110km\/ha [&hellip;]<\/p>\n","protected":false},"featured_media":8047,"template":"","meta":{"from_xml":"","manufacturer_code":"","emoto_stock":""},"product_brand":[],"product_cat":[1715],"product_tag":[],"emoto_spec_group":[],"class_list":{"0":"post-9291","1":"product","2":"type-product","3":"status-publish","4":"has-post-thumbnail","6":"product_cat-electric-motorcycles-onroad-en","8":"first","9":"instock","10":"taxable","11":"shipping-taxable","12":"purchasable","13":"product-type-simple"},"exclude_global_add_ons":false,"addons":[],"yoast_head":"<!-- This site is optimized with the Yoast SEO Premium plugin v27.4 (Yoast SEO v27.5) - https:\/\/yoast.com\/product\/yoast-seo-premium-wordpress\/ -->\n<title>Super Soco TC max (5,1 kW) Yellow - E-Moto Park<\/title>\n<meta name=\"robots\" content=\"index, follow, max-snippet:-1, max-image-preview:large, max-video-preview:-1\" \/>\n<link rel=\"canonical\" href=\"https:\/\/e-motopark.com\/en\/product\/super-soco-tc-max-51-kw-yellow\/\" \/>\n<meta property=\"og:locale\" content=\"en_US\" \/>\n<meta property=\"og:type\" content=\"article\" \/>\n<meta property=\"og:title\" content=\"Super Soco TC max (5,1 kW) Yellow\" \/>\n<meta property=\"og:description\" content=\"Approved electric motorcycle Super Soco TC max (5,1 kW) Description: Experience the perfect balance of power, performance and style with the Super Soco TC Max. The TC Max flagship appeals at first glance with its bold, sporty yet elegant design, dynamic LED headlights and modern display. Maximum power of 5.1 kW, maximum speed of 110km\/ha [&hellip;]\" \/>\n<meta property=\"og:url\" content=\"https:\/\/e-motopark.com\/en\/product\/super-soco-tc-max-51-kw-yellow\/\" \/>\n<meta property=\"og:site_name\" content=\"E-Moto Park\" \/>\n<meta property=\"article:publisher\" content=\"https:\/\/www.facebook.com\/EmotoPark\/\" \/>\n<meta property=\"article:modified_time\" content=\"2025-06-04T17:03:53+00:00\" \/>\n<meta property=\"og:image\" content=\"https:\/\/e-motopark.com\/wp-content\/uploads\/2024\/09\/Super-Soco-TC-Max-yellow1.jpg\" \/>\n\t<meta property=\"og:image:width\" content=\"778\" \/>\n\t<meta property=\"og:image:height\" content=\"504\" \/>\n\t<meta property=\"og:image:type\" content=\"image\/jpeg\" \/>\n<meta name=\"twitter:card\" content=\"summary_large_image\" \/>\n<meta name=\"twitter:label1\" content=\"Est. reading time\" \/>\n\t<meta name=\"twitter:data1\" content=\"3 minutes\" \/>\n<script type=\"application\/ld+json\" class=\"yoast-schema-graph\">{\"@context\":\"https:\\\/\\\/schema.org\",\"@graph\":[{\"@type\":[\"WebPage\",\"ItemPage\"],\"@id\":\"https:\\\/\\\/e-motopark.com\\\/en\\\/product\\\/super-soco-tc-max-51-kw-yellow\\\/\",\"url\":\"https:\\\/\\\/e-motopark.com\\\/en\\\/product\\\/super-soco-tc-max-51-kw-yellow\\\/\",\"name\":\"Super Soco TC max (5,1 kW) Yellow - E-Moto Park\",\"isPartOf\":{\"@id\":\"https:\\\/\\\/e-motopark.com\\\/en\\\/#website\"},\"primaryImageOfPage\":{\"@id\":\"https:\\\/\\\/e-motopark.com\\\/en\\\/product\\\/super-soco-tc-max-51-kw-yellow\\\/#primaryimage\"},\"image\":{\"@id\":\"https:\\\/\\\/e-motopark.com\\\/en\\\/product\\\/super-soco-tc-max-51-kw-yellow\\\/#primaryimage\"},\"thumbnailUrl\":\"https:\\\/\\\/e-motopark.com\\\/wp-content\\\/uploads\\\/2024\\\/09\\\/Super-Soco-TC-Max-yellow1.jpg\",\"datePublished\":\"2024-09-18T06:06:59+00:00\",\"dateModified\":\"2025-06-04T17:03:53+00:00\",\"breadcrumb\":{\"@id\":\"https:\\\/\\\/e-motopark.com\\\/en\\\/product\\\/super-soco-tc-max-51-kw-yellow\\\/#breadcrumb\"},\"inLanguage\":\"en-US\",\"potentialAction\":[{\"@type\":\"ReadAction\",\"target\":[\"https:\\\/\\\/e-motopark.com\\\/en\\\/product\\\/super-soco-tc-max-51-kw-yellow\\\/\"]}]},{\"@type\":\"ImageObject\",\"inLanguage\":\"en-US\",\"@id\":\"https:\\\/\\\/e-motopark.com\\\/en\\\/product\\\/super-soco-tc-max-51-kw-yellow\\\/#primaryimage\",\"url\":\"https:\\\/\\\/e-motopark.com\\\/wp-content\\\/uploads\\\/2024\\\/09\\\/Super-Soco-TC-Max-yellow1.jpg\",\"contentUrl\":\"https:\\\/\\\/e-motopark.com\\\/wp-content\\\/uploads\\\/2024\\\/09\\\/Super-Soco-TC-Max-yellow1.jpg\",\"width\":778,\"height\":504},{\"@type\":\"BreadcrumbList\",\"@id\":\"https:\\\/\\\/e-motopark.com\\\/en\\\/product\\\/super-soco-tc-max-51-kw-yellow\\\/#breadcrumb\",\"itemListElement\":[{\"@type\":\"ListItem\",\"position\":1,\"name\":\"Dom\u016f\",\"item\":\"https:\\\/\\\/e-motopark.com\\\/en\\\/e-moto-park-shop-and-rental-of-electric-motorbikes\\\/\"},{\"@type\":\"ListItem\",\"position\":2,\"name\":\"Shop\",\"item\":\"https:\\\/\\\/e-motopark.com\\\/en\\\/shop\\\/\"},{\"@type\":\"ListItem\",\"position\":3,\"name\":\"Super Soco TC max (5,1 kW) Yellow\"}]},{\"@type\":\"WebSite\",\"@id\":\"https:\\\/\\\/e-motopark.com\\\/en\\\/#website\",\"url\":\"https:\\\/\\\/e-motopark.com\\\/en\\\/\",\"name\":\"E-Moto Park\",\"description\":\"Prodejna a p\u016fj\u010dovna elektrick\u00fdch motorek\",\"publisher\":{\"@id\":\"https:\\\/\\\/e-motopark.com\\\/en\\\/#organization\"},\"potentialAction\":[{\"@type\":\"SearchAction\",\"target\":{\"@type\":\"EntryPoint\",\"urlTemplate\":\"https:\\\/\\\/e-motopark.com\\\/en\\\/?s={search_term_string}\"},\"query-input\":{\"@type\":\"PropertyValueSpecification\",\"valueRequired\":true,\"valueName\":\"search_term_string\"}}],\"inLanguage\":\"en-US\"},{\"@type\":\"Organization\",\"@id\":\"https:\\\/\\\/e-motopark.com\\\/en\\\/#organization\",\"name\":\"E-Moto Park\",\"url\":\"https:\\\/\\\/e-motopark.com\\\/en\\\/\",\"logo\":{\"@type\":\"ImageObject\",\"inLanguage\":\"en-US\",\"@id\":\"https:\\\/\\\/e-motopark.com\\\/en\\\/#\\\/schema\\\/logo\\\/image\\\/\",\"url\":\"https:\\\/\\\/e-motopark.com\\\/wp-content\\\/uploads\\\/2023\\\/11\\\/cropped-cropped-E-Moto-Park-logo.png\",\"contentUrl\":\"https:\\\/\\\/e-motopark.com\\\/wp-content\\\/uploads\\\/2023\\\/11\\\/cropped-cropped-E-Moto-Park-logo.png\",\"width\":108,\"height\":50,\"caption\":\"E-Moto Park\"},\"image\":{\"@id\":\"https:\\\/\\\/e-motopark.com\\\/en\\\/#\\\/schema\\\/logo\\\/image\\\/\"},\"sameAs\":[\"https:\\\/\\\/www.facebook.com\\\/EmotoPark\\\/\"]}]}<\/script>\n<!-- \/ Yoast SEO Premium plugin. -->","yoast_head_json":{"title":"Super Soco TC max (5,1 kW) Yellow - E-Moto Park","robots":{"index":"index","follow":"follow","max-snippet":"max-snippet:-1","max-image-preview":"max-image-preview:large","max-video-preview":"max-video-preview:-1"},"canonical":"https:\/\/e-motopark.com\/en\/product\/super-soco-tc-max-51-kw-yellow\/","og_locale":"en_US","og_type":"article","og_title":"Super Soco TC max (5,1 kW) Yellow","og_description":"Approved electric motorcycle Super Soco TC max (5,1 kW) Description: Experience the perfect balance of power, performance and style with the Super Soco TC Max. The TC Max flagship appeals at first glance with its bold, sporty yet elegant design, dynamic LED headlights and modern display. Maximum power of 5.1 kW, maximum speed of 110km\/ha [&hellip;]","og_url":"https:\/\/e-motopark.com\/en\/product\/super-soco-tc-max-51-kw-yellow\/","og_site_name":"E-Moto Park","article_publisher":"https:\/\/www.facebook.com\/EmotoPark\/","article_modified_time":"2025-06-04T17:03:53+00:00","og_image":[{"width":778,"height":504,"url":"https:\/\/e-motopark.com\/wp-content\/uploads\/2024\/09\/Super-Soco-TC-Max-yellow1.jpg","type":"image\/jpeg"}],"twitter_card":"summary_large_image","twitter_misc":{"Est. reading time":"3 minutes"},"schema":{"@context":"https:\/\/schema.org","@graph":[{"@type":["WebPage","ItemPage"],"@id":"https:\/\/e-motopark.com\/en\/product\/super-soco-tc-max-51-kw-yellow\/","url":"https:\/\/e-motopark.com\/en\/product\/super-soco-tc-max-51-kw-yellow\/","name":"Super Soco TC max (5,1 kW) Yellow - E-Moto Park","isPartOf":{"@id":"https:\/\/e-motopark.com\/en\/#website"},"primaryImageOfPage":{"@id":"https:\/\/e-motopark.com\/en\/product\/super-soco-tc-max-51-kw-yellow\/#primaryimage"},"image":{"@id":"https:\/\/e-motopark.com\/en\/product\/super-soco-tc-max-51-kw-yellow\/#primaryimage"},"thumbnailUrl":"https:\/\/e-motopark.com\/wp-content\/uploads\/2024\/09\/Super-Soco-TC-Max-yellow1.jpg","datePublished":"2024-09-18T06:06:59+00:00","dateModified":"2025-06-04T17:03:53+00:00","breadcrumb":{"@id":"https:\/\/e-motopark.com\/en\/product\/super-soco-tc-max-51-kw-yellow\/#breadcrumb"},"inLanguage":"en-US","potentialAction":[{"@type":"ReadAction","target":["https:\/\/e-motopark.com\/en\/product\/super-soco-tc-max-51-kw-yellow\/"]}]},{"@type":"ImageObject","inLanguage":"en-US","@id":"https:\/\/e-motopark.com\/en\/product\/super-soco-tc-max-51-kw-yellow\/#primaryimage","url":"https:\/\/e-motopark.com\/wp-content\/uploads\/2024\/09\/Super-Soco-TC-Max-yellow1.jpg","contentUrl":"https:\/\/e-motopark.com\/wp-content\/uploads\/2024\/09\/Super-Soco-TC-Max-yellow1.jpg","width":778,"height":504},{"@type":"BreadcrumbList","@id":"https:\/\/e-motopark.com\/en\/product\/super-soco-tc-max-51-kw-yellow\/#breadcrumb","itemListElement":[{"@type":"ListItem","position":1,"name":"Dom\u016f","item":"https:\/\/e-motopark.com\/en\/e-moto-park-shop-and-rental-of-electric-motorbikes\/"},{"@type":"ListItem","position":2,"name":"Shop","item":"https:\/\/e-motopark.com\/en\/shop\/"},{"@type":"ListItem","position":3,"name":"Super Soco TC max (5,1 kW) Yellow"}]},{"@type":"WebSite","@id":"https:\/\/e-motopark.com\/en\/#website","url":"https:\/\/e-motopark.com\/en\/","name":"E-Moto Park","description":"Prodejna a p\u016fj\u010dovna elektrick\u00fdch motorek","publisher":{"@id":"https:\/\/e-motopark.com\/en\/#organization"},"potentialAction":[{"@type":"SearchAction","target":{"@type":"EntryPoint","urlTemplate":"https:\/\/e-motopark.com\/en\/?s={search_term_string}"},"query-input":{"@type":"PropertyValueSpecification","valueRequired":true,"valueName":"search_term_string"}}],"inLanguage":"en-US"},{"@type":"Organization","@id":"https:\/\/e-motopark.com\/en\/#organization","name":"E-Moto Park","url":"https:\/\/e-motopark.com\/en\/","logo":{"@type":"ImageObject","inLanguage":"en-US","@id":"https:\/\/e-motopark.com\/en\/#\/schema\/logo\/image\/","url":"https:\/\/e-motopark.com\/wp-content\/uploads\/2023\/11\/cropped-cropped-E-Moto-Park-logo.png","contentUrl":"https:\/\/e-motopark.com\/wp-content\/uploads\/2023\/11\/cropped-cropped-E-Moto-Park-logo.png","width":108,"height":50,"caption":"E-Moto Park"},"image":{"@id":"https:\/\/e-motopark.com\/en\/#\/schema\/logo\/image\/"},"sameAs":["https:\/\/www.facebook.com\/EmotoPark\/"]}]}},"_links":{"self":[{"href":"https:\/\/e-motopark.com\/en\/wp-json\/wp\/v2\/product\/9291","targetHints":{"allow":["GET"]}}],"collection":[{"href":"https:\/\/e-motopark.com\/en\/wp-json\/wp\/v2\/product"}],"about":[{"href":"https:\/\/e-motopark.com\/en\/wp-json\/wp\/v2\/types\/product"}],"wp:featuredmedia":[{"embeddable":true,"href":"https:\/\/e-motopark.com\/en\/wp-json\/wp\/v2\/media\/8047"}],"wp:attachment":[{"href":"https:\/\/e-motopark.com\/en\/wp-json\/wp\/v2\/media?parent=9291"}],"wp:term":[{"taxonomy":"product_brand","embeddable":true,"href":"https:\/\/e-motopark.com\/en\/wp-json\/wp\/v2\/product_brand?post=9291"},{"taxonomy":"product_cat","embeddable":true,"href":"https:\/\/e-motopark.com\/en\/wp-json\/wp\/v2\/product_cat?post=9291"},{"taxonomy":"product_tag","embeddable":true,"href":"https:\/\/e-motopark.com\/en\/wp-json\/wp\/v2\/product_tag?post=9291"},{"taxonomy":"emoto_spec_group","embeddable":true,"href":"https:\/\/e-motopark.com\/en\/wp-json\/wp\/v2\/emoto_spec_group?post=9291"}],"curies":[{"name":"wp","href":"https:\/\/api.w.org\/{rel}","templated":true}]}}