{"id":9295,"date":"2024-09-18T07:27:19","date_gmt":"2024-09-18T05:27:19","guid":{"rendered":"https:\/\/e-motopark.com\/produkt\/vmoto-stash-15kw-cerna\/"},"modified":"2025-06-04T19:04:20","modified_gmt":"2025-06-04T17:04:20","slug":"vmoto-stash-15kw-black","status":"publish","type":"product","link":"https:\/\/e-motopark.com\/en\/product\/vmoto-stash-15kw-black\/","title":{"rendered":"Vmoto Stash (15kW) Black"},"content":{"rendered":"<ul>\n<li>Vmoto Stash 15kW homologated electric motorcycle<\/li>\n<\/ul>\n<h3><strong>Description:<\/strong><\/h3>\n<ul>\n<li>Innovation and maximum comfort are the hallmarks of the <strong>Vmoto Stash: a 100% electric car that represents a new way of living, moving and thinking<\/strong>.<\/li>\n<li>Hop aboard the Stash and pioneer the new urban mobility with this model that exceeds all expectations.<\/li>\n<li><strong>With a price of just 15 kc per 100 kilometres, you can enjoy the driving experience without worrying about high fuel costs.<\/strong>  *with 72V\/48Ah battery and electricity price 8k\u010d per kWh.<\/li>\n<li><b>DRIVER&#8217;S LICENCE: <\/b>type B licence<\/li>\n<li><b>ELECTROMOTOR<\/b>: Max. speed 120 km\/h, max. power 15 kW  <\/li>\n<li><b>BATTERY<\/b>: Capacity 74 V 97 Ah. Range 180 km <\/li>\n<li><b>CHARGING<\/b>: up to 6 hours &#8211; standard 230V socket<\/li>\n<li>It goes from 0 to 50 km\/h in exactly <strong>3.2 seconds<\/strong>.<\/li>\n<\/ul>\n<h3><strong>Technical parameters:<\/strong><\/h3>\n<ul>\n<li><strong>Max. speed:   <\/strong>120 km\/h<\/li>\n<li><strong>Max. power: <\/strong>  15 kW<\/li>\n<li><strong>Max. angle of climb: <\/strong>  25\u00b0<br \/>\n&#8212;&#8212;&#8212;&#8212;&#8212;&#8212;&#8212;&#8212;&#8212;&#8212;&#8212;<\/li>\n<li><strong>Range:<\/strong> 100 to 140 km (180 km according to WMTC Stage 3*)<\/li>\n<li><strong>Battery type: <\/strong>lithium<\/li>\n<li><strong>Capacity:<\/strong> 74 V 97 Ah<\/li>\n<li><strong>Charging time:<\/strong> 5.5 h<\/li>\n<li><strong>Charging: <\/strong>230 V socket<br \/>\n&#8212;&#8212;&#8212;&#8212;&#8212;&#8212;&#8212;&#8212;&#8212;&#8212;&#8212;<\/li>\n<li><strong>Warranty:<\/strong> 2 years on motorcycle and battery. 2 years on the bike, 2 years on the bike, 2 years on the bike, 2 years on the bike, 2 years on the bike, 2 years on the bike, 2 years on the bike.<br \/>\n&#8212;&#8212;&#8212;&#8212;&#8212;&#8212;&#8212;&#8212;&#8212;&#8212;&#8212;<\/li>\n<li>*Tested at 45 km\/h; rider weight 75 kg.<\/li>\n<\/ul>\n<ul>\n<li><strong>Display:<\/strong> LCD<\/li>\n<li><strong>Lights:<\/strong> LED<\/li>\n<li><strong>Direction indicators:<\/strong> LED<\/li>\n<li><strong>Driving modes: <\/strong>3 modes (Eco, Normal, Sport)<\/li>\n<li><strong>Security: <\/strong>keyless entry, alarm and wheel lock<\/li>\n<\/ul>\n<h3><strong>Dimensions:<\/strong><\/h3>\n<ul>\n<li><strong>Vehicle category\/homologation:<\/strong> L3e-A1 (comparable to 250 cc)<\/li>\n<li><strong>Brakes: <\/strong>hydraulic &#8211; disc, ABS system, TC system<\/li>\n<li><strong>Motor:<\/strong> electric with chain<\/li>\n<li><strong>Wheelbase:<\/strong> 1 400 mm<\/li>\n<li><strong>Weight with battery: <\/strong>155 kg<\/li>\n<li><strong>L \u00d7 W \u00d7 H: <\/strong>2 030 \u00d7 810 \u00d7 1 100 mm<\/li>\n<li><strong>Seating height:<\/strong> 810 mm<\/li>\n<li><strong>Chassis height: <\/strong>175 mm<\/li>\n<li><strong>Front tyre<\/strong>: 110\/70-17<\/li>\n<li><strong>Rear tyre:<\/strong> 140\/70-17<\/li>\n<li><strong>Seating:<\/strong> 2<\/li>\n<li><strong>Max. load capacity:<\/strong> 150 kg<\/li>\n<\/ul>\n","protected":false},"excerpt":{"rendered":"<p>Vmoto Stash 15kW homologated electric motorcycle Description: Innovation and maximum comfort are the hallmarks of the Vmoto Stash: a 100% electric car that represents a new way of living, moving and thinking. Hop aboard the Stash and pioneer the new urban mobility with this model that exceeds all expectations. With a price of just 15 [&hellip;]<\/p>\n","protected":false},"featured_media":8017,"template":"","meta":{"from_xml":"","manufacturer_code":"","emoto_stock":""},"product_brand":[],"product_cat":[1715],"product_tag":[],"emoto_spec_group":[],"class_list":{"0":"post-9295","1":"product","2":"type-product","3":"status-publish","4":"has-post-thumbnail","6":"product_cat-electric-motorcycles-onroad-en","8":"first","9":"instock","10":"taxable","11":"shipping-taxable","12":"purchasable","13":"product-type-simple"},"exclude_global_add_ons":false,"addons":[],"yoast_head":"<!-- This site is optimized with the Yoast SEO Premium plugin v27.4 (Yoast SEO v27.4) - https:\/\/yoast.com\/product\/yoast-seo-premium-wordpress\/ -->\n<title>Vmoto Stash (15kW) Black - E-Moto Park<\/title>\n<meta name=\"robots\" content=\"index, follow, max-snippet:-1, max-image-preview:large, max-video-preview:-1\" \/>\n<link rel=\"canonical\" href=\"https:\/\/e-motopark.com\/en\/product\/vmoto-stash-15kw-black\/\" \/>\n<meta property=\"og:locale\" content=\"en_US\" \/>\n<meta property=\"og:type\" content=\"article\" \/>\n<meta property=\"og:title\" content=\"Vmoto Stash (15kW) Black\" \/>\n<meta property=\"og:description\" content=\"Vmoto Stash 15kW homologated electric motorcycle Description: Innovation and maximum comfort are the hallmarks of the Vmoto Stash: a 100% electric car that represents a new way of living, moving and thinking. Hop aboard the Stash and pioneer the new urban mobility with this model that exceeds all expectations. With a price of just 15 [&hellip;]\" \/>\n<meta property=\"og:url\" content=\"https:\/\/e-motopark.com\/en\/product\/vmoto-stash-15kw-black\/\" \/>\n<meta property=\"og:site_name\" content=\"E-Moto Park\" \/>\n<meta property=\"article:publisher\" content=\"https:\/\/www.facebook.com\/EmotoPark\/\" \/>\n<meta property=\"article:modified_time\" content=\"2025-06-04T17:04:20+00:00\" \/>\n<meta property=\"og:image\" content=\"https:\/\/e-motopark.com\/wp-content\/uploads\/2024\/09\/VMOTO-Stash-15kW-black1.jpg\" \/>\n\t<meta property=\"og:image:width\" content=\"838\" \/>\n\t<meta property=\"og:image:height\" content=\"777\" \/>\n\t<meta property=\"og:image:type\" content=\"image\/jpeg\" \/>\n<meta name=\"twitter:card\" content=\"summary_large_image\" \/>\n<meta name=\"twitter:label1\" content=\"Est. reading time\" \/>\n\t<meta name=\"twitter:data1\" content=\"2 minutes\" \/>\n<script type=\"application\/ld+json\" class=\"yoast-schema-graph\">{\"@context\":\"https:\\\/\\\/schema.org\",\"@graph\":[{\"@type\":[\"WebPage\",\"ItemPage\"],\"@id\":\"https:\\\/\\\/e-motopark.com\\\/en\\\/product\\\/vmoto-stash-15kw-black\\\/\",\"url\":\"https:\\\/\\\/e-motopark.com\\\/en\\\/product\\\/vmoto-stash-15kw-black\\\/\",\"name\":\"Vmoto Stash (15kW) Black - E-Moto Park\",\"isPartOf\":{\"@id\":\"https:\\\/\\\/e-motopark.com\\\/en\\\/#website\"},\"primaryImageOfPage\":{\"@id\":\"https:\\\/\\\/e-motopark.com\\\/en\\\/product\\\/vmoto-stash-15kw-black\\\/#primaryimage\"},\"image\":{\"@id\":\"https:\\\/\\\/e-motopark.com\\\/en\\\/product\\\/vmoto-stash-15kw-black\\\/#primaryimage\"},\"thumbnailUrl\":\"https:\\\/\\\/e-motopark.com\\\/wp-content\\\/uploads\\\/2024\\\/09\\\/VMOTO-Stash-15kW-black1.jpg\",\"datePublished\":\"2024-09-18T05:27:19+00:00\",\"dateModified\":\"2025-06-04T17:04:20+00:00\",\"breadcrumb\":{\"@id\":\"https:\\\/\\\/e-motopark.com\\\/en\\\/product\\\/vmoto-stash-15kw-black\\\/#breadcrumb\"},\"inLanguage\":\"en-US\",\"potentialAction\":[{\"@type\":\"ReadAction\",\"target\":[\"https:\\\/\\\/e-motopark.com\\\/en\\\/product\\\/vmoto-stash-15kw-black\\\/\"]}]},{\"@type\":\"ImageObject\",\"inLanguage\":\"en-US\",\"@id\":\"https:\\\/\\\/e-motopark.com\\\/en\\\/product\\\/vmoto-stash-15kw-black\\\/#primaryimage\",\"url\":\"https:\\\/\\\/e-motopark.com\\\/wp-content\\\/uploads\\\/2024\\\/09\\\/VMOTO-Stash-15kW-black1.jpg\",\"contentUrl\":\"https:\\\/\\\/e-motopark.com\\\/wp-content\\\/uploads\\\/2024\\\/09\\\/VMOTO-Stash-15kW-black1.jpg\",\"width\":838,\"height\":777},{\"@type\":\"BreadcrumbList\",\"@id\":\"https:\\\/\\\/e-motopark.com\\\/en\\\/product\\\/vmoto-stash-15kw-black\\\/#breadcrumb\",\"itemListElement\":[{\"@type\":\"ListItem\",\"position\":1,\"name\":\"Dom\u016f\",\"item\":\"https:\\\/\\\/e-motopark.com\\\/en\\\/e-moto-park-shop-and-rental-of-electric-motorbikes\\\/\"},{\"@type\":\"ListItem\",\"position\":2,\"name\":\"Shop\",\"item\":\"https:\\\/\\\/e-motopark.com\\\/en\\\/shop\\\/\"},{\"@type\":\"ListItem\",\"position\":3,\"name\":\"Vmoto Stash (15kW) Black\"}]},{\"@type\":\"WebSite\",\"@id\":\"https:\\\/\\\/e-motopark.com\\\/en\\\/#website\",\"url\":\"https:\\\/\\\/e-motopark.com\\\/en\\\/\",\"name\":\"E-Moto Park\",\"description\":\"Prodejna a p\u016fj\u010dovna elektrick\u00fdch motorek\",\"publisher\":{\"@id\":\"https:\\\/\\\/e-motopark.com\\\/en\\\/#organization\"},\"potentialAction\":[{\"@type\":\"SearchAction\",\"target\":{\"@type\":\"EntryPoint\",\"urlTemplate\":\"https:\\\/\\\/e-motopark.com\\\/en\\\/?s={search_term_string}\"},\"query-input\":{\"@type\":\"PropertyValueSpecification\",\"valueRequired\":true,\"valueName\":\"search_term_string\"}}],\"inLanguage\":\"en-US\"},{\"@type\":\"Organization\",\"@id\":\"https:\\\/\\\/e-motopark.com\\\/en\\\/#organization\",\"name\":\"E-Moto Park\",\"url\":\"https:\\\/\\\/e-motopark.com\\\/en\\\/\",\"logo\":{\"@type\":\"ImageObject\",\"inLanguage\":\"en-US\",\"@id\":\"https:\\\/\\\/e-motopark.com\\\/en\\\/#\\\/schema\\\/logo\\\/image\\\/\",\"url\":\"https:\\\/\\\/e-motopark.com\\\/wp-content\\\/uploads\\\/2023\\\/11\\\/cropped-cropped-E-Moto-Park-logo.png\",\"contentUrl\":\"https:\\\/\\\/e-motopark.com\\\/wp-content\\\/uploads\\\/2023\\\/11\\\/cropped-cropped-E-Moto-Park-logo.png\",\"width\":108,\"height\":50,\"caption\":\"E-Moto Park\"},\"image\":{\"@id\":\"https:\\\/\\\/e-motopark.com\\\/en\\\/#\\\/schema\\\/logo\\\/image\\\/\"},\"sameAs\":[\"https:\\\/\\\/www.facebook.com\\\/EmotoPark\\\/\"]}]}<\/script>\n<!-- \/ Yoast SEO Premium plugin. -->","yoast_head_json":{"title":"Vmoto Stash (15kW) Black - E-Moto Park","robots":{"index":"index","follow":"follow","max-snippet":"max-snippet:-1","max-image-preview":"max-image-preview:large","max-video-preview":"max-video-preview:-1"},"canonical":"https:\/\/e-motopark.com\/en\/product\/vmoto-stash-15kw-black\/","og_locale":"en_US","og_type":"article","og_title":"Vmoto Stash (15kW) Black","og_description":"Vmoto Stash 15kW homologated electric motorcycle Description: Innovation and maximum comfort are the hallmarks of the Vmoto Stash: a 100% electric car that represents a new way of living, moving and thinking. Hop aboard the Stash and pioneer the new urban mobility with this model that exceeds all expectations. With a price of just 15 [&hellip;]","og_url":"https:\/\/e-motopark.com\/en\/product\/vmoto-stash-15kw-black\/","og_site_name":"E-Moto Park","article_publisher":"https:\/\/www.facebook.com\/EmotoPark\/","article_modified_time":"2025-06-04T17:04:20+00:00","og_image":[{"width":838,"height":777,"url":"https:\/\/e-motopark.com\/wp-content\/uploads\/2024\/09\/VMOTO-Stash-15kW-black1.jpg","type":"image\/jpeg"}],"twitter_card":"summary_large_image","twitter_misc":{"Est. reading time":"2 minutes"},"schema":{"@context":"https:\/\/schema.org","@graph":[{"@type":["WebPage","ItemPage"],"@id":"https:\/\/e-motopark.com\/en\/product\/vmoto-stash-15kw-black\/","url":"https:\/\/e-motopark.com\/en\/product\/vmoto-stash-15kw-black\/","name":"Vmoto Stash (15kW) Black - E-Moto Park","isPartOf":{"@id":"https:\/\/e-motopark.com\/en\/#website"},"primaryImageOfPage":{"@id":"https:\/\/e-motopark.com\/en\/product\/vmoto-stash-15kw-black\/#primaryimage"},"image":{"@id":"https:\/\/e-motopark.com\/en\/product\/vmoto-stash-15kw-black\/#primaryimage"},"thumbnailUrl":"https:\/\/e-motopark.com\/wp-content\/uploads\/2024\/09\/VMOTO-Stash-15kW-black1.jpg","datePublished":"2024-09-18T05:27:19+00:00","dateModified":"2025-06-04T17:04:20+00:00","breadcrumb":{"@id":"https:\/\/e-motopark.com\/en\/product\/vmoto-stash-15kw-black\/#breadcrumb"},"inLanguage":"en-US","potentialAction":[{"@type":"ReadAction","target":["https:\/\/e-motopark.com\/en\/product\/vmoto-stash-15kw-black\/"]}]},{"@type":"ImageObject","inLanguage":"en-US","@id":"https:\/\/e-motopark.com\/en\/product\/vmoto-stash-15kw-black\/#primaryimage","url":"https:\/\/e-motopark.com\/wp-content\/uploads\/2024\/09\/VMOTO-Stash-15kW-black1.jpg","contentUrl":"https:\/\/e-motopark.com\/wp-content\/uploads\/2024\/09\/VMOTO-Stash-15kW-black1.jpg","width":838,"height":777},{"@type":"BreadcrumbList","@id":"https:\/\/e-motopark.com\/en\/product\/vmoto-stash-15kw-black\/#breadcrumb","itemListElement":[{"@type":"ListItem","position":1,"name":"Dom\u016f","item":"https:\/\/e-motopark.com\/en\/e-moto-park-shop-and-rental-of-electric-motorbikes\/"},{"@type":"ListItem","position":2,"name":"Shop","item":"https:\/\/e-motopark.com\/en\/shop\/"},{"@type":"ListItem","position":3,"name":"Vmoto Stash (15kW) Black"}]},{"@type":"WebSite","@id":"https:\/\/e-motopark.com\/en\/#website","url":"https:\/\/e-motopark.com\/en\/","name":"E-Moto Park","description":"Prodejna a p\u016fj\u010dovna elektrick\u00fdch motorek","publisher":{"@id":"https:\/\/e-motopark.com\/en\/#organization"},"potentialAction":[{"@type":"SearchAction","target":{"@type":"EntryPoint","urlTemplate":"https:\/\/e-motopark.com\/en\/?s={search_term_string}"},"query-input":{"@type":"PropertyValueSpecification","valueRequired":true,"valueName":"search_term_string"}}],"inLanguage":"en-US"},{"@type":"Organization","@id":"https:\/\/e-motopark.com\/en\/#organization","name":"E-Moto Park","url":"https:\/\/e-motopark.com\/en\/","logo":{"@type":"ImageObject","inLanguage":"en-US","@id":"https:\/\/e-motopark.com\/en\/#\/schema\/logo\/image\/","url":"https:\/\/e-motopark.com\/wp-content\/uploads\/2023\/11\/cropped-cropped-E-Moto-Park-logo.png","contentUrl":"https:\/\/e-motopark.com\/wp-content\/uploads\/2023\/11\/cropped-cropped-E-Moto-Park-logo.png","width":108,"height":50,"caption":"E-Moto Park"},"image":{"@id":"https:\/\/e-motopark.com\/en\/#\/schema\/logo\/image\/"},"sameAs":["https:\/\/www.facebook.com\/EmotoPark\/"]}]}},"_links":{"self":[{"href":"https:\/\/e-motopark.com\/en\/wp-json\/wp\/v2\/product\/9295","targetHints":{"allow":["GET"]}}],"collection":[{"href":"https:\/\/e-motopark.com\/en\/wp-json\/wp\/v2\/product"}],"about":[{"href":"https:\/\/e-motopark.com\/en\/wp-json\/wp\/v2\/types\/product"}],"wp:featuredmedia":[{"embeddable":true,"href":"https:\/\/e-motopark.com\/en\/wp-json\/wp\/v2\/media\/8017"}],"wp:attachment":[{"href":"https:\/\/e-motopark.com\/en\/wp-json\/wp\/v2\/media?parent=9295"}],"wp:term":[{"taxonomy":"product_brand","embeddable":true,"href":"https:\/\/e-motopark.com\/en\/wp-json\/wp\/v2\/product_brand?post=9295"},{"taxonomy":"product_cat","embeddable":true,"href":"https:\/\/e-motopark.com\/en\/wp-json\/wp\/v2\/product_cat?post=9295"},{"taxonomy":"product_tag","embeddable":true,"href":"https:\/\/e-motopark.com\/en\/wp-json\/wp\/v2\/product_tag?post=9295"},{"taxonomy":"emoto_spec_group","embeddable":true,"href":"https:\/\/e-motopark.com\/en\/wp-json\/wp\/v2\/emoto_spec_group?post=9295"}],"curies":[{"name":"wp","href":"https:\/\/api.w.org\/{rel}","templated":true}]}}