{"id":9314,"date":"2024-07-17T08:23:58","date_gmt":"2024-07-17T06:23:58","guid":{"rendered":"https:\/\/e-motopark.com\/produkt\/brzdove-packy-barevne-na-sur-ron-ultra-bee-par\/"},"modified":"2025-06-04T19:29:42","modified_gmt":"2025-06-04T17:29:42","slug":"brake-levers-coloured-for-sur-ron-ultra-bee-pair","status":"publish","type":"product","link":"https:\/\/e-motopark.com\/en\/product\/brake-levers-coloured-for-sur-ron-ultra-bee-pair\/","title":{"rendered":"Brake levers (coloured) for Sur-Ron Ultra Bee (pair)"},"content":{"rendered":"<p><strong>Description:<\/strong><\/p>\n<ul>\n<li>Brake levers (coloured) for Sur-Ron Ultra Bee (pair)<\/li>\n<li>Made of 6061 T6 aluminium with surface anodization.<\/li>\n<li>The pivoting spring return design allows the lever to be tilted outwards to prevent bending or breaking.<\/li>\n<li>Lighter and stronger for long life.<\/li>\n<\/ul>\n","protected":false},"excerpt":{"rendered":"<p>Description: Brake levers (coloured) for Sur-Ron Ultra Bee (pair) Made of 6061 T6 aluminium with surface anodization. The pivoting spring return design allows the lever to be tilted outwards to prevent bending or breaking. Lighter and stronger for long life.<\/p>\n","protected":false},"featured_media":7888,"template":"","meta":{"from_xml":"","manufacturer_code":"","emoto_stock":""},"product_brand":[],"product_cat":[1688],"product_tag":[],"emoto_spec_group":[],"class_list":{"0":"post-9314","1":"product","2":"type-product","3":"status-publish","4":"has-post-thumbnail","6":"product_cat-brakes-and-discs-ultra-bee","8":"first","9":"outofstock","10":"taxable","11":"shipping-taxable","12":"purchasable","13":"product-type-variable","14":"has-default-attributes"},"exclude_global_add_ons":[],"addons":[],"yoast_head":"<!-- This site is optimized with the Yoast SEO Premium plugin v27.4 (Yoast SEO v27.5) - https:\/\/yoast.com\/product\/yoast-seo-premium-wordpress\/ -->\n<title>Brake levers (coloured) for Sur-Ron Ultra Bee (pair) - E-Moto Park<\/title>\n<meta name=\"robots\" content=\"index, follow, max-snippet:-1, max-image-preview:large, max-video-preview:-1\" \/>\n<link rel=\"canonical\" href=\"https:\/\/e-motopark.com\/en\/product\/brake-levers-coloured-for-sur-ron-ultra-bee-pair\/\" \/>\n<meta property=\"og:locale\" content=\"en_US\" \/>\n<meta property=\"og:type\" content=\"article\" \/>\n<meta property=\"og:title\" content=\"Brake levers (coloured) for Sur-Ron Ultra Bee (pair)\" \/>\n<meta property=\"og:description\" content=\"Description: Brake levers (coloured) for Sur-Ron Ultra Bee (pair) Made of 6061 T6 aluminium with surface anodization. The pivoting spring return design allows the lever to be tilted outwards to prevent bending or breaking. Lighter and stronger for long life.\" \/>\n<meta property=\"og:url\" content=\"https:\/\/e-motopark.com\/en\/product\/brake-levers-coloured-for-sur-ron-ultra-bee-pair\/\" \/>\n<meta property=\"og:site_name\" content=\"E-Moto Park\" \/>\n<meta property=\"article:publisher\" content=\"https:\/\/www.facebook.com\/EmotoPark\/\" \/>\n<meta property=\"article:modified_time\" content=\"2025-06-04T17:29:42+00:00\" \/>\n<meta property=\"og:image\" content=\"https:\/\/e-motopark.com\/wp-content\/uploads\/2024\/07\/Brzdove-packy-na-Sur-Ron-Ultra-Bee-cervene.jpg\" \/>\n\t<meta property=\"og:image:width\" content=\"730\" \/>\n\t<meta property=\"og:image:height\" content=\"656\" \/>\n\t<meta property=\"og:image:type\" content=\"image\/jpeg\" \/>\n<meta name=\"twitter:card\" content=\"summary_large_image\" \/>\n<meta name=\"twitter:label1\" content=\"Est. reading time\" \/>\n\t<meta name=\"twitter:data1\" content=\"1 minute\" \/>\n<script type=\"application\/ld+json\" class=\"yoast-schema-graph\">{\"@context\":\"https:\\\/\\\/schema.org\",\"@graph\":[{\"@type\":[\"WebPage\",\"ItemPage\"],\"@id\":\"https:\\\/\\\/e-motopark.com\\\/en\\\/product\\\/brake-levers-coloured-for-sur-ron-ultra-bee-pair\\\/\",\"url\":\"https:\\\/\\\/e-motopark.com\\\/en\\\/product\\\/brake-levers-coloured-for-sur-ron-ultra-bee-pair\\\/\",\"name\":\"Brake levers (coloured) for Sur-Ron Ultra Bee (pair) - E-Moto Park\",\"isPartOf\":{\"@id\":\"https:\\\/\\\/e-motopark.com\\\/en\\\/#website\"},\"primaryImageOfPage\":{\"@id\":\"https:\\\/\\\/e-motopark.com\\\/en\\\/product\\\/brake-levers-coloured-for-sur-ron-ultra-bee-pair\\\/#primaryimage\"},\"image\":{\"@id\":\"https:\\\/\\\/e-motopark.com\\\/en\\\/product\\\/brake-levers-coloured-for-sur-ron-ultra-bee-pair\\\/#primaryimage\"},\"thumbnailUrl\":\"https:\\\/\\\/e-motopark.com\\\/wp-content\\\/uploads\\\/2024\\\/07\\\/Brzdove-packy-na-Sur-Ron-Ultra-Bee-cervene.jpg\",\"datePublished\":\"2024-07-17T06:23:58+00:00\",\"dateModified\":\"2025-06-04T17:29:42+00:00\",\"breadcrumb\":{\"@id\":\"https:\\\/\\\/e-motopark.com\\\/en\\\/product\\\/brake-levers-coloured-for-sur-ron-ultra-bee-pair\\\/#breadcrumb\"},\"inLanguage\":\"en-US\",\"potentialAction\":[{\"@type\":\"ReadAction\",\"target\":[\"https:\\\/\\\/e-motopark.com\\\/en\\\/product\\\/brake-levers-coloured-for-sur-ron-ultra-bee-pair\\\/\"]}]},{\"@type\":\"ImageObject\",\"inLanguage\":\"en-US\",\"@id\":\"https:\\\/\\\/e-motopark.com\\\/en\\\/product\\\/brake-levers-coloured-for-sur-ron-ultra-bee-pair\\\/#primaryimage\",\"url\":\"https:\\\/\\\/e-motopark.com\\\/wp-content\\\/uploads\\\/2024\\\/07\\\/Brzdove-packy-na-Sur-Ron-Ultra-Bee-cervene.jpg\",\"contentUrl\":\"https:\\\/\\\/e-motopark.com\\\/wp-content\\\/uploads\\\/2024\\\/07\\\/Brzdove-packy-na-Sur-Ron-Ultra-Bee-cervene.jpg\",\"width\":730,\"height\":656},{\"@type\":\"BreadcrumbList\",\"@id\":\"https:\\\/\\\/e-motopark.com\\\/en\\\/product\\\/brake-levers-coloured-for-sur-ron-ultra-bee-pair\\\/#breadcrumb\",\"itemListElement\":[{\"@type\":\"ListItem\",\"position\":1,\"name\":\"Dom\u016f\",\"item\":\"https:\\\/\\\/e-motopark.com\\\/en\\\/e-moto-park-shop-and-rental-of-electric-motorbikes\\\/\"},{\"@type\":\"ListItem\",\"position\":2,\"name\":\"Shop\",\"item\":\"https:\\\/\\\/e-motopark.com\\\/en\\\/shop\\\/\"},{\"@type\":\"ListItem\",\"position\":3,\"name\":\"Brake levers (coloured) for Sur-Ron Ultra Bee (pair)\"}]},{\"@type\":\"WebSite\",\"@id\":\"https:\\\/\\\/e-motopark.com\\\/en\\\/#website\",\"url\":\"https:\\\/\\\/e-motopark.com\\\/en\\\/\",\"name\":\"E-Moto Park\",\"description\":\"Prodejna a p\u016fj\u010dovna elektrick\u00fdch motorek\",\"publisher\":{\"@id\":\"https:\\\/\\\/e-motopark.com\\\/en\\\/#organization\"},\"potentialAction\":[{\"@type\":\"SearchAction\",\"target\":{\"@type\":\"EntryPoint\",\"urlTemplate\":\"https:\\\/\\\/e-motopark.com\\\/en\\\/?s={search_term_string}\"},\"query-input\":{\"@type\":\"PropertyValueSpecification\",\"valueRequired\":true,\"valueName\":\"search_term_string\"}}],\"inLanguage\":\"en-US\"},{\"@type\":\"Organization\",\"@id\":\"https:\\\/\\\/e-motopark.com\\\/en\\\/#organization\",\"name\":\"E-Moto Park\",\"url\":\"https:\\\/\\\/e-motopark.com\\\/en\\\/\",\"logo\":{\"@type\":\"ImageObject\",\"inLanguage\":\"en-US\",\"@id\":\"https:\\\/\\\/e-motopark.com\\\/en\\\/#\\\/schema\\\/logo\\\/image\\\/\",\"url\":\"https:\\\/\\\/e-motopark.com\\\/wp-content\\\/uploads\\\/2023\\\/11\\\/cropped-cropped-E-Moto-Park-logo.png\",\"contentUrl\":\"https:\\\/\\\/e-motopark.com\\\/wp-content\\\/uploads\\\/2023\\\/11\\\/cropped-cropped-E-Moto-Park-logo.png\",\"width\":108,\"height\":50,\"caption\":\"E-Moto Park\"},\"image\":{\"@id\":\"https:\\\/\\\/e-motopark.com\\\/en\\\/#\\\/schema\\\/logo\\\/image\\\/\"},\"sameAs\":[\"https:\\\/\\\/www.facebook.com\\\/EmotoPark\\\/\"]}]}<\/script>\n<!-- \/ Yoast SEO Premium plugin. -->","yoast_head_json":{"title":"Brake levers (coloured) for Sur-Ron Ultra Bee (pair) - E-Moto Park","robots":{"index":"index","follow":"follow","max-snippet":"max-snippet:-1","max-image-preview":"max-image-preview:large","max-video-preview":"max-video-preview:-1"},"canonical":"https:\/\/e-motopark.com\/en\/product\/brake-levers-coloured-for-sur-ron-ultra-bee-pair\/","og_locale":"en_US","og_type":"article","og_title":"Brake levers (coloured) for Sur-Ron Ultra Bee (pair)","og_description":"Description: Brake levers (coloured) for Sur-Ron Ultra Bee (pair) Made of 6061 T6 aluminium with surface anodization. The pivoting spring return design allows the lever to be tilted outwards to prevent bending or breaking. Lighter and stronger for long life.","og_url":"https:\/\/e-motopark.com\/en\/product\/brake-levers-coloured-for-sur-ron-ultra-bee-pair\/","og_site_name":"E-Moto Park","article_publisher":"https:\/\/www.facebook.com\/EmotoPark\/","article_modified_time":"2025-06-04T17:29:42+00:00","og_image":[{"width":730,"height":656,"url":"https:\/\/e-motopark.com\/wp-content\/uploads\/2024\/07\/Brzdove-packy-na-Sur-Ron-Ultra-Bee-cervene.jpg","type":"image\/jpeg"}],"twitter_card":"summary_large_image","twitter_misc":{"Est. reading time":"1 minute"},"schema":{"@context":"https:\/\/schema.org","@graph":[{"@type":["WebPage","ItemPage"],"@id":"https:\/\/e-motopark.com\/en\/product\/brake-levers-coloured-for-sur-ron-ultra-bee-pair\/","url":"https:\/\/e-motopark.com\/en\/product\/brake-levers-coloured-for-sur-ron-ultra-bee-pair\/","name":"Brake levers (coloured) for Sur-Ron Ultra Bee (pair) - E-Moto Park","isPartOf":{"@id":"https:\/\/e-motopark.com\/en\/#website"},"primaryImageOfPage":{"@id":"https:\/\/e-motopark.com\/en\/product\/brake-levers-coloured-for-sur-ron-ultra-bee-pair\/#primaryimage"},"image":{"@id":"https:\/\/e-motopark.com\/en\/product\/brake-levers-coloured-for-sur-ron-ultra-bee-pair\/#primaryimage"},"thumbnailUrl":"https:\/\/e-motopark.com\/wp-content\/uploads\/2024\/07\/Brzdove-packy-na-Sur-Ron-Ultra-Bee-cervene.jpg","datePublished":"2024-07-17T06:23:58+00:00","dateModified":"2025-06-04T17:29:42+00:00","breadcrumb":{"@id":"https:\/\/e-motopark.com\/en\/product\/brake-levers-coloured-for-sur-ron-ultra-bee-pair\/#breadcrumb"},"inLanguage":"en-US","potentialAction":[{"@type":"ReadAction","target":["https:\/\/e-motopark.com\/en\/product\/brake-levers-coloured-for-sur-ron-ultra-bee-pair\/"]}]},{"@type":"ImageObject","inLanguage":"en-US","@id":"https:\/\/e-motopark.com\/en\/product\/brake-levers-coloured-for-sur-ron-ultra-bee-pair\/#primaryimage","url":"https:\/\/e-motopark.com\/wp-content\/uploads\/2024\/07\/Brzdove-packy-na-Sur-Ron-Ultra-Bee-cervene.jpg","contentUrl":"https:\/\/e-motopark.com\/wp-content\/uploads\/2024\/07\/Brzdove-packy-na-Sur-Ron-Ultra-Bee-cervene.jpg","width":730,"height":656},{"@type":"BreadcrumbList","@id":"https:\/\/e-motopark.com\/en\/product\/brake-levers-coloured-for-sur-ron-ultra-bee-pair\/#breadcrumb","itemListElement":[{"@type":"ListItem","position":1,"name":"Dom\u016f","item":"https:\/\/e-motopark.com\/en\/e-moto-park-shop-and-rental-of-electric-motorbikes\/"},{"@type":"ListItem","position":2,"name":"Shop","item":"https:\/\/e-motopark.com\/en\/shop\/"},{"@type":"ListItem","position":3,"name":"Brake levers (coloured) for Sur-Ron Ultra Bee (pair)"}]},{"@type":"WebSite","@id":"https:\/\/e-motopark.com\/en\/#website","url":"https:\/\/e-motopark.com\/en\/","name":"E-Moto Park","description":"Prodejna a p\u016fj\u010dovna elektrick\u00fdch motorek","publisher":{"@id":"https:\/\/e-motopark.com\/en\/#organization"},"potentialAction":[{"@type":"SearchAction","target":{"@type":"EntryPoint","urlTemplate":"https:\/\/e-motopark.com\/en\/?s={search_term_string}"},"query-input":{"@type":"PropertyValueSpecification","valueRequired":true,"valueName":"search_term_string"}}],"inLanguage":"en-US"},{"@type":"Organization","@id":"https:\/\/e-motopark.com\/en\/#organization","name":"E-Moto Park","url":"https:\/\/e-motopark.com\/en\/","logo":{"@type":"ImageObject","inLanguage":"en-US","@id":"https:\/\/e-motopark.com\/en\/#\/schema\/logo\/image\/","url":"https:\/\/e-motopark.com\/wp-content\/uploads\/2023\/11\/cropped-cropped-E-Moto-Park-logo.png","contentUrl":"https:\/\/e-motopark.com\/wp-content\/uploads\/2023\/11\/cropped-cropped-E-Moto-Park-logo.png","width":108,"height":50,"caption":"E-Moto Park"},"image":{"@id":"https:\/\/e-motopark.com\/en\/#\/schema\/logo\/image\/"},"sameAs":["https:\/\/www.facebook.com\/EmotoPark\/"]}]}},"_links":{"self":[{"href":"https:\/\/e-motopark.com\/en\/wp-json\/wp\/v2\/product\/9314","targetHints":{"allow":["GET"]}}],"collection":[{"href":"https:\/\/e-motopark.com\/en\/wp-json\/wp\/v2\/product"}],"about":[{"href":"https:\/\/e-motopark.com\/en\/wp-json\/wp\/v2\/types\/product"}],"wp:featuredmedia":[{"embeddable":true,"href":"https:\/\/e-motopark.com\/en\/wp-json\/wp\/v2\/media\/7888"}],"wp:attachment":[{"href":"https:\/\/e-motopark.com\/en\/wp-json\/wp\/v2\/media?parent=9314"}],"wp:term":[{"taxonomy":"product_brand","embeddable":true,"href":"https:\/\/e-motopark.com\/en\/wp-json\/wp\/v2\/product_brand?post=9314"},{"taxonomy":"product_cat","embeddable":true,"href":"https:\/\/e-motopark.com\/en\/wp-json\/wp\/v2\/product_cat?post=9314"},{"taxonomy":"product_tag","embeddable":true,"href":"https:\/\/e-motopark.com\/en\/wp-json\/wp\/v2\/product_tag?post=9314"},{"taxonomy":"emoto_spec_group","embeddable":true,"href":"https:\/\/e-motopark.com\/en\/wp-json\/wp\/v2\/emoto_spec_group?post=9314"}],"curies":[{"name":"wp","href":"https:\/\/api.w.org\/{rel}","templated":true}]}}