{"id":9323,"date":"2024-06-17T11:48:41","date_gmt":"2024-06-17T09:48:41","guid":{"rendered":"https:\/\/e-motopark.com\/produkt\/predni-vidlice-fastace-alx13rc-2-0-gold-na-sur-ron-x-l1e-talaria-sting\/"},"modified":"2025-06-04T19:31:43","modified_gmt":"2025-06-04T17:31:43","slug":"front-fork-fastace-alx13rc-2-0-gold-on-sur-ron-x-l1e-talaria-sting","status":"publish","type":"product","link":"https:\/\/e-motopark.com\/en\/product\/front-fork-fastace-alx13rc-2-0-gold-on-sur-ron-x-l1e-talaria-sting\/","title":{"rendered":"Front fork FastAce ALX13RC 2.0 (GOLD) on Sur-ron X\/L1e\/Talaria sting"},"content":{"rendered":"<h3><strong>Description:<\/strong><\/h3>\n<ul>\n<li>Front fork Fastace ALX13RC 2.0 (GOLD) on Sur-ron Light Bee X\/L1e\/Talaria sting<\/li>\n<li>FastAce is the original factory front fork for Surron and Talaria sting and is the strongest fork for Surron and Talaria sting.<\/li>\n<li>2.0 has a stronger sense of technology, higher value, easier installation, use, simplified lines, better experience and convenience.<\/li>\n<li>Inner leg diameter: 37mm, the widest of all upside down Sur-ron forks, they are stronger and more rigid than any other fork on the market.<\/li>\n<li>Damping adjustment function : Compression \/ Rebound<\/li>\n<li>The upside down design provides an incredibly smooth and consistent feel thanks to the constant lubrication of the bushings and seals. The inverted design also provides a significant increase in front and rear stiffness over traditional forks while maintaining torsional compliance, giving the rider more control over rough terrain. <\/li>\n<li>Compatible with wheel sizes: 26\/27.5\/29 inches<\/li>\n<li>Its inner and outer tubes, upper and lower crowns, and both lower legs are made of high strength and light weight aluminum alloy, the interior is designed with spring and pressure oil damping.<\/li>\n<\/ul>\n<p>&nbsp;<\/p>\n<h3><strong>FastAce function:<\/strong><\/h3>\n<ul>\n<li>Inverted fork design for rigid and precise control<\/li>\n<li>Stroke 200 mm<\/li>\n<li>Colour: Gold<\/li>\n<li>37mm lower inner legs<\/li>\n<li>Strong tapered upper outer legs<\/li>\n<li>Compression settings<\/li>\n<li>Rebound controller<\/li>\n<li>Coil spring<\/li>\n<li>Steel inner parts for strength and durability<\/li>\n<li>Open-tub shock absorber design (like a motorcycle fork)<\/li>\n<li>Motorcycle-like valve tray design with multiple thick pads for long life on the sur-ron and fully tunable for future custom fork tuning<\/li>\n<li>Mounting points for mudguards<\/li>\n<li>Fully compatible with Sur-ron and Talaria OEM headstock!!!<\/li>\n<li>Brake post mounting: 203 mm<\/li>\n<li>Maximum tyre width: 67 mm<\/li>\n<li>Accessories: threaded TSR<\/li>\n<li>For heavier riders :<\/li>\n<li>50lbs spring \/ 80-100kg rider weight<\/li>\n<li>60lbs spring \/ 100kg-120kg rider weight<\/li>\n<li>38lbs &#8211; 60lbs spring \/ progressive hard spring \/ 80-120kg rider weight.<\/li>\n<\/ul>\n","protected":false},"excerpt":{"rendered":"<p>Description: Front fork Fastace ALX13RC 2.0 (GOLD) on Sur-ron Light Bee X\/L1e\/Talaria sting FastAce is the original factory front fork for Surron and Talaria sting and is the strongest fork for Surron and Talaria sting. 2.0 has a stronger sense of technology, higher value, easier installation, use, simplified lines, better experience and convenience. Inner leg [&hellip;]<\/p>\n","protected":false},"featured_media":7787,"template":"","meta":{"from_xml":"","manufacturer_code":"","emoto_stock":""},"product_brand":[],"product_cat":[1681,1709],"product_tag":[],"emoto_spec_group":[],"class_list":{"0":"post-9323","1":"product","2":"type-product","3":"status-publish","4":"has-post-thumbnail","6":"product_cat-shock-absorbers-and-forks","7":"product_cat-shock-absorbers-and-forks-talaria-sting-en","9":"first","10":"onbackorder","11":"taxable","12":"shipping-taxable","13":"purchasable","14":"product-type-simple"},"exclude_global_add_ons":false,"addons":[{"name":"On request\/order","type":"heading","position":0,"required":false,"title_format":"label","description_enable":true,"description":"FastAce ALX13RC 2.0 fork in gold is on request\/order only.","placeholder_enable":false,"placeholder":null,"display":"select","restrictions_type":"any_text","adjust_price":false,"price":"","price_type":"flat_fee","restrictions":false,"min":0,"max":0,"options":[],"id":1718621483}],"yoast_head":"<!-- This site is optimized with the Yoast SEO Premium plugin v27.4 (Yoast SEO v27.5) - https:\/\/yoast.com\/product\/yoast-seo-premium-wordpress\/ -->\n<title>Front fork FastAce ALX13RC 2.0 (GOLD) on Sur-ron X\/L1e\/Talaria sting - E-Moto Park<\/title>\n<meta name=\"robots\" content=\"index, follow, max-snippet:-1, max-image-preview:large, max-video-preview:-1\" \/>\n<link rel=\"canonical\" href=\"https:\/\/e-motopark.com\/en\/product\/front-fork-fastace-alx13rc-2-0-gold-on-sur-ron-x-l1e-talaria-sting\/\" \/>\n<meta property=\"og:locale\" content=\"en_US\" \/>\n<meta property=\"og:type\" content=\"article\" \/>\n<meta property=\"og:title\" content=\"Front fork FastAce ALX13RC 2.0 (GOLD) on Sur-ron X\/L1e\/Talaria sting\" \/>\n<meta property=\"og:description\" content=\"Description: Front fork Fastace ALX13RC 2.0 (GOLD) on Sur-ron Light Bee X\/L1e\/Talaria sting FastAce is the original factory front fork for Surron and Talaria sting and is the strongest fork for Surron and Talaria sting. 2.0 has a stronger sense of technology, higher value, easier installation, use, simplified lines, better experience and convenience. Inner leg [&hellip;]\" \/>\n<meta property=\"og:url\" content=\"https:\/\/e-motopark.com\/en\/product\/front-fork-fastace-alx13rc-2-0-gold-on-sur-ron-x-l1e-talaria-sting\/\" \/>\n<meta property=\"og:site_name\" content=\"E-Moto Park\" \/>\n<meta property=\"article:publisher\" content=\"https:\/\/www.facebook.com\/EmotoPark\/\" \/>\n<meta property=\"article:modified_time\" content=\"2025-06-04T17:31:43+00:00\" \/>\n<meta property=\"og:image\" content=\"https:\/\/e-motopark.com\/wp-content\/uploads\/2024\/06\/Fastace-ALX13RC-2.0-gold-Sur-ron-original-factory-Front-Fork-Suspension-for-Surron-Talaria-sting.jpg\" \/>\n\t<meta property=\"og:image:width\" content=\"709\" \/>\n\t<meta property=\"og:image:height\" content=\"836\" \/>\n\t<meta property=\"og:image:type\" content=\"image\/jpeg\" \/>\n<meta name=\"twitter:card\" content=\"summary_large_image\" \/>\n<meta name=\"twitter:label1\" content=\"Est. reading time\" \/>\n\t<meta name=\"twitter:data1\" content=\"2 minutes\" \/>\n<script type=\"application\/ld+json\" class=\"yoast-schema-graph\">{\"@context\":\"https:\\\/\\\/schema.org\",\"@graph\":[{\"@type\":[\"WebPage\",\"ItemPage\"],\"@id\":\"https:\\\/\\\/e-motopark.com\\\/en\\\/product\\\/front-fork-fastace-alx13rc-2-0-gold-on-sur-ron-x-l1e-talaria-sting\\\/\",\"url\":\"https:\\\/\\\/e-motopark.com\\\/en\\\/product\\\/front-fork-fastace-alx13rc-2-0-gold-on-sur-ron-x-l1e-talaria-sting\\\/\",\"name\":\"Front fork FastAce ALX13RC 2.0 (GOLD) on Sur-ron X\\\/L1e\\\/Talaria sting - E-Moto Park\",\"isPartOf\":{\"@id\":\"https:\\\/\\\/e-motopark.com\\\/en\\\/#website\"},\"primaryImageOfPage\":{\"@id\":\"https:\\\/\\\/e-motopark.com\\\/en\\\/product\\\/front-fork-fastace-alx13rc-2-0-gold-on-sur-ron-x-l1e-talaria-sting\\\/#primaryimage\"},\"image\":{\"@id\":\"https:\\\/\\\/e-motopark.com\\\/en\\\/product\\\/front-fork-fastace-alx13rc-2-0-gold-on-sur-ron-x-l1e-talaria-sting\\\/#primaryimage\"},\"thumbnailUrl\":\"https:\\\/\\\/e-motopark.com\\\/wp-content\\\/uploads\\\/2024\\\/06\\\/Fastace-ALX13RC-2.0-gold-Sur-ron-original-factory-Front-Fork-Suspension-for-Surron-Talaria-sting.jpg\",\"datePublished\":\"2024-06-17T09:48:41+00:00\",\"dateModified\":\"2025-06-04T17:31:43+00:00\",\"breadcrumb\":{\"@id\":\"https:\\\/\\\/e-motopark.com\\\/en\\\/product\\\/front-fork-fastace-alx13rc-2-0-gold-on-sur-ron-x-l1e-talaria-sting\\\/#breadcrumb\"},\"inLanguage\":\"en-US\",\"potentialAction\":[{\"@type\":\"ReadAction\",\"target\":[\"https:\\\/\\\/e-motopark.com\\\/en\\\/product\\\/front-fork-fastace-alx13rc-2-0-gold-on-sur-ron-x-l1e-talaria-sting\\\/\"]}]},{\"@type\":\"ImageObject\",\"inLanguage\":\"en-US\",\"@id\":\"https:\\\/\\\/e-motopark.com\\\/en\\\/product\\\/front-fork-fastace-alx13rc-2-0-gold-on-sur-ron-x-l1e-talaria-sting\\\/#primaryimage\",\"url\":\"https:\\\/\\\/e-motopark.com\\\/wp-content\\\/uploads\\\/2024\\\/06\\\/Fastace-ALX13RC-2.0-gold-Sur-ron-original-factory-Front-Fork-Suspension-for-Surron-Talaria-sting.jpg\",\"contentUrl\":\"https:\\\/\\\/e-motopark.com\\\/wp-content\\\/uploads\\\/2024\\\/06\\\/Fastace-ALX13RC-2.0-gold-Sur-ron-original-factory-Front-Fork-Suspension-for-Surron-Talaria-sting.jpg\",\"width\":709,\"height\":836},{\"@type\":\"BreadcrumbList\",\"@id\":\"https:\\\/\\\/e-motopark.com\\\/en\\\/product\\\/front-fork-fastace-alx13rc-2-0-gold-on-sur-ron-x-l1e-talaria-sting\\\/#breadcrumb\",\"itemListElement\":[{\"@type\":\"ListItem\",\"position\":1,\"name\":\"Dom\u016f\",\"item\":\"https:\\\/\\\/e-motopark.com\\\/en\\\/e-moto-park-shop-and-rental-of-electric-motorbikes\\\/\"},{\"@type\":\"ListItem\",\"position\":2,\"name\":\"Shop\",\"item\":\"https:\\\/\\\/e-motopark.com\\\/en\\\/shop\\\/\"},{\"@type\":\"ListItem\",\"position\":3,\"name\":\"Front fork FastAce ALX13RC 2.0 (GOLD) on Sur-ron X\\\/L1e\\\/Talaria sting\"}]},{\"@type\":\"WebSite\",\"@id\":\"https:\\\/\\\/e-motopark.com\\\/en\\\/#website\",\"url\":\"https:\\\/\\\/e-motopark.com\\\/en\\\/\",\"name\":\"E-Moto Park\",\"description\":\"Prodejna a p\u016fj\u010dovna elektrick\u00fdch motorek\",\"publisher\":{\"@id\":\"https:\\\/\\\/e-motopark.com\\\/en\\\/#organization\"},\"potentialAction\":[{\"@type\":\"SearchAction\",\"target\":{\"@type\":\"EntryPoint\",\"urlTemplate\":\"https:\\\/\\\/e-motopark.com\\\/en\\\/?s={search_term_string}\"},\"query-input\":{\"@type\":\"PropertyValueSpecification\",\"valueRequired\":true,\"valueName\":\"search_term_string\"}}],\"inLanguage\":\"en-US\"},{\"@type\":\"Organization\",\"@id\":\"https:\\\/\\\/e-motopark.com\\\/en\\\/#organization\",\"name\":\"E-Moto Park\",\"url\":\"https:\\\/\\\/e-motopark.com\\\/en\\\/\",\"logo\":{\"@type\":\"ImageObject\",\"inLanguage\":\"en-US\",\"@id\":\"https:\\\/\\\/e-motopark.com\\\/en\\\/#\\\/schema\\\/logo\\\/image\\\/\",\"url\":\"https:\\\/\\\/e-motopark.com\\\/wp-content\\\/uploads\\\/2023\\\/11\\\/cropped-cropped-E-Moto-Park-logo.png\",\"contentUrl\":\"https:\\\/\\\/e-motopark.com\\\/wp-content\\\/uploads\\\/2023\\\/11\\\/cropped-cropped-E-Moto-Park-logo.png\",\"width\":108,\"height\":50,\"caption\":\"E-Moto Park\"},\"image\":{\"@id\":\"https:\\\/\\\/e-motopark.com\\\/en\\\/#\\\/schema\\\/logo\\\/image\\\/\"},\"sameAs\":[\"https:\\\/\\\/www.facebook.com\\\/EmotoPark\\\/\"]}]}<\/script>\n<!-- \/ Yoast SEO Premium plugin. -->","yoast_head_json":{"title":"Front fork FastAce ALX13RC 2.0 (GOLD) on Sur-ron X\/L1e\/Talaria sting - E-Moto Park","robots":{"index":"index","follow":"follow","max-snippet":"max-snippet:-1","max-image-preview":"max-image-preview:large","max-video-preview":"max-video-preview:-1"},"canonical":"https:\/\/e-motopark.com\/en\/product\/front-fork-fastace-alx13rc-2-0-gold-on-sur-ron-x-l1e-talaria-sting\/","og_locale":"en_US","og_type":"article","og_title":"Front fork FastAce ALX13RC 2.0 (GOLD) on Sur-ron X\/L1e\/Talaria sting","og_description":"Description: Front fork Fastace ALX13RC 2.0 (GOLD) on Sur-ron Light Bee X\/L1e\/Talaria sting FastAce is the original factory front fork for Surron and Talaria sting and is the strongest fork for Surron and Talaria sting. 2.0 has a stronger sense of technology, higher value, easier installation, use, simplified lines, better experience and convenience. Inner leg [&hellip;]","og_url":"https:\/\/e-motopark.com\/en\/product\/front-fork-fastace-alx13rc-2-0-gold-on-sur-ron-x-l1e-talaria-sting\/","og_site_name":"E-Moto Park","article_publisher":"https:\/\/www.facebook.com\/EmotoPark\/","article_modified_time":"2025-06-04T17:31:43+00:00","og_image":[{"width":709,"height":836,"url":"https:\/\/e-motopark.com\/wp-content\/uploads\/2024\/06\/Fastace-ALX13RC-2.0-gold-Sur-ron-original-factory-Front-Fork-Suspension-for-Surron-Talaria-sting.jpg","type":"image\/jpeg"}],"twitter_card":"summary_large_image","twitter_misc":{"Est. reading time":"2 minutes"},"schema":{"@context":"https:\/\/schema.org","@graph":[{"@type":["WebPage","ItemPage"],"@id":"https:\/\/e-motopark.com\/en\/product\/front-fork-fastace-alx13rc-2-0-gold-on-sur-ron-x-l1e-talaria-sting\/","url":"https:\/\/e-motopark.com\/en\/product\/front-fork-fastace-alx13rc-2-0-gold-on-sur-ron-x-l1e-talaria-sting\/","name":"Front fork FastAce ALX13RC 2.0 (GOLD) on Sur-ron X\/L1e\/Talaria sting - E-Moto Park","isPartOf":{"@id":"https:\/\/e-motopark.com\/en\/#website"},"primaryImageOfPage":{"@id":"https:\/\/e-motopark.com\/en\/product\/front-fork-fastace-alx13rc-2-0-gold-on-sur-ron-x-l1e-talaria-sting\/#primaryimage"},"image":{"@id":"https:\/\/e-motopark.com\/en\/product\/front-fork-fastace-alx13rc-2-0-gold-on-sur-ron-x-l1e-talaria-sting\/#primaryimage"},"thumbnailUrl":"https:\/\/e-motopark.com\/wp-content\/uploads\/2024\/06\/Fastace-ALX13RC-2.0-gold-Sur-ron-original-factory-Front-Fork-Suspension-for-Surron-Talaria-sting.jpg","datePublished":"2024-06-17T09:48:41+00:00","dateModified":"2025-06-04T17:31:43+00:00","breadcrumb":{"@id":"https:\/\/e-motopark.com\/en\/product\/front-fork-fastace-alx13rc-2-0-gold-on-sur-ron-x-l1e-talaria-sting\/#breadcrumb"},"inLanguage":"en-US","potentialAction":[{"@type":"ReadAction","target":["https:\/\/e-motopark.com\/en\/product\/front-fork-fastace-alx13rc-2-0-gold-on-sur-ron-x-l1e-talaria-sting\/"]}]},{"@type":"ImageObject","inLanguage":"en-US","@id":"https:\/\/e-motopark.com\/en\/product\/front-fork-fastace-alx13rc-2-0-gold-on-sur-ron-x-l1e-talaria-sting\/#primaryimage","url":"https:\/\/e-motopark.com\/wp-content\/uploads\/2024\/06\/Fastace-ALX13RC-2.0-gold-Sur-ron-original-factory-Front-Fork-Suspension-for-Surron-Talaria-sting.jpg","contentUrl":"https:\/\/e-motopark.com\/wp-content\/uploads\/2024\/06\/Fastace-ALX13RC-2.0-gold-Sur-ron-original-factory-Front-Fork-Suspension-for-Surron-Talaria-sting.jpg","width":709,"height":836},{"@type":"BreadcrumbList","@id":"https:\/\/e-motopark.com\/en\/product\/front-fork-fastace-alx13rc-2-0-gold-on-sur-ron-x-l1e-talaria-sting\/#breadcrumb","itemListElement":[{"@type":"ListItem","position":1,"name":"Dom\u016f","item":"https:\/\/e-motopark.com\/en\/e-moto-park-shop-and-rental-of-electric-motorbikes\/"},{"@type":"ListItem","position":2,"name":"Shop","item":"https:\/\/e-motopark.com\/en\/shop\/"},{"@type":"ListItem","position":3,"name":"Front fork FastAce ALX13RC 2.0 (GOLD) on Sur-ron X\/L1e\/Talaria sting"}]},{"@type":"WebSite","@id":"https:\/\/e-motopark.com\/en\/#website","url":"https:\/\/e-motopark.com\/en\/","name":"E-Moto Park","description":"Prodejna a p\u016fj\u010dovna elektrick\u00fdch motorek","publisher":{"@id":"https:\/\/e-motopark.com\/en\/#organization"},"potentialAction":[{"@type":"SearchAction","target":{"@type":"EntryPoint","urlTemplate":"https:\/\/e-motopark.com\/en\/?s={search_term_string}"},"query-input":{"@type":"PropertyValueSpecification","valueRequired":true,"valueName":"search_term_string"}}],"inLanguage":"en-US"},{"@type":"Organization","@id":"https:\/\/e-motopark.com\/en\/#organization","name":"E-Moto Park","url":"https:\/\/e-motopark.com\/en\/","logo":{"@type":"ImageObject","inLanguage":"en-US","@id":"https:\/\/e-motopark.com\/en\/#\/schema\/logo\/image\/","url":"https:\/\/e-motopark.com\/wp-content\/uploads\/2023\/11\/cropped-cropped-E-Moto-Park-logo.png","contentUrl":"https:\/\/e-motopark.com\/wp-content\/uploads\/2023\/11\/cropped-cropped-E-Moto-Park-logo.png","width":108,"height":50,"caption":"E-Moto Park"},"image":{"@id":"https:\/\/e-motopark.com\/en\/#\/schema\/logo\/image\/"},"sameAs":["https:\/\/www.facebook.com\/EmotoPark\/"]}]}},"_links":{"self":[{"href":"https:\/\/e-motopark.com\/en\/wp-json\/wp\/v2\/product\/9323","targetHints":{"allow":["GET"]}}],"collection":[{"href":"https:\/\/e-motopark.com\/en\/wp-json\/wp\/v2\/product"}],"about":[{"href":"https:\/\/e-motopark.com\/en\/wp-json\/wp\/v2\/types\/product"}],"wp:featuredmedia":[{"embeddable":true,"href":"https:\/\/e-motopark.com\/en\/wp-json\/wp\/v2\/media\/7787"}],"wp:attachment":[{"href":"https:\/\/e-motopark.com\/en\/wp-json\/wp\/v2\/media?parent=9323"}],"wp:term":[{"taxonomy":"product_brand","embeddable":true,"href":"https:\/\/e-motopark.com\/en\/wp-json\/wp\/v2\/product_brand?post=9323"},{"taxonomy":"product_cat","embeddable":true,"href":"https:\/\/e-motopark.com\/en\/wp-json\/wp\/v2\/product_cat?post=9323"},{"taxonomy":"product_tag","embeddable":true,"href":"https:\/\/e-motopark.com\/en\/wp-json\/wp\/v2\/product_tag?post=9323"},{"taxonomy":"emoto_spec_group","embeddable":true,"href":"https:\/\/e-motopark.com\/en\/wp-json\/wp\/v2\/emoto_spec_group?post=9323"}],"curies":[{"name":"wp","href":"https:\/\/api.w.org\/{rel}","templated":true}]}}