{"id":9324,"date":"2024-06-17T11:14:32","date_gmt":"2024-06-17T09:14:32","guid":{"rendered":"https:\/\/e-motopark.com\/produkt\/zadni-tlumic-fastace-bda53rc-na-sur-ron-x-l1e-talaria-sting\/"},"modified":"2025-06-04T19:31:53","modified_gmt":"2025-06-04T17:31:53","slug":"rear-shock-absorber-fastace-bda53rc-for-sur-ron-x-l1e-talaria-sting","status":"publish","type":"product","link":"https:\/\/e-motopark.com\/en\/product\/rear-shock-absorber-fastace-bda53rc-for-sur-ron-x-l1e-talaria-sting\/","title":{"rendered":"Rear shock absorber FastAce BDA53RC for Sur-ron X\/L1e\/Talaria sting"},"content":{"rendered":"<p><strong>Description:<\/strong><\/p>\n<ul>\n<li>Rear shock absorber FastAce BDA53RC for Sur-ron Light Bee X\/L1e\/Talaria sting<\/li>\n<li>The rear shock absorber uses coil + oil + air damping to provide the best damping effect.<\/li>\n<li>The BDA53RC can effectively cushion shocks so you can enjoy a comfortable ride on all slopes.<\/li>\n<li>More Durable &#8211; The main body of the shock absorber is used aviation grade AL-7075, which effectively prevents oxidation and increases strength.<\/li>\n<li>It is strong enough to safely withstand all the demanding movements you want to perform.<\/li>\n<li>Rear suspension equipped with controls for rebound damping and compression adjustment. Adjustment control that can be set to suit individual riding. <\/li>\n<li>The hardness of the spring can be adjusted according to the rotary spring of the upper tooth of the grain disc, downward the spring effect becomes hard, upward the spring effect becomes soft.<\/li>\n<\/ul>\n<p>&nbsp;<\/p>\n<p><strong>FastAce function:<\/strong><\/p>\n<ul>\n<li>Size: 265mm 10.5&#8243; 85mm<\/li>\n<li>Colour: black-red<\/li>\n<li>For light\/heavy riders :450lbs spring \/ 80-100kg<br \/>\n550lbs spring \/ 100kg-130kg<\/li>\n<li>Coil spring<\/li>\n<li>High quality finish.<\/li>\n<li>Compatible with DNM RCP 2S<\/li>\n<li>Warranty &#8211; we provide one year warranty, service, if the product has any quality problems, you can contact us for replacement. We are very confident in the product, it is definitely a very cost effective rear suspension. <\/li>\n<\/ul>\n","protected":false},"excerpt":{"rendered":"<p>Description: Rear shock absorber FastAce BDA53RC for Sur-ron Light Bee X\/L1e\/Talaria sting The rear shock absorber uses coil + oil + air damping to provide the best damping effect. The BDA53RC can effectively cushion shocks so you can enjoy a comfortable ride on all slopes. More Durable &#8211; The main body of the shock absorber [&hellip;]<\/p>\n","protected":false},"featured_media":7782,"template":"","meta":{"from_xml":"","manufacturer_code":"","emoto_stock":""},"product_brand":[],"product_cat":[1681,1709],"product_tag":[],"emoto_spec_group":[],"class_list":{"0":"post-9324","1":"product","2":"type-product","3":"status-publish","4":"has-post-thumbnail","6":"product_cat-shock-absorbers-and-forks","7":"product_cat-shock-absorbers-and-forks-talaria-sting-en","9":"first","10":"onbackorder","11":"taxable","12":"shipping-taxable","13":"purchasable","14":"product-type-simple"},"exclude_global_add_ons":false,"addons":[{"name":"In stock at the supplier","type":"heading","position":0,"required":false,"title_format":"label","description_enable":true,"description":"Delivery time approx. 7 days.","placeholder_enable":false,"placeholder":null,"display":"select","restrictions_type":"any_text","adjust_price":false,"price":"","price_type":"flat_fee","restrictions":false,"min":0,"max":0,"options":[],"id":1718621483}],"yoast_head":"<!-- This site is optimized with the Yoast SEO Premium plugin v27.4 (Yoast SEO v27.5) - https:\/\/yoast.com\/product\/yoast-seo-premium-wordpress\/ -->\n<title>Rear shock absorber FastAce BDA53RC for Sur-ron X\/L1e\/Talaria sting - E-Moto Park<\/title>\n<meta name=\"robots\" content=\"index, follow, max-snippet:-1, max-image-preview:large, max-video-preview:-1\" \/>\n<link rel=\"canonical\" href=\"https:\/\/e-motopark.com\/en\/product\/rear-shock-absorber-fastace-bda53rc-for-sur-ron-x-l1e-talaria-sting\/\" \/>\n<meta property=\"og:locale\" content=\"en_US\" \/>\n<meta property=\"og:type\" content=\"article\" \/>\n<meta property=\"og:title\" content=\"Rear shock absorber FastAce BDA53RC for Sur-ron X\/L1e\/Talaria sting\" \/>\n<meta property=\"og:description\" content=\"Description: Rear shock absorber FastAce BDA53RC for Sur-ron Light Bee X\/L1e\/Talaria sting The rear shock absorber uses coil + oil + air damping to provide the best damping effect. The BDA53RC can effectively cushion shocks so you can enjoy a comfortable ride on all slopes. More Durable &#8211; The main body of the shock absorber [&hellip;]\" \/>\n<meta property=\"og:url\" content=\"https:\/\/e-motopark.com\/en\/product\/rear-shock-absorber-fastace-bda53rc-for-sur-ron-x-l1e-talaria-sting\/\" \/>\n<meta property=\"og:site_name\" content=\"E-Moto Park\" \/>\n<meta property=\"article:publisher\" content=\"https:\/\/www.facebook.com\/EmotoPark\/\" \/>\n<meta property=\"article:modified_time\" content=\"2025-06-04T17:31:53+00:00\" \/>\n<meta property=\"og:image\" content=\"https:\/\/e-motopark.com\/wp-content\/uploads\/2024\/06\/FASTACE-BDA53RC-original-factory-Rear-Shock-Absorber-Suspension-for-Surron-Talaria-sting.jpg\" \/>\n\t<meta property=\"og:image:width\" content=\"893\" \/>\n\t<meta property=\"og:image:height\" content=\"890\" \/>\n\t<meta property=\"og:image:type\" content=\"image\/jpeg\" \/>\n<meta name=\"twitter:card\" content=\"summary_large_image\" \/>\n<meta name=\"twitter:label1\" content=\"Est. reading time\" \/>\n\t<meta name=\"twitter:data1\" content=\"1 minute\" \/>\n<script type=\"application\/ld+json\" class=\"yoast-schema-graph\">{\"@context\":\"https:\\\/\\\/schema.org\",\"@graph\":[{\"@type\":[\"WebPage\",\"ItemPage\"],\"@id\":\"https:\\\/\\\/e-motopark.com\\\/en\\\/product\\\/rear-shock-absorber-fastace-bda53rc-for-sur-ron-x-l1e-talaria-sting\\\/\",\"url\":\"https:\\\/\\\/e-motopark.com\\\/en\\\/product\\\/rear-shock-absorber-fastace-bda53rc-for-sur-ron-x-l1e-talaria-sting\\\/\",\"name\":\"Rear shock absorber FastAce BDA53RC for Sur-ron X\\\/L1e\\\/Talaria sting - E-Moto Park\",\"isPartOf\":{\"@id\":\"https:\\\/\\\/e-motopark.com\\\/en\\\/#website\"},\"primaryImageOfPage\":{\"@id\":\"https:\\\/\\\/e-motopark.com\\\/en\\\/product\\\/rear-shock-absorber-fastace-bda53rc-for-sur-ron-x-l1e-talaria-sting\\\/#primaryimage\"},\"image\":{\"@id\":\"https:\\\/\\\/e-motopark.com\\\/en\\\/product\\\/rear-shock-absorber-fastace-bda53rc-for-sur-ron-x-l1e-talaria-sting\\\/#primaryimage\"},\"thumbnailUrl\":\"https:\\\/\\\/e-motopark.com\\\/wp-content\\\/uploads\\\/2024\\\/06\\\/FASTACE-BDA53RC-original-factory-Rear-Shock-Absorber-Suspension-for-Surron-Talaria-sting.jpg\",\"datePublished\":\"2024-06-17T09:14:32+00:00\",\"dateModified\":\"2025-06-04T17:31:53+00:00\",\"breadcrumb\":{\"@id\":\"https:\\\/\\\/e-motopark.com\\\/en\\\/product\\\/rear-shock-absorber-fastace-bda53rc-for-sur-ron-x-l1e-talaria-sting\\\/#breadcrumb\"},\"inLanguage\":\"en-US\",\"potentialAction\":[{\"@type\":\"ReadAction\",\"target\":[\"https:\\\/\\\/e-motopark.com\\\/en\\\/product\\\/rear-shock-absorber-fastace-bda53rc-for-sur-ron-x-l1e-talaria-sting\\\/\"]}]},{\"@type\":\"ImageObject\",\"inLanguage\":\"en-US\",\"@id\":\"https:\\\/\\\/e-motopark.com\\\/en\\\/product\\\/rear-shock-absorber-fastace-bda53rc-for-sur-ron-x-l1e-talaria-sting\\\/#primaryimage\",\"url\":\"https:\\\/\\\/e-motopark.com\\\/wp-content\\\/uploads\\\/2024\\\/06\\\/FASTACE-BDA53RC-original-factory-Rear-Shock-Absorber-Suspension-for-Surron-Talaria-sting.jpg\",\"contentUrl\":\"https:\\\/\\\/e-motopark.com\\\/wp-content\\\/uploads\\\/2024\\\/06\\\/FASTACE-BDA53RC-original-factory-Rear-Shock-Absorber-Suspension-for-Surron-Talaria-sting.jpg\",\"width\":893,\"height\":890},{\"@type\":\"BreadcrumbList\",\"@id\":\"https:\\\/\\\/e-motopark.com\\\/en\\\/product\\\/rear-shock-absorber-fastace-bda53rc-for-sur-ron-x-l1e-talaria-sting\\\/#breadcrumb\",\"itemListElement\":[{\"@type\":\"ListItem\",\"position\":1,\"name\":\"Dom\u016f\",\"item\":\"https:\\\/\\\/e-motopark.com\\\/en\\\/e-moto-park-shop-and-rental-of-electric-motorbikes\\\/\"},{\"@type\":\"ListItem\",\"position\":2,\"name\":\"Shop\",\"item\":\"https:\\\/\\\/e-motopark.com\\\/en\\\/shop\\\/\"},{\"@type\":\"ListItem\",\"position\":3,\"name\":\"Rear shock absorber FastAce BDA53RC for Sur-ron X\\\/L1e\\\/Talaria sting\"}]},{\"@type\":\"WebSite\",\"@id\":\"https:\\\/\\\/e-motopark.com\\\/en\\\/#website\",\"url\":\"https:\\\/\\\/e-motopark.com\\\/en\\\/\",\"name\":\"E-Moto Park\",\"description\":\"Prodejna a p\u016fj\u010dovna elektrick\u00fdch motorek\",\"publisher\":{\"@id\":\"https:\\\/\\\/e-motopark.com\\\/en\\\/#organization\"},\"potentialAction\":[{\"@type\":\"SearchAction\",\"target\":{\"@type\":\"EntryPoint\",\"urlTemplate\":\"https:\\\/\\\/e-motopark.com\\\/en\\\/?s={search_term_string}\"},\"query-input\":{\"@type\":\"PropertyValueSpecification\",\"valueRequired\":true,\"valueName\":\"search_term_string\"}}],\"inLanguage\":\"en-US\"},{\"@type\":\"Organization\",\"@id\":\"https:\\\/\\\/e-motopark.com\\\/en\\\/#organization\",\"name\":\"E-Moto Park\",\"url\":\"https:\\\/\\\/e-motopark.com\\\/en\\\/\",\"logo\":{\"@type\":\"ImageObject\",\"inLanguage\":\"en-US\",\"@id\":\"https:\\\/\\\/e-motopark.com\\\/en\\\/#\\\/schema\\\/logo\\\/image\\\/\",\"url\":\"https:\\\/\\\/e-motopark.com\\\/wp-content\\\/uploads\\\/2023\\\/11\\\/cropped-cropped-E-Moto-Park-logo.png\",\"contentUrl\":\"https:\\\/\\\/e-motopark.com\\\/wp-content\\\/uploads\\\/2023\\\/11\\\/cropped-cropped-E-Moto-Park-logo.png\",\"width\":108,\"height\":50,\"caption\":\"E-Moto Park\"},\"image\":{\"@id\":\"https:\\\/\\\/e-motopark.com\\\/en\\\/#\\\/schema\\\/logo\\\/image\\\/\"},\"sameAs\":[\"https:\\\/\\\/www.facebook.com\\\/EmotoPark\\\/\"]}]}<\/script>\n<!-- \/ Yoast SEO Premium plugin. -->","yoast_head_json":{"title":"Rear shock absorber FastAce BDA53RC for Sur-ron X\/L1e\/Talaria sting - E-Moto Park","robots":{"index":"index","follow":"follow","max-snippet":"max-snippet:-1","max-image-preview":"max-image-preview:large","max-video-preview":"max-video-preview:-1"},"canonical":"https:\/\/e-motopark.com\/en\/product\/rear-shock-absorber-fastace-bda53rc-for-sur-ron-x-l1e-talaria-sting\/","og_locale":"en_US","og_type":"article","og_title":"Rear shock absorber FastAce BDA53RC for Sur-ron X\/L1e\/Talaria sting","og_description":"Description: Rear shock absorber FastAce BDA53RC for Sur-ron Light Bee X\/L1e\/Talaria sting The rear shock absorber uses coil + oil + air damping to provide the best damping effect. The BDA53RC can effectively cushion shocks so you can enjoy a comfortable ride on all slopes. More Durable &#8211; The main body of the shock absorber [&hellip;]","og_url":"https:\/\/e-motopark.com\/en\/product\/rear-shock-absorber-fastace-bda53rc-for-sur-ron-x-l1e-talaria-sting\/","og_site_name":"E-Moto Park","article_publisher":"https:\/\/www.facebook.com\/EmotoPark\/","article_modified_time":"2025-06-04T17:31:53+00:00","og_image":[{"width":893,"height":890,"url":"https:\/\/e-motopark.com\/wp-content\/uploads\/2024\/06\/FASTACE-BDA53RC-original-factory-Rear-Shock-Absorber-Suspension-for-Surron-Talaria-sting.jpg","type":"image\/jpeg"}],"twitter_card":"summary_large_image","twitter_misc":{"Est. reading time":"1 minute"},"schema":{"@context":"https:\/\/schema.org","@graph":[{"@type":["WebPage","ItemPage"],"@id":"https:\/\/e-motopark.com\/en\/product\/rear-shock-absorber-fastace-bda53rc-for-sur-ron-x-l1e-talaria-sting\/","url":"https:\/\/e-motopark.com\/en\/product\/rear-shock-absorber-fastace-bda53rc-for-sur-ron-x-l1e-talaria-sting\/","name":"Rear shock absorber FastAce BDA53RC for Sur-ron X\/L1e\/Talaria sting - E-Moto Park","isPartOf":{"@id":"https:\/\/e-motopark.com\/en\/#website"},"primaryImageOfPage":{"@id":"https:\/\/e-motopark.com\/en\/product\/rear-shock-absorber-fastace-bda53rc-for-sur-ron-x-l1e-talaria-sting\/#primaryimage"},"image":{"@id":"https:\/\/e-motopark.com\/en\/product\/rear-shock-absorber-fastace-bda53rc-for-sur-ron-x-l1e-talaria-sting\/#primaryimage"},"thumbnailUrl":"https:\/\/e-motopark.com\/wp-content\/uploads\/2024\/06\/FASTACE-BDA53RC-original-factory-Rear-Shock-Absorber-Suspension-for-Surron-Talaria-sting.jpg","datePublished":"2024-06-17T09:14:32+00:00","dateModified":"2025-06-04T17:31:53+00:00","breadcrumb":{"@id":"https:\/\/e-motopark.com\/en\/product\/rear-shock-absorber-fastace-bda53rc-for-sur-ron-x-l1e-talaria-sting\/#breadcrumb"},"inLanguage":"en-US","potentialAction":[{"@type":"ReadAction","target":["https:\/\/e-motopark.com\/en\/product\/rear-shock-absorber-fastace-bda53rc-for-sur-ron-x-l1e-talaria-sting\/"]}]},{"@type":"ImageObject","inLanguage":"en-US","@id":"https:\/\/e-motopark.com\/en\/product\/rear-shock-absorber-fastace-bda53rc-for-sur-ron-x-l1e-talaria-sting\/#primaryimage","url":"https:\/\/e-motopark.com\/wp-content\/uploads\/2024\/06\/FASTACE-BDA53RC-original-factory-Rear-Shock-Absorber-Suspension-for-Surron-Talaria-sting.jpg","contentUrl":"https:\/\/e-motopark.com\/wp-content\/uploads\/2024\/06\/FASTACE-BDA53RC-original-factory-Rear-Shock-Absorber-Suspension-for-Surron-Talaria-sting.jpg","width":893,"height":890},{"@type":"BreadcrumbList","@id":"https:\/\/e-motopark.com\/en\/product\/rear-shock-absorber-fastace-bda53rc-for-sur-ron-x-l1e-talaria-sting\/#breadcrumb","itemListElement":[{"@type":"ListItem","position":1,"name":"Dom\u016f","item":"https:\/\/e-motopark.com\/en\/e-moto-park-shop-and-rental-of-electric-motorbikes\/"},{"@type":"ListItem","position":2,"name":"Shop","item":"https:\/\/e-motopark.com\/en\/shop\/"},{"@type":"ListItem","position":3,"name":"Rear shock absorber FastAce BDA53RC for Sur-ron X\/L1e\/Talaria sting"}]},{"@type":"WebSite","@id":"https:\/\/e-motopark.com\/en\/#website","url":"https:\/\/e-motopark.com\/en\/","name":"E-Moto Park","description":"Prodejna a p\u016fj\u010dovna elektrick\u00fdch motorek","publisher":{"@id":"https:\/\/e-motopark.com\/en\/#organization"},"potentialAction":[{"@type":"SearchAction","target":{"@type":"EntryPoint","urlTemplate":"https:\/\/e-motopark.com\/en\/?s={search_term_string}"},"query-input":{"@type":"PropertyValueSpecification","valueRequired":true,"valueName":"search_term_string"}}],"inLanguage":"en-US"},{"@type":"Organization","@id":"https:\/\/e-motopark.com\/en\/#organization","name":"E-Moto Park","url":"https:\/\/e-motopark.com\/en\/","logo":{"@type":"ImageObject","inLanguage":"en-US","@id":"https:\/\/e-motopark.com\/en\/#\/schema\/logo\/image\/","url":"https:\/\/e-motopark.com\/wp-content\/uploads\/2023\/11\/cropped-cropped-E-Moto-Park-logo.png","contentUrl":"https:\/\/e-motopark.com\/wp-content\/uploads\/2023\/11\/cropped-cropped-E-Moto-Park-logo.png","width":108,"height":50,"caption":"E-Moto Park"},"image":{"@id":"https:\/\/e-motopark.com\/en\/#\/schema\/logo\/image\/"},"sameAs":["https:\/\/www.facebook.com\/EmotoPark\/"]}]}},"_links":{"self":[{"href":"https:\/\/e-motopark.com\/en\/wp-json\/wp\/v2\/product\/9324","targetHints":{"allow":["GET"]}}],"collection":[{"href":"https:\/\/e-motopark.com\/en\/wp-json\/wp\/v2\/product"}],"about":[{"href":"https:\/\/e-motopark.com\/en\/wp-json\/wp\/v2\/types\/product"}],"wp:featuredmedia":[{"embeddable":true,"href":"https:\/\/e-motopark.com\/en\/wp-json\/wp\/v2\/media\/7782"}],"wp:attachment":[{"href":"https:\/\/e-motopark.com\/en\/wp-json\/wp\/v2\/media?parent=9324"}],"wp:term":[{"taxonomy":"product_brand","embeddable":true,"href":"https:\/\/e-motopark.com\/en\/wp-json\/wp\/v2\/product_brand?post=9324"},{"taxonomy":"product_cat","embeddable":true,"href":"https:\/\/e-motopark.com\/en\/wp-json\/wp\/v2\/product_cat?post=9324"},{"taxonomy":"product_tag","embeddable":true,"href":"https:\/\/e-motopark.com\/en\/wp-json\/wp\/v2\/product_tag?post=9324"},{"taxonomy":"emoto_spec_group","embeddable":true,"href":"https:\/\/e-motopark.com\/en\/wp-json\/wp\/v2\/emoto_spec_group?post=9324"}],"curies":[{"name":"wp","href":"https:\/\/api.w.org\/{rel}","templated":true}]}}