{"id":9325,"date":"2024-06-17T10:51:39","date_gmt":"2024-06-17T08:51:39","guid":{"rendered":"https:\/\/e-motopark.com\/produkt\/predni-vidlice-fastace-vylepsena-ahx12rv-na-sur-ron-x-l1e-talaria-sting\/"},"modified":"2025-06-04T19:32:03","modified_gmt":"2025-06-04T17:32:03","slug":"fastace-front-fork-improved-ahx12rv-on-sur-ron-x-l1e-talaria-sting","status":"publish","type":"product","link":"https:\/\/e-motopark.com\/en\/product\/fastace-front-fork-improved-ahx12rv-on-sur-ron-x-l1e-talaria-sting\/","title":{"rendered":"FastAce front fork (improved) AHX12RV on Sur-ron X\/L1e\/Talaria sting"},"content":{"rendered":"<h3><strong>Description:<\/strong><\/h3>\n<ul>\n<li>High and Low Speed Compression Damping Settings&#8211;High and low speeds can effectively improve the damping effect when encountering speed bumps on the road, making the rider feel as if speed bumps do not exist, and when driving off-road, the 18-degree high and low speed compression damping settings can provide the rider with maximum damping, whether it is flipping in the air and landing on the ground or jumping up a steep hill.<\/li>\n<li>FastAce AHX12RV front fork on Sur-ron Light Bee X\/L1e\/Talaria sting<\/li>\n<li>The FastAce is an upgraded original factory front fork for the Surron and Talaria sting and is the strongest fork for the Surron and Talaria sting.<\/li>\n<li>Inner leg diameter: 37mm, the widest of all upside down Sur-ron forks, they are stronger and more rigid than any other fork on the market.<\/li>\n<li>Damping adjustment functions : Rebound, HS and LS Compression<\/li>\n<li>The upside down design provides an incredibly smooth and consistent feel thanks to the constant lubrication of the bushings and seals. The inverted design also provides a significant increase in front and rear stiffness over traditional forks while maintaining torsional compliance, giving the rider more control over rough terrain. <\/li>\n<li>Compatible with wheel sizes: 26\/27.5\/29 inches<\/li>\n<li>Its inner and outer tubes, upper and lower crowns, and both lower legs are made of high strength and light weight aluminum alloy, the interior is designed with spring and pressure oil damping.<\/li>\n<\/ul>\n<p>&nbsp;<\/p>\n<h3><strong>FastAce function:<\/strong><\/h3>\n<ul>\n<li>Leg material: 2000 series aluminium<\/li>\n<li>Leg diameter: 37 mm<\/li>\n<li>Use: Mountain bike (MTB), off-road bike, DH, Surron, Talaria sting<\/li>\n<li>Axles: 20*10*M14*P1.5*170L<\/li>\n<li>Control tube: 1-1\/8&#8243; straight<\/li>\n<li>Spring: coil spring<\/li>\n<li>Setting: coil with spring, spring with damper, coil with spring: Rebound, HS and LS Compression<\/li>\n<li>18 levels of high-speed and 18 levels of low-speed compression<\/li>\n<li>18 steps Bounce damping<\/li>\n<li>Crown: forged<\/li>\n<li>Brake post mounting: 203 mm (max. 223)<\/li>\n<li>Maximum tyre width: 67 mm<\/li>\n<li>Accessories: threaded TSR<\/li>\n<li>Compatible with electric bikes: Yes<\/li>\n<li>Offset: 47 mm (27.5 \u201cvariant); 57 mm (29\u201d variant)<\/li>\n<li>Ride height: 582 mm (27.5 \u201cvariant), 602 mm (29\u201d variant)<\/li>\n<li>Stroke: 200 mm<\/li>\n<li>For heavier riders :<\/li>\n<li>50lbs spring \/ rider weight 80-100 kg<\/li>\n<li>60lbs spring\/rider weight 100 kg-120 kg<\/li>\n<li>38lbs-60lbs spring \/ progressive hard spring \/ rider weight 80-120 kg<\/li>\n<\/ul>\n","protected":false},"excerpt":{"rendered":"<p>Description: High and Low Speed Compression Damping Settings&#8211;High and low speeds can effectively improve the damping effect when encountering speed bumps on the road, making the rider feel as if speed bumps do not exist, and when driving off-road, the 18-degree high and low speed compression damping settings can provide the rider with maximum damping, [&hellip;]<\/p>\n","protected":false},"featured_media":7777,"template":"","meta":{"from_xml":"","manufacturer_code":"","emoto_stock":""},"product_brand":[],"product_cat":[1681,1709],"product_tag":[],"emoto_spec_group":[],"class_list":{"0":"post-9325","1":"product","2":"type-product","3":"status-publish","4":"has-post-thumbnail","6":"product_cat-shock-absorbers-and-forks","7":"product_cat-shock-absorbers-and-forks-talaria-sting-en","9":"first","10":"onbackorder","11":"taxable","12":"shipping-taxable","13":"purchasable","14":"product-type-simple"},"exclude_global_add_ons":false,"addons":[{"name":"In stock at the supplier","type":"heading","position":0,"required":false,"title_format":"label","description_enable":true,"description":"Delivery time approx. 7 days.","placeholder_enable":false,"placeholder":null,"display":"select","restrictions_type":"any_text","adjust_price":false,"price":"","price_type":"flat_fee","restrictions":false,"min":0,"max":0,"options":[],"id":1718621483}],"yoast_head":"<!-- This site is optimized with the Yoast SEO Premium plugin v27.4 (Yoast SEO v27.5) - https:\/\/yoast.com\/product\/yoast-seo-premium-wordpress\/ -->\n<title>FastAce front fork (improved) AHX12RV on Sur-ron X\/L1e\/Talaria sting - E-Moto Park<\/title>\n<meta name=\"robots\" content=\"index, follow, max-snippet:-1, max-image-preview:large, max-video-preview:-1\" \/>\n<link rel=\"canonical\" href=\"https:\/\/e-motopark.com\/en\/product\/fastace-front-fork-improved-ahx12rv-on-sur-ron-x-l1e-talaria-sting\/\" \/>\n<meta property=\"og:locale\" content=\"en_US\" \/>\n<meta property=\"og:type\" content=\"article\" \/>\n<meta property=\"og:title\" content=\"FastAce front fork (improved) AHX12RV on Sur-ron X\/L1e\/Talaria sting\" \/>\n<meta property=\"og:description\" content=\"Description: High and Low Speed Compression Damping Settings&#8211;High and low speeds can effectively improve the damping effect when encountering speed bumps on the road, making the rider feel as if speed bumps do not exist, and when driving off-road, the 18-degree high and low speed compression damping settings can provide the rider with maximum damping, [&hellip;]\" \/>\n<meta property=\"og:url\" content=\"https:\/\/e-motopark.com\/en\/product\/fastace-front-fork-improved-ahx12rv-on-sur-ron-x-l1e-talaria-sting\/\" \/>\n<meta property=\"og:site_name\" content=\"E-Moto Park\" \/>\n<meta property=\"article:publisher\" content=\"https:\/\/www.facebook.com\/EmotoPark\/\" \/>\n<meta property=\"article:modified_time\" content=\"2025-06-04T17:32:03+00:00\" \/>\n<meta property=\"og:image\" content=\"https:\/\/e-motopark.com\/wp-content\/uploads\/2024\/06\/Fastace-AHX12RV-Sur-ron-upgraded-factory-Front-Fork-Suspension-for-Surron-Talaria-sting.jpg\" \/>\n\t<meta property=\"og:image:width\" content=\"901\" \/>\n\t<meta property=\"og:image:height\" content=\"892\" \/>\n\t<meta property=\"og:image:type\" content=\"image\/jpeg\" \/>\n<meta name=\"twitter:card\" content=\"summary_large_image\" \/>\n<meta name=\"twitter:label1\" content=\"Est. reading time\" \/>\n\t<meta name=\"twitter:data1\" content=\"2 minutes\" \/>\n<script type=\"application\/ld+json\" class=\"yoast-schema-graph\">{\"@context\":\"https:\\\/\\\/schema.org\",\"@graph\":[{\"@type\":[\"WebPage\",\"ItemPage\"],\"@id\":\"https:\\\/\\\/e-motopark.com\\\/en\\\/product\\\/fastace-front-fork-improved-ahx12rv-on-sur-ron-x-l1e-talaria-sting\\\/\",\"url\":\"https:\\\/\\\/e-motopark.com\\\/en\\\/product\\\/fastace-front-fork-improved-ahx12rv-on-sur-ron-x-l1e-talaria-sting\\\/\",\"name\":\"FastAce front fork (improved) AHX12RV on Sur-ron X\\\/L1e\\\/Talaria sting - E-Moto Park\",\"isPartOf\":{\"@id\":\"https:\\\/\\\/e-motopark.com\\\/en\\\/#website\"},\"primaryImageOfPage\":{\"@id\":\"https:\\\/\\\/e-motopark.com\\\/en\\\/product\\\/fastace-front-fork-improved-ahx12rv-on-sur-ron-x-l1e-talaria-sting\\\/#primaryimage\"},\"image\":{\"@id\":\"https:\\\/\\\/e-motopark.com\\\/en\\\/product\\\/fastace-front-fork-improved-ahx12rv-on-sur-ron-x-l1e-talaria-sting\\\/#primaryimage\"},\"thumbnailUrl\":\"https:\\\/\\\/e-motopark.com\\\/wp-content\\\/uploads\\\/2024\\\/06\\\/Fastace-AHX12RV-Sur-ron-upgraded-factory-Front-Fork-Suspension-for-Surron-Talaria-sting.jpg\",\"datePublished\":\"2024-06-17T08:51:39+00:00\",\"dateModified\":\"2025-06-04T17:32:03+00:00\",\"breadcrumb\":{\"@id\":\"https:\\\/\\\/e-motopark.com\\\/en\\\/product\\\/fastace-front-fork-improved-ahx12rv-on-sur-ron-x-l1e-talaria-sting\\\/#breadcrumb\"},\"inLanguage\":\"en-US\",\"potentialAction\":[{\"@type\":\"ReadAction\",\"target\":[\"https:\\\/\\\/e-motopark.com\\\/en\\\/product\\\/fastace-front-fork-improved-ahx12rv-on-sur-ron-x-l1e-talaria-sting\\\/\"]}]},{\"@type\":\"ImageObject\",\"inLanguage\":\"en-US\",\"@id\":\"https:\\\/\\\/e-motopark.com\\\/en\\\/product\\\/fastace-front-fork-improved-ahx12rv-on-sur-ron-x-l1e-talaria-sting\\\/#primaryimage\",\"url\":\"https:\\\/\\\/e-motopark.com\\\/wp-content\\\/uploads\\\/2024\\\/06\\\/Fastace-AHX12RV-Sur-ron-upgraded-factory-Front-Fork-Suspension-for-Surron-Talaria-sting.jpg\",\"contentUrl\":\"https:\\\/\\\/e-motopark.com\\\/wp-content\\\/uploads\\\/2024\\\/06\\\/Fastace-AHX12RV-Sur-ron-upgraded-factory-Front-Fork-Suspension-for-Surron-Talaria-sting.jpg\",\"width\":901,\"height\":892},{\"@type\":\"BreadcrumbList\",\"@id\":\"https:\\\/\\\/e-motopark.com\\\/en\\\/product\\\/fastace-front-fork-improved-ahx12rv-on-sur-ron-x-l1e-talaria-sting\\\/#breadcrumb\",\"itemListElement\":[{\"@type\":\"ListItem\",\"position\":1,\"name\":\"Dom\u016f\",\"item\":\"https:\\\/\\\/e-motopark.com\\\/en\\\/e-moto-park-shop-and-rental-of-electric-motorbikes\\\/\"},{\"@type\":\"ListItem\",\"position\":2,\"name\":\"Shop\",\"item\":\"https:\\\/\\\/e-motopark.com\\\/en\\\/shop\\\/\"},{\"@type\":\"ListItem\",\"position\":3,\"name\":\"FastAce front fork (improved) AHX12RV on Sur-ron X\\\/L1e\\\/Talaria sting\"}]},{\"@type\":\"WebSite\",\"@id\":\"https:\\\/\\\/e-motopark.com\\\/en\\\/#website\",\"url\":\"https:\\\/\\\/e-motopark.com\\\/en\\\/\",\"name\":\"E-Moto Park\",\"description\":\"Prodejna a p\u016fj\u010dovna elektrick\u00fdch motorek\",\"publisher\":{\"@id\":\"https:\\\/\\\/e-motopark.com\\\/en\\\/#organization\"},\"potentialAction\":[{\"@type\":\"SearchAction\",\"target\":{\"@type\":\"EntryPoint\",\"urlTemplate\":\"https:\\\/\\\/e-motopark.com\\\/en\\\/?s={search_term_string}\"},\"query-input\":{\"@type\":\"PropertyValueSpecification\",\"valueRequired\":true,\"valueName\":\"search_term_string\"}}],\"inLanguage\":\"en-US\"},{\"@type\":\"Organization\",\"@id\":\"https:\\\/\\\/e-motopark.com\\\/en\\\/#organization\",\"name\":\"E-Moto Park\",\"url\":\"https:\\\/\\\/e-motopark.com\\\/en\\\/\",\"logo\":{\"@type\":\"ImageObject\",\"inLanguage\":\"en-US\",\"@id\":\"https:\\\/\\\/e-motopark.com\\\/en\\\/#\\\/schema\\\/logo\\\/image\\\/\",\"url\":\"https:\\\/\\\/e-motopark.com\\\/wp-content\\\/uploads\\\/2023\\\/11\\\/cropped-cropped-E-Moto-Park-logo.png\",\"contentUrl\":\"https:\\\/\\\/e-motopark.com\\\/wp-content\\\/uploads\\\/2023\\\/11\\\/cropped-cropped-E-Moto-Park-logo.png\",\"width\":108,\"height\":50,\"caption\":\"E-Moto Park\"},\"image\":{\"@id\":\"https:\\\/\\\/e-motopark.com\\\/en\\\/#\\\/schema\\\/logo\\\/image\\\/\"},\"sameAs\":[\"https:\\\/\\\/www.facebook.com\\\/EmotoPark\\\/\"]}]}<\/script>\n<!-- \/ Yoast SEO Premium plugin. -->","yoast_head_json":{"title":"FastAce front fork (improved) AHX12RV on Sur-ron X\/L1e\/Talaria sting - E-Moto Park","robots":{"index":"index","follow":"follow","max-snippet":"max-snippet:-1","max-image-preview":"max-image-preview:large","max-video-preview":"max-video-preview:-1"},"canonical":"https:\/\/e-motopark.com\/en\/product\/fastace-front-fork-improved-ahx12rv-on-sur-ron-x-l1e-talaria-sting\/","og_locale":"en_US","og_type":"article","og_title":"FastAce front fork (improved) AHX12RV on Sur-ron X\/L1e\/Talaria sting","og_description":"Description: High and Low Speed Compression Damping Settings&#8211;High and low speeds can effectively improve the damping effect when encountering speed bumps on the road, making the rider feel as if speed bumps do not exist, and when driving off-road, the 18-degree high and low speed compression damping settings can provide the rider with maximum damping, [&hellip;]","og_url":"https:\/\/e-motopark.com\/en\/product\/fastace-front-fork-improved-ahx12rv-on-sur-ron-x-l1e-talaria-sting\/","og_site_name":"E-Moto Park","article_publisher":"https:\/\/www.facebook.com\/EmotoPark\/","article_modified_time":"2025-06-04T17:32:03+00:00","og_image":[{"width":901,"height":892,"url":"https:\/\/e-motopark.com\/wp-content\/uploads\/2024\/06\/Fastace-AHX12RV-Sur-ron-upgraded-factory-Front-Fork-Suspension-for-Surron-Talaria-sting.jpg","type":"image\/jpeg"}],"twitter_card":"summary_large_image","twitter_misc":{"Est. reading time":"2 minutes"},"schema":{"@context":"https:\/\/schema.org","@graph":[{"@type":["WebPage","ItemPage"],"@id":"https:\/\/e-motopark.com\/en\/product\/fastace-front-fork-improved-ahx12rv-on-sur-ron-x-l1e-talaria-sting\/","url":"https:\/\/e-motopark.com\/en\/product\/fastace-front-fork-improved-ahx12rv-on-sur-ron-x-l1e-talaria-sting\/","name":"FastAce front fork (improved) AHX12RV on Sur-ron X\/L1e\/Talaria sting - E-Moto Park","isPartOf":{"@id":"https:\/\/e-motopark.com\/en\/#website"},"primaryImageOfPage":{"@id":"https:\/\/e-motopark.com\/en\/product\/fastace-front-fork-improved-ahx12rv-on-sur-ron-x-l1e-talaria-sting\/#primaryimage"},"image":{"@id":"https:\/\/e-motopark.com\/en\/product\/fastace-front-fork-improved-ahx12rv-on-sur-ron-x-l1e-talaria-sting\/#primaryimage"},"thumbnailUrl":"https:\/\/e-motopark.com\/wp-content\/uploads\/2024\/06\/Fastace-AHX12RV-Sur-ron-upgraded-factory-Front-Fork-Suspension-for-Surron-Talaria-sting.jpg","datePublished":"2024-06-17T08:51:39+00:00","dateModified":"2025-06-04T17:32:03+00:00","breadcrumb":{"@id":"https:\/\/e-motopark.com\/en\/product\/fastace-front-fork-improved-ahx12rv-on-sur-ron-x-l1e-talaria-sting\/#breadcrumb"},"inLanguage":"en-US","potentialAction":[{"@type":"ReadAction","target":["https:\/\/e-motopark.com\/en\/product\/fastace-front-fork-improved-ahx12rv-on-sur-ron-x-l1e-talaria-sting\/"]}]},{"@type":"ImageObject","inLanguage":"en-US","@id":"https:\/\/e-motopark.com\/en\/product\/fastace-front-fork-improved-ahx12rv-on-sur-ron-x-l1e-talaria-sting\/#primaryimage","url":"https:\/\/e-motopark.com\/wp-content\/uploads\/2024\/06\/Fastace-AHX12RV-Sur-ron-upgraded-factory-Front-Fork-Suspension-for-Surron-Talaria-sting.jpg","contentUrl":"https:\/\/e-motopark.com\/wp-content\/uploads\/2024\/06\/Fastace-AHX12RV-Sur-ron-upgraded-factory-Front-Fork-Suspension-for-Surron-Talaria-sting.jpg","width":901,"height":892},{"@type":"BreadcrumbList","@id":"https:\/\/e-motopark.com\/en\/product\/fastace-front-fork-improved-ahx12rv-on-sur-ron-x-l1e-talaria-sting\/#breadcrumb","itemListElement":[{"@type":"ListItem","position":1,"name":"Dom\u016f","item":"https:\/\/e-motopark.com\/en\/e-moto-park-shop-and-rental-of-electric-motorbikes\/"},{"@type":"ListItem","position":2,"name":"Shop","item":"https:\/\/e-motopark.com\/en\/shop\/"},{"@type":"ListItem","position":3,"name":"FastAce front fork (improved) AHX12RV on Sur-ron X\/L1e\/Talaria sting"}]},{"@type":"WebSite","@id":"https:\/\/e-motopark.com\/en\/#website","url":"https:\/\/e-motopark.com\/en\/","name":"E-Moto Park","description":"Prodejna a p\u016fj\u010dovna elektrick\u00fdch motorek","publisher":{"@id":"https:\/\/e-motopark.com\/en\/#organization"},"potentialAction":[{"@type":"SearchAction","target":{"@type":"EntryPoint","urlTemplate":"https:\/\/e-motopark.com\/en\/?s={search_term_string}"},"query-input":{"@type":"PropertyValueSpecification","valueRequired":true,"valueName":"search_term_string"}}],"inLanguage":"en-US"},{"@type":"Organization","@id":"https:\/\/e-motopark.com\/en\/#organization","name":"E-Moto Park","url":"https:\/\/e-motopark.com\/en\/","logo":{"@type":"ImageObject","inLanguage":"en-US","@id":"https:\/\/e-motopark.com\/en\/#\/schema\/logo\/image\/","url":"https:\/\/e-motopark.com\/wp-content\/uploads\/2023\/11\/cropped-cropped-E-Moto-Park-logo.png","contentUrl":"https:\/\/e-motopark.com\/wp-content\/uploads\/2023\/11\/cropped-cropped-E-Moto-Park-logo.png","width":108,"height":50,"caption":"E-Moto Park"},"image":{"@id":"https:\/\/e-motopark.com\/en\/#\/schema\/logo\/image\/"},"sameAs":["https:\/\/www.facebook.com\/EmotoPark\/"]}]}},"_links":{"self":[{"href":"https:\/\/e-motopark.com\/en\/wp-json\/wp\/v2\/product\/9325","targetHints":{"allow":["GET"]}}],"collection":[{"href":"https:\/\/e-motopark.com\/en\/wp-json\/wp\/v2\/product"}],"about":[{"href":"https:\/\/e-motopark.com\/en\/wp-json\/wp\/v2\/types\/product"}],"wp:featuredmedia":[{"embeddable":true,"href":"https:\/\/e-motopark.com\/en\/wp-json\/wp\/v2\/media\/7777"}],"wp:attachment":[{"href":"https:\/\/e-motopark.com\/en\/wp-json\/wp\/v2\/media?parent=9325"}],"wp:term":[{"taxonomy":"product_brand","embeddable":true,"href":"https:\/\/e-motopark.com\/en\/wp-json\/wp\/v2\/product_brand?post=9325"},{"taxonomy":"product_cat","embeddable":true,"href":"https:\/\/e-motopark.com\/en\/wp-json\/wp\/v2\/product_cat?post=9325"},{"taxonomy":"product_tag","embeddable":true,"href":"https:\/\/e-motopark.com\/en\/wp-json\/wp\/v2\/product_tag?post=9325"},{"taxonomy":"emoto_spec_group","embeddable":true,"href":"https:\/\/e-motopark.com\/en\/wp-json\/wp\/v2\/emoto_spec_group?post=9325"}],"curies":[{"name":"wp","href":"https:\/\/api.w.org\/{rel}","templated":true}]}}