{"id":9330,"date":"2024-05-29T07:58:05","date_gmt":"2024-05-29T05:58:05","guid":{"rendered":"https:\/\/e-motopark.com\/produkt\/torp-tm25-motor-25kw-pro-sur-ron-light-bee\/"},"modified":"2025-06-04T19:32:36","modified_gmt":"2025-06-04T17:32:36","slug":"torp-tm25-motor-25kw-for-sur-ron-light-bee","status":"publish","type":"product","link":"https:\/\/e-motopark.com\/en\/product\/torp-tm25-motor-25kw-for-sur-ron-light-bee\/","title":{"rendered":"TORP TM25 Motor (25kW) for Sur-Ron Light Bee"},"content":{"rendered":"<h3><strong>Description:<\/strong><\/h3>\n<ul>\n<li>What makes the TM25 engine unique?<\/li>\n<li>Different mounting points allow use with other electric motors<\/li>\n<li>Works with Hall sensors and encoder, making it compatible with a variety of controllers<\/li>\n<li>It has 3 times less drag compared to the stock Sur-Ron engine.<\/li>\n<li>It is compatible with both TC500* and TC1000 controllers.<\/li>\n<\/ul>\n<p>*IMPORTANT: The TM25 motor is NOT COMPATIBLE with the Torp TC500 HW 1.0, 1.1 and 1.2 controllers. If you own one of these versions and would like to purchase a TM25 motor, please contact us directly.   <\/p>\n<h3>Technical specifications:<\/h3>\n<ul>\n<li>In the case of the TM25 model, it can be used for all engine types:<\/li>\n<li>Engine type: IPM<\/li>\n<li>Voltage: 48V &#8211; 120V<\/li>\n<li>Continuous power: 13 kW<\/li>\n<li>Top performance:<\/li>\n<\/ul>\n<p>at 72V &#8211; 27 kW<\/p>\n<p>at 80V &#8211; 31 kW<\/p>\n<p>at 120V &#8211; 40 kW<\/p>\n<ul>\n<li>Rated speed: 6000 rpm<\/li>\n<li>Maximum speed: 10000 rpm<\/li>\n<li>Position sensor: Hall effect sensor or encoder<\/li>\n<li>Sensor points: 1024 (4096)<\/li>\n<li>Maximum magnet temperature: 150 C<\/li>\n<li>Phase current: up to 700 A<\/li>\n<li>Constant Kt [Nm\/A]: 0.105<\/li>\n<li>Torque 500 A: 52.5 Nm<\/li>\n<li>Torque 700 A: 67 Nm<\/li>\n<li>Rated KV output: 85<\/li>\n<li>Motor resistance: 3.4 mO<\/li>\n<li>Temperature sensor: 1.5 MO PT1000<\/li>\n<li>Efficiency: up to 95%<\/li>\n<li>Protection Class: 1: PROTECTION: IP67<\/li>\n<li>Weight: 10 kg<\/li>\n<li>Motor size: 115*165 mm<\/li>\n<li>Installation.<\/li>\n<li>Number of pole pairs: 5<\/li>\n<li>Cooling method: air<\/li>\n<\/ul>\n","protected":false},"excerpt":{"rendered":"<p>Description: What makes the TM25 engine unique? Different mounting points allow use with other electric motors Works with Hall sensors and encoder, making it compatible with a variety of controllers It has 3 times less drag compared to the stock Sur-Ron engine. It is compatible with both TC500* and TC1000 controllers. *IMPORTANT: The TM25 motor [&hellip;]<\/p>\n","protected":false},"featured_media":7756,"template":"","meta":{"from_xml":"","manufacturer_code":"","emoto_stock":""},"product_brand":[],"product_cat":[1672],"product_tag":[],"emoto_spec_group":[],"class_list":{"0":"post-9330","1":"product","2":"type-product","3":"status-publish","4":"has-post-thumbnail","6":"product_cat-batteries-controllers-motors","8":"first","9":"outofstock","10":"taxable","11":"shipping-taxable","12":"purchasable","13":"product-type-variable","14":"has-default-attributes"},"exclude_global_add_ons":false,"addons":[{"name":"Payment in advance","type":"heading","position":0,"required":false,"title_format":"label","description_enable":true,"description":"For TORP components, only payment in advance to our bank account is valid.\nIn the basket, select payment by bank transfer, we will send you an invoice with a QR code by email.\nDelivery approx. 5-7 days.","placeholder_enable":false,"placeholder":null,"display":"select","restrictions_type":"any_text","adjust_price":false,"price":"","price_type":"flat_fee","restrictions":false,"min":0,"max":0,"options":[],"id":1716971502}],"yoast_head":"<!-- This site is optimized with the Yoast SEO Premium plugin v27.4 (Yoast SEO v27.5) - https:\/\/yoast.com\/product\/yoast-seo-premium-wordpress\/ -->\n<title>TORP TM25 Motor (25kW) for Sur-Ron Light Bee - E-Moto Park<\/title>\n<meta name=\"robots\" content=\"index, follow, max-snippet:-1, max-image-preview:large, max-video-preview:-1\" \/>\n<link rel=\"canonical\" href=\"https:\/\/e-motopark.com\/en\/product\/torp-tm25-motor-25kw-for-sur-ron-light-bee\/\" \/>\n<meta property=\"og:locale\" content=\"en_US\" \/>\n<meta property=\"og:type\" content=\"article\" \/>\n<meta property=\"og:title\" content=\"TORP TM25 Motor (25kW) for Sur-Ron Light Bee\" \/>\n<meta property=\"og:description\" content=\"Description: What makes the TM25 engine unique? Different mounting points allow use with other electric motors Works with Hall sensors and encoder, making it compatible with a variety of controllers It has 3 times less drag compared to the stock Sur-Ron engine. It is compatible with both TC500* and TC1000 controllers. *IMPORTANT: The TM25 motor [&hellip;]\" \/>\n<meta property=\"og:url\" content=\"https:\/\/e-motopark.com\/en\/product\/torp-tm25-motor-25kw-for-sur-ron-light-bee\/\" \/>\n<meta property=\"og:site_name\" content=\"E-Moto Park\" \/>\n<meta property=\"article:publisher\" content=\"https:\/\/www.facebook.com\/EmotoPark\/\" \/>\n<meta property=\"article:modified_time\" content=\"2025-06-04T17:32:36+00:00\" \/>\n<meta property=\"og:image\" content=\"https:\/\/e-motopark.com\/wp-content\/uploads\/2024\/05\/Torp-TM25-Motor-for-SurRon-Light-Bee.jpg\" \/>\n\t<meta property=\"og:image:width\" content=\"1187\" \/>\n\t<meta property=\"og:image:height\" content=\"816\" \/>\n\t<meta property=\"og:image:type\" content=\"image\/jpeg\" \/>\n<meta name=\"twitter:card\" content=\"summary_large_image\" \/>\n<meta name=\"twitter:label1\" content=\"Est. reading time\" \/>\n\t<meta name=\"twitter:data1\" content=\"2 minutes\" \/>\n<script type=\"application\/ld+json\" class=\"yoast-schema-graph\">{\"@context\":\"https:\\\/\\\/schema.org\",\"@graph\":[{\"@type\":[\"WebPage\",\"ItemPage\"],\"@id\":\"https:\\\/\\\/e-motopark.com\\\/en\\\/product\\\/torp-tm25-motor-25kw-for-sur-ron-light-bee\\\/\",\"url\":\"https:\\\/\\\/e-motopark.com\\\/en\\\/product\\\/torp-tm25-motor-25kw-for-sur-ron-light-bee\\\/\",\"name\":\"TORP TM25 Motor (25kW) for Sur-Ron Light Bee - E-Moto Park\",\"isPartOf\":{\"@id\":\"https:\\\/\\\/e-motopark.com\\\/en\\\/#website\"},\"primaryImageOfPage\":{\"@id\":\"https:\\\/\\\/e-motopark.com\\\/en\\\/product\\\/torp-tm25-motor-25kw-for-sur-ron-light-bee\\\/#primaryimage\"},\"image\":{\"@id\":\"https:\\\/\\\/e-motopark.com\\\/en\\\/product\\\/torp-tm25-motor-25kw-for-sur-ron-light-bee\\\/#primaryimage\"},\"thumbnailUrl\":\"https:\\\/\\\/e-motopark.com\\\/wp-content\\\/uploads\\\/2024\\\/05\\\/Torp-TM25-Motor-for-SurRon-Light-Bee.jpg\",\"datePublished\":\"2024-05-29T05:58:05+00:00\",\"dateModified\":\"2025-06-04T17:32:36+00:00\",\"breadcrumb\":{\"@id\":\"https:\\\/\\\/e-motopark.com\\\/en\\\/product\\\/torp-tm25-motor-25kw-for-sur-ron-light-bee\\\/#breadcrumb\"},\"inLanguage\":\"en-US\",\"potentialAction\":[{\"@type\":\"ReadAction\",\"target\":[\"https:\\\/\\\/e-motopark.com\\\/en\\\/product\\\/torp-tm25-motor-25kw-for-sur-ron-light-bee\\\/\"]}]},{\"@type\":\"ImageObject\",\"inLanguage\":\"en-US\",\"@id\":\"https:\\\/\\\/e-motopark.com\\\/en\\\/product\\\/torp-tm25-motor-25kw-for-sur-ron-light-bee\\\/#primaryimage\",\"url\":\"https:\\\/\\\/e-motopark.com\\\/wp-content\\\/uploads\\\/2024\\\/05\\\/Torp-TM25-Motor-for-SurRon-Light-Bee.jpg\",\"contentUrl\":\"https:\\\/\\\/e-motopark.com\\\/wp-content\\\/uploads\\\/2024\\\/05\\\/Torp-TM25-Motor-for-SurRon-Light-Bee.jpg\",\"width\":1187,\"height\":816},{\"@type\":\"BreadcrumbList\",\"@id\":\"https:\\\/\\\/e-motopark.com\\\/en\\\/product\\\/torp-tm25-motor-25kw-for-sur-ron-light-bee\\\/#breadcrumb\",\"itemListElement\":[{\"@type\":\"ListItem\",\"position\":1,\"name\":\"Dom\u016f\",\"item\":\"https:\\\/\\\/e-motopark.com\\\/en\\\/e-moto-park-shop-and-rental-of-electric-motorbikes\\\/\"},{\"@type\":\"ListItem\",\"position\":2,\"name\":\"Shop\",\"item\":\"https:\\\/\\\/e-motopark.com\\\/en\\\/shop\\\/\"},{\"@type\":\"ListItem\",\"position\":3,\"name\":\"TORP TM25 Motor (25kW) for Sur-Ron Light Bee\"}]},{\"@type\":\"WebSite\",\"@id\":\"https:\\\/\\\/e-motopark.com\\\/en\\\/#website\",\"url\":\"https:\\\/\\\/e-motopark.com\\\/en\\\/\",\"name\":\"E-Moto Park\",\"description\":\"Prodejna a p\u016fj\u010dovna elektrick\u00fdch motorek\",\"publisher\":{\"@id\":\"https:\\\/\\\/e-motopark.com\\\/en\\\/#organization\"},\"potentialAction\":[{\"@type\":\"SearchAction\",\"target\":{\"@type\":\"EntryPoint\",\"urlTemplate\":\"https:\\\/\\\/e-motopark.com\\\/en\\\/?s={search_term_string}\"},\"query-input\":{\"@type\":\"PropertyValueSpecification\",\"valueRequired\":true,\"valueName\":\"search_term_string\"}}],\"inLanguage\":\"en-US\"},{\"@type\":\"Organization\",\"@id\":\"https:\\\/\\\/e-motopark.com\\\/en\\\/#organization\",\"name\":\"E-Moto Park\",\"url\":\"https:\\\/\\\/e-motopark.com\\\/en\\\/\",\"logo\":{\"@type\":\"ImageObject\",\"inLanguage\":\"en-US\",\"@id\":\"https:\\\/\\\/e-motopark.com\\\/en\\\/#\\\/schema\\\/logo\\\/image\\\/\",\"url\":\"https:\\\/\\\/e-motopark.com\\\/wp-content\\\/uploads\\\/2023\\\/11\\\/cropped-cropped-E-Moto-Park-logo.png\",\"contentUrl\":\"https:\\\/\\\/e-motopark.com\\\/wp-content\\\/uploads\\\/2023\\\/11\\\/cropped-cropped-E-Moto-Park-logo.png\",\"width\":108,\"height\":50,\"caption\":\"E-Moto Park\"},\"image\":{\"@id\":\"https:\\\/\\\/e-motopark.com\\\/en\\\/#\\\/schema\\\/logo\\\/image\\\/\"},\"sameAs\":[\"https:\\\/\\\/www.facebook.com\\\/EmotoPark\\\/\"]}]}<\/script>\n<!-- \/ Yoast SEO Premium plugin. -->","yoast_head_json":{"title":"TORP TM25 Motor (25kW) for Sur-Ron Light Bee - E-Moto Park","robots":{"index":"index","follow":"follow","max-snippet":"max-snippet:-1","max-image-preview":"max-image-preview:large","max-video-preview":"max-video-preview:-1"},"canonical":"https:\/\/e-motopark.com\/en\/product\/torp-tm25-motor-25kw-for-sur-ron-light-bee\/","og_locale":"en_US","og_type":"article","og_title":"TORP TM25 Motor (25kW) for Sur-Ron Light Bee","og_description":"Description: What makes the TM25 engine unique? Different mounting points allow use with other electric motors Works with Hall sensors and encoder, making it compatible with a variety of controllers It has 3 times less drag compared to the stock Sur-Ron engine. It is compatible with both TC500* and TC1000 controllers. *IMPORTANT: The TM25 motor [&hellip;]","og_url":"https:\/\/e-motopark.com\/en\/product\/torp-tm25-motor-25kw-for-sur-ron-light-bee\/","og_site_name":"E-Moto Park","article_publisher":"https:\/\/www.facebook.com\/EmotoPark\/","article_modified_time":"2025-06-04T17:32:36+00:00","og_image":[{"width":1187,"height":816,"url":"https:\/\/e-motopark.com\/wp-content\/uploads\/2024\/05\/Torp-TM25-Motor-for-SurRon-Light-Bee.jpg","type":"image\/jpeg"}],"twitter_card":"summary_large_image","twitter_misc":{"Est. reading time":"2 minutes"},"schema":{"@context":"https:\/\/schema.org","@graph":[{"@type":["WebPage","ItemPage"],"@id":"https:\/\/e-motopark.com\/en\/product\/torp-tm25-motor-25kw-for-sur-ron-light-bee\/","url":"https:\/\/e-motopark.com\/en\/product\/torp-tm25-motor-25kw-for-sur-ron-light-bee\/","name":"TORP TM25 Motor (25kW) for Sur-Ron Light Bee - E-Moto Park","isPartOf":{"@id":"https:\/\/e-motopark.com\/en\/#website"},"primaryImageOfPage":{"@id":"https:\/\/e-motopark.com\/en\/product\/torp-tm25-motor-25kw-for-sur-ron-light-bee\/#primaryimage"},"image":{"@id":"https:\/\/e-motopark.com\/en\/product\/torp-tm25-motor-25kw-for-sur-ron-light-bee\/#primaryimage"},"thumbnailUrl":"https:\/\/e-motopark.com\/wp-content\/uploads\/2024\/05\/Torp-TM25-Motor-for-SurRon-Light-Bee.jpg","datePublished":"2024-05-29T05:58:05+00:00","dateModified":"2025-06-04T17:32:36+00:00","breadcrumb":{"@id":"https:\/\/e-motopark.com\/en\/product\/torp-tm25-motor-25kw-for-sur-ron-light-bee\/#breadcrumb"},"inLanguage":"en-US","potentialAction":[{"@type":"ReadAction","target":["https:\/\/e-motopark.com\/en\/product\/torp-tm25-motor-25kw-for-sur-ron-light-bee\/"]}]},{"@type":"ImageObject","inLanguage":"en-US","@id":"https:\/\/e-motopark.com\/en\/product\/torp-tm25-motor-25kw-for-sur-ron-light-bee\/#primaryimage","url":"https:\/\/e-motopark.com\/wp-content\/uploads\/2024\/05\/Torp-TM25-Motor-for-SurRon-Light-Bee.jpg","contentUrl":"https:\/\/e-motopark.com\/wp-content\/uploads\/2024\/05\/Torp-TM25-Motor-for-SurRon-Light-Bee.jpg","width":1187,"height":816},{"@type":"BreadcrumbList","@id":"https:\/\/e-motopark.com\/en\/product\/torp-tm25-motor-25kw-for-sur-ron-light-bee\/#breadcrumb","itemListElement":[{"@type":"ListItem","position":1,"name":"Dom\u016f","item":"https:\/\/e-motopark.com\/en\/e-moto-park-shop-and-rental-of-electric-motorbikes\/"},{"@type":"ListItem","position":2,"name":"Shop","item":"https:\/\/e-motopark.com\/en\/shop\/"},{"@type":"ListItem","position":3,"name":"TORP TM25 Motor (25kW) for Sur-Ron Light Bee"}]},{"@type":"WebSite","@id":"https:\/\/e-motopark.com\/en\/#website","url":"https:\/\/e-motopark.com\/en\/","name":"E-Moto Park","description":"Prodejna a p\u016fj\u010dovna elektrick\u00fdch motorek","publisher":{"@id":"https:\/\/e-motopark.com\/en\/#organization"},"potentialAction":[{"@type":"SearchAction","target":{"@type":"EntryPoint","urlTemplate":"https:\/\/e-motopark.com\/en\/?s={search_term_string}"},"query-input":{"@type":"PropertyValueSpecification","valueRequired":true,"valueName":"search_term_string"}}],"inLanguage":"en-US"},{"@type":"Organization","@id":"https:\/\/e-motopark.com\/en\/#organization","name":"E-Moto Park","url":"https:\/\/e-motopark.com\/en\/","logo":{"@type":"ImageObject","inLanguage":"en-US","@id":"https:\/\/e-motopark.com\/en\/#\/schema\/logo\/image\/","url":"https:\/\/e-motopark.com\/wp-content\/uploads\/2023\/11\/cropped-cropped-E-Moto-Park-logo.png","contentUrl":"https:\/\/e-motopark.com\/wp-content\/uploads\/2023\/11\/cropped-cropped-E-Moto-Park-logo.png","width":108,"height":50,"caption":"E-Moto Park"},"image":{"@id":"https:\/\/e-motopark.com\/en\/#\/schema\/logo\/image\/"},"sameAs":["https:\/\/www.facebook.com\/EmotoPark\/"]}]}},"_links":{"self":[{"href":"https:\/\/e-motopark.com\/en\/wp-json\/wp\/v2\/product\/9330","targetHints":{"allow":["GET"]}}],"collection":[{"href":"https:\/\/e-motopark.com\/en\/wp-json\/wp\/v2\/product"}],"about":[{"href":"https:\/\/e-motopark.com\/en\/wp-json\/wp\/v2\/types\/product"}],"wp:featuredmedia":[{"embeddable":true,"href":"https:\/\/e-motopark.com\/en\/wp-json\/wp\/v2\/media\/7756"}],"wp:attachment":[{"href":"https:\/\/e-motopark.com\/en\/wp-json\/wp\/v2\/media?parent=9330"}],"wp:term":[{"taxonomy":"product_brand","embeddable":true,"href":"https:\/\/e-motopark.com\/en\/wp-json\/wp\/v2\/product_brand?post=9330"},{"taxonomy":"product_cat","embeddable":true,"href":"https:\/\/e-motopark.com\/en\/wp-json\/wp\/v2\/product_cat?post=9330"},{"taxonomy":"product_tag","embeddable":true,"href":"https:\/\/e-motopark.com\/en\/wp-json\/wp\/v2\/product_tag?post=9330"},{"taxonomy":"emoto_spec_group","embeddable":true,"href":"https:\/\/e-motopark.com\/en\/wp-json\/wp\/v2\/emoto_spec_group?post=9330"}],"curies":[{"name":"wp","href":"https:\/\/api.w.org\/{rel}","templated":true}]}}