{"id":9333,"date":"2024-05-29T07:33:17","date_gmt":"2024-05-29T05:33:17","guid":{"rendered":"https:\/\/e-motopark.com\/produkt\/torp-tc1000-kontroler-50kw-kit-pro-sur-ron-light-bee\/"},"modified":"2025-08-08T08:36:41","modified_gmt":"2025-08-08T06:36:41","slug":"torp-tc1000-kontroler-50kw-kit-pro-sur-ron-light-bee","status":"publish","type":"product","link":"https:\/\/e-motopark.com\/en\/product\/torp-tc1000-kontroler-50kw-kit-pro-sur-ron-light-bee\/","title":{"rendered":"TORP TC1000 kontroler (50kW) kit pro Sur-Ron Light Bee"},"content":{"rendered":"<h3><strong>Popis:<\/strong><\/h3>\n<ul>\n<li>\u0158\u00eddic\u00ed jednotka Plug&amp;Play, kter\u00e1 zv\u00fd\u0161\u00ed v\u00fdkon va\u0161\u00ed elektro motorky Sur-Ron Light Bee\/Segway X260 a\u017e na 17 kW. Pokud jej sp\u00e1rujete s motorem TM25, z\u00edsk\u00e1te \u010dist\u00fd v\u00fdkon 25 kW.<\/li>\n<li>Rychl\u00e1 a snadn\u00e1 instalace a intuitivn\u00ed nastaven\u00ed prost\u0159ednictv\u00edm mobiln\u00ed aplikace.<\/li>\n<\/ul>\n<h3>SOU\u010c\u00c1ST\u00cd BALEN\u00cd:<\/h3>\n<ul>\n<li>1x \u0159\u00eddic\u00ed jednotka TC1000<\/li>\n<li>1x kabelov\u00fd svazek<\/li>\n<li>1x plastov\u00fd kryt<\/li>\n<li>\u0161rouby a n\u00e1stroje pot\u0159ebn\u00e9 k instalaci<\/li>\n<li>4x samolepky<\/li>\n<li>kr\u00e1tk\u00fd n\u00e1vod<\/li>\n<\/ul>\n<h3>SPECIFIKACE:<\/h3>\n<ul>\n<li>ovl\u00e1d\u00e1n\u00ed orientovan\u00e9 na pole (FOC)<\/li>\n<li>Podporovan\u00e9 baterie: a\u017e 80V nomin\u00e1ln\u00ed 22S (92,4 V pln\u011b nabit\u00e9)<\/li>\n<li>Maxim\u00e1ln\u00ed v\u00fdkon: 50 kW*<\/li>\n<li>Senzorov\u00e9 (HALL Encoder) a bezsenzorov\u00e9 \u0159\u00edzen\u00ed<\/li>\n<li>Maxim\u00e1ln\u00ed proud baterie: 700 A<\/li>\n<li>Max. f\u00e1zov\u00fd proud: 1000 A*<\/li>\n<\/ul>\n<p>*Max. v\u00fdkon se s\u00e9riov\u00fdm motorem Sur-Ron Light Bee je 17 kW (max. 500 PA). Maxim\u00e1ln\u00ed v\u00fdkon s motorem TM25 je 25 kW (max. 700 PA).<\/p>\n<ul>\n<li>\u00da\u010dinnost a\u017e 99 %<\/li>\n<li>Pracovn\u00ed teplota: od -15 do 75 C\u00b0.<\/li>\n<li>Komunikace p\u0159es Bluetooth<\/li>\n<li>P\u0159edkalibrov\u00e1no: \u017d\u00e1dn\u00e9 dal\u0161\u00ed kroky nejsou nutn\u00e9<\/li>\n<li>Ochrana proti nadproudu, p\u0159ep\u011bt\u00ed, podp\u011bt\u00ed a p\u0159eh\u0159\u00e1t\u00ed<\/li>\n<li>Komunikace se skladovou BMS<\/li>\n<li>R\u016fzn\u00e9 re\u017eimy rekupera\u010dn\u00edho brzd\u011bn\u00ed a \u0161krtic\u00ed klapky<\/li>\n<li>Hmotnost: 1,3 kg<\/li>\n<li>Vlastnosti: &#8211; V\u00e1ha: 1,5 kg, &#8211; V\u00e1ha: 1,5 kg: Mobiln\u00ed aplikace (IOS a Android), stock SurRon displej<\/li>\n<li>T\u0159\u00edda ochrany: IP67<\/li>\n<li>Pravideln\u00e9 aktualizace firmwaru<\/li>\n<\/ul>\n","protected":false},"excerpt":{"rendered":"<p>Popis: \u0158\u00eddic\u00ed jednotka Plug&amp;Play, kter\u00e1 zv\u00fd\u0161\u00ed v\u00fdkon va\u0161\u00ed elektro motorky Sur-Ron Light Bee\/Segway X260 a\u017e na 17 kW. Pokud jej sp\u00e1rujete s motorem TM25, z\u00edsk\u00e1te \u010dist\u00fd v\u00fdkon 25 kW. Rychl\u00e1 a snadn\u00e1 instalace a intuitivn\u00ed nastaven\u00ed prost\u0159ednictv\u00edm mobiln\u00ed aplikace. SOU\u010c\u00c1ST\u00cd BALEN\u00cd: 1x \u0159\u00eddic\u00ed jednotka TC1000 1x kabelov\u00fd svazek 1x plastov\u00fd kryt \u0161rouby a n\u00e1stroje pot\u0159ebn\u00e9 [&hellip;]<\/p>\n","protected":false},"featured_media":7743,"template":"","meta":{"from_xml":"","manufacturer_code":"","emoto_stock":""},"product_brand":[],"product_cat":[1672],"product_tag":[],"emoto_spec_group":[],"class_list":{"0":"post-9333","1":"product","2":"type-product","3":"status-publish","4":"has-post-thumbnail","6":"product_cat-batteries-controllers-motors","8":"first","9":"outofstock","10":"taxable","11":"shipping-taxable","12":"purchasable","13":"product-type-simple"},"exclude_global_add_ons":false,"addons":[{"name":"Platba p\u0159edem","type":"heading","position":0,"required":false,"title_format":"label","description_enable":true,"description":"Pro TORP komponenty plat\u00ed pouze platba p\u0159edem na n\u00e1\u0161 bankovn\u00ed \u00fa\u010det.\r\nV ko\u0161\u00edku zvolte platba bankovn\u00edm p\u0159evodem, obratem V\u00e1m na email za\u0161leme fakturu s QR k\u00f3dem.\r\nDod\u00e1n\u00ed cca 5-7 dn\u00ed.","placeholder_enable":false,"placeholder":"","display":"select","restrictions_type":"any_text","adjust_price":false,"price":"","price_type":"flat_fee","restrictions":false,"min":0,"max":0,"options":[],"id":1716971454}],"yoast_head":"<!-- This site is optimized with the Yoast SEO Premium plugin v27.4 (Yoast SEO v27.5) - https:\/\/yoast.com\/product\/yoast-seo-premium-wordpress\/ -->\n<title>TORP TC1000 kontroler (50kW) kit pro Sur-Ron Light Bee - E-Moto Park<\/title>\n<meta name=\"robots\" content=\"index, follow, max-snippet:-1, max-image-preview:large, max-video-preview:-1\" \/>\n<link rel=\"canonical\" href=\"https:\/\/e-motopark.com\/en\/product\/torp-tc1000-kontroler-50kw-kit-pro-sur-ron-light-bee\/\" \/>\n<meta property=\"og:locale\" content=\"en_US\" \/>\n<meta property=\"og:type\" content=\"article\" \/>\n<meta property=\"og:title\" content=\"TORP TC1000 kontroler (50kW) kit pro Sur-Ron Light Bee\" \/>\n<meta property=\"og:description\" content=\"Popis: \u0158\u00eddic\u00ed jednotka Plug&amp;Play, kter\u00e1 zv\u00fd\u0161\u00ed v\u00fdkon va\u0161\u00ed elektro motorky Sur-Ron Light Bee\/Segway X260 a\u017e na 17 kW. Pokud jej sp\u00e1rujete s motorem TM25, z\u00edsk\u00e1te \u010dist\u00fd v\u00fdkon 25 kW. Rychl\u00e1 a snadn\u00e1 instalace a intuitivn\u00ed nastaven\u00ed prost\u0159ednictv\u00edm mobiln\u00ed aplikace. SOU\u010c\u00c1ST\u00cd BALEN\u00cd: 1x \u0159\u00eddic\u00ed jednotka TC1000 1x kabelov\u00fd svazek 1x plastov\u00fd kryt \u0161rouby a n\u00e1stroje pot\u0159ebn\u00e9 [&hellip;]\" \/>\n<meta property=\"og:url\" content=\"https:\/\/e-motopark.com\/en\/product\/torp-tc1000-kontroler-50kw-kit-pro-sur-ron-light-bee\/\" \/>\n<meta property=\"og:site_name\" content=\"E-Moto Park\" \/>\n<meta property=\"article:publisher\" content=\"https:\/\/www.facebook.com\/EmotoPark\/\" \/>\n<meta property=\"article:modified_time\" content=\"2025-08-08T06:36:41+00:00\" \/>\n<meta property=\"og:image\" content=\"https:\/\/e-motopark.com\/wp-content\/uploads\/2024\/05\/TC1000-controller-kit-for-SurRon-Light-Bee-or-TM25-motor-2.jpg\" \/>\n\t<meta property=\"og:image:width\" content=\"1100\" \/>\n\t<meta property=\"og:image:height\" content=\"823\" \/>\n\t<meta property=\"og:image:type\" content=\"image\/jpeg\" \/>\n<meta name=\"twitter:card\" content=\"summary_large_image\" \/>\n<meta name=\"twitter:label1\" content=\"Est. reading time\" \/>\n\t<meta name=\"twitter:data1\" content=\"2 minutes\" \/>\n<script type=\"application\/ld+json\" class=\"yoast-schema-graph\">{\"@context\":\"https:\\\/\\\/schema.org\",\"@graph\":[{\"@type\":[\"WebPage\",\"ItemPage\"],\"@id\":\"https:\\\/\\\/e-motopark.com\\\/en\\\/product\\\/torp-tc1000-kontroler-50kw-kit-pro-sur-ron-light-bee\\\/\",\"url\":\"https:\\\/\\\/e-motopark.com\\\/en\\\/product\\\/torp-tc1000-kontroler-50kw-kit-pro-sur-ron-light-bee\\\/\",\"name\":\"TORP TC1000 kontroler (50kW) kit pro Sur-Ron Light Bee - E-Moto Park\",\"isPartOf\":{\"@id\":\"https:\\\/\\\/e-motopark.com\\\/en\\\/#website\"},\"primaryImageOfPage\":{\"@id\":\"https:\\\/\\\/e-motopark.com\\\/en\\\/product\\\/torp-tc1000-kontroler-50kw-kit-pro-sur-ron-light-bee\\\/#primaryimage\"},\"image\":{\"@id\":\"https:\\\/\\\/e-motopark.com\\\/en\\\/product\\\/torp-tc1000-kontroler-50kw-kit-pro-sur-ron-light-bee\\\/#primaryimage\"},\"thumbnailUrl\":\"https:\\\/\\\/e-motopark.com\\\/wp-content\\\/uploads\\\/2024\\\/05\\\/TC1000-controller-kit-for-SurRon-Light-Bee-or-TM25-motor-2.jpg\",\"datePublished\":\"2024-05-29T05:33:17+00:00\",\"dateModified\":\"2025-08-08T06:36:41+00:00\",\"breadcrumb\":{\"@id\":\"https:\\\/\\\/e-motopark.com\\\/en\\\/product\\\/torp-tc1000-kontroler-50kw-kit-pro-sur-ron-light-bee\\\/#breadcrumb\"},\"inLanguage\":\"en-US\",\"potentialAction\":[{\"@type\":\"ReadAction\",\"target\":[\"https:\\\/\\\/e-motopark.com\\\/en\\\/product\\\/torp-tc1000-kontroler-50kw-kit-pro-sur-ron-light-bee\\\/\"]}]},{\"@type\":\"ImageObject\",\"inLanguage\":\"en-US\",\"@id\":\"https:\\\/\\\/e-motopark.com\\\/en\\\/product\\\/torp-tc1000-kontroler-50kw-kit-pro-sur-ron-light-bee\\\/#primaryimage\",\"url\":\"https:\\\/\\\/e-motopark.com\\\/wp-content\\\/uploads\\\/2024\\\/05\\\/TC1000-controller-kit-for-SurRon-Light-Bee-or-TM25-motor-2.jpg\",\"contentUrl\":\"https:\\\/\\\/e-motopark.com\\\/wp-content\\\/uploads\\\/2024\\\/05\\\/TC1000-controller-kit-for-SurRon-Light-Bee-or-TM25-motor-2.jpg\",\"width\":1100,\"height\":823},{\"@type\":\"BreadcrumbList\",\"@id\":\"https:\\\/\\\/e-motopark.com\\\/en\\\/product\\\/torp-tc1000-kontroler-50kw-kit-pro-sur-ron-light-bee\\\/#breadcrumb\",\"itemListElement\":[{\"@type\":\"ListItem\",\"position\":1,\"name\":\"Dom\u016f\",\"item\":\"https:\\\/\\\/e-motopark.com\\\/en\\\/e-moto-park-shop-and-rental-of-electric-motorbikes\\\/\"},{\"@type\":\"ListItem\",\"position\":2,\"name\":\"Shop\",\"item\":\"https:\\\/\\\/e-motopark.com\\\/en\\\/shop\\\/\"},{\"@type\":\"ListItem\",\"position\":3,\"name\":\"TORP TC1000 kontroler (50kW) kit pro Sur-Ron Light Bee\"}]},{\"@type\":\"WebSite\",\"@id\":\"https:\\\/\\\/e-motopark.com\\\/en\\\/#website\",\"url\":\"https:\\\/\\\/e-motopark.com\\\/en\\\/\",\"name\":\"E-Moto Park\",\"description\":\"Prodejna a p\u016fj\u010dovna elektrick\u00fdch motorek\",\"publisher\":{\"@id\":\"https:\\\/\\\/e-motopark.com\\\/en\\\/#organization\"},\"potentialAction\":[{\"@type\":\"SearchAction\",\"target\":{\"@type\":\"EntryPoint\",\"urlTemplate\":\"https:\\\/\\\/e-motopark.com\\\/en\\\/?s={search_term_string}\"},\"query-input\":{\"@type\":\"PropertyValueSpecification\",\"valueRequired\":true,\"valueName\":\"search_term_string\"}}],\"inLanguage\":\"en-US\"},{\"@type\":\"Organization\",\"@id\":\"https:\\\/\\\/e-motopark.com\\\/en\\\/#organization\",\"name\":\"E-Moto Park\",\"url\":\"https:\\\/\\\/e-motopark.com\\\/en\\\/\",\"logo\":{\"@type\":\"ImageObject\",\"inLanguage\":\"en-US\",\"@id\":\"https:\\\/\\\/e-motopark.com\\\/en\\\/#\\\/schema\\\/logo\\\/image\\\/\",\"url\":\"https:\\\/\\\/e-motopark.com\\\/wp-content\\\/uploads\\\/2023\\\/11\\\/cropped-cropped-E-Moto-Park-logo.png\",\"contentUrl\":\"https:\\\/\\\/e-motopark.com\\\/wp-content\\\/uploads\\\/2023\\\/11\\\/cropped-cropped-E-Moto-Park-logo.png\",\"width\":108,\"height\":50,\"caption\":\"E-Moto Park\"},\"image\":{\"@id\":\"https:\\\/\\\/e-motopark.com\\\/en\\\/#\\\/schema\\\/logo\\\/image\\\/\"},\"sameAs\":[\"https:\\\/\\\/www.facebook.com\\\/EmotoPark\\\/\"]}]}<\/script>\n<!-- \/ Yoast SEO Premium plugin. -->","yoast_head_json":{"title":"TORP TC1000 kontroler (50kW) kit pro Sur-Ron Light Bee - E-Moto Park","robots":{"index":"index","follow":"follow","max-snippet":"max-snippet:-1","max-image-preview":"max-image-preview:large","max-video-preview":"max-video-preview:-1"},"canonical":"https:\/\/e-motopark.com\/en\/product\/torp-tc1000-kontroler-50kw-kit-pro-sur-ron-light-bee\/","og_locale":"en_US","og_type":"article","og_title":"TORP TC1000 kontroler (50kW) kit pro Sur-Ron Light Bee","og_description":"Popis: \u0158\u00eddic\u00ed jednotka Plug&amp;Play, kter\u00e1 zv\u00fd\u0161\u00ed v\u00fdkon va\u0161\u00ed elektro motorky Sur-Ron Light Bee\/Segway X260 a\u017e na 17 kW. Pokud jej sp\u00e1rujete s motorem TM25, z\u00edsk\u00e1te \u010dist\u00fd v\u00fdkon 25 kW. Rychl\u00e1 a snadn\u00e1 instalace a intuitivn\u00ed nastaven\u00ed prost\u0159ednictv\u00edm mobiln\u00ed aplikace. SOU\u010c\u00c1ST\u00cd BALEN\u00cd: 1x \u0159\u00eddic\u00ed jednotka TC1000 1x kabelov\u00fd svazek 1x plastov\u00fd kryt \u0161rouby a n\u00e1stroje pot\u0159ebn\u00e9 [&hellip;]","og_url":"https:\/\/e-motopark.com\/en\/product\/torp-tc1000-kontroler-50kw-kit-pro-sur-ron-light-bee\/","og_site_name":"E-Moto Park","article_publisher":"https:\/\/www.facebook.com\/EmotoPark\/","article_modified_time":"2025-08-08T06:36:41+00:00","og_image":[{"width":1100,"height":823,"url":"https:\/\/e-motopark.com\/wp-content\/uploads\/2024\/05\/TC1000-controller-kit-for-SurRon-Light-Bee-or-TM25-motor-2.jpg","type":"image\/jpeg"}],"twitter_card":"summary_large_image","twitter_misc":{"Est. reading time":"2 minutes"},"schema":{"@context":"https:\/\/schema.org","@graph":[{"@type":["WebPage","ItemPage"],"@id":"https:\/\/e-motopark.com\/en\/product\/torp-tc1000-kontroler-50kw-kit-pro-sur-ron-light-bee\/","url":"https:\/\/e-motopark.com\/en\/product\/torp-tc1000-kontroler-50kw-kit-pro-sur-ron-light-bee\/","name":"TORP TC1000 kontroler (50kW) kit pro Sur-Ron Light Bee - E-Moto Park","isPartOf":{"@id":"https:\/\/e-motopark.com\/en\/#website"},"primaryImageOfPage":{"@id":"https:\/\/e-motopark.com\/en\/product\/torp-tc1000-kontroler-50kw-kit-pro-sur-ron-light-bee\/#primaryimage"},"image":{"@id":"https:\/\/e-motopark.com\/en\/product\/torp-tc1000-kontroler-50kw-kit-pro-sur-ron-light-bee\/#primaryimage"},"thumbnailUrl":"https:\/\/e-motopark.com\/wp-content\/uploads\/2024\/05\/TC1000-controller-kit-for-SurRon-Light-Bee-or-TM25-motor-2.jpg","datePublished":"2024-05-29T05:33:17+00:00","dateModified":"2025-08-08T06:36:41+00:00","breadcrumb":{"@id":"https:\/\/e-motopark.com\/en\/product\/torp-tc1000-kontroler-50kw-kit-pro-sur-ron-light-bee\/#breadcrumb"},"inLanguage":"en-US","potentialAction":[{"@type":"ReadAction","target":["https:\/\/e-motopark.com\/en\/product\/torp-tc1000-kontroler-50kw-kit-pro-sur-ron-light-bee\/"]}]},{"@type":"ImageObject","inLanguage":"en-US","@id":"https:\/\/e-motopark.com\/en\/product\/torp-tc1000-kontroler-50kw-kit-pro-sur-ron-light-bee\/#primaryimage","url":"https:\/\/e-motopark.com\/wp-content\/uploads\/2024\/05\/TC1000-controller-kit-for-SurRon-Light-Bee-or-TM25-motor-2.jpg","contentUrl":"https:\/\/e-motopark.com\/wp-content\/uploads\/2024\/05\/TC1000-controller-kit-for-SurRon-Light-Bee-or-TM25-motor-2.jpg","width":1100,"height":823},{"@type":"BreadcrumbList","@id":"https:\/\/e-motopark.com\/en\/product\/torp-tc1000-kontroler-50kw-kit-pro-sur-ron-light-bee\/#breadcrumb","itemListElement":[{"@type":"ListItem","position":1,"name":"Dom\u016f","item":"https:\/\/e-motopark.com\/en\/e-moto-park-shop-and-rental-of-electric-motorbikes\/"},{"@type":"ListItem","position":2,"name":"Shop","item":"https:\/\/e-motopark.com\/en\/shop\/"},{"@type":"ListItem","position":3,"name":"TORP TC1000 kontroler (50kW) kit pro Sur-Ron Light Bee"}]},{"@type":"WebSite","@id":"https:\/\/e-motopark.com\/en\/#website","url":"https:\/\/e-motopark.com\/en\/","name":"E-Moto Park","description":"Prodejna a p\u016fj\u010dovna elektrick\u00fdch motorek","publisher":{"@id":"https:\/\/e-motopark.com\/en\/#organization"},"potentialAction":[{"@type":"SearchAction","target":{"@type":"EntryPoint","urlTemplate":"https:\/\/e-motopark.com\/en\/?s={search_term_string}"},"query-input":{"@type":"PropertyValueSpecification","valueRequired":true,"valueName":"search_term_string"}}],"inLanguage":"en-US"},{"@type":"Organization","@id":"https:\/\/e-motopark.com\/en\/#organization","name":"E-Moto Park","url":"https:\/\/e-motopark.com\/en\/","logo":{"@type":"ImageObject","inLanguage":"en-US","@id":"https:\/\/e-motopark.com\/en\/#\/schema\/logo\/image\/","url":"https:\/\/e-motopark.com\/wp-content\/uploads\/2023\/11\/cropped-cropped-E-Moto-Park-logo.png","contentUrl":"https:\/\/e-motopark.com\/wp-content\/uploads\/2023\/11\/cropped-cropped-E-Moto-Park-logo.png","width":108,"height":50,"caption":"E-Moto Park"},"image":{"@id":"https:\/\/e-motopark.com\/en\/#\/schema\/logo\/image\/"},"sameAs":["https:\/\/www.facebook.com\/EmotoPark\/"]}]}},"_links":{"self":[{"href":"https:\/\/e-motopark.com\/en\/wp-json\/wp\/v2\/product\/9333","targetHints":{"allow":["GET"]}}],"collection":[{"href":"https:\/\/e-motopark.com\/en\/wp-json\/wp\/v2\/product"}],"about":[{"href":"https:\/\/e-motopark.com\/en\/wp-json\/wp\/v2\/types\/product"}],"wp:featuredmedia":[{"embeddable":true,"href":"https:\/\/e-motopark.com\/en\/wp-json\/wp\/v2\/media\/7743"}],"wp:attachment":[{"href":"https:\/\/e-motopark.com\/en\/wp-json\/wp\/v2\/media?parent=9333"}],"wp:term":[{"taxonomy":"product_brand","embeddable":true,"href":"https:\/\/e-motopark.com\/en\/wp-json\/wp\/v2\/product_brand?post=9333"},{"taxonomy":"product_cat","embeddable":true,"href":"https:\/\/e-motopark.com\/en\/wp-json\/wp\/v2\/product_cat?post=9333"},{"taxonomy":"product_tag","embeddable":true,"href":"https:\/\/e-motopark.com\/en\/wp-json\/wp\/v2\/product_tag?post=9333"},{"taxonomy":"emoto_spec_group","embeddable":true,"href":"https:\/\/e-motopark.com\/en\/wp-json\/wp\/v2\/emoto_spec_group?post=9333"}],"curies":[{"name":"wp","href":"https:\/\/api.w.org\/{rel}","templated":true}]}}