{"id":9334,"date":"2024-05-29T07:26:10","date_gmt":"2024-05-29T05:26:10","guid":{"rendered":"https:\/\/e-motopark.com\/produkt\/torp-tc500-kontroler-25kw-kit-for-talaria-mx3-mx4-sting-r\/"},"modified":"2025-06-04T19:33:41","modified_gmt":"2025-06-04T17:33:41","slug":"torp-tc500-controller-25kw-kit-for-talaria-mx3-mx4-sting-r","status":"publish","type":"product","link":"https:\/\/e-motopark.com\/en\/product\/torp-tc500-controller-25kw-kit-for-talaria-mx3-mx4-sting-r\/","title":{"rendered":"TORP TC500 controller (25kW) kit for Talaria MX3 \/ MX4 \/ Sting R"},"content":{"rendered":"<h3><strong>Description:<\/strong><\/h3>\n<ul>\n<li>Increase the performance of your Talaria MX3 \/ MX4 with the TC500 controller.<\/li>\n<li>The maximum power output with the standard battery is 11.5 kW for the Talaria MX4 and 8 kW for the MX3.<\/li>\n<li>Compatible with stock Talaria batteries and aftermarket batteries (60V and 72V). Easy installation and even easier setup to your preferences with the Torp! <\/li>\n<\/ul>\n<h3>INCLUDED:<\/h3>\n<ul>\n<li>1x TC500 control unit<\/li>\n<li>1x cable harness<\/li>\n<li>1x plastic shield<\/li>\n<li>screws and tools needed for installation<\/li>\n<li>4x stickers<\/li>\n<li>short instructions<\/li>\n<\/ul>\n<h3>SPECIFICATIONS:<\/h3>\n<ul>\n<li>Field Oriented Control (FOC)<\/li>\n<li>Voltage 20-90 V<\/li>\n<li>Maximum power: 25 kW*<\/li>\n<li>Sensor (HALL Encoder) and sensorless steering<\/li>\n<li>Maximum battery current: 350 A<\/li>\n<\/ul>\n<p>*In combination with the standard Talaria MX3 \/ MX4 e-motor and the aftermarket 72V battery, the maximum power output is 18 kW.<\/p>\n<p>Important: Currently, the controller CANNOT communicate with the Talaria serial battery manufactured by SCUD. Please read before purchasing. Other controller functions are unaffected.  <\/p>\n<ul>\n<li>Maximum phase current: 500 A<\/li>\n<li>Efficiency up to 99%<\/li>\n<li>Operating temperature: from -15 to 75 C\u00b0<\/li>\n<li>Communication via Bluetooth<\/li>\n<li>Pre-calibrated: No further steps required<\/li>\n<li>Protection against overcurrent, overvoltage, undervoltage and overheating<\/li>\n<li>Communication with warehouse BMS<\/li>\n<li>Different regenerative braking and throttle modes<\/li>\n<li>Weight: 1 kg<\/li>\n<li>Features: &#8211; Weight: 1,5 kg, &#8211; Weight: 1,5 kg: Mobile app (IOS and Android), stock Talaria display<\/li>\n<li>Protection class: IP67<\/li>\n<li>Regular firmware updates<\/li>\n<\/ul>\n","protected":false},"excerpt":{"rendered":"<p>Description: Increase the performance of your Talaria MX3 \/ MX4 with the TC500 controller. The maximum power output with the standard battery is 11.5 kW for the Talaria MX4 and 8 kW for the MX3. Compatible with stock Talaria batteries and aftermarket batteries (60V and 72V). Easy installation and even easier setup to your preferences [&hellip;]<\/p>\n","protected":false},"featured_media":7740,"template":"","meta":{"from_xml":"","manufacturer_code":"","emoto_stock":""},"product_brand":[],"product_cat":[1700],"product_tag":[],"emoto_spec_group":[],"class_list":{"0":"post-9334","1":"product","2":"type-product","3":"status-publish","4":"has-post-thumbnail","6":"product_cat-batteries-controllers-motors-talaria-sting-en","8":"first","9":"outofstock","10":"taxable","11":"shipping-taxable","12":"purchasable","13":"product-type-simple"},"exclude_global_add_ons":false,"addons":[{"name":"Payment in advance","type":"heading","position":0,"required":false,"title_format":"label","description_enable":true,"description":"For TORP components, only payment in advance to our bank account is valid.\nIn the basket, select payment by bank transfer, we will send you an invoice with a QR code by email.\nDelivery approx. 5-7 days.","placeholder_enable":false,"placeholder":null,"display":"select","restrictions_type":"any_text","adjust_price":false,"price":"","price_type":"flat_fee","restrictions":false,"min":0,"max":0,"options":[],"id":1716971437}],"yoast_head":"<!-- This site is optimized with the Yoast SEO Premium plugin v27.4 (Yoast SEO v27.5) - https:\/\/yoast.com\/product\/yoast-seo-premium-wordpress\/ -->\n<title>TORP TC500 controller (25kW) kit for Talaria MX3 \/ MX4 \/ Sting R - E-Moto Park<\/title>\n<meta name=\"robots\" content=\"index, follow, max-snippet:-1, max-image-preview:large, max-video-preview:-1\" \/>\n<link rel=\"canonical\" href=\"https:\/\/e-motopark.com\/en\/product\/torp-tc500-controller-25kw-kit-for-talaria-mx3-mx4-sting-r\/\" \/>\n<meta property=\"og:locale\" content=\"en_US\" \/>\n<meta property=\"og:type\" content=\"article\" \/>\n<meta property=\"og:title\" content=\"TORP TC500 controller (25kW) kit for Talaria MX3 \/ MX4 \/ Sting R\" \/>\n<meta property=\"og:description\" content=\"Description: Increase the performance of your Talaria MX3 \/ MX4 with the TC500 controller. The maximum power output with the standard battery is 11.5 kW for the Talaria MX4 and 8 kW for the MX3. Compatible with stock Talaria batteries and aftermarket batteries (60V and 72V). Easy installation and even easier setup to your preferences [&hellip;]\" \/>\n<meta property=\"og:url\" content=\"https:\/\/e-motopark.com\/en\/product\/torp-tc500-controller-25kw-kit-for-talaria-mx3-mx4-sting-r\/\" \/>\n<meta property=\"og:site_name\" content=\"E-Moto Park\" \/>\n<meta property=\"article:publisher\" content=\"https:\/\/www.facebook.com\/EmotoPark\/\" \/>\n<meta property=\"article:modified_time\" content=\"2025-06-04T17:33:41+00:00\" \/>\n<meta property=\"og:image\" content=\"https:\/\/e-motopark.com\/wp-content\/uploads\/2024\/05\/TC500-controller-kit-for-Talaria-MX3-MX4-Sting-R-1.jpg\" \/>\n\t<meta property=\"og:image:width\" content=\"1105\" \/>\n\t<meta property=\"og:image:height\" content=\"820\" \/>\n\t<meta property=\"og:image:type\" content=\"image\/jpeg\" \/>\n<meta name=\"twitter:card\" content=\"summary_large_image\" \/>\n<meta name=\"twitter:label1\" content=\"Est. reading time\" \/>\n\t<meta name=\"twitter:data1\" content=\"2 minutes\" \/>\n<script type=\"application\/ld+json\" class=\"yoast-schema-graph\">{\"@context\":\"https:\\\/\\\/schema.org\",\"@graph\":[{\"@type\":[\"WebPage\",\"ItemPage\"],\"@id\":\"https:\\\/\\\/e-motopark.com\\\/en\\\/product\\\/torp-tc500-controller-25kw-kit-for-talaria-mx3-mx4-sting-r\\\/\",\"url\":\"https:\\\/\\\/e-motopark.com\\\/en\\\/product\\\/torp-tc500-controller-25kw-kit-for-talaria-mx3-mx4-sting-r\\\/\",\"name\":\"TORP TC500 controller (25kW) kit for Talaria MX3 \\\/ MX4 \\\/ Sting R - E-Moto Park\",\"isPartOf\":{\"@id\":\"https:\\\/\\\/e-motopark.com\\\/en\\\/#website\"},\"primaryImageOfPage\":{\"@id\":\"https:\\\/\\\/e-motopark.com\\\/en\\\/product\\\/torp-tc500-controller-25kw-kit-for-talaria-mx3-mx4-sting-r\\\/#primaryimage\"},\"image\":{\"@id\":\"https:\\\/\\\/e-motopark.com\\\/en\\\/product\\\/torp-tc500-controller-25kw-kit-for-talaria-mx3-mx4-sting-r\\\/#primaryimage\"},\"thumbnailUrl\":\"https:\\\/\\\/e-motopark.com\\\/wp-content\\\/uploads\\\/2024\\\/05\\\/TC500-controller-kit-for-Talaria-MX3-MX4-Sting-R-1.jpg\",\"datePublished\":\"2024-05-29T05:26:10+00:00\",\"dateModified\":\"2025-06-04T17:33:41+00:00\",\"breadcrumb\":{\"@id\":\"https:\\\/\\\/e-motopark.com\\\/en\\\/product\\\/torp-tc500-controller-25kw-kit-for-talaria-mx3-mx4-sting-r\\\/#breadcrumb\"},\"inLanguage\":\"en-US\",\"potentialAction\":[{\"@type\":\"ReadAction\",\"target\":[\"https:\\\/\\\/e-motopark.com\\\/en\\\/product\\\/torp-tc500-controller-25kw-kit-for-talaria-mx3-mx4-sting-r\\\/\"]}]},{\"@type\":\"ImageObject\",\"inLanguage\":\"en-US\",\"@id\":\"https:\\\/\\\/e-motopark.com\\\/en\\\/product\\\/torp-tc500-controller-25kw-kit-for-talaria-mx3-mx4-sting-r\\\/#primaryimage\",\"url\":\"https:\\\/\\\/e-motopark.com\\\/wp-content\\\/uploads\\\/2024\\\/05\\\/TC500-controller-kit-for-Talaria-MX3-MX4-Sting-R-1.jpg\",\"contentUrl\":\"https:\\\/\\\/e-motopark.com\\\/wp-content\\\/uploads\\\/2024\\\/05\\\/TC500-controller-kit-for-Talaria-MX3-MX4-Sting-R-1.jpg\",\"width\":1105,\"height\":820},{\"@type\":\"BreadcrumbList\",\"@id\":\"https:\\\/\\\/e-motopark.com\\\/en\\\/product\\\/torp-tc500-controller-25kw-kit-for-talaria-mx3-mx4-sting-r\\\/#breadcrumb\",\"itemListElement\":[{\"@type\":\"ListItem\",\"position\":1,\"name\":\"Dom\u016f\",\"item\":\"https:\\\/\\\/e-motopark.com\\\/en\\\/e-moto-park-shop-and-rental-of-electric-motorbikes\\\/\"},{\"@type\":\"ListItem\",\"position\":2,\"name\":\"Shop\",\"item\":\"https:\\\/\\\/e-motopark.com\\\/en\\\/shop\\\/\"},{\"@type\":\"ListItem\",\"position\":3,\"name\":\"TORP TC500 controller (25kW) kit for Talaria MX3 \\\/ MX4 \\\/ Sting R\"}]},{\"@type\":\"WebSite\",\"@id\":\"https:\\\/\\\/e-motopark.com\\\/en\\\/#website\",\"url\":\"https:\\\/\\\/e-motopark.com\\\/en\\\/\",\"name\":\"E-Moto Park\",\"description\":\"Prodejna a p\u016fj\u010dovna elektrick\u00fdch motorek\",\"publisher\":{\"@id\":\"https:\\\/\\\/e-motopark.com\\\/en\\\/#organization\"},\"potentialAction\":[{\"@type\":\"SearchAction\",\"target\":{\"@type\":\"EntryPoint\",\"urlTemplate\":\"https:\\\/\\\/e-motopark.com\\\/en\\\/?s={search_term_string}\"},\"query-input\":{\"@type\":\"PropertyValueSpecification\",\"valueRequired\":true,\"valueName\":\"search_term_string\"}}],\"inLanguage\":\"en-US\"},{\"@type\":\"Organization\",\"@id\":\"https:\\\/\\\/e-motopark.com\\\/en\\\/#organization\",\"name\":\"E-Moto Park\",\"url\":\"https:\\\/\\\/e-motopark.com\\\/en\\\/\",\"logo\":{\"@type\":\"ImageObject\",\"inLanguage\":\"en-US\",\"@id\":\"https:\\\/\\\/e-motopark.com\\\/en\\\/#\\\/schema\\\/logo\\\/image\\\/\",\"url\":\"https:\\\/\\\/e-motopark.com\\\/wp-content\\\/uploads\\\/2023\\\/11\\\/cropped-cropped-E-Moto-Park-logo.png\",\"contentUrl\":\"https:\\\/\\\/e-motopark.com\\\/wp-content\\\/uploads\\\/2023\\\/11\\\/cropped-cropped-E-Moto-Park-logo.png\",\"width\":108,\"height\":50,\"caption\":\"E-Moto Park\"},\"image\":{\"@id\":\"https:\\\/\\\/e-motopark.com\\\/en\\\/#\\\/schema\\\/logo\\\/image\\\/\"},\"sameAs\":[\"https:\\\/\\\/www.facebook.com\\\/EmotoPark\\\/\"]}]}<\/script>\n<!-- \/ Yoast SEO Premium plugin. -->","yoast_head_json":{"title":"TORP TC500 controller (25kW) kit for Talaria MX3 \/ MX4 \/ Sting R - E-Moto Park","robots":{"index":"index","follow":"follow","max-snippet":"max-snippet:-1","max-image-preview":"max-image-preview:large","max-video-preview":"max-video-preview:-1"},"canonical":"https:\/\/e-motopark.com\/en\/product\/torp-tc500-controller-25kw-kit-for-talaria-mx3-mx4-sting-r\/","og_locale":"en_US","og_type":"article","og_title":"TORP TC500 controller (25kW) kit for Talaria MX3 \/ MX4 \/ Sting R","og_description":"Description: Increase the performance of your Talaria MX3 \/ MX4 with the TC500 controller. The maximum power output with the standard battery is 11.5 kW for the Talaria MX4 and 8 kW for the MX3. Compatible with stock Talaria batteries and aftermarket batteries (60V and 72V). Easy installation and even easier setup to your preferences [&hellip;]","og_url":"https:\/\/e-motopark.com\/en\/product\/torp-tc500-controller-25kw-kit-for-talaria-mx3-mx4-sting-r\/","og_site_name":"E-Moto Park","article_publisher":"https:\/\/www.facebook.com\/EmotoPark\/","article_modified_time":"2025-06-04T17:33:41+00:00","og_image":[{"width":1105,"height":820,"url":"https:\/\/e-motopark.com\/wp-content\/uploads\/2024\/05\/TC500-controller-kit-for-Talaria-MX3-MX4-Sting-R-1.jpg","type":"image\/jpeg"}],"twitter_card":"summary_large_image","twitter_misc":{"Est. reading time":"2 minutes"},"schema":{"@context":"https:\/\/schema.org","@graph":[{"@type":["WebPage","ItemPage"],"@id":"https:\/\/e-motopark.com\/en\/product\/torp-tc500-controller-25kw-kit-for-talaria-mx3-mx4-sting-r\/","url":"https:\/\/e-motopark.com\/en\/product\/torp-tc500-controller-25kw-kit-for-talaria-mx3-mx4-sting-r\/","name":"TORP TC500 controller (25kW) kit for Talaria MX3 \/ MX4 \/ Sting R - E-Moto Park","isPartOf":{"@id":"https:\/\/e-motopark.com\/en\/#website"},"primaryImageOfPage":{"@id":"https:\/\/e-motopark.com\/en\/product\/torp-tc500-controller-25kw-kit-for-talaria-mx3-mx4-sting-r\/#primaryimage"},"image":{"@id":"https:\/\/e-motopark.com\/en\/product\/torp-tc500-controller-25kw-kit-for-talaria-mx3-mx4-sting-r\/#primaryimage"},"thumbnailUrl":"https:\/\/e-motopark.com\/wp-content\/uploads\/2024\/05\/TC500-controller-kit-for-Talaria-MX3-MX4-Sting-R-1.jpg","datePublished":"2024-05-29T05:26:10+00:00","dateModified":"2025-06-04T17:33:41+00:00","breadcrumb":{"@id":"https:\/\/e-motopark.com\/en\/product\/torp-tc500-controller-25kw-kit-for-talaria-mx3-mx4-sting-r\/#breadcrumb"},"inLanguage":"en-US","potentialAction":[{"@type":"ReadAction","target":["https:\/\/e-motopark.com\/en\/product\/torp-tc500-controller-25kw-kit-for-talaria-mx3-mx4-sting-r\/"]}]},{"@type":"ImageObject","inLanguage":"en-US","@id":"https:\/\/e-motopark.com\/en\/product\/torp-tc500-controller-25kw-kit-for-talaria-mx3-mx4-sting-r\/#primaryimage","url":"https:\/\/e-motopark.com\/wp-content\/uploads\/2024\/05\/TC500-controller-kit-for-Talaria-MX3-MX4-Sting-R-1.jpg","contentUrl":"https:\/\/e-motopark.com\/wp-content\/uploads\/2024\/05\/TC500-controller-kit-for-Talaria-MX3-MX4-Sting-R-1.jpg","width":1105,"height":820},{"@type":"BreadcrumbList","@id":"https:\/\/e-motopark.com\/en\/product\/torp-tc500-controller-25kw-kit-for-talaria-mx3-mx4-sting-r\/#breadcrumb","itemListElement":[{"@type":"ListItem","position":1,"name":"Dom\u016f","item":"https:\/\/e-motopark.com\/en\/e-moto-park-shop-and-rental-of-electric-motorbikes\/"},{"@type":"ListItem","position":2,"name":"Shop","item":"https:\/\/e-motopark.com\/en\/shop\/"},{"@type":"ListItem","position":3,"name":"TORP TC500 controller (25kW) kit for Talaria MX3 \/ MX4 \/ Sting R"}]},{"@type":"WebSite","@id":"https:\/\/e-motopark.com\/en\/#website","url":"https:\/\/e-motopark.com\/en\/","name":"E-Moto Park","description":"Prodejna a p\u016fj\u010dovna elektrick\u00fdch motorek","publisher":{"@id":"https:\/\/e-motopark.com\/en\/#organization"},"potentialAction":[{"@type":"SearchAction","target":{"@type":"EntryPoint","urlTemplate":"https:\/\/e-motopark.com\/en\/?s={search_term_string}"},"query-input":{"@type":"PropertyValueSpecification","valueRequired":true,"valueName":"search_term_string"}}],"inLanguage":"en-US"},{"@type":"Organization","@id":"https:\/\/e-motopark.com\/en\/#organization","name":"E-Moto Park","url":"https:\/\/e-motopark.com\/en\/","logo":{"@type":"ImageObject","inLanguage":"en-US","@id":"https:\/\/e-motopark.com\/en\/#\/schema\/logo\/image\/","url":"https:\/\/e-motopark.com\/wp-content\/uploads\/2023\/11\/cropped-cropped-E-Moto-Park-logo.png","contentUrl":"https:\/\/e-motopark.com\/wp-content\/uploads\/2023\/11\/cropped-cropped-E-Moto-Park-logo.png","width":108,"height":50,"caption":"E-Moto Park"},"image":{"@id":"https:\/\/e-motopark.com\/en\/#\/schema\/logo\/image\/"},"sameAs":["https:\/\/www.facebook.com\/EmotoPark\/"]}]}},"_links":{"self":[{"href":"https:\/\/e-motopark.com\/en\/wp-json\/wp\/v2\/product\/9334","targetHints":{"allow":["GET"]}}],"collection":[{"href":"https:\/\/e-motopark.com\/en\/wp-json\/wp\/v2\/product"}],"about":[{"href":"https:\/\/e-motopark.com\/en\/wp-json\/wp\/v2\/types\/product"}],"wp:featuredmedia":[{"embeddable":true,"href":"https:\/\/e-motopark.com\/en\/wp-json\/wp\/v2\/media\/7740"}],"wp:attachment":[{"href":"https:\/\/e-motopark.com\/en\/wp-json\/wp\/v2\/media?parent=9334"}],"wp:term":[{"taxonomy":"product_brand","embeddable":true,"href":"https:\/\/e-motopark.com\/en\/wp-json\/wp\/v2\/product_brand?post=9334"},{"taxonomy":"product_cat","embeddable":true,"href":"https:\/\/e-motopark.com\/en\/wp-json\/wp\/v2\/product_cat?post=9334"},{"taxonomy":"product_tag","embeddable":true,"href":"https:\/\/e-motopark.com\/en\/wp-json\/wp\/v2\/product_tag?post=9334"},{"taxonomy":"emoto_spec_group","embeddable":true,"href":"https:\/\/e-motopark.com\/en\/wp-json\/wp\/v2\/emoto_spec_group?post=9334"}],"curies":[{"name":"wp","href":"https:\/\/api.w.org\/{rel}","templated":true}]}}