{"id":9335,"date":"2024-05-29T07:11:12","date_gmt":"2024-05-29T05:11:12","guid":{"rendered":"https:\/\/e-motopark.com\/produkt\/torp-tc500-kontroler-25kw-sur-ron-light-bee-kit\/"},"modified":"2025-06-04T19:33:50","modified_gmt":"2025-06-04T17:33:50","slug":"torp-tc500-controller-25kw-for-sur-ron-light-bee-kit","status":"publish","type":"product","link":"https:\/\/e-motopark.com\/en\/product\/torp-tc500-controller-25kw-for-sur-ron-light-bee-kit\/","title":{"rendered":"TORP TC500 controller (25kW) for Sur-Ron Light Bee kit"},"content":{"rendered":"<h3><strong>Description:<\/strong><\/h3>\n<ul>\n<li>The only aftermarket controller pre-configured for Sur-Ron Light Bee\/Segway X260 electric motorcycles. Quick and easy installation and intuitive setup via mobile app. <\/li>\n<\/ul>\n<h3>INCLUDED:<\/h3>\n<ul>\n<li>1x TC500 Controller<\/li>\n<li>1x cable harness<\/li>\n<li>1x plastic shield<\/li>\n<li>screws and tools needed for installation<\/li>\n<li>4x stickers<\/li>\n<li>short instructions<\/li>\n<\/ul>\n<h3>SPECIFICATIONS:<\/h3>\n<ul>\n<li>Field Oriented Control (FOC)<\/li>\n<li>supported batteries: up to 72V nominal 20S (84V fully charged)<\/li>\n<li>Max power: 25kW*<\/li>\n<li>Sensor (HALL Encoder) and sensorless control<\/li>\n<li>Max. battery current: 350 A* <\/li>\n<\/ul>\n<p>*In combination with the standard Sur-Ron e-motor, the maximum output is 17 kW. In combination with the TM25 engine, the maximum power output is 23 kW. <\/p>\n<ul>\n<li>Max. phase current: 500 A <\/li>\n<li>Efficiency up to 99%<\/li>\n<li>Operating temperature: from -15 to 75 C\u00b0.<\/li>\n<li>Communication via Bluetooth<\/li>\n<li>Pre-calibrated: No further steps required<\/li>\n<li>Protection against overcurrent, overvoltage, undervoltage and overheating<\/li>\n<li>Communication with warehouse BMS<\/li>\n<li>Different regenerative braking and throttle modes<\/li>\n<li>Weight: 1 kg<\/li>\n<li>Features: mobile app (IOS and Android), stock SurRon display<\/li>\n<li>Protection class: IP67<\/li>\n<li>Regular firmware updates<\/li>\n<\/ul>\n","protected":false},"excerpt":{"rendered":"<p>Description: The only aftermarket controller pre-configured for Sur-Ron Light Bee\/Segway X260 electric motorcycles. Quick and easy installation and intuitive setup via mobile app. INCLUDED: 1x TC500 Controller 1x cable harness 1x plastic shield screws and tools needed for installation 4x stickers short instructions SPECIFICATIONS: Field Oriented Control (FOC) supported batteries: up to 72V nominal 20S [&hellip;]<\/p>\n","protected":false},"featured_media":7737,"template":"","meta":{"from_xml":"","manufacturer_code":"","emoto_stock":""},"product_brand":[],"product_cat":[1672],"product_tag":[],"emoto_spec_group":[],"class_list":{"0":"post-9335","1":"product","2":"type-product","3":"status-publish","4":"has-post-thumbnail","6":"product_cat-batteries-controllers-motors","8":"first","9":"outofstock","10":"taxable","11":"shipping-taxable","12":"purchasable","13":"product-type-simple"},"exclude_global_add_ons":false,"addons":[{"name":"Payment in advance","type":"heading","position":0,"required":false,"title_format":"label","description_enable":true,"description":"For TORP components, only payment in advance to our bank account is valid.\nIn the basket, select payment by bank transfer, we will send you an invoice with a QR code by email.\nDelivery approx. 5-7 days.","placeholder_enable":false,"placeholder":null,"display":"select","restrictions_type":"any_text","adjust_price":false,"price":"","price_type":"flat_fee","restrictions":false,"min":0,"max":0,"options":[],"id":1716971411}],"yoast_head":"<!-- This site is optimized with the Yoast SEO Premium plugin v27.4 (Yoast SEO v27.5) - https:\/\/yoast.com\/product\/yoast-seo-premium-wordpress\/ -->\n<title>TORP TC500 controller (25kW) for Sur-Ron Light Bee kit - E-Moto Park<\/title>\n<meta name=\"robots\" content=\"index, follow, max-snippet:-1, max-image-preview:large, max-video-preview:-1\" \/>\n<link rel=\"canonical\" href=\"https:\/\/e-motopark.com\/en\/product\/torp-tc500-controller-25kw-for-sur-ron-light-bee-kit\/\" \/>\n<meta property=\"og:locale\" content=\"en_US\" \/>\n<meta property=\"og:type\" content=\"article\" \/>\n<meta property=\"og:title\" content=\"TORP TC500 controller (25kW) for Sur-Ron Light Bee kit\" \/>\n<meta property=\"og:description\" content=\"Description: The only aftermarket controller pre-configured for Sur-Ron Light Bee\/Segway X260 electric motorcycles. Quick and easy installation and intuitive setup via mobile app. INCLUDED: 1x TC500 Controller 1x cable harness 1x plastic shield screws and tools needed for installation 4x stickers short instructions SPECIFICATIONS: Field Oriented Control (FOC) supported batteries: up to 72V nominal 20S [&hellip;]\" \/>\n<meta property=\"og:url\" content=\"https:\/\/e-motopark.com\/en\/product\/torp-tc500-controller-25kw-for-sur-ron-light-bee-kit\/\" \/>\n<meta property=\"og:site_name\" content=\"E-Moto Park\" \/>\n<meta property=\"article:publisher\" content=\"https:\/\/www.facebook.com\/EmotoPark\/\" \/>\n<meta property=\"article:modified_time\" content=\"2025-06-04T17:33:50+00:00\" \/>\n<meta property=\"og:image\" content=\"https:\/\/e-motopark.com\/wp-content\/uploads\/2024\/05\/TC500-Controller-SurRon-Light-Bee-kit-1.jpg\" \/>\n\t<meta property=\"og:image:width\" content=\"1298\" \/>\n\t<meta property=\"og:image:height\" content=\"827\" \/>\n\t<meta property=\"og:image:type\" content=\"image\/jpeg\" \/>\n<meta name=\"twitter:card\" content=\"summary_large_image\" \/>\n<meta name=\"twitter:label1\" content=\"Est. reading time\" \/>\n\t<meta name=\"twitter:data1\" content=\"1 minute\" \/>\n<script type=\"application\/ld+json\" class=\"yoast-schema-graph\">{\"@context\":\"https:\\\/\\\/schema.org\",\"@graph\":[{\"@type\":[\"WebPage\",\"ItemPage\"],\"@id\":\"https:\\\/\\\/e-motopark.com\\\/en\\\/product\\\/torp-tc500-controller-25kw-for-sur-ron-light-bee-kit\\\/\",\"url\":\"https:\\\/\\\/e-motopark.com\\\/en\\\/product\\\/torp-tc500-controller-25kw-for-sur-ron-light-bee-kit\\\/\",\"name\":\"TORP TC500 controller (25kW) for Sur-Ron Light Bee kit - E-Moto Park\",\"isPartOf\":{\"@id\":\"https:\\\/\\\/e-motopark.com\\\/en\\\/#website\"},\"primaryImageOfPage\":{\"@id\":\"https:\\\/\\\/e-motopark.com\\\/en\\\/product\\\/torp-tc500-controller-25kw-for-sur-ron-light-bee-kit\\\/#primaryimage\"},\"image\":{\"@id\":\"https:\\\/\\\/e-motopark.com\\\/en\\\/product\\\/torp-tc500-controller-25kw-for-sur-ron-light-bee-kit\\\/#primaryimage\"},\"thumbnailUrl\":\"https:\\\/\\\/e-motopark.com\\\/wp-content\\\/uploads\\\/2024\\\/05\\\/TC500-Controller-SurRon-Light-Bee-kit-1.jpg\",\"datePublished\":\"2024-05-29T05:11:12+00:00\",\"dateModified\":\"2025-06-04T17:33:50+00:00\",\"breadcrumb\":{\"@id\":\"https:\\\/\\\/e-motopark.com\\\/en\\\/product\\\/torp-tc500-controller-25kw-for-sur-ron-light-bee-kit\\\/#breadcrumb\"},\"inLanguage\":\"en-US\",\"potentialAction\":[{\"@type\":\"ReadAction\",\"target\":[\"https:\\\/\\\/e-motopark.com\\\/en\\\/product\\\/torp-tc500-controller-25kw-for-sur-ron-light-bee-kit\\\/\"]}]},{\"@type\":\"ImageObject\",\"inLanguage\":\"en-US\",\"@id\":\"https:\\\/\\\/e-motopark.com\\\/en\\\/product\\\/torp-tc500-controller-25kw-for-sur-ron-light-bee-kit\\\/#primaryimage\",\"url\":\"https:\\\/\\\/e-motopark.com\\\/wp-content\\\/uploads\\\/2024\\\/05\\\/TC500-Controller-SurRon-Light-Bee-kit-1.jpg\",\"contentUrl\":\"https:\\\/\\\/e-motopark.com\\\/wp-content\\\/uploads\\\/2024\\\/05\\\/TC500-Controller-SurRon-Light-Bee-kit-1.jpg\",\"width\":1298,\"height\":827},{\"@type\":\"BreadcrumbList\",\"@id\":\"https:\\\/\\\/e-motopark.com\\\/en\\\/product\\\/torp-tc500-controller-25kw-for-sur-ron-light-bee-kit\\\/#breadcrumb\",\"itemListElement\":[{\"@type\":\"ListItem\",\"position\":1,\"name\":\"Dom\u016f\",\"item\":\"https:\\\/\\\/e-motopark.com\\\/en\\\/e-moto-park-shop-and-rental-of-electric-motorbikes\\\/\"},{\"@type\":\"ListItem\",\"position\":2,\"name\":\"Shop\",\"item\":\"https:\\\/\\\/e-motopark.com\\\/en\\\/shop\\\/\"},{\"@type\":\"ListItem\",\"position\":3,\"name\":\"TORP TC500 controller (25kW) for Sur-Ron Light Bee kit\"}]},{\"@type\":\"WebSite\",\"@id\":\"https:\\\/\\\/e-motopark.com\\\/en\\\/#website\",\"url\":\"https:\\\/\\\/e-motopark.com\\\/en\\\/\",\"name\":\"E-Moto Park\",\"description\":\"Prodejna a p\u016fj\u010dovna elektrick\u00fdch motorek\",\"publisher\":{\"@id\":\"https:\\\/\\\/e-motopark.com\\\/en\\\/#organization\"},\"potentialAction\":[{\"@type\":\"SearchAction\",\"target\":{\"@type\":\"EntryPoint\",\"urlTemplate\":\"https:\\\/\\\/e-motopark.com\\\/en\\\/?s={search_term_string}\"},\"query-input\":{\"@type\":\"PropertyValueSpecification\",\"valueRequired\":true,\"valueName\":\"search_term_string\"}}],\"inLanguage\":\"en-US\"},{\"@type\":\"Organization\",\"@id\":\"https:\\\/\\\/e-motopark.com\\\/en\\\/#organization\",\"name\":\"E-Moto Park\",\"url\":\"https:\\\/\\\/e-motopark.com\\\/en\\\/\",\"logo\":{\"@type\":\"ImageObject\",\"inLanguage\":\"en-US\",\"@id\":\"https:\\\/\\\/e-motopark.com\\\/en\\\/#\\\/schema\\\/logo\\\/image\\\/\",\"url\":\"https:\\\/\\\/e-motopark.com\\\/wp-content\\\/uploads\\\/2023\\\/11\\\/cropped-cropped-E-Moto-Park-logo.png\",\"contentUrl\":\"https:\\\/\\\/e-motopark.com\\\/wp-content\\\/uploads\\\/2023\\\/11\\\/cropped-cropped-E-Moto-Park-logo.png\",\"width\":108,\"height\":50,\"caption\":\"E-Moto Park\"},\"image\":{\"@id\":\"https:\\\/\\\/e-motopark.com\\\/en\\\/#\\\/schema\\\/logo\\\/image\\\/\"},\"sameAs\":[\"https:\\\/\\\/www.facebook.com\\\/EmotoPark\\\/\"]}]}<\/script>\n<!-- \/ Yoast SEO Premium plugin. -->","yoast_head_json":{"title":"TORP TC500 controller (25kW) for Sur-Ron Light Bee kit - E-Moto Park","robots":{"index":"index","follow":"follow","max-snippet":"max-snippet:-1","max-image-preview":"max-image-preview:large","max-video-preview":"max-video-preview:-1"},"canonical":"https:\/\/e-motopark.com\/en\/product\/torp-tc500-controller-25kw-for-sur-ron-light-bee-kit\/","og_locale":"en_US","og_type":"article","og_title":"TORP TC500 controller (25kW) for Sur-Ron Light Bee kit","og_description":"Description: The only aftermarket controller pre-configured for Sur-Ron Light Bee\/Segway X260 electric motorcycles. Quick and easy installation and intuitive setup via mobile app. INCLUDED: 1x TC500 Controller 1x cable harness 1x plastic shield screws and tools needed for installation 4x stickers short instructions SPECIFICATIONS: Field Oriented Control (FOC) supported batteries: up to 72V nominal 20S [&hellip;]","og_url":"https:\/\/e-motopark.com\/en\/product\/torp-tc500-controller-25kw-for-sur-ron-light-bee-kit\/","og_site_name":"E-Moto Park","article_publisher":"https:\/\/www.facebook.com\/EmotoPark\/","article_modified_time":"2025-06-04T17:33:50+00:00","og_image":[{"width":1298,"height":827,"url":"https:\/\/e-motopark.com\/wp-content\/uploads\/2024\/05\/TC500-Controller-SurRon-Light-Bee-kit-1.jpg","type":"image\/jpeg"}],"twitter_card":"summary_large_image","twitter_misc":{"Est. reading time":"1 minute"},"schema":{"@context":"https:\/\/schema.org","@graph":[{"@type":["WebPage","ItemPage"],"@id":"https:\/\/e-motopark.com\/en\/product\/torp-tc500-controller-25kw-for-sur-ron-light-bee-kit\/","url":"https:\/\/e-motopark.com\/en\/product\/torp-tc500-controller-25kw-for-sur-ron-light-bee-kit\/","name":"TORP TC500 controller (25kW) for Sur-Ron Light Bee kit - E-Moto Park","isPartOf":{"@id":"https:\/\/e-motopark.com\/en\/#website"},"primaryImageOfPage":{"@id":"https:\/\/e-motopark.com\/en\/product\/torp-tc500-controller-25kw-for-sur-ron-light-bee-kit\/#primaryimage"},"image":{"@id":"https:\/\/e-motopark.com\/en\/product\/torp-tc500-controller-25kw-for-sur-ron-light-bee-kit\/#primaryimage"},"thumbnailUrl":"https:\/\/e-motopark.com\/wp-content\/uploads\/2024\/05\/TC500-Controller-SurRon-Light-Bee-kit-1.jpg","datePublished":"2024-05-29T05:11:12+00:00","dateModified":"2025-06-04T17:33:50+00:00","breadcrumb":{"@id":"https:\/\/e-motopark.com\/en\/product\/torp-tc500-controller-25kw-for-sur-ron-light-bee-kit\/#breadcrumb"},"inLanguage":"en-US","potentialAction":[{"@type":"ReadAction","target":["https:\/\/e-motopark.com\/en\/product\/torp-tc500-controller-25kw-for-sur-ron-light-bee-kit\/"]}]},{"@type":"ImageObject","inLanguage":"en-US","@id":"https:\/\/e-motopark.com\/en\/product\/torp-tc500-controller-25kw-for-sur-ron-light-bee-kit\/#primaryimage","url":"https:\/\/e-motopark.com\/wp-content\/uploads\/2024\/05\/TC500-Controller-SurRon-Light-Bee-kit-1.jpg","contentUrl":"https:\/\/e-motopark.com\/wp-content\/uploads\/2024\/05\/TC500-Controller-SurRon-Light-Bee-kit-1.jpg","width":1298,"height":827},{"@type":"BreadcrumbList","@id":"https:\/\/e-motopark.com\/en\/product\/torp-tc500-controller-25kw-for-sur-ron-light-bee-kit\/#breadcrumb","itemListElement":[{"@type":"ListItem","position":1,"name":"Dom\u016f","item":"https:\/\/e-motopark.com\/en\/e-moto-park-shop-and-rental-of-electric-motorbikes\/"},{"@type":"ListItem","position":2,"name":"Shop","item":"https:\/\/e-motopark.com\/en\/shop\/"},{"@type":"ListItem","position":3,"name":"TORP TC500 controller (25kW) for Sur-Ron Light Bee kit"}]},{"@type":"WebSite","@id":"https:\/\/e-motopark.com\/en\/#website","url":"https:\/\/e-motopark.com\/en\/","name":"E-Moto Park","description":"Prodejna a p\u016fj\u010dovna elektrick\u00fdch motorek","publisher":{"@id":"https:\/\/e-motopark.com\/en\/#organization"},"potentialAction":[{"@type":"SearchAction","target":{"@type":"EntryPoint","urlTemplate":"https:\/\/e-motopark.com\/en\/?s={search_term_string}"},"query-input":{"@type":"PropertyValueSpecification","valueRequired":true,"valueName":"search_term_string"}}],"inLanguage":"en-US"},{"@type":"Organization","@id":"https:\/\/e-motopark.com\/en\/#organization","name":"E-Moto Park","url":"https:\/\/e-motopark.com\/en\/","logo":{"@type":"ImageObject","inLanguage":"en-US","@id":"https:\/\/e-motopark.com\/en\/#\/schema\/logo\/image\/","url":"https:\/\/e-motopark.com\/wp-content\/uploads\/2023\/11\/cropped-cropped-E-Moto-Park-logo.png","contentUrl":"https:\/\/e-motopark.com\/wp-content\/uploads\/2023\/11\/cropped-cropped-E-Moto-Park-logo.png","width":108,"height":50,"caption":"E-Moto Park"},"image":{"@id":"https:\/\/e-motopark.com\/en\/#\/schema\/logo\/image\/"},"sameAs":["https:\/\/www.facebook.com\/EmotoPark\/"]}]}},"_links":{"self":[{"href":"https:\/\/e-motopark.com\/en\/wp-json\/wp\/v2\/product\/9335","targetHints":{"allow":["GET"]}}],"collection":[{"href":"https:\/\/e-motopark.com\/en\/wp-json\/wp\/v2\/product"}],"about":[{"href":"https:\/\/e-motopark.com\/en\/wp-json\/wp\/v2\/types\/product"}],"wp:featuredmedia":[{"embeddable":true,"href":"https:\/\/e-motopark.com\/en\/wp-json\/wp\/v2\/media\/7737"}],"wp:attachment":[{"href":"https:\/\/e-motopark.com\/en\/wp-json\/wp\/v2\/media?parent=9335"}],"wp:term":[{"taxonomy":"product_brand","embeddable":true,"href":"https:\/\/e-motopark.com\/en\/wp-json\/wp\/v2\/product_brand?post=9335"},{"taxonomy":"product_cat","embeddable":true,"href":"https:\/\/e-motopark.com\/en\/wp-json\/wp\/v2\/product_cat?post=9335"},{"taxonomy":"product_tag","embeddable":true,"href":"https:\/\/e-motopark.com\/en\/wp-json\/wp\/v2\/product_tag?post=9335"},{"taxonomy":"emoto_spec_group","embeddable":true,"href":"https:\/\/e-motopark.com\/en\/wp-json\/wp\/v2\/emoto_spec_group?post=9335"}],"curies":[{"name":"wp","href":"https:\/\/api.w.org\/{rel}","templated":true}]}}