{"id":9340,"date":"2024-05-13T07:35:40","date_gmt":"2024-05-13T05:35:40","guid":{"rendered":"https:\/\/e-motopark.com\/produkt\/203mm-predni-plovouci-brzdovy-kotouc-barevne-kombinace-na-sur-ron-x-l1e-talaria-sting\/"},"modified":"2025-06-04T19:40:12","modified_gmt":"2025-06-04T17:40:12","slug":"203mm-cooling-fins-front-floating-brake-disc-on-sur-ron-x-l1e-talaria-sting","status":"publish","type":"product","link":"https:\/\/e-motopark.com\/en\/product\/203mm-cooling-fins-front-floating-brake-disc-on-sur-ron-x-l1e-talaria-sting\/","title":{"rendered":"203mm (cooling fins) front floating brake disc on Sur-Ron X\/L1e\/Talaria Sting"},"content":{"rendered":"<p><strong>Description:<\/strong><\/p>\n<ul>\n<li>Front floating brake disc 203mm with cooling fins on Sur-Ron Light Bee X\/L1e<\/li>\n<li>Front floating brake disc 203mm with cooling fins on Talaria Sting<\/li>\n<li>The shape and internal floating part of the disc ensures good heat dissipation during heavy braking, which reduces brake overheating, minimizes deformation and ensures long disc life.<\/li>\n<\/ul>\n","protected":false},"excerpt":{"rendered":"<p>Description: Front floating brake disc 203mm with cooling fins on Sur-Ron Light Bee X\/L1e Front floating brake disc 203mm with cooling fins on Talaria Sting The shape and internal floating part of the disc ensures good heat dissipation during heavy braking, which reduces brake overheating, minimizes deformation and ensures long disc life.<\/p>\n","protected":false},"featured_media":7800,"template":"","meta":{"from_xml":"","manufacturer_code":"","emoto_stock":""},"product_brand":[],"product_cat":[1655,1674,1702],"product_tag":[],"emoto_spec_group":[],"class_list":{"0":"post-9340","1":"product","2":"type-product","3":"status-publish","4":"has-post-thumbnail","6":"product_cat-brakes-and-discs","7":"product_cat-brakes-and-discs-en","8":"product_cat-brakes-and-discs-talaria-sting-en","10":"first","11":"instock","12":"taxable","13":"shipping-taxable","14":"purchasable","15":"product-type-variable","16":"has-default-attributes"},"exclude_global_add_ons":[],"addons":[],"yoast_head":"<!-- This site is optimized with the Yoast SEO Premium plugin v27.4 (Yoast SEO v27.5) - https:\/\/yoast.com\/product\/yoast-seo-premium-wordpress\/ -->\n<title>203mm (cooling fins) front floating brake disc on Sur-Ron X\/L1e\/Talaria Sting - E-Moto Park<\/title>\n<meta name=\"robots\" content=\"index, follow, max-snippet:-1, max-image-preview:large, max-video-preview:-1\" \/>\n<link rel=\"canonical\" href=\"https:\/\/e-motopark.com\/en\/product\/203mm-cooling-fins-front-floating-brake-disc-on-sur-ron-x-l1e-talaria-sting\/\" \/>\n<meta property=\"og:locale\" content=\"en_US\" \/>\n<meta property=\"og:type\" content=\"article\" \/>\n<meta property=\"og:title\" content=\"203mm (cooling fins) front floating brake disc on Sur-Ron X\/L1e\/Talaria Sting\" \/>\n<meta property=\"og:description\" content=\"Description: Front floating brake disc 203mm with cooling fins on Sur-Ron Light Bee X\/L1e Front floating brake disc 203mm with cooling fins on Talaria Sting The shape and internal floating part of the disc ensures good heat dissipation during heavy braking, which reduces brake overheating, minimizes deformation and ensures long disc life.\" \/>\n<meta property=\"og:url\" content=\"https:\/\/e-motopark.com\/en\/product\/203mm-cooling-fins-front-floating-brake-disc-on-sur-ron-x-l1e-talaria-sting\/\" \/>\n<meta property=\"og:site_name\" content=\"E-Moto Park\" \/>\n<meta property=\"article:publisher\" content=\"https:\/\/www.facebook.com\/EmotoPark\/\" \/>\n<meta property=\"article:modified_time\" content=\"2025-06-04T17:40:12+00:00\" \/>\n<meta property=\"og:image\" content=\"https:\/\/e-motopark.com\/wp-content\/uploads\/2024\/05\/203mm-chladici-zebra-predni-plovouci-brzdovy-kotouc-na-Sur-Ron-X-L1e-Talaria-Sting1.jpg\" \/>\n\t<meta property=\"og:image:width\" content=\"711\" \/>\n\t<meta property=\"og:image:height\" content=\"687\" \/>\n\t<meta property=\"og:image:type\" content=\"image\/jpeg\" \/>\n<meta name=\"twitter:card\" content=\"summary_large_image\" \/>\n<meta name=\"twitter:label1\" content=\"Est. reading time\" \/>\n\t<meta name=\"twitter:data1\" content=\"1 minute\" \/>\n<script type=\"application\/ld+json\" class=\"yoast-schema-graph\">{\"@context\":\"https:\\\/\\\/schema.org\",\"@graph\":[{\"@type\":[\"WebPage\",\"ItemPage\"],\"@id\":\"https:\\\/\\\/e-motopark.com\\\/en\\\/product\\\/203mm-cooling-fins-front-floating-brake-disc-on-sur-ron-x-l1e-talaria-sting\\\/\",\"url\":\"https:\\\/\\\/e-motopark.com\\\/en\\\/product\\\/203mm-cooling-fins-front-floating-brake-disc-on-sur-ron-x-l1e-talaria-sting\\\/\",\"name\":\"203mm (cooling fins) front floating brake disc on Sur-Ron X\\\/L1e\\\/Talaria Sting - E-Moto Park\",\"isPartOf\":{\"@id\":\"https:\\\/\\\/e-motopark.com\\\/en\\\/#website\"},\"primaryImageOfPage\":{\"@id\":\"https:\\\/\\\/e-motopark.com\\\/en\\\/product\\\/203mm-cooling-fins-front-floating-brake-disc-on-sur-ron-x-l1e-talaria-sting\\\/#primaryimage\"},\"image\":{\"@id\":\"https:\\\/\\\/e-motopark.com\\\/en\\\/product\\\/203mm-cooling-fins-front-floating-brake-disc-on-sur-ron-x-l1e-talaria-sting\\\/#primaryimage\"},\"thumbnailUrl\":\"https:\\\/\\\/e-motopark.com\\\/wp-content\\\/uploads\\\/2024\\\/05\\\/203mm-chladici-zebra-predni-plovouci-brzdovy-kotouc-na-Sur-Ron-X-L1e-Talaria-Sting1.jpg\",\"datePublished\":\"2024-05-13T05:35:40+00:00\",\"dateModified\":\"2025-06-04T17:40:12+00:00\",\"breadcrumb\":{\"@id\":\"https:\\\/\\\/e-motopark.com\\\/en\\\/product\\\/203mm-cooling-fins-front-floating-brake-disc-on-sur-ron-x-l1e-talaria-sting\\\/#breadcrumb\"},\"inLanguage\":\"en-US\",\"potentialAction\":[{\"@type\":\"ReadAction\",\"target\":[\"https:\\\/\\\/e-motopark.com\\\/en\\\/product\\\/203mm-cooling-fins-front-floating-brake-disc-on-sur-ron-x-l1e-talaria-sting\\\/\"]}]},{\"@type\":\"ImageObject\",\"inLanguage\":\"en-US\",\"@id\":\"https:\\\/\\\/e-motopark.com\\\/en\\\/product\\\/203mm-cooling-fins-front-floating-brake-disc-on-sur-ron-x-l1e-talaria-sting\\\/#primaryimage\",\"url\":\"https:\\\/\\\/e-motopark.com\\\/wp-content\\\/uploads\\\/2024\\\/05\\\/203mm-chladici-zebra-predni-plovouci-brzdovy-kotouc-na-Sur-Ron-X-L1e-Talaria-Sting1.jpg\",\"contentUrl\":\"https:\\\/\\\/e-motopark.com\\\/wp-content\\\/uploads\\\/2024\\\/05\\\/203mm-chladici-zebra-predni-plovouci-brzdovy-kotouc-na-Sur-Ron-X-L1e-Talaria-Sting1.jpg\",\"width\":711,\"height\":687},{\"@type\":\"BreadcrumbList\",\"@id\":\"https:\\\/\\\/e-motopark.com\\\/en\\\/product\\\/203mm-cooling-fins-front-floating-brake-disc-on-sur-ron-x-l1e-talaria-sting\\\/#breadcrumb\",\"itemListElement\":[{\"@type\":\"ListItem\",\"position\":1,\"name\":\"Dom\u016f\",\"item\":\"https:\\\/\\\/e-motopark.com\\\/en\\\/e-moto-park-shop-and-rental-of-electric-motorbikes\\\/\"},{\"@type\":\"ListItem\",\"position\":2,\"name\":\"Shop\",\"item\":\"https:\\\/\\\/e-motopark.com\\\/en\\\/shop\\\/\"},{\"@type\":\"ListItem\",\"position\":3,\"name\":\"203mm (cooling fins) front floating brake disc on Sur-Ron X\\\/L1e\\\/Talaria Sting\"}]},{\"@type\":\"WebSite\",\"@id\":\"https:\\\/\\\/e-motopark.com\\\/en\\\/#website\",\"url\":\"https:\\\/\\\/e-motopark.com\\\/en\\\/\",\"name\":\"E-Moto Park\",\"description\":\"Prodejna a p\u016fj\u010dovna elektrick\u00fdch motorek\",\"publisher\":{\"@id\":\"https:\\\/\\\/e-motopark.com\\\/en\\\/#organization\"},\"potentialAction\":[{\"@type\":\"SearchAction\",\"target\":{\"@type\":\"EntryPoint\",\"urlTemplate\":\"https:\\\/\\\/e-motopark.com\\\/en\\\/?s={search_term_string}\"},\"query-input\":{\"@type\":\"PropertyValueSpecification\",\"valueRequired\":true,\"valueName\":\"search_term_string\"}}],\"inLanguage\":\"en-US\"},{\"@type\":\"Organization\",\"@id\":\"https:\\\/\\\/e-motopark.com\\\/en\\\/#organization\",\"name\":\"E-Moto Park\",\"url\":\"https:\\\/\\\/e-motopark.com\\\/en\\\/\",\"logo\":{\"@type\":\"ImageObject\",\"inLanguage\":\"en-US\",\"@id\":\"https:\\\/\\\/e-motopark.com\\\/en\\\/#\\\/schema\\\/logo\\\/image\\\/\",\"url\":\"https:\\\/\\\/e-motopark.com\\\/wp-content\\\/uploads\\\/2023\\\/11\\\/cropped-cropped-E-Moto-Park-logo.png\",\"contentUrl\":\"https:\\\/\\\/e-motopark.com\\\/wp-content\\\/uploads\\\/2023\\\/11\\\/cropped-cropped-E-Moto-Park-logo.png\",\"width\":108,\"height\":50,\"caption\":\"E-Moto Park\"},\"image\":{\"@id\":\"https:\\\/\\\/e-motopark.com\\\/en\\\/#\\\/schema\\\/logo\\\/image\\\/\"},\"sameAs\":[\"https:\\\/\\\/www.facebook.com\\\/EmotoPark\\\/\"]}]}<\/script>\n<!-- \/ Yoast SEO Premium plugin. -->","yoast_head_json":{"title":"203mm (cooling fins) front floating brake disc on Sur-Ron X\/L1e\/Talaria Sting - E-Moto Park","robots":{"index":"index","follow":"follow","max-snippet":"max-snippet:-1","max-image-preview":"max-image-preview:large","max-video-preview":"max-video-preview:-1"},"canonical":"https:\/\/e-motopark.com\/en\/product\/203mm-cooling-fins-front-floating-brake-disc-on-sur-ron-x-l1e-talaria-sting\/","og_locale":"en_US","og_type":"article","og_title":"203mm (cooling fins) front floating brake disc on Sur-Ron X\/L1e\/Talaria Sting","og_description":"Description: Front floating brake disc 203mm with cooling fins on Sur-Ron Light Bee X\/L1e Front floating brake disc 203mm with cooling fins on Talaria Sting The shape and internal floating part of the disc ensures good heat dissipation during heavy braking, which reduces brake overheating, minimizes deformation and ensures long disc life.","og_url":"https:\/\/e-motopark.com\/en\/product\/203mm-cooling-fins-front-floating-brake-disc-on-sur-ron-x-l1e-talaria-sting\/","og_site_name":"E-Moto Park","article_publisher":"https:\/\/www.facebook.com\/EmotoPark\/","article_modified_time":"2025-06-04T17:40:12+00:00","og_image":[{"width":711,"height":687,"url":"https:\/\/e-motopark.com\/wp-content\/uploads\/2024\/05\/203mm-chladici-zebra-predni-plovouci-brzdovy-kotouc-na-Sur-Ron-X-L1e-Talaria-Sting1.jpg","type":"image\/jpeg"}],"twitter_card":"summary_large_image","twitter_misc":{"Est. reading time":"1 minute"},"schema":{"@context":"https:\/\/schema.org","@graph":[{"@type":["WebPage","ItemPage"],"@id":"https:\/\/e-motopark.com\/en\/product\/203mm-cooling-fins-front-floating-brake-disc-on-sur-ron-x-l1e-talaria-sting\/","url":"https:\/\/e-motopark.com\/en\/product\/203mm-cooling-fins-front-floating-brake-disc-on-sur-ron-x-l1e-talaria-sting\/","name":"203mm (cooling fins) front floating brake disc on Sur-Ron X\/L1e\/Talaria Sting - E-Moto Park","isPartOf":{"@id":"https:\/\/e-motopark.com\/en\/#website"},"primaryImageOfPage":{"@id":"https:\/\/e-motopark.com\/en\/product\/203mm-cooling-fins-front-floating-brake-disc-on-sur-ron-x-l1e-talaria-sting\/#primaryimage"},"image":{"@id":"https:\/\/e-motopark.com\/en\/product\/203mm-cooling-fins-front-floating-brake-disc-on-sur-ron-x-l1e-talaria-sting\/#primaryimage"},"thumbnailUrl":"https:\/\/e-motopark.com\/wp-content\/uploads\/2024\/05\/203mm-chladici-zebra-predni-plovouci-brzdovy-kotouc-na-Sur-Ron-X-L1e-Talaria-Sting1.jpg","datePublished":"2024-05-13T05:35:40+00:00","dateModified":"2025-06-04T17:40:12+00:00","breadcrumb":{"@id":"https:\/\/e-motopark.com\/en\/product\/203mm-cooling-fins-front-floating-brake-disc-on-sur-ron-x-l1e-talaria-sting\/#breadcrumb"},"inLanguage":"en-US","potentialAction":[{"@type":"ReadAction","target":["https:\/\/e-motopark.com\/en\/product\/203mm-cooling-fins-front-floating-brake-disc-on-sur-ron-x-l1e-talaria-sting\/"]}]},{"@type":"ImageObject","inLanguage":"en-US","@id":"https:\/\/e-motopark.com\/en\/product\/203mm-cooling-fins-front-floating-brake-disc-on-sur-ron-x-l1e-talaria-sting\/#primaryimage","url":"https:\/\/e-motopark.com\/wp-content\/uploads\/2024\/05\/203mm-chladici-zebra-predni-plovouci-brzdovy-kotouc-na-Sur-Ron-X-L1e-Talaria-Sting1.jpg","contentUrl":"https:\/\/e-motopark.com\/wp-content\/uploads\/2024\/05\/203mm-chladici-zebra-predni-plovouci-brzdovy-kotouc-na-Sur-Ron-X-L1e-Talaria-Sting1.jpg","width":711,"height":687},{"@type":"BreadcrumbList","@id":"https:\/\/e-motopark.com\/en\/product\/203mm-cooling-fins-front-floating-brake-disc-on-sur-ron-x-l1e-talaria-sting\/#breadcrumb","itemListElement":[{"@type":"ListItem","position":1,"name":"Dom\u016f","item":"https:\/\/e-motopark.com\/en\/e-moto-park-shop-and-rental-of-electric-motorbikes\/"},{"@type":"ListItem","position":2,"name":"Shop","item":"https:\/\/e-motopark.com\/en\/shop\/"},{"@type":"ListItem","position":3,"name":"203mm (cooling fins) front floating brake disc on Sur-Ron X\/L1e\/Talaria Sting"}]},{"@type":"WebSite","@id":"https:\/\/e-motopark.com\/en\/#website","url":"https:\/\/e-motopark.com\/en\/","name":"E-Moto Park","description":"Prodejna a p\u016fj\u010dovna elektrick\u00fdch motorek","publisher":{"@id":"https:\/\/e-motopark.com\/en\/#organization"},"potentialAction":[{"@type":"SearchAction","target":{"@type":"EntryPoint","urlTemplate":"https:\/\/e-motopark.com\/en\/?s={search_term_string}"},"query-input":{"@type":"PropertyValueSpecification","valueRequired":true,"valueName":"search_term_string"}}],"inLanguage":"en-US"},{"@type":"Organization","@id":"https:\/\/e-motopark.com\/en\/#organization","name":"E-Moto Park","url":"https:\/\/e-motopark.com\/en\/","logo":{"@type":"ImageObject","inLanguage":"en-US","@id":"https:\/\/e-motopark.com\/en\/#\/schema\/logo\/image\/","url":"https:\/\/e-motopark.com\/wp-content\/uploads\/2023\/11\/cropped-cropped-E-Moto-Park-logo.png","contentUrl":"https:\/\/e-motopark.com\/wp-content\/uploads\/2023\/11\/cropped-cropped-E-Moto-Park-logo.png","width":108,"height":50,"caption":"E-Moto Park"},"image":{"@id":"https:\/\/e-motopark.com\/en\/#\/schema\/logo\/image\/"},"sameAs":["https:\/\/www.facebook.com\/EmotoPark\/"]}]}},"_links":{"self":[{"href":"https:\/\/e-motopark.com\/en\/wp-json\/wp\/v2\/product\/9340","targetHints":{"allow":["GET"]}}],"collection":[{"href":"https:\/\/e-motopark.com\/en\/wp-json\/wp\/v2\/product"}],"about":[{"href":"https:\/\/e-motopark.com\/en\/wp-json\/wp\/v2\/types\/product"}],"wp:featuredmedia":[{"embeddable":true,"href":"https:\/\/e-motopark.com\/en\/wp-json\/wp\/v2\/media\/7800"}],"wp:attachment":[{"href":"https:\/\/e-motopark.com\/en\/wp-json\/wp\/v2\/media?parent=9340"}],"wp:term":[{"taxonomy":"product_brand","embeddable":true,"href":"https:\/\/e-motopark.com\/en\/wp-json\/wp\/v2\/product_brand?post=9340"},{"taxonomy":"product_cat","embeddable":true,"href":"https:\/\/e-motopark.com\/en\/wp-json\/wp\/v2\/product_cat?post=9340"},{"taxonomy":"product_tag","embeddable":true,"href":"https:\/\/e-motopark.com\/en\/wp-json\/wp\/v2\/product_tag?post=9340"},{"taxonomy":"emoto_spec_group","embeddable":true,"href":"https:\/\/e-motopark.com\/en\/wp-json\/wp\/v2\/emoto_spec_group?post=9340"}],"curies":[{"name":"wp","href":"https:\/\/api.w.org\/{rel}","templated":true}]}}