{"id":9343,"date":"2024-05-09T11:00:37","date_gmt":"2024-05-09T09:00:37","guid":{"rendered":"https:\/\/e-motopark.com\/produkt\/zesileny-kryt-motoru-hlinik-na-sur-ron-x-l1e\/"},"modified":"2025-06-04T19:41:56","modified_gmt":"2025-06-04T17:41:56","slug":"reinforced-engine-cover-aluminium-for-sur-ron-x-l1e","status":"publish","type":"product","link":"https:\/\/e-motopark.com\/en\/product\/reinforced-engine-cover-aluminium-for-sur-ron-x-l1e\/","title":{"rendered":"Reinforced engine cover (aluminium) for Sur-Ron X\/L1e"},"content":{"rendered":"<p><strong>Description:<\/strong><\/p>\n<ul>\n<li>Material: 5052 aluminium, surface oxidation treatment<\/li>\n<li>Reinforced aluminium plate to withstand larger impacts. Compared to stainless steel, the aluminium engine guard is lighter. <\/li>\n<li>Exclusive design, hollow design on both sides to reduce weight.<\/li>\n<li>Available in silver and black.<\/li>\n<li>The whole uses the technology of sheet metal bending, laser engraving and welding. Seams and cuts are sanded and polished to improve the overall finish. <\/li>\n<li>Supplied without screws and clips, everything can be used from the original engine cover.<\/li>\n<\/ul>\n","protected":false},"excerpt":{"rendered":"<p>Description: Material: 5052 aluminium, surface oxidation treatment Reinforced aluminium plate to withstand larger impacts. Compared to stainless steel, the aluminium engine guard is lighter. Exclusive design, hollow design on both sides to reduce weight. Available in silver and black. The whole uses the technology of sheet metal bending, laser engraving and welding. Seams and cuts [&hellip;]<\/p>\n","protected":false},"featured_media":7717,"template":"","meta":{"from_xml":"","manufacturer_code":"","emoto_stock":""},"product_brand":[],"product_cat":[1645],"product_tag":[],"emoto_spec_group":[],"class_list":{"0":"post-9343","1":"product","2":"type-product","3":"status-publish","4":"has-post-thumbnail","6":"product_cat-protectors-and-covers-en","8":"first","9":"outofstock","10":"taxable","11":"shipping-taxable","12":"purchasable","13":"product-type-variable","14":"has-default-attributes"},"exclude_global_add_ons":[],"addons":[],"yoast_head":"<!-- This site is optimized with the Yoast SEO Premium plugin v27.4 (Yoast SEO v27.5) - https:\/\/yoast.com\/product\/yoast-seo-premium-wordpress\/ -->\n<title>Reinforced engine cover (aluminium) for Sur-Ron X\/L1e - E-Moto Park<\/title>\n<meta name=\"robots\" content=\"index, follow, max-snippet:-1, max-image-preview:large, max-video-preview:-1\" \/>\n<link rel=\"canonical\" href=\"https:\/\/e-motopark.com\/en\/product\/reinforced-engine-cover-aluminium-for-sur-ron-x-l1e\/\" \/>\n<meta property=\"og:locale\" content=\"en_US\" \/>\n<meta property=\"og:type\" content=\"article\" \/>\n<meta property=\"og:title\" content=\"Reinforced engine cover (aluminium) for Sur-Ron X\/L1e\" \/>\n<meta property=\"og:description\" content=\"Description: Material: 5052 aluminium, surface oxidation treatment Reinforced aluminium plate to withstand larger impacts. Compared to stainless steel, the aluminium engine guard is lighter. Exclusive design, hollow design on both sides to reduce weight. Available in silver and black. The whole uses the technology of sheet metal bending, laser engraving and welding. Seams and cuts [&hellip;]\" \/>\n<meta property=\"og:url\" content=\"https:\/\/e-motopark.com\/en\/product\/reinforced-engine-cover-aluminium-for-sur-ron-x-l1e\/\" \/>\n<meta property=\"og:site_name\" content=\"E-Moto Park\" \/>\n<meta property=\"article:publisher\" content=\"https:\/\/www.facebook.com\/EmotoPark\/\" \/>\n<meta property=\"article:modified_time\" content=\"2025-06-04T17:41:56+00:00\" \/>\n<meta property=\"og:image\" content=\"https:\/\/e-motopark.com\/wp-content\/uploads\/2024\/05\/Zesileny-chranic-motoru-hlinik-na-Sur-Ron-Light-Bee-X-L1e-1.jpg\" \/>\n\t<meta property=\"og:image:width\" content=\"732\" \/>\n\t<meta property=\"og:image:height\" content=\"728\" \/>\n\t<meta property=\"og:image:type\" content=\"image\/jpeg\" \/>\n<meta name=\"twitter:card\" content=\"summary_large_image\" \/>\n<meta name=\"twitter:label1\" content=\"Est. reading time\" \/>\n\t<meta name=\"twitter:data1\" content=\"1 minute\" \/>\n<script type=\"application\/ld+json\" class=\"yoast-schema-graph\">{\"@context\":\"https:\\\/\\\/schema.org\",\"@graph\":[{\"@type\":[\"WebPage\",\"ItemPage\"],\"@id\":\"https:\\\/\\\/e-motopark.com\\\/en\\\/product\\\/reinforced-engine-cover-aluminium-for-sur-ron-x-l1e\\\/\",\"url\":\"https:\\\/\\\/e-motopark.com\\\/en\\\/product\\\/reinforced-engine-cover-aluminium-for-sur-ron-x-l1e\\\/\",\"name\":\"Reinforced engine cover (aluminium) for Sur-Ron X\\\/L1e - E-Moto Park\",\"isPartOf\":{\"@id\":\"https:\\\/\\\/e-motopark.com\\\/en\\\/#website\"},\"primaryImageOfPage\":{\"@id\":\"https:\\\/\\\/e-motopark.com\\\/en\\\/product\\\/reinforced-engine-cover-aluminium-for-sur-ron-x-l1e\\\/#primaryimage\"},\"image\":{\"@id\":\"https:\\\/\\\/e-motopark.com\\\/en\\\/product\\\/reinforced-engine-cover-aluminium-for-sur-ron-x-l1e\\\/#primaryimage\"},\"thumbnailUrl\":\"https:\\\/\\\/e-motopark.com\\\/wp-content\\\/uploads\\\/2024\\\/05\\\/Zesileny-chranic-motoru-hlinik-na-Sur-Ron-Light-Bee-X-L1e-1.jpg\",\"datePublished\":\"2024-05-09T09:00:37+00:00\",\"dateModified\":\"2025-06-04T17:41:56+00:00\",\"breadcrumb\":{\"@id\":\"https:\\\/\\\/e-motopark.com\\\/en\\\/product\\\/reinforced-engine-cover-aluminium-for-sur-ron-x-l1e\\\/#breadcrumb\"},\"inLanguage\":\"en-US\",\"potentialAction\":[{\"@type\":\"ReadAction\",\"target\":[\"https:\\\/\\\/e-motopark.com\\\/en\\\/product\\\/reinforced-engine-cover-aluminium-for-sur-ron-x-l1e\\\/\"]}]},{\"@type\":\"ImageObject\",\"inLanguage\":\"en-US\",\"@id\":\"https:\\\/\\\/e-motopark.com\\\/en\\\/product\\\/reinforced-engine-cover-aluminium-for-sur-ron-x-l1e\\\/#primaryimage\",\"url\":\"https:\\\/\\\/e-motopark.com\\\/wp-content\\\/uploads\\\/2024\\\/05\\\/Zesileny-chranic-motoru-hlinik-na-Sur-Ron-Light-Bee-X-L1e-1.jpg\",\"contentUrl\":\"https:\\\/\\\/e-motopark.com\\\/wp-content\\\/uploads\\\/2024\\\/05\\\/Zesileny-chranic-motoru-hlinik-na-Sur-Ron-Light-Bee-X-L1e-1.jpg\",\"width\":732,\"height\":728},{\"@type\":\"BreadcrumbList\",\"@id\":\"https:\\\/\\\/e-motopark.com\\\/en\\\/product\\\/reinforced-engine-cover-aluminium-for-sur-ron-x-l1e\\\/#breadcrumb\",\"itemListElement\":[{\"@type\":\"ListItem\",\"position\":1,\"name\":\"Dom\u016f\",\"item\":\"https:\\\/\\\/e-motopark.com\\\/en\\\/e-moto-park-shop-and-rental-of-electric-motorbikes\\\/\"},{\"@type\":\"ListItem\",\"position\":2,\"name\":\"Shop\",\"item\":\"https:\\\/\\\/e-motopark.com\\\/en\\\/shop\\\/\"},{\"@type\":\"ListItem\",\"position\":3,\"name\":\"Reinforced engine cover (aluminium) for Sur-Ron X\\\/L1e\"}]},{\"@type\":\"WebSite\",\"@id\":\"https:\\\/\\\/e-motopark.com\\\/en\\\/#website\",\"url\":\"https:\\\/\\\/e-motopark.com\\\/en\\\/\",\"name\":\"E-Moto Park\",\"description\":\"Prodejna a p\u016fj\u010dovna elektrick\u00fdch motorek\",\"publisher\":{\"@id\":\"https:\\\/\\\/e-motopark.com\\\/en\\\/#organization\"},\"potentialAction\":[{\"@type\":\"SearchAction\",\"target\":{\"@type\":\"EntryPoint\",\"urlTemplate\":\"https:\\\/\\\/e-motopark.com\\\/en\\\/?s={search_term_string}\"},\"query-input\":{\"@type\":\"PropertyValueSpecification\",\"valueRequired\":true,\"valueName\":\"search_term_string\"}}],\"inLanguage\":\"en-US\"},{\"@type\":\"Organization\",\"@id\":\"https:\\\/\\\/e-motopark.com\\\/en\\\/#organization\",\"name\":\"E-Moto Park\",\"url\":\"https:\\\/\\\/e-motopark.com\\\/en\\\/\",\"logo\":{\"@type\":\"ImageObject\",\"inLanguage\":\"en-US\",\"@id\":\"https:\\\/\\\/e-motopark.com\\\/en\\\/#\\\/schema\\\/logo\\\/image\\\/\",\"url\":\"https:\\\/\\\/e-motopark.com\\\/wp-content\\\/uploads\\\/2023\\\/11\\\/cropped-cropped-E-Moto-Park-logo.png\",\"contentUrl\":\"https:\\\/\\\/e-motopark.com\\\/wp-content\\\/uploads\\\/2023\\\/11\\\/cropped-cropped-E-Moto-Park-logo.png\",\"width\":108,\"height\":50,\"caption\":\"E-Moto Park\"},\"image\":{\"@id\":\"https:\\\/\\\/e-motopark.com\\\/en\\\/#\\\/schema\\\/logo\\\/image\\\/\"},\"sameAs\":[\"https:\\\/\\\/www.facebook.com\\\/EmotoPark\\\/\"]}]}<\/script>\n<!-- \/ Yoast SEO Premium plugin. -->","yoast_head_json":{"title":"Reinforced engine cover (aluminium) for Sur-Ron X\/L1e - E-Moto Park","robots":{"index":"index","follow":"follow","max-snippet":"max-snippet:-1","max-image-preview":"max-image-preview:large","max-video-preview":"max-video-preview:-1"},"canonical":"https:\/\/e-motopark.com\/en\/product\/reinforced-engine-cover-aluminium-for-sur-ron-x-l1e\/","og_locale":"en_US","og_type":"article","og_title":"Reinforced engine cover (aluminium) for Sur-Ron X\/L1e","og_description":"Description: Material: 5052 aluminium, surface oxidation treatment Reinforced aluminium plate to withstand larger impacts. Compared to stainless steel, the aluminium engine guard is lighter. Exclusive design, hollow design on both sides to reduce weight. Available in silver and black. The whole uses the technology of sheet metal bending, laser engraving and welding. Seams and cuts [&hellip;]","og_url":"https:\/\/e-motopark.com\/en\/product\/reinforced-engine-cover-aluminium-for-sur-ron-x-l1e\/","og_site_name":"E-Moto Park","article_publisher":"https:\/\/www.facebook.com\/EmotoPark\/","article_modified_time":"2025-06-04T17:41:56+00:00","og_image":[{"width":732,"height":728,"url":"https:\/\/e-motopark.com\/wp-content\/uploads\/2024\/05\/Zesileny-chranic-motoru-hlinik-na-Sur-Ron-Light-Bee-X-L1e-1.jpg","type":"image\/jpeg"}],"twitter_card":"summary_large_image","twitter_misc":{"Est. reading time":"1 minute"},"schema":{"@context":"https:\/\/schema.org","@graph":[{"@type":["WebPage","ItemPage"],"@id":"https:\/\/e-motopark.com\/en\/product\/reinforced-engine-cover-aluminium-for-sur-ron-x-l1e\/","url":"https:\/\/e-motopark.com\/en\/product\/reinforced-engine-cover-aluminium-for-sur-ron-x-l1e\/","name":"Reinforced engine cover (aluminium) for Sur-Ron X\/L1e - E-Moto Park","isPartOf":{"@id":"https:\/\/e-motopark.com\/en\/#website"},"primaryImageOfPage":{"@id":"https:\/\/e-motopark.com\/en\/product\/reinforced-engine-cover-aluminium-for-sur-ron-x-l1e\/#primaryimage"},"image":{"@id":"https:\/\/e-motopark.com\/en\/product\/reinforced-engine-cover-aluminium-for-sur-ron-x-l1e\/#primaryimage"},"thumbnailUrl":"https:\/\/e-motopark.com\/wp-content\/uploads\/2024\/05\/Zesileny-chranic-motoru-hlinik-na-Sur-Ron-Light-Bee-X-L1e-1.jpg","datePublished":"2024-05-09T09:00:37+00:00","dateModified":"2025-06-04T17:41:56+00:00","breadcrumb":{"@id":"https:\/\/e-motopark.com\/en\/product\/reinforced-engine-cover-aluminium-for-sur-ron-x-l1e\/#breadcrumb"},"inLanguage":"en-US","potentialAction":[{"@type":"ReadAction","target":["https:\/\/e-motopark.com\/en\/product\/reinforced-engine-cover-aluminium-for-sur-ron-x-l1e\/"]}]},{"@type":"ImageObject","inLanguage":"en-US","@id":"https:\/\/e-motopark.com\/en\/product\/reinforced-engine-cover-aluminium-for-sur-ron-x-l1e\/#primaryimage","url":"https:\/\/e-motopark.com\/wp-content\/uploads\/2024\/05\/Zesileny-chranic-motoru-hlinik-na-Sur-Ron-Light-Bee-X-L1e-1.jpg","contentUrl":"https:\/\/e-motopark.com\/wp-content\/uploads\/2024\/05\/Zesileny-chranic-motoru-hlinik-na-Sur-Ron-Light-Bee-X-L1e-1.jpg","width":732,"height":728},{"@type":"BreadcrumbList","@id":"https:\/\/e-motopark.com\/en\/product\/reinforced-engine-cover-aluminium-for-sur-ron-x-l1e\/#breadcrumb","itemListElement":[{"@type":"ListItem","position":1,"name":"Dom\u016f","item":"https:\/\/e-motopark.com\/en\/e-moto-park-shop-and-rental-of-electric-motorbikes\/"},{"@type":"ListItem","position":2,"name":"Shop","item":"https:\/\/e-motopark.com\/en\/shop\/"},{"@type":"ListItem","position":3,"name":"Reinforced engine cover (aluminium) for Sur-Ron X\/L1e"}]},{"@type":"WebSite","@id":"https:\/\/e-motopark.com\/en\/#website","url":"https:\/\/e-motopark.com\/en\/","name":"E-Moto Park","description":"Prodejna a p\u016fj\u010dovna elektrick\u00fdch motorek","publisher":{"@id":"https:\/\/e-motopark.com\/en\/#organization"},"potentialAction":[{"@type":"SearchAction","target":{"@type":"EntryPoint","urlTemplate":"https:\/\/e-motopark.com\/en\/?s={search_term_string}"},"query-input":{"@type":"PropertyValueSpecification","valueRequired":true,"valueName":"search_term_string"}}],"inLanguage":"en-US"},{"@type":"Organization","@id":"https:\/\/e-motopark.com\/en\/#organization","name":"E-Moto Park","url":"https:\/\/e-motopark.com\/en\/","logo":{"@type":"ImageObject","inLanguage":"en-US","@id":"https:\/\/e-motopark.com\/en\/#\/schema\/logo\/image\/","url":"https:\/\/e-motopark.com\/wp-content\/uploads\/2023\/11\/cropped-cropped-E-Moto-Park-logo.png","contentUrl":"https:\/\/e-motopark.com\/wp-content\/uploads\/2023\/11\/cropped-cropped-E-Moto-Park-logo.png","width":108,"height":50,"caption":"E-Moto Park"},"image":{"@id":"https:\/\/e-motopark.com\/en\/#\/schema\/logo\/image\/"},"sameAs":["https:\/\/www.facebook.com\/EmotoPark\/"]}]}},"_links":{"self":[{"href":"https:\/\/e-motopark.com\/en\/wp-json\/wp\/v2\/product\/9343","targetHints":{"allow":["GET"]}}],"collection":[{"href":"https:\/\/e-motopark.com\/en\/wp-json\/wp\/v2\/product"}],"about":[{"href":"https:\/\/e-motopark.com\/en\/wp-json\/wp\/v2\/types\/product"}],"wp:featuredmedia":[{"embeddable":true,"href":"https:\/\/e-motopark.com\/en\/wp-json\/wp\/v2\/media\/7717"}],"wp:attachment":[{"href":"https:\/\/e-motopark.com\/en\/wp-json\/wp\/v2\/media?parent=9343"}],"wp:term":[{"taxonomy":"product_brand","embeddable":true,"href":"https:\/\/e-motopark.com\/en\/wp-json\/wp\/v2\/product_brand?post=9343"},{"taxonomy":"product_cat","embeddable":true,"href":"https:\/\/e-motopark.com\/en\/wp-json\/wp\/v2\/product_cat?post=9343"},{"taxonomy":"product_tag","embeddable":true,"href":"https:\/\/e-motopark.com\/en\/wp-json\/wp\/v2\/product_tag?post=9343"},{"taxonomy":"emoto_spec_group","embeddable":true,"href":"https:\/\/e-motopark.com\/en\/wp-json\/wp\/v2\/emoto_spec_group?post=9343"}],"curies":[{"name":"wp","href":"https:\/\/api.w.org\/{rel}","templated":true}]}}