{"id":9361,"date":"2024-03-28T11:20:57","date_gmt":"2024-03-28T10:20:57","guid":{"rendered":"https:\/\/e-motopark.com\/produkt\/uchyceni-stupacek-pro-spolujezdce-stupacky-na-sur-ron-ultra-bee\/"},"modified":"2025-06-04T19:50:17","modified_gmt":"2025-06-04T17:50:17","slug":"passenger-footrest-mounting-foot-pegs-on-sur-ron-ultra-bee","status":"publish","type":"product","link":"https:\/\/e-motopark.com\/en\/product\/passenger-footrest-mounting-foot-pegs-on-sur-ron-ultra-bee\/","title":{"rendered":"Passenger footrest mounting + foot pegs on Sur-Ron Ultra Bee"},"content":{"rendered":"<p><strong>Description:<\/strong><\/p>\n<ul>\n<li>Mounting of passenger footpegs + foot pegs on Sur-Ron Ultra Bee<\/li>\n<\/ul>\n<p>Holder<\/p>\n<ul>\n<li>Made of high quality 6061 T6 aluminium.<\/li>\n<li>Anodised finish for corrosion resistance.<\/li>\n<li>Quick and easy installation.<\/li>\n<\/ul>\n<p>Foot pedal<\/p>\n<ul>\n<li>Made of aluminium 7075 T6. Anodized finish. <\/li>\n<li>304 stainless steel teeth.<\/li>\n<\/ul>\n<div class=\"grid-x grid-margin-x\">\n<div class=\"cell large-8\">\n<div><\/div>\n<\/div>\n<\/div>\n","protected":false},"excerpt":{"rendered":"<p>Description: Mounting of passenger footpegs + foot pegs on Sur-Ron Ultra Bee Holder Made of high quality 6061 T6 aluminium. Anodised finish for corrosion resistance. Quick and easy installation. Foot pedal Made of aluminium 7075 T6. Anodized finish. 304 stainless steel teeth.<\/p>\n","protected":false},"featured_media":7656,"template":"","meta":{"from_xml":"","manufacturer_code":"","emoto_stock":""},"product_brand":[],"product_cat":[1694,1651],"product_tag":[],"emoto_spec_group":[],"class_list":{"0":"post-9361","1":"product","2":"type-product","3":"status-publish","4":"has-post-thumbnail","6":"product_cat-foot-pegs-en","7":"product_cat-frame-and-accessories-en","9":"first","10":"outofstock","11":"taxable","12":"shipping-taxable","13":"purchasable","14":"product-type-variable","15":"has-default-attributes"},"exclude_global_add_ons":[],"addons":[],"yoast_head":"<!-- This site is optimized with the Yoast SEO Premium plugin v27.4 (Yoast SEO v27.6) - https:\/\/yoast.com\/product\/yoast-seo-premium-wordpress\/ -->\n<title>Passenger footrest mounting + foot pegs on Sur-Ron Ultra Bee - E-Moto Park<\/title>\n<meta name=\"robots\" content=\"index, follow, max-snippet:-1, max-image-preview:large, max-video-preview:-1\" \/>\n<link rel=\"canonical\" href=\"https:\/\/e-motopark.com\/en\/product\/passenger-footrest-mounting-foot-pegs-on-sur-ron-ultra-bee\/\" \/>\n<meta property=\"og:locale\" content=\"en_US\" \/>\n<meta property=\"og:type\" content=\"article\" \/>\n<meta property=\"og:title\" content=\"Passenger footrest mounting + foot pegs on Sur-Ron Ultra Bee\" \/>\n<meta property=\"og:description\" content=\"Description: Mounting of passenger footpegs + foot pegs on Sur-Ron Ultra Bee Holder Made of high quality 6061 T6 aluminium. Anodised finish for corrosion resistance. Quick and easy installation. Foot pedal Made of aluminium 7075 T6. Anodized finish. 304 stainless steel teeth.\" \/>\n<meta property=\"og:url\" content=\"https:\/\/e-motopark.com\/en\/product\/passenger-footrest-mounting-foot-pegs-on-sur-ron-ultra-bee\/\" \/>\n<meta property=\"og:site_name\" content=\"E-Moto Park\" \/>\n<meta property=\"article:publisher\" content=\"https:\/\/www.facebook.com\/EmotoPark\/\" \/>\n<meta property=\"article:modified_time\" content=\"2025-06-04T17:50:17+00:00\" \/>\n<meta property=\"og:image\" content=\"https:\/\/e-motopark.com\/wp-content\/uploads\/2024\/03\/Uchyceni-stupacek-spolujezdce-stupacky-na-sur-ron-ultra-bee-oranzove-1.jpg\" \/>\n\t<meta property=\"og:image:width\" content=\"729\" \/>\n\t<meta property=\"og:image:height\" content=\"731\" \/>\n\t<meta property=\"og:image:type\" content=\"image\/jpeg\" \/>\n<meta name=\"twitter:card\" content=\"summary_large_image\" \/>\n<meta name=\"twitter:label1\" content=\"Est. reading time\" \/>\n\t<meta name=\"twitter:data1\" content=\"1 minute\" \/>\n<script type=\"application\/ld+json\" class=\"yoast-schema-graph\">{\"@context\":\"https:\\\/\\\/schema.org\",\"@graph\":[{\"@type\":[\"WebPage\",\"ItemPage\"],\"@id\":\"https:\\\/\\\/e-motopark.com\\\/en\\\/product\\\/passenger-footrest-mounting-foot-pegs-on-sur-ron-ultra-bee\\\/\",\"url\":\"https:\\\/\\\/e-motopark.com\\\/en\\\/product\\\/passenger-footrest-mounting-foot-pegs-on-sur-ron-ultra-bee\\\/\",\"name\":\"Passenger footrest mounting + foot pegs on Sur-Ron Ultra Bee - E-Moto Park\",\"isPartOf\":{\"@id\":\"https:\\\/\\\/e-motopark.com\\\/en\\\/#website\"},\"primaryImageOfPage\":{\"@id\":\"https:\\\/\\\/e-motopark.com\\\/en\\\/product\\\/passenger-footrest-mounting-foot-pegs-on-sur-ron-ultra-bee\\\/#primaryimage\"},\"image\":{\"@id\":\"https:\\\/\\\/e-motopark.com\\\/en\\\/product\\\/passenger-footrest-mounting-foot-pegs-on-sur-ron-ultra-bee\\\/#primaryimage\"},\"thumbnailUrl\":\"https:\\\/\\\/e-motopark.com\\\/wp-content\\\/uploads\\\/2024\\\/03\\\/Uchyceni-stupacek-spolujezdce-stupacky-na-sur-ron-ultra-bee-oranzove-1.jpg\",\"datePublished\":\"2024-03-28T10:20:57+00:00\",\"dateModified\":\"2025-06-04T17:50:17+00:00\",\"breadcrumb\":{\"@id\":\"https:\\\/\\\/e-motopark.com\\\/en\\\/product\\\/passenger-footrest-mounting-foot-pegs-on-sur-ron-ultra-bee\\\/#breadcrumb\"},\"inLanguage\":\"en-US\",\"potentialAction\":[{\"@type\":\"ReadAction\",\"target\":[\"https:\\\/\\\/e-motopark.com\\\/en\\\/product\\\/passenger-footrest-mounting-foot-pegs-on-sur-ron-ultra-bee\\\/\"]}]},{\"@type\":\"ImageObject\",\"inLanguage\":\"en-US\",\"@id\":\"https:\\\/\\\/e-motopark.com\\\/en\\\/product\\\/passenger-footrest-mounting-foot-pegs-on-sur-ron-ultra-bee\\\/#primaryimage\",\"url\":\"https:\\\/\\\/e-motopark.com\\\/wp-content\\\/uploads\\\/2024\\\/03\\\/Uchyceni-stupacek-spolujezdce-stupacky-na-sur-ron-ultra-bee-oranzove-1.jpg\",\"contentUrl\":\"https:\\\/\\\/e-motopark.com\\\/wp-content\\\/uploads\\\/2024\\\/03\\\/Uchyceni-stupacek-spolujezdce-stupacky-na-sur-ron-ultra-bee-oranzove-1.jpg\",\"width\":729,\"height\":731},{\"@type\":\"BreadcrumbList\",\"@id\":\"https:\\\/\\\/e-motopark.com\\\/en\\\/product\\\/passenger-footrest-mounting-foot-pegs-on-sur-ron-ultra-bee\\\/#breadcrumb\",\"itemListElement\":[{\"@type\":\"ListItem\",\"position\":1,\"name\":\"Dom\u016f\",\"item\":\"https:\\\/\\\/e-motopark.com\\\/en\\\/e-moto-park-shop-and-rental-of-electric-motorbikes\\\/\"},{\"@type\":\"ListItem\",\"position\":2,\"name\":\"Shop\",\"item\":\"https:\\\/\\\/e-motopark.com\\\/en\\\/shop\\\/\"},{\"@type\":\"ListItem\",\"position\":3,\"name\":\"Passenger footrest mounting + foot pegs on Sur-Ron Ultra Bee\"}]},{\"@type\":\"WebSite\",\"@id\":\"https:\\\/\\\/e-motopark.com\\\/en\\\/#website\",\"url\":\"https:\\\/\\\/e-motopark.com\\\/en\\\/\",\"name\":\"E-Moto Park\",\"description\":\"Prodejna a p\u016fj\u010dovna elektrick\u00fdch motorek\",\"publisher\":{\"@id\":\"https:\\\/\\\/e-motopark.com\\\/en\\\/#organization\"},\"potentialAction\":[{\"@type\":\"SearchAction\",\"target\":{\"@type\":\"EntryPoint\",\"urlTemplate\":\"https:\\\/\\\/e-motopark.com\\\/en\\\/?s={search_term_string}\"},\"query-input\":{\"@type\":\"PropertyValueSpecification\",\"valueRequired\":true,\"valueName\":\"search_term_string\"}}],\"inLanguage\":\"en-US\"},{\"@type\":\"Organization\",\"@id\":\"https:\\\/\\\/e-motopark.com\\\/en\\\/#organization\",\"name\":\"E-Moto Park\",\"url\":\"https:\\\/\\\/e-motopark.com\\\/en\\\/\",\"logo\":{\"@type\":\"ImageObject\",\"inLanguage\":\"en-US\",\"@id\":\"https:\\\/\\\/e-motopark.com\\\/en\\\/#\\\/schema\\\/logo\\\/image\\\/\",\"url\":\"https:\\\/\\\/e-motopark.com\\\/wp-content\\\/uploads\\\/2023\\\/11\\\/cropped-cropped-E-Moto-Park-logo.png\",\"contentUrl\":\"https:\\\/\\\/e-motopark.com\\\/wp-content\\\/uploads\\\/2023\\\/11\\\/cropped-cropped-E-Moto-Park-logo.png\",\"width\":108,\"height\":50,\"caption\":\"E-Moto Park\"},\"image\":{\"@id\":\"https:\\\/\\\/e-motopark.com\\\/en\\\/#\\\/schema\\\/logo\\\/image\\\/\"},\"sameAs\":[\"https:\\\/\\\/www.facebook.com\\\/EmotoPark\\\/\"]}]}<\/script>\n<!-- \/ Yoast SEO Premium plugin. -->","yoast_head_json":{"title":"Passenger footrest mounting + foot pegs on Sur-Ron Ultra Bee - E-Moto Park","robots":{"index":"index","follow":"follow","max-snippet":"max-snippet:-1","max-image-preview":"max-image-preview:large","max-video-preview":"max-video-preview:-1"},"canonical":"https:\/\/e-motopark.com\/en\/product\/passenger-footrest-mounting-foot-pegs-on-sur-ron-ultra-bee\/","og_locale":"en_US","og_type":"article","og_title":"Passenger footrest mounting + foot pegs on Sur-Ron Ultra Bee","og_description":"Description: Mounting of passenger footpegs + foot pegs on Sur-Ron Ultra Bee Holder Made of high quality 6061 T6 aluminium. Anodised finish for corrosion resistance. Quick and easy installation. Foot pedal Made of aluminium 7075 T6. Anodized finish. 304 stainless steel teeth.","og_url":"https:\/\/e-motopark.com\/en\/product\/passenger-footrest-mounting-foot-pegs-on-sur-ron-ultra-bee\/","og_site_name":"E-Moto Park","article_publisher":"https:\/\/www.facebook.com\/EmotoPark\/","article_modified_time":"2025-06-04T17:50:17+00:00","og_image":[{"width":729,"height":731,"url":"https:\/\/e-motopark.com\/wp-content\/uploads\/2024\/03\/Uchyceni-stupacek-spolujezdce-stupacky-na-sur-ron-ultra-bee-oranzove-1.jpg","type":"image\/jpeg"}],"twitter_card":"summary_large_image","twitter_misc":{"Est. reading time":"1 minute"},"schema":{"@context":"https:\/\/schema.org","@graph":[{"@type":["WebPage","ItemPage"],"@id":"https:\/\/e-motopark.com\/en\/product\/passenger-footrest-mounting-foot-pegs-on-sur-ron-ultra-bee\/","url":"https:\/\/e-motopark.com\/en\/product\/passenger-footrest-mounting-foot-pegs-on-sur-ron-ultra-bee\/","name":"Passenger footrest mounting + foot pegs on Sur-Ron Ultra Bee - E-Moto Park","isPartOf":{"@id":"https:\/\/e-motopark.com\/en\/#website"},"primaryImageOfPage":{"@id":"https:\/\/e-motopark.com\/en\/product\/passenger-footrest-mounting-foot-pegs-on-sur-ron-ultra-bee\/#primaryimage"},"image":{"@id":"https:\/\/e-motopark.com\/en\/product\/passenger-footrest-mounting-foot-pegs-on-sur-ron-ultra-bee\/#primaryimage"},"thumbnailUrl":"https:\/\/e-motopark.com\/wp-content\/uploads\/2024\/03\/Uchyceni-stupacek-spolujezdce-stupacky-na-sur-ron-ultra-bee-oranzove-1.jpg","datePublished":"2024-03-28T10:20:57+00:00","dateModified":"2025-06-04T17:50:17+00:00","breadcrumb":{"@id":"https:\/\/e-motopark.com\/en\/product\/passenger-footrest-mounting-foot-pegs-on-sur-ron-ultra-bee\/#breadcrumb"},"inLanguage":"en-US","potentialAction":[{"@type":"ReadAction","target":["https:\/\/e-motopark.com\/en\/product\/passenger-footrest-mounting-foot-pegs-on-sur-ron-ultra-bee\/"]}]},{"@type":"ImageObject","inLanguage":"en-US","@id":"https:\/\/e-motopark.com\/en\/product\/passenger-footrest-mounting-foot-pegs-on-sur-ron-ultra-bee\/#primaryimage","url":"https:\/\/e-motopark.com\/wp-content\/uploads\/2024\/03\/Uchyceni-stupacek-spolujezdce-stupacky-na-sur-ron-ultra-bee-oranzove-1.jpg","contentUrl":"https:\/\/e-motopark.com\/wp-content\/uploads\/2024\/03\/Uchyceni-stupacek-spolujezdce-stupacky-na-sur-ron-ultra-bee-oranzove-1.jpg","width":729,"height":731},{"@type":"BreadcrumbList","@id":"https:\/\/e-motopark.com\/en\/product\/passenger-footrest-mounting-foot-pegs-on-sur-ron-ultra-bee\/#breadcrumb","itemListElement":[{"@type":"ListItem","position":1,"name":"Dom\u016f","item":"https:\/\/e-motopark.com\/en\/e-moto-park-shop-and-rental-of-electric-motorbikes\/"},{"@type":"ListItem","position":2,"name":"Shop","item":"https:\/\/e-motopark.com\/en\/shop\/"},{"@type":"ListItem","position":3,"name":"Passenger footrest mounting + foot pegs on Sur-Ron Ultra Bee"}]},{"@type":"WebSite","@id":"https:\/\/e-motopark.com\/en\/#website","url":"https:\/\/e-motopark.com\/en\/","name":"E-Moto Park","description":"Prodejna a p\u016fj\u010dovna elektrick\u00fdch motorek","publisher":{"@id":"https:\/\/e-motopark.com\/en\/#organization"},"potentialAction":[{"@type":"SearchAction","target":{"@type":"EntryPoint","urlTemplate":"https:\/\/e-motopark.com\/en\/?s={search_term_string}"},"query-input":{"@type":"PropertyValueSpecification","valueRequired":true,"valueName":"search_term_string"}}],"inLanguage":"en-US"},{"@type":"Organization","@id":"https:\/\/e-motopark.com\/en\/#organization","name":"E-Moto Park","url":"https:\/\/e-motopark.com\/en\/","logo":{"@type":"ImageObject","inLanguage":"en-US","@id":"https:\/\/e-motopark.com\/en\/#\/schema\/logo\/image\/","url":"https:\/\/e-motopark.com\/wp-content\/uploads\/2023\/11\/cropped-cropped-E-Moto-Park-logo.png","contentUrl":"https:\/\/e-motopark.com\/wp-content\/uploads\/2023\/11\/cropped-cropped-E-Moto-Park-logo.png","width":108,"height":50,"caption":"E-Moto Park"},"image":{"@id":"https:\/\/e-motopark.com\/en\/#\/schema\/logo\/image\/"},"sameAs":["https:\/\/www.facebook.com\/EmotoPark\/"]}]}},"_links":{"self":[{"href":"https:\/\/e-motopark.com\/en\/wp-json\/wp\/v2\/product\/9361","targetHints":{"allow":["GET"]}}],"collection":[{"href":"https:\/\/e-motopark.com\/en\/wp-json\/wp\/v2\/product"}],"about":[{"href":"https:\/\/e-motopark.com\/en\/wp-json\/wp\/v2\/types\/product"}],"wp:featuredmedia":[{"embeddable":true,"href":"https:\/\/e-motopark.com\/en\/wp-json\/wp\/v2\/media\/7656"}],"wp:attachment":[{"href":"https:\/\/e-motopark.com\/en\/wp-json\/wp\/v2\/media?parent=9361"}],"wp:term":[{"taxonomy":"product_brand","embeddable":true,"href":"https:\/\/e-motopark.com\/en\/wp-json\/wp\/v2\/product_brand?post=9361"},{"taxonomy":"product_cat","embeddable":true,"href":"https:\/\/e-motopark.com\/en\/wp-json\/wp\/v2\/product_cat?post=9361"},{"taxonomy":"product_tag","embeddable":true,"href":"https:\/\/e-motopark.com\/en\/wp-json\/wp\/v2\/product_tag?post=9361"},{"taxonomy":"emoto_spec_group","embeddable":true,"href":"https:\/\/e-motopark.com\/en\/wp-json\/wp\/v2\/emoto_spec_group?post=9361"}],"curies":[{"name":"wp","href":"https:\/\/api.w.org\/{rel}","templated":true}]}}