{"id":9365,"date":"2024-03-26T12:16:01","date_gmt":"2024-03-26T11:16:01","guid":{"rendered":"https:\/\/e-motopark.com\/produkt\/vyssi-riditka-134mm-na-sur-ron-x-l1e-talaria-sting\/"},"modified":"2025-06-04T19:53:37","modified_gmt":"2025-06-04T17:53:37","slug":"higher-handlebars-31-8mm-134mm-travel-coloured-on-sur-ron-x-l1e-talaria-sting","status":"publish","type":"product","link":"https:\/\/e-motopark.com\/en\/product\/higher-handlebars-31-8mm-134mm-travel-coloured-on-sur-ron-x-l1e-talaria-sting\/","title":{"rendered":"Higher handlebars (31.8mm) (134mm travel) (Coloured) on Sur-Ron X\/L1e\/Talaria Sting"},"content":{"rendered":"<p><strong>Description:<\/strong><\/p>\n<ul>\n<li>Higher handlebars (55mm travel) on Sur-Ron X\/L1e\/Talaria Sting<\/li>\n<li>Material: aluminium 7075 T6<\/li>\n<li>Width 800 mm<\/li>\n<li>Height 134 mm<\/li>\n<li>Diameter of both ends 22 mm<\/li>\n<li>Centre diameter 31.8 mm, width 800 mm<\/li>\n<li>Improved front end stability.<\/li>\n<li>7075 T6 aluminium and anodised finish.<\/li>\n<li>The thick wall material makes the handlebars very durable and strong.<\/li>\n<li>Centering and adjustment marks engraved into the bar for perfect adjustment.<\/li>\n<li>The tapered tube design provides a thicker center and thinner ends, which provides some flexibility for a stable rod.<\/li>\n<\/ul>\n","protected":false},"excerpt":{"rendered":"<p>Description: Higher handlebars (55mm travel) on Sur-Ron X\/L1e\/Talaria Sting Material: aluminium 7075 T6 Width 800 mm Height 134 mm Diameter of both ends 22 mm Centre diameter 31.8 mm, width 800 mm Improved front end stability. 7075 T6 aluminium and anodised finish. The thick wall material makes the handlebars very durable and strong. Centering and [&hellip;]<\/p>\n","protected":false},"featured_media":8489,"template":"","meta":{"from_xml":"","manufacturer_code":"","emoto_stock":""},"product_brand":[],"product_cat":[1656,1683,1711],"product_tag":[],"emoto_spec_group":[],"class_list":{"0":"post-9365","1":"product","2":"type-product","3":"status-publish","4":"has-post-thumbnail","6":"product_cat-steering","7":"product_cat-steering-en","8":"product_cat-steering-talaria-sting-en","10":"first","11":"instock","12":"taxable","13":"shipping-taxable","14":"purchasable","15":"product-type-variable","16":"has-default-attributes"},"exclude_global_add_ons":[],"addons":[],"yoast_head":"<!-- This site is optimized with the Yoast SEO Premium plugin v27.4 (Yoast SEO v27.5) - https:\/\/yoast.com\/product\/yoast-seo-premium-wordpress\/ -->\n<title>Higher handlebars (31.8mm) (134mm travel) (Coloured) on Sur-Ron X\/L1e\/Talaria Sting - E-Moto Park<\/title>\n<meta name=\"robots\" content=\"index, follow, max-snippet:-1, max-image-preview:large, max-video-preview:-1\" \/>\n<link rel=\"canonical\" href=\"https:\/\/e-motopark.com\/en\/product\/higher-handlebars-31-8mm-134mm-travel-coloured-on-sur-ron-x-l1e-talaria-sting\/\" \/>\n<meta property=\"og:locale\" content=\"en_US\" \/>\n<meta property=\"og:type\" content=\"article\" \/>\n<meta property=\"og:title\" content=\"Higher handlebars (31.8mm) (134mm travel) (Coloured) on Sur-Ron X\/L1e\/Talaria Sting\" \/>\n<meta property=\"og:description\" content=\"Description: Higher handlebars (55mm travel) on Sur-Ron X\/L1e\/Talaria Sting Material: aluminium 7075 T6 Width 800 mm Height 134 mm Diameter of both ends 22 mm Centre diameter 31.8 mm, width 800 mm Improved front end stability. 7075 T6 aluminium and anodised finish. The thick wall material makes the handlebars very durable and strong. Centering and [&hellip;]\" \/>\n<meta property=\"og:url\" content=\"https:\/\/e-motopark.com\/en\/product\/higher-handlebars-31-8mm-134mm-travel-coloured-on-sur-ron-x-l1e-talaria-sting\/\" \/>\n<meta property=\"og:site_name\" content=\"E-Moto Park\" \/>\n<meta property=\"article:publisher\" content=\"https:\/\/www.facebook.com\/EmotoPark\/\" \/>\n<meta property=\"article:modified_time\" content=\"2025-06-04T17:53:37+00:00\" \/>\n<meta property=\"og:image\" content=\"https:\/\/e-motopark.com\/wp-content\/uploads\/2024\/03\/Vyssi-riditka-134mm-na-Sur-Ron-X-L1e-Talaria-Sting-barevne-1.jpg\" \/>\n\t<meta property=\"og:image:width\" content=\"1009\" \/>\n\t<meta property=\"og:image:height\" content=\"873\" \/>\n\t<meta property=\"og:image:type\" content=\"image\/jpeg\" \/>\n<meta name=\"twitter:card\" content=\"summary_large_image\" \/>\n<meta name=\"twitter:label1\" content=\"Est. reading time\" \/>\n\t<meta name=\"twitter:data1\" content=\"1 minute\" \/>\n<script type=\"application\/ld+json\" class=\"yoast-schema-graph\">{\"@context\":\"https:\\\/\\\/schema.org\",\"@graph\":[{\"@type\":[\"WebPage\",\"ItemPage\"],\"@id\":\"https:\\\/\\\/e-motopark.com\\\/en\\\/product\\\/higher-handlebars-31-8mm-134mm-travel-coloured-on-sur-ron-x-l1e-talaria-sting\\\/\",\"url\":\"https:\\\/\\\/e-motopark.com\\\/en\\\/product\\\/higher-handlebars-31-8mm-134mm-travel-coloured-on-sur-ron-x-l1e-talaria-sting\\\/\",\"name\":\"Higher handlebars (31.8mm) (134mm travel) (Coloured) on Sur-Ron X\\\/L1e\\\/Talaria Sting - E-Moto Park\",\"isPartOf\":{\"@id\":\"https:\\\/\\\/e-motopark.com\\\/en\\\/#website\"},\"primaryImageOfPage\":{\"@id\":\"https:\\\/\\\/e-motopark.com\\\/en\\\/product\\\/higher-handlebars-31-8mm-134mm-travel-coloured-on-sur-ron-x-l1e-talaria-sting\\\/#primaryimage\"},\"image\":{\"@id\":\"https:\\\/\\\/e-motopark.com\\\/en\\\/product\\\/higher-handlebars-31-8mm-134mm-travel-coloured-on-sur-ron-x-l1e-talaria-sting\\\/#primaryimage\"},\"thumbnailUrl\":\"https:\\\/\\\/e-motopark.com\\\/wp-content\\\/uploads\\\/2024\\\/03\\\/Vyssi-riditka-134mm-na-Sur-Ron-X-L1e-Talaria-Sting-barevne-1.jpg\",\"datePublished\":\"2024-03-26T11:16:01+00:00\",\"dateModified\":\"2025-06-04T17:53:37+00:00\",\"breadcrumb\":{\"@id\":\"https:\\\/\\\/e-motopark.com\\\/en\\\/product\\\/higher-handlebars-31-8mm-134mm-travel-coloured-on-sur-ron-x-l1e-talaria-sting\\\/#breadcrumb\"},\"inLanguage\":\"en-US\",\"potentialAction\":[{\"@type\":\"ReadAction\",\"target\":[\"https:\\\/\\\/e-motopark.com\\\/en\\\/product\\\/higher-handlebars-31-8mm-134mm-travel-coloured-on-sur-ron-x-l1e-talaria-sting\\\/\"]}]},{\"@type\":\"ImageObject\",\"inLanguage\":\"en-US\",\"@id\":\"https:\\\/\\\/e-motopark.com\\\/en\\\/product\\\/higher-handlebars-31-8mm-134mm-travel-coloured-on-sur-ron-x-l1e-talaria-sting\\\/#primaryimage\",\"url\":\"https:\\\/\\\/e-motopark.com\\\/wp-content\\\/uploads\\\/2024\\\/03\\\/Vyssi-riditka-134mm-na-Sur-Ron-X-L1e-Talaria-Sting-barevne-1.jpg\",\"contentUrl\":\"https:\\\/\\\/e-motopark.com\\\/wp-content\\\/uploads\\\/2024\\\/03\\\/Vyssi-riditka-134mm-na-Sur-Ron-X-L1e-Talaria-Sting-barevne-1.jpg\",\"width\":1009,\"height\":873},{\"@type\":\"BreadcrumbList\",\"@id\":\"https:\\\/\\\/e-motopark.com\\\/en\\\/product\\\/higher-handlebars-31-8mm-134mm-travel-coloured-on-sur-ron-x-l1e-talaria-sting\\\/#breadcrumb\",\"itemListElement\":[{\"@type\":\"ListItem\",\"position\":1,\"name\":\"Dom\u016f\",\"item\":\"https:\\\/\\\/e-motopark.com\\\/en\\\/e-moto-park-shop-and-rental-of-electric-motorbikes\\\/\"},{\"@type\":\"ListItem\",\"position\":2,\"name\":\"Shop\",\"item\":\"https:\\\/\\\/e-motopark.com\\\/en\\\/shop\\\/\"},{\"@type\":\"ListItem\",\"position\":3,\"name\":\"Higher handlebars (31.8mm) (134mm travel) (Coloured) on Sur-Ron X\\\/L1e\\\/Talaria Sting\"}]},{\"@type\":\"WebSite\",\"@id\":\"https:\\\/\\\/e-motopark.com\\\/en\\\/#website\",\"url\":\"https:\\\/\\\/e-motopark.com\\\/en\\\/\",\"name\":\"E-Moto Park\",\"description\":\"Prodejna a p\u016fj\u010dovna elektrick\u00fdch motorek\",\"publisher\":{\"@id\":\"https:\\\/\\\/e-motopark.com\\\/en\\\/#organization\"},\"potentialAction\":[{\"@type\":\"SearchAction\",\"target\":{\"@type\":\"EntryPoint\",\"urlTemplate\":\"https:\\\/\\\/e-motopark.com\\\/en\\\/?s={search_term_string}\"},\"query-input\":{\"@type\":\"PropertyValueSpecification\",\"valueRequired\":true,\"valueName\":\"search_term_string\"}}],\"inLanguage\":\"en-US\"},{\"@type\":\"Organization\",\"@id\":\"https:\\\/\\\/e-motopark.com\\\/en\\\/#organization\",\"name\":\"E-Moto Park\",\"url\":\"https:\\\/\\\/e-motopark.com\\\/en\\\/\",\"logo\":{\"@type\":\"ImageObject\",\"inLanguage\":\"en-US\",\"@id\":\"https:\\\/\\\/e-motopark.com\\\/en\\\/#\\\/schema\\\/logo\\\/image\\\/\",\"url\":\"https:\\\/\\\/e-motopark.com\\\/wp-content\\\/uploads\\\/2023\\\/11\\\/cropped-cropped-E-Moto-Park-logo.png\",\"contentUrl\":\"https:\\\/\\\/e-motopark.com\\\/wp-content\\\/uploads\\\/2023\\\/11\\\/cropped-cropped-E-Moto-Park-logo.png\",\"width\":108,\"height\":50,\"caption\":\"E-Moto Park\"},\"image\":{\"@id\":\"https:\\\/\\\/e-motopark.com\\\/en\\\/#\\\/schema\\\/logo\\\/image\\\/\"},\"sameAs\":[\"https:\\\/\\\/www.facebook.com\\\/EmotoPark\\\/\"]}]}<\/script>\n<!-- \/ Yoast SEO Premium plugin. -->","yoast_head_json":{"title":"Higher handlebars (31.8mm) (134mm travel) (Coloured) on Sur-Ron X\/L1e\/Talaria Sting - E-Moto Park","robots":{"index":"index","follow":"follow","max-snippet":"max-snippet:-1","max-image-preview":"max-image-preview:large","max-video-preview":"max-video-preview:-1"},"canonical":"https:\/\/e-motopark.com\/en\/product\/higher-handlebars-31-8mm-134mm-travel-coloured-on-sur-ron-x-l1e-talaria-sting\/","og_locale":"en_US","og_type":"article","og_title":"Higher handlebars (31.8mm) (134mm travel) (Coloured) on Sur-Ron X\/L1e\/Talaria Sting","og_description":"Description: Higher handlebars (55mm travel) on Sur-Ron X\/L1e\/Talaria Sting Material: aluminium 7075 T6 Width 800 mm Height 134 mm Diameter of both ends 22 mm Centre diameter 31.8 mm, width 800 mm Improved front end stability. 7075 T6 aluminium and anodised finish. The thick wall material makes the handlebars very durable and strong. Centering and [&hellip;]","og_url":"https:\/\/e-motopark.com\/en\/product\/higher-handlebars-31-8mm-134mm-travel-coloured-on-sur-ron-x-l1e-talaria-sting\/","og_site_name":"E-Moto Park","article_publisher":"https:\/\/www.facebook.com\/EmotoPark\/","article_modified_time":"2025-06-04T17:53:37+00:00","og_image":[{"width":1009,"height":873,"url":"https:\/\/e-motopark.com\/wp-content\/uploads\/2024\/03\/Vyssi-riditka-134mm-na-Sur-Ron-X-L1e-Talaria-Sting-barevne-1.jpg","type":"image\/jpeg"}],"twitter_card":"summary_large_image","twitter_misc":{"Est. reading time":"1 minute"},"schema":{"@context":"https:\/\/schema.org","@graph":[{"@type":["WebPage","ItemPage"],"@id":"https:\/\/e-motopark.com\/en\/product\/higher-handlebars-31-8mm-134mm-travel-coloured-on-sur-ron-x-l1e-talaria-sting\/","url":"https:\/\/e-motopark.com\/en\/product\/higher-handlebars-31-8mm-134mm-travel-coloured-on-sur-ron-x-l1e-talaria-sting\/","name":"Higher handlebars (31.8mm) (134mm travel) (Coloured) on Sur-Ron X\/L1e\/Talaria Sting - E-Moto Park","isPartOf":{"@id":"https:\/\/e-motopark.com\/en\/#website"},"primaryImageOfPage":{"@id":"https:\/\/e-motopark.com\/en\/product\/higher-handlebars-31-8mm-134mm-travel-coloured-on-sur-ron-x-l1e-talaria-sting\/#primaryimage"},"image":{"@id":"https:\/\/e-motopark.com\/en\/product\/higher-handlebars-31-8mm-134mm-travel-coloured-on-sur-ron-x-l1e-talaria-sting\/#primaryimage"},"thumbnailUrl":"https:\/\/e-motopark.com\/wp-content\/uploads\/2024\/03\/Vyssi-riditka-134mm-na-Sur-Ron-X-L1e-Talaria-Sting-barevne-1.jpg","datePublished":"2024-03-26T11:16:01+00:00","dateModified":"2025-06-04T17:53:37+00:00","breadcrumb":{"@id":"https:\/\/e-motopark.com\/en\/product\/higher-handlebars-31-8mm-134mm-travel-coloured-on-sur-ron-x-l1e-talaria-sting\/#breadcrumb"},"inLanguage":"en-US","potentialAction":[{"@type":"ReadAction","target":["https:\/\/e-motopark.com\/en\/product\/higher-handlebars-31-8mm-134mm-travel-coloured-on-sur-ron-x-l1e-talaria-sting\/"]}]},{"@type":"ImageObject","inLanguage":"en-US","@id":"https:\/\/e-motopark.com\/en\/product\/higher-handlebars-31-8mm-134mm-travel-coloured-on-sur-ron-x-l1e-talaria-sting\/#primaryimage","url":"https:\/\/e-motopark.com\/wp-content\/uploads\/2024\/03\/Vyssi-riditka-134mm-na-Sur-Ron-X-L1e-Talaria-Sting-barevne-1.jpg","contentUrl":"https:\/\/e-motopark.com\/wp-content\/uploads\/2024\/03\/Vyssi-riditka-134mm-na-Sur-Ron-X-L1e-Talaria-Sting-barevne-1.jpg","width":1009,"height":873},{"@type":"BreadcrumbList","@id":"https:\/\/e-motopark.com\/en\/product\/higher-handlebars-31-8mm-134mm-travel-coloured-on-sur-ron-x-l1e-talaria-sting\/#breadcrumb","itemListElement":[{"@type":"ListItem","position":1,"name":"Dom\u016f","item":"https:\/\/e-motopark.com\/en\/e-moto-park-shop-and-rental-of-electric-motorbikes\/"},{"@type":"ListItem","position":2,"name":"Shop","item":"https:\/\/e-motopark.com\/en\/shop\/"},{"@type":"ListItem","position":3,"name":"Higher handlebars (31.8mm) (134mm travel) (Coloured) on Sur-Ron X\/L1e\/Talaria Sting"}]},{"@type":"WebSite","@id":"https:\/\/e-motopark.com\/en\/#website","url":"https:\/\/e-motopark.com\/en\/","name":"E-Moto Park","description":"Prodejna a p\u016fj\u010dovna elektrick\u00fdch motorek","publisher":{"@id":"https:\/\/e-motopark.com\/en\/#organization"},"potentialAction":[{"@type":"SearchAction","target":{"@type":"EntryPoint","urlTemplate":"https:\/\/e-motopark.com\/en\/?s={search_term_string}"},"query-input":{"@type":"PropertyValueSpecification","valueRequired":true,"valueName":"search_term_string"}}],"inLanguage":"en-US"},{"@type":"Organization","@id":"https:\/\/e-motopark.com\/en\/#organization","name":"E-Moto Park","url":"https:\/\/e-motopark.com\/en\/","logo":{"@type":"ImageObject","inLanguage":"en-US","@id":"https:\/\/e-motopark.com\/en\/#\/schema\/logo\/image\/","url":"https:\/\/e-motopark.com\/wp-content\/uploads\/2023\/11\/cropped-cropped-E-Moto-Park-logo.png","contentUrl":"https:\/\/e-motopark.com\/wp-content\/uploads\/2023\/11\/cropped-cropped-E-Moto-Park-logo.png","width":108,"height":50,"caption":"E-Moto Park"},"image":{"@id":"https:\/\/e-motopark.com\/en\/#\/schema\/logo\/image\/"},"sameAs":["https:\/\/www.facebook.com\/EmotoPark\/"]}]}},"_links":{"self":[{"href":"https:\/\/e-motopark.com\/en\/wp-json\/wp\/v2\/product\/9365","targetHints":{"allow":["GET"]}}],"collection":[{"href":"https:\/\/e-motopark.com\/en\/wp-json\/wp\/v2\/product"}],"about":[{"href":"https:\/\/e-motopark.com\/en\/wp-json\/wp\/v2\/types\/product"}],"wp:featuredmedia":[{"embeddable":true,"href":"https:\/\/e-motopark.com\/en\/wp-json\/wp\/v2\/media\/8489"}],"wp:attachment":[{"href":"https:\/\/e-motopark.com\/en\/wp-json\/wp\/v2\/media?parent=9365"}],"wp:term":[{"taxonomy":"product_brand","embeddable":true,"href":"https:\/\/e-motopark.com\/en\/wp-json\/wp\/v2\/product_brand?post=9365"},{"taxonomy":"product_cat","embeddable":true,"href":"https:\/\/e-motopark.com\/en\/wp-json\/wp\/v2\/product_cat?post=9365"},{"taxonomy":"product_tag","embeddable":true,"href":"https:\/\/e-motopark.com\/en\/wp-json\/wp\/v2\/product_tag?post=9365"},{"taxonomy":"emoto_spec_group","embeddable":true,"href":"https:\/\/e-motopark.com\/en\/wp-json\/wp\/v2\/emoto_spec_group?post=9365"}],"curies":[{"name":"wp","href":"https:\/\/api.w.org\/{rel}","templated":true}]}}