{"id":9379,"date":"2024-02-22T14:34:53","date_gmt":"2024-02-22T13:34:53","guid":{"rendered":"https:\/\/e-motopark.com\/produkt\/haltr-1-85-na-sur-ron-light-bee-ultra-bee-talaria-sting\/"},"modified":"2025-06-04T19:59:30","modified_gmt":"2025-06-04T17:59:30","slug":"haltr-1-85-on-sur-ron-light-bee-ultra-bee-talaria-sting","status":"publish","type":"product","link":"https:\/\/e-motopark.com\/en\/product\/haltr-1-85-on-sur-ron-light-bee-ultra-bee-talaria-sting\/","title":{"rendered":"Haltr 1.85&#8243; on Sur-Ron Light Bee\/Ultra Bee\/Talaria sting"},"content":{"rendered":"<p><strong>Description:<\/strong><\/p>\n<ul>\n<li>Haltr 1.85&#8243; on Sur-Ron Light Bee\/Ultra Bee<\/li>\n<li>Haltr 1.85&#8243; on Talaria Sting<\/li>\n<li>Of metal and rubber<\/li>\n<li>Especially important for cross and enduro motorcycles.<\/li>\n<li>Used to protect the inner tube when driving with reduced tyre pressure.<\/li>\n<li>Prevents damage to the valve.<\/li>\n<li>The holder is adapted to a rim width of 1.85&#8243;<\/li>\n<\/ul>\n","protected":false},"excerpt":{"rendered":"<p>Description: Haltr 1.85&#8243; on Sur-Ron Light Bee\/Ultra Bee Haltr 1.85&#8243; on Talaria Sting Of metal and rubber Especially important for cross and enduro motorcycles. Used to protect the inner tube when driving with reduced tyre pressure. Prevents damage to the valve. The holder is adapted to a rim width of 1.85&#8243;<\/p>\n","protected":false},"featured_media":7575,"template":"","meta":{"from_xml":"","manufacturer_code":"","emoto_stock":""},"product_brand":[],"product_cat":[1676,1691,1704],"product_tag":[],"emoto_spec_group":[],"class_list":{"0":"post-9379","1":"product","2":"type-product","3":"status-publish","4":"has-post-thumbnail","6":"product_cat-wheels-and-accessories","7":"product_cat-wheels-and-accessories-en","8":"product_cat-wheels-and-accessories-talaria-sting-en","10":"first","11":"instock","12":"taxable","13":"shipping-taxable","14":"purchasable","15":"product-type-simple"},"exclude_global_add_ons":[],"addons":[],"yoast_head":"<!-- This site is optimized with the Yoast SEO Premium plugin v27.4 (Yoast SEO v27.5) - https:\/\/yoast.com\/product\/yoast-seo-premium-wordpress\/ -->\n<title>Haltr 1.85&quot; on Sur-Ron Light Bee\/Ultra Bee\/Talaria sting - E-Moto Park<\/title>\n<meta name=\"robots\" content=\"index, follow, max-snippet:-1, max-image-preview:large, max-video-preview:-1\" \/>\n<link rel=\"canonical\" href=\"https:\/\/e-motopark.com\/en\/product\/haltr-1-85-on-sur-ron-light-bee-ultra-bee-talaria-sting\/\" \/>\n<meta property=\"og:locale\" content=\"en_US\" \/>\n<meta property=\"og:type\" content=\"article\" \/>\n<meta property=\"og:title\" content=\"Haltr 1.85&quot; on Sur-Ron Light Bee\/Ultra Bee\/Talaria sting\" \/>\n<meta property=\"og:description\" content=\"Description: Haltr 1.85&#8243; on Sur-Ron Light Bee\/Ultra Bee Haltr 1.85&#8243; on Talaria Sting Of metal and rubber Especially important for cross and enduro motorcycles. Used to protect the inner tube when driving with reduced tyre pressure. Prevents damage to the valve. The holder is adapted to a rim width of 1.85&#8243;\" \/>\n<meta property=\"og:url\" content=\"https:\/\/e-motopark.com\/en\/product\/haltr-1-85-on-sur-ron-light-bee-ultra-bee-talaria-sting\/\" \/>\n<meta property=\"og:site_name\" content=\"E-Moto Park\" \/>\n<meta property=\"article:publisher\" content=\"https:\/\/www.facebook.com\/EmotoPark\/\" \/>\n<meta property=\"article:modified_time\" content=\"2025-06-04T17:59:30+00:00\" \/>\n<meta property=\"og:image\" content=\"https:\/\/e-motopark.com\/wp-content\/uploads\/2024\/02\/Haltr-1.85-na-sur-ron-talaria-sting.jpg\" \/>\n\t<meta property=\"og:image:width\" content=\"725\" \/>\n\t<meta property=\"og:image:height\" content=\"542\" \/>\n\t<meta property=\"og:image:type\" content=\"image\/jpeg\" \/>\n<meta name=\"twitter:card\" content=\"summary_large_image\" \/>\n<meta name=\"twitter:label1\" content=\"Est. reading time\" \/>\n\t<meta name=\"twitter:data1\" content=\"1 minute\" \/>\n<script type=\"application\/ld+json\" class=\"yoast-schema-graph\">{\"@context\":\"https:\\\/\\\/schema.org\",\"@graph\":[{\"@type\":[\"WebPage\",\"ItemPage\"],\"@id\":\"https:\\\/\\\/e-motopark.com\\\/en\\\/product\\\/haltr-1-85-on-sur-ron-light-bee-ultra-bee-talaria-sting\\\/\",\"url\":\"https:\\\/\\\/e-motopark.com\\\/en\\\/product\\\/haltr-1-85-on-sur-ron-light-bee-ultra-bee-talaria-sting\\\/\",\"name\":\"Haltr 1.85\\\" on Sur-Ron Light Bee\\\/Ultra Bee\\\/Talaria sting - E-Moto Park\",\"isPartOf\":{\"@id\":\"https:\\\/\\\/e-motopark.com\\\/en\\\/#website\"},\"primaryImageOfPage\":{\"@id\":\"https:\\\/\\\/e-motopark.com\\\/en\\\/product\\\/haltr-1-85-on-sur-ron-light-bee-ultra-bee-talaria-sting\\\/#primaryimage\"},\"image\":{\"@id\":\"https:\\\/\\\/e-motopark.com\\\/en\\\/product\\\/haltr-1-85-on-sur-ron-light-bee-ultra-bee-talaria-sting\\\/#primaryimage\"},\"thumbnailUrl\":\"https:\\\/\\\/e-motopark.com\\\/wp-content\\\/uploads\\\/2024\\\/02\\\/Haltr-1.85-na-sur-ron-talaria-sting.jpg\",\"datePublished\":\"2024-02-22T13:34:53+00:00\",\"dateModified\":\"2025-06-04T17:59:30+00:00\",\"breadcrumb\":{\"@id\":\"https:\\\/\\\/e-motopark.com\\\/en\\\/product\\\/haltr-1-85-on-sur-ron-light-bee-ultra-bee-talaria-sting\\\/#breadcrumb\"},\"inLanguage\":\"en-US\",\"potentialAction\":[{\"@type\":\"ReadAction\",\"target\":[\"https:\\\/\\\/e-motopark.com\\\/en\\\/product\\\/haltr-1-85-on-sur-ron-light-bee-ultra-bee-talaria-sting\\\/\"]}]},{\"@type\":\"ImageObject\",\"inLanguage\":\"en-US\",\"@id\":\"https:\\\/\\\/e-motopark.com\\\/en\\\/product\\\/haltr-1-85-on-sur-ron-light-bee-ultra-bee-talaria-sting\\\/#primaryimage\",\"url\":\"https:\\\/\\\/e-motopark.com\\\/wp-content\\\/uploads\\\/2024\\\/02\\\/Haltr-1.85-na-sur-ron-talaria-sting.jpg\",\"contentUrl\":\"https:\\\/\\\/e-motopark.com\\\/wp-content\\\/uploads\\\/2024\\\/02\\\/Haltr-1.85-na-sur-ron-talaria-sting.jpg\",\"width\":725,\"height\":542},{\"@type\":\"BreadcrumbList\",\"@id\":\"https:\\\/\\\/e-motopark.com\\\/en\\\/product\\\/haltr-1-85-on-sur-ron-light-bee-ultra-bee-talaria-sting\\\/#breadcrumb\",\"itemListElement\":[{\"@type\":\"ListItem\",\"position\":1,\"name\":\"Dom\u016f\",\"item\":\"https:\\\/\\\/e-motopark.com\\\/en\\\/e-moto-park-shop-and-rental-of-electric-motorbikes\\\/\"},{\"@type\":\"ListItem\",\"position\":2,\"name\":\"Shop\",\"item\":\"https:\\\/\\\/e-motopark.com\\\/en\\\/shop\\\/\"},{\"@type\":\"ListItem\",\"position\":3,\"name\":\"Haltr 1.85&#8243; on Sur-Ron Light Bee\\\/Ultra Bee\\\/Talaria sting\"}]},{\"@type\":\"WebSite\",\"@id\":\"https:\\\/\\\/e-motopark.com\\\/en\\\/#website\",\"url\":\"https:\\\/\\\/e-motopark.com\\\/en\\\/\",\"name\":\"E-Moto Park\",\"description\":\"Prodejna a p\u016fj\u010dovna elektrick\u00fdch motorek\",\"publisher\":{\"@id\":\"https:\\\/\\\/e-motopark.com\\\/en\\\/#organization\"},\"potentialAction\":[{\"@type\":\"SearchAction\",\"target\":{\"@type\":\"EntryPoint\",\"urlTemplate\":\"https:\\\/\\\/e-motopark.com\\\/en\\\/?s={search_term_string}\"},\"query-input\":{\"@type\":\"PropertyValueSpecification\",\"valueRequired\":true,\"valueName\":\"search_term_string\"}}],\"inLanguage\":\"en-US\"},{\"@type\":\"Organization\",\"@id\":\"https:\\\/\\\/e-motopark.com\\\/en\\\/#organization\",\"name\":\"E-Moto Park\",\"url\":\"https:\\\/\\\/e-motopark.com\\\/en\\\/\",\"logo\":{\"@type\":\"ImageObject\",\"inLanguage\":\"en-US\",\"@id\":\"https:\\\/\\\/e-motopark.com\\\/en\\\/#\\\/schema\\\/logo\\\/image\\\/\",\"url\":\"https:\\\/\\\/e-motopark.com\\\/wp-content\\\/uploads\\\/2023\\\/11\\\/cropped-cropped-E-Moto-Park-logo.png\",\"contentUrl\":\"https:\\\/\\\/e-motopark.com\\\/wp-content\\\/uploads\\\/2023\\\/11\\\/cropped-cropped-E-Moto-Park-logo.png\",\"width\":108,\"height\":50,\"caption\":\"E-Moto Park\"},\"image\":{\"@id\":\"https:\\\/\\\/e-motopark.com\\\/en\\\/#\\\/schema\\\/logo\\\/image\\\/\"},\"sameAs\":[\"https:\\\/\\\/www.facebook.com\\\/EmotoPark\\\/\"]}]}<\/script>\n<!-- \/ Yoast SEO Premium plugin. -->","yoast_head_json":{"title":"Haltr 1.85\" on Sur-Ron Light Bee\/Ultra Bee\/Talaria sting - E-Moto Park","robots":{"index":"index","follow":"follow","max-snippet":"max-snippet:-1","max-image-preview":"max-image-preview:large","max-video-preview":"max-video-preview:-1"},"canonical":"https:\/\/e-motopark.com\/en\/product\/haltr-1-85-on-sur-ron-light-bee-ultra-bee-talaria-sting\/","og_locale":"en_US","og_type":"article","og_title":"Haltr 1.85\" on Sur-Ron Light Bee\/Ultra Bee\/Talaria sting","og_description":"Description: Haltr 1.85&#8243; on Sur-Ron Light Bee\/Ultra Bee Haltr 1.85&#8243; on Talaria Sting Of metal and rubber Especially important for cross and enduro motorcycles. Used to protect the inner tube when driving with reduced tyre pressure. Prevents damage to the valve. The holder is adapted to a rim width of 1.85&#8243;","og_url":"https:\/\/e-motopark.com\/en\/product\/haltr-1-85-on-sur-ron-light-bee-ultra-bee-talaria-sting\/","og_site_name":"E-Moto Park","article_publisher":"https:\/\/www.facebook.com\/EmotoPark\/","article_modified_time":"2025-06-04T17:59:30+00:00","og_image":[{"width":725,"height":542,"url":"https:\/\/e-motopark.com\/wp-content\/uploads\/2024\/02\/Haltr-1.85-na-sur-ron-talaria-sting.jpg","type":"image\/jpeg"}],"twitter_card":"summary_large_image","twitter_misc":{"Est. reading time":"1 minute"},"schema":{"@context":"https:\/\/schema.org","@graph":[{"@type":["WebPage","ItemPage"],"@id":"https:\/\/e-motopark.com\/en\/product\/haltr-1-85-on-sur-ron-light-bee-ultra-bee-talaria-sting\/","url":"https:\/\/e-motopark.com\/en\/product\/haltr-1-85-on-sur-ron-light-bee-ultra-bee-talaria-sting\/","name":"Haltr 1.85\" on Sur-Ron Light Bee\/Ultra Bee\/Talaria sting - E-Moto Park","isPartOf":{"@id":"https:\/\/e-motopark.com\/en\/#website"},"primaryImageOfPage":{"@id":"https:\/\/e-motopark.com\/en\/product\/haltr-1-85-on-sur-ron-light-bee-ultra-bee-talaria-sting\/#primaryimage"},"image":{"@id":"https:\/\/e-motopark.com\/en\/product\/haltr-1-85-on-sur-ron-light-bee-ultra-bee-talaria-sting\/#primaryimage"},"thumbnailUrl":"https:\/\/e-motopark.com\/wp-content\/uploads\/2024\/02\/Haltr-1.85-na-sur-ron-talaria-sting.jpg","datePublished":"2024-02-22T13:34:53+00:00","dateModified":"2025-06-04T17:59:30+00:00","breadcrumb":{"@id":"https:\/\/e-motopark.com\/en\/product\/haltr-1-85-on-sur-ron-light-bee-ultra-bee-talaria-sting\/#breadcrumb"},"inLanguage":"en-US","potentialAction":[{"@type":"ReadAction","target":["https:\/\/e-motopark.com\/en\/product\/haltr-1-85-on-sur-ron-light-bee-ultra-bee-talaria-sting\/"]}]},{"@type":"ImageObject","inLanguage":"en-US","@id":"https:\/\/e-motopark.com\/en\/product\/haltr-1-85-on-sur-ron-light-bee-ultra-bee-talaria-sting\/#primaryimage","url":"https:\/\/e-motopark.com\/wp-content\/uploads\/2024\/02\/Haltr-1.85-na-sur-ron-talaria-sting.jpg","contentUrl":"https:\/\/e-motopark.com\/wp-content\/uploads\/2024\/02\/Haltr-1.85-na-sur-ron-talaria-sting.jpg","width":725,"height":542},{"@type":"BreadcrumbList","@id":"https:\/\/e-motopark.com\/en\/product\/haltr-1-85-on-sur-ron-light-bee-ultra-bee-talaria-sting\/#breadcrumb","itemListElement":[{"@type":"ListItem","position":1,"name":"Dom\u016f","item":"https:\/\/e-motopark.com\/en\/e-moto-park-shop-and-rental-of-electric-motorbikes\/"},{"@type":"ListItem","position":2,"name":"Shop","item":"https:\/\/e-motopark.com\/en\/shop\/"},{"@type":"ListItem","position":3,"name":"Haltr 1.85&#8243; on Sur-Ron Light Bee\/Ultra Bee\/Talaria sting"}]},{"@type":"WebSite","@id":"https:\/\/e-motopark.com\/en\/#website","url":"https:\/\/e-motopark.com\/en\/","name":"E-Moto Park","description":"Prodejna a p\u016fj\u010dovna elektrick\u00fdch motorek","publisher":{"@id":"https:\/\/e-motopark.com\/en\/#organization"},"potentialAction":[{"@type":"SearchAction","target":{"@type":"EntryPoint","urlTemplate":"https:\/\/e-motopark.com\/en\/?s={search_term_string}"},"query-input":{"@type":"PropertyValueSpecification","valueRequired":true,"valueName":"search_term_string"}}],"inLanguage":"en-US"},{"@type":"Organization","@id":"https:\/\/e-motopark.com\/en\/#organization","name":"E-Moto Park","url":"https:\/\/e-motopark.com\/en\/","logo":{"@type":"ImageObject","inLanguage":"en-US","@id":"https:\/\/e-motopark.com\/en\/#\/schema\/logo\/image\/","url":"https:\/\/e-motopark.com\/wp-content\/uploads\/2023\/11\/cropped-cropped-E-Moto-Park-logo.png","contentUrl":"https:\/\/e-motopark.com\/wp-content\/uploads\/2023\/11\/cropped-cropped-E-Moto-Park-logo.png","width":108,"height":50,"caption":"E-Moto Park"},"image":{"@id":"https:\/\/e-motopark.com\/en\/#\/schema\/logo\/image\/"},"sameAs":["https:\/\/www.facebook.com\/EmotoPark\/"]}]}},"_links":{"self":[{"href":"https:\/\/e-motopark.com\/en\/wp-json\/wp\/v2\/product\/9379","targetHints":{"allow":["GET"]}}],"collection":[{"href":"https:\/\/e-motopark.com\/en\/wp-json\/wp\/v2\/product"}],"about":[{"href":"https:\/\/e-motopark.com\/en\/wp-json\/wp\/v2\/types\/product"}],"wp:featuredmedia":[{"embeddable":true,"href":"https:\/\/e-motopark.com\/en\/wp-json\/wp\/v2\/media\/7575"}],"wp:attachment":[{"href":"https:\/\/e-motopark.com\/en\/wp-json\/wp\/v2\/media?parent=9379"}],"wp:term":[{"taxonomy":"product_brand","embeddable":true,"href":"https:\/\/e-motopark.com\/en\/wp-json\/wp\/v2\/product_brand?post=9379"},{"taxonomy":"product_cat","embeddable":true,"href":"https:\/\/e-motopark.com\/en\/wp-json\/wp\/v2\/product_cat?post=9379"},{"taxonomy":"product_tag","embeddable":true,"href":"https:\/\/e-motopark.com\/en\/wp-json\/wp\/v2\/product_tag?post=9379"},{"taxonomy":"emoto_spec_group","embeddable":true,"href":"https:\/\/e-motopark.com\/en\/wp-json\/wp\/v2\/emoto_spec_group?post=9379"}],"curies":[{"name":"wp","href":"https:\/\/api.w.org\/{rel}","templated":true}]}}