{"id":9385,"date":"2024-02-17T17:07:49","date_gmt":"2024-02-17T16:07:49","guid":{"rendered":"https:\/\/e-motopark.com\/produkt\/motocross-boty-thor-blitz-xp-s9-enduro-oranzova\/"},"modified":"2025-06-04T20:09:03","modified_gmt":"2025-06-04T18:09:03","slug":"motocross-shoes-thor-blitz-xp-s9-enduro-orange","status":"publish","type":"product","link":"https:\/\/e-motopark.com\/en\/product\/motocross-shoes-thor-blitz-xp-s9-enduro-orange\/","title":{"rendered":"Motocross shoes Thor Blitz XP S9 Enduro orange"},"content":{"rendered":"<p><strong>Description:<\/strong><\/p>\n<ul class=\"details__ul\">\n<li>pre-shaped moulded shin plate<\/li>\n<li>4 fully adjustable straps for a customized fit<\/li>\n<li>synthetic calf pads provide excellent durability and optimal grip<\/li>\n<li>metal fittings strengthen the durability of the sole<\/li>\n<li>sole with steel insole<\/li>\n<li>shaped buckles with zipper<\/li>\n<li>mesh lining promotes airflow<\/li>\n<\/ul>\n","protected":false},"excerpt":{"rendered":"<p>Description: pre-shaped moulded shin plate 4 fully adjustable straps for a customized fit synthetic calf pads provide excellent durability and optimal grip metal fittings strengthen the durability of the sole sole with steel insole shaped buckles with zipper mesh lining promotes airflow<\/p>\n","protected":false},"featured_media":7564,"template":"","meta":{"from_xml":"","manufacturer_code":"","emoto_stock":""},"product_brand":[],"product_cat":[],"product_tag":[],"emoto_spec_group":[],"class_list":{"0":"post-9385","1":"product","2":"type-product","3":"status-publish","4":"has-post-thumbnail","7":"first","8":"outofstock","9":"taxable","10":"shipping-taxable","11":"purchasable","12":"product-type-variable","13":"has-default-attributes"},"exclude_global_add_ons":[],"addons":[],"yoast_head":"<!-- This site is optimized with the Yoast SEO Premium plugin v27.4 (Yoast SEO v27.5) - https:\/\/yoast.com\/product\/yoast-seo-premium-wordpress\/ -->\n<title>Motocross shoes Thor Blitz XP S9 Enduro orange - E-Moto Park<\/title>\n<meta name=\"robots\" content=\"index, follow, max-snippet:-1, max-image-preview:large, max-video-preview:-1\" \/>\n<link rel=\"canonical\" href=\"https:\/\/e-motopark.com\/en\/product\/motocross-shoes-thor-blitz-xp-s9-enduro-orange\/\" \/>\n<meta property=\"og:locale\" content=\"en_US\" \/>\n<meta property=\"og:type\" content=\"article\" \/>\n<meta property=\"og:title\" content=\"Motocross shoes Thor Blitz XP S9 Enduro orange\" \/>\n<meta property=\"og:description\" content=\"Description: pre-shaped moulded shin plate 4 fully adjustable straps for a customized fit synthetic calf pads provide excellent durability and optimal grip metal fittings strengthen the durability of the sole sole with steel insole shaped buckles with zipper mesh lining promotes airflow\" \/>\n<meta property=\"og:url\" content=\"https:\/\/e-motopark.com\/en\/product\/motocross-shoes-thor-blitz-xp-s9-enduro-orange\/\" \/>\n<meta property=\"og:site_name\" content=\"E-Moto Park\" \/>\n<meta property=\"article:publisher\" content=\"https:\/\/www.facebook.com\/EmotoPark\/\" \/>\n<meta property=\"article:modified_time\" content=\"2025-06-04T18:09:03+00:00\" \/>\n<meta property=\"og:image\" content=\"https:\/\/e-motopark.com\/wp-content\/uploads\/2024\/02\/Thor-Blitz-XP-S9-Enduro-Cross-boty-oranzova.jpg\" \/>\n\t<meta property=\"og:image:width\" content=\"714\" \/>\n\t<meta property=\"og:image:height\" content=\"684\" \/>\n\t<meta property=\"og:image:type\" content=\"image\/jpeg\" \/>\n<meta name=\"twitter:card\" content=\"summary_large_image\" \/>\n<meta name=\"twitter:label1\" content=\"Est. reading time\" \/>\n\t<meta name=\"twitter:data1\" content=\"1 minute\" \/>\n<script type=\"application\/ld+json\" class=\"yoast-schema-graph\">{\"@context\":\"https:\\\/\\\/schema.org\",\"@graph\":[{\"@type\":[\"WebPage\",\"ItemPage\"],\"@id\":\"https:\\\/\\\/e-motopark.com\\\/en\\\/product\\\/motocross-shoes-thor-blitz-xp-s9-enduro-orange\\\/\",\"url\":\"https:\\\/\\\/e-motopark.com\\\/en\\\/product\\\/motocross-shoes-thor-blitz-xp-s9-enduro-orange\\\/\",\"name\":\"Motocross shoes Thor Blitz XP S9 Enduro orange - E-Moto Park\",\"isPartOf\":{\"@id\":\"https:\\\/\\\/e-motopark.com\\\/en\\\/#website\"},\"primaryImageOfPage\":{\"@id\":\"https:\\\/\\\/e-motopark.com\\\/en\\\/product\\\/motocross-shoes-thor-blitz-xp-s9-enduro-orange\\\/#primaryimage\"},\"image\":{\"@id\":\"https:\\\/\\\/e-motopark.com\\\/en\\\/product\\\/motocross-shoes-thor-blitz-xp-s9-enduro-orange\\\/#primaryimage\"},\"thumbnailUrl\":\"https:\\\/\\\/e-motopark.com\\\/wp-content\\\/uploads\\\/2024\\\/02\\\/Thor-Blitz-XP-S9-Enduro-Cross-boty-oranzova.jpg\",\"datePublished\":\"2024-02-17T16:07:49+00:00\",\"dateModified\":\"2025-06-04T18:09:03+00:00\",\"breadcrumb\":{\"@id\":\"https:\\\/\\\/e-motopark.com\\\/en\\\/product\\\/motocross-shoes-thor-blitz-xp-s9-enduro-orange\\\/#breadcrumb\"},\"inLanguage\":\"en-US\",\"potentialAction\":[{\"@type\":\"ReadAction\",\"target\":[\"https:\\\/\\\/e-motopark.com\\\/en\\\/product\\\/motocross-shoes-thor-blitz-xp-s9-enduro-orange\\\/\"]}]},{\"@type\":\"ImageObject\",\"inLanguage\":\"en-US\",\"@id\":\"https:\\\/\\\/e-motopark.com\\\/en\\\/product\\\/motocross-shoes-thor-blitz-xp-s9-enduro-orange\\\/#primaryimage\",\"url\":\"https:\\\/\\\/e-motopark.com\\\/wp-content\\\/uploads\\\/2024\\\/02\\\/Thor-Blitz-XP-S9-Enduro-Cross-boty-oranzova.jpg\",\"contentUrl\":\"https:\\\/\\\/e-motopark.com\\\/wp-content\\\/uploads\\\/2024\\\/02\\\/Thor-Blitz-XP-S9-Enduro-Cross-boty-oranzova.jpg\",\"width\":714,\"height\":684},{\"@type\":\"BreadcrumbList\",\"@id\":\"https:\\\/\\\/e-motopark.com\\\/en\\\/product\\\/motocross-shoes-thor-blitz-xp-s9-enduro-orange\\\/#breadcrumb\",\"itemListElement\":[{\"@type\":\"ListItem\",\"position\":1,\"name\":\"Dom\u016f\",\"item\":\"https:\\\/\\\/e-motopark.com\\\/en\\\/e-moto-park-shop-and-rental-of-electric-motorbikes\\\/\"},{\"@type\":\"ListItem\",\"position\":2,\"name\":\"Shop\",\"item\":\"https:\\\/\\\/e-motopark.com\\\/en\\\/shop\\\/\"},{\"@type\":\"ListItem\",\"position\":3,\"name\":\"Motocross shoes Thor Blitz XP S9 Enduro orange\"}]},{\"@type\":\"WebSite\",\"@id\":\"https:\\\/\\\/e-motopark.com\\\/en\\\/#website\",\"url\":\"https:\\\/\\\/e-motopark.com\\\/en\\\/\",\"name\":\"E-Moto Park\",\"description\":\"Prodejna a p\u016fj\u010dovna elektrick\u00fdch motorek\",\"publisher\":{\"@id\":\"https:\\\/\\\/e-motopark.com\\\/en\\\/#organization\"},\"potentialAction\":[{\"@type\":\"SearchAction\",\"target\":{\"@type\":\"EntryPoint\",\"urlTemplate\":\"https:\\\/\\\/e-motopark.com\\\/en\\\/?s={search_term_string}\"},\"query-input\":{\"@type\":\"PropertyValueSpecification\",\"valueRequired\":true,\"valueName\":\"search_term_string\"}}],\"inLanguage\":\"en-US\"},{\"@type\":\"Organization\",\"@id\":\"https:\\\/\\\/e-motopark.com\\\/en\\\/#organization\",\"name\":\"E-Moto Park\",\"url\":\"https:\\\/\\\/e-motopark.com\\\/en\\\/\",\"logo\":{\"@type\":\"ImageObject\",\"inLanguage\":\"en-US\",\"@id\":\"https:\\\/\\\/e-motopark.com\\\/en\\\/#\\\/schema\\\/logo\\\/image\\\/\",\"url\":\"https:\\\/\\\/e-motopark.com\\\/wp-content\\\/uploads\\\/2023\\\/11\\\/cropped-cropped-E-Moto-Park-logo.png\",\"contentUrl\":\"https:\\\/\\\/e-motopark.com\\\/wp-content\\\/uploads\\\/2023\\\/11\\\/cropped-cropped-E-Moto-Park-logo.png\",\"width\":108,\"height\":50,\"caption\":\"E-Moto Park\"},\"image\":{\"@id\":\"https:\\\/\\\/e-motopark.com\\\/en\\\/#\\\/schema\\\/logo\\\/image\\\/\"},\"sameAs\":[\"https:\\\/\\\/www.facebook.com\\\/EmotoPark\\\/\"]}]}<\/script>\n<!-- \/ Yoast SEO Premium plugin. -->","yoast_head_json":{"title":"Motocross shoes Thor Blitz XP S9 Enduro orange - E-Moto Park","robots":{"index":"index","follow":"follow","max-snippet":"max-snippet:-1","max-image-preview":"max-image-preview:large","max-video-preview":"max-video-preview:-1"},"canonical":"https:\/\/e-motopark.com\/en\/product\/motocross-shoes-thor-blitz-xp-s9-enduro-orange\/","og_locale":"en_US","og_type":"article","og_title":"Motocross shoes Thor Blitz XP S9 Enduro orange","og_description":"Description: pre-shaped moulded shin plate 4 fully adjustable straps for a customized fit synthetic calf pads provide excellent durability and optimal grip metal fittings strengthen the durability of the sole sole with steel insole shaped buckles with zipper mesh lining promotes airflow","og_url":"https:\/\/e-motopark.com\/en\/product\/motocross-shoes-thor-blitz-xp-s9-enduro-orange\/","og_site_name":"E-Moto Park","article_publisher":"https:\/\/www.facebook.com\/EmotoPark\/","article_modified_time":"2025-06-04T18:09:03+00:00","og_image":[{"width":714,"height":684,"url":"https:\/\/e-motopark.com\/wp-content\/uploads\/2024\/02\/Thor-Blitz-XP-S9-Enduro-Cross-boty-oranzova.jpg","type":"image\/jpeg"}],"twitter_card":"summary_large_image","twitter_misc":{"Est. reading time":"1 minute"},"schema":{"@context":"https:\/\/schema.org","@graph":[{"@type":["WebPage","ItemPage"],"@id":"https:\/\/e-motopark.com\/en\/product\/motocross-shoes-thor-blitz-xp-s9-enduro-orange\/","url":"https:\/\/e-motopark.com\/en\/product\/motocross-shoes-thor-blitz-xp-s9-enduro-orange\/","name":"Motocross shoes Thor Blitz XP S9 Enduro orange - E-Moto Park","isPartOf":{"@id":"https:\/\/e-motopark.com\/en\/#website"},"primaryImageOfPage":{"@id":"https:\/\/e-motopark.com\/en\/product\/motocross-shoes-thor-blitz-xp-s9-enduro-orange\/#primaryimage"},"image":{"@id":"https:\/\/e-motopark.com\/en\/product\/motocross-shoes-thor-blitz-xp-s9-enduro-orange\/#primaryimage"},"thumbnailUrl":"https:\/\/e-motopark.com\/wp-content\/uploads\/2024\/02\/Thor-Blitz-XP-S9-Enduro-Cross-boty-oranzova.jpg","datePublished":"2024-02-17T16:07:49+00:00","dateModified":"2025-06-04T18:09:03+00:00","breadcrumb":{"@id":"https:\/\/e-motopark.com\/en\/product\/motocross-shoes-thor-blitz-xp-s9-enduro-orange\/#breadcrumb"},"inLanguage":"en-US","potentialAction":[{"@type":"ReadAction","target":["https:\/\/e-motopark.com\/en\/product\/motocross-shoes-thor-blitz-xp-s9-enduro-orange\/"]}]},{"@type":"ImageObject","inLanguage":"en-US","@id":"https:\/\/e-motopark.com\/en\/product\/motocross-shoes-thor-blitz-xp-s9-enduro-orange\/#primaryimage","url":"https:\/\/e-motopark.com\/wp-content\/uploads\/2024\/02\/Thor-Blitz-XP-S9-Enduro-Cross-boty-oranzova.jpg","contentUrl":"https:\/\/e-motopark.com\/wp-content\/uploads\/2024\/02\/Thor-Blitz-XP-S9-Enduro-Cross-boty-oranzova.jpg","width":714,"height":684},{"@type":"BreadcrumbList","@id":"https:\/\/e-motopark.com\/en\/product\/motocross-shoes-thor-blitz-xp-s9-enduro-orange\/#breadcrumb","itemListElement":[{"@type":"ListItem","position":1,"name":"Dom\u016f","item":"https:\/\/e-motopark.com\/en\/e-moto-park-shop-and-rental-of-electric-motorbikes\/"},{"@type":"ListItem","position":2,"name":"Shop","item":"https:\/\/e-motopark.com\/en\/shop\/"},{"@type":"ListItem","position":3,"name":"Motocross shoes Thor Blitz XP S9 Enduro orange"}]},{"@type":"WebSite","@id":"https:\/\/e-motopark.com\/en\/#website","url":"https:\/\/e-motopark.com\/en\/","name":"E-Moto Park","description":"Prodejna a p\u016fj\u010dovna elektrick\u00fdch motorek","publisher":{"@id":"https:\/\/e-motopark.com\/en\/#organization"},"potentialAction":[{"@type":"SearchAction","target":{"@type":"EntryPoint","urlTemplate":"https:\/\/e-motopark.com\/en\/?s={search_term_string}"},"query-input":{"@type":"PropertyValueSpecification","valueRequired":true,"valueName":"search_term_string"}}],"inLanguage":"en-US"},{"@type":"Organization","@id":"https:\/\/e-motopark.com\/en\/#organization","name":"E-Moto Park","url":"https:\/\/e-motopark.com\/en\/","logo":{"@type":"ImageObject","inLanguage":"en-US","@id":"https:\/\/e-motopark.com\/en\/#\/schema\/logo\/image\/","url":"https:\/\/e-motopark.com\/wp-content\/uploads\/2023\/11\/cropped-cropped-E-Moto-Park-logo.png","contentUrl":"https:\/\/e-motopark.com\/wp-content\/uploads\/2023\/11\/cropped-cropped-E-Moto-Park-logo.png","width":108,"height":50,"caption":"E-Moto Park"},"image":{"@id":"https:\/\/e-motopark.com\/en\/#\/schema\/logo\/image\/"},"sameAs":["https:\/\/www.facebook.com\/EmotoPark\/"]}]}},"_links":{"self":[{"href":"https:\/\/e-motopark.com\/en\/wp-json\/wp\/v2\/product\/9385","targetHints":{"allow":["GET"]}}],"collection":[{"href":"https:\/\/e-motopark.com\/en\/wp-json\/wp\/v2\/product"}],"about":[{"href":"https:\/\/e-motopark.com\/en\/wp-json\/wp\/v2\/types\/product"}],"wp:featuredmedia":[{"embeddable":true,"href":"https:\/\/e-motopark.com\/en\/wp-json\/wp\/v2\/media\/7564"}],"wp:attachment":[{"href":"https:\/\/e-motopark.com\/en\/wp-json\/wp\/v2\/media?parent=9385"}],"wp:term":[{"taxonomy":"product_brand","embeddable":true,"href":"https:\/\/e-motopark.com\/en\/wp-json\/wp\/v2\/product_brand?post=9385"},{"taxonomy":"product_cat","embeddable":true,"href":"https:\/\/e-motopark.com\/en\/wp-json\/wp\/v2\/product_cat?post=9385"},{"taxonomy":"product_tag","embeddable":true,"href":"https:\/\/e-motopark.com\/en\/wp-json\/wp\/v2\/product_tag?post=9385"},{"taxonomy":"emoto_spec_group","embeddable":true,"href":"https:\/\/e-motopark.com\/en\/wp-json\/wp\/v2\/emoto_spec_group?post=9385"}],"curies":[{"name":"wp","href":"https:\/\/api.w.org\/{rel}","templated":true}]}}