{"id":9386,"date":"2024-02-17T16:58:01","date_gmt":"2024-02-17T15:58:01","guid":{"rendered":"https:\/\/e-motopark.com\/produkt\/chranice-kolen-leatt-dual-axis-white-black-red\/"},"modified":"2025-06-04T20:09:56","modified_gmt":"2025-06-04T18:09:56","slug":"knee-pads-leatt-dual-axis-white-black-red","status":"publish","type":"product","link":"https:\/\/e-motopark.com\/en\/product\/knee-pads-leatt-dual-axis-white-black-red\/","title":{"rendered":"Knee pads Leatt dual axis white\/black\/red"},"content":{"rendered":"<p><strong>Description:<\/strong><\/p>\n<div class=\"details__description\">\n<p class=\"details__paragraph\">The Leatt Adult Dual Axis Knee Pads are comfortable and well-ventilated knee pads with two joints that also fit snugly under maximum flexion. They feature a high level of safety, which is ensured by CE certification, and they also pass friction tests. The clamping straps are very smooth and contain no sharp edges, so the protector fits fully into the trousers.<br \/>\nfully extended shin shell  <\/p>\n<p><b>Security<\/b><\/p>\n<ul class=\"details__ul\">\n<li>Overall safety rating Leatt 25 points<\/li>\n<li>made of Leatt HDPE (high density polyethylene)<\/li>\n<li>tested and certified as impact protection: knees and shins EN1621-1<\/li>\n<li>fully extended shin guards<\/li>\n<\/ul>\n<p><b>Comfort and technical data<br \/>\n<\/b><\/p>\n<ul class=\"details__ul\">\n<li>specially designed LEATT foam on the inside for better protection (washable)<\/li>\n<li>anatomically correct pivoting design on the left and right side for perfect movement<\/li>\n<li>slime &#8211; fits any type of mx pants under or over<\/li>\n<li>excellent ventilation thanks to 9 large holes<\/li>\n<li>three adjustable Velcro fasteners<\/li>\n<\/ul>\n<p><b>Material<\/b><\/p>\n<ul class=\"details__ul\">\n<li>30% polypropylene<\/li>\n<li>20% acetate<\/li>\n<li>20% nylon<\/li>\n<li>10% polyester<\/li>\n<li>8% neoprene<\/li>\n<li>12% other<\/li>\n<\/ul>\n<\/div>\n","protected":false},"excerpt":{"rendered":"<p>Description: The Leatt Adult Dual Axis Knee Pads are comfortable and well-ventilated knee pads with two joints that also fit snugly under maximum flexion. They feature a high level of safety, which is ensured by CE certification, and they also pass friction tests. The clamping straps are very smooth and contain no sharp edges, so [&hellip;]<\/p>\n","protected":false},"featured_media":7563,"template":"","meta":{"from_xml":"","manufacturer_code":"","emoto_stock":""},"product_brand":[],"product_cat":[],"product_tag":[],"emoto_spec_group":[],"class_list":{"0":"post-9386","1":"product","2":"type-product","3":"status-publish","4":"has-post-thumbnail","7":"first","8":"outofstock","9":"taxable","10":"shipping-taxable","11":"purchasable","12":"product-type-variable","13":"has-default-attributes"},"exclude_global_add_ons":[],"addons":[],"yoast_head":"<!-- This site is optimized with the Yoast SEO Premium plugin v27.3 (Yoast SEO v27.4) - https:\/\/yoast.com\/product\/yoast-seo-premium-wordpress\/ -->\n<title>Knee pads Leatt dual axis white\/black\/red - E-Moto Park<\/title>\n<meta name=\"robots\" content=\"index, follow, max-snippet:-1, max-image-preview:large, max-video-preview:-1\" \/>\n<link rel=\"canonical\" href=\"https:\/\/e-motopark.com\/en\/product\/knee-pads-leatt-dual-axis-white-black-red\/\" \/>\n<meta property=\"og:locale\" content=\"en_US\" \/>\n<meta property=\"og:type\" content=\"article\" \/>\n<meta property=\"og:title\" content=\"Knee pads Leatt dual axis white\/black\/red\" \/>\n<meta property=\"og:description\" content=\"Description: The Leatt Adult Dual Axis Knee Pads are comfortable and well-ventilated knee pads with two joints that also fit snugly under maximum flexion. They feature a high level of safety, which is ensured by CE certification, and they also pass friction tests. The clamping straps are very smooth and contain no sharp edges, so [&hellip;]\" \/>\n<meta property=\"og:url\" content=\"https:\/\/e-motopark.com\/en\/product\/knee-pads-leatt-dual-axis-white-black-red\/\" \/>\n<meta property=\"og:site_name\" content=\"E-Moto Park\" \/>\n<meta property=\"article:publisher\" content=\"https:\/\/www.facebook.com\/EmotoPark\/\" \/>\n<meta property=\"article:modified_time\" content=\"2025-06-04T18:09:56+00:00\" \/>\n<meta property=\"og:image\" content=\"https:\/\/e-motopark.com\/wp-content\/uploads\/2024\/02\/Chranice-kolen-Leatt-dual-axis-white-black-red.jpg\" \/>\n\t<meta property=\"og:image:width\" content=\"849\" \/>\n\t<meta property=\"og:image:height\" content=\"887\" \/>\n\t<meta property=\"og:image:type\" content=\"image\/jpeg\" \/>\n<meta name=\"twitter:card\" content=\"summary_large_image\" \/>\n<meta name=\"twitter:label1\" content=\"Est. reading time\" \/>\n\t<meta name=\"twitter:data1\" content=\"2 minutes\" \/>\n<script type=\"application\/ld+json\" class=\"yoast-schema-graph\">{\"@context\":\"https:\\\/\\\/schema.org\",\"@graph\":[{\"@type\":[\"WebPage\",\"ItemPage\"],\"@id\":\"https:\\\/\\\/e-motopark.com\\\/en\\\/product\\\/knee-pads-leatt-dual-axis-white-black-red\\\/\",\"url\":\"https:\\\/\\\/e-motopark.com\\\/en\\\/product\\\/knee-pads-leatt-dual-axis-white-black-red\\\/\",\"name\":\"Knee pads Leatt dual axis white\\\/black\\\/red - E-Moto Park\",\"isPartOf\":{\"@id\":\"https:\\\/\\\/e-motopark.com\\\/en\\\/#website\"},\"primaryImageOfPage\":{\"@id\":\"https:\\\/\\\/e-motopark.com\\\/en\\\/product\\\/knee-pads-leatt-dual-axis-white-black-red\\\/#primaryimage\"},\"image\":{\"@id\":\"https:\\\/\\\/e-motopark.com\\\/en\\\/product\\\/knee-pads-leatt-dual-axis-white-black-red\\\/#primaryimage\"},\"thumbnailUrl\":\"https:\\\/\\\/e-motopark.com\\\/wp-content\\\/uploads\\\/2024\\\/02\\\/Chranice-kolen-Leatt-dual-axis-white-black-red.jpg\",\"datePublished\":\"2024-02-17T15:58:01+00:00\",\"dateModified\":\"2025-06-04T18:09:56+00:00\",\"breadcrumb\":{\"@id\":\"https:\\\/\\\/e-motopark.com\\\/en\\\/product\\\/knee-pads-leatt-dual-axis-white-black-red\\\/#breadcrumb\"},\"inLanguage\":\"en-US\",\"potentialAction\":[{\"@type\":\"ReadAction\",\"target\":[\"https:\\\/\\\/e-motopark.com\\\/en\\\/product\\\/knee-pads-leatt-dual-axis-white-black-red\\\/\"]}]},{\"@type\":\"ImageObject\",\"inLanguage\":\"en-US\",\"@id\":\"https:\\\/\\\/e-motopark.com\\\/en\\\/product\\\/knee-pads-leatt-dual-axis-white-black-red\\\/#primaryimage\",\"url\":\"https:\\\/\\\/e-motopark.com\\\/wp-content\\\/uploads\\\/2024\\\/02\\\/Chranice-kolen-Leatt-dual-axis-white-black-red.jpg\",\"contentUrl\":\"https:\\\/\\\/e-motopark.com\\\/wp-content\\\/uploads\\\/2024\\\/02\\\/Chranice-kolen-Leatt-dual-axis-white-black-red.jpg\",\"width\":849,\"height\":887},{\"@type\":\"BreadcrumbList\",\"@id\":\"https:\\\/\\\/e-motopark.com\\\/en\\\/product\\\/knee-pads-leatt-dual-axis-white-black-red\\\/#breadcrumb\",\"itemListElement\":[{\"@type\":\"ListItem\",\"position\":1,\"name\":\"Dom\u016f\",\"item\":\"https:\\\/\\\/e-motopark.com\\\/en\\\/e-moto-park-shop-and-rental-of-electric-motorbikes\\\/\"},{\"@type\":\"ListItem\",\"position\":2,\"name\":\"Shop\",\"item\":\"https:\\\/\\\/e-motopark.com\\\/en\\\/shop\\\/\"},{\"@type\":\"ListItem\",\"position\":3,\"name\":\"Knee pads Leatt dual axis white\\\/black\\\/red\"}]},{\"@type\":\"WebSite\",\"@id\":\"https:\\\/\\\/e-motopark.com\\\/en\\\/#website\",\"url\":\"https:\\\/\\\/e-motopark.com\\\/en\\\/\",\"name\":\"E-Moto Park\",\"description\":\"Prodejna a p\u016fj\u010dovna elektrick\u00fdch motorek\",\"publisher\":{\"@id\":\"https:\\\/\\\/e-motopark.com\\\/en\\\/#organization\"},\"potentialAction\":[{\"@type\":\"SearchAction\",\"target\":{\"@type\":\"EntryPoint\",\"urlTemplate\":\"https:\\\/\\\/e-motopark.com\\\/en\\\/?s={search_term_string}\"},\"query-input\":{\"@type\":\"PropertyValueSpecification\",\"valueRequired\":true,\"valueName\":\"search_term_string\"}}],\"inLanguage\":\"en-US\"},{\"@type\":\"Organization\",\"@id\":\"https:\\\/\\\/e-motopark.com\\\/en\\\/#organization\",\"name\":\"E-Moto Park\",\"url\":\"https:\\\/\\\/e-motopark.com\\\/en\\\/\",\"logo\":{\"@type\":\"ImageObject\",\"inLanguage\":\"en-US\",\"@id\":\"https:\\\/\\\/e-motopark.com\\\/en\\\/#\\\/schema\\\/logo\\\/image\\\/\",\"url\":\"https:\\\/\\\/e-motopark.com\\\/wp-content\\\/uploads\\\/2023\\\/11\\\/cropped-cropped-E-Moto-Park-logo.png\",\"contentUrl\":\"https:\\\/\\\/e-motopark.com\\\/wp-content\\\/uploads\\\/2023\\\/11\\\/cropped-cropped-E-Moto-Park-logo.png\",\"width\":108,\"height\":50,\"caption\":\"E-Moto Park\"},\"image\":{\"@id\":\"https:\\\/\\\/e-motopark.com\\\/en\\\/#\\\/schema\\\/logo\\\/image\\\/\"},\"sameAs\":[\"https:\\\/\\\/www.facebook.com\\\/EmotoPark\\\/\"]}]}<\/script>\n<!-- \/ Yoast SEO Premium plugin. -->","yoast_head_json":{"title":"Knee pads Leatt dual axis white\/black\/red - E-Moto Park","robots":{"index":"index","follow":"follow","max-snippet":"max-snippet:-1","max-image-preview":"max-image-preview:large","max-video-preview":"max-video-preview:-1"},"canonical":"https:\/\/e-motopark.com\/en\/product\/knee-pads-leatt-dual-axis-white-black-red\/","og_locale":"en_US","og_type":"article","og_title":"Knee pads Leatt dual axis white\/black\/red","og_description":"Description: The Leatt Adult Dual Axis Knee Pads are comfortable and well-ventilated knee pads with two joints that also fit snugly under maximum flexion. They feature a high level of safety, which is ensured by CE certification, and they also pass friction tests. The clamping straps are very smooth and contain no sharp edges, so [&hellip;]","og_url":"https:\/\/e-motopark.com\/en\/product\/knee-pads-leatt-dual-axis-white-black-red\/","og_site_name":"E-Moto Park","article_publisher":"https:\/\/www.facebook.com\/EmotoPark\/","article_modified_time":"2025-06-04T18:09:56+00:00","og_image":[{"width":849,"height":887,"url":"https:\/\/e-motopark.com\/wp-content\/uploads\/2024\/02\/Chranice-kolen-Leatt-dual-axis-white-black-red.jpg","type":"image\/jpeg"}],"twitter_card":"summary_large_image","twitter_misc":{"Est. reading time":"2 minutes"},"schema":{"@context":"https:\/\/schema.org","@graph":[{"@type":["WebPage","ItemPage"],"@id":"https:\/\/e-motopark.com\/en\/product\/knee-pads-leatt-dual-axis-white-black-red\/","url":"https:\/\/e-motopark.com\/en\/product\/knee-pads-leatt-dual-axis-white-black-red\/","name":"Knee pads Leatt dual axis white\/black\/red - E-Moto Park","isPartOf":{"@id":"https:\/\/e-motopark.com\/en\/#website"},"primaryImageOfPage":{"@id":"https:\/\/e-motopark.com\/en\/product\/knee-pads-leatt-dual-axis-white-black-red\/#primaryimage"},"image":{"@id":"https:\/\/e-motopark.com\/en\/product\/knee-pads-leatt-dual-axis-white-black-red\/#primaryimage"},"thumbnailUrl":"https:\/\/e-motopark.com\/wp-content\/uploads\/2024\/02\/Chranice-kolen-Leatt-dual-axis-white-black-red.jpg","datePublished":"2024-02-17T15:58:01+00:00","dateModified":"2025-06-04T18:09:56+00:00","breadcrumb":{"@id":"https:\/\/e-motopark.com\/en\/product\/knee-pads-leatt-dual-axis-white-black-red\/#breadcrumb"},"inLanguage":"en-US","potentialAction":[{"@type":"ReadAction","target":["https:\/\/e-motopark.com\/en\/product\/knee-pads-leatt-dual-axis-white-black-red\/"]}]},{"@type":"ImageObject","inLanguage":"en-US","@id":"https:\/\/e-motopark.com\/en\/product\/knee-pads-leatt-dual-axis-white-black-red\/#primaryimage","url":"https:\/\/e-motopark.com\/wp-content\/uploads\/2024\/02\/Chranice-kolen-Leatt-dual-axis-white-black-red.jpg","contentUrl":"https:\/\/e-motopark.com\/wp-content\/uploads\/2024\/02\/Chranice-kolen-Leatt-dual-axis-white-black-red.jpg","width":849,"height":887},{"@type":"BreadcrumbList","@id":"https:\/\/e-motopark.com\/en\/product\/knee-pads-leatt-dual-axis-white-black-red\/#breadcrumb","itemListElement":[{"@type":"ListItem","position":1,"name":"Dom\u016f","item":"https:\/\/e-motopark.com\/en\/e-moto-park-shop-and-rental-of-electric-motorbikes\/"},{"@type":"ListItem","position":2,"name":"Shop","item":"https:\/\/e-motopark.com\/en\/shop\/"},{"@type":"ListItem","position":3,"name":"Knee pads Leatt dual axis white\/black\/red"}]},{"@type":"WebSite","@id":"https:\/\/e-motopark.com\/en\/#website","url":"https:\/\/e-motopark.com\/en\/","name":"E-Moto Park","description":"Prodejna a p\u016fj\u010dovna elektrick\u00fdch motorek","publisher":{"@id":"https:\/\/e-motopark.com\/en\/#organization"},"potentialAction":[{"@type":"SearchAction","target":{"@type":"EntryPoint","urlTemplate":"https:\/\/e-motopark.com\/en\/?s={search_term_string}"},"query-input":{"@type":"PropertyValueSpecification","valueRequired":true,"valueName":"search_term_string"}}],"inLanguage":"en-US"},{"@type":"Organization","@id":"https:\/\/e-motopark.com\/en\/#organization","name":"E-Moto Park","url":"https:\/\/e-motopark.com\/en\/","logo":{"@type":"ImageObject","inLanguage":"en-US","@id":"https:\/\/e-motopark.com\/en\/#\/schema\/logo\/image\/","url":"https:\/\/e-motopark.com\/wp-content\/uploads\/2023\/11\/cropped-cropped-E-Moto-Park-logo.png","contentUrl":"https:\/\/e-motopark.com\/wp-content\/uploads\/2023\/11\/cropped-cropped-E-Moto-Park-logo.png","width":108,"height":50,"caption":"E-Moto Park"},"image":{"@id":"https:\/\/e-motopark.com\/en\/#\/schema\/logo\/image\/"},"sameAs":["https:\/\/www.facebook.com\/EmotoPark\/"]}]}},"_links":{"self":[{"href":"https:\/\/e-motopark.com\/en\/wp-json\/wp\/v2\/product\/9386","targetHints":{"allow":["GET"]}}],"collection":[{"href":"https:\/\/e-motopark.com\/en\/wp-json\/wp\/v2\/product"}],"about":[{"href":"https:\/\/e-motopark.com\/en\/wp-json\/wp\/v2\/types\/product"}],"wp:featuredmedia":[{"embeddable":true,"href":"https:\/\/e-motopark.com\/en\/wp-json\/wp\/v2\/media\/7563"}],"wp:attachment":[{"href":"https:\/\/e-motopark.com\/en\/wp-json\/wp\/v2\/media?parent=9386"}],"wp:term":[{"taxonomy":"product_brand","embeddable":true,"href":"https:\/\/e-motopark.com\/en\/wp-json\/wp\/v2\/product_brand?post=9386"},{"taxonomy":"product_cat","embeddable":true,"href":"https:\/\/e-motopark.com\/en\/wp-json\/wp\/v2\/product_cat?post=9386"},{"taxonomy":"product_tag","embeddable":true,"href":"https:\/\/e-motopark.com\/en\/wp-json\/wp\/v2\/product_tag?post=9386"},{"taxonomy":"emoto_spec_group","embeddable":true,"href":"https:\/\/e-motopark.com\/en\/wp-json\/wp\/v2\/emoto_spec_group?post=9386"}],"curies":[{"name":"wp","href":"https:\/\/api.w.org\/{rel}","templated":true}]}}