{"id":9388,"date":"2024-02-17T16:46:39","date_gmt":"2024-02-17T15:46:39","guid":{"rendered":"https:\/\/e-motopark.com\/produkt\/chranice-kolen-acerbis-evo-3-0-cerno-zlute\/"},"modified":"2025-06-04T20:10:51","modified_gmt":"2025-06-04T18:10:51","slug":"knee-pads-acerbis-evo-3-0-black-yellow","status":"publish","type":"product","link":"https:\/\/e-motopark.com\/en\/product\/knee-pads-acerbis-evo-3-0-black-yellow\/","title":{"rendered":"Knee pads Acerbis EVO 3.0 black-yellow"},"content":{"rendered":"<p><strong>Description:<\/strong><\/p>\n<ul class=\"details__ul\">\n<li>belt fasteners and belt bolts have been improved in version 3.0.<\/li>\n<li>made of strong and more impact-resistant polycarbonate<\/li>\n<li>have three comfortable elastic straps<\/li>\n<li>have two hinges for better fit, comfort and safety.<\/li>\n<li>Double swivel system to facilitate movement of the knee joint (does not hinder movement).<\/li>\n<li>polyurethane inner padding (soft, hypoallergenic and breathable).<\/li>\n<li>removable padding (washable)<\/li>\n<li>with vents for better ventilation of the knees and shins<\/li>\n<li>Homologation according to EN 1621 1\/2012<\/li>\n<li>The best knee pads in the price segment<\/li>\n<li>continuation of the successful Impact Evo<\/li>\n<li>the best knee pads in the price segment<\/li>\n<\/ul>\n<p class=\"details__paragraph\">Size: universal<\/p>\n","protected":false},"excerpt":{"rendered":"<p>Description: belt fasteners and belt bolts have been improved in version 3.0. made of strong and more impact-resistant polycarbonate have three comfortable elastic straps have two hinges for better fit, comfort and safety. Double swivel system to facilitate movement of the knee joint (does not hinder movement). polyurethane inner padding (soft, hypoallergenic and breathable). removable [&hellip;]<\/p>\n","protected":false},"featured_media":7561,"template":"","meta":{"from_xml":"","manufacturer_code":"","emoto_stock":""},"product_brand":[],"product_cat":[],"product_tag":[],"emoto_spec_group":[],"class_list":{"0":"post-9388","1":"product","2":"type-product","3":"status-publish","4":"has-post-thumbnail","7":"first","8":"outofstock","9":"taxable","10":"shipping-taxable","11":"purchasable","12":"product-type-simple"},"exclude_global_add_ons":[],"addons":[],"yoast_head":"<!-- This site is optimized with the Yoast SEO Premium plugin v27.3 (Yoast SEO v27.4) - https:\/\/yoast.com\/product\/yoast-seo-premium-wordpress\/ -->\n<title>Knee pads Acerbis EVO 3.0 black-yellow - E-Moto Park<\/title>\n<meta name=\"robots\" content=\"index, follow, max-snippet:-1, max-image-preview:large, max-video-preview:-1\" \/>\n<link rel=\"canonical\" href=\"https:\/\/e-motopark.com\/en\/product\/knee-pads-acerbis-evo-3-0-black-yellow\/\" \/>\n<meta property=\"og:locale\" content=\"en_US\" \/>\n<meta property=\"og:type\" content=\"article\" \/>\n<meta property=\"og:title\" content=\"Knee pads Acerbis EVO 3.0 black-yellow\" \/>\n<meta property=\"og:description\" content=\"Description: belt fasteners and belt bolts have been improved in version 3.0. made of strong and more impact-resistant polycarbonate have three comfortable elastic straps have two hinges for better fit, comfort and safety. Double swivel system to facilitate movement of the knee joint (does not hinder movement). polyurethane inner padding (soft, hypoallergenic and breathable). removable [&hellip;]\" \/>\n<meta property=\"og:url\" content=\"https:\/\/e-motopark.com\/en\/product\/knee-pads-acerbis-evo-3-0-black-yellow\/\" \/>\n<meta property=\"og:site_name\" content=\"E-Moto Park\" \/>\n<meta property=\"article:publisher\" content=\"https:\/\/www.facebook.com\/EmotoPark\/\" \/>\n<meta property=\"article:modified_time\" content=\"2025-06-04T18:10:51+00:00\" \/>\n<meta property=\"og:image\" content=\"https:\/\/e-motopark.com\/wp-content\/uploads\/2024\/02\/Chranice-kolen-Acerbis-EVO-3.0-cerno-zlute.jpg\" \/>\n\t<meta property=\"og:image:width\" content=\"818\" \/>\n\t<meta property=\"og:image:height\" content=\"731\" \/>\n\t<meta property=\"og:image:type\" content=\"image\/jpeg\" \/>\n<meta name=\"twitter:card\" content=\"summary_large_image\" \/>\n<meta name=\"twitter:label1\" content=\"Est. reading time\" \/>\n\t<meta name=\"twitter:data1\" content=\"1 minute\" \/>\n<script type=\"application\/ld+json\" class=\"yoast-schema-graph\">{\"@context\":\"https:\\\/\\\/schema.org\",\"@graph\":[{\"@type\":[\"WebPage\",\"ItemPage\"],\"@id\":\"https:\\\/\\\/e-motopark.com\\\/en\\\/product\\\/knee-pads-acerbis-evo-3-0-black-yellow\\\/\",\"url\":\"https:\\\/\\\/e-motopark.com\\\/en\\\/product\\\/knee-pads-acerbis-evo-3-0-black-yellow\\\/\",\"name\":\"Knee pads Acerbis EVO 3.0 black-yellow - E-Moto Park\",\"isPartOf\":{\"@id\":\"https:\\\/\\\/e-motopark.com\\\/en\\\/#website\"},\"primaryImageOfPage\":{\"@id\":\"https:\\\/\\\/e-motopark.com\\\/en\\\/product\\\/knee-pads-acerbis-evo-3-0-black-yellow\\\/#primaryimage\"},\"image\":{\"@id\":\"https:\\\/\\\/e-motopark.com\\\/en\\\/product\\\/knee-pads-acerbis-evo-3-0-black-yellow\\\/#primaryimage\"},\"thumbnailUrl\":\"https:\\\/\\\/e-motopark.com\\\/wp-content\\\/uploads\\\/2024\\\/02\\\/Chranice-kolen-Acerbis-EVO-3.0-cerno-zlute.jpg\",\"datePublished\":\"2024-02-17T15:46:39+00:00\",\"dateModified\":\"2025-06-04T18:10:51+00:00\",\"breadcrumb\":{\"@id\":\"https:\\\/\\\/e-motopark.com\\\/en\\\/product\\\/knee-pads-acerbis-evo-3-0-black-yellow\\\/#breadcrumb\"},\"inLanguage\":\"en-US\",\"potentialAction\":[{\"@type\":\"ReadAction\",\"target\":[\"https:\\\/\\\/e-motopark.com\\\/en\\\/product\\\/knee-pads-acerbis-evo-3-0-black-yellow\\\/\"]}]},{\"@type\":\"ImageObject\",\"inLanguage\":\"en-US\",\"@id\":\"https:\\\/\\\/e-motopark.com\\\/en\\\/product\\\/knee-pads-acerbis-evo-3-0-black-yellow\\\/#primaryimage\",\"url\":\"https:\\\/\\\/e-motopark.com\\\/wp-content\\\/uploads\\\/2024\\\/02\\\/Chranice-kolen-Acerbis-EVO-3.0-cerno-zlute.jpg\",\"contentUrl\":\"https:\\\/\\\/e-motopark.com\\\/wp-content\\\/uploads\\\/2024\\\/02\\\/Chranice-kolen-Acerbis-EVO-3.0-cerno-zlute.jpg\",\"width\":818,\"height\":731},{\"@type\":\"BreadcrumbList\",\"@id\":\"https:\\\/\\\/e-motopark.com\\\/en\\\/product\\\/knee-pads-acerbis-evo-3-0-black-yellow\\\/#breadcrumb\",\"itemListElement\":[{\"@type\":\"ListItem\",\"position\":1,\"name\":\"Dom\u016f\",\"item\":\"https:\\\/\\\/e-motopark.com\\\/en\\\/e-moto-park-shop-and-rental-of-electric-motorbikes\\\/\"},{\"@type\":\"ListItem\",\"position\":2,\"name\":\"Shop\",\"item\":\"https:\\\/\\\/e-motopark.com\\\/en\\\/shop\\\/\"},{\"@type\":\"ListItem\",\"position\":3,\"name\":\"Knee pads Acerbis EVO 3.0 black-yellow\"}]},{\"@type\":\"WebSite\",\"@id\":\"https:\\\/\\\/e-motopark.com\\\/en\\\/#website\",\"url\":\"https:\\\/\\\/e-motopark.com\\\/en\\\/\",\"name\":\"E-Moto Park\",\"description\":\"Prodejna a p\u016fj\u010dovna elektrick\u00fdch motorek\",\"publisher\":{\"@id\":\"https:\\\/\\\/e-motopark.com\\\/en\\\/#organization\"},\"potentialAction\":[{\"@type\":\"SearchAction\",\"target\":{\"@type\":\"EntryPoint\",\"urlTemplate\":\"https:\\\/\\\/e-motopark.com\\\/en\\\/?s={search_term_string}\"},\"query-input\":{\"@type\":\"PropertyValueSpecification\",\"valueRequired\":true,\"valueName\":\"search_term_string\"}}],\"inLanguage\":\"en-US\"},{\"@type\":\"Organization\",\"@id\":\"https:\\\/\\\/e-motopark.com\\\/en\\\/#organization\",\"name\":\"E-Moto Park\",\"url\":\"https:\\\/\\\/e-motopark.com\\\/en\\\/\",\"logo\":{\"@type\":\"ImageObject\",\"inLanguage\":\"en-US\",\"@id\":\"https:\\\/\\\/e-motopark.com\\\/en\\\/#\\\/schema\\\/logo\\\/image\\\/\",\"url\":\"https:\\\/\\\/e-motopark.com\\\/wp-content\\\/uploads\\\/2023\\\/11\\\/cropped-cropped-E-Moto-Park-logo.png\",\"contentUrl\":\"https:\\\/\\\/e-motopark.com\\\/wp-content\\\/uploads\\\/2023\\\/11\\\/cropped-cropped-E-Moto-Park-logo.png\",\"width\":108,\"height\":50,\"caption\":\"E-Moto Park\"},\"image\":{\"@id\":\"https:\\\/\\\/e-motopark.com\\\/en\\\/#\\\/schema\\\/logo\\\/image\\\/\"},\"sameAs\":[\"https:\\\/\\\/www.facebook.com\\\/EmotoPark\\\/\"]}]}<\/script>\n<!-- \/ Yoast SEO Premium plugin. -->","yoast_head_json":{"title":"Knee pads Acerbis EVO 3.0 black-yellow - E-Moto Park","robots":{"index":"index","follow":"follow","max-snippet":"max-snippet:-1","max-image-preview":"max-image-preview:large","max-video-preview":"max-video-preview:-1"},"canonical":"https:\/\/e-motopark.com\/en\/product\/knee-pads-acerbis-evo-3-0-black-yellow\/","og_locale":"en_US","og_type":"article","og_title":"Knee pads Acerbis EVO 3.0 black-yellow","og_description":"Description: belt fasteners and belt bolts have been improved in version 3.0. made of strong and more impact-resistant polycarbonate have three comfortable elastic straps have two hinges for better fit, comfort and safety. Double swivel system to facilitate movement of the knee joint (does not hinder movement). polyurethane inner padding (soft, hypoallergenic and breathable). removable [&hellip;]","og_url":"https:\/\/e-motopark.com\/en\/product\/knee-pads-acerbis-evo-3-0-black-yellow\/","og_site_name":"E-Moto Park","article_publisher":"https:\/\/www.facebook.com\/EmotoPark\/","article_modified_time":"2025-06-04T18:10:51+00:00","og_image":[{"width":818,"height":731,"url":"https:\/\/e-motopark.com\/wp-content\/uploads\/2024\/02\/Chranice-kolen-Acerbis-EVO-3.0-cerno-zlute.jpg","type":"image\/jpeg"}],"twitter_card":"summary_large_image","twitter_misc":{"Est. reading time":"1 minute"},"schema":{"@context":"https:\/\/schema.org","@graph":[{"@type":["WebPage","ItemPage"],"@id":"https:\/\/e-motopark.com\/en\/product\/knee-pads-acerbis-evo-3-0-black-yellow\/","url":"https:\/\/e-motopark.com\/en\/product\/knee-pads-acerbis-evo-3-0-black-yellow\/","name":"Knee pads Acerbis EVO 3.0 black-yellow - E-Moto Park","isPartOf":{"@id":"https:\/\/e-motopark.com\/en\/#website"},"primaryImageOfPage":{"@id":"https:\/\/e-motopark.com\/en\/product\/knee-pads-acerbis-evo-3-0-black-yellow\/#primaryimage"},"image":{"@id":"https:\/\/e-motopark.com\/en\/product\/knee-pads-acerbis-evo-3-0-black-yellow\/#primaryimage"},"thumbnailUrl":"https:\/\/e-motopark.com\/wp-content\/uploads\/2024\/02\/Chranice-kolen-Acerbis-EVO-3.0-cerno-zlute.jpg","datePublished":"2024-02-17T15:46:39+00:00","dateModified":"2025-06-04T18:10:51+00:00","breadcrumb":{"@id":"https:\/\/e-motopark.com\/en\/product\/knee-pads-acerbis-evo-3-0-black-yellow\/#breadcrumb"},"inLanguage":"en-US","potentialAction":[{"@type":"ReadAction","target":["https:\/\/e-motopark.com\/en\/product\/knee-pads-acerbis-evo-3-0-black-yellow\/"]}]},{"@type":"ImageObject","inLanguage":"en-US","@id":"https:\/\/e-motopark.com\/en\/product\/knee-pads-acerbis-evo-3-0-black-yellow\/#primaryimage","url":"https:\/\/e-motopark.com\/wp-content\/uploads\/2024\/02\/Chranice-kolen-Acerbis-EVO-3.0-cerno-zlute.jpg","contentUrl":"https:\/\/e-motopark.com\/wp-content\/uploads\/2024\/02\/Chranice-kolen-Acerbis-EVO-3.0-cerno-zlute.jpg","width":818,"height":731},{"@type":"BreadcrumbList","@id":"https:\/\/e-motopark.com\/en\/product\/knee-pads-acerbis-evo-3-0-black-yellow\/#breadcrumb","itemListElement":[{"@type":"ListItem","position":1,"name":"Dom\u016f","item":"https:\/\/e-motopark.com\/en\/e-moto-park-shop-and-rental-of-electric-motorbikes\/"},{"@type":"ListItem","position":2,"name":"Shop","item":"https:\/\/e-motopark.com\/en\/shop\/"},{"@type":"ListItem","position":3,"name":"Knee pads Acerbis EVO 3.0 black-yellow"}]},{"@type":"WebSite","@id":"https:\/\/e-motopark.com\/en\/#website","url":"https:\/\/e-motopark.com\/en\/","name":"E-Moto Park","description":"Prodejna a p\u016fj\u010dovna elektrick\u00fdch motorek","publisher":{"@id":"https:\/\/e-motopark.com\/en\/#organization"},"potentialAction":[{"@type":"SearchAction","target":{"@type":"EntryPoint","urlTemplate":"https:\/\/e-motopark.com\/en\/?s={search_term_string}"},"query-input":{"@type":"PropertyValueSpecification","valueRequired":true,"valueName":"search_term_string"}}],"inLanguage":"en-US"},{"@type":"Organization","@id":"https:\/\/e-motopark.com\/en\/#organization","name":"E-Moto Park","url":"https:\/\/e-motopark.com\/en\/","logo":{"@type":"ImageObject","inLanguage":"en-US","@id":"https:\/\/e-motopark.com\/en\/#\/schema\/logo\/image\/","url":"https:\/\/e-motopark.com\/wp-content\/uploads\/2023\/11\/cropped-cropped-E-Moto-Park-logo.png","contentUrl":"https:\/\/e-motopark.com\/wp-content\/uploads\/2023\/11\/cropped-cropped-E-Moto-Park-logo.png","width":108,"height":50,"caption":"E-Moto Park"},"image":{"@id":"https:\/\/e-motopark.com\/en\/#\/schema\/logo\/image\/"},"sameAs":["https:\/\/www.facebook.com\/EmotoPark\/"]}]}},"_links":{"self":[{"href":"https:\/\/e-motopark.com\/en\/wp-json\/wp\/v2\/product\/9388","targetHints":{"allow":["GET"]}}],"collection":[{"href":"https:\/\/e-motopark.com\/en\/wp-json\/wp\/v2\/product"}],"about":[{"href":"https:\/\/e-motopark.com\/en\/wp-json\/wp\/v2\/types\/product"}],"wp:featuredmedia":[{"embeddable":true,"href":"https:\/\/e-motopark.com\/en\/wp-json\/wp\/v2\/media\/7561"}],"wp:attachment":[{"href":"https:\/\/e-motopark.com\/en\/wp-json\/wp\/v2\/media?parent=9388"}],"wp:term":[{"taxonomy":"product_brand","embeddable":true,"href":"https:\/\/e-motopark.com\/en\/wp-json\/wp\/v2\/product_brand?post=9388"},{"taxonomy":"product_cat","embeddable":true,"href":"https:\/\/e-motopark.com\/en\/wp-json\/wp\/v2\/product_cat?post=9388"},{"taxonomy":"product_tag","embeddable":true,"href":"https:\/\/e-motopark.com\/en\/wp-json\/wp\/v2\/product_tag?post=9388"},{"taxonomy":"emoto_spec_group","embeddable":true,"href":"https:\/\/e-motopark.com\/en\/wp-json\/wp\/v2\/emoto_spec_group?post=9388"}],"curies":[{"name":"wp","href":"https:\/\/api.w.org\/{rel}","templated":true}]}}