{"id":9398,"date":"2024-02-17T15:22:54","date_gmt":"2024-02-17T14:22:54","guid":{"rendered":"https:\/\/e-motopark.com\/produkt\/stojan-na-zvedak-prednich-pneumatik-cerny-2\/"},"modified":"2025-06-04T20:15:28","modified_gmt":"2025-06-04T18:15:28","slug":"front-tyre-jack-stand-black","status":"publish","type":"product","link":"https:\/\/e-motopark.com\/en\/product\/front-tyre-jack-stand-black\/","title":{"rendered":"Front tyre jack stand black"},"content":{"rendered":"<p><strong>Description:<\/strong><\/p>\n<ul class=\"details__ul\">\n<li>for the front wheel of a motorcycle<\/li>\n<li>for tyres from 14 \u201cto 21\u201d diameter (fully adjustable)<\/li>\n<li>completely black painted<\/li>\n<li>use: mounting on trailer floor, platform, garage floor, etc.<\/li>\n<li>can be installed without mounting (holds the motorcycle without problems)<\/li>\n<li>facilitates motorcycle servicing<\/li>\n<li>quick and easy setup<\/li>\n<li>stable construction<\/li>\n<li>the motorcycle stands firmly in the gutter<\/li>\n<li>made of steel profiles<\/li>\n<li>has the necessary holes for fixing to the floor<\/li>\n<li>Two anchor points for attaching transport straps<\/li>\n<\/ul>\n<p><b>Dimensions<\/b><\/p>\n<ul class=\"details__ul\">\n<li>Length: 630 mm<\/li>\n<li>Width: 690 mm<\/li>\n<li>height: 480 mm<\/li>\n<li>Profile dimensions: 51&#215;33 mm<\/li>\n<li>Sheet thickness: 51.5 mm mm: 3 mm<\/li>\n<\/ul>\n","protected":false},"excerpt":{"rendered":"<p>Description: for the front wheel of a motorcycle for tyres from 14 \u201cto 21\u201d diameter (fully adjustable) completely black painted use: mounting on trailer floor, platform, garage floor, etc. can be installed without mounting (holds the motorcycle without problems) facilitates motorcycle servicing quick and easy setup stable construction the motorcycle stands firmly in the gutter [&hellip;]<\/p>\n","protected":false},"featured_media":7551,"template":"","meta":{"from_xml":"","manufacturer_code":"","emoto_stock":""},"product_brand":[],"product_cat":[1658],"product_tag":[],"emoto_spec_group":[],"class_list":{"0":"post-9398","1":"product","2":"type-product","3":"status-publish","4":"has-post-thumbnail","6":"product_cat-tools-and-equipment","8":"first","9":"instock","10":"taxable","11":"shipping-taxable","12":"purchasable","13":"product-type-simple"},"exclude_global_add_ons":[],"addons":[],"yoast_head":"<!-- This site is optimized with the Yoast SEO Premium plugin v27.4 (Yoast SEO v27.5) - https:\/\/yoast.com\/product\/yoast-seo-premium-wordpress\/ -->\n<title>Front tyre jack stand black - E-Moto Park<\/title>\n<meta name=\"robots\" content=\"index, follow, max-snippet:-1, max-image-preview:large, max-video-preview:-1\" \/>\n<link rel=\"canonical\" href=\"https:\/\/e-motopark.com\/en\/product\/front-tyre-jack-stand-black\/\" \/>\n<meta property=\"og:locale\" content=\"en_US\" \/>\n<meta property=\"og:type\" content=\"article\" \/>\n<meta property=\"og:title\" content=\"Front tyre jack stand black\" \/>\n<meta property=\"og:description\" content=\"Description: for the front wheel of a motorcycle for tyres from 14 \u201cto 21\u201d diameter (fully adjustable) completely black painted use: mounting on trailer floor, platform, garage floor, etc. can be installed without mounting (holds the motorcycle without problems) facilitates motorcycle servicing quick and easy setup stable construction the motorcycle stands firmly in the gutter [&hellip;]\" \/>\n<meta property=\"og:url\" content=\"https:\/\/e-motopark.com\/en\/product\/front-tyre-jack-stand-black\/\" \/>\n<meta property=\"og:site_name\" content=\"E-Moto Park\" \/>\n<meta property=\"article:publisher\" content=\"https:\/\/www.facebook.com\/EmotoPark\/\" \/>\n<meta property=\"article:modified_time\" content=\"2025-06-04T18:15:28+00:00\" \/>\n<meta property=\"og:image\" content=\"https:\/\/e-motopark.com\/wp-content\/uploads\/2024\/02\/Ohnuty-drzak-stojan-pro-predni-pneumatiku-cerny.jpg\" \/>\n\t<meta property=\"og:image:width\" content=\"821\" \/>\n\t<meta property=\"og:image:height\" content=\"755\" \/>\n\t<meta property=\"og:image:type\" content=\"image\/jpeg\" \/>\n<meta name=\"twitter:card\" content=\"summary_large_image\" \/>\n<meta name=\"twitter:label1\" content=\"Est. reading time\" \/>\n\t<meta name=\"twitter:data1\" content=\"1 minute\" \/>\n<script type=\"application\/ld+json\" class=\"yoast-schema-graph\">{\"@context\":\"https:\\\/\\\/schema.org\",\"@graph\":[{\"@type\":[\"WebPage\",\"ItemPage\"],\"@id\":\"https:\\\/\\\/e-motopark.com\\\/en\\\/product\\\/front-tyre-jack-stand-black\\\/\",\"url\":\"https:\\\/\\\/e-motopark.com\\\/en\\\/product\\\/front-tyre-jack-stand-black\\\/\",\"name\":\"Front tyre jack stand black - E-Moto Park\",\"isPartOf\":{\"@id\":\"https:\\\/\\\/e-motopark.com\\\/en\\\/#website\"},\"primaryImageOfPage\":{\"@id\":\"https:\\\/\\\/e-motopark.com\\\/en\\\/product\\\/front-tyre-jack-stand-black\\\/#primaryimage\"},\"image\":{\"@id\":\"https:\\\/\\\/e-motopark.com\\\/en\\\/product\\\/front-tyre-jack-stand-black\\\/#primaryimage\"},\"thumbnailUrl\":\"https:\\\/\\\/e-motopark.com\\\/wp-content\\\/uploads\\\/2024\\\/02\\\/Ohnuty-drzak-stojan-pro-predni-pneumatiku-cerny.jpg\",\"datePublished\":\"2024-02-17T14:22:54+00:00\",\"dateModified\":\"2025-06-04T18:15:28+00:00\",\"breadcrumb\":{\"@id\":\"https:\\\/\\\/e-motopark.com\\\/en\\\/product\\\/front-tyre-jack-stand-black\\\/#breadcrumb\"},\"inLanguage\":\"en-US\",\"potentialAction\":[{\"@type\":\"ReadAction\",\"target\":[\"https:\\\/\\\/e-motopark.com\\\/en\\\/product\\\/front-tyre-jack-stand-black\\\/\"]}]},{\"@type\":\"ImageObject\",\"inLanguage\":\"en-US\",\"@id\":\"https:\\\/\\\/e-motopark.com\\\/en\\\/product\\\/front-tyre-jack-stand-black\\\/#primaryimage\",\"url\":\"https:\\\/\\\/e-motopark.com\\\/wp-content\\\/uploads\\\/2024\\\/02\\\/Ohnuty-drzak-stojan-pro-predni-pneumatiku-cerny.jpg\",\"contentUrl\":\"https:\\\/\\\/e-motopark.com\\\/wp-content\\\/uploads\\\/2024\\\/02\\\/Ohnuty-drzak-stojan-pro-predni-pneumatiku-cerny.jpg\",\"width\":821,\"height\":755},{\"@type\":\"BreadcrumbList\",\"@id\":\"https:\\\/\\\/e-motopark.com\\\/en\\\/product\\\/front-tyre-jack-stand-black\\\/#breadcrumb\",\"itemListElement\":[{\"@type\":\"ListItem\",\"position\":1,\"name\":\"Dom\u016f\",\"item\":\"https:\\\/\\\/e-motopark.com\\\/en\\\/e-moto-park-shop-and-rental-of-electric-motorbikes\\\/\"},{\"@type\":\"ListItem\",\"position\":2,\"name\":\"Shop\",\"item\":\"https:\\\/\\\/e-motopark.com\\\/en\\\/shop\\\/\"},{\"@type\":\"ListItem\",\"position\":3,\"name\":\"Front tyre jack stand black\"}]},{\"@type\":\"WebSite\",\"@id\":\"https:\\\/\\\/e-motopark.com\\\/en\\\/#website\",\"url\":\"https:\\\/\\\/e-motopark.com\\\/en\\\/\",\"name\":\"E-Moto Park\",\"description\":\"Prodejna a p\u016fj\u010dovna elektrick\u00fdch motorek\",\"publisher\":{\"@id\":\"https:\\\/\\\/e-motopark.com\\\/en\\\/#organization\"},\"potentialAction\":[{\"@type\":\"SearchAction\",\"target\":{\"@type\":\"EntryPoint\",\"urlTemplate\":\"https:\\\/\\\/e-motopark.com\\\/en\\\/?s={search_term_string}\"},\"query-input\":{\"@type\":\"PropertyValueSpecification\",\"valueRequired\":true,\"valueName\":\"search_term_string\"}}],\"inLanguage\":\"en-US\"},{\"@type\":\"Organization\",\"@id\":\"https:\\\/\\\/e-motopark.com\\\/en\\\/#organization\",\"name\":\"E-Moto Park\",\"url\":\"https:\\\/\\\/e-motopark.com\\\/en\\\/\",\"logo\":{\"@type\":\"ImageObject\",\"inLanguage\":\"en-US\",\"@id\":\"https:\\\/\\\/e-motopark.com\\\/en\\\/#\\\/schema\\\/logo\\\/image\\\/\",\"url\":\"https:\\\/\\\/e-motopark.com\\\/wp-content\\\/uploads\\\/2023\\\/11\\\/cropped-cropped-E-Moto-Park-logo.png\",\"contentUrl\":\"https:\\\/\\\/e-motopark.com\\\/wp-content\\\/uploads\\\/2023\\\/11\\\/cropped-cropped-E-Moto-Park-logo.png\",\"width\":108,\"height\":50,\"caption\":\"E-Moto Park\"},\"image\":{\"@id\":\"https:\\\/\\\/e-motopark.com\\\/en\\\/#\\\/schema\\\/logo\\\/image\\\/\"},\"sameAs\":[\"https:\\\/\\\/www.facebook.com\\\/EmotoPark\\\/\"]}]}<\/script>\n<!-- \/ Yoast SEO Premium plugin. -->","yoast_head_json":{"title":"Front tyre jack stand black - E-Moto Park","robots":{"index":"index","follow":"follow","max-snippet":"max-snippet:-1","max-image-preview":"max-image-preview:large","max-video-preview":"max-video-preview:-1"},"canonical":"https:\/\/e-motopark.com\/en\/product\/front-tyre-jack-stand-black\/","og_locale":"en_US","og_type":"article","og_title":"Front tyre jack stand black","og_description":"Description: for the front wheel of a motorcycle for tyres from 14 \u201cto 21\u201d diameter (fully adjustable) completely black painted use: mounting on trailer floor, platform, garage floor, etc. can be installed without mounting (holds the motorcycle without problems) facilitates motorcycle servicing quick and easy setup stable construction the motorcycle stands firmly in the gutter [&hellip;]","og_url":"https:\/\/e-motopark.com\/en\/product\/front-tyre-jack-stand-black\/","og_site_name":"E-Moto Park","article_publisher":"https:\/\/www.facebook.com\/EmotoPark\/","article_modified_time":"2025-06-04T18:15:28+00:00","og_image":[{"width":821,"height":755,"url":"https:\/\/e-motopark.com\/wp-content\/uploads\/2024\/02\/Ohnuty-drzak-stojan-pro-predni-pneumatiku-cerny.jpg","type":"image\/jpeg"}],"twitter_card":"summary_large_image","twitter_misc":{"Est. reading time":"1 minute"},"schema":{"@context":"https:\/\/schema.org","@graph":[{"@type":["WebPage","ItemPage"],"@id":"https:\/\/e-motopark.com\/en\/product\/front-tyre-jack-stand-black\/","url":"https:\/\/e-motopark.com\/en\/product\/front-tyre-jack-stand-black\/","name":"Front tyre jack stand black - E-Moto Park","isPartOf":{"@id":"https:\/\/e-motopark.com\/en\/#website"},"primaryImageOfPage":{"@id":"https:\/\/e-motopark.com\/en\/product\/front-tyre-jack-stand-black\/#primaryimage"},"image":{"@id":"https:\/\/e-motopark.com\/en\/product\/front-tyre-jack-stand-black\/#primaryimage"},"thumbnailUrl":"https:\/\/e-motopark.com\/wp-content\/uploads\/2024\/02\/Ohnuty-drzak-stojan-pro-predni-pneumatiku-cerny.jpg","datePublished":"2024-02-17T14:22:54+00:00","dateModified":"2025-06-04T18:15:28+00:00","breadcrumb":{"@id":"https:\/\/e-motopark.com\/en\/product\/front-tyre-jack-stand-black\/#breadcrumb"},"inLanguage":"en-US","potentialAction":[{"@type":"ReadAction","target":["https:\/\/e-motopark.com\/en\/product\/front-tyre-jack-stand-black\/"]}]},{"@type":"ImageObject","inLanguage":"en-US","@id":"https:\/\/e-motopark.com\/en\/product\/front-tyre-jack-stand-black\/#primaryimage","url":"https:\/\/e-motopark.com\/wp-content\/uploads\/2024\/02\/Ohnuty-drzak-stojan-pro-predni-pneumatiku-cerny.jpg","contentUrl":"https:\/\/e-motopark.com\/wp-content\/uploads\/2024\/02\/Ohnuty-drzak-stojan-pro-predni-pneumatiku-cerny.jpg","width":821,"height":755},{"@type":"BreadcrumbList","@id":"https:\/\/e-motopark.com\/en\/product\/front-tyre-jack-stand-black\/#breadcrumb","itemListElement":[{"@type":"ListItem","position":1,"name":"Dom\u016f","item":"https:\/\/e-motopark.com\/en\/e-moto-park-shop-and-rental-of-electric-motorbikes\/"},{"@type":"ListItem","position":2,"name":"Shop","item":"https:\/\/e-motopark.com\/en\/shop\/"},{"@type":"ListItem","position":3,"name":"Front tyre jack stand black"}]},{"@type":"WebSite","@id":"https:\/\/e-motopark.com\/en\/#website","url":"https:\/\/e-motopark.com\/en\/","name":"E-Moto Park","description":"Prodejna a p\u016fj\u010dovna elektrick\u00fdch motorek","publisher":{"@id":"https:\/\/e-motopark.com\/en\/#organization"},"potentialAction":[{"@type":"SearchAction","target":{"@type":"EntryPoint","urlTemplate":"https:\/\/e-motopark.com\/en\/?s={search_term_string}"},"query-input":{"@type":"PropertyValueSpecification","valueRequired":true,"valueName":"search_term_string"}}],"inLanguage":"en-US"},{"@type":"Organization","@id":"https:\/\/e-motopark.com\/en\/#organization","name":"E-Moto Park","url":"https:\/\/e-motopark.com\/en\/","logo":{"@type":"ImageObject","inLanguage":"en-US","@id":"https:\/\/e-motopark.com\/en\/#\/schema\/logo\/image\/","url":"https:\/\/e-motopark.com\/wp-content\/uploads\/2023\/11\/cropped-cropped-E-Moto-Park-logo.png","contentUrl":"https:\/\/e-motopark.com\/wp-content\/uploads\/2023\/11\/cropped-cropped-E-Moto-Park-logo.png","width":108,"height":50,"caption":"E-Moto Park"},"image":{"@id":"https:\/\/e-motopark.com\/en\/#\/schema\/logo\/image\/"},"sameAs":["https:\/\/www.facebook.com\/EmotoPark\/"]}]}},"_links":{"self":[{"href":"https:\/\/e-motopark.com\/en\/wp-json\/wp\/v2\/product\/9398","targetHints":{"allow":["GET"]}}],"collection":[{"href":"https:\/\/e-motopark.com\/en\/wp-json\/wp\/v2\/product"}],"about":[{"href":"https:\/\/e-motopark.com\/en\/wp-json\/wp\/v2\/types\/product"}],"wp:featuredmedia":[{"embeddable":true,"href":"https:\/\/e-motopark.com\/en\/wp-json\/wp\/v2\/media\/7551"}],"wp:attachment":[{"href":"https:\/\/e-motopark.com\/en\/wp-json\/wp\/v2\/media?parent=9398"}],"wp:term":[{"taxonomy":"product_brand","embeddable":true,"href":"https:\/\/e-motopark.com\/en\/wp-json\/wp\/v2\/product_brand?post=9398"},{"taxonomy":"product_cat","embeddable":true,"href":"https:\/\/e-motopark.com\/en\/wp-json\/wp\/v2\/product_cat?post=9398"},{"taxonomy":"product_tag","embeddable":true,"href":"https:\/\/e-motopark.com\/en\/wp-json\/wp\/v2\/product_tag?post=9398"},{"taxonomy":"emoto_spec_group","embeddable":true,"href":"https:\/\/e-motopark.com\/en\/wp-json\/wp\/v2\/emoto_spec_group?post=9398"}],"curies":[{"name":"wp","href":"https:\/\/api.w.org\/{rel}","templated":true}]}}