{"id":9399,"date":"2024-02-17T15:09:15","date_gmt":"2024-02-17T14:09:15","guid":{"rendered":"https:\/\/e-motopark.com\/produkt\/stojan-na-zvedak-prednich-pneumatik-cerny\/"},"modified":"2025-06-04T20:15:38","modified_gmt":"2025-06-04T18:15:38","slug":"front-tyre-jack-stand-black-2","status":"publish","type":"product","link":"https:\/\/e-motopark.com\/en\/product\/front-tyre-jack-stand-black-2\/","title":{"rendered":"Front tyre jack stand black"},"content":{"rendered":"<p><strong>Description:<\/strong><\/p>\n<ul class=\"details__ul\">\n<li>for the front wheel of a motorcycle<\/li>\n<li>for tyres from 14 \u201cto 21\u201d diameter (fully adjustable)<\/li>\n<li>fully galvanized<\/li>\n<li>use: mounting on trailer floor, bus floor, platform, garage floor, etc.<\/li>\n<li>can be installed without mounting (holds the motorcycle without problems)<\/li>\n<li>Quick and easy setup<\/li>\n<li>Stable construction<\/li>\n<li>The motorcycle stands steady when pushed against the chute<\/li>\n<li>made of steel profiles<\/li>\n<li>With necessary screws for floor mounting<\/li>\n<li>Two mounting brackets for attaching transport straps<\/li>\n<\/ul>\n<p><b>Dimensions<\/b><\/p>\n<ul class=\"details__ul\">\n<li>Length: 650 mm<\/li>\n<li>Width: 600 mm<\/li>\n<li>height: 410 mm<\/li>\n<li>Max. width of tyre holder: 190 mm <\/li>\n<li>Tyre holder width min: 40 mm<\/li>\n<li>Thickness of cross section: 30&#215;30 mm<\/li>\n<li>thickness of wheel holders: 3 mm<\/li>\n<li>Thickness of other elements: 3 mm 2 mm<\/li>\n<\/ul>\n","protected":false},"excerpt":{"rendered":"<p>Description: for the front wheel of a motorcycle for tyres from 14 \u201cto 21\u201d diameter (fully adjustable) fully galvanized use: mounting on trailer floor, bus floor, platform, garage floor, etc. can be installed without mounting (holds the motorcycle without problems) Quick and easy setup Stable construction The motorcycle stands steady when pushed against the chute [&hellip;]<\/p>\n","protected":false},"featured_media":7550,"template":"","meta":{"from_xml":"","manufacturer_code":"","emoto_stock":""},"product_brand":[],"product_cat":[1658],"product_tag":[],"emoto_spec_group":[],"class_list":{"0":"post-9399","1":"product","2":"type-product","3":"status-publish","4":"has-post-thumbnail","6":"product_cat-tools-and-equipment","8":"first","9":"instock","10":"taxable","11":"shipping-taxable","12":"purchasable","13":"product-type-simple"},"exclude_global_add_ons":[],"addons":[],"yoast_head":"<!-- This site is optimized with the Yoast SEO Premium plugin v27.4 (Yoast SEO v27.5) - https:\/\/yoast.com\/product\/yoast-seo-premium-wordpress\/ -->\n<title>Front tyre jack stand black - E-Moto Park<\/title>\n<meta name=\"robots\" content=\"index, follow, max-snippet:-1, max-image-preview:large, max-video-preview:-1\" \/>\n<link rel=\"canonical\" href=\"https:\/\/e-motopark.com\/en\/product\/front-tyre-jack-stand-black-2\/\" \/>\n<meta property=\"og:locale\" content=\"en_US\" \/>\n<meta property=\"og:type\" content=\"article\" \/>\n<meta property=\"og:title\" content=\"Front tyre jack stand black\" \/>\n<meta property=\"og:description\" content=\"Description: for the front wheel of a motorcycle for tyres from 14 \u201cto 21\u201d diameter (fully adjustable) fully galvanized use: mounting on trailer floor, bus floor, platform, garage floor, etc. can be installed without mounting (holds the motorcycle without problems) Quick and easy setup Stable construction The motorcycle stands steady when pushed against the chute [&hellip;]\" \/>\n<meta property=\"og:url\" content=\"https:\/\/e-motopark.com\/en\/product\/front-tyre-jack-stand-black-2\/\" \/>\n<meta property=\"og:site_name\" content=\"E-Moto Park\" \/>\n<meta property=\"article:publisher\" content=\"https:\/\/www.facebook.com\/EmotoPark\/\" \/>\n<meta property=\"article:modified_time\" content=\"2025-06-04T18:15:38+00:00\" \/>\n<meta property=\"og:image\" content=\"https:\/\/e-motopark.com\/wp-content\/uploads\/2024\/02\/Stojan-na-zvedak-prednich-pneumatik-cerny.png\" \/>\n\t<meta property=\"og:image:width\" content=\"925\" \/>\n\t<meta property=\"og:image:height\" content=\"910\" \/>\n\t<meta property=\"og:image:type\" content=\"image\/png\" \/>\n<meta name=\"twitter:card\" content=\"summary_large_image\" \/>\n<meta name=\"twitter:label1\" content=\"Est. reading time\" \/>\n\t<meta name=\"twitter:data1\" content=\"1 minute\" \/>\n<script type=\"application\/ld+json\" class=\"yoast-schema-graph\">{\"@context\":\"https:\\\/\\\/schema.org\",\"@graph\":[{\"@type\":[\"WebPage\",\"ItemPage\"],\"@id\":\"https:\\\/\\\/e-motopark.com\\\/en\\\/product\\\/front-tyre-jack-stand-black-2\\\/\",\"url\":\"https:\\\/\\\/e-motopark.com\\\/en\\\/product\\\/front-tyre-jack-stand-black-2\\\/\",\"name\":\"Front tyre jack stand black - E-Moto Park\",\"isPartOf\":{\"@id\":\"https:\\\/\\\/e-motopark.com\\\/en\\\/#website\"},\"primaryImageOfPage\":{\"@id\":\"https:\\\/\\\/e-motopark.com\\\/en\\\/product\\\/front-tyre-jack-stand-black-2\\\/#primaryimage\"},\"image\":{\"@id\":\"https:\\\/\\\/e-motopark.com\\\/en\\\/product\\\/front-tyre-jack-stand-black-2\\\/#primaryimage\"},\"thumbnailUrl\":\"https:\\\/\\\/e-motopark.com\\\/wp-content\\\/uploads\\\/2024\\\/02\\\/Stojan-na-zvedak-prednich-pneumatik-cerny.png\",\"datePublished\":\"2024-02-17T14:09:15+00:00\",\"dateModified\":\"2025-06-04T18:15:38+00:00\",\"breadcrumb\":{\"@id\":\"https:\\\/\\\/e-motopark.com\\\/en\\\/product\\\/front-tyre-jack-stand-black-2\\\/#breadcrumb\"},\"inLanguage\":\"en-US\",\"potentialAction\":[{\"@type\":\"ReadAction\",\"target\":[\"https:\\\/\\\/e-motopark.com\\\/en\\\/product\\\/front-tyre-jack-stand-black-2\\\/\"]}]},{\"@type\":\"ImageObject\",\"inLanguage\":\"en-US\",\"@id\":\"https:\\\/\\\/e-motopark.com\\\/en\\\/product\\\/front-tyre-jack-stand-black-2\\\/#primaryimage\",\"url\":\"https:\\\/\\\/e-motopark.com\\\/wp-content\\\/uploads\\\/2024\\\/02\\\/Stojan-na-zvedak-prednich-pneumatik-cerny.png\",\"contentUrl\":\"https:\\\/\\\/e-motopark.com\\\/wp-content\\\/uploads\\\/2024\\\/02\\\/Stojan-na-zvedak-prednich-pneumatik-cerny.png\",\"width\":925,\"height\":910},{\"@type\":\"BreadcrumbList\",\"@id\":\"https:\\\/\\\/e-motopark.com\\\/en\\\/product\\\/front-tyre-jack-stand-black-2\\\/#breadcrumb\",\"itemListElement\":[{\"@type\":\"ListItem\",\"position\":1,\"name\":\"Dom\u016f\",\"item\":\"https:\\\/\\\/e-motopark.com\\\/en\\\/e-moto-park-shop-and-rental-of-electric-motorbikes\\\/\"},{\"@type\":\"ListItem\",\"position\":2,\"name\":\"Shop\",\"item\":\"https:\\\/\\\/e-motopark.com\\\/en\\\/shop\\\/\"},{\"@type\":\"ListItem\",\"position\":3,\"name\":\"Front tyre jack stand black\"}]},{\"@type\":\"WebSite\",\"@id\":\"https:\\\/\\\/e-motopark.com\\\/en\\\/#website\",\"url\":\"https:\\\/\\\/e-motopark.com\\\/en\\\/\",\"name\":\"E-Moto Park\",\"description\":\"Prodejna a p\u016fj\u010dovna elektrick\u00fdch motorek\",\"publisher\":{\"@id\":\"https:\\\/\\\/e-motopark.com\\\/en\\\/#organization\"},\"potentialAction\":[{\"@type\":\"SearchAction\",\"target\":{\"@type\":\"EntryPoint\",\"urlTemplate\":\"https:\\\/\\\/e-motopark.com\\\/en\\\/?s={search_term_string}\"},\"query-input\":{\"@type\":\"PropertyValueSpecification\",\"valueRequired\":true,\"valueName\":\"search_term_string\"}}],\"inLanguage\":\"en-US\"},{\"@type\":\"Organization\",\"@id\":\"https:\\\/\\\/e-motopark.com\\\/en\\\/#organization\",\"name\":\"E-Moto Park\",\"url\":\"https:\\\/\\\/e-motopark.com\\\/en\\\/\",\"logo\":{\"@type\":\"ImageObject\",\"inLanguage\":\"en-US\",\"@id\":\"https:\\\/\\\/e-motopark.com\\\/en\\\/#\\\/schema\\\/logo\\\/image\\\/\",\"url\":\"https:\\\/\\\/e-motopark.com\\\/wp-content\\\/uploads\\\/2023\\\/11\\\/cropped-cropped-E-Moto-Park-logo.png\",\"contentUrl\":\"https:\\\/\\\/e-motopark.com\\\/wp-content\\\/uploads\\\/2023\\\/11\\\/cropped-cropped-E-Moto-Park-logo.png\",\"width\":108,\"height\":50,\"caption\":\"E-Moto Park\"},\"image\":{\"@id\":\"https:\\\/\\\/e-motopark.com\\\/en\\\/#\\\/schema\\\/logo\\\/image\\\/\"},\"sameAs\":[\"https:\\\/\\\/www.facebook.com\\\/EmotoPark\\\/\"]}]}<\/script>\n<!-- \/ Yoast SEO Premium plugin. -->","yoast_head_json":{"title":"Front tyre jack stand black - E-Moto Park","robots":{"index":"index","follow":"follow","max-snippet":"max-snippet:-1","max-image-preview":"max-image-preview:large","max-video-preview":"max-video-preview:-1"},"canonical":"https:\/\/e-motopark.com\/en\/product\/front-tyre-jack-stand-black-2\/","og_locale":"en_US","og_type":"article","og_title":"Front tyre jack stand black","og_description":"Description: for the front wheel of a motorcycle for tyres from 14 \u201cto 21\u201d diameter (fully adjustable) fully galvanized use: mounting on trailer floor, bus floor, platform, garage floor, etc. can be installed without mounting (holds the motorcycle without problems) Quick and easy setup Stable construction The motorcycle stands steady when pushed against the chute [&hellip;]","og_url":"https:\/\/e-motopark.com\/en\/product\/front-tyre-jack-stand-black-2\/","og_site_name":"E-Moto Park","article_publisher":"https:\/\/www.facebook.com\/EmotoPark\/","article_modified_time":"2025-06-04T18:15:38+00:00","og_image":[{"width":925,"height":910,"url":"https:\/\/e-motopark.com\/wp-content\/uploads\/2024\/02\/Stojan-na-zvedak-prednich-pneumatik-cerny.png","type":"image\/png"}],"twitter_card":"summary_large_image","twitter_misc":{"Est. reading time":"1 minute"},"schema":{"@context":"https:\/\/schema.org","@graph":[{"@type":["WebPage","ItemPage"],"@id":"https:\/\/e-motopark.com\/en\/product\/front-tyre-jack-stand-black-2\/","url":"https:\/\/e-motopark.com\/en\/product\/front-tyre-jack-stand-black-2\/","name":"Front tyre jack stand black - E-Moto Park","isPartOf":{"@id":"https:\/\/e-motopark.com\/en\/#website"},"primaryImageOfPage":{"@id":"https:\/\/e-motopark.com\/en\/product\/front-tyre-jack-stand-black-2\/#primaryimage"},"image":{"@id":"https:\/\/e-motopark.com\/en\/product\/front-tyre-jack-stand-black-2\/#primaryimage"},"thumbnailUrl":"https:\/\/e-motopark.com\/wp-content\/uploads\/2024\/02\/Stojan-na-zvedak-prednich-pneumatik-cerny.png","datePublished":"2024-02-17T14:09:15+00:00","dateModified":"2025-06-04T18:15:38+00:00","breadcrumb":{"@id":"https:\/\/e-motopark.com\/en\/product\/front-tyre-jack-stand-black-2\/#breadcrumb"},"inLanguage":"en-US","potentialAction":[{"@type":"ReadAction","target":["https:\/\/e-motopark.com\/en\/product\/front-tyre-jack-stand-black-2\/"]}]},{"@type":"ImageObject","inLanguage":"en-US","@id":"https:\/\/e-motopark.com\/en\/product\/front-tyre-jack-stand-black-2\/#primaryimage","url":"https:\/\/e-motopark.com\/wp-content\/uploads\/2024\/02\/Stojan-na-zvedak-prednich-pneumatik-cerny.png","contentUrl":"https:\/\/e-motopark.com\/wp-content\/uploads\/2024\/02\/Stojan-na-zvedak-prednich-pneumatik-cerny.png","width":925,"height":910},{"@type":"BreadcrumbList","@id":"https:\/\/e-motopark.com\/en\/product\/front-tyre-jack-stand-black-2\/#breadcrumb","itemListElement":[{"@type":"ListItem","position":1,"name":"Dom\u016f","item":"https:\/\/e-motopark.com\/en\/e-moto-park-shop-and-rental-of-electric-motorbikes\/"},{"@type":"ListItem","position":2,"name":"Shop","item":"https:\/\/e-motopark.com\/en\/shop\/"},{"@type":"ListItem","position":3,"name":"Front tyre jack stand black"}]},{"@type":"WebSite","@id":"https:\/\/e-motopark.com\/en\/#website","url":"https:\/\/e-motopark.com\/en\/","name":"E-Moto Park","description":"Prodejna a p\u016fj\u010dovna elektrick\u00fdch motorek","publisher":{"@id":"https:\/\/e-motopark.com\/en\/#organization"},"potentialAction":[{"@type":"SearchAction","target":{"@type":"EntryPoint","urlTemplate":"https:\/\/e-motopark.com\/en\/?s={search_term_string}"},"query-input":{"@type":"PropertyValueSpecification","valueRequired":true,"valueName":"search_term_string"}}],"inLanguage":"en-US"},{"@type":"Organization","@id":"https:\/\/e-motopark.com\/en\/#organization","name":"E-Moto Park","url":"https:\/\/e-motopark.com\/en\/","logo":{"@type":"ImageObject","inLanguage":"en-US","@id":"https:\/\/e-motopark.com\/en\/#\/schema\/logo\/image\/","url":"https:\/\/e-motopark.com\/wp-content\/uploads\/2023\/11\/cropped-cropped-E-Moto-Park-logo.png","contentUrl":"https:\/\/e-motopark.com\/wp-content\/uploads\/2023\/11\/cropped-cropped-E-Moto-Park-logo.png","width":108,"height":50,"caption":"E-Moto Park"},"image":{"@id":"https:\/\/e-motopark.com\/en\/#\/schema\/logo\/image\/"},"sameAs":["https:\/\/www.facebook.com\/EmotoPark\/"]}]}},"_links":{"self":[{"href":"https:\/\/e-motopark.com\/en\/wp-json\/wp\/v2\/product\/9399","targetHints":{"allow":["GET"]}}],"collection":[{"href":"https:\/\/e-motopark.com\/en\/wp-json\/wp\/v2\/product"}],"about":[{"href":"https:\/\/e-motopark.com\/en\/wp-json\/wp\/v2\/types\/product"}],"wp:featuredmedia":[{"embeddable":true,"href":"https:\/\/e-motopark.com\/en\/wp-json\/wp\/v2\/media\/7550"}],"wp:attachment":[{"href":"https:\/\/e-motopark.com\/en\/wp-json\/wp\/v2\/media?parent=9399"}],"wp:term":[{"taxonomy":"product_brand","embeddable":true,"href":"https:\/\/e-motopark.com\/en\/wp-json\/wp\/v2\/product_brand?post=9399"},{"taxonomy":"product_cat","embeddable":true,"href":"https:\/\/e-motopark.com\/en\/wp-json\/wp\/v2\/product_cat?post=9399"},{"taxonomy":"product_tag","embeddable":true,"href":"https:\/\/e-motopark.com\/en\/wp-json\/wp\/v2\/product_tag?post=9399"},{"taxonomy":"emoto_spec_group","embeddable":true,"href":"https:\/\/e-motopark.com\/en\/wp-json\/wp\/v2\/emoto_spec_group?post=9399"}],"curies":[{"name":"wp","href":"https:\/\/api.w.org\/{rel}","templated":true}]}}