{"id":9402,"date":"2024-02-16T07:50:43","date_gmt":"2024-02-16T06:50:43","guid":{"rendered":"https:\/\/e-motopark.com\/produkt\/sada-na-myti-a-mazani-retezu-ipone-off-road-kartac\/"},"modified":"2025-06-04T20:16:34","modified_gmt":"2025-06-04T18:16:34","slug":"ipone-off-road-chain-cleaning-and-lubrication-kit-brush","status":"publish","type":"product","link":"https:\/\/e-motopark.com\/en\/product\/ipone-off-road-chain-cleaning-and-lubrication-kit-brush\/","title":{"rendered":"Ipone Off Road Chain Cleaning and Lubrication Kit + Brush"},"content":{"rendered":"<p><strong>Description:<\/strong><\/p>\n<ul class=\"details__ul\">\n<li>is a high-performance lubricant for the maintenance of off-road vehicle chains.<\/li>\n<li>lubricant binds to the chain surface and repels soil, sand, dust and water<\/li>\n<li>protects the chain from corrosion and dirt<\/li>\n<li>Suitable for chains without seals and all types of chains with O-ring, Z-ring and X-ring<\/li>\n<li>movable head allows precise or wide use<\/li>\n<li>universal motorcycle chain cleaner<\/li>\n<li>removes even the toughest dirt and deposits<\/li>\n<li>remains neutral to seals and all types of chains with O-rings, Z-rings and X-rings<\/li>\n<li>multifunctional diffuser combines precise application with wide spraying<\/li>\n<li>brush with stiff bristles removes dirt and heavy soiling very effectively<\/li>\n<\/ul>\n","protected":false},"excerpt":{"rendered":"<p>Description: is a high-performance lubricant for the maintenance of off-road vehicle chains. lubricant binds to the chain surface and repels soil, sand, dust and water protects the chain from corrosion and dirt Suitable for chains without seals and all types of chains with O-ring, Z-ring and X-ring movable head allows precise or wide use universal [&hellip;]<\/p>\n","protected":false},"featured_media":7530,"template":"","meta":{"from_xml":"","manufacturer_code":"","emoto_stock":""},"product_brand":[],"product_cat":[1658],"product_tag":[],"emoto_spec_group":[],"class_list":{"0":"post-9402","1":"product","2":"type-product","3":"status-publish","4":"has-post-thumbnail","6":"product_cat-tools-and-equipment","8":"first","9":"outofstock","10":"taxable","11":"shipping-taxable","12":"purchasable","13":"product-type-simple"},"exclude_global_add_ons":[],"addons":[],"yoast_head":"<!-- This site is optimized with the Yoast SEO Premium plugin v27.4 (Yoast SEO v27.4) - https:\/\/yoast.com\/product\/yoast-seo-premium-wordpress\/ -->\n<title>Ipone Off Road Chain Cleaning and Lubrication Kit + Brush - E-Moto Park<\/title>\n<meta name=\"robots\" content=\"index, follow, max-snippet:-1, max-image-preview:large, max-video-preview:-1\" \/>\n<link rel=\"canonical\" href=\"https:\/\/e-motopark.com\/en\/product\/ipone-off-road-chain-cleaning-and-lubrication-kit-brush\/\" \/>\n<meta property=\"og:locale\" content=\"en_US\" \/>\n<meta property=\"og:type\" content=\"article\" \/>\n<meta property=\"og:title\" content=\"Ipone Off Road Chain Cleaning and Lubrication Kit + Brush\" \/>\n<meta property=\"og:description\" content=\"Description: is a high-performance lubricant for the maintenance of off-road vehicle chains. lubricant binds to the chain surface and repels soil, sand, dust and water protects the chain from corrosion and dirt Suitable for chains without seals and all types of chains with O-ring, Z-ring and X-ring movable head allows precise or wide use universal [&hellip;]\" \/>\n<meta property=\"og:url\" content=\"https:\/\/e-motopark.com\/en\/product\/ipone-off-road-chain-cleaning-and-lubrication-kit-brush\/\" \/>\n<meta property=\"og:site_name\" content=\"E-Moto Park\" \/>\n<meta property=\"article:publisher\" content=\"https:\/\/www.facebook.com\/EmotoPark\/\" \/>\n<meta property=\"article:modified_time\" content=\"2025-06-04T18:16:34+00:00\" \/>\n<meta property=\"og:image\" content=\"https:\/\/e-motopark.com\/wp-content\/uploads\/2024\/02\/Sada-na-myti-a-mazani-retezu-Ipone-Off-Road-kartac.jpg\" \/>\n\t<meta property=\"og:image:width\" content=\"896\" \/>\n\t<meta property=\"og:image:height\" content=\"564\" \/>\n\t<meta property=\"og:image:type\" content=\"image\/jpeg\" \/>\n<meta name=\"twitter:card\" content=\"summary_large_image\" \/>\n<meta name=\"twitter:label1\" content=\"Est. reading time\" \/>\n\t<meta name=\"twitter:data1\" content=\"1 minute\" \/>\n<script type=\"application\/ld+json\" class=\"yoast-schema-graph\">{\"@context\":\"https:\\\/\\\/schema.org\",\"@graph\":[{\"@type\":[\"WebPage\",\"ItemPage\"],\"@id\":\"https:\\\/\\\/e-motopark.com\\\/en\\\/product\\\/ipone-off-road-chain-cleaning-and-lubrication-kit-brush\\\/\",\"url\":\"https:\\\/\\\/e-motopark.com\\\/en\\\/product\\\/ipone-off-road-chain-cleaning-and-lubrication-kit-brush\\\/\",\"name\":\"Ipone Off Road Chain Cleaning and Lubrication Kit + Brush - E-Moto Park\",\"isPartOf\":{\"@id\":\"https:\\\/\\\/e-motopark.com\\\/en\\\/#website\"},\"primaryImageOfPage\":{\"@id\":\"https:\\\/\\\/e-motopark.com\\\/en\\\/product\\\/ipone-off-road-chain-cleaning-and-lubrication-kit-brush\\\/#primaryimage\"},\"image\":{\"@id\":\"https:\\\/\\\/e-motopark.com\\\/en\\\/product\\\/ipone-off-road-chain-cleaning-and-lubrication-kit-brush\\\/#primaryimage\"},\"thumbnailUrl\":\"https:\\\/\\\/e-motopark.com\\\/wp-content\\\/uploads\\\/2024\\\/02\\\/Sada-na-myti-a-mazani-retezu-Ipone-Off-Road-kartac.jpg\",\"datePublished\":\"2024-02-16T06:50:43+00:00\",\"dateModified\":\"2025-06-04T18:16:34+00:00\",\"breadcrumb\":{\"@id\":\"https:\\\/\\\/e-motopark.com\\\/en\\\/product\\\/ipone-off-road-chain-cleaning-and-lubrication-kit-brush\\\/#breadcrumb\"},\"inLanguage\":\"en-US\",\"potentialAction\":[{\"@type\":\"ReadAction\",\"target\":[\"https:\\\/\\\/e-motopark.com\\\/en\\\/product\\\/ipone-off-road-chain-cleaning-and-lubrication-kit-brush\\\/\"]}]},{\"@type\":\"ImageObject\",\"inLanguage\":\"en-US\",\"@id\":\"https:\\\/\\\/e-motopark.com\\\/en\\\/product\\\/ipone-off-road-chain-cleaning-and-lubrication-kit-brush\\\/#primaryimage\",\"url\":\"https:\\\/\\\/e-motopark.com\\\/wp-content\\\/uploads\\\/2024\\\/02\\\/Sada-na-myti-a-mazani-retezu-Ipone-Off-Road-kartac.jpg\",\"contentUrl\":\"https:\\\/\\\/e-motopark.com\\\/wp-content\\\/uploads\\\/2024\\\/02\\\/Sada-na-myti-a-mazani-retezu-Ipone-Off-Road-kartac.jpg\",\"width\":896,\"height\":564},{\"@type\":\"BreadcrumbList\",\"@id\":\"https:\\\/\\\/e-motopark.com\\\/en\\\/product\\\/ipone-off-road-chain-cleaning-and-lubrication-kit-brush\\\/#breadcrumb\",\"itemListElement\":[{\"@type\":\"ListItem\",\"position\":1,\"name\":\"Dom\u016f\",\"item\":\"https:\\\/\\\/e-motopark.com\\\/en\\\/e-moto-park-shop-and-rental-of-electric-motorbikes\\\/\"},{\"@type\":\"ListItem\",\"position\":2,\"name\":\"Shop\",\"item\":\"https:\\\/\\\/e-motopark.com\\\/en\\\/shop\\\/\"},{\"@type\":\"ListItem\",\"position\":3,\"name\":\"Ipone Off Road Chain Cleaning and Lubrication Kit + Brush\"}]},{\"@type\":\"WebSite\",\"@id\":\"https:\\\/\\\/e-motopark.com\\\/en\\\/#website\",\"url\":\"https:\\\/\\\/e-motopark.com\\\/en\\\/\",\"name\":\"E-Moto Park\",\"description\":\"Prodejna a p\u016fj\u010dovna elektrick\u00fdch motorek\",\"publisher\":{\"@id\":\"https:\\\/\\\/e-motopark.com\\\/en\\\/#organization\"},\"potentialAction\":[{\"@type\":\"SearchAction\",\"target\":{\"@type\":\"EntryPoint\",\"urlTemplate\":\"https:\\\/\\\/e-motopark.com\\\/en\\\/?s={search_term_string}\"},\"query-input\":{\"@type\":\"PropertyValueSpecification\",\"valueRequired\":true,\"valueName\":\"search_term_string\"}}],\"inLanguage\":\"en-US\"},{\"@type\":\"Organization\",\"@id\":\"https:\\\/\\\/e-motopark.com\\\/en\\\/#organization\",\"name\":\"E-Moto Park\",\"url\":\"https:\\\/\\\/e-motopark.com\\\/en\\\/\",\"logo\":{\"@type\":\"ImageObject\",\"inLanguage\":\"en-US\",\"@id\":\"https:\\\/\\\/e-motopark.com\\\/en\\\/#\\\/schema\\\/logo\\\/image\\\/\",\"url\":\"https:\\\/\\\/e-motopark.com\\\/wp-content\\\/uploads\\\/2023\\\/11\\\/cropped-cropped-E-Moto-Park-logo.png\",\"contentUrl\":\"https:\\\/\\\/e-motopark.com\\\/wp-content\\\/uploads\\\/2023\\\/11\\\/cropped-cropped-E-Moto-Park-logo.png\",\"width\":108,\"height\":50,\"caption\":\"E-Moto Park\"},\"image\":{\"@id\":\"https:\\\/\\\/e-motopark.com\\\/en\\\/#\\\/schema\\\/logo\\\/image\\\/\"},\"sameAs\":[\"https:\\\/\\\/www.facebook.com\\\/EmotoPark\\\/\"]}]}<\/script>\n<!-- \/ Yoast SEO Premium plugin. -->","yoast_head_json":{"title":"Ipone Off Road Chain Cleaning and Lubrication Kit + Brush - E-Moto Park","robots":{"index":"index","follow":"follow","max-snippet":"max-snippet:-1","max-image-preview":"max-image-preview:large","max-video-preview":"max-video-preview:-1"},"canonical":"https:\/\/e-motopark.com\/en\/product\/ipone-off-road-chain-cleaning-and-lubrication-kit-brush\/","og_locale":"en_US","og_type":"article","og_title":"Ipone Off Road Chain Cleaning and Lubrication Kit + Brush","og_description":"Description: is a high-performance lubricant for the maintenance of off-road vehicle chains. lubricant binds to the chain surface and repels soil, sand, dust and water protects the chain from corrosion and dirt Suitable for chains without seals and all types of chains with O-ring, Z-ring and X-ring movable head allows precise or wide use universal [&hellip;]","og_url":"https:\/\/e-motopark.com\/en\/product\/ipone-off-road-chain-cleaning-and-lubrication-kit-brush\/","og_site_name":"E-Moto Park","article_publisher":"https:\/\/www.facebook.com\/EmotoPark\/","article_modified_time":"2025-06-04T18:16:34+00:00","og_image":[{"width":896,"height":564,"url":"https:\/\/e-motopark.com\/wp-content\/uploads\/2024\/02\/Sada-na-myti-a-mazani-retezu-Ipone-Off-Road-kartac.jpg","type":"image\/jpeg"}],"twitter_card":"summary_large_image","twitter_misc":{"Est. reading time":"1 minute"},"schema":{"@context":"https:\/\/schema.org","@graph":[{"@type":["WebPage","ItemPage"],"@id":"https:\/\/e-motopark.com\/en\/product\/ipone-off-road-chain-cleaning-and-lubrication-kit-brush\/","url":"https:\/\/e-motopark.com\/en\/product\/ipone-off-road-chain-cleaning-and-lubrication-kit-brush\/","name":"Ipone Off Road Chain Cleaning and Lubrication Kit + Brush - E-Moto Park","isPartOf":{"@id":"https:\/\/e-motopark.com\/en\/#website"},"primaryImageOfPage":{"@id":"https:\/\/e-motopark.com\/en\/product\/ipone-off-road-chain-cleaning-and-lubrication-kit-brush\/#primaryimage"},"image":{"@id":"https:\/\/e-motopark.com\/en\/product\/ipone-off-road-chain-cleaning-and-lubrication-kit-brush\/#primaryimage"},"thumbnailUrl":"https:\/\/e-motopark.com\/wp-content\/uploads\/2024\/02\/Sada-na-myti-a-mazani-retezu-Ipone-Off-Road-kartac.jpg","datePublished":"2024-02-16T06:50:43+00:00","dateModified":"2025-06-04T18:16:34+00:00","breadcrumb":{"@id":"https:\/\/e-motopark.com\/en\/product\/ipone-off-road-chain-cleaning-and-lubrication-kit-brush\/#breadcrumb"},"inLanguage":"en-US","potentialAction":[{"@type":"ReadAction","target":["https:\/\/e-motopark.com\/en\/product\/ipone-off-road-chain-cleaning-and-lubrication-kit-brush\/"]}]},{"@type":"ImageObject","inLanguage":"en-US","@id":"https:\/\/e-motopark.com\/en\/product\/ipone-off-road-chain-cleaning-and-lubrication-kit-brush\/#primaryimage","url":"https:\/\/e-motopark.com\/wp-content\/uploads\/2024\/02\/Sada-na-myti-a-mazani-retezu-Ipone-Off-Road-kartac.jpg","contentUrl":"https:\/\/e-motopark.com\/wp-content\/uploads\/2024\/02\/Sada-na-myti-a-mazani-retezu-Ipone-Off-Road-kartac.jpg","width":896,"height":564},{"@type":"BreadcrumbList","@id":"https:\/\/e-motopark.com\/en\/product\/ipone-off-road-chain-cleaning-and-lubrication-kit-brush\/#breadcrumb","itemListElement":[{"@type":"ListItem","position":1,"name":"Dom\u016f","item":"https:\/\/e-motopark.com\/en\/e-moto-park-shop-and-rental-of-electric-motorbikes\/"},{"@type":"ListItem","position":2,"name":"Shop","item":"https:\/\/e-motopark.com\/en\/shop\/"},{"@type":"ListItem","position":3,"name":"Ipone Off Road Chain Cleaning and Lubrication Kit + Brush"}]},{"@type":"WebSite","@id":"https:\/\/e-motopark.com\/en\/#website","url":"https:\/\/e-motopark.com\/en\/","name":"E-Moto Park","description":"Prodejna a p\u016fj\u010dovna elektrick\u00fdch motorek","publisher":{"@id":"https:\/\/e-motopark.com\/en\/#organization"},"potentialAction":[{"@type":"SearchAction","target":{"@type":"EntryPoint","urlTemplate":"https:\/\/e-motopark.com\/en\/?s={search_term_string}"},"query-input":{"@type":"PropertyValueSpecification","valueRequired":true,"valueName":"search_term_string"}}],"inLanguage":"en-US"},{"@type":"Organization","@id":"https:\/\/e-motopark.com\/en\/#organization","name":"E-Moto Park","url":"https:\/\/e-motopark.com\/en\/","logo":{"@type":"ImageObject","inLanguage":"en-US","@id":"https:\/\/e-motopark.com\/en\/#\/schema\/logo\/image\/","url":"https:\/\/e-motopark.com\/wp-content\/uploads\/2023\/11\/cropped-cropped-E-Moto-Park-logo.png","contentUrl":"https:\/\/e-motopark.com\/wp-content\/uploads\/2023\/11\/cropped-cropped-E-Moto-Park-logo.png","width":108,"height":50,"caption":"E-Moto Park"},"image":{"@id":"https:\/\/e-motopark.com\/en\/#\/schema\/logo\/image\/"},"sameAs":["https:\/\/www.facebook.com\/EmotoPark\/"]}]}},"_links":{"self":[{"href":"https:\/\/e-motopark.com\/en\/wp-json\/wp\/v2\/product\/9402","targetHints":{"allow":["GET"]}}],"collection":[{"href":"https:\/\/e-motopark.com\/en\/wp-json\/wp\/v2\/product"}],"about":[{"href":"https:\/\/e-motopark.com\/en\/wp-json\/wp\/v2\/types\/product"}],"wp:featuredmedia":[{"embeddable":true,"href":"https:\/\/e-motopark.com\/en\/wp-json\/wp\/v2\/media\/7530"}],"wp:attachment":[{"href":"https:\/\/e-motopark.com\/en\/wp-json\/wp\/v2\/media?parent=9402"}],"wp:term":[{"taxonomy":"product_brand","embeddable":true,"href":"https:\/\/e-motopark.com\/en\/wp-json\/wp\/v2\/product_brand?post=9402"},{"taxonomy":"product_cat","embeddable":true,"href":"https:\/\/e-motopark.com\/en\/wp-json\/wp\/v2\/product_cat?post=9402"},{"taxonomy":"product_tag","embeddable":true,"href":"https:\/\/e-motopark.com\/en\/wp-json\/wp\/v2\/product_tag?post=9402"},{"taxonomy":"emoto_spec_group","embeddable":true,"href":"https:\/\/e-motopark.com\/en\/wp-json\/wp\/v2\/emoto_spec_group?post=9402"}],"curies":[{"name":"wp","href":"https:\/\/api.w.org\/{rel}","templated":true}]}}