{"id":9414,"date":"2024-01-09T12:07:22","date_gmt":"2024-01-09T11:07:22","guid":{"rendered":"https:\/\/e-motopark.com\/produkt\/hrudni-chranic-buzer-fox-r3-navy\/"},"modified":"2025-06-04T20:23:47","modified_gmt":"2025-06-04T18:23:47","slug":"chest-protector-buzer-fox-r3-navy","status":"publish","type":"product","link":"https:\/\/e-motopark.com\/en\/product\/chest-protector-buzer-fox-r3-navy\/","title":{"rendered":"Chest protector Buzer Fox R3 Navy"},"content":{"rendered":"<p><strong>Description:<\/strong><\/p>\n<div class=\"col-lg-7 col-md-7 col-xs-12\">\n<div class=\"details__description\">\n<ul class=\"details__ul\">\n<li>fox collection 2023<\/li>\n<li>the simplest version of the Fox protector<\/li>\n<li>ventilated shell provides excellent airflow while blocking dust, dirt and debris<\/li>\n<li>Thanks to the low profile of the collar, the protector is compatible with neck stabilisers<\/li>\n<li>adjustable shoulder and hip straps ensure a perfect fit to the rider&#8217;s body<\/li>\n<li>elastic belt buckles allow for additional adjustment<\/li>\n<li>bumper equipped with shoulder protectors<\/li>\n<\/ul>\n<p class=\"details__paragraph\"><b>CE certificates<\/b><\/p>\n<ul class=\"details__ul\">\n<li>Chest protector with CE certification EN 14021<\/li>\n<\/ul>\n<p class=\"details__paragraph\"><b class=\"details__b\">About the company<\/b><\/p>\n<p class=\"details__paragraph\">The Fox Racing brand was founded by American physicist Geoff Fox. In its early days, the company distributed European Cambpell motorcycles in California under the name Moto-X Fox. In later years, Fox became a manufacturer of parts for motocross motorcycles. After many successes in the sport, the company also began producing motorcycle apparel in 1977, which became a hit not only with riders, but also with their fans at breakneck speed. After a company reorganization in the 1980s, Fox became a global mogul in motocross apparel.     <\/p>\n<p>&nbsp;<\/p>\n<\/div>\n<\/div>\n","protected":false},"excerpt":{"rendered":"<p>Description: fox collection 2023 the simplest version of the Fox protector ventilated shell provides excellent airflow while blocking dust, dirt and debris Thanks to the low profile of the collar, the protector is compatible with neck stabilisers adjustable shoulder and hip straps ensure a perfect fit to the rider&#8217;s body elastic belt buckles allow for [&hellip;]<\/p>\n","protected":false},"featured_media":7509,"template":"","meta":{"from_xml":"","manufacturer_code":"","emoto_stock":""},"product_brand":[],"product_cat":[],"product_tag":[],"emoto_spec_group":[],"class_list":{"0":"post-9414","1":"product","2":"type-product","3":"status-publish","4":"has-post-thumbnail","7":"first","8":"outofstock","9":"taxable","10":"shipping-taxable","11":"purchasable","12":"product-type-variable","13":"has-default-attributes"},"exclude_global_add_ons":[],"addons":[],"yoast_head":"<!-- This site is optimized with the Yoast SEO Premium plugin v27.3 (Yoast SEO v27.3) - https:\/\/yoast.com\/product\/yoast-seo-premium-wordpress\/ -->\n<title>Chest protector Buzer Fox R3 Navy - E-Moto Park<\/title>\n<meta name=\"robots\" content=\"index, follow, max-snippet:-1, max-image-preview:large, max-video-preview:-1\" \/>\n<link rel=\"canonical\" href=\"https:\/\/e-motopark.com\/en\/product\/chest-protector-buzer-fox-r3-navy\/\" \/>\n<meta property=\"og:locale\" content=\"en_US\" \/>\n<meta property=\"og:type\" content=\"article\" \/>\n<meta property=\"og:title\" content=\"Chest protector Buzer Fox R3 Navy\" \/>\n<meta property=\"og:description\" content=\"Description: fox collection 2023 the simplest version of the Fox protector ventilated shell provides excellent airflow while blocking dust, dirt and debris Thanks to the low profile of the collar, the protector is compatible with neck stabilisers adjustable shoulder and hip straps ensure a perfect fit to the rider&#8217;s body elastic belt buckles allow for [&hellip;]\" \/>\n<meta property=\"og:url\" content=\"https:\/\/e-motopark.com\/en\/product\/chest-protector-buzer-fox-r3-navy\/\" \/>\n<meta property=\"og:site_name\" content=\"E-Moto Park\" \/>\n<meta property=\"article:publisher\" content=\"https:\/\/www.facebook.com\/EmotoPark\/\" \/>\n<meta property=\"article:modified_time\" content=\"2025-06-04T18:23:47+00:00\" \/>\n<meta property=\"og:image\" content=\"https:\/\/e-motopark.com\/wp-content\/uploads\/2024\/01\/Hrudni-chranic-Buzer-Fox-R3-Navy.jpg\" \/>\n\t<meta property=\"og:image:width\" content=\"1083\" \/>\n\t<meta property=\"og:image:height\" content=\"892\" \/>\n\t<meta property=\"og:image:type\" content=\"image\/jpeg\" \/>\n<meta name=\"twitter:card\" content=\"summary_large_image\" \/>\n<meta name=\"twitter:label1\" content=\"Est. reading time\" \/>\n\t<meta name=\"twitter:data1\" content=\"1 minute\" \/>\n<script type=\"application\/ld+json\" class=\"yoast-schema-graph\">{\"@context\":\"https:\\\/\\\/schema.org\",\"@graph\":[{\"@type\":[\"WebPage\",\"ItemPage\"],\"@id\":\"https:\\\/\\\/e-motopark.com\\\/en\\\/product\\\/chest-protector-buzer-fox-r3-navy\\\/\",\"url\":\"https:\\\/\\\/e-motopark.com\\\/en\\\/product\\\/chest-protector-buzer-fox-r3-navy\\\/\",\"name\":\"Chest protector Buzer Fox R3 Navy - E-Moto Park\",\"isPartOf\":{\"@id\":\"https:\\\/\\\/e-motopark.com\\\/en\\\/#website\"},\"primaryImageOfPage\":{\"@id\":\"https:\\\/\\\/e-motopark.com\\\/en\\\/product\\\/chest-protector-buzer-fox-r3-navy\\\/#primaryimage\"},\"image\":{\"@id\":\"https:\\\/\\\/e-motopark.com\\\/en\\\/product\\\/chest-protector-buzer-fox-r3-navy\\\/#primaryimage\"},\"thumbnailUrl\":\"https:\\\/\\\/e-motopark.com\\\/wp-content\\\/uploads\\\/2024\\\/01\\\/Hrudni-chranic-Buzer-Fox-R3-Navy.jpg\",\"datePublished\":\"2024-01-09T11:07:22+00:00\",\"dateModified\":\"2025-06-04T18:23:47+00:00\",\"breadcrumb\":{\"@id\":\"https:\\\/\\\/e-motopark.com\\\/en\\\/product\\\/chest-protector-buzer-fox-r3-navy\\\/#breadcrumb\"},\"inLanguage\":\"en-US\",\"potentialAction\":[{\"@type\":\"ReadAction\",\"target\":[\"https:\\\/\\\/e-motopark.com\\\/en\\\/product\\\/chest-protector-buzer-fox-r3-navy\\\/\"]}]},{\"@type\":\"ImageObject\",\"inLanguage\":\"en-US\",\"@id\":\"https:\\\/\\\/e-motopark.com\\\/en\\\/product\\\/chest-protector-buzer-fox-r3-navy\\\/#primaryimage\",\"url\":\"https:\\\/\\\/e-motopark.com\\\/wp-content\\\/uploads\\\/2024\\\/01\\\/Hrudni-chranic-Buzer-Fox-R3-Navy.jpg\",\"contentUrl\":\"https:\\\/\\\/e-motopark.com\\\/wp-content\\\/uploads\\\/2024\\\/01\\\/Hrudni-chranic-Buzer-Fox-R3-Navy.jpg\",\"width\":1083,\"height\":892},{\"@type\":\"BreadcrumbList\",\"@id\":\"https:\\\/\\\/e-motopark.com\\\/en\\\/product\\\/chest-protector-buzer-fox-r3-navy\\\/#breadcrumb\",\"itemListElement\":[{\"@type\":\"ListItem\",\"position\":1,\"name\":\"Dom\u016f\",\"item\":\"https:\\\/\\\/e-motopark.com\\\/en\\\/e-moto-park-shop-and-rental-of-electric-motorbikes\\\/\"},{\"@type\":\"ListItem\",\"position\":2,\"name\":\"Shop\",\"item\":\"https:\\\/\\\/e-motopark.com\\\/en\\\/shop\\\/\"},{\"@type\":\"ListItem\",\"position\":3,\"name\":\"Chest protector Buzer Fox R3 Navy\"}]},{\"@type\":\"WebSite\",\"@id\":\"https:\\\/\\\/e-motopark.com\\\/en\\\/#website\",\"url\":\"https:\\\/\\\/e-motopark.com\\\/en\\\/\",\"name\":\"E-Moto Park\",\"description\":\"Prodejna a p\u016fj\u010dovna elektrick\u00fdch motorek\",\"publisher\":{\"@id\":\"https:\\\/\\\/e-motopark.com\\\/en\\\/#organization\"},\"potentialAction\":[{\"@type\":\"SearchAction\",\"target\":{\"@type\":\"EntryPoint\",\"urlTemplate\":\"https:\\\/\\\/e-motopark.com\\\/en\\\/?s={search_term_string}\"},\"query-input\":{\"@type\":\"PropertyValueSpecification\",\"valueRequired\":true,\"valueName\":\"search_term_string\"}}],\"inLanguage\":\"en-US\"},{\"@type\":\"Organization\",\"@id\":\"https:\\\/\\\/e-motopark.com\\\/en\\\/#organization\",\"name\":\"E-Moto Park\",\"url\":\"https:\\\/\\\/e-motopark.com\\\/en\\\/\",\"logo\":{\"@type\":\"ImageObject\",\"inLanguage\":\"en-US\",\"@id\":\"https:\\\/\\\/e-motopark.com\\\/en\\\/#\\\/schema\\\/logo\\\/image\\\/\",\"url\":\"https:\\\/\\\/e-motopark.com\\\/wp-content\\\/uploads\\\/2023\\\/11\\\/cropped-cropped-E-Moto-Park-logo.png\",\"contentUrl\":\"https:\\\/\\\/e-motopark.com\\\/wp-content\\\/uploads\\\/2023\\\/11\\\/cropped-cropped-E-Moto-Park-logo.png\",\"width\":108,\"height\":50,\"caption\":\"E-Moto Park\"},\"image\":{\"@id\":\"https:\\\/\\\/e-motopark.com\\\/en\\\/#\\\/schema\\\/logo\\\/image\\\/\"},\"sameAs\":[\"https:\\\/\\\/www.facebook.com\\\/EmotoPark\\\/\"]}]}<\/script>\n<!-- \/ Yoast SEO Premium plugin. -->","yoast_head_json":{"title":"Chest protector Buzer Fox R3 Navy - E-Moto Park","robots":{"index":"index","follow":"follow","max-snippet":"max-snippet:-1","max-image-preview":"max-image-preview:large","max-video-preview":"max-video-preview:-1"},"canonical":"https:\/\/e-motopark.com\/en\/product\/chest-protector-buzer-fox-r3-navy\/","og_locale":"en_US","og_type":"article","og_title":"Chest protector Buzer Fox R3 Navy","og_description":"Description: fox collection 2023 the simplest version of the Fox protector ventilated shell provides excellent airflow while blocking dust, dirt and debris Thanks to the low profile of the collar, the protector is compatible with neck stabilisers adjustable shoulder and hip straps ensure a perfect fit to the rider&#8217;s body elastic belt buckles allow for [&hellip;]","og_url":"https:\/\/e-motopark.com\/en\/product\/chest-protector-buzer-fox-r3-navy\/","og_site_name":"E-Moto Park","article_publisher":"https:\/\/www.facebook.com\/EmotoPark\/","article_modified_time":"2025-06-04T18:23:47+00:00","og_image":[{"width":1083,"height":892,"url":"https:\/\/e-motopark.com\/wp-content\/uploads\/2024\/01\/Hrudni-chranic-Buzer-Fox-R3-Navy.jpg","type":"image\/jpeg"}],"twitter_card":"summary_large_image","twitter_misc":{"Est. reading time":"1 minute"},"schema":{"@context":"https:\/\/schema.org","@graph":[{"@type":["WebPage","ItemPage"],"@id":"https:\/\/e-motopark.com\/en\/product\/chest-protector-buzer-fox-r3-navy\/","url":"https:\/\/e-motopark.com\/en\/product\/chest-protector-buzer-fox-r3-navy\/","name":"Chest protector Buzer Fox R3 Navy - E-Moto Park","isPartOf":{"@id":"https:\/\/e-motopark.com\/en\/#website"},"primaryImageOfPage":{"@id":"https:\/\/e-motopark.com\/en\/product\/chest-protector-buzer-fox-r3-navy\/#primaryimage"},"image":{"@id":"https:\/\/e-motopark.com\/en\/product\/chest-protector-buzer-fox-r3-navy\/#primaryimage"},"thumbnailUrl":"https:\/\/e-motopark.com\/wp-content\/uploads\/2024\/01\/Hrudni-chranic-Buzer-Fox-R3-Navy.jpg","datePublished":"2024-01-09T11:07:22+00:00","dateModified":"2025-06-04T18:23:47+00:00","breadcrumb":{"@id":"https:\/\/e-motopark.com\/en\/product\/chest-protector-buzer-fox-r3-navy\/#breadcrumb"},"inLanguage":"en-US","potentialAction":[{"@type":"ReadAction","target":["https:\/\/e-motopark.com\/en\/product\/chest-protector-buzer-fox-r3-navy\/"]}]},{"@type":"ImageObject","inLanguage":"en-US","@id":"https:\/\/e-motopark.com\/en\/product\/chest-protector-buzer-fox-r3-navy\/#primaryimage","url":"https:\/\/e-motopark.com\/wp-content\/uploads\/2024\/01\/Hrudni-chranic-Buzer-Fox-R3-Navy.jpg","contentUrl":"https:\/\/e-motopark.com\/wp-content\/uploads\/2024\/01\/Hrudni-chranic-Buzer-Fox-R3-Navy.jpg","width":1083,"height":892},{"@type":"BreadcrumbList","@id":"https:\/\/e-motopark.com\/en\/product\/chest-protector-buzer-fox-r3-navy\/#breadcrumb","itemListElement":[{"@type":"ListItem","position":1,"name":"Dom\u016f","item":"https:\/\/e-motopark.com\/en\/e-moto-park-shop-and-rental-of-electric-motorbikes\/"},{"@type":"ListItem","position":2,"name":"Shop","item":"https:\/\/e-motopark.com\/en\/shop\/"},{"@type":"ListItem","position":3,"name":"Chest protector Buzer Fox R3 Navy"}]},{"@type":"WebSite","@id":"https:\/\/e-motopark.com\/en\/#website","url":"https:\/\/e-motopark.com\/en\/","name":"E-Moto Park","description":"Prodejna a p\u016fj\u010dovna elektrick\u00fdch motorek","publisher":{"@id":"https:\/\/e-motopark.com\/en\/#organization"},"potentialAction":[{"@type":"SearchAction","target":{"@type":"EntryPoint","urlTemplate":"https:\/\/e-motopark.com\/en\/?s={search_term_string}"},"query-input":{"@type":"PropertyValueSpecification","valueRequired":true,"valueName":"search_term_string"}}],"inLanguage":"en-US"},{"@type":"Organization","@id":"https:\/\/e-motopark.com\/en\/#organization","name":"E-Moto Park","url":"https:\/\/e-motopark.com\/en\/","logo":{"@type":"ImageObject","inLanguage":"en-US","@id":"https:\/\/e-motopark.com\/en\/#\/schema\/logo\/image\/","url":"https:\/\/e-motopark.com\/wp-content\/uploads\/2023\/11\/cropped-cropped-E-Moto-Park-logo.png","contentUrl":"https:\/\/e-motopark.com\/wp-content\/uploads\/2023\/11\/cropped-cropped-E-Moto-Park-logo.png","width":108,"height":50,"caption":"E-Moto Park"},"image":{"@id":"https:\/\/e-motopark.com\/en\/#\/schema\/logo\/image\/"},"sameAs":["https:\/\/www.facebook.com\/EmotoPark\/"]}]}},"_links":{"self":[{"href":"https:\/\/e-motopark.com\/en\/wp-json\/wp\/v2\/product\/9414","targetHints":{"allow":["GET"]}}],"collection":[{"href":"https:\/\/e-motopark.com\/en\/wp-json\/wp\/v2\/product"}],"about":[{"href":"https:\/\/e-motopark.com\/en\/wp-json\/wp\/v2\/types\/product"}],"wp:featuredmedia":[{"embeddable":true,"href":"https:\/\/e-motopark.com\/en\/wp-json\/wp\/v2\/media\/7509"}],"wp:attachment":[{"href":"https:\/\/e-motopark.com\/en\/wp-json\/wp\/v2\/media?parent=9414"}],"wp:term":[{"taxonomy":"product_brand","embeddable":true,"href":"https:\/\/e-motopark.com\/en\/wp-json\/wp\/v2\/product_brand?post=9414"},{"taxonomy":"product_cat","embeddable":true,"href":"https:\/\/e-motopark.com\/en\/wp-json\/wp\/v2\/product_cat?post=9414"},{"taxonomy":"product_tag","embeddable":true,"href":"https:\/\/e-motopark.com\/en\/wp-json\/wp\/v2\/product_tag?post=9414"},{"taxonomy":"emoto_spec_group","embeddable":true,"href":"https:\/\/e-motopark.com\/en\/wp-json\/wp\/v2\/emoto_spec_group?post=9414"}],"curies":[{"name":"wp","href":"https:\/\/api.w.org\/{rel}","templated":true}]}}