{"id":9420,"date":"2024-01-09T11:32:41","date_gmt":"2024-01-09T10:32:41","guid":{"rendered":"https:\/\/e-motopark.com\/produkt\/motocyklove-bryle-100-procent-model-strata-2-fluo-zelene-zrcadlo-cervene-sklo\/"},"modified":"2025-06-04T20:25:54","modified_gmt":"2025-06-04T18:25:54","slug":"motorcycle-goggles-100-procent-model-strata-2-fluo-green-mirror-red-glass","status":"publish","type":"product","link":"https:\/\/e-motopark.com\/en\/product\/motorcycle-goggles-100-procent-model-strata-2-fluo-green-mirror-red-glass\/","title":{"rendered":"Motorcycle goggles 100% Procent model Strata 2 fluo green, mirror red glass"},"content":{"rendered":"<p><strong>Description:<\/strong><\/p>\n<div class=\"col-lg-7 col-md-7 col-xs-12\">\n<div class=\"details__description\">\n<ul class=\"details__ul\">\n<li>ensures fitting to all helmet models and comfort in use.<\/li>\n<li>Flexible, scratch-resistant LEXAN visor with Anti-Fog coating and snap-on fastening.<\/li>\n<li>better adaptation and larger field of view<\/li>\n<li>anatomical frame shape minimizes pressure on the face and nose<\/li>\n<li>two types of thick foam adapt to the shape of the face and wick away moisture.<\/li>\n<li>Fixed 40 mm wide silicone-coated strap prevents the glasses from slipping<\/li>\n<li>Wide field of view increases comfort and safety when driving<\/li>\n<\/ul>\n<p>&nbsp;<\/p>\n<\/div>\n<\/div>\n","protected":false},"excerpt":{"rendered":"<p>Description: ensures fitting to all helmet models and comfort in use. Flexible, scratch-resistant LEXAN visor with Anti-Fog coating and snap-on fastening. better adaptation and larger field of view anatomical frame shape minimizes pressure on the face and nose two types of thick foam adapt to the shape of the face and wick away moisture. Fixed [&hellip;]<\/p>\n","protected":false},"featured_media":7536,"template":"","meta":{"from_xml":"","manufacturer_code":"","emoto_stock":""},"product_brand":[],"product_cat":[],"product_tag":[],"emoto_spec_group":[],"class_list":{"0":"post-9420","1":"product","2":"type-product","3":"status-publish","4":"has-post-thumbnail","7":"first","8":"outofstock","9":"taxable","10":"shipping-taxable","11":"purchasable","12":"product-type-simple"},"exclude_global_add_ons":[],"addons":[],"yoast_head":"<!-- This site is optimized with the Yoast SEO Premium plugin v27.4 (Yoast SEO v27.4) - https:\/\/yoast.com\/product\/yoast-seo-premium-wordpress\/ -->\n<title>Motorcycle goggles 100% Procent model Strata 2 fluo green, mirror red glass - E-Moto Park<\/title>\n<meta name=\"robots\" content=\"index, follow, max-snippet:-1, max-image-preview:large, max-video-preview:-1\" \/>\n<link rel=\"canonical\" href=\"https:\/\/e-motopark.com\/en\/product\/motorcycle-goggles-100-procent-model-strata-2-fluo-green-mirror-red-glass\/\" \/>\n<meta property=\"og:locale\" content=\"en_US\" \/>\n<meta property=\"og:type\" content=\"article\" \/>\n<meta property=\"og:title\" content=\"Motorcycle goggles 100% Procent model Strata 2 fluo green, mirror red glass\" \/>\n<meta property=\"og:description\" content=\"Description: ensures fitting to all helmet models and comfort in use. Flexible, scratch-resistant LEXAN visor with Anti-Fog coating and snap-on fastening. better adaptation and larger field of view anatomical frame shape minimizes pressure on the face and nose two types of thick foam adapt to the shape of the face and wick away moisture. Fixed [&hellip;]\" \/>\n<meta property=\"og:url\" content=\"https:\/\/e-motopark.com\/en\/product\/motorcycle-goggles-100-procent-model-strata-2-fluo-green-mirror-red-glass\/\" \/>\n<meta property=\"og:site_name\" content=\"E-Moto Park\" \/>\n<meta property=\"article:publisher\" content=\"https:\/\/www.facebook.com\/EmotoPark\/\" \/>\n<meta property=\"article:modified_time\" content=\"2025-06-04T18:25:54+00:00\" \/>\n<meta property=\"og:image\" content=\"https:\/\/e-motopark.com\/wp-content\/uploads\/2024\/01\/Bryle-na-motorku-100-Procento-model-Strata-2-fluo-zelene-zrcadlo-cervene-sklo-1.jpg\" \/>\n\t<meta property=\"og:image:width\" content=\"1240\" \/>\n\t<meta property=\"og:image:height\" content=\"825\" \/>\n\t<meta property=\"og:image:type\" content=\"image\/jpeg\" \/>\n<meta name=\"twitter:card\" content=\"summary_large_image\" \/>\n<meta name=\"twitter:label1\" content=\"Est. reading time\" \/>\n\t<meta name=\"twitter:data1\" content=\"1 minute\" \/>\n<script type=\"application\/ld+json\" class=\"yoast-schema-graph\">{\"@context\":\"https:\\\/\\\/schema.org\",\"@graph\":[{\"@type\":[\"WebPage\",\"ItemPage\"],\"@id\":\"https:\\\/\\\/e-motopark.com\\\/en\\\/product\\\/motorcycle-goggles-100-procent-model-strata-2-fluo-green-mirror-red-glass\\\/\",\"url\":\"https:\\\/\\\/e-motopark.com\\\/en\\\/product\\\/motorcycle-goggles-100-procent-model-strata-2-fluo-green-mirror-red-glass\\\/\",\"name\":\"Motorcycle goggles 100% Procent model Strata 2 fluo green, mirror red glass - E-Moto Park\",\"isPartOf\":{\"@id\":\"https:\\\/\\\/e-motopark.com\\\/en\\\/#website\"},\"primaryImageOfPage\":{\"@id\":\"https:\\\/\\\/e-motopark.com\\\/en\\\/product\\\/motorcycle-goggles-100-procent-model-strata-2-fluo-green-mirror-red-glass\\\/#primaryimage\"},\"image\":{\"@id\":\"https:\\\/\\\/e-motopark.com\\\/en\\\/product\\\/motorcycle-goggles-100-procent-model-strata-2-fluo-green-mirror-red-glass\\\/#primaryimage\"},\"thumbnailUrl\":\"https:\\\/\\\/e-motopark.com\\\/wp-content\\\/uploads\\\/2024\\\/01\\\/Bryle-na-motorku-100-Procento-model-Strata-2-fluo-zelene-zrcadlo-cervene-sklo-1.jpg\",\"datePublished\":\"2024-01-09T10:32:41+00:00\",\"dateModified\":\"2025-06-04T18:25:54+00:00\",\"breadcrumb\":{\"@id\":\"https:\\\/\\\/e-motopark.com\\\/en\\\/product\\\/motorcycle-goggles-100-procent-model-strata-2-fluo-green-mirror-red-glass\\\/#breadcrumb\"},\"inLanguage\":\"en-US\",\"potentialAction\":[{\"@type\":\"ReadAction\",\"target\":[\"https:\\\/\\\/e-motopark.com\\\/en\\\/product\\\/motorcycle-goggles-100-procent-model-strata-2-fluo-green-mirror-red-glass\\\/\"]}]},{\"@type\":\"ImageObject\",\"inLanguage\":\"en-US\",\"@id\":\"https:\\\/\\\/e-motopark.com\\\/en\\\/product\\\/motorcycle-goggles-100-procent-model-strata-2-fluo-green-mirror-red-glass\\\/#primaryimage\",\"url\":\"https:\\\/\\\/e-motopark.com\\\/wp-content\\\/uploads\\\/2024\\\/01\\\/Bryle-na-motorku-100-Procento-model-Strata-2-fluo-zelene-zrcadlo-cervene-sklo-1.jpg\",\"contentUrl\":\"https:\\\/\\\/e-motopark.com\\\/wp-content\\\/uploads\\\/2024\\\/01\\\/Bryle-na-motorku-100-Procento-model-Strata-2-fluo-zelene-zrcadlo-cervene-sklo-1.jpg\",\"width\":1240,\"height\":825},{\"@type\":\"BreadcrumbList\",\"@id\":\"https:\\\/\\\/e-motopark.com\\\/en\\\/product\\\/motorcycle-goggles-100-procent-model-strata-2-fluo-green-mirror-red-glass\\\/#breadcrumb\",\"itemListElement\":[{\"@type\":\"ListItem\",\"position\":1,\"name\":\"Dom\u016f\",\"item\":\"https:\\\/\\\/e-motopark.com\\\/en\\\/e-moto-park-shop-and-rental-of-electric-motorbikes\\\/\"},{\"@type\":\"ListItem\",\"position\":2,\"name\":\"Shop\",\"item\":\"https:\\\/\\\/e-motopark.com\\\/en\\\/shop\\\/\"},{\"@type\":\"ListItem\",\"position\":3,\"name\":\"Motorcycle goggles 100% Procent model Strata 2 fluo green, mirror red glass\"}]},{\"@type\":\"WebSite\",\"@id\":\"https:\\\/\\\/e-motopark.com\\\/en\\\/#website\",\"url\":\"https:\\\/\\\/e-motopark.com\\\/en\\\/\",\"name\":\"E-Moto Park\",\"description\":\"Prodejna a p\u016fj\u010dovna elektrick\u00fdch motorek\",\"publisher\":{\"@id\":\"https:\\\/\\\/e-motopark.com\\\/en\\\/#organization\"},\"potentialAction\":[{\"@type\":\"SearchAction\",\"target\":{\"@type\":\"EntryPoint\",\"urlTemplate\":\"https:\\\/\\\/e-motopark.com\\\/en\\\/?s={search_term_string}\"},\"query-input\":{\"@type\":\"PropertyValueSpecification\",\"valueRequired\":true,\"valueName\":\"search_term_string\"}}],\"inLanguage\":\"en-US\"},{\"@type\":\"Organization\",\"@id\":\"https:\\\/\\\/e-motopark.com\\\/en\\\/#organization\",\"name\":\"E-Moto Park\",\"url\":\"https:\\\/\\\/e-motopark.com\\\/en\\\/\",\"logo\":{\"@type\":\"ImageObject\",\"inLanguage\":\"en-US\",\"@id\":\"https:\\\/\\\/e-motopark.com\\\/en\\\/#\\\/schema\\\/logo\\\/image\\\/\",\"url\":\"https:\\\/\\\/e-motopark.com\\\/wp-content\\\/uploads\\\/2023\\\/11\\\/cropped-cropped-E-Moto-Park-logo.png\",\"contentUrl\":\"https:\\\/\\\/e-motopark.com\\\/wp-content\\\/uploads\\\/2023\\\/11\\\/cropped-cropped-E-Moto-Park-logo.png\",\"width\":108,\"height\":50,\"caption\":\"E-Moto Park\"},\"image\":{\"@id\":\"https:\\\/\\\/e-motopark.com\\\/en\\\/#\\\/schema\\\/logo\\\/image\\\/\"},\"sameAs\":[\"https:\\\/\\\/www.facebook.com\\\/EmotoPark\\\/\"]}]}<\/script>\n<!-- \/ Yoast SEO Premium plugin. -->","yoast_head_json":{"title":"Motorcycle goggles 100% Procent model Strata 2 fluo green, mirror red glass - E-Moto Park","robots":{"index":"index","follow":"follow","max-snippet":"max-snippet:-1","max-image-preview":"max-image-preview:large","max-video-preview":"max-video-preview:-1"},"canonical":"https:\/\/e-motopark.com\/en\/product\/motorcycle-goggles-100-procent-model-strata-2-fluo-green-mirror-red-glass\/","og_locale":"en_US","og_type":"article","og_title":"Motorcycle goggles 100% Procent model Strata 2 fluo green, mirror red glass","og_description":"Description: ensures fitting to all helmet models and comfort in use. Flexible, scratch-resistant LEXAN visor with Anti-Fog coating and snap-on fastening. better adaptation and larger field of view anatomical frame shape minimizes pressure on the face and nose two types of thick foam adapt to the shape of the face and wick away moisture. Fixed [&hellip;]","og_url":"https:\/\/e-motopark.com\/en\/product\/motorcycle-goggles-100-procent-model-strata-2-fluo-green-mirror-red-glass\/","og_site_name":"E-Moto Park","article_publisher":"https:\/\/www.facebook.com\/EmotoPark\/","article_modified_time":"2025-06-04T18:25:54+00:00","og_image":[{"width":1240,"height":825,"url":"https:\/\/e-motopark.com\/wp-content\/uploads\/2024\/01\/Bryle-na-motorku-100-Procento-model-Strata-2-fluo-zelene-zrcadlo-cervene-sklo-1.jpg","type":"image\/jpeg"}],"twitter_card":"summary_large_image","twitter_misc":{"Est. reading time":"1 minute"},"schema":{"@context":"https:\/\/schema.org","@graph":[{"@type":["WebPage","ItemPage"],"@id":"https:\/\/e-motopark.com\/en\/product\/motorcycle-goggles-100-procent-model-strata-2-fluo-green-mirror-red-glass\/","url":"https:\/\/e-motopark.com\/en\/product\/motorcycle-goggles-100-procent-model-strata-2-fluo-green-mirror-red-glass\/","name":"Motorcycle goggles 100% Procent model Strata 2 fluo green, mirror red glass - E-Moto Park","isPartOf":{"@id":"https:\/\/e-motopark.com\/en\/#website"},"primaryImageOfPage":{"@id":"https:\/\/e-motopark.com\/en\/product\/motorcycle-goggles-100-procent-model-strata-2-fluo-green-mirror-red-glass\/#primaryimage"},"image":{"@id":"https:\/\/e-motopark.com\/en\/product\/motorcycle-goggles-100-procent-model-strata-2-fluo-green-mirror-red-glass\/#primaryimage"},"thumbnailUrl":"https:\/\/e-motopark.com\/wp-content\/uploads\/2024\/01\/Bryle-na-motorku-100-Procento-model-Strata-2-fluo-zelene-zrcadlo-cervene-sklo-1.jpg","datePublished":"2024-01-09T10:32:41+00:00","dateModified":"2025-06-04T18:25:54+00:00","breadcrumb":{"@id":"https:\/\/e-motopark.com\/en\/product\/motorcycle-goggles-100-procent-model-strata-2-fluo-green-mirror-red-glass\/#breadcrumb"},"inLanguage":"en-US","potentialAction":[{"@type":"ReadAction","target":["https:\/\/e-motopark.com\/en\/product\/motorcycle-goggles-100-procent-model-strata-2-fluo-green-mirror-red-glass\/"]}]},{"@type":"ImageObject","inLanguage":"en-US","@id":"https:\/\/e-motopark.com\/en\/product\/motorcycle-goggles-100-procent-model-strata-2-fluo-green-mirror-red-glass\/#primaryimage","url":"https:\/\/e-motopark.com\/wp-content\/uploads\/2024\/01\/Bryle-na-motorku-100-Procento-model-Strata-2-fluo-zelene-zrcadlo-cervene-sklo-1.jpg","contentUrl":"https:\/\/e-motopark.com\/wp-content\/uploads\/2024\/01\/Bryle-na-motorku-100-Procento-model-Strata-2-fluo-zelene-zrcadlo-cervene-sklo-1.jpg","width":1240,"height":825},{"@type":"BreadcrumbList","@id":"https:\/\/e-motopark.com\/en\/product\/motorcycle-goggles-100-procent-model-strata-2-fluo-green-mirror-red-glass\/#breadcrumb","itemListElement":[{"@type":"ListItem","position":1,"name":"Dom\u016f","item":"https:\/\/e-motopark.com\/en\/e-moto-park-shop-and-rental-of-electric-motorbikes\/"},{"@type":"ListItem","position":2,"name":"Shop","item":"https:\/\/e-motopark.com\/en\/shop\/"},{"@type":"ListItem","position":3,"name":"Motorcycle goggles 100% Procent model Strata 2 fluo green, mirror red glass"}]},{"@type":"WebSite","@id":"https:\/\/e-motopark.com\/en\/#website","url":"https:\/\/e-motopark.com\/en\/","name":"E-Moto Park","description":"Prodejna a p\u016fj\u010dovna elektrick\u00fdch motorek","publisher":{"@id":"https:\/\/e-motopark.com\/en\/#organization"},"potentialAction":[{"@type":"SearchAction","target":{"@type":"EntryPoint","urlTemplate":"https:\/\/e-motopark.com\/en\/?s={search_term_string}"},"query-input":{"@type":"PropertyValueSpecification","valueRequired":true,"valueName":"search_term_string"}}],"inLanguage":"en-US"},{"@type":"Organization","@id":"https:\/\/e-motopark.com\/en\/#organization","name":"E-Moto Park","url":"https:\/\/e-motopark.com\/en\/","logo":{"@type":"ImageObject","inLanguage":"en-US","@id":"https:\/\/e-motopark.com\/en\/#\/schema\/logo\/image\/","url":"https:\/\/e-motopark.com\/wp-content\/uploads\/2023\/11\/cropped-cropped-E-Moto-Park-logo.png","contentUrl":"https:\/\/e-motopark.com\/wp-content\/uploads\/2023\/11\/cropped-cropped-E-Moto-Park-logo.png","width":108,"height":50,"caption":"E-Moto Park"},"image":{"@id":"https:\/\/e-motopark.com\/en\/#\/schema\/logo\/image\/"},"sameAs":["https:\/\/www.facebook.com\/EmotoPark\/"]}]}},"_links":{"self":[{"href":"https:\/\/e-motopark.com\/en\/wp-json\/wp\/v2\/product\/9420","targetHints":{"allow":["GET"]}}],"collection":[{"href":"https:\/\/e-motopark.com\/en\/wp-json\/wp\/v2\/product"}],"about":[{"href":"https:\/\/e-motopark.com\/en\/wp-json\/wp\/v2\/types\/product"}],"wp:featuredmedia":[{"embeddable":true,"href":"https:\/\/e-motopark.com\/en\/wp-json\/wp\/v2\/media\/7536"}],"wp:attachment":[{"href":"https:\/\/e-motopark.com\/en\/wp-json\/wp\/v2\/media?parent=9420"}],"wp:term":[{"taxonomy":"product_brand","embeddable":true,"href":"https:\/\/e-motopark.com\/en\/wp-json\/wp\/v2\/product_brand?post=9420"},{"taxonomy":"product_cat","embeddable":true,"href":"https:\/\/e-motopark.com\/en\/wp-json\/wp\/v2\/product_cat?post=9420"},{"taxonomy":"product_tag","embeddable":true,"href":"https:\/\/e-motopark.com\/en\/wp-json\/wp\/v2\/product_tag?post=9420"},{"taxonomy":"emoto_spec_group","embeddable":true,"href":"https:\/\/e-motopark.com\/en\/wp-json\/wp\/v2\/emoto_spec_group?post=9420"}],"curies":[{"name":"wp","href":"https:\/\/api.w.org\/{rel}","templated":true}]}}