{"id":9446,"date":"2023-12-19T13:56:59","date_gmt":"2023-12-19T12:56:59","guid":{"rendered":"https:\/\/e-motopark.com\/produkt\/leatt-motorkarske-cross-enduro-dres-kalhoty-3-5-zebra-bila-cerna-cervena\/"},"modified":"2025-06-04T20:34:39","modified_gmt":"2025-06-04T18:34:39","slug":"leatt-biker-cross-enduro-jersey-pants-3-5-zebra-white-black-red","status":"publish","type":"product","link":"https:\/\/e-motopark.com\/en\/product\/leatt-biker-cross-enduro-jersey-pants-3-5-zebra-white-black-red\/","title":{"rendered":"Leatt biker cross enduro jersey + pants 3.5 zebra white-black-red"},"content":{"rendered":"<p><strong>Description:<\/strong><\/p>\n<div class=\"col-lg-7 col-md-7 col-xs-12\">\n<div class=\"details__description\">\n<ul>\n<li class=\"h2__style\">Complete equipment of the Leatt 3.5<\/li>\n<\/ul>\n<p class=\"details__paragraph\">Designed by the renowned Leatt, the 2023 motorcycle apparel collection provides solid performance in 3D stretch fabric and excellent ventilation.<br \/>\nThe company offers complete gear so you don&#8217;t have to waste valuable time searching for individual garments.<\/p>\n<ul class=\"details__ul\">\n<li>ergonomically curved cut<\/li>\n<li>durable construction with additional reinforcement in critical areas<\/li>\n<li>multi-layered inner knee reinforcement made of heat-resistant leather<\/li>\n<li>stretch knit panels for better fit, durability and breathability<\/li>\n<li>Fabric panels with multiple reinforced seams<\/li>\n<li>padded knee construction<\/li>\n<li>premium quality Japanese YKK zippers<\/li>\n<li>adjustable waistband with micrometer buckle and silicone print<\/li>\n<\/ul>\n<\/div>\n<\/div>\n","protected":false},"excerpt":{"rendered":"<p>Description: Complete equipment of the Leatt 3.5 Designed by the renowned Leatt, the 2023 motorcycle apparel collection provides solid performance in 3D stretch fabric and excellent ventilation. The company offers complete gear so you don&#8217;t have to waste valuable time searching for individual garments. ergonomically curved cut durable construction with additional reinforcement in critical areas [&hellip;]<\/p>\n","protected":false},"featured_media":7468,"template":"","meta":{"from_xml":"","manufacturer_code":"","emoto_stock":""},"product_brand":[],"product_cat":[],"product_tag":[],"emoto_spec_group":[],"class_list":{"0":"post-9446","1":"product","2":"type-product","3":"status-publish","4":"has-post-thumbnail","7":"first","8":"outofstock","9":"taxable","10":"shipping-taxable","11":"purchasable","12":"product-type-variable","13":"has-default-attributes"},"exclude_global_add_ons":[],"addons":[],"yoast_head":"<!-- This site is optimized with the Yoast SEO Premium plugin v27.4 (Yoast SEO v27.5) - https:\/\/yoast.com\/product\/yoast-seo-premium-wordpress\/ -->\n<title>Leatt biker cross enduro jersey + pants 3.5 zebra white-black-red - E-Moto Park<\/title>\n<meta name=\"robots\" content=\"index, follow, max-snippet:-1, max-image-preview:large, max-video-preview:-1\" \/>\n<link rel=\"canonical\" href=\"https:\/\/e-motopark.com\/en\/product\/leatt-biker-cross-enduro-jersey-pants-3-5-zebra-white-black-red\/\" \/>\n<meta property=\"og:locale\" content=\"en_US\" \/>\n<meta property=\"og:type\" content=\"article\" \/>\n<meta property=\"og:title\" content=\"Leatt biker cross enduro jersey + pants 3.5 zebra white-black-red\" \/>\n<meta property=\"og:description\" content=\"Description: Complete equipment of the Leatt 3.5 Designed by the renowned Leatt, the 2023 motorcycle apparel collection provides solid performance in 3D stretch fabric and excellent ventilation. The company offers complete gear so you don&#8217;t have to waste valuable time searching for individual garments. ergonomically curved cut durable construction with additional reinforcement in critical areas [&hellip;]\" \/>\n<meta property=\"og:url\" content=\"https:\/\/e-motopark.com\/en\/product\/leatt-biker-cross-enduro-jersey-pants-3-5-zebra-white-black-red\/\" \/>\n<meta property=\"og:site_name\" content=\"E-Moto Park\" \/>\n<meta property=\"article:publisher\" content=\"https:\/\/www.facebook.com\/EmotoPark\/\" \/>\n<meta property=\"article:modified_time\" content=\"2025-06-04T18:34:39+00:00\" \/>\n<meta property=\"og:image\" content=\"https:\/\/e-motopark.com\/wp-content\/uploads\/2023\/12\/Leatt-motorkarske-cross-enduro-obleceni-dres-kalhoty-3.5-zebra-bila-cerna.jpg\" \/>\n\t<meta property=\"og:image:width\" content=\"996\" \/>\n\t<meta property=\"og:image:height\" content=\"800\" \/>\n\t<meta property=\"og:image:type\" content=\"image\/jpeg\" \/>\n<meta name=\"twitter:card\" content=\"summary_large_image\" \/>\n<meta name=\"twitter:label1\" content=\"Est. reading time\" \/>\n\t<meta name=\"twitter:data1\" content=\"1 minute\" \/>\n<script type=\"application\/ld+json\" class=\"yoast-schema-graph\">{\"@context\":\"https:\\\/\\\/schema.org\",\"@graph\":[{\"@type\":[\"WebPage\",\"ItemPage\"],\"@id\":\"https:\\\/\\\/e-motopark.com\\\/en\\\/product\\\/leatt-biker-cross-enduro-jersey-pants-3-5-zebra-white-black-red\\\/\",\"url\":\"https:\\\/\\\/e-motopark.com\\\/en\\\/product\\\/leatt-biker-cross-enduro-jersey-pants-3-5-zebra-white-black-red\\\/\",\"name\":\"Leatt biker cross enduro jersey + pants 3.5 zebra white-black-red - E-Moto Park\",\"isPartOf\":{\"@id\":\"https:\\\/\\\/e-motopark.com\\\/en\\\/#website\"},\"primaryImageOfPage\":{\"@id\":\"https:\\\/\\\/e-motopark.com\\\/en\\\/product\\\/leatt-biker-cross-enduro-jersey-pants-3-5-zebra-white-black-red\\\/#primaryimage\"},\"image\":{\"@id\":\"https:\\\/\\\/e-motopark.com\\\/en\\\/product\\\/leatt-biker-cross-enduro-jersey-pants-3-5-zebra-white-black-red\\\/#primaryimage\"},\"thumbnailUrl\":\"https:\\\/\\\/e-motopark.com\\\/wp-content\\\/uploads\\\/2023\\\/12\\\/Leatt-motorkarske-cross-enduro-obleceni-dres-kalhoty-3.5-zebra-bila-cerna.jpg\",\"datePublished\":\"2023-12-19T12:56:59+00:00\",\"dateModified\":\"2025-06-04T18:34:39+00:00\",\"breadcrumb\":{\"@id\":\"https:\\\/\\\/e-motopark.com\\\/en\\\/product\\\/leatt-biker-cross-enduro-jersey-pants-3-5-zebra-white-black-red\\\/#breadcrumb\"},\"inLanguage\":\"en-US\",\"potentialAction\":[{\"@type\":\"ReadAction\",\"target\":[\"https:\\\/\\\/e-motopark.com\\\/en\\\/product\\\/leatt-biker-cross-enduro-jersey-pants-3-5-zebra-white-black-red\\\/\"]}]},{\"@type\":\"ImageObject\",\"inLanguage\":\"en-US\",\"@id\":\"https:\\\/\\\/e-motopark.com\\\/en\\\/product\\\/leatt-biker-cross-enduro-jersey-pants-3-5-zebra-white-black-red\\\/#primaryimage\",\"url\":\"https:\\\/\\\/e-motopark.com\\\/wp-content\\\/uploads\\\/2023\\\/12\\\/Leatt-motorkarske-cross-enduro-obleceni-dres-kalhoty-3.5-zebra-bila-cerna.jpg\",\"contentUrl\":\"https:\\\/\\\/e-motopark.com\\\/wp-content\\\/uploads\\\/2023\\\/12\\\/Leatt-motorkarske-cross-enduro-obleceni-dres-kalhoty-3.5-zebra-bila-cerna.jpg\",\"width\":996,\"height\":800},{\"@type\":\"BreadcrumbList\",\"@id\":\"https:\\\/\\\/e-motopark.com\\\/en\\\/product\\\/leatt-biker-cross-enduro-jersey-pants-3-5-zebra-white-black-red\\\/#breadcrumb\",\"itemListElement\":[{\"@type\":\"ListItem\",\"position\":1,\"name\":\"Dom\u016f\",\"item\":\"https:\\\/\\\/e-motopark.com\\\/en\\\/e-moto-park-shop-and-rental-of-electric-motorbikes\\\/\"},{\"@type\":\"ListItem\",\"position\":2,\"name\":\"Shop\",\"item\":\"https:\\\/\\\/e-motopark.com\\\/en\\\/shop\\\/\"},{\"@type\":\"ListItem\",\"position\":3,\"name\":\"Leatt biker cross enduro jersey + pants 3.5 zebra white-black-red\"}]},{\"@type\":\"WebSite\",\"@id\":\"https:\\\/\\\/e-motopark.com\\\/en\\\/#website\",\"url\":\"https:\\\/\\\/e-motopark.com\\\/en\\\/\",\"name\":\"E-Moto Park\",\"description\":\"Prodejna a p\u016fj\u010dovna elektrick\u00fdch motorek\",\"publisher\":{\"@id\":\"https:\\\/\\\/e-motopark.com\\\/en\\\/#organization\"},\"potentialAction\":[{\"@type\":\"SearchAction\",\"target\":{\"@type\":\"EntryPoint\",\"urlTemplate\":\"https:\\\/\\\/e-motopark.com\\\/en\\\/?s={search_term_string}\"},\"query-input\":{\"@type\":\"PropertyValueSpecification\",\"valueRequired\":true,\"valueName\":\"search_term_string\"}}],\"inLanguage\":\"en-US\"},{\"@type\":\"Organization\",\"@id\":\"https:\\\/\\\/e-motopark.com\\\/en\\\/#organization\",\"name\":\"E-Moto Park\",\"url\":\"https:\\\/\\\/e-motopark.com\\\/en\\\/\",\"logo\":{\"@type\":\"ImageObject\",\"inLanguage\":\"en-US\",\"@id\":\"https:\\\/\\\/e-motopark.com\\\/en\\\/#\\\/schema\\\/logo\\\/image\\\/\",\"url\":\"https:\\\/\\\/e-motopark.com\\\/wp-content\\\/uploads\\\/2023\\\/11\\\/cropped-cropped-E-Moto-Park-logo.png\",\"contentUrl\":\"https:\\\/\\\/e-motopark.com\\\/wp-content\\\/uploads\\\/2023\\\/11\\\/cropped-cropped-E-Moto-Park-logo.png\",\"width\":108,\"height\":50,\"caption\":\"E-Moto Park\"},\"image\":{\"@id\":\"https:\\\/\\\/e-motopark.com\\\/en\\\/#\\\/schema\\\/logo\\\/image\\\/\"},\"sameAs\":[\"https:\\\/\\\/www.facebook.com\\\/EmotoPark\\\/\"]}]}<\/script>\n<!-- \/ Yoast SEO Premium plugin. -->","yoast_head_json":{"title":"Leatt biker cross enduro jersey + pants 3.5 zebra white-black-red - E-Moto Park","robots":{"index":"index","follow":"follow","max-snippet":"max-snippet:-1","max-image-preview":"max-image-preview:large","max-video-preview":"max-video-preview:-1"},"canonical":"https:\/\/e-motopark.com\/en\/product\/leatt-biker-cross-enduro-jersey-pants-3-5-zebra-white-black-red\/","og_locale":"en_US","og_type":"article","og_title":"Leatt biker cross enduro jersey + pants 3.5 zebra white-black-red","og_description":"Description: Complete equipment of the Leatt 3.5 Designed by the renowned Leatt, the 2023 motorcycle apparel collection provides solid performance in 3D stretch fabric and excellent ventilation. The company offers complete gear so you don&#8217;t have to waste valuable time searching for individual garments. ergonomically curved cut durable construction with additional reinforcement in critical areas [&hellip;]","og_url":"https:\/\/e-motopark.com\/en\/product\/leatt-biker-cross-enduro-jersey-pants-3-5-zebra-white-black-red\/","og_site_name":"E-Moto Park","article_publisher":"https:\/\/www.facebook.com\/EmotoPark\/","article_modified_time":"2025-06-04T18:34:39+00:00","og_image":[{"width":996,"height":800,"url":"https:\/\/e-motopark.com\/wp-content\/uploads\/2023\/12\/Leatt-motorkarske-cross-enduro-obleceni-dres-kalhoty-3.5-zebra-bila-cerna.jpg","type":"image\/jpeg"}],"twitter_card":"summary_large_image","twitter_misc":{"Est. reading time":"1 minute"},"schema":{"@context":"https:\/\/schema.org","@graph":[{"@type":["WebPage","ItemPage"],"@id":"https:\/\/e-motopark.com\/en\/product\/leatt-biker-cross-enduro-jersey-pants-3-5-zebra-white-black-red\/","url":"https:\/\/e-motopark.com\/en\/product\/leatt-biker-cross-enduro-jersey-pants-3-5-zebra-white-black-red\/","name":"Leatt biker cross enduro jersey + pants 3.5 zebra white-black-red - E-Moto Park","isPartOf":{"@id":"https:\/\/e-motopark.com\/en\/#website"},"primaryImageOfPage":{"@id":"https:\/\/e-motopark.com\/en\/product\/leatt-biker-cross-enduro-jersey-pants-3-5-zebra-white-black-red\/#primaryimage"},"image":{"@id":"https:\/\/e-motopark.com\/en\/product\/leatt-biker-cross-enduro-jersey-pants-3-5-zebra-white-black-red\/#primaryimage"},"thumbnailUrl":"https:\/\/e-motopark.com\/wp-content\/uploads\/2023\/12\/Leatt-motorkarske-cross-enduro-obleceni-dres-kalhoty-3.5-zebra-bila-cerna.jpg","datePublished":"2023-12-19T12:56:59+00:00","dateModified":"2025-06-04T18:34:39+00:00","breadcrumb":{"@id":"https:\/\/e-motopark.com\/en\/product\/leatt-biker-cross-enduro-jersey-pants-3-5-zebra-white-black-red\/#breadcrumb"},"inLanguage":"en-US","potentialAction":[{"@type":"ReadAction","target":["https:\/\/e-motopark.com\/en\/product\/leatt-biker-cross-enduro-jersey-pants-3-5-zebra-white-black-red\/"]}]},{"@type":"ImageObject","inLanguage":"en-US","@id":"https:\/\/e-motopark.com\/en\/product\/leatt-biker-cross-enduro-jersey-pants-3-5-zebra-white-black-red\/#primaryimage","url":"https:\/\/e-motopark.com\/wp-content\/uploads\/2023\/12\/Leatt-motorkarske-cross-enduro-obleceni-dres-kalhoty-3.5-zebra-bila-cerna.jpg","contentUrl":"https:\/\/e-motopark.com\/wp-content\/uploads\/2023\/12\/Leatt-motorkarske-cross-enduro-obleceni-dres-kalhoty-3.5-zebra-bila-cerna.jpg","width":996,"height":800},{"@type":"BreadcrumbList","@id":"https:\/\/e-motopark.com\/en\/product\/leatt-biker-cross-enduro-jersey-pants-3-5-zebra-white-black-red\/#breadcrumb","itemListElement":[{"@type":"ListItem","position":1,"name":"Dom\u016f","item":"https:\/\/e-motopark.com\/en\/e-moto-park-shop-and-rental-of-electric-motorbikes\/"},{"@type":"ListItem","position":2,"name":"Shop","item":"https:\/\/e-motopark.com\/en\/shop\/"},{"@type":"ListItem","position":3,"name":"Leatt biker cross enduro jersey + pants 3.5 zebra white-black-red"}]},{"@type":"WebSite","@id":"https:\/\/e-motopark.com\/en\/#website","url":"https:\/\/e-motopark.com\/en\/","name":"E-Moto Park","description":"Prodejna a p\u016fj\u010dovna elektrick\u00fdch motorek","publisher":{"@id":"https:\/\/e-motopark.com\/en\/#organization"},"potentialAction":[{"@type":"SearchAction","target":{"@type":"EntryPoint","urlTemplate":"https:\/\/e-motopark.com\/en\/?s={search_term_string}"},"query-input":{"@type":"PropertyValueSpecification","valueRequired":true,"valueName":"search_term_string"}}],"inLanguage":"en-US"},{"@type":"Organization","@id":"https:\/\/e-motopark.com\/en\/#organization","name":"E-Moto Park","url":"https:\/\/e-motopark.com\/en\/","logo":{"@type":"ImageObject","inLanguage":"en-US","@id":"https:\/\/e-motopark.com\/en\/#\/schema\/logo\/image\/","url":"https:\/\/e-motopark.com\/wp-content\/uploads\/2023\/11\/cropped-cropped-E-Moto-Park-logo.png","contentUrl":"https:\/\/e-motopark.com\/wp-content\/uploads\/2023\/11\/cropped-cropped-E-Moto-Park-logo.png","width":108,"height":50,"caption":"E-Moto Park"},"image":{"@id":"https:\/\/e-motopark.com\/en\/#\/schema\/logo\/image\/"},"sameAs":["https:\/\/www.facebook.com\/EmotoPark\/"]}]}},"_links":{"self":[{"href":"https:\/\/e-motopark.com\/en\/wp-json\/wp\/v2\/product\/9446","targetHints":{"allow":["GET"]}}],"collection":[{"href":"https:\/\/e-motopark.com\/en\/wp-json\/wp\/v2\/product"}],"about":[{"href":"https:\/\/e-motopark.com\/en\/wp-json\/wp\/v2\/types\/product"}],"wp:featuredmedia":[{"embeddable":true,"href":"https:\/\/e-motopark.com\/en\/wp-json\/wp\/v2\/media\/7468"}],"wp:attachment":[{"href":"https:\/\/e-motopark.com\/en\/wp-json\/wp\/v2\/media?parent=9446"}],"wp:term":[{"taxonomy":"product_brand","embeddable":true,"href":"https:\/\/e-motopark.com\/en\/wp-json\/wp\/v2\/product_brand?post=9446"},{"taxonomy":"product_cat","embeddable":true,"href":"https:\/\/e-motopark.com\/en\/wp-json\/wp\/v2\/product_cat?post=9446"},{"taxonomy":"product_tag","embeddable":true,"href":"https:\/\/e-motopark.com\/en\/wp-json\/wp\/v2\/product_tag?post=9446"},{"taxonomy":"emoto_spec_group","embeddable":true,"href":"https:\/\/e-motopark.com\/en\/wp-json\/wp\/v2\/emoto_spec_group?post=9446"}],"curies":[{"name":"wp","href":"https:\/\/api.w.org\/{rel}","templated":true}]}}