{"id":9450,"date":"2023-12-19T13:20:26","date_gmt":"2023-12-19T12:20:26","guid":{"rendered":"https:\/\/e-motopark.com\/produkt\/prilba-imx-fmx-02-cerna-cervena-bila\/"},"modified":"2025-06-04T20:36:01","modified_gmt":"2025-06-04T18:36:01","slug":"helmet-imx-fmx-02-black-red-white-cross-enduro","status":"publish","type":"product","link":"https:\/\/e-motopark.com\/en\/product\/helmet-imx-fmx-02-black-red-white-cross-enduro\/","title":{"rendered":"Helmet IMX FMX-02 black\/red\/white cross enduro"},"content":{"rendered":"<p><strong>Description:<\/strong><\/p>\n<ul>\n<li>\n<div class=\"mpof_ki myre_zn myre_8v_l m389_6m_l\">\n<div class=\"mp4t_16_s mryx_16_s mr3m_1 mli2_1 mh85_56 mh85_0_l\">\n<div class=\"mgn2_16 _0d3bd_am0a-\">\n<p><b>Created out of a passion for motocross<\/b> and with his digestive brain in mind. Even for those who take their first steps in it. Dust, dust and dirt are an indispensable aspect of the sport, but with IMX products this is never a hindrance. <b>IMX helmets, boots, goggles and accessories are designed with safety in mind so that you can enjoy maximum pleasure and freedom from riding on the track<\/b>. The IMX team understands that adrenaline is addictive, so they create products that prove themselves not only on MX, but MTB and even snowboarding.     <b>A wide range of colors and paintings, allows you to customize the accessories to your own style.<\/b><\/p>\n<\/div>\n<\/div>\n<\/div>\n<div class=\"mpof_ki myre_zn myre_8v_l m389_6m_l\">\n<div class=\"mp4t_16_s mryx_16_s mr3m_1 mli2_1 mh85_56 mh85_0_l\">\n<div class=\"mg9e_8 mj7a_8 mg9e_0_s mvrt_0_s mj7a_0_s mh36_0_s mzmg_6m munh_16_l m3h2_16_l\">\n<div class=\"mp4t_0 mryx_0 munh_56 m3h2_56\">\n<div class=\"mp7g_oh\"><\/div>\n<\/div>\n<\/div>\n<\/div>\n<div class=\"mp4t_16_s mryx_16_s mr3m_1 mli2_1 mh85_56 mh85_0_l\">\n<div class=\"mgn2_16 _0d3bd_am0a-\">\n<p><b>The IMX FMX-02 offroad motorcycle helmet<\/b> is equipped with 2 EPS sizes that allow for a precise fit to your head shape. Emergency removable cheek pads ensure safety in critical situations. The <b>IMX FMX <\/b>has numerous ventilation channels and an adjustable perforated visor. <\/p>\n<p><b>SECURITY<\/b><\/p>\n<ul>\n<li>High<b> Resistant<\/b> Shell<b> (HRS)<\/b><\/li>\n<li><b>Micrometer fastening to <\/b>protect the helmet and allow intuitive fastening and unfastening<\/li>\n<li>Shell in one size and<b> 2 EPS sizes <\/b>for precise seating<\/li>\n<li><b>Emergency removal of cheek pads<\/b><\/li>\n<\/ul>\n<p><b>COMFORT<\/b><\/p>\n<ul>\n<li><b>Removable helmet padding<\/b> made of soft-touch polyester<\/li>\n<li><b>Washable interior <\/b>for the ability to keep the helmet clean<\/li>\n<li><b>Interchangeable adjustable canopy<\/b><\/li>\n<li><b>Comfortable interior <\/b>thanks to quality materials<\/li>\n<\/ul>\n<p><b>WIND<\/b><\/p>\n<ul>\n<li>Powerful ventilation system for <b>high air circulation<\/b> inside the helmet<\/li>\n<li><b>Line input and front inputs<\/b><\/li>\n<li><b>Warm air outlets <\/b>on the back of the helmet<\/li>\n<\/ul>\n<p><b>TECHNICAL SPECIFICATION<\/b><\/p>\n<ul>\n<li>Approval ECE 22.05<\/li>\n<li>Helmet weight +\/-1250g<\/li>\n<\/ul>\n<\/div>\n<\/div>\n<\/div>\n<\/li>\n<\/ul>\n","protected":false},"excerpt":{"rendered":"<p>Description: Created out of a passion for motocross and with his digestive brain in mind. Even for those who take their first steps in it. Dust, dust and dirt are an indispensable aspect of the sport, but with IMX products this is never a hindrance. IMX helmets, boots, goggles and accessories are designed with safety [&hellip;]<\/p>\n","protected":false},"featured_media":7464,"template":"","meta":{"from_xml":"","manufacturer_code":"","emoto_stock":""},"product_brand":[],"product_cat":[],"product_tag":[],"emoto_spec_group":[],"class_list":{"0":"post-9450","1":"product","2":"type-product","3":"status-publish","4":"has-post-thumbnail","7":"first","8":"outofstock","9":"taxable","10":"shipping-taxable","11":"purchasable","12":"product-type-variable","13":"has-default-attributes"},"exclude_global_add_ons":[],"addons":[],"yoast_head":"<!-- This site is optimized with the Yoast SEO Premium plugin v27.4 (Yoast SEO v27.5) - https:\/\/yoast.com\/product\/yoast-seo-premium-wordpress\/ -->\n<title>Helmet IMX FMX-02 black\/red\/white cross enduro - E-Moto Park<\/title>\n<meta name=\"robots\" content=\"index, follow, max-snippet:-1, max-image-preview:large, max-video-preview:-1\" \/>\n<link rel=\"canonical\" href=\"https:\/\/e-motopark.com\/en\/product\/helmet-imx-fmx-02-black-red-white-cross-enduro\/\" \/>\n<meta property=\"og:locale\" content=\"en_US\" \/>\n<meta property=\"og:type\" content=\"article\" \/>\n<meta property=\"og:title\" content=\"Helmet IMX FMX-02 black\/red\/white cross enduro\" \/>\n<meta property=\"og:description\" content=\"Description: Created out of a passion for motocross and with his digestive brain in mind. Even for those who take their first steps in it. Dust, dust and dirt are an indispensable aspect of the sport, but with IMX products this is never a hindrance. IMX helmets, boots, goggles and accessories are designed with safety [&hellip;]\" \/>\n<meta property=\"og:url\" content=\"https:\/\/e-motopark.com\/en\/product\/helmet-imx-fmx-02-black-red-white-cross-enduro\/\" \/>\n<meta property=\"og:site_name\" content=\"E-Moto Park\" \/>\n<meta property=\"article:publisher\" content=\"https:\/\/www.facebook.com\/EmotoPark\/\" \/>\n<meta property=\"article:modified_time\" content=\"2025-06-04T18:36:01+00:00\" \/>\n<meta property=\"og:image\" content=\"https:\/\/e-motopark.com\/wp-content\/uploads\/2023\/12\/IMX-FMX-02-enduro-motocyklova-prilba-cerna-cervena-bila.jpg\" \/>\n\t<meta property=\"og:image:width\" content=\"1156\" \/>\n\t<meta property=\"og:image:height\" content=\"833\" \/>\n\t<meta property=\"og:image:type\" content=\"image\/jpeg\" \/>\n<meta name=\"twitter:card\" content=\"summary_large_image\" \/>\n<meta name=\"twitter:label1\" content=\"Est. reading time\" \/>\n\t<meta name=\"twitter:data1\" content=\"2 minutes\" \/>\n<script type=\"application\/ld+json\" class=\"yoast-schema-graph\">{\"@context\":\"https:\\\/\\\/schema.org\",\"@graph\":[{\"@type\":[\"WebPage\",\"ItemPage\"],\"@id\":\"https:\\\/\\\/e-motopark.com\\\/en\\\/product\\\/helmet-imx-fmx-02-black-red-white-cross-enduro\\\/\",\"url\":\"https:\\\/\\\/e-motopark.com\\\/en\\\/product\\\/helmet-imx-fmx-02-black-red-white-cross-enduro\\\/\",\"name\":\"Helmet IMX FMX-02 black\\\/red\\\/white cross enduro - E-Moto Park\",\"isPartOf\":{\"@id\":\"https:\\\/\\\/e-motopark.com\\\/en\\\/#website\"},\"primaryImageOfPage\":{\"@id\":\"https:\\\/\\\/e-motopark.com\\\/en\\\/product\\\/helmet-imx-fmx-02-black-red-white-cross-enduro\\\/#primaryimage\"},\"image\":{\"@id\":\"https:\\\/\\\/e-motopark.com\\\/en\\\/product\\\/helmet-imx-fmx-02-black-red-white-cross-enduro\\\/#primaryimage\"},\"thumbnailUrl\":\"https:\\\/\\\/e-motopark.com\\\/wp-content\\\/uploads\\\/2023\\\/12\\\/IMX-FMX-02-enduro-motocyklova-prilba-cerna-cervena-bila.jpg\",\"datePublished\":\"2023-12-19T12:20:26+00:00\",\"dateModified\":\"2025-06-04T18:36:01+00:00\",\"breadcrumb\":{\"@id\":\"https:\\\/\\\/e-motopark.com\\\/en\\\/product\\\/helmet-imx-fmx-02-black-red-white-cross-enduro\\\/#breadcrumb\"},\"inLanguage\":\"en-US\",\"potentialAction\":[{\"@type\":\"ReadAction\",\"target\":[\"https:\\\/\\\/e-motopark.com\\\/en\\\/product\\\/helmet-imx-fmx-02-black-red-white-cross-enduro\\\/\"]}]},{\"@type\":\"ImageObject\",\"inLanguage\":\"en-US\",\"@id\":\"https:\\\/\\\/e-motopark.com\\\/en\\\/product\\\/helmet-imx-fmx-02-black-red-white-cross-enduro\\\/#primaryimage\",\"url\":\"https:\\\/\\\/e-motopark.com\\\/wp-content\\\/uploads\\\/2023\\\/12\\\/IMX-FMX-02-enduro-motocyklova-prilba-cerna-cervena-bila.jpg\",\"contentUrl\":\"https:\\\/\\\/e-motopark.com\\\/wp-content\\\/uploads\\\/2023\\\/12\\\/IMX-FMX-02-enduro-motocyklova-prilba-cerna-cervena-bila.jpg\",\"width\":1156,\"height\":833},{\"@type\":\"BreadcrumbList\",\"@id\":\"https:\\\/\\\/e-motopark.com\\\/en\\\/product\\\/helmet-imx-fmx-02-black-red-white-cross-enduro\\\/#breadcrumb\",\"itemListElement\":[{\"@type\":\"ListItem\",\"position\":1,\"name\":\"Dom\u016f\",\"item\":\"https:\\\/\\\/e-motopark.com\\\/en\\\/e-moto-park-shop-and-rental-of-electric-motorbikes\\\/\"},{\"@type\":\"ListItem\",\"position\":2,\"name\":\"Shop\",\"item\":\"https:\\\/\\\/e-motopark.com\\\/en\\\/shop\\\/\"},{\"@type\":\"ListItem\",\"position\":3,\"name\":\"Helmet IMX FMX-02 black\\\/red\\\/white cross enduro\"}]},{\"@type\":\"WebSite\",\"@id\":\"https:\\\/\\\/e-motopark.com\\\/en\\\/#website\",\"url\":\"https:\\\/\\\/e-motopark.com\\\/en\\\/\",\"name\":\"E-Moto Park\",\"description\":\"Prodejna a p\u016fj\u010dovna elektrick\u00fdch motorek\",\"publisher\":{\"@id\":\"https:\\\/\\\/e-motopark.com\\\/en\\\/#organization\"},\"potentialAction\":[{\"@type\":\"SearchAction\",\"target\":{\"@type\":\"EntryPoint\",\"urlTemplate\":\"https:\\\/\\\/e-motopark.com\\\/en\\\/?s={search_term_string}\"},\"query-input\":{\"@type\":\"PropertyValueSpecification\",\"valueRequired\":true,\"valueName\":\"search_term_string\"}}],\"inLanguage\":\"en-US\"},{\"@type\":\"Organization\",\"@id\":\"https:\\\/\\\/e-motopark.com\\\/en\\\/#organization\",\"name\":\"E-Moto Park\",\"url\":\"https:\\\/\\\/e-motopark.com\\\/en\\\/\",\"logo\":{\"@type\":\"ImageObject\",\"inLanguage\":\"en-US\",\"@id\":\"https:\\\/\\\/e-motopark.com\\\/en\\\/#\\\/schema\\\/logo\\\/image\\\/\",\"url\":\"https:\\\/\\\/e-motopark.com\\\/wp-content\\\/uploads\\\/2023\\\/11\\\/cropped-cropped-E-Moto-Park-logo.png\",\"contentUrl\":\"https:\\\/\\\/e-motopark.com\\\/wp-content\\\/uploads\\\/2023\\\/11\\\/cropped-cropped-E-Moto-Park-logo.png\",\"width\":108,\"height\":50,\"caption\":\"E-Moto Park\"},\"image\":{\"@id\":\"https:\\\/\\\/e-motopark.com\\\/en\\\/#\\\/schema\\\/logo\\\/image\\\/\"},\"sameAs\":[\"https:\\\/\\\/www.facebook.com\\\/EmotoPark\\\/\"]}]}<\/script>\n<!-- \/ Yoast SEO Premium plugin. -->","yoast_head_json":{"title":"Helmet IMX FMX-02 black\/red\/white cross enduro - E-Moto Park","robots":{"index":"index","follow":"follow","max-snippet":"max-snippet:-1","max-image-preview":"max-image-preview:large","max-video-preview":"max-video-preview:-1"},"canonical":"https:\/\/e-motopark.com\/en\/product\/helmet-imx-fmx-02-black-red-white-cross-enduro\/","og_locale":"en_US","og_type":"article","og_title":"Helmet IMX FMX-02 black\/red\/white cross enduro","og_description":"Description: Created out of a passion for motocross and with his digestive brain in mind. Even for those who take their first steps in it. Dust, dust and dirt are an indispensable aspect of the sport, but with IMX products this is never a hindrance. IMX helmets, boots, goggles and accessories are designed with safety [&hellip;]","og_url":"https:\/\/e-motopark.com\/en\/product\/helmet-imx-fmx-02-black-red-white-cross-enduro\/","og_site_name":"E-Moto Park","article_publisher":"https:\/\/www.facebook.com\/EmotoPark\/","article_modified_time":"2025-06-04T18:36:01+00:00","og_image":[{"width":1156,"height":833,"url":"https:\/\/e-motopark.com\/wp-content\/uploads\/2023\/12\/IMX-FMX-02-enduro-motocyklova-prilba-cerna-cervena-bila.jpg","type":"image\/jpeg"}],"twitter_card":"summary_large_image","twitter_misc":{"Est. reading time":"2 minutes"},"schema":{"@context":"https:\/\/schema.org","@graph":[{"@type":["WebPage","ItemPage"],"@id":"https:\/\/e-motopark.com\/en\/product\/helmet-imx-fmx-02-black-red-white-cross-enduro\/","url":"https:\/\/e-motopark.com\/en\/product\/helmet-imx-fmx-02-black-red-white-cross-enduro\/","name":"Helmet IMX FMX-02 black\/red\/white cross enduro - E-Moto Park","isPartOf":{"@id":"https:\/\/e-motopark.com\/en\/#website"},"primaryImageOfPage":{"@id":"https:\/\/e-motopark.com\/en\/product\/helmet-imx-fmx-02-black-red-white-cross-enduro\/#primaryimage"},"image":{"@id":"https:\/\/e-motopark.com\/en\/product\/helmet-imx-fmx-02-black-red-white-cross-enduro\/#primaryimage"},"thumbnailUrl":"https:\/\/e-motopark.com\/wp-content\/uploads\/2023\/12\/IMX-FMX-02-enduro-motocyklova-prilba-cerna-cervena-bila.jpg","datePublished":"2023-12-19T12:20:26+00:00","dateModified":"2025-06-04T18:36:01+00:00","breadcrumb":{"@id":"https:\/\/e-motopark.com\/en\/product\/helmet-imx-fmx-02-black-red-white-cross-enduro\/#breadcrumb"},"inLanguage":"en-US","potentialAction":[{"@type":"ReadAction","target":["https:\/\/e-motopark.com\/en\/product\/helmet-imx-fmx-02-black-red-white-cross-enduro\/"]}]},{"@type":"ImageObject","inLanguage":"en-US","@id":"https:\/\/e-motopark.com\/en\/product\/helmet-imx-fmx-02-black-red-white-cross-enduro\/#primaryimage","url":"https:\/\/e-motopark.com\/wp-content\/uploads\/2023\/12\/IMX-FMX-02-enduro-motocyklova-prilba-cerna-cervena-bila.jpg","contentUrl":"https:\/\/e-motopark.com\/wp-content\/uploads\/2023\/12\/IMX-FMX-02-enduro-motocyklova-prilba-cerna-cervena-bila.jpg","width":1156,"height":833},{"@type":"BreadcrumbList","@id":"https:\/\/e-motopark.com\/en\/product\/helmet-imx-fmx-02-black-red-white-cross-enduro\/#breadcrumb","itemListElement":[{"@type":"ListItem","position":1,"name":"Dom\u016f","item":"https:\/\/e-motopark.com\/en\/e-moto-park-shop-and-rental-of-electric-motorbikes\/"},{"@type":"ListItem","position":2,"name":"Shop","item":"https:\/\/e-motopark.com\/en\/shop\/"},{"@type":"ListItem","position":3,"name":"Helmet IMX FMX-02 black\/red\/white cross enduro"}]},{"@type":"WebSite","@id":"https:\/\/e-motopark.com\/en\/#website","url":"https:\/\/e-motopark.com\/en\/","name":"E-Moto Park","description":"Prodejna a p\u016fj\u010dovna elektrick\u00fdch motorek","publisher":{"@id":"https:\/\/e-motopark.com\/en\/#organization"},"potentialAction":[{"@type":"SearchAction","target":{"@type":"EntryPoint","urlTemplate":"https:\/\/e-motopark.com\/en\/?s={search_term_string}"},"query-input":{"@type":"PropertyValueSpecification","valueRequired":true,"valueName":"search_term_string"}}],"inLanguage":"en-US"},{"@type":"Organization","@id":"https:\/\/e-motopark.com\/en\/#organization","name":"E-Moto Park","url":"https:\/\/e-motopark.com\/en\/","logo":{"@type":"ImageObject","inLanguage":"en-US","@id":"https:\/\/e-motopark.com\/en\/#\/schema\/logo\/image\/","url":"https:\/\/e-motopark.com\/wp-content\/uploads\/2023\/11\/cropped-cropped-E-Moto-Park-logo.png","contentUrl":"https:\/\/e-motopark.com\/wp-content\/uploads\/2023\/11\/cropped-cropped-E-Moto-Park-logo.png","width":108,"height":50,"caption":"E-Moto Park"},"image":{"@id":"https:\/\/e-motopark.com\/en\/#\/schema\/logo\/image\/"},"sameAs":["https:\/\/www.facebook.com\/EmotoPark\/"]}]}},"_links":{"self":[{"href":"https:\/\/e-motopark.com\/en\/wp-json\/wp\/v2\/product\/9450","targetHints":{"allow":["GET"]}}],"collection":[{"href":"https:\/\/e-motopark.com\/en\/wp-json\/wp\/v2\/product"}],"about":[{"href":"https:\/\/e-motopark.com\/en\/wp-json\/wp\/v2\/types\/product"}],"wp:featuredmedia":[{"embeddable":true,"href":"https:\/\/e-motopark.com\/en\/wp-json\/wp\/v2\/media\/7464"}],"wp:attachment":[{"href":"https:\/\/e-motopark.com\/en\/wp-json\/wp\/v2\/media?parent=9450"}],"wp:term":[{"taxonomy":"product_brand","embeddable":true,"href":"https:\/\/e-motopark.com\/en\/wp-json\/wp\/v2\/product_brand?post=9450"},{"taxonomy":"product_cat","embeddable":true,"href":"https:\/\/e-motopark.com\/en\/wp-json\/wp\/v2\/product_cat?post=9450"},{"taxonomy":"product_tag","embeddable":true,"href":"https:\/\/e-motopark.com\/en\/wp-json\/wp\/v2\/product_tag?post=9450"},{"taxonomy":"emoto_spec_group","embeddable":true,"href":"https:\/\/e-motopark.com\/en\/wp-json\/wp\/v2\/emoto_spec_group?post=9450"}],"curies":[{"name":"wp","href":"https:\/\/api.w.org\/{rel}","templated":true}]}}