{"id":9455,"date":"2023-12-15T12:40:05","date_gmt":"2023-12-15T11:40:05","guid":{"rendered":"https:\/\/e-motopark.com\/produkt\/prilba-imx-fmx-02-dropping-bombs-cerna-oranzova-bila\/"},"modified":"2025-06-04T20:40:00","modified_gmt":"2025-06-04T18:40:00","slug":"helmet-imx-fmx-02-dropping-bombs-black-orange-white-cross-enduro","status":"publish","type":"product","link":"https:\/\/e-motopark.com\/en\/product\/helmet-imx-fmx-02-dropping-bombs-black-orange-white-cross-enduro\/","title":{"rendered":"Helmet IMX FMX-02 DROPPING BOMBS black\/orange\/white cross enduro"},"content":{"rendered":"<p><strong>Description:<\/strong><\/p>\n<ul>\n<li>The IMX FMX-02 off-road motorcycle helmet is equipped with 2 sizes of EPS, allowing precise adjustment to the shape of the head. Emergency removable cheek pads ensure safety in critical situations. The IMX FMX has numerous ventilation channels and an adjustable perforated canopy.  <\/li>\n<\/ul>\n<p>&nbsp;<\/p>\n<ul>\n<li><strong>SafetyThe helmet<\/strong>is made of high quality ABS materials<br \/>\nMicrometer buckle secures the helmet and allows for intuitive on and off<br \/>\nOne shell size and 2 EPS sizes for a precise fit<br \/>\nEmergency removal of cheek pads to allow the helmet to be easily removed from the head by the rescuer<\/li>\n<\/ul>\n<p>&nbsp;<\/p>\n<ul>\n<li><strong>ComfortRemovable<\/strong>helmet lining made of polyester, which is pleasant to the touch<br \/>\nWashable interior to keep the helmet clean<br \/>\nRemovable, perforated visor with adjustable position<br \/>\nComfortable interior padding thanks to high-quality materials<\/li>\n<li><strong>VentilationEfficient<\/strong>ventilation system to ensure high levels of air circulation inside the helmet<br \/>\nAir outlets on the back of the helmet<br \/>\nECE 22.05 approval<\/li>\n<\/ul>\n<p>&nbsp;<\/p>\n<ul>\n<li>Weight: 1250 g +\/-50 g<\/li>\n<\/ul>\n","protected":false},"excerpt":{"rendered":"<p>Description: The IMX FMX-02 off-road motorcycle helmet is equipped with 2 sizes of EPS, allowing precise adjustment to the shape of the head. Emergency removable cheek pads ensure safety in critical situations. The IMX FMX has numerous ventilation channels and an adjustable perforated canopy. &nbsp; SafetyThe helmetis made of high quality ABS materials Micrometer buckle [&hellip;]<\/p>\n","protected":false},"featured_media":7410,"template":"","meta":{"from_xml":"","manufacturer_code":"","emoto_stock":""},"product_brand":[],"product_cat":[],"product_tag":[],"emoto_spec_group":[],"class_list":{"0":"post-9455","1":"product","2":"type-product","3":"status-publish","4":"has-post-thumbnail","7":"first","8":"outofstock","9":"taxable","10":"shipping-taxable","11":"purchasable","12":"product-type-variable","13":"has-default-attributes"},"exclude_global_add_ons":[],"addons":[],"yoast_head":"<!-- This site is optimized with the Yoast SEO Premium plugin v27.4 (Yoast SEO v27.5) - https:\/\/yoast.com\/product\/yoast-seo-premium-wordpress\/ -->\n<title>Helmet IMX FMX-02 DROPPING BOMBS black\/orange\/white cross enduro - E-Moto Park<\/title>\n<meta name=\"robots\" content=\"index, follow, max-snippet:-1, max-image-preview:large, max-video-preview:-1\" \/>\n<link rel=\"canonical\" href=\"https:\/\/e-motopark.com\/en\/product\/helmet-imx-fmx-02-dropping-bombs-black-orange-white-cross-enduro\/\" \/>\n<meta property=\"og:locale\" content=\"en_US\" \/>\n<meta property=\"og:type\" content=\"article\" \/>\n<meta property=\"og:title\" content=\"Helmet IMX FMX-02 DROPPING BOMBS black\/orange\/white cross enduro\" \/>\n<meta property=\"og:description\" content=\"Description: The IMX FMX-02 off-road motorcycle helmet is equipped with 2 sizes of EPS, allowing precise adjustment to the shape of the head. Emergency removable cheek pads ensure safety in critical situations. The IMX FMX has numerous ventilation channels and an adjustable perforated canopy. &nbsp; SafetyThe helmetis made of high quality ABS materials Micrometer buckle [&hellip;]\" \/>\n<meta property=\"og:url\" content=\"https:\/\/e-motopark.com\/en\/product\/helmet-imx-fmx-02-dropping-bombs-black-orange-white-cross-enduro\/\" \/>\n<meta property=\"og:site_name\" content=\"E-Moto Park\" \/>\n<meta property=\"article:publisher\" content=\"https:\/\/www.facebook.com\/EmotoPark\/\" \/>\n<meta property=\"article:modified_time\" content=\"2025-06-04T18:40:00+00:00\" \/>\n<meta property=\"og:image\" content=\"https:\/\/e-motopark.com\/wp-content\/uploads\/2023\/12\/IMX-FMX-02-enduro-motocyklova-prilba-cerna-oranzova-bila.jpg\" \/>\n\t<meta property=\"og:image:width\" content=\"1109\" \/>\n\t<meta property=\"og:image:height\" content=\"837\" \/>\n\t<meta property=\"og:image:type\" content=\"image\/jpeg\" \/>\n<meta name=\"twitter:card\" content=\"summary_large_image\" \/>\n<meta name=\"twitter:label1\" content=\"Est. reading time\" \/>\n\t<meta name=\"twitter:data1\" content=\"1 minute\" \/>\n<script type=\"application\/ld+json\" class=\"yoast-schema-graph\">{\"@context\":\"https:\\\/\\\/schema.org\",\"@graph\":[{\"@type\":[\"WebPage\",\"ItemPage\"],\"@id\":\"https:\\\/\\\/e-motopark.com\\\/en\\\/product\\\/helmet-imx-fmx-02-dropping-bombs-black-orange-white-cross-enduro\\\/\",\"url\":\"https:\\\/\\\/e-motopark.com\\\/en\\\/product\\\/helmet-imx-fmx-02-dropping-bombs-black-orange-white-cross-enduro\\\/\",\"name\":\"Helmet IMX FMX-02 DROPPING BOMBS black\\\/orange\\\/white cross enduro - E-Moto Park\",\"isPartOf\":{\"@id\":\"https:\\\/\\\/e-motopark.com\\\/en\\\/#website\"},\"primaryImageOfPage\":{\"@id\":\"https:\\\/\\\/e-motopark.com\\\/en\\\/product\\\/helmet-imx-fmx-02-dropping-bombs-black-orange-white-cross-enduro\\\/#primaryimage\"},\"image\":{\"@id\":\"https:\\\/\\\/e-motopark.com\\\/en\\\/product\\\/helmet-imx-fmx-02-dropping-bombs-black-orange-white-cross-enduro\\\/#primaryimage\"},\"thumbnailUrl\":\"https:\\\/\\\/e-motopark.com\\\/wp-content\\\/uploads\\\/2023\\\/12\\\/IMX-FMX-02-enduro-motocyklova-prilba-cerna-oranzova-bila.jpg\",\"datePublished\":\"2023-12-15T11:40:05+00:00\",\"dateModified\":\"2025-06-04T18:40:00+00:00\",\"breadcrumb\":{\"@id\":\"https:\\\/\\\/e-motopark.com\\\/en\\\/product\\\/helmet-imx-fmx-02-dropping-bombs-black-orange-white-cross-enduro\\\/#breadcrumb\"},\"inLanguage\":\"en-US\",\"potentialAction\":[{\"@type\":\"ReadAction\",\"target\":[\"https:\\\/\\\/e-motopark.com\\\/en\\\/product\\\/helmet-imx-fmx-02-dropping-bombs-black-orange-white-cross-enduro\\\/\"]}]},{\"@type\":\"ImageObject\",\"inLanguage\":\"en-US\",\"@id\":\"https:\\\/\\\/e-motopark.com\\\/en\\\/product\\\/helmet-imx-fmx-02-dropping-bombs-black-orange-white-cross-enduro\\\/#primaryimage\",\"url\":\"https:\\\/\\\/e-motopark.com\\\/wp-content\\\/uploads\\\/2023\\\/12\\\/IMX-FMX-02-enduro-motocyklova-prilba-cerna-oranzova-bila.jpg\",\"contentUrl\":\"https:\\\/\\\/e-motopark.com\\\/wp-content\\\/uploads\\\/2023\\\/12\\\/IMX-FMX-02-enduro-motocyklova-prilba-cerna-oranzova-bila.jpg\",\"width\":1109,\"height\":837},{\"@type\":\"BreadcrumbList\",\"@id\":\"https:\\\/\\\/e-motopark.com\\\/en\\\/product\\\/helmet-imx-fmx-02-dropping-bombs-black-orange-white-cross-enduro\\\/#breadcrumb\",\"itemListElement\":[{\"@type\":\"ListItem\",\"position\":1,\"name\":\"Dom\u016f\",\"item\":\"https:\\\/\\\/e-motopark.com\\\/en\\\/e-moto-park-shop-and-rental-of-electric-motorbikes\\\/\"},{\"@type\":\"ListItem\",\"position\":2,\"name\":\"Shop\",\"item\":\"https:\\\/\\\/e-motopark.com\\\/en\\\/shop\\\/\"},{\"@type\":\"ListItem\",\"position\":3,\"name\":\"Helmet IMX FMX-02 DROPPING BOMBS black\\\/orange\\\/white cross enduro\"}]},{\"@type\":\"WebSite\",\"@id\":\"https:\\\/\\\/e-motopark.com\\\/en\\\/#website\",\"url\":\"https:\\\/\\\/e-motopark.com\\\/en\\\/\",\"name\":\"E-Moto Park\",\"description\":\"Prodejna a p\u016fj\u010dovna elektrick\u00fdch motorek\",\"publisher\":{\"@id\":\"https:\\\/\\\/e-motopark.com\\\/en\\\/#organization\"},\"potentialAction\":[{\"@type\":\"SearchAction\",\"target\":{\"@type\":\"EntryPoint\",\"urlTemplate\":\"https:\\\/\\\/e-motopark.com\\\/en\\\/?s={search_term_string}\"},\"query-input\":{\"@type\":\"PropertyValueSpecification\",\"valueRequired\":true,\"valueName\":\"search_term_string\"}}],\"inLanguage\":\"en-US\"},{\"@type\":\"Organization\",\"@id\":\"https:\\\/\\\/e-motopark.com\\\/en\\\/#organization\",\"name\":\"E-Moto Park\",\"url\":\"https:\\\/\\\/e-motopark.com\\\/en\\\/\",\"logo\":{\"@type\":\"ImageObject\",\"inLanguage\":\"en-US\",\"@id\":\"https:\\\/\\\/e-motopark.com\\\/en\\\/#\\\/schema\\\/logo\\\/image\\\/\",\"url\":\"https:\\\/\\\/e-motopark.com\\\/wp-content\\\/uploads\\\/2023\\\/11\\\/cropped-cropped-E-Moto-Park-logo.png\",\"contentUrl\":\"https:\\\/\\\/e-motopark.com\\\/wp-content\\\/uploads\\\/2023\\\/11\\\/cropped-cropped-E-Moto-Park-logo.png\",\"width\":108,\"height\":50,\"caption\":\"E-Moto Park\"},\"image\":{\"@id\":\"https:\\\/\\\/e-motopark.com\\\/en\\\/#\\\/schema\\\/logo\\\/image\\\/\"},\"sameAs\":[\"https:\\\/\\\/www.facebook.com\\\/EmotoPark\\\/\"]}]}<\/script>\n<!-- \/ Yoast SEO Premium plugin. -->","yoast_head_json":{"title":"Helmet IMX FMX-02 DROPPING BOMBS black\/orange\/white cross enduro - E-Moto Park","robots":{"index":"index","follow":"follow","max-snippet":"max-snippet:-1","max-image-preview":"max-image-preview:large","max-video-preview":"max-video-preview:-1"},"canonical":"https:\/\/e-motopark.com\/en\/product\/helmet-imx-fmx-02-dropping-bombs-black-orange-white-cross-enduro\/","og_locale":"en_US","og_type":"article","og_title":"Helmet IMX FMX-02 DROPPING BOMBS black\/orange\/white cross enduro","og_description":"Description: The IMX FMX-02 off-road motorcycle helmet is equipped with 2 sizes of EPS, allowing precise adjustment to the shape of the head. Emergency removable cheek pads ensure safety in critical situations. The IMX FMX has numerous ventilation channels and an adjustable perforated canopy. &nbsp; SafetyThe helmetis made of high quality ABS materials Micrometer buckle [&hellip;]","og_url":"https:\/\/e-motopark.com\/en\/product\/helmet-imx-fmx-02-dropping-bombs-black-orange-white-cross-enduro\/","og_site_name":"E-Moto Park","article_publisher":"https:\/\/www.facebook.com\/EmotoPark\/","article_modified_time":"2025-06-04T18:40:00+00:00","og_image":[{"width":1109,"height":837,"url":"https:\/\/e-motopark.com\/wp-content\/uploads\/2023\/12\/IMX-FMX-02-enduro-motocyklova-prilba-cerna-oranzova-bila.jpg","type":"image\/jpeg"}],"twitter_card":"summary_large_image","twitter_misc":{"Est. reading time":"1 minute"},"schema":{"@context":"https:\/\/schema.org","@graph":[{"@type":["WebPage","ItemPage"],"@id":"https:\/\/e-motopark.com\/en\/product\/helmet-imx-fmx-02-dropping-bombs-black-orange-white-cross-enduro\/","url":"https:\/\/e-motopark.com\/en\/product\/helmet-imx-fmx-02-dropping-bombs-black-orange-white-cross-enduro\/","name":"Helmet IMX FMX-02 DROPPING BOMBS black\/orange\/white cross enduro - E-Moto Park","isPartOf":{"@id":"https:\/\/e-motopark.com\/en\/#website"},"primaryImageOfPage":{"@id":"https:\/\/e-motopark.com\/en\/product\/helmet-imx-fmx-02-dropping-bombs-black-orange-white-cross-enduro\/#primaryimage"},"image":{"@id":"https:\/\/e-motopark.com\/en\/product\/helmet-imx-fmx-02-dropping-bombs-black-orange-white-cross-enduro\/#primaryimage"},"thumbnailUrl":"https:\/\/e-motopark.com\/wp-content\/uploads\/2023\/12\/IMX-FMX-02-enduro-motocyklova-prilba-cerna-oranzova-bila.jpg","datePublished":"2023-12-15T11:40:05+00:00","dateModified":"2025-06-04T18:40:00+00:00","breadcrumb":{"@id":"https:\/\/e-motopark.com\/en\/product\/helmet-imx-fmx-02-dropping-bombs-black-orange-white-cross-enduro\/#breadcrumb"},"inLanguage":"en-US","potentialAction":[{"@type":"ReadAction","target":["https:\/\/e-motopark.com\/en\/product\/helmet-imx-fmx-02-dropping-bombs-black-orange-white-cross-enduro\/"]}]},{"@type":"ImageObject","inLanguage":"en-US","@id":"https:\/\/e-motopark.com\/en\/product\/helmet-imx-fmx-02-dropping-bombs-black-orange-white-cross-enduro\/#primaryimage","url":"https:\/\/e-motopark.com\/wp-content\/uploads\/2023\/12\/IMX-FMX-02-enduro-motocyklova-prilba-cerna-oranzova-bila.jpg","contentUrl":"https:\/\/e-motopark.com\/wp-content\/uploads\/2023\/12\/IMX-FMX-02-enduro-motocyklova-prilba-cerna-oranzova-bila.jpg","width":1109,"height":837},{"@type":"BreadcrumbList","@id":"https:\/\/e-motopark.com\/en\/product\/helmet-imx-fmx-02-dropping-bombs-black-orange-white-cross-enduro\/#breadcrumb","itemListElement":[{"@type":"ListItem","position":1,"name":"Dom\u016f","item":"https:\/\/e-motopark.com\/en\/e-moto-park-shop-and-rental-of-electric-motorbikes\/"},{"@type":"ListItem","position":2,"name":"Shop","item":"https:\/\/e-motopark.com\/en\/shop\/"},{"@type":"ListItem","position":3,"name":"Helmet IMX FMX-02 DROPPING BOMBS black\/orange\/white cross enduro"}]},{"@type":"WebSite","@id":"https:\/\/e-motopark.com\/en\/#website","url":"https:\/\/e-motopark.com\/en\/","name":"E-Moto Park","description":"Prodejna a p\u016fj\u010dovna elektrick\u00fdch motorek","publisher":{"@id":"https:\/\/e-motopark.com\/en\/#organization"},"potentialAction":[{"@type":"SearchAction","target":{"@type":"EntryPoint","urlTemplate":"https:\/\/e-motopark.com\/en\/?s={search_term_string}"},"query-input":{"@type":"PropertyValueSpecification","valueRequired":true,"valueName":"search_term_string"}}],"inLanguage":"en-US"},{"@type":"Organization","@id":"https:\/\/e-motopark.com\/en\/#organization","name":"E-Moto Park","url":"https:\/\/e-motopark.com\/en\/","logo":{"@type":"ImageObject","inLanguage":"en-US","@id":"https:\/\/e-motopark.com\/en\/#\/schema\/logo\/image\/","url":"https:\/\/e-motopark.com\/wp-content\/uploads\/2023\/11\/cropped-cropped-E-Moto-Park-logo.png","contentUrl":"https:\/\/e-motopark.com\/wp-content\/uploads\/2023\/11\/cropped-cropped-E-Moto-Park-logo.png","width":108,"height":50,"caption":"E-Moto Park"},"image":{"@id":"https:\/\/e-motopark.com\/en\/#\/schema\/logo\/image\/"},"sameAs":["https:\/\/www.facebook.com\/EmotoPark\/"]}]}},"_links":{"self":[{"href":"https:\/\/e-motopark.com\/en\/wp-json\/wp\/v2\/product\/9455","targetHints":{"allow":["GET"]}}],"collection":[{"href":"https:\/\/e-motopark.com\/en\/wp-json\/wp\/v2\/product"}],"about":[{"href":"https:\/\/e-motopark.com\/en\/wp-json\/wp\/v2\/types\/product"}],"wp:featuredmedia":[{"embeddable":true,"href":"https:\/\/e-motopark.com\/en\/wp-json\/wp\/v2\/media\/7410"}],"wp:attachment":[{"href":"https:\/\/e-motopark.com\/en\/wp-json\/wp\/v2\/media?parent=9455"}],"wp:term":[{"taxonomy":"product_brand","embeddable":true,"href":"https:\/\/e-motopark.com\/en\/wp-json\/wp\/v2\/product_brand?post=9455"},{"taxonomy":"product_cat","embeddable":true,"href":"https:\/\/e-motopark.com\/en\/wp-json\/wp\/v2\/product_cat?post=9455"},{"taxonomy":"product_tag","embeddable":true,"href":"https:\/\/e-motopark.com\/en\/wp-json\/wp\/v2\/product_tag?post=9455"},{"taxonomy":"emoto_spec_group","embeddable":true,"href":"https:\/\/e-motopark.com\/en\/wp-json\/wp\/v2\/emoto_spec_group?post=9455"}],"curies":[{"name":"wp","href":"https:\/\/api.w.org\/{rel}","templated":true}]}}