{"id":9543,"date":"2023-12-07T10:43:37","date_gmt":"2023-12-07T09:43:37","guid":{"rendered":"https:\/\/e-motopark.com\/produkt\/ko-nano-kontroler-na-talaria-sting\/"},"modified":"2025-06-04T21:04:26","modified_gmt":"2025-06-04T19:04:26","slug":"ko-nano-max-17kw-controller-for-talaria-sting","status":"publish","type":"product","link":"https:\/\/e-motopark.com\/en\/product\/ko-nano-max-17kw-controller-for-talaria-sting\/","title":{"rendered":"KO NANO (max.17kW) controller for Talaria Sting"},"content":{"rendered":"<p><strong>Description:<\/strong><\/p>\n<ul>\n<li>KO NANO controller for Talaria Sting<\/li>\n<li>MAXIMUM POWER &#8211; 17kW<\/li>\n<li>Designed from the ground up to deliver unrivalled performance and power without suffering from all the problems that plague the current offering.<\/li>\n<li>Easy assembly<\/li>\n<li>The motor and controller are designed to be plugged into the Sur-Ron and used, and installation is easy because they use the same wiring as well as the same default Sur-Ron display unit. This eliminates the need to upgrade the display unit and run additional wiring throughout the bike. <\/li>\n<li>For a serial machine the increase is 1500W-2000W.<\/li>\n<li>Control unit specifications<\/li>\n<li>Easy control of the controller via the KO app on your phone.OPERATING VOLTAGE &#8211; 60-72 V nominal (max. voltage 84 V)<\/li>\n<li>MAX. PHASE CURRENT 450 A <\/li>\n<li>MAX. PROUD 210A <\/li>\n<li>MAXIMUM POWER &#8211; 17kW<\/li>\n<li>OPERATING TEMPERATURE &#8211; -25-80\u2103<\/li>\n<li>INGRESS PROTECTION &#8211; IP67<\/li>\n<li>MAXIMUM EFFICIENCY &#8211; \uff1e95%<\/li>\n<li>**NOTE* Please note that you must use the supplied screws when installing the controller to prevent damage to the controller. Using hex screws may result in too much torque on the connectors, which may be damaged or even broken off if too much force is applied. To prevent this, we supply Philips head screws with the controller.  <\/li>\n<\/ul>\n","protected":false},"excerpt":{"rendered":"<p>Description: KO NANO controller for Talaria Sting MAXIMUM POWER &#8211; 17kW Designed from the ground up to deliver unrivalled performance and power without suffering from all the problems that plague the current offering. Easy assembly The motor and controller are designed to be plugged into the Sur-Ron and used, and installation is easy because they [&hellip;]<\/p>\n","protected":false},"featured_media":7265,"template":"","meta":{"from_xml":"","manufacturer_code":"","emoto_stock":""},"product_brand":[],"product_cat":[1700],"product_tag":[],"emoto_spec_group":[],"class_list":{"0":"post-9543","1":"product","2":"type-product","3":"status-publish","4":"has-post-thumbnail","6":"product_cat-batteries-controllers-motors-talaria-sting-en","8":"first","9":"outofstock","10":"taxable","11":"shipping-taxable","12":"purchasable","13":"product-type-simple"},"exclude_global_add_ons":[],"addons":[],"yoast_head":"<!-- This site is optimized with the Yoast SEO Premium plugin v27.4 (Yoast SEO v27.5) - https:\/\/yoast.com\/product\/yoast-seo-premium-wordpress\/ -->\n<title>KO NANO (max.17kW) controller for Talaria Sting - E-Moto Park<\/title>\n<meta name=\"robots\" content=\"index, follow, max-snippet:-1, max-image-preview:large, max-video-preview:-1\" \/>\n<link rel=\"canonical\" href=\"https:\/\/e-motopark.com\/en\/product\/ko-nano-max-17kw-controller-for-talaria-sting\/\" \/>\n<meta property=\"og:locale\" content=\"en_US\" \/>\n<meta property=\"og:type\" content=\"article\" \/>\n<meta property=\"og:title\" content=\"KO NANO (max.17kW) controller for Talaria Sting\" \/>\n<meta property=\"og:description\" content=\"Description: KO NANO controller for Talaria Sting MAXIMUM POWER &#8211; 17kW Designed from the ground up to deliver unrivalled performance and power without suffering from all the problems that plague the current offering. Easy assembly The motor and controller are designed to be plugged into the Sur-Ron and used, and installation is easy because they [&hellip;]\" \/>\n<meta property=\"og:url\" content=\"https:\/\/e-motopark.com\/en\/product\/ko-nano-max-17kw-controller-for-talaria-sting\/\" \/>\n<meta property=\"og:site_name\" content=\"E-Moto Park\" \/>\n<meta property=\"article:publisher\" content=\"https:\/\/www.facebook.com\/EmotoPark\/\" \/>\n<meta property=\"article:modified_time\" content=\"2025-06-04T19:04:26+00:00\" \/>\n<meta property=\"og:image\" content=\"https:\/\/e-motopark.com\/wp-content\/uploads\/2023\/12\/KO-NANO-kontroler-Talaria-Sting-E-Moto-Park.jpg\" \/>\n\t<meta property=\"og:image:width\" content=\"767\" \/>\n\t<meta property=\"og:image:height\" content=\"767\" \/>\n\t<meta property=\"og:image:type\" content=\"image\/jpeg\" \/>\n<meta name=\"twitter:card\" content=\"summary_large_image\" \/>\n<meta name=\"twitter:label1\" content=\"Est. reading time\" \/>\n\t<meta name=\"twitter:data1\" content=\"2 minutes\" \/>\n<script type=\"application\/ld+json\" class=\"yoast-schema-graph\">{\"@context\":\"https:\\\/\\\/schema.org\",\"@graph\":[{\"@type\":[\"WebPage\",\"ItemPage\"],\"@id\":\"https:\\\/\\\/e-motopark.com\\\/en\\\/product\\\/ko-nano-max-17kw-controller-for-talaria-sting\\\/\",\"url\":\"https:\\\/\\\/e-motopark.com\\\/en\\\/product\\\/ko-nano-max-17kw-controller-for-talaria-sting\\\/\",\"name\":\"KO NANO (max.17kW) controller for Talaria Sting - E-Moto Park\",\"isPartOf\":{\"@id\":\"https:\\\/\\\/e-motopark.com\\\/en\\\/#website\"},\"primaryImageOfPage\":{\"@id\":\"https:\\\/\\\/e-motopark.com\\\/en\\\/product\\\/ko-nano-max-17kw-controller-for-talaria-sting\\\/#primaryimage\"},\"image\":{\"@id\":\"https:\\\/\\\/e-motopark.com\\\/en\\\/product\\\/ko-nano-max-17kw-controller-for-talaria-sting\\\/#primaryimage\"},\"thumbnailUrl\":\"https:\\\/\\\/e-motopark.com\\\/wp-content\\\/uploads\\\/2023\\\/12\\\/KO-NANO-kontroler-Talaria-Sting-E-Moto-Park.jpg\",\"datePublished\":\"2023-12-07T09:43:37+00:00\",\"dateModified\":\"2025-06-04T19:04:26+00:00\",\"breadcrumb\":{\"@id\":\"https:\\\/\\\/e-motopark.com\\\/en\\\/product\\\/ko-nano-max-17kw-controller-for-talaria-sting\\\/#breadcrumb\"},\"inLanguage\":\"en-US\",\"potentialAction\":[{\"@type\":\"ReadAction\",\"target\":[\"https:\\\/\\\/e-motopark.com\\\/en\\\/product\\\/ko-nano-max-17kw-controller-for-talaria-sting\\\/\"]}]},{\"@type\":\"ImageObject\",\"inLanguage\":\"en-US\",\"@id\":\"https:\\\/\\\/e-motopark.com\\\/en\\\/product\\\/ko-nano-max-17kw-controller-for-talaria-sting\\\/#primaryimage\",\"url\":\"https:\\\/\\\/e-motopark.com\\\/wp-content\\\/uploads\\\/2023\\\/12\\\/KO-NANO-kontroler-Talaria-Sting-E-Moto-Park.jpg\",\"contentUrl\":\"https:\\\/\\\/e-motopark.com\\\/wp-content\\\/uploads\\\/2023\\\/12\\\/KO-NANO-kontroler-Talaria-Sting-E-Moto-Park.jpg\",\"width\":767,\"height\":767},{\"@type\":\"BreadcrumbList\",\"@id\":\"https:\\\/\\\/e-motopark.com\\\/en\\\/product\\\/ko-nano-max-17kw-controller-for-talaria-sting\\\/#breadcrumb\",\"itemListElement\":[{\"@type\":\"ListItem\",\"position\":1,\"name\":\"Dom\u016f\",\"item\":\"https:\\\/\\\/e-motopark.com\\\/en\\\/e-moto-park-shop-and-rental-of-electric-motorbikes\\\/\"},{\"@type\":\"ListItem\",\"position\":2,\"name\":\"Shop\",\"item\":\"https:\\\/\\\/e-motopark.com\\\/en\\\/shop\\\/\"},{\"@type\":\"ListItem\",\"position\":3,\"name\":\"KO NANO (max.17kW) controller for Talaria Sting\"}]},{\"@type\":\"WebSite\",\"@id\":\"https:\\\/\\\/e-motopark.com\\\/en\\\/#website\",\"url\":\"https:\\\/\\\/e-motopark.com\\\/en\\\/\",\"name\":\"E-Moto Park\",\"description\":\"Prodejna a p\u016fj\u010dovna elektrick\u00fdch motorek\",\"publisher\":{\"@id\":\"https:\\\/\\\/e-motopark.com\\\/en\\\/#organization\"},\"potentialAction\":[{\"@type\":\"SearchAction\",\"target\":{\"@type\":\"EntryPoint\",\"urlTemplate\":\"https:\\\/\\\/e-motopark.com\\\/en\\\/?s={search_term_string}\"},\"query-input\":{\"@type\":\"PropertyValueSpecification\",\"valueRequired\":true,\"valueName\":\"search_term_string\"}}],\"inLanguage\":\"en-US\"},{\"@type\":\"Organization\",\"@id\":\"https:\\\/\\\/e-motopark.com\\\/en\\\/#organization\",\"name\":\"E-Moto Park\",\"url\":\"https:\\\/\\\/e-motopark.com\\\/en\\\/\",\"logo\":{\"@type\":\"ImageObject\",\"inLanguage\":\"en-US\",\"@id\":\"https:\\\/\\\/e-motopark.com\\\/en\\\/#\\\/schema\\\/logo\\\/image\\\/\",\"url\":\"https:\\\/\\\/e-motopark.com\\\/wp-content\\\/uploads\\\/2023\\\/11\\\/cropped-cropped-E-Moto-Park-logo.png\",\"contentUrl\":\"https:\\\/\\\/e-motopark.com\\\/wp-content\\\/uploads\\\/2023\\\/11\\\/cropped-cropped-E-Moto-Park-logo.png\",\"width\":108,\"height\":50,\"caption\":\"E-Moto Park\"},\"image\":{\"@id\":\"https:\\\/\\\/e-motopark.com\\\/en\\\/#\\\/schema\\\/logo\\\/image\\\/\"},\"sameAs\":[\"https:\\\/\\\/www.facebook.com\\\/EmotoPark\\\/\"]}]}<\/script>\n<!-- \/ Yoast SEO Premium plugin. -->","yoast_head_json":{"title":"KO NANO (max.17kW) controller for Talaria Sting - E-Moto Park","robots":{"index":"index","follow":"follow","max-snippet":"max-snippet:-1","max-image-preview":"max-image-preview:large","max-video-preview":"max-video-preview:-1"},"canonical":"https:\/\/e-motopark.com\/en\/product\/ko-nano-max-17kw-controller-for-talaria-sting\/","og_locale":"en_US","og_type":"article","og_title":"KO NANO (max.17kW) controller for Talaria Sting","og_description":"Description: KO NANO controller for Talaria Sting MAXIMUM POWER &#8211; 17kW Designed from the ground up to deliver unrivalled performance and power without suffering from all the problems that plague the current offering. Easy assembly The motor and controller are designed to be plugged into the Sur-Ron and used, and installation is easy because they [&hellip;]","og_url":"https:\/\/e-motopark.com\/en\/product\/ko-nano-max-17kw-controller-for-talaria-sting\/","og_site_name":"E-Moto Park","article_publisher":"https:\/\/www.facebook.com\/EmotoPark\/","article_modified_time":"2025-06-04T19:04:26+00:00","og_image":[{"width":767,"height":767,"url":"https:\/\/e-motopark.com\/wp-content\/uploads\/2023\/12\/KO-NANO-kontroler-Talaria-Sting-E-Moto-Park.jpg","type":"image\/jpeg"}],"twitter_card":"summary_large_image","twitter_misc":{"Est. reading time":"2 minutes"},"schema":{"@context":"https:\/\/schema.org","@graph":[{"@type":["WebPage","ItemPage"],"@id":"https:\/\/e-motopark.com\/en\/product\/ko-nano-max-17kw-controller-for-talaria-sting\/","url":"https:\/\/e-motopark.com\/en\/product\/ko-nano-max-17kw-controller-for-talaria-sting\/","name":"KO NANO (max.17kW) controller for Talaria Sting - E-Moto Park","isPartOf":{"@id":"https:\/\/e-motopark.com\/en\/#website"},"primaryImageOfPage":{"@id":"https:\/\/e-motopark.com\/en\/product\/ko-nano-max-17kw-controller-for-talaria-sting\/#primaryimage"},"image":{"@id":"https:\/\/e-motopark.com\/en\/product\/ko-nano-max-17kw-controller-for-talaria-sting\/#primaryimage"},"thumbnailUrl":"https:\/\/e-motopark.com\/wp-content\/uploads\/2023\/12\/KO-NANO-kontroler-Talaria-Sting-E-Moto-Park.jpg","datePublished":"2023-12-07T09:43:37+00:00","dateModified":"2025-06-04T19:04:26+00:00","breadcrumb":{"@id":"https:\/\/e-motopark.com\/en\/product\/ko-nano-max-17kw-controller-for-talaria-sting\/#breadcrumb"},"inLanguage":"en-US","potentialAction":[{"@type":"ReadAction","target":["https:\/\/e-motopark.com\/en\/product\/ko-nano-max-17kw-controller-for-talaria-sting\/"]}]},{"@type":"ImageObject","inLanguage":"en-US","@id":"https:\/\/e-motopark.com\/en\/product\/ko-nano-max-17kw-controller-for-talaria-sting\/#primaryimage","url":"https:\/\/e-motopark.com\/wp-content\/uploads\/2023\/12\/KO-NANO-kontroler-Talaria-Sting-E-Moto-Park.jpg","contentUrl":"https:\/\/e-motopark.com\/wp-content\/uploads\/2023\/12\/KO-NANO-kontroler-Talaria-Sting-E-Moto-Park.jpg","width":767,"height":767},{"@type":"BreadcrumbList","@id":"https:\/\/e-motopark.com\/en\/product\/ko-nano-max-17kw-controller-for-talaria-sting\/#breadcrumb","itemListElement":[{"@type":"ListItem","position":1,"name":"Dom\u016f","item":"https:\/\/e-motopark.com\/en\/e-moto-park-shop-and-rental-of-electric-motorbikes\/"},{"@type":"ListItem","position":2,"name":"Shop","item":"https:\/\/e-motopark.com\/en\/shop\/"},{"@type":"ListItem","position":3,"name":"KO NANO (max.17kW) controller for Talaria Sting"}]},{"@type":"WebSite","@id":"https:\/\/e-motopark.com\/en\/#website","url":"https:\/\/e-motopark.com\/en\/","name":"E-Moto Park","description":"Prodejna a p\u016fj\u010dovna elektrick\u00fdch motorek","publisher":{"@id":"https:\/\/e-motopark.com\/en\/#organization"},"potentialAction":[{"@type":"SearchAction","target":{"@type":"EntryPoint","urlTemplate":"https:\/\/e-motopark.com\/en\/?s={search_term_string}"},"query-input":{"@type":"PropertyValueSpecification","valueRequired":true,"valueName":"search_term_string"}}],"inLanguage":"en-US"},{"@type":"Organization","@id":"https:\/\/e-motopark.com\/en\/#organization","name":"E-Moto Park","url":"https:\/\/e-motopark.com\/en\/","logo":{"@type":"ImageObject","inLanguage":"en-US","@id":"https:\/\/e-motopark.com\/en\/#\/schema\/logo\/image\/","url":"https:\/\/e-motopark.com\/wp-content\/uploads\/2023\/11\/cropped-cropped-E-Moto-Park-logo.png","contentUrl":"https:\/\/e-motopark.com\/wp-content\/uploads\/2023\/11\/cropped-cropped-E-Moto-Park-logo.png","width":108,"height":50,"caption":"E-Moto Park"},"image":{"@id":"https:\/\/e-motopark.com\/en\/#\/schema\/logo\/image\/"},"sameAs":["https:\/\/www.facebook.com\/EmotoPark\/"]}]}},"_links":{"self":[{"href":"https:\/\/e-motopark.com\/en\/wp-json\/wp\/v2\/product\/9543","targetHints":{"allow":["GET"]}}],"collection":[{"href":"https:\/\/e-motopark.com\/en\/wp-json\/wp\/v2\/product"}],"about":[{"href":"https:\/\/e-motopark.com\/en\/wp-json\/wp\/v2\/types\/product"}],"wp:featuredmedia":[{"embeddable":true,"href":"https:\/\/e-motopark.com\/en\/wp-json\/wp\/v2\/media\/7265"}],"wp:attachment":[{"href":"https:\/\/e-motopark.com\/en\/wp-json\/wp\/v2\/media?parent=9543"}],"wp:term":[{"taxonomy":"product_brand","embeddable":true,"href":"https:\/\/e-motopark.com\/en\/wp-json\/wp\/v2\/product_brand?post=9543"},{"taxonomy":"product_cat","embeddable":true,"href":"https:\/\/e-motopark.com\/en\/wp-json\/wp\/v2\/product_cat?post=9543"},{"taxonomy":"product_tag","embeddable":true,"href":"https:\/\/e-motopark.com\/en\/wp-json\/wp\/v2\/product_tag?post=9543"},{"taxonomy":"emoto_spec_group","embeddable":true,"href":"https:\/\/e-motopark.com\/en\/wp-json\/wp\/v2\/emoto_spec_group?post=9543"}],"curies":[{"name":"wp","href":"https:\/\/api.w.org\/{rel}","templated":true}]}}