{"id":9552,"date":"2023-11-27T11:37:12","date_gmt":"2023-11-27T10:37:12","guid":{"rendered":"https:\/\/e-motopark.com\/produkt\/zvyhodneny-set-emp-baterie-60v-65ah-3900wh-emp-kontroler-12-16kw-na-sur-ron-x-l\/"},"modified":"2025-06-04T21:07:07","modified_gmt":"2025-06-04T19:07:07","slug":"discounted-set-emp-battery-60v-65ah3900wh-ko-nano-controller-max-17kw-for-sur-ron-x-l1e","status":"publish","type":"product","link":"https:\/\/e-motopark.com\/en\/product\/discounted-set-emp-battery-60v-65ah3900wh-ko-nano-controller-max-17kw-for-sur-ron-x-l1e\/","title":{"rendered":"Discounted set EMP Battery 60V 65Ah(3900Wh) + KO Nano Controller max.17kW for Sur-Ron X\/L1e"},"content":{"rendered":"<ul>\n<li>Discounted set EMP Battery 60V 65Ah + KO Nano Controller max.17kW for Sur-Ron X\/L1e!<\/li>\n<\/ul>\n<p><strong>Description EMP Battery 60V 65Ah:<\/strong><\/p>\n<ul>\n<li>Range up to 150km of the standard Sur-Ron Light Bee X\/L1e.<\/li>\n<li>up to 150 km per charge with the factory controller.<\/li>\n<li>Increases the performance and top speed of the Sur-Ron X\/L1e.<\/li>\n<li>Compatible with factory controller, wiring harness and charger.<\/li>\n<li>The continuous discharge current of the battery is 180 A, which provides a continuous output of 12 kW.<\/li>\n<li>The peak discharge current of the battery is 300 A, the maximum peak power at full charge of the battery is up to 19 KW.<\/li>\n<\/ul>\n<p><strong>Description:<\/strong><\/p>\n<ul>\n<li>EMP Battery 60V 65Ah (3900 Wh) for Sur-Ron Light Bee X\/L1e.<\/li>\n<li>The battery is made of Samsung 21700 battery cells.<\/li>\n<li>The battery is typically designed to replace the original Sur-Ron battery, with an integrated smart battery management system and Bluetooth functionality.<\/li>\n<li>Simply replace the 60V 65Ah battery with the original battery, no interference with the Sur-Ron frame required!<\/li>\n<li>Lifetime: after 1000 full charge cycles, the battery capacity remains at 80% of new.<\/li>\n<li>The number of charging cycles of the batteries is counted to \u201cfull\u201d cycles. So if you discharge the battery halfway and charge it again it is even less than half a cycle. <\/li>\n<li>Rated voltage 60 V<\/li>\n<li>Rated capacity 65 Ah<\/li>\n<li>With IP67 waterproof and dustproof housing.<\/li>\n<li>With LCD display to show battery SOC and special conditions.<\/li>\n<li>Application for BMS \/ ANT BMS: <strong><a href=\"https:\/\/wx.mail.qq.com\/ftn\/download?func=3&amp;key=7462316199a58f9af2e0f173406503494c160003565603561951540350485253555b1c020756554b550409050006045557075554666e31277a3611232b361f074409315c&amp;code=4b1afe1f&amp;from=qqmail\">Download link<\/a><\/strong><\/li>\n<\/ul>\n<p><strong>Type:Li Polymer Battery 60V 65Ah (3900 Wh)<\/strong><\/p>\n<ul>\n<li>The battery pack is made of Samsung 21700 battery cells<\/li>\n<li>BMS: ANT-300A<\/li>\n<li>Maximum controller power: 12kW<\/li>\n<li>Rated voltage (V): 60V<\/li>\n<li>Capacity: 65Ah<\/li>\n<li>Battery charging current: 10 A (original charger for sur-ron light bee)<\/li>\n<li>Dimensions: 15.8 x 14.1 x 37cm<\/li>\n<li>Warranty: 12 months<\/li>\n<\/ul>\n<p><strong>  Temperature ranges for:<\/strong><\/p>\n<ul>\n<li>  Charging: 0~65\u00b0C<\/li>\n<li>  Discharge: -20~75\u00b0C<\/li>\n<li>  Storage: 0~40\u00b0C<\/li>\n<\/ul>\n<p><strong>Description of KO Nano Controller max.17kW:<\/strong><\/p>\n<ul>\n<li>More powerful KO Nano controller (12kW-17kW) on Sur-Ron Light Bee X\/L1e.<\/li>\n<li>Sur-Ron Light Bee power increase to 12kW-17kW.<\/li>\n<li>Easy control of the controller via the app<\/li>\n<li>With a 72V battery, the Sur-Ron Light Bee&#8217;s output can be increased to 17kW.<\/li>\n<\/ul>\n<p><strong>Info:<\/strong><\/p>\n<ul>\n<li>KO NANO controller on Sur-Ron Light Bee X\/L1e.<\/li>\n<li>MAXIMUM POWER &#8211; 17kW<\/li>\n<li>Designed from the ground up to deliver unrivalled performance and power without suffering from all the problems that plague the current offering.<\/li>\n<li>Easy assembly<\/li>\n<li>The motor and controller are designed to be plugged into the Sur-Ron and used, and installation is easy because they use the same wiring as well as the same default Sur-Ron display unit. This eliminates the need to upgrade the display unit and run additional wiring throughout the bike. <\/li>\n<li>For a serial machine the increase is 1500W-2000W.<\/li>\n<li>Control unit specifications<\/li>\n<li>Easy control of the controller via the KO app on your phone.OPERATING VOLTAGE &#8211; 60-72 V nominal (max. voltage 84 V)<\/li>\n<li>MAX. PHASE CURRENT 450 A <\/li>\n<li>MAX. PROUD 210A <\/li>\n<li>MAXIMUM POWER &#8211; 17kW<\/li>\n<li>OPERATING TEMPERATURE &#8211; -25-80\u2103<\/li>\n<li>INGRESS PROTECTION &#8211; IP67<\/li>\n<li>MAXIMUM EFFICIENCY &#8211; \uff1e95%<\/li>\n<li>**NOTE* Please note that you must use the supplied screws when installing the controller to prevent damage to the controller. Using hex screws may result in too much torque on the connectors, which may be damaged or even broken off if too much force is applied. To prevent this, we supply Philips head screws with the controller.  <\/li>\n<\/ul>\n","protected":false},"excerpt":{"rendered":"<p>Discounted set EMP Battery 60V 65Ah + KO Nano Controller max.17kW for Sur-Ron X\/L1e! Description EMP Battery 60V 65Ah: Range up to 150km of the standard Sur-Ron Light Bee X\/L1e. up to 150 km per charge with the factory controller. Increases the performance and top speed of the Sur-Ron X\/L1e. Compatible with factory controller, wiring [&hellip;]<\/p>\n","protected":false},"featured_media":11627,"template":"","meta":{"from_xml":"","manufacturer_code":"","emoto_stock":""},"product_brand":[],"product_cat":[1672],"product_tag":[],"emoto_spec_group":[],"class_list":{"0":"post-9552","1":"product","2":"type-product","3":"status-publish","4":"has-post-thumbnail","6":"product_cat-batteries-controllers-motors","7":"product_shipping_class-battery-shiping-products-en","9":"first","10":"onbackorder","11":"taxable","12":"shipping-taxable","13":"purchasable","14":"product-type-simple"},"exclude_global_add_ons":true,"addons":[{"name":"Payment in advance","type":"heading","position":0,"required":false,"title_format":"label","description_enable":true,"description":"For this set (Battery+Controller) only payment in advance to our bank account is valid.\nIn the cart select payment by bank transfer, we will send you an invoice with QR code to your email.\nBattery delivery approx. 4 weeks.","placeholder_enable":false,"placeholder":null,"display":"select","restrictions_type":"any_text","adjust_price":false,"price":"","price_type":"flat_fee","restrictions":false,"min":0,"max":0,"options":[],"id":1715329236}],"yoast_head":"<!-- This site is optimized with the Yoast SEO Premium plugin v27.4 (Yoast SEO v27.5) - https:\/\/yoast.com\/product\/yoast-seo-premium-wordpress\/ -->\n<title>Discounted set EMP Battery 60V 65Ah(3900Wh) + KO Nano Controller max.17kW for Sur-Ron X\/L1e - E-Moto Park<\/title>\n<meta name=\"robots\" content=\"index, follow, max-snippet:-1, max-image-preview:large, max-video-preview:-1\" \/>\n<link rel=\"canonical\" href=\"https:\/\/e-motopark.com\/en\/product\/discounted-set-emp-battery-60v-65ah3900wh-ko-nano-controller-max-17kw-for-sur-ron-x-l1e\/\" \/>\n<meta property=\"og:locale\" content=\"en_US\" \/>\n<meta property=\"og:type\" content=\"article\" \/>\n<meta property=\"og:title\" content=\"Discounted set EMP Battery 60V 65Ah(3900Wh) + KO Nano Controller max.17kW for Sur-Ron X\/L1e\" \/>\n<meta property=\"og:description\" content=\"Discounted set EMP Battery 60V 65Ah + KO Nano Controller max.17kW for Sur-Ron X\/L1e! Description EMP Battery 60V 65Ah: Range up to 150km of the standard Sur-Ron Light Bee X\/L1e. up to 150 km per charge with the factory controller. Increases the performance and top speed of the Sur-Ron X\/L1e. Compatible with factory controller, wiring [&hellip;]\" \/>\n<meta property=\"og:url\" content=\"https:\/\/e-motopark.com\/en\/product\/discounted-set-emp-battery-60v-65ah3900wh-ko-nano-controller-max-17kw-for-sur-ron-x-l1e\/\" \/>\n<meta property=\"og:site_name\" content=\"E-Moto Park\" \/>\n<meta property=\"article:publisher\" content=\"https:\/\/www.facebook.com\/EmotoPark\/\" \/>\n<meta property=\"article:modified_time\" content=\"2025-06-04T19:07:07+00:00\" \/>\n<meta property=\"og:image\" content=\"https:\/\/e-motopark.com\/wp-content\/uploads\/2023\/11\/EMP-Baterie-60V-65Ah-KO-Nano-Kontroler-17kW-na-Sur-Ron-Light-Bee-X-L1e-www.E-Moto-Park.com_.jpg\" \/>\n\t<meta property=\"og:image:width\" content=\"1337\" \/>\n\t<meta property=\"og:image:height\" content=\"1339\" \/>\n\t<meta property=\"og:image:type\" content=\"image\/jpeg\" \/>\n<meta name=\"twitter:card\" content=\"summary_large_image\" \/>\n<meta name=\"twitter:label1\" content=\"Est. reading time\" \/>\n\t<meta name=\"twitter:data1\" content=\"3 minutes\" \/>\n<script type=\"application\/ld+json\" class=\"yoast-schema-graph\">{\"@context\":\"https:\\\/\\\/schema.org\",\"@graph\":[{\"@type\":[\"WebPage\",\"ItemPage\"],\"@id\":\"https:\\\/\\\/e-motopark.com\\\/en\\\/product\\\/discounted-set-emp-battery-60v-65ah3900wh-ko-nano-controller-max-17kw-for-sur-ron-x-l1e\\\/\",\"url\":\"https:\\\/\\\/e-motopark.com\\\/en\\\/product\\\/discounted-set-emp-battery-60v-65ah3900wh-ko-nano-controller-max-17kw-for-sur-ron-x-l1e\\\/\",\"name\":\"Discounted set EMP Battery 60V 65Ah(3900Wh) + KO Nano Controller max.17kW for Sur-Ron X\\\/L1e - E-Moto Park\",\"isPartOf\":{\"@id\":\"https:\\\/\\\/e-motopark.com\\\/en\\\/#website\"},\"primaryImageOfPage\":{\"@id\":\"https:\\\/\\\/e-motopark.com\\\/en\\\/product\\\/discounted-set-emp-battery-60v-65ah3900wh-ko-nano-controller-max-17kw-for-sur-ron-x-l1e\\\/#primaryimage\"},\"image\":{\"@id\":\"https:\\\/\\\/e-motopark.com\\\/en\\\/product\\\/discounted-set-emp-battery-60v-65ah3900wh-ko-nano-controller-max-17kw-for-sur-ron-x-l1e\\\/#primaryimage\"},\"thumbnailUrl\":\"https:\\\/\\\/e-motopark.com\\\/wp-content\\\/uploads\\\/2023\\\/11\\\/EMP-Baterie-60V-65Ah-Kontroler-EMP-16SR-16kW-na-Sur-Ron-Light-Bee-X-L1e-www.E-Moto-Park.com_.jpg\",\"datePublished\":\"2023-11-27T10:37:12+00:00\",\"dateModified\":\"2025-06-04T19:07:07+00:00\",\"breadcrumb\":{\"@id\":\"https:\\\/\\\/e-motopark.com\\\/en\\\/product\\\/discounted-set-emp-battery-60v-65ah3900wh-ko-nano-controller-max-17kw-for-sur-ron-x-l1e\\\/#breadcrumb\"},\"inLanguage\":\"en-US\",\"potentialAction\":[{\"@type\":\"ReadAction\",\"target\":[\"https:\\\/\\\/e-motopark.com\\\/en\\\/product\\\/discounted-set-emp-battery-60v-65ah3900wh-ko-nano-controller-max-17kw-for-sur-ron-x-l1e\\\/\"]}]},{\"@type\":\"ImageObject\",\"inLanguage\":\"en-US\",\"@id\":\"https:\\\/\\\/e-motopark.com\\\/en\\\/product\\\/discounted-set-emp-battery-60v-65ah3900wh-ko-nano-controller-max-17kw-for-sur-ron-x-l1e\\\/#primaryimage\",\"url\":\"https:\\\/\\\/e-motopark.com\\\/wp-content\\\/uploads\\\/2023\\\/11\\\/EMP-Baterie-60V-65Ah-Kontroler-EMP-16SR-16kW-na-Sur-Ron-Light-Bee-X-L1e-www.E-Moto-Park.com_.jpg\",\"contentUrl\":\"https:\\\/\\\/e-motopark.com\\\/wp-content\\\/uploads\\\/2023\\\/11\\\/EMP-Baterie-60V-65Ah-Kontroler-EMP-16SR-16kW-na-Sur-Ron-Light-Bee-X-L1e-www.E-Moto-Park.com_.jpg\",\"width\":1337,\"height\":1339},{\"@type\":\"BreadcrumbList\",\"@id\":\"https:\\\/\\\/e-motopark.com\\\/en\\\/product\\\/discounted-set-emp-battery-60v-65ah3900wh-ko-nano-controller-max-17kw-for-sur-ron-x-l1e\\\/#breadcrumb\",\"itemListElement\":[{\"@type\":\"ListItem\",\"position\":1,\"name\":\"Dom\u016f\",\"item\":\"https:\\\/\\\/e-motopark.com\\\/en\\\/e-moto-park-shop-and-rental-of-electric-motorbikes\\\/\"},{\"@type\":\"ListItem\",\"position\":2,\"name\":\"Shop\",\"item\":\"https:\\\/\\\/e-motopark.com\\\/en\\\/shop\\\/\"},{\"@type\":\"ListItem\",\"position\":3,\"name\":\"Discounted set EMP Battery 60V 65Ah(3900Wh) + KO Nano Controller max.17kW for Sur-Ron X\\\/L1e\"}]},{\"@type\":\"WebSite\",\"@id\":\"https:\\\/\\\/e-motopark.com\\\/en\\\/#website\",\"url\":\"https:\\\/\\\/e-motopark.com\\\/en\\\/\",\"name\":\"E-Moto Park\",\"description\":\"Prodejna a p\u016fj\u010dovna elektrick\u00fdch motorek\",\"publisher\":{\"@id\":\"https:\\\/\\\/e-motopark.com\\\/en\\\/#organization\"},\"potentialAction\":[{\"@type\":\"SearchAction\",\"target\":{\"@type\":\"EntryPoint\",\"urlTemplate\":\"https:\\\/\\\/e-motopark.com\\\/en\\\/?s={search_term_string}\"},\"query-input\":{\"@type\":\"PropertyValueSpecification\",\"valueRequired\":true,\"valueName\":\"search_term_string\"}}],\"inLanguage\":\"en-US\"},{\"@type\":\"Organization\",\"@id\":\"https:\\\/\\\/e-motopark.com\\\/en\\\/#organization\",\"name\":\"E-Moto Park\",\"url\":\"https:\\\/\\\/e-motopark.com\\\/en\\\/\",\"logo\":{\"@type\":\"ImageObject\",\"inLanguage\":\"en-US\",\"@id\":\"https:\\\/\\\/e-motopark.com\\\/en\\\/#\\\/schema\\\/logo\\\/image\\\/\",\"url\":\"https:\\\/\\\/e-motopark.com\\\/wp-content\\\/uploads\\\/2023\\\/11\\\/cropped-cropped-E-Moto-Park-logo.png\",\"contentUrl\":\"https:\\\/\\\/e-motopark.com\\\/wp-content\\\/uploads\\\/2023\\\/11\\\/cropped-cropped-E-Moto-Park-logo.png\",\"width\":108,\"height\":50,\"caption\":\"E-Moto Park\"},\"image\":{\"@id\":\"https:\\\/\\\/e-motopark.com\\\/en\\\/#\\\/schema\\\/logo\\\/image\\\/\"},\"sameAs\":[\"https:\\\/\\\/www.facebook.com\\\/EmotoPark\\\/\"]}]}<\/script>\n<!-- \/ Yoast SEO Premium plugin. -->","yoast_head_json":{"title":"Discounted set EMP Battery 60V 65Ah(3900Wh) + KO Nano Controller max.17kW for Sur-Ron X\/L1e - E-Moto Park","robots":{"index":"index","follow":"follow","max-snippet":"max-snippet:-1","max-image-preview":"max-image-preview:large","max-video-preview":"max-video-preview:-1"},"canonical":"https:\/\/e-motopark.com\/en\/product\/discounted-set-emp-battery-60v-65ah3900wh-ko-nano-controller-max-17kw-for-sur-ron-x-l1e\/","og_locale":"en_US","og_type":"article","og_title":"Discounted set EMP Battery 60V 65Ah(3900Wh) + KO Nano Controller max.17kW for Sur-Ron X\/L1e","og_description":"Discounted set EMP Battery 60V 65Ah + KO Nano Controller max.17kW for Sur-Ron X\/L1e! Description EMP Battery 60V 65Ah: Range up to 150km of the standard Sur-Ron Light Bee X\/L1e. up to 150 km per charge with the factory controller. Increases the performance and top speed of the Sur-Ron X\/L1e. Compatible with factory controller, wiring [&hellip;]","og_url":"https:\/\/e-motopark.com\/en\/product\/discounted-set-emp-battery-60v-65ah3900wh-ko-nano-controller-max-17kw-for-sur-ron-x-l1e\/","og_site_name":"E-Moto Park","article_publisher":"https:\/\/www.facebook.com\/EmotoPark\/","article_modified_time":"2025-06-04T19:07:07+00:00","og_image":[{"width":1337,"height":1339,"url":"https:\/\/e-motopark.com\/wp-content\/uploads\/2023\/11\/EMP-Baterie-60V-65Ah-KO-Nano-Kontroler-17kW-na-Sur-Ron-Light-Bee-X-L1e-www.E-Moto-Park.com_.jpg","type":"image\/jpeg"}],"twitter_card":"summary_large_image","twitter_misc":{"Est. reading time":"3 minutes"},"schema":{"@context":"https:\/\/schema.org","@graph":[{"@type":["WebPage","ItemPage"],"@id":"https:\/\/e-motopark.com\/en\/product\/discounted-set-emp-battery-60v-65ah3900wh-ko-nano-controller-max-17kw-for-sur-ron-x-l1e\/","url":"https:\/\/e-motopark.com\/en\/product\/discounted-set-emp-battery-60v-65ah3900wh-ko-nano-controller-max-17kw-for-sur-ron-x-l1e\/","name":"Discounted set EMP Battery 60V 65Ah(3900Wh) + KO Nano Controller max.17kW for Sur-Ron X\/L1e - E-Moto Park","isPartOf":{"@id":"https:\/\/e-motopark.com\/en\/#website"},"primaryImageOfPage":{"@id":"https:\/\/e-motopark.com\/en\/product\/discounted-set-emp-battery-60v-65ah3900wh-ko-nano-controller-max-17kw-for-sur-ron-x-l1e\/#primaryimage"},"image":{"@id":"https:\/\/e-motopark.com\/en\/product\/discounted-set-emp-battery-60v-65ah3900wh-ko-nano-controller-max-17kw-for-sur-ron-x-l1e\/#primaryimage"},"thumbnailUrl":"https:\/\/e-motopark.com\/wp-content\/uploads\/2023\/11\/EMP-Baterie-60V-65Ah-Kontroler-EMP-16SR-16kW-na-Sur-Ron-Light-Bee-X-L1e-www.E-Moto-Park.com_.jpg","datePublished":"2023-11-27T10:37:12+00:00","dateModified":"2025-06-04T19:07:07+00:00","breadcrumb":{"@id":"https:\/\/e-motopark.com\/en\/product\/discounted-set-emp-battery-60v-65ah3900wh-ko-nano-controller-max-17kw-for-sur-ron-x-l1e\/#breadcrumb"},"inLanguage":"en-US","potentialAction":[{"@type":"ReadAction","target":["https:\/\/e-motopark.com\/en\/product\/discounted-set-emp-battery-60v-65ah3900wh-ko-nano-controller-max-17kw-for-sur-ron-x-l1e\/"]}]},{"@type":"ImageObject","inLanguage":"en-US","@id":"https:\/\/e-motopark.com\/en\/product\/discounted-set-emp-battery-60v-65ah3900wh-ko-nano-controller-max-17kw-for-sur-ron-x-l1e\/#primaryimage","url":"https:\/\/e-motopark.com\/wp-content\/uploads\/2023\/11\/EMP-Baterie-60V-65Ah-Kontroler-EMP-16SR-16kW-na-Sur-Ron-Light-Bee-X-L1e-www.E-Moto-Park.com_.jpg","contentUrl":"https:\/\/e-motopark.com\/wp-content\/uploads\/2023\/11\/EMP-Baterie-60V-65Ah-Kontroler-EMP-16SR-16kW-na-Sur-Ron-Light-Bee-X-L1e-www.E-Moto-Park.com_.jpg","width":1337,"height":1339},{"@type":"BreadcrumbList","@id":"https:\/\/e-motopark.com\/en\/product\/discounted-set-emp-battery-60v-65ah3900wh-ko-nano-controller-max-17kw-for-sur-ron-x-l1e\/#breadcrumb","itemListElement":[{"@type":"ListItem","position":1,"name":"Dom\u016f","item":"https:\/\/e-motopark.com\/en\/e-moto-park-shop-and-rental-of-electric-motorbikes\/"},{"@type":"ListItem","position":2,"name":"Shop","item":"https:\/\/e-motopark.com\/en\/shop\/"},{"@type":"ListItem","position":3,"name":"Discounted set EMP Battery 60V 65Ah(3900Wh) + KO Nano Controller max.17kW for Sur-Ron X\/L1e"}]},{"@type":"WebSite","@id":"https:\/\/e-motopark.com\/en\/#website","url":"https:\/\/e-motopark.com\/en\/","name":"E-Moto Park","description":"Prodejna a p\u016fj\u010dovna elektrick\u00fdch motorek","publisher":{"@id":"https:\/\/e-motopark.com\/en\/#organization"},"potentialAction":[{"@type":"SearchAction","target":{"@type":"EntryPoint","urlTemplate":"https:\/\/e-motopark.com\/en\/?s={search_term_string}"},"query-input":{"@type":"PropertyValueSpecification","valueRequired":true,"valueName":"search_term_string"}}],"inLanguage":"en-US"},{"@type":"Organization","@id":"https:\/\/e-motopark.com\/en\/#organization","name":"E-Moto Park","url":"https:\/\/e-motopark.com\/en\/","logo":{"@type":"ImageObject","inLanguage":"en-US","@id":"https:\/\/e-motopark.com\/en\/#\/schema\/logo\/image\/","url":"https:\/\/e-motopark.com\/wp-content\/uploads\/2023\/11\/cropped-cropped-E-Moto-Park-logo.png","contentUrl":"https:\/\/e-motopark.com\/wp-content\/uploads\/2023\/11\/cropped-cropped-E-Moto-Park-logo.png","width":108,"height":50,"caption":"E-Moto Park"},"image":{"@id":"https:\/\/e-motopark.com\/en\/#\/schema\/logo\/image\/"},"sameAs":["https:\/\/www.facebook.com\/EmotoPark\/"]}]}},"_links":{"self":[{"href":"https:\/\/e-motopark.com\/en\/wp-json\/wp\/v2\/product\/9552","targetHints":{"allow":["GET"]}}],"collection":[{"href":"https:\/\/e-motopark.com\/en\/wp-json\/wp\/v2\/product"}],"about":[{"href":"https:\/\/e-motopark.com\/en\/wp-json\/wp\/v2\/types\/product"}],"wp:featuredmedia":[{"embeddable":true,"href":"https:\/\/e-motopark.com\/en\/wp-json\/wp\/v2\/media\/11627"}],"wp:attachment":[{"href":"https:\/\/e-motopark.com\/en\/wp-json\/wp\/v2\/media?parent=9552"}],"wp:term":[{"taxonomy":"product_brand","embeddable":true,"href":"https:\/\/e-motopark.com\/en\/wp-json\/wp\/v2\/product_brand?post=9552"},{"taxonomy":"product_cat","embeddable":true,"href":"https:\/\/e-motopark.com\/en\/wp-json\/wp\/v2\/product_cat?post=9552"},{"taxonomy":"product_tag","embeddable":true,"href":"https:\/\/e-motopark.com\/en\/wp-json\/wp\/v2\/product_tag?post=9552"},{"taxonomy":"emoto_spec_group","embeddable":true,"href":"https:\/\/e-motopark.com\/en\/wp-json\/wp\/v2\/emoto_spec_group?post=9552"}],"curies":[{"name":"wp","href":"https:\/\/api.w.org\/{rel}","templated":true}]}}