{"id":9558,"date":"2023-11-27T11:37:10","date_gmt":"2023-11-27T10:37:10","guid":{"rendered":"https:\/\/e-motopark.com\/produkt\/kontroler-emp-12kw-16kw-na-sur-ron-x-l1e\/"},"modified":"2025-06-04T21:12:14","modified_gmt":"2025-06-04T19:12:14","slug":"emp-controller-12kw-16kw-for-sur-ron-x-l1e","status":"publish","type":"product","link":"https:\/\/e-motopark.com\/en\/product\/emp-controller-12kw-16kw-for-sur-ron-x-l1e\/","title":{"rendered":"EMP controller (12kW-16kW) for Sur-Ron X\/L1e"},"content":{"rendered":"<p><strong>Description:<\/strong><\/p>\n<ul>\n<li>More powerful EMP controller (12kW-16kW) for Sur-Ron Light Bee X\/L1e.<\/li>\n<li>Sur-Ron Light Bee power increase to 12kW-16kW.<\/li>\n<li>Handlebar-mounted controller included, power options: 3kW, 6kW, 9kW, 12kW,(16kW)<\/li>\n<li>The 12kW-16kW controller cannot be connected to the factory Sur-Ron Light Bee battery !!!<\/li>\n<li>The 12kW controller can only be connected to a more powerful battery (min. 60V 53Ah) !!!<\/li>\n<li>The display is included in the package.<\/li>\n<\/ul>\n<p>&nbsp;<\/p>\n<ul>\n<li>With a 60V battery, the Sur-Ron LIght Bee&#8217;s output can be increased to 12-14kW (peak output up to 19kW)<\/li>\n<li>With a 72V battery, the Sur-Ron Light Bee&#8217;s power output can be increased up to 16kW (peak output up to 23kW)<\/li>\n<\/ul>\n<p>&nbsp;<\/p>\n<p><strong>Info:<\/strong><\/p>\n<ul>\n<li>Available battery voltage: 48V-72V<\/li>\n<li>Max DC current: 180A<\/li>\n<li>Boost DC current: 220A<\/li>\n<li>Peak phase current: 470A<\/li>\n<li>Detail of mosfets: 24 FET<\/li>\n<li>Max. Efficiency: 88%~93% <\/li>\n<li>Waterproof rating: IP67<\/li>\n<li>Flux attenuation ratio: 100~250%<\/li>\n<li>Certification:CE, CCC<\/li>\n<li>Working communication: hall sensor<\/li>\n<li>Support Programmable by PC<\/li>\n<\/ul>\n<ul>\n<li>Controller warranty: 12 months<\/li>\n<\/ul>\n","protected":false},"excerpt":{"rendered":"<p>Description: More powerful EMP controller (12kW-16kW) for Sur-Ron Light Bee X\/L1e. Sur-Ron Light Bee power increase to 12kW-16kW. Handlebar-mounted controller included, power options: 3kW, 6kW, 9kW, 12kW,(16kW) The 12kW-16kW controller cannot be connected to the factory Sur-Ron Light Bee battery !!! The 12kW controller can only be connected to a more powerful battery (min. 60V [&hellip;]<\/p>\n","protected":false},"featured_media":6692,"template":"","meta":{"from_xml":"","manufacturer_code":"","emoto_stock":""},"product_brand":[],"product_cat":[1672],"product_tag":[],"emoto_spec_group":[],"class_list":{"0":"post-9558","1":"product","2":"type-product","3":"status-publish","4":"has-post-thumbnail","6":"product_cat-batteries-controllers-motors","8":"first","9":"outofstock","10":"taxable","11":"shipping-taxable","12":"purchasable","13":"product-type-variable","14":"has-default-attributes"},"exclude_global_add_ons":[],"addons":[],"yoast_head":"<!-- This site is optimized with the Yoast SEO Premium plugin v27.4 (Yoast SEO v27.5) - https:\/\/yoast.com\/product\/yoast-seo-premium-wordpress\/ -->\n<title>EMP controller (12kW-16kW) for Sur-Ron X\/L1e - E-Moto Park<\/title>\n<meta name=\"robots\" content=\"index, follow, max-snippet:-1, max-image-preview:large, max-video-preview:-1\" \/>\n<link rel=\"canonical\" href=\"https:\/\/e-motopark.com\/en\/product\/emp-controller-12kw-16kw-for-sur-ron-x-l1e\/\" \/>\n<meta property=\"og:locale\" content=\"en_US\" \/>\n<meta property=\"og:type\" content=\"article\" \/>\n<meta property=\"og:title\" content=\"EMP controller (12kW-16kW) for Sur-Ron X\/L1e\" \/>\n<meta property=\"og:description\" content=\"Description: More powerful EMP controller (12kW-16kW) for Sur-Ron Light Bee X\/L1e. Sur-Ron Light Bee power increase to 12kW-16kW. Handlebar-mounted controller included, power options: 3kW, 6kW, 9kW, 12kW,(16kW) The 12kW-16kW controller cannot be connected to the factory Sur-Ron Light Bee battery !!! The 12kW controller can only be connected to a more powerful battery (min. 60V [&hellip;]\" \/>\n<meta property=\"og:url\" content=\"https:\/\/e-motopark.com\/en\/product\/emp-controller-12kw-16kw-for-sur-ron-x-l1e\/\" \/>\n<meta property=\"og:site_name\" content=\"E-Moto Park\" \/>\n<meta property=\"article:publisher\" content=\"https:\/\/www.facebook.com\/EmotoPark\/\" \/>\n<meta property=\"article:modified_time\" content=\"2025-06-04T19:12:14+00:00\" \/>\n<meta property=\"og:image\" content=\"https:\/\/e-motopark.com\/wp-content\/uploads\/2023\/11\/Kontroler-12kW-na-sur-ron-x-l1e1.jpg\" \/>\n\t<meta property=\"og:image:width\" content=\"1536\" \/>\n\t<meta property=\"og:image:height\" content=\"2048\" \/>\n\t<meta property=\"og:image:type\" content=\"image\/jpeg\" \/>\n<meta name=\"twitter:card\" content=\"summary_large_image\" \/>\n<meta name=\"twitter:label1\" content=\"Est. reading time\" \/>\n\t<meta name=\"twitter:data1\" content=\"1 minute\" \/>\n<script type=\"application\/ld+json\" class=\"yoast-schema-graph\">{\"@context\":\"https:\\\/\\\/schema.org\",\"@graph\":[{\"@type\":[\"WebPage\",\"ItemPage\"],\"@id\":\"https:\\\/\\\/e-motopark.com\\\/en\\\/product\\\/emp-controller-12kw-16kw-for-sur-ron-x-l1e\\\/\",\"url\":\"https:\\\/\\\/e-motopark.com\\\/en\\\/product\\\/emp-controller-12kw-16kw-for-sur-ron-x-l1e\\\/\",\"name\":\"EMP controller (12kW-16kW) for Sur-Ron X\\\/L1e - E-Moto Park\",\"isPartOf\":{\"@id\":\"https:\\\/\\\/e-motopark.com\\\/en\\\/#website\"},\"primaryImageOfPage\":{\"@id\":\"https:\\\/\\\/e-motopark.com\\\/en\\\/product\\\/emp-controller-12kw-16kw-for-sur-ron-x-l1e\\\/#primaryimage\"},\"image\":{\"@id\":\"https:\\\/\\\/e-motopark.com\\\/en\\\/product\\\/emp-controller-12kw-16kw-for-sur-ron-x-l1e\\\/#primaryimage\"},\"thumbnailUrl\":\"https:\\\/\\\/e-motopark.com\\\/wp-content\\\/uploads\\\/2023\\\/11\\\/Kontroler-12kW-na-sur-ron-x-l1e1.jpg\",\"datePublished\":\"2023-11-27T10:37:10+00:00\",\"dateModified\":\"2025-06-04T19:12:14+00:00\",\"breadcrumb\":{\"@id\":\"https:\\\/\\\/e-motopark.com\\\/en\\\/product\\\/emp-controller-12kw-16kw-for-sur-ron-x-l1e\\\/#breadcrumb\"},\"inLanguage\":\"en-US\",\"potentialAction\":[{\"@type\":\"ReadAction\",\"target\":[\"https:\\\/\\\/e-motopark.com\\\/en\\\/product\\\/emp-controller-12kw-16kw-for-sur-ron-x-l1e\\\/\"]}]},{\"@type\":\"ImageObject\",\"inLanguage\":\"en-US\",\"@id\":\"https:\\\/\\\/e-motopark.com\\\/en\\\/product\\\/emp-controller-12kw-16kw-for-sur-ron-x-l1e\\\/#primaryimage\",\"url\":\"https:\\\/\\\/e-motopark.com\\\/wp-content\\\/uploads\\\/2023\\\/11\\\/Kontroler-12kW-na-sur-ron-x-l1e1.jpg\",\"contentUrl\":\"https:\\\/\\\/e-motopark.com\\\/wp-content\\\/uploads\\\/2023\\\/11\\\/Kontroler-12kW-na-sur-ron-x-l1e1.jpg\",\"width\":1536,\"height\":2048},{\"@type\":\"BreadcrumbList\",\"@id\":\"https:\\\/\\\/e-motopark.com\\\/en\\\/product\\\/emp-controller-12kw-16kw-for-sur-ron-x-l1e\\\/#breadcrumb\",\"itemListElement\":[{\"@type\":\"ListItem\",\"position\":1,\"name\":\"Dom\u016f\",\"item\":\"https:\\\/\\\/e-motopark.com\\\/en\\\/e-moto-park-shop-and-rental-of-electric-motorbikes\\\/\"},{\"@type\":\"ListItem\",\"position\":2,\"name\":\"Shop\",\"item\":\"https:\\\/\\\/e-motopark.com\\\/en\\\/shop\\\/\"},{\"@type\":\"ListItem\",\"position\":3,\"name\":\"EMP controller (12kW-16kW) for Sur-Ron X\\\/L1e\"}]},{\"@type\":\"WebSite\",\"@id\":\"https:\\\/\\\/e-motopark.com\\\/en\\\/#website\",\"url\":\"https:\\\/\\\/e-motopark.com\\\/en\\\/\",\"name\":\"E-Moto Park\",\"description\":\"Prodejna a p\u016fj\u010dovna elektrick\u00fdch motorek\",\"publisher\":{\"@id\":\"https:\\\/\\\/e-motopark.com\\\/en\\\/#organization\"},\"potentialAction\":[{\"@type\":\"SearchAction\",\"target\":{\"@type\":\"EntryPoint\",\"urlTemplate\":\"https:\\\/\\\/e-motopark.com\\\/en\\\/?s={search_term_string}\"},\"query-input\":{\"@type\":\"PropertyValueSpecification\",\"valueRequired\":true,\"valueName\":\"search_term_string\"}}],\"inLanguage\":\"en-US\"},{\"@type\":\"Organization\",\"@id\":\"https:\\\/\\\/e-motopark.com\\\/en\\\/#organization\",\"name\":\"E-Moto Park\",\"url\":\"https:\\\/\\\/e-motopark.com\\\/en\\\/\",\"logo\":{\"@type\":\"ImageObject\",\"inLanguage\":\"en-US\",\"@id\":\"https:\\\/\\\/e-motopark.com\\\/en\\\/#\\\/schema\\\/logo\\\/image\\\/\",\"url\":\"https:\\\/\\\/e-motopark.com\\\/wp-content\\\/uploads\\\/2023\\\/11\\\/cropped-cropped-E-Moto-Park-logo.png\",\"contentUrl\":\"https:\\\/\\\/e-motopark.com\\\/wp-content\\\/uploads\\\/2023\\\/11\\\/cropped-cropped-E-Moto-Park-logo.png\",\"width\":108,\"height\":50,\"caption\":\"E-Moto Park\"},\"image\":{\"@id\":\"https:\\\/\\\/e-motopark.com\\\/en\\\/#\\\/schema\\\/logo\\\/image\\\/\"},\"sameAs\":[\"https:\\\/\\\/www.facebook.com\\\/EmotoPark\\\/\"]}]}<\/script>\n<!-- \/ Yoast SEO Premium plugin. -->","yoast_head_json":{"title":"EMP controller (12kW-16kW) for Sur-Ron X\/L1e - E-Moto Park","robots":{"index":"index","follow":"follow","max-snippet":"max-snippet:-1","max-image-preview":"max-image-preview:large","max-video-preview":"max-video-preview:-1"},"canonical":"https:\/\/e-motopark.com\/en\/product\/emp-controller-12kw-16kw-for-sur-ron-x-l1e\/","og_locale":"en_US","og_type":"article","og_title":"EMP controller (12kW-16kW) for Sur-Ron X\/L1e","og_description":"Description: More powerful EMP controller (12kW-16kW) for Sur-Ron Light Bee X\/L1e. Sur-Ron Light Bee power increase to 12kW-16kW. Handlebar-mounted controller included, power options: 3kW, 6kW, 9kW, 12kW,(16kW) The 12kW-16kW controller cannot be connected to the factory Sur-Ron Light Bee battery !!! The 12kW controller can only be connected to a more powerful battery (min. 60V [&hellip;]","og_url":"https:\/\/e-motopark.com\/en\/product\/emp-controller-12kw-16kw-for-sur-ron-x-l1e\/","og_site_name":"E-Moto Park","article_publisher":"https:\/\/www.facebook.com\/EmotoPark\/","article_modified_time":"2025-06-04T19:12:14+00:00","og_image":[{"width":1536,"height":2048,"url":"https:\/\/e-motopark.com\/wp-content\/uploads\/2023\/11\/Kontroler-12kW-na-sur-ron-x-l1e1.jpg","type":"image\/jpeg"}],"twitter_card":"summary_large_image","twitter_misc":{"Est. reading time":"1 minute"},"schema":{"@context":"https:\/\/schema.org","@graph":[{"@type":["WebPage","ItemPage"],"@id":"https:\/\/e-motopark.com\/en\/product\/emp-controller-12kw-16kw-for-sur-ron-x-l1e\/","url":"https:\/\/e-motopark.com\/en\/product\/emp-controller-12kw-16kw-for-sur-ron-x-l1e\/","name":"EMP controller (12kW-16kW) for Sur-Ron X\/L1e - E-Moto Park","isPartOf":{"@id":"https:\/\/e-motopark.com\/en\/#website"},"primaryImageOfPage":{"@id":"https:\/\/e-motopark.com\/en\/product\/emp-controller-12kw-16kw-for-sur-ron-x-l1e\/#primaryimage"},"image":{"@id":"https:\/\/e-motopark.com\/en\/product\/emp-controller-12kw-16kw-for-sur-ron-x-l1e\/#primaryimage"},"thumbnailUrl":"https:\/\/e-motopark.com\/wp-content\/uploads\/2023\/11\/Kontroler-12kW-na-sur-ron-x-l1e1.jpg","datePublished":"2023-11-27T10:37:10+00:00","dateModified":"2025-06-04T19:12:14+00:00","breadcrumb":{"@id":"https:\/\/e-motopark.com\/en\/product\/emp-controller-12kw-16kw-for-sur-ron-x-l1e\/#breadcrumb"},"inLanguage":"en-US","potentialAction":[{"@type":"ReadAction","target":["https:\/\/e-motopark.com\/en\/product\/emp-controller-12kw-16kw-for-sur-ron-x-l1e\/"]}]},{"@type":"ImageObject","inLanguage":"en-US","@id":"https:\/\/e-motopark.com\/en\/product\/emp-controller-12kw-16kw-for-sur-ron-x-l1e\/#primaryimage","url":"https:\/\/e-motopark.com\/wp-content\/uploads\/2023\/11\/Kontroler-12kW-na-sur-ron-x-l1e1.jpg","contentUrl":"https:\/\/e-motopark.com\/wp-content\/uploads\/2023\/11\/Kontroler-12kW-na-sur-ron-x-l1e1.jpg","width":1536,"height":2048},{"@type":"BreadcrumbList","@id":"https:\/\/e-motopark.com\/en\/product\/emp-controller-12kw-16kw-for-sur-ron-x-l1e\/#breadcrumb","itemListElement":[{"@type":"ListItem","position":1,"name":"Dom\u016f","item":"https:\/\/e-motopark.com\/en\/e-moto-park-shop-and-rental-of-electric-motorbikes\/"},{"@type":"ListItem","position":2,"name":"Shop","item":"https:\/\/e-motopark.com\/en\/shop\/"},{"@type":"ListItem","position":3,"name":"EMP controller (12kW-16kW) for Sur-Ron X\/L1e"}]},{"@type":"WebSite","@id":"https:\/\/e-motopark.com\/en\/#website","url":"https:\/\/e-motopark.com\/en\/","name":"E-Moto Park","description":"Prodejna a p\u016fj\u010dovna elektrick\u00fdch motorek","publisher":{"@id":"https:\/\/e-motopark.com\/en\/#organization"},"potentialAction":[{"@type":"SearchAction","target":{"@type":"EntryPoint","urlTemplate":"https:\/\/e-motopark.com\/en\/?s={search_term_string}"},"query-input":{"@type":"PropertyValueSpecification","valueRequired":true,"valueName":"search_term_string"}}],"inLanguage":"en-US"},{"@type":"Organization","@id":"https:\/\/e-motopark.com\/en\/#organization","name":"E-Moto Park","url":"https:\/\/e-motopark.com\/en\/","logo":{"@type":"ImageObject","inLanguage":"en-US","@id":"https:\/\/e-motopark.com\/en\/#\/schema\/logo\/image\/","url":"https:\/\/e-motopark.com\/wp-content\/uploads\/2023\/11\/cropped-cropped-E-Moto-Park-logo.png","contentUrl":"https:\/\/e-motopark.com\/wp-content\/uploads\/2023\/11\/cropped-cropped-E-Moto-Park-logo.png","width":108,"height":50,"caption":"E-Moto Park"},"image":{"@id":"https:\/\/e-motopark.com\/en\/#\/schema\/logo\/image\/"},"sameAs":["https:\/\/www.facebook.com\/EmotoPark\/"]}]}},"_links":{"self":[{"href":"https:\/\/e-motopark.com\/en\/wp-json\/wp\/v2\/product\/9558","targetHints":{"allow":["GET"]}}],"collection":[{"href":"https:\/\/e-motopark.com\/en\/wp-json\/wp\/v2\/product"}],"about":[{"href":"https:\/\/e-motopark.com\/en\/wp-json\/wp\/v2\/types\/product"}],"wp:featuredmedia":[{"embeddable":true,"href":"https:\/\/e-motopark.com\/en\/wp-json\/wp\/v2\/media\/6692"}],"wp:attachment":[{"href":"https:\/\/e-motopark.com\/en\/wp-json\/wp\/v2\/media?parent=9558"}],"wp:term":[{"taxonomy":"product_brand","embeddable":true,"href":"https:\/\/e-motopark.com\/en\/wp-json\/wp\/v2\/product_brand?post=9558"},{"taxonomy":"product_cat","embeddable":true,"href":"https:\/\/e-motopark.com\/en\/wp-json\/wp\/v2\/product_cat?post=9558"},{"taxonomy":"product_tag","embeddable":true,"href":"https:\/\/e-motopark.com\/en\/wp-json\/wp\/v2\/product_tag?post=9558"},{"taxonomy":"emoto_spec_group","embeddable":true,"href":"https:\/\/e-motopark.com\/en\/wp-json\/wp\/v2\/emoto_spec_group?post=9558"}],"curies":[{"name":"wp","href":"https:\/\/api.w.org\/{rel}","templated":true}]}}