{"id":9567,"date":"2023-11-27T11:37:09","date_gmt":"2023-11-27T10:37:09","guid":{"rendered":"https:\/\/e-motopark.com\/produkt\/zadni-kolo-emp-19x185-bez-pneu-na-sur-ron-x-l1e-talaria-sting\/"},"modified":"2025-06-04T21:23:00","modified_gmt":"2025-06-04T19:23:00","slug":"emp-19-x185-rear-wheel-without-tire-for-sur-ron-x-l1e-talaria-sting","status":"publish","type":"product","link":"https:\/\/e-motopark.com\/en\/product\/emp-19-x185-rear-wheel-without-tire-for-sur-ron-x-l1e-talaria-sting\/","title":{"rendered":"EMP 19 \u201cx1,85\u201d rear wheel without tire for Sur-Ron X\/L1e\/Talaria Sting"},"content":{"rendered":"<ul>\n<li>If you order (Wheel+Tire+Tire) we will fit and ship everything as a complete set for free.<\/li>\n<\/ul>\n<p><strong>Description:<\/strong><\/p>\n<ul>\n<li>EMP 19 \u201cx1,85\u201d rear wheel without tire on Sur-Ron Light Bee X\/L1e\/Talaria Sting<\/li>\n<li>Rear wheel EMP 19 \u201cx1,85\u201d without tire for Talaria Sting (+460,-CZK (2x flange+adapter))<\/li>\n<li>The rim is made of 7000 series aluminium, which is the strongest and lightest on the market.<\/li>\n<li>4 layers of painting: filler paint, colour base, tinted paint and final matt paint (possibility of changing the rim colour \/choice from the swatch in the photo gallery)<\/li>\n<li>Significantly better strength compared to OEM rims.<\/li>\n<li>Three-stage heat treatment process to achieve the highest available strength.<\/li>\n<li>All rims have passed tensile strength and hardness tests.<\/li>\n<li>Forged hub made from 6061 T-6 aluminum and CNC machined for precision fit, increased strength and maximum weight savings (your hub can be used\/sent to us by mail, discount included)<\/li>\n<li>The strong aluminium material and heat treatment ensure that the material has the highest strength.<\/li>\n<li>Spikes and nipples in stainless steel\/65Mn to prevent abrasion. Excellent tensile strength to prevent stretching. All spokes have been tensile tested with improved flexibility.  <\/li>\n<li>The price is for the knitted wheel without tyre.<\/li>\n<\/ul>\n","protected":false},"excerpt":{"rendered":"<p>If you order (Wheel+Tire+Tire) we will fit and ship everything as a complete set for free. Description: EMP 19 \u201cx1,85\u201d rear wheel without tire on Sur-Ron Light Bee X\/L1e\/Talaria Sting Rear wheel EMP 19 \u201cx1,85\u201d without tire for Talaria Sting (+460,-CZK (2x flange+adapter)) The rim is made of 7000 series aluminium, which is the strongest [&hellip;]<\/p>\n","protected":false},"featured_media":6770,"template":"","meta":{"from_xml":"","manufacturer_code":"","emoto_stock":""},"product_brand":[],"product_cat":[1676],"product_tag":[],"emoto_spec_group":[],"class_list":{"0":"post-9567","1":"product","2":"type-product","3":"status-publish","4":"has-post-thumbnail","6":"product_cat-wheels-and-accessories","8":"first","9":"instock","10":"taxable","11":"shipping-taxable","12":"purchasable","13":"product-type-variable","14":"has-default-attributes"},"exclude_global_add_ons":true,"addons":[{"name":"Bicycle manufacturing (availability)","type":"heading","position":0,"required":false,"title_format":"label","description_enable":true,"description":"Production of bikes about 2 weeks.","placeholder_enable":false,"placeholder":null,"display":"select","restrictions_type":"any_text","adjust_price":false,"price":"","price_type":"flat_fee","restrictions":false,"min":0,"max":0,"options":[],"id":1714983965}],"yoast_head":"<!-- This site is optimized with the Yoast SEO Premium plugin v27.4 (Yoast SEO v27.5) - https:\/\/yoast.com\/product\/yoast-seo-premium-wordpress\/ -->\n<title>EMP 19 \u201cx1,85\u201d rear wheel without tire for Sur-Ron X\/L1e\/Talaria Sting - E-Moto Park<\/title>\n<meta name=\"robots\" content=\"index, follow, max-snippet:-1, max-image-preview:large, max-video-preview:-1\" \/>\n<link rel=\"canonical\" href=\"https:\/\/e-motopark.com\/en\/product\/emp-19-x185-rear-wheel-without-tire-for-sur-ron-x-l1e-talaria-sting\/\" \/>\n<meta property=\"og:locale\" content=\"en_US\" \/>\n<meta property=\"og:type\" content=\"article\" \/>\n<meta property=\"og:title\" content=\"EMP 19 \u201cx1,85\u201d rear wheel without tire for Sur-Ron X\/L1e\/Talaria Sting\" \/>\n<meta property=\"og:description\" content=\"If you order (Wheel+Tire+Tire) we will fit and ship everything as a complete set for free. Description: EMP 19 \u201cx1,85\u201d rear wheel without tire on Sur-Ron Light Bee X\/L1e\/Talaria Sting Rear wheel EMP 19 \u201cx1,85\u201d without tire for Talaria Sting (+460,-CZK (2x flange+adapter)) The rim is made of 7000 series aluminium, which is the strongest [&hellip;]\" \/>\n<meta property=\"og:url\" content=\"https:\/\/e-motopark.com\/en\/product\/emp-19-x185-rear-wheel-without-tire-for-sur-ron-x-l1e-talaria-sting\/\" \/>\n<meta property=\"og:site_name\" content=\"E-Moto Park\" \/>\n<meta property=\"article:publisher\" content=\"https:\/\/www.facebook.com\/EmotoPark\/\" \/>\n<meta property=\"article:modified_time\" content=\"2025-06-04T19:23:00+00:00\" \/>\n<meta property=\"og:image\" content=\"https:\/\/e-motopark.com\/wp-content\/uploads\/2023\/11\/Zadni-kolo-EMP-19-na-sur-ron.png\" \/>\n\t<meta property=\"og:image:width\" content=\"741\" \/>\n\t<meta property=\"og:image:height\" content=\"742\" \/>\n\t<meta property=\"og:image:type\" content=\"image\/png\" \/>\n<meta name=\"twitter:card\" content=\"summary_large_image\" \/>\n<meta name=\"twitter:label1\" content=\"Est. reading time\" \/>\n\t<meta name=\"twitter:data1\" content=\"2 minutes\" \/>\n<script type=\"application\/ld+json\" class=\"yoast-schema-graph\">{\"@context\":\"https:\\\/\\\/schema.org\",\"@graph\":[{\"@type\":[\"WebPage\",\"ItemPage\"],\"@id\":\"https:\\\/\\\/e-motopark.com\\\/en\\\/product\\\/emp-19-x185-rear-wheel-without-tire-for-sur-ron-x-l1e-talaria-sting\\\/\",\"url\":\"https:\\\/\\\/e-motopark.com\\\/en\\\/product\\\/emp-19-x185-rear-wheel-without-tire-for-sur-ron-x-l1e-talaria-sting\\\/\",\"name\":\"EMP 19 \u201cx1,85\u201d rear wheel without tire for Sur-Ron X\\\/L1e\\\/Talaria Sting - E-Moto Park\",\"isPartOf\":{\"@id\":\"https:\\\/\\\/e-motopark.com\\\/en\\\/#website\"},\"primaryImageOfPage\":{\"@id\":\"https:\\\/\\\/e-motopark.com\\\/en\\\/product\\\/emp-19-x185-rear-wheel-without-tire-for-sur-ron-x-l1e-talaria-sting\\\/#primaryimage\"},\"image\":{\"@id\":\"https:\\\/\\\/e-motopark.com\\\/en\\\/product\\\/emp-19-x185-rear-wheel-without-tire-for-sur-ron-x-l1e-talaria-sting\\\/#primaryimage\"},\"thumbnailUrl\":\"https:\\\/\\\/e-motopark.com\\\/wp-content\\\/uploads\\\/2023\\\/11\\\/Zadni-kolo-EMP-19-na-sur-ron.png\",\"datePublished\":\"2023-11-27T10:37:09+00:00\",\"dateModified\":\"2025-06-04T19:23:00+00:00\",\"breadcrumb\":{\"@id\":\"https:\\\/\\\/e-motopark.com\\\/en\\\/product\\\/emp-19-x185-rear-wheel-without-tire-for-sur-ron-x-l1e-talaria-sting\\\/#breadcrumb\"},\"inLanguage\":\"en-US\",\"potentialAction\":[{\"@type\":\"ReadAction\",\"target\":[\"https:\\\/\\\/e-motopark.com\\\/en\\\/product\\\/emp-19-x185-rear-wheel-without-tire-for-sur-ron-x-l1e-talaria-sting\\\/\"]}]},{\"@type\":\"ImageObject\",\"inLanguage\":\"en-US\",\"@id\":\"https:\\\/\\\/e-motopark.com\\\/en\\\/product\\\/emp-19-x185-rear-wheel-without-tire-for-sur-ron-x-l1e-talaria-sting\\\/#primaryimage\",\"url\":\"https:\\\/\\\/e-motopark.com\\\/wp-content\\\/uploads\\\/2023\\\/11\\\/Zadni-kolo-EMP-19-na-sur-ron.png\",\"contentUrl\":\"https:\\\/\\\/e-motopark.com\\\/wp-content\\\/uploads\\\/2023\\\/11\\\/Zadni-kolo-EMP-19-na-sur-ron.png\",\"width\":741,\"height\":742},{\"@type\":\"BreadcrumbList\",\"@id\":\"https:\\\/\\\/e-motopark.com\\\/en\\\/product\\\/emp-19-x185-rear-wheel-without-tire-for-sur-ron-x-l1e-talaria-sting\\\/#breadcrumb\",\"itemListElement\":[{\"@type\":\"ListItem\",\"position\":1,\"name\":\"Dom\u016f\",\"item\":\"https:\\\/\\\/e-motopark.com\\\/en\\\/e-moto-park-shop-and-rental-of-electric-motorbikes\\\/\"},{\"@type\":\"ListItem\",\"position\":2,\"name\":\"Shop\",\"item\":\"https:\\\/\\\/e-motopark.com\\\/en\\\/shop\\\/\"},{\"@type\":\"ListItem\",\"position\":3,\"name\":\"EMP 19 \u201cx1,85\u201d rear wheel without tire for Sur-Ron X\\\/L1e\\\/Talaria Sting\"}]},{\"@type\":\"WebSite\",\"@id\":\"https:\\\/\\\/e-motopark.com\\\/en\\\/#website\",\"url\":\"https:\\\/\\\/e-motopark.com\\\/en\\\/\",\"name\":\"E-Moto Park\",\"description\":\"Prodejna a p\u016fj\u010dovna elektrick\u00fdch motorek\",\"publisher\":{\"@id\":\"https:\\\/\\\/e-motopark.com\\\/en\\\/#organization\"},\"potentialAction\":[{\"@type\":\"SearchAction\",\"target\":{\"@type\":\"EntryPoint\",\"urlTemplate\":\"https:\\\/\\\/e-motopark.com\\\/en\\\/?s={search_term_string}\"},\"query-input\":{\"@type\":\"PropertyValueSpecification\",\"valueRequired\":true,\"valueName\":\"search_term_string\"}}],\"inLanguage\":\"en-US\"},{\"@type\":\"Organization\",\"@id\":\"https:\\\/\\\/e-motopark.com\\\/en\\\/#organization\",\"name\":\"E-Moto Park\",\"url\":\"https:\\\/\\\/e-motopark.com\\\/en\\\/\",\"logo\":{\"@type\":\"ImageObject\",\"inLanguage\":\"en-US\",\"@id\":\"https:\\\/\\\/e-motopark.com\\\/en\\\/#\\\/schema\\\/logo\\\/image\\\/\",\"url\":\"https:\\\/\\\/e-motopark.com\\\/wp-content\\\/uploads\\\/2023\\\/11\\\/cropped-cropped-E-Moto-Park-logo.png\",\"contentUrl\":\"https:\\\/\\\/e-motopark.com\\\/wp-content\\\/uploads\\\/2023\\\/11\\\/cropped-cropped-E-Moto-Park-logo.png\",\"width\":108,\"height\":50,\"caption\":\"E-Moto Park\"},\"image\":{\"@id\":\"https:\\\/\\\/e-motopark.com\\\/en\\\/#\\\/schema\\\/logo\\\/image\\\/\"},\"sameAs\":[\"https:\\\/\\\/www.facebook.com\\\/EmotoPark\\\/\"]}]}<\/script>\n<!-- \/ Yoast SEO Premium plugin. -->","yoast_head_json":{"title":"EMP 19 \u201cx1,85\u201d rear wheel without tire for Sur-Ron X\/L1e\/Talaria Sting - E-Moto Park","robots":{"index":"index","follow":"follow","max-snippet":"max-snippet:-1","max-image-preview":"max-image-preview:large","max-video-preview":"max-video-preview:-1"},"canonical":"https:\/\/e-motopark.com\/en\/product\/emp-19-x185-rear-wheel-without-tire-for-sur-ron-x-l1e-talaria-sting\/","og_locale":"en_US","og_type":"article","og_title":"EMP 19 \u201cx1,85\u201d rear wheel without tire for Sur-Ron X\/L1e\/Talaria Sting","og_description":"If you order (Wheel+Tire+Tire) we will fit and ship everything as a complete set for free. Description: EMP 19 \u201cx1,85\u201d rear wheel without tire on Sur-Ron Light Bee X\/L1e\/Talaria Sting Rear wheel EMP 19 \u201cx1,85\u201d without tire for Talaria Sting (+460,-CZK (2x flange+adapter)) The rim is made of 7000 series aluminium, which is the strongest [&hellip;]","og_url":"https:\/\/e-motopark.com\/en\/product\/emp-19-x185-rear-wheel-without-tire-for-sur-ron-x-l1e-talaria-sting\/","og_site_name":"E-Moto Park","article_publisher":"https:\/\/www.facebook.com\/EmotoPark\/","article_modified_time":"2025-06-04T19:23:00+00:00","og_image":[{"width":741,"height":742,"url":"https:\/\/e-motopark.com\/wp-content\/uploads\/2023\/11\/Zadni-kolo-EMP-19-na-sur-ron.png","type":"image\/png"}],"twitter_card":"summary_large_image","twitter_misc":{"Est. reading time":"2 minutes"},"schema":{"@context":"https:\/\/schema.org","@graph":[{"@type":["WebPage","ItemPage"],"@id":"https:\/\/e-motopark.com\/en\/product\/emp-19-x185-rear-wheel-without-tire-for-sur-ron-x-l1e-talaria-sting\/","url":"https:\/\/e-motopark.com\/en\/product\/emp-19-x185-rear-wheel-without-tire-for-sur-ron-x-l1e-talaria-sting\/","name":"EMP 19 \u201cx1,85\u201d rear wheel without tire for Sur-Ron X\/L1e\/Talaria Sting - E-Moto Park","isPartOf":{"@id":"https:\/\/e-motopark.com\/en\/#website"},"primaryImageOfPage":{"@id":"https:\/\/e-motopark.com\/en\/product\/emp-19-x185-rear-wheel-without-tire-for-sur-ron-x-l1e-talaria-sting\/#primaryimage"},"image":{"@id":"https:\/\/e-motopark.com\/en\/product\/emp-19-x185-rear-wheel-without-tire-for-sur-ron-x-l1e-talaria-sting\/#primaryimage"},"thumbnailUrl":"https:\/\/e-motopark.com\/wp-content\/uploads\/2023\/11\/Zadni-kolo-EMP-19-na-sur-ron.png","datePublished":"2023-11-27T10:37:09+00:00","dateModified":"2025-06-04T19:23:00+00:00","breadcrumb":{"@id":"https:\/\/e-motopark.com\/en\/product\/emp-19-x185-rear-wheel-without-tire-for-sur-ron-x-l1e-talaria-sting\/#breadcrumb"},"inLanguage":"en-US","potentialAction":[{"@type":"ReadAction","target":["https:\/\/e-motopark.com\/en\/product\/emp-19-x185-rear-wheel-without-tire-for-sur-ron-x-l1e-talaria-sting\/"]}]},{"@type":"ImageObject","inLanguage":"en-US","@id":"https:\/\/e-motopark.com\/en\/product\/emp-19-x185-rear-wheel-without-tire-for-sur-ron-x-l1e-talaria-sting\/#primaryimage","url":"https:\/\/e-motopark.com\/wp-content\/uploads\/2023\/11\/Zadni-kolo-EMP-19-na-sur-ron.png","contentUrl":"https:\/\/e-motopark.com\/wp-content\/uploads\/2023\/11\/Zadni-kolo-EMP-19-na-sur-ron.png","width":741,"height":742},{"@type":"BreadcrumbList","@id":"https:\/\/e-motopark.com\/en\/product\/emp-19-x185-rear-wheel-without-tire-for-sur-ron-x-l1e-talaria-sting\/#breadcrumb","itemListElement":[{"@type":"ListItem","position":1,"name":"Dom\u016f","item":"https:\/\/e-motopark.com\/en\/e-moto-park-shop-and-rental-of-electric-motorbikes\/"},{"@type":"ListItem","position":2,"name":"Shop","item":"https:\/\/e-motopark.com\/en\/shop\/"},{"@type":"ListItem","position":3,"name":"EMP 19 \u201cx1,85\u201d rear wheel without tire for Sur-Ron X\/L1e\/Talaria Sting"}]},{"@type":"WebSite","@id":"https:\/\/e-motopark.com\/en\/#website","url":"https:\/\/e-motopark.com\/en\/","name":"E-Moto Park","description":"Prodejna a p\u016fj\u010dovna elektrick\u00fdch motorek","publisher":{"@id":"https:\/\/e-motopark.com\/en\/#organization"},"potentialAction":[{"@type":"SearchAction","target":{"@type":"EntryPoint","urlTemplate":"https:\/\/e-motopark.com\/en\/?s={search_term_string}"},"query-input":{"@type":"PropertyValueSpecification","valueRequired":true,"valueName":"search_term_string"}}],"inLanguage":"en-US"},{"@type":"Organization","@id":"https:\/\/e-motopark.com\/en\/#organization","name":"E-Moto Park","url":"https:\/\/e-motopark.com\/en\/","logo":{"@type":"ImageObject","inLanguage":"en-US","@id":"https:\/\/e-motopark.com\/en\/#\/schema\/logo\/image\/","url":"https:\/\/e-motopark.com\/wp-content\/uploads\/2023\/11\/cropped-cropped-E-Moto-Park-logo.png","contentUrl":"https:\/\/e-motopark.com\/wp-content\/uploads\/2023\/11\/cropped-cropped-E-Moto-Park-logo.png","width":108,"height":50,"caption":"E-Moto Park"},"image":{"@id":"https:\/\/e-motopark.com\/en\/#\/schema\/logo\/image\/"},"sameAs":["https:\/\/www.facebook.com\/EmotoPark\/"]}]}},"_links":{"self":[{"href":"https:\/\/e-motopark.com\/en\/wp-json\/wp\/v2\/product\/9567","targetHints":{"allow":["GET"]}}],"collection":[{"href":"https:\/\/e-motopark.com\/en\/wp-json\/wp\/v2\/product"}],"about":[{"href":"https:\/\/e-motopark.com\/en\/wp-json\/wp\/v2\/types\/product"}],"wp:featuredmedia":[{"embeddable":true,"href":"https:\/\/e-motopark.com\/en\/wp-json\/wp\/v2\/media\/6770"}],"wp:attachment":[{"href":"https:\/\/e-motopark.com\/en\/wp-json\/wp\/v2\/media?parent=9567"}],"wp:term":[{"taxonomy":"product_brand","embeddable":true,"href":"https:\/\/e-motopark.com\/en\/wp-json\/wp\/v2\/product_brand?post=9567"},{"taxonomy":"product_cat","embeddable":true,"href":"https:\/\/e-motopark.com\/en\/wp-json\/wp\/v2\/product_cat?post=9567"},{"taxonomy":"product_tag","embeddable":true,"href":"https:\/\/e-motopark.com\/en\/wp-json\/wp\/v2\/product_tag?post=9567"},{"taxonomy":"emoto_spec_group","embeddable":true,"href":"https:\/\/e-motopark.com\/en\/wp-json\/wp\/v2\/emoto_spec_group?post=9567"}],"curies":[{"name":"wp","href":"https:\/\/api.w.org\/{rel}","templated":true}]}}