{"id":9589,"date":"2023-11-27T11:37:05","date_gmt":"2023-11-27T10:37:05","guid":{"rendered":"https:\/\/e-motopark.com\/produkt\/drzak-displeje-plastovy-na-talaria-sting\/"},"modified":"2025-06-04T22:09:36","modified_gmt":"2025-06-04T20:09:36","slug":"display-holder-plastic-for-talaria-sting","status":"publish","type":"product","link":"https:\/\/e-motopark.com\/en\/product\/display-holder-plastic-for-talaria-sting\/","title":{"rendered":"Display holder (Plastic) for Talaria Sting"},"content":{"rendered":"<p><strong>Description:<\/strong><\/p>\n<ul>\n<li>Display holder (Plastic) for Talaria Sting<\/li>\n<li>Better visibility of speed in driving.<\/li>\n<li>The risk of destroying the display in the middle of the handlebar is reduced.<\/li>\n<li>Tighten the plastic display holder onto the handlebars with care.<\/li>\n<li>Color: Black<\/li>\n<\/ul>\n","protected":false},"excerpt":{"rendered":"<p>Description: Display holder (Plastic) for Talaria Sting Better visibility of speed in driving. The risk of destroying the display in the middle of the handlebar is reduced. Tighten the plastic display holder onto the handlebars with care. Color: Black<\/p>\n","protected":false},"featured_media":6883,"template":"","meta":{"from_xml":"","manufacturer_code":"","emoto_stock":""},"product_brand":[],"product_cat":[1703],"product_tag":[],"emoto_spec_group":[],"class_list":{"0":"post-9589","1":"product","2":"type-product","3":"status-publish","4":"has-post-thumbnail","6":"product_cat-electronics-and-lights-talaria-sting-en","8":"first","9":"instock","10":"taxable","11":"shipping-taxable","12":"purchasable","13":"product-type-simple"},"exclude_global_add_ons":[],"addons":[],"yoast_head":"<!-- This site is optimized with the Yoast SEO Premium plugin v27.4 (Yoast SEO v27.5) - https:\/\/yoast.com\/product\/yoast-seo-premium-wordpress\/ -->\n<title>Display holder (Plastic) for Talaria Sting - E-Moto Park<\/title>\n<meta name=\"robots\" content=\"index, follow, max-snippet:-1, max-image-preview:large, max-video-preview:-1\" \/>\n<link rel=\"canonical\" href=\"https:\/\/e-motopark.com\/en\/product\/display-holder-plastic-for-talaria-sting\/\" \/>\n<meta property=\"og:locale\" content=\"en_US\" \/>\n<meta property=\"og:type\" content=\"article\" \/>\n<meta property=\"og:title\" content=\"Display holder (Plastic) for Talaria Sting\" \/>\n<meta property=\"og:description\" content=\"Description: Display holder (Plastic) for Talaria Sting Better visibility of speed in driving. The risk of destroying the display in the middle of the handlebar is reduced. Tighten the plastic display holder onto the handlebars with care. Color: Black\" \/>\n<meta property=\"og:url\" content=\"https:\/\/e-motopark.com\/en\/product\/display-holder-plastic-for-talaria-sting\/\" \/>\n<meta property=\"og:site_name\" content=\"E-Moto Park\" \/>\n<meta property=\"article:publisher\" content=\"https:\/\/www.facebook.com\/EmotoPark\/\" \/>\n<meta property=\"article:modified_time\" content=\"2025-06-04T20:09:36+00:00\" \/>\n<meta property=\"og:image\" content=\"https:\/\/e-motopark.com\/wp-content\/uploads\/2023\/11\/Drzak-displeje-plastovy-na-talaria-sting.jpg\" \/>\n\t<meta property=\"og:image:width\" content=\"575\" \/>\n\t<meta property=\"og:image:height\" content=\"767\" \/>\n\t<meta property=\"og:image:type\" content=\"image\/jpeg\" \/>\n<meta name=\"twitter:card\" content=\"summary_large_image\" \/>\n<meta name=\"twitter:label1\" content=\"Est. reading time\" \/>\n\t<meta name=\"twitter:data1\" content=\"1 minute\" \/>\n<script type=\"application\/ld+json\" class=\"yoast-schema-graph\">{\"@context\":\"https:\\\/\\\/schema.org\",\"@graph\":[{\"@type\":[\"WebPage\",\"ItemPage\"],\"@id\":\"https:\\\/\\\/e-motopark.com\\\/en\\\/product\\\/display-holder-plastic-for-talaria-sting\\\/\",\"url\":\"https:\\\/\\\/e-motopark.com\\\/en\\\/product\\\/display-holder-plastic-for-talaria-sting\\\/\",\"name\":\"Display holder (Plastic) for Talaria Sting - E-Moto Park\",\"isPartOf\":{\"@id\":\"https:\\\/\\\/e-motopark.com\\\/en\\\/#website\"},\"primaryImageOfPage\":{\"@id\":\"https:\\\/\\\/e-motopark.com\\\/en\\\/product\\\/display-holder-plastic-for-talaria-sting\\\/#primaryimage\"},\"image\":{\"@id\":\"https:\\\/\\\/e-motopark.com\\\/en\\\/product\\\/display-holder-plastic-for-talaria-sting\\\/#primaryimage\"},\"thumbnailUrl\":\"https:\\\/\\\/e-motopark.com\\\/wp-content\\\/uploads\\\/2023\\\/11\\\/Drzak-displeje-plastovy-na-talaria-sting.jpg\",\"datePublished\":\"2023-11-27T10:37:05+00:00\",\"dateModified\":\"2025-06-04T20:09:36+00:00\",\"breadcrumb\":{\"@id\":\"https:\\\/\\\/e-motopark.com\\\/en\\\/product\\\/display-holder-plastic-for-talaria-sting\\\/#breadcrumb\"},\"inLanguage\":\"en-US\",\"potentialAction\":[{\"@type\":\"ReadAction\",\"target\":[\"https:\\\/\\\/e-motopark.com\\\/en\\\/product\\\/display-holder-plastic-for-talaria-sting\\\/\"]}]},{\"@type\":\"ImageObject\",\"inLanguage\":\"en-US\",\"@id\":\"https:\\\/\\\/e-motopark.com\\\/en\\\/product\\\/display-holder-plastic-for-talaria-sting\\\/#primaryimage\",\"url\":\"https:\\\/\\\/e-motopark.com\\\/wp-content\\\/uploads\\\/2023\\\/11\\\/Drzak-displeje-plastovy-na-talaria-sting.jpg\",\"contentUrl\":\"https:\\\/\\\/e-motopark.com\\\/wp-content\\\/uploads\\\/2023\\\/11\\\/Drzak-displeje-plastovy-na-talaria-sting.jpg\",\"width\":575,\"height\":767},{\"@type\":\"BreadcrumbList\",\"@id\":\"https:\\\/\\\/e-motopark.com\\\/en\\\/product\\\/display-holder-plastic-for-talaria-sting\\\/#breadcrumb\",\"itemListElement\":[{\"@type\":\"ListItem\",\"position\":1,\"name\":\"Dom\u016f\",\"item\":\"https:\\\/\\\/e-motopark.com\\\/en\\\/e-moto-park-shop-and-rental-of-electric-motorbikes\\\/\"},{\"@type\":\"ListItem\",\"position\":2,\"name\":\"Shop\",\"item\":\"https:\\\/\\\/e-motopark.com\\\/en\\\/shop\\\/\"},{\"@type\":\"ListItem\",\"position\":3,\"name\":\"Display holder (Plastic) for Talaria Sting\"}]},{\"@type\":\"WebSite\",\"@id\":\"https:\\\/\\\/e-motopark.com\\\/en\\\/#website\",\"url\":\"https:\\\/\\\/e-motopark.com\\\/en\\\/\",\"name\":\"E-Moto Park\",\"description\":\"Prodejna a p\u016fj\u010dovna elektrick\u00fdch motorek\",\"publisher\":{\"@id\":\"https:\\\/\\\/e-motopark.com\\\/en\\\/#organization\"},\"potentialAction\":[{\"@type\":\"SearchAction\",\"target\":{\"@type\":\"EntryPoint\",\"urlTemplate\":\"https:\\\/\\\/e-motopark.com\\\/en\\\/?s={search_term_string}\"},\"query-input\":{\"@type\":\"PropertyValueSpecification\",\"valueRequired\":true,\"valueName\":\"search_term_string\"}}],\"inLanguage\":\"en-US\"},{\"@type\":\"Organization\",\"@id\":\"https:\\\/\\\/e-motopark.com\\\/en\\\/#organization\",\"name\":\"E-Moto Park\",\"url\":\"https:\\\/\\\/e-motopark.com\\\/en\\\/\",\"logo\":{\"@type\":\"ImageObject\",\"inLanguage\":\"en-US\",\"@id\":\"https:\\\/\\\/e-motopark.com\\\/en\\\/#\\\/schema\\\/logo\\\/image\\\/\",\"url\":\"https:\\\/\\\/e-motopark.com\\\/wp-content\\\/uploads\\\/2023\\\/11\\\/cropped-cropped-E-Moto-Park-logo.png\",\"contentUrl\":\"https:\\\/\\\/e-motopark.com\\\/wp-content\\\/uploads\\\/2023\\\/11\\\/cropped-cropped-E-Moto-Park-logo.png\",\"width\":108,\"height\":50,\"caption\":\"E-Moto Park\"},\"image\":{\"@id\":\"https:\\\/\\\/e-motopark.com\\\/en\\\/#\\\/schema\\\/logo\\\/image\\\/\"},\"sameAs\":[\"https:\\\/\\\/www.facebook.com\\\/EmotoPark\\\/\"]}]}<\/script>\n<!-- \/ Yoast SEO Premium plugin. -->","yoast_head_json":{"title":"Display holder (Plastic) for Talaria Sting - E-Moto Park","robots":{"index":"index","follow":"follow","max-snippet":"max-snippet:-1","max-image-preview":"max-image-preview:large","max-video-preview":"max-video-preview:-1"},"canonical":"https:\/\/e-motopark.com\/en\/product\/display-holder-plastic-for-talaria-sting\/","og_locale":"en_US","og_type":"article","og_title":"Display holder (Plastic) for Talaria Sting","og_description":"Description: Display holder (Plastic) for Talaria Sting Better visibility of speed in driving. The risk of destroying the display in the middle of the handlebar is reduced. Tighten the plastic display holder onto the handlebars with care. Color: Black","og_url":"https:\/\/e-motopark.com\/en\/product\/display-holder-plastic-for-talaria-sting\/","og_site_name":"E-Moto Park","article_publisher":"https:\/\/www.facebook.com\/EmotoPark\/","article_modified_time":"2025-06-04T20:09:36+00:00","og_image":[{"width":575,"height":767,"url":"https:\/\/e-motopark.com\/wp-content\/uploads\/2023\/11\/Drzak-displeje-plastovy-na-talaria-sting.jpg","type":"image\/jpeg"}],"twitter_card":"summary_large_image","twitter_misc":{"Est. reading time":"1 minute"},"schema":{"@context":"https:\/\/schema.org","@graph":[{"@type":["WebPage","ItemPage"],"@id":"https:\/\/e-motopark.com\/en\/product\/display-holder-plastic-for-talaria-sting\/","url":"https:\/\/e-motopark.com\/en\/product\/display-holder-plastic-for-talaria-sting\/","name":"Display holder (Plastic) for Talaria Sting - E-Moto Park","isPartOf":{"@id":"https:\/\/e-motopark.com\/en\/#website"},"primaryImageOfPage":{"@id":"https:\/\/e-motopark.com\/en\/product\/display-holder-plastic-for-talaria-sting\/#primaryimage"},"image":{"@id":"https:\/\/e-motopark.com\/en\/product\/display-holder-plastic-for-talaria-sting\/#primaryimage"},"thumbnailUrl":"https:\/\/e-motopark.com\/wp-content\/uploads\/2023\/11\/Drzak-displeje-plastovy-na-talaria-sting.jpg","datePublished":"2023-11-27T10:37:05+00:00","dateModified":"2025-06-04T20:09:36+00:00","breadcrumb":{"@id":"https:\/\/e-motopark.com\/en\/product\/display-holder-plastic-for-talaria-sting\/#breadcrumb"},"inLanguage":"en-US","potentialAction":[{"@type":"ReadAction","target":["https:\/\/e-motopark.com\/en\/product\/display-holder-plastic-for-talaria-sting\/"]}]},{"@type":"ImageObject","inLanguage":"en-US","@id":"https:\/\/e-motopark.com\/en\/product\/display-holder-plastic-for-talaria-sting\/#primaryimage","url":"https:\/\/e-motopark.com\/wp-content\/uploads\/2023\/11\/Drzak-displeje-plastovy-na-talaria-sting.jpg","contentUrl":"https:\/\/e-motopark.com\/wp-content\/uploads\/2023\/11\/Drzak-displeje-plastovy-na-talaria-sting.jpg","width":575,"height":767},{"@type":"BreadcrumbList","@id":"https:\/\/e-motopark.com\/en\/product\/display-holder-plastic-for-talaria-sting\/#breadcrumb","itemListElement":[{"@type":"ListItem","position":1,"name":"Dom\u016f","item":"https:\/\/e-motopark.com\/en\/e-moto-park-shop-and-rental-of-electric-motorbikes\/"},{"@type":"ListItem","position":2,"name":"Shop","item":"https:\/\/e-motopark.com\/en\/shop\/"},{"@type":"ListItem","position":3,"name":"Display holder (Plastic) for Talaria Sting"}]},{"@type":"WebSite","@id":"https:\/\/e-motopark.com\/en\/#website","url":"https:\/\/e-motopark.com\/en\/","name":"E-Moto Park","description":"Prodejna a p\u016fj\u010dovna elektrick\u00fdch motorek","publisher":{"@id":"https:\/\/e-motopark.com\/en\/#organization"},"potentialAction":[{"@type":"SearchAction","target":{"@type":"EntryPoint","urlTemplate":"https:\/\/e-motopark.com\/en\/?s={search_term_string}"},"query-input":{"@type":"PropertyValueSpecification","valueRequired":true,"valueName":"search_term_string"}}],"inLanguage":"en-US"},{"@type":"Organization","@id":"https:\/\/e-motopark.com\/en\/#organization","name":"E-Moto Park","url":"https:\/\/e-motopark.com\/en\/","logo":{"@type":"ImageObject","inLanguage":"en-US","@id":"https:\/\/e-motopark.com\/en\/#\/schema\/logo\/image\/","url":"https:\/\/e-motopark.com\/wp-content\/uploads\/2023\/11\/cropped-cropped-E-Moto-Park-logo.png","contentUrl":"https:\/\/e-motopark.com\/wp-content\/uploads\/2023\/11\/cropped-cropped-E-Moto-Park-logo.png","width":108,"height":50,"caption":"E-Moto Park"},"image":{"@id":"https:\/\/e-motopark.com\/en\/#\/schema\/logo\/image\/"},"sameAs":["https:\/\/www.facebook.com\/EmotoPark\/"]}]}},"_links":{"self":[{"href":"https:\/\/e-motopark.com\/en\/wp-json\/wp\/v2\/product\/9589","targetHints":{"allow":["GET"]}}],"collection":[{"href":"https:\/\/e-motopark.com\/en\/wp-json\/wp\/v2\/product"}],"about":[{"href":"https:\/\/e-motopark.com\/en\/wp-json\/wp\/v2\/types\/product"}],"wp:featuredmedia":[{"embeddable":true,"href":"https:\/\/e-motopark.com\/en\/wp-json\/wp\/v2\/media\/6883"}],"wp:attachment":[{"href":"https:\/\/e-motopark.com\/en\/wp-json\/wp\/v2\/media?parent=9589"}],"wp:term":[{"taxonomy":"product_brand","embeddable":true,"href":"https:\/\/e-motopark.com\/en\/wp-json\/wp\/v2\/product_brand?post=9589"},{"taxonomy":"product_cat","embeddable":true,"href":"https:\/\/e-motopark.com\/en\/wp-json\/wp\/v2\/product_cat?post=9589"},{"taxonomy":"product_tag","embeddable":true,"href":"https:\/\/e-motopark.com\/en\/wp-json\/wp\/v2\/product_tag?post=9589"},{"taxonomy":"emoto_spec_group","embeddable":true,"href":"https:\/\/e-motopark.com\/en\/wp-json\/wp\/v2\/emoto_spec_group?post=9589"}],"curies":[{"name":"wp","href":"https:\/\/api.w.org\/{rel}","templated":true}]}}