{"id":9591,"date":"2023-11-27T11:37:05","date_gmt":"2023-11-27T10:37:05","guid":{"rendered":"https:\/\/e-motopark.com\/produkt\/talaria-sting-r-8kw-l1e\/"},"modified":"2025-06-04T22:09:30","modified_gmt":"2025-06-04T20:09:30","slug":"talaria-sting-r-8kw-l1e-blue","status":"publish","type":"product","link":"https:\/\/e-motopark.com\/en\/product\/talaria-sting-r-8kw-l1e-blue\/","title":{"rendered":"Talaria Sting R (8kW) (L1e) Blue"},"content":{"rendered":"<ul>\n<li>FREE shipping in the Czech Republic.<\/li>\n<\/ul>\n<h3><strong>Description:<\/strong><\/h3>\n<ul>\n<li>Electric homologated motorcycle <strong>Talaria STING R<\/strong> (L1e) power: 8kW, battery voltage: 60V, battery capacity: 45Ah, maximum speed: 85km\/h, range 85km.<\/li>\n<li>+ 33% power<\/li>\n<li>+ 20% of your commute<\/li>\n<\/ul>\n<ul>\n<li>Plus: footpeg reinforcement, rubber chain cover, more efficient brake calipers and discs<\/li>\n<\/ul>\n<ul>\n<li>The electric motorcycle from the well-known manufacturer TALARIA model STING R (L1e) is the hottest novelty among homologated electric motorcycles on the Czech and world market. Extremely generous and dynamic characteristics of the motorcycle place this motorcycle at the top not only in the enduro, but also cross categories. Talaria sting is designed as an ultralight dirt-bike with low weight and high performance. The lowest possible weight and frame strength has been achieved with high-tech technology in the high-pressure forging of 6tons of aluminium alloys. An electric, brushless, DC motor with a peak power of 8000W takes care of the fun that gets your adrenaline pumping. Safety and short stopping distances are ensured by professional four-piston hydraulically operated disc brakes front and rear.     <\/li>\n<\/ul>\n<h3>Homologation<\/h3>\n<ul>\n<li>With the growing interest in sustainable and environmentally friendly mobility, more and more people are turning to electric vehicles as an alternative to conventional internal combustion engine vehicles. However, in order to be able to use your electric motorbike on public roads without fear, it must be homologated to European standards. <\/li>\n<li>Homologation is the process by which the Talaria Sting R L1e electric motorcycle is subjected to rigorous testing and verification that it meets EU safety and technical standards. Once the electric motorcycle has passed all the tests, it has been granted homologation, allowing it to be legally used on public roads. <\/li>\n<li>As a future owner of a homologated Talaria Sting R L1e electric motorcycle, you can be sure that your vehicle meets strict safety and technical standards, ensuring your safety and the safety of other road users.<\/li>\n<li>L1e provides greater legal certainty and security for the owner of an electric motorcycle. With homologation, it is clear that your electric motorcycle meets strict standards and can be used on public roads without fear of potential legal problems. <\/li>\n<li>In addition, owning a homologated electric motorcycle is advantageous for obtaining insurance. Many insurance companies require the vehicle to be homologated in order to be covered by insurance. <\/li>\n<li>Another advantage of a homologated electric motorbike is that it can be used for everyday commuting or other purposes without fear of breaking the law. In addition, the electric motorbike is a cleaner and greener alternative to conventional internal combustion engine vehicles, which helps to improve air quality in urban areas and reduce negative environmental impacts. <\/li>\n<\/ul>\n<h3>MOTOR<\/h3>\n<ul>\n<li>Motor type: permanent magnet synchronous motor<\/li>\n<li>Engine location: centre of frame<\/li>\n<li>Engine weight: 7 Kg<\/li>\n<li>Motor outer diameter: \u03a6180 mm<\/li>\n<li>Maximum motor length: 120 mm<\/li>\n<li>Maximum motor efficiency: 92%<\/li>\n<li>Engine cooling: air-cooled<\/li>\n<\/ul>\n<h3>CONTROLLER<\/h3>\n<ul>\n<li>Controller type: FOC<\/li>\n<li>Controller weight: 2 Kg<\/li>\n<li>Controller dimensions: 248 mm x 128 mm x 50 mm<\/li>\n<li>Maximum controller efficiency: 92%<\/li>\n<li>Maximum operating temperature: 100 \u00b0C<\/li>\n<\/ul>\n<h3>ENGINE POWER SUPPLY<\/h3>\n<ul>\n<li>Rated voltage: 60 V (DC)<\/li>\n<li>Rated power: 4000 W<\/li>\n<li>Maximum power: 8000 W<\/li>\n<li>Torque: \u2265 5.7 N.m<\/li>\n<li>Maximum torque: 45 N.m<\/li>\n<li>Rear wheel torque: 376N.m (44z rosette)<\/li>\n<\/ul>\n<h3>TRANSMISSION<\/h3>\n<ul>\n<li>Gear ratio: 8.35 (44z rosette) \/ 9.18 (48z rosette)<\/li>\n<li>Primary transmission: gearbox<\/li>\n<li>Secondary transmission: chain (420)<\/li>\n<\/ul>\n<h3>ELECTRONIC COMPONENTS<\/h3>\n<ul>\n<li>Nominal battery voltage: 60 V (DC)<\/li>\n<li>Battery capacity: 45 Ah<\/li>\n<li>Battery dimensions: 170 mm x 140 mm x 380 mm<\/li>\n<li>Battery weight: 12.85 Kg<\/li>\n<li>Battery cells:LG Brand 21700<\/li>\n<li>Speedometer: YES ( km\/h ) \/ (mi\/h)<\/li>\n<li>Regeneration brake: four-stage, adjustable<\/li>\n<\/ul>\n<h3>VEHICLE SPECIFICATIONS<\/h3>\n<ul>\n<li>Frame material: UNS A96061 T4 &amp; T6 hardened aluminum alloy<\/li>\n<li>Frame processing method: forged by 6000 t pressure<\/li>\n<li>Frame finish: anodizing or anodizing<\/li>\n<li>Colour: black<\/li>\n<li>Headlight: LED<\/li>\n<li>Front suspension fork: DNM<\/li>\n<li>Rear suspension: FASTACE BDA53RC<\/li>\n<li>Front wheel size: 70 \/ 100 x 19&#8243; (CST)<\/li>\n<li>Rear wheel size: 80 \/ 100 x 19&#8243; (CST)<\/li>\n<li>Wheelbase: 1225 mm<\/li>\n<li>Maximum speed: 85 km\/h (44z rosette)<\/li>\n<li>Maximum range: \u2265 85km at 40km\/h<\/li>\n<li>Gross vehicle weight: 66 Kg<\/li>\n<li>Vehicle dimensions (length, width, height): 1880 mm x 770 mm x 1088 mm<\/li>\n<li>Seat height: 840 mm<\/li>\n<li>Handlebar width: 760 mm<\/li>\n<li>Minimum vehicle ground clearance: 260 mm<\/li>\n<\/ul>\n<ul>\n<li>The price of annual statutory insurance is minimal and is around 300,- CZK \/ year<\/li>\n<\/ul>\n","protected":false},"excerpt":{"rendered":"<p>FREE shipping in the Czech Republic. Description: Electric homologated motorcycle Talaria STING R (L1e) power: 8kW, battery voltage: 60V, battery capacity: 45Ah, maximum speed: 85km\/h, range 85km. + 33% power + 20% of your commute Plus: footpeg reinforcement, rubber chain cover, more efficient brake calipers and discs The electric motorcycle from the well-known manufacturer TALARIA [&hellip;]<\/p>\n","protected":false},"featured_media":7920,"template":"","meta":{"from_xml":"","manufacturer_code":"","emoto_stock":""},"product_brand":[],"product_cat":[1653],"product_tag":[],"emoto_spec_group":[],"class_list":{"0":"post-9591","1":"product","2":"type-product","3":"status-publish","4":"has-post-thumbnail","6":"product_cat-talaria-sting","8":"first","9":"outofstock","10":"taxable","11":"shipping-taxable","12":"purchasable","13":"product-type-simple"},"exclude_global_add_ons":false,"addons":[],"yoast_head":"<!-- This site is optimized with the Yoast SEO Premium plugin v27.4 (Yoast SEO v27.5) - https:\/\/yoast.com\/product\/yoast-seo-premium-wordpress\/ -->\n<title>Talaria Sting R (8kW) (L1e) Blue - E-Moto Park<\/title>\n<meta name=\"robots\" content=\"index, follow, max-snippet:-1, max-image-preview:large, max-video-preview:-1\" \/>\n<link rel=\"canonical\" href=\"https:\/\/e-motopark.com\/en\/product\/talaria-sting-r-8kw-l1e-blue\/\" \/>\n<meta property=\"og:locale\" content=\"en_US\" \/>\n<meta property=\"og:type\" content=\"article\" \/>\n<meta property=\"og:title\" content=\"Talaria Sting R (8kW) (L1e) Blue\" \/>\n<meta property=\"og:description\" content=\"FREE shipping in the Czech Republic. Description: Electric homologated motorcycle Talaria STING R (L1e) power: 8kW, battery voltage: 60V, battery capacity: 45Ah, maximum speed: 85km\/h, range 85km. + 33% power + 20% of your commute Plus: footpeg reinforcement, rubber chain cover, more efficient brake calipers and discs The electric motorcycle from the well-known manufacturer TALARIA [&hellip;]\" \/>\n<meta property=\"og:url\" content=\"https:\/\/e-motopark.com\/en\/product\/talaria-sting-r-8kw-l1e-blue\/\" \/>\n<meta property=\"og:site_name\" content=\"E-Moto Park\" \/>\n<meta property=\"article:publisher\" content=\"https:\/\/www.facebook.com\/EmotoPark\/\" \/>\n<meta property=\"article:modified_time\" content=\"2025-06-04T20:09:30+00:00\" \/>\n<meta property=\"og:image\" content=\"https:\/\/e-motopark.com\/wp-content\/uploads\/2023\/11\/Talaria-Sting-R-8kW-L1e-blue.jpg\" \/>\n\t<meta property=\"og:image:width\" content=\"796\" \/>\n\t<meta property=\"og:image:height\" content=\"576\" \/>\n\t<meta property=\"og:image:type\" content=\"image\/jpeg\" \/>\n<meta name=\"twitter:card\" content=\"summary_large_image\" \/>\n<meta name=\"twitter:label1\" content=\"Est. reading time\" \/>\n\t<meta name=\"twitter:data1\" content=\"4 minutes\" \/>\n<script type=\"application\/ld+json\" class=\"yoast-schema-graph\">{\"@context\":\"https:\\\/\\\/schema.org\",\"@graph\":[{\"@type\":[\"WebPage\",\"ItemPage\"],\"@id\":\"https:\\\/\\\/e-motopark.com\\\/en\\\/product\\\/talaria-sting-r-8kw-l1e-blue\\\/\",\"url\":\"https:\\\/\\\/e-motopark.com\\\/en\\\/product\\\/talaria-sting-r-8kw-l1e-blue\\\/\",\"name\":\"Talaria Sting R (8kW) (L1e) Blue - E-Moto Park\",\"isPartOf\":{\"@id\":\"https:\\\/\\\/e-motopark.com\\\/en\\\/#website\"},\"primaryImageOfPage\":{\"@id\":\"https:\\\/\\\/e-motopark.com\\\/en\\\/product\\\/talaria-sting-r-8kw-l1e-blue\\\/#primaryimage\"},\"image\":{\"@id\":\"https:\\\/\\\/e-motopark.com\\\/en\\\/product\\\/talaria-sting-r-8kw-l1e-blue\\\/#primaryimage\"},\"thumbnailUrl\":\"https:\\\/\\\/e-motopark.com\\\/wp-content\\\/uploads\\\/2023\\\/11\\\/Talaria-Sting-R-8kW-L1e-blue.jpg\",\"datePublished\":\"2023-11-27T10:37:05+00:00\",\"dateModified\":\"2025-06-04T20:09:30+00:00\",\"breadcrumb\":{\"@id\":\"https:\\\/\\\/e-motopark.com\\\/en\\\/product\\\/talaria-sting-r-8kw-l1e-blue\\\/#breadcrumb\"},\"inLanguage\":\"en-US\",\"potentialAction\":[{\"@type\":\"ReadAction\",\"target\":[\"https:\\\/\\\/e-motopark.com\\\/en\\\/product\\\/talaria-sting-r-8kw-l1e-blue\\\/\"]}]},{\"@type\":\"ImageObject\",\"inLanguage\":\"en-US\",\"@id\":\"https:\\\/\\\/e-motopark.com\\\/en\\\/product\\\/talaria-sting-r-8kw-l1e-blue\\\/#primaryimage\",\"url\":\"https:\\\/\\\/e-motopark.com\\\/wp-content\\\/uploads\\\/2023\\\/11\\\/Talaria-Sting-R-8kW-L1e-blue.jpg\",\"contentUrl\":\"https:\\\/\\\/e-motopark.com\\\/wp-content\\\/uploads\\\/2023\\\/11\\\/Talaria-Sting-R-8kW-L1e-blue.jpg\",\"width\":796,\"height\":576},{\"@type\":\"BreadcrumbList\",\"@id\":\"https:\\\/\\\/e-motopark.com\\\/en\\\/product\\\/talaria-sting-r-8kw-l1e-blue\\\/#breadcrumb\",\"itemListElement\":[{\"@type\":\"ListItem\",\"position\":1,\"name\":\"Dom\u016f\",\"item\":\"https:\\\/\\\/e-motopark.com\\\/en\\\/e-moto-park-shop-and-rental-of-electric-motorbikes\\\/\"},{\"@type\":\"ListItem\",\"position\":2,\"name\":\"Shop\",\"item\":\"https:\\\/\\\/e-motopark.com\\\/en\\\/shop\\\/\"},{\"@type\":\"ListItem\",\"position\":3,\"name\":\"Talaria Sting R (8kW) (L1e) Blue\"}]},{\"@type\":\"WebSite\",\"@id\":\"https:\\\/\\\/e-motopark.com\\\/en\\\/#website\",\"url\":\"https:\\\/\\\/e-motopark.com\\\/en\\\/\",\"name\":\"E-Moto Park\",\"description\":\"Prodejna a p\u016fj\u010dovna elektrick\u00fdch motorek\",\"publisher\":{\"@id\":\"https:\\\/\\\/e-motopark.com\\\/en\\\/#organization\"},\"potentialAction\":[{\"@type\":\"SearchAction\",\"target\":{\"@type\":\"EntryPoint\",\"urlTemplate\":\"https:\\\/\\\/e-motopark.com\\\/en\\\/?s={search_term_string}\"},\"query-input\":{\"@type\":\"PropertyValueSpecification\",\"valueRequired\":true,\"valueName\":\"search_term_string\"}}],\"inLanguage\":\"en-US\"},{\"@type\":\"Organization\",\"@id\":\"https:\\\/\\\/e-motopark.com\\\/en\\\/#organization\",\"name\":\"E-Moto Park\",\"url\":\"https:\\\/\\\/e-motopark.com\\\/en\\\/\",\"logo\":{\"@type\":\"ImageObject\",\"inLanguage\":\"en-US\",\"@id\":\"https:\\\/\\\/e-motopark.com\\\/en\\\/#\\\/schema\\\/logo\\\/image\\\/\",\"url\":\"https:\\\/\\\/e-motopark.com\\\/wp-content\\\/uploads\\\/2023\\\/11\\\/cropped-cropped-E-Moto-Park-logo.png\",\"contentUrl\":\"https:\\\/\\\/e-motopark.com\\\/wp-content\\\/uploads\\\/2023\\\/11\\\/cropped-cropped-E-Moto-Park-logo.png\",\"width\":108,\"height\":50,\"caption\":\"E-Moto Park\"},\"image\":{\"@id\":\"https:\\\/\\\/e-motopark.com\\\/en\\\/#\\\/schema\\\/logo\\\/image\\\/\"},\"sameAs\":[\"https:\\\/\\\/www.facebook.com\\\/EmotoPark\\\/\"]}]}<\/script>\n<!-- \/ Yoast SEO Premium plugin. -->","yoast_head_json":{"title":"Talaria Sting R (8kW) (L1e) Blue - E-Moto Park","robots":{"index":"index","follow":"follow","max-snippet":"max-snippet:-1","max-image-preview":"max-image-preview:large","max-video-preview":"max-video-preview:-1"},"canonical":"https:\/\/e-motopark.com\/en\/product\/talaria-sting-r-8kw-l1e-blue\/","og_locale":"en_US","og_type":"article","og_title":"Talaria Sting R (8kW) (L1e) Blue","og_description":"FREE shipping in the Czech Republic. Description: Electric homologated motorcycle Talaria STING R (L1e) power: 8kW, battery voltage: 60V, battery capacity: 45Ah, maximum speed: 85km\/h, range 85km. + 33% power + 20% of your commute Plus: footpeg reinforcement, rubber chain cover, more efficient brake calipers and discs The electric motorcycle from the well-known manufacturer TALARIA [&hellip;]","og_url":"https:\/\/e-motopark.com\/en\/product\/talaria-sting-r-8kw-l1e-blue\/","og_site_name":"E-Moto Park","article_publisher":"https:\/\/www.facebook.com\/EmotoPark\/","article_modified_time":"2025-06-04T20:09:30+00:00","og_image":[{"width":796,"height":576,"url":"https:\/\/e-motopark.com\/wp-content\/uploads\/2023\/11\/Talaria-Sting-R-8kW-L1e-blue.jpg","type":"image\/jpeg"}],"twitter_card":"summary_large_image","twitter_misc":{"Est. reading time":"4 minutes"},"schema":{"@context":"https:\/\/schema.org","@graph":[{"@type":["WebPage","ItemPage"],"@id":"https:\/\/e-motopark.com\/en\/product\/talaria-sting-r-8kw-l1e-blue\/","url":"https:\/\/e-motopark.com\/en\/product\/talaria-sting-r-8kw-l1e-blue\/","name":"Talaria Sting R (8kW) (L1e) Blue - E-Moto Park","isPartOf":{"@id":"https:\/\/e-motopark.com\/en\/#website"},"primaryImageOfPage":{"@id":"https:\/\/e-motopark.com\/en\/product\/talaria-sting-r-8kw-l1e-blue\/#primaryimage"},"image":{"@id":"https:\/\/e-motopark.com\/en\/product\/talaria-sting-r-8kw-l1e-blue\/#primaryimage"},"thumbnailUrl":"https:\/\/e-motopark.com\/wp-content\/uploads\/2023\/11\/Talaria-Sting-R-8kW-L1e-blue.jpg","datePublished":"2023-11-27T10:37:05+00:00","dateModified":"2025-06-04T20:09:30+00:00","breadcrumb":{"@id":"https:\/\/e-motopark.com\/en\/product\/talaria-sting-r-8kw-l1e-blue\/#breadcrumb"},"inLanguage":"en-US","potentialAction":[{"@type":"ReadAction","target":["https:\/\/e-motopark.com\/en\/product\/talaria-sting-r-8kw-l1e-blue\/"]}]},{"@type":"ImageObject","inLanguage":"en-US","@id":"https:\/\/e-motopark.com\/en\/product\/talaria-sting-r-8kw-l1e-blue\/#primaryimage","url":"https:\/\/e-motopark.com\/wp-content\/uploads\/2023\/11\/Talaria-Sting-R-8kW-L1e-blue.jpg","contentUrl":"https:\/\/e-motopark.com\/wp-content\/uploads\/2023\/11\/Talaria-Sting-R-8kW-L1e-blue.jpg","width":796,"height":576},{"@type":"BreadcrumbList","@id":"https:\/\/e-motopark.com\/en\/product\/talaria-sting-r-8kw-l1e-blue\/#breadcrumb","itemListElement":[{"@type":"ListItem","position":1,"name":"Dom\u016f","item":"https:\/\/e-motopark.com\/en\/e-moto-park-shop-and-rental-of-electric-motorbikes\/"},{"@type":"ListItem","position":2,"name":"Shop","item":"https:\/\/e-motopark.com\/en\/shop\/"},{"@type":"ListItem","position":3,"name":"Talaria Sting R (8kW) (L1e) Blue"}]},{"@type":"WebSite","@id":"https:\/\/e-motopark.com\/en\/#website","url":"https:\/\/e-motopark.com\/en\/","name":"E-Moto Park","description":"Prodejna a p\u016fj\u010dovna elektrick\u00fdch motorek","publisher":{"@id":"https:\/\/e-motopark.com\/en\/#organization"},"potentialAction":[{"@type":"SearchAction","target":{"@type":"EntryPoint","urlTemplate":"https:\/\/e-motopark.com\/en\/?s={search_term_string}"},"query-input":{"@type":"PropertyValueSpecification","valueRequired":true,"valueName":"search_term_string"}}],"inLanguage":"en-US"},{"@type":"Organization","@id":"https:\/\/e-motopark.com\/en\/#organization","name":"E-Moto Park","url":"https:\/\/e-motopark.com\/en\/","logo":{"@type":"ImageObject","inLanguage":"en-US","@id":"https:\/\/e-motopark.com\/en\/#\/schema\/logo\/image\/","url":"https:\/\/e-motopark.com\/wp-content\/uploads\/2023\/11\/cropped-cropped-E-Moto-Park-logo.png","contentUrl":"https:\/\/e-motopark.com\/wp-content\/uploads\/2023\/11\/cropped-cropped-E-Moto-Park-logo.png","width":108,"height":50,"caption":"E-Moto Park"},"image":{"@id":"https:\/\/e-motopark.com\/en\/#\/schema\/logo\/image\/"},"sameAs":["https:\/\/www.facebook.com\/EmotoPark\/"]}]}},"_links":{"self":[{"href":"https:\/\/e-motopark.com\/en\/wp-json\/wp\/v2\/product\/9591","targetHints":{"allow":["GET"]}}],"collection":[{"href":"https:\/\/e-motopark.com\/en\/wp-json\/wp\/v2\/product"}],"about":[{"href":"https:\/\/e-motopark.com\/en\/wp-json\/wp\/v2\/types\/product"}],"wp:featuredmedia":[{"embeddable":true,"href":"https:\/\/e-motopark.com\/en\/wp-json\/wp\/v2\/media\/7920"}],"wp:attachment":[{"href":"https:\/\/e-motopark.com\/en\/wp-json\/wp\/v2\/media?parent=9591"}],"wp:term":[{"taxonomy":"product_brand","embeddable":true,"href":"https:\/\/e-motopark.com\/en\/wp-json\/wp\/v2\/product_brand?post=9591"},{"taxonomy":"product_cat","embeddable":true,"href":"https:\/\/e-motopark.com\/en\/wp-json\/wp\/v2\/product_cat?post=9591"},{"taxonomy":"product_tag","embeddable":true,"href":"https:\/\/e-motopark.com\/en\/wp-json\/wp\/v2\/product_tag?post=9591"},{"taxonomy":"emoto_spec_group","embeddable":true,"href":"https:\/\/e-motopark.com\/en\/wp-json\/wp\/v2\/emoto_spec_group?post=9591"}],"curies":[{"name":"wp","href":"https:\/\/api.w.org\/{rel}","templated":true}]}}