{"id":9593,"date":"2023-11-27T11:37:05","date_gmt":"2023-11-27T10:37:05","guid":{"rendered":"https:\/\/e-motopark.com\/produkt\/talaria-xxx-6kw-mx-60v-40ah\/"},"modified":"2025-05-27T23:00:21","modified_gmt":"2025-05-27T21:00:21","slug":"talaria-xxx-6kw-mx-60v-40ah","status":"publish","type":"product","link":"https:\/\/e-motopark.com\/en\/product\/talaria-xxx-6kw-mx-60v-40ah\/","title":{"rendered":"Talaria xXx (6kW) (MX) 60V 40Ah"},"content":{"rendered":"<ul>\n<li>FREE shipping in the Czech Republic.<\/li>\n<\/ul>\n<h3><strong>Description:<\/strong><\/h3>\n<ul>\n<li>The Talaria xXx (MX) version is suitable for smaller bodies or children, the bike is about 8kg lighter than the Sur-Ron Light Bee.<\/li>\n<li>The motorcycle has the same performance parameters as the Sur-Ron Light Bee, both power: 6kW and the same 60V 40Ah battery.<\/li>\n<li>Unhomologated electric motorcycle Talaria xXx (MX) 60V 40Ah.<\/li>\n<li>Talaria xXx (MX) Not approved for road use.<\/li>\n<\/ul>\n<h3>Specifications<\/h3>\n<ul>\n<li>Motor Type: IPM (internal permanent magnet)<\/li>\n<li>Driver type: foc<\/li>\n<li>Rated voltage: 60 V (DC)<\/li>\n<li>Maximum power: 6 kW<\/li>\n<li>Maximum torque: 34 Nm<\/li>\n<li>Rear wheel torque: 233 Nm 48T<\/li>\n<li>Peak efficiency: 92%<\/li>\n<li>Transmission: gear ratio 6,85 48T<\/li>\n<li>Primary gear: belt<\/li>\n<li>Secondary gear: chain<\/li>\n<\/ul>\n<ul>\n<li>Electronic components<\/li>\n<li>Battery: 60V \/ 40Ah<\/li>\n<li>Article battery: brand LG (40Ah) 21700 cell<\/li>\n<li>Dashboard: LED multifunction display<\/li>\n<li>Recuperation : 4 stages<\/li>\n<\/ul>\n<ul>\n<li>Chassis material: aluminium alloy 6061 T4 &amp; T6<\/li>\n<li>Headlight: LED headlight with dipped beam and main beam<\/li>\n<li>Front fork: High performance hydraulic front fork adapted to Sting<\/li>\n<li>Rear shock absorber: In-house off-road shock absorber with reduced spring rate<\/li>\n<li>Tyre size: front 70\/100-17, rear 70\/100-17<\/li>\n<li>Top speed: 80 km\/h;<\/li>\n<li>Max. range: \u226580 km at 40 km\/h (40Ah) <\/li>\n<li>Net weight: 50 kg (40 Ah)<\/li>\n<li>Vehicle dimensions: 1850 mm x 770 mm x 1070 mm<\/li>\n<li>Saddle height: 805 mm<\/li>\n<li>Wheelbase: 1235 mm<\/li>\n<li>Handle width: 760 mm<\/li>\n<li>Benefit. Clearance: 255 mm <\/li>\n<li>Max. pitch: 45\u00b0 <\/li>\n<li>Max. load capacity: 100kg <\/li>\n<\/ul>\n<ul>\n<li>Video Talaria xXx: <a href=\"https:\/\/www.youtube.com\/watch?v=HAbE0RyjXO4\" target=\"_blank\" rel=\"noopener\">https:\/\/www.youtube.com\/watch?v=HAbE0RyjXO4<\/a><\/li>\n<\/ul>\n","protected":false},"excerpt":{"rendered":"<p>FREE shipping in the Czech Republic. Description: The Talaria xXx (MX) version is suitable for smaller bodies or children, the bike is about 8kg lighter than the Sur-Ron Light Bee. The motorcycle has the same performance parameters as the Sur-Ron Light Bee, both power: 6kW and the same 60V 40Ah battery. Unhomologated electric motorcycle Talaria [&hellip;]<\/p>\n","protected":false},"featured_media":16504,"template":"","meta":{"from_xml":"","manufacturer_code":"","emoto_stock":""},"product_brand":[],"product_cat":[1653],"product_tag":[],"emoto_spec_group":[],"class_list":{"0":"post-9593","1":"product","2":"type-product","3":"status-publish","4":"has-post-thumbnail","6":"product_cat-talaria-sting","8":"first","9":"outofstock","10":"taxable","11":"shipping-taxable","12":"purchasable","13":"product-type-simple"},"exclude_global_add_ons":false,"addons":[],"yoast_head":"<!-- This site is optimized with the Yoast SEO Premium plugin v27.4 (Yoast SEO v27.5) - https:\/\/yoast.com\/product\/yoast-seo-premium-wordpress\/ -->\n<title>Talaria xXx (6kW) (MX) 60V 40Ah - E-Moto Park<\/title>\n<meta name=\"robots\" content=\"index, follow, max-snippet:-1, max-image-preview:large, max-video-preview:-1\" \/>\n<link rel=\"canonical\" href=\"https:\/\/e-motopark.com\/en\/product\/talaria-xxx-6kw-mx-60v-40ah\/\" \/>\n<meta property=\"og:locale\" content=\"en_US\" \/>\n<meta property=\"og:type\" content=\"article\" \/>\n<meta property=\"og:title\" content=\"Talaria xXx (6kW) (MX) 60V 40Ah\" \/>\n<meta property=\"og:description\" content=\"FREE shipping in the Czech Republic. Description: The Talaria xXx (MX) version is suitable for smaller bodies or children, the bike is about 8kg lighter than the Sur-Ron Light Bee. The motorcycle has the same performance parameters as the Sur-Ron Light Bee, both power: 6kW and the same 60V 40Ah battery. Unhomologated electric motorcycle Talaria [&hellip;]\" \/>\n<meta property=\"og:url\" content=\"https:\/\/e-motopark.com\/en\/product\/talaria-xxx-6kw-mx-60v-40ah\/\" \/>\n<meta property=\"og:site_name\" content=\"E-Moto Park\" \/>\n<meta property=\"article:publisher\" content=\"https:\/\/www.facebook.com\/EmotoPark\/\" \/>\n<meta property=\"article:modified_time\" content=\"2025-05-27T21:00:21+00:00\" \/>\n<meta property=\"og:image\" content=\"https:\/\/e-motopark.com\/wp-content\/uploads\/2023\/11\/Talaria-xXx-MX-6kW-cerna.jpg\" \/>\n\t<meta property=\"og:image:width\" content=\"1200\" \/>\n\t<meta property=\"og:image:height\" content=\"800\" \/>\n\t<meta property=\"og:image:type\" content=\"image\/jpeg\" \/>\n<meta name=\"twitter:card\" content=\"summary_large_image\" \/>\n<meta name=\"twitter:label1\" content=\"Est. reading time\" \/>\n\t<meta name=\"twitter:data1\" content=\"2 minutes\" \/>\n<script type=\"application\/ld+json\" class=\"yoast-schema-graph\">{\"@context\":\"https:\\\/\\\/schema.org\",\"@graph\":[{\"@type\":[\"WebPage\",\"ItemPage\"],\"@id\":\"https:\\\/\\\/e-motopark.com\\\/en\\\/product\\\/talaria-xxx-6kw-mx-60v-40ah\\\/\",\"url\":\"https:\\\/\\\/e-motopark.com\\\/en\\\/product\\\/talaria-xxx-6kw-mx-60v-40ah\\\/\",\"name\":\"Talaria xXx (6kW) (MX) 60V 40Ah - E-Moto Park\",\"isPartOf\":{\"@id\":\"https:\\\/\\\/e-motopark.com\\\/en\\\/#website\"},\"primaryImageOfPage\":{\"@id\":\"https:\\\/\\\/e-motopark.com\\\/en\\\/product\\\/talaria-xxx-6kw-mx-60v-40ah\\\/#primaryimage\"},\"image\":{\"@id\":\"https:\\\/\\\/e-motopark.com\\\/en\\\/product\\\/talaria-xxx-6kw-mx-60v-40ah\\\/#primaryimage\"},\"thumbnailUrl\":\"https:\\\/\\\/e-motopark.com\\\/wp-content\\\/uploads\\\/2023\\\/11\\\/Talaria-xXx-6kW-MX-60V-40Ah-6.jpg\",\"datePublished\":\"2023-11-27T10:37:05+00:00\",\"dateModified\":\"2025-05-27T21:00:21+00:00\",\"breadcrumb\":{\"@id\":\"https:\\\/\\\/e-motopark.com\\\/en\\\/product\\\/talaria-xxx-6kw-mx-60v-40ah\\\/#breadcrumb\"},\"inLanguage\":\"en-US\",\"potentialAction\":[{\"@type\":\"ReadAction\",\"target\":[\"https:\\\/\\\/e-motopark.com\\\/en\\\/product\\\/talaria-xxx-6kw-mx-60v-40ah\\\/\"]}]},{\"@type\":\"ImageObject\",\"inLanguage\":\"en-US\",\"@id\":\"https:\\\/\\\/e-motopark.com\\\/en\\\/product\\\/talaria-xxx-6kw-mx-60v-40ah\\\/#primaryimage\",\"url\":\"https:\\\/\\\/e-motopark.com\\\/wp-content\\\/uploads\\\/2023\\\/11\\\/Talaria-xXx-6kW-MX-60V-40Ah-6.jpg\",\"contentUrl\":\"https:\\\/\\\/e-motopark.com\\\/wp-content\\\/uploads\\\/2023\\\/11\\\/Talaria-xXx-6kW-MX-60V-40Ah-6.jpg\",\"width\":804,\"height\":675},{\"@type\":\"BreadcrumbList\",\"@id\":\"https:\\\/\\\/e-motopark.com\\\/en\\\/product\\\/talaria-xxx-6kw-mx-60v-40ah\\\/#breadcrumb\",\"itemListElement\":[{\"@type\":\"ListItem\",\"position\":1,\"name\":\"Dom\u016f\",\"item\":\"https:\\\/\\\/e-motopark.com\\\/en\\\/e-moto-park-shop-and-rental-of-electric-motorbikes\\\/\"},{\"@type\":\"ListItem\",\"position\":2,\"name\":\"Shop\",\"item\":\"https:\\\/\\\/e-motopark.com\\\/en\\\/shop\\\/\"},{\"@type\":\"ListItem\",\"position\":3,\"name\":\"Talaria xXx (6kW) (MX) 60V 40Ah\"}]},{\"@type\":\"WebSite\",\"@id\":\"https:\\\/\\\/e-motopark.com\\\/en\\\/#website\",\"url\":\"https:\\\/\\\/e-motopark.com\\\/en\\\/\",\"name\":\"E-Moto Park\",\"description\":\"Prodejna a p\u016fj\u010dovna elektrick\u00fdch motorek\",\"publisher\":{\"@id\":\"https:\\\/\\\/e-motopark.com\\\/en\\\/#organization\"},\"potentialAction\":[{\"@type\":\"SearchAction\",\"target\":{\"@type\":\"EntryPoint\",\"urlTemplate\":\"https:\\\/\\\/e-motopark.com\\\/en\\\/?s={search_term_string}\"},\"query-input\":{\"@type\":\"PropertyValueSpecification\",\"valueRequired\":true,\"valueName\":\"search_term_string\"}}],\"inLanguage\":\"en-US\"},{\"@type\":\"Organization\",\"@id\":\"https:\\\/\\\/e-motopark.com\\\/en\\\/#organization\",\"name\":\"E-Moto Park\",\"url\":\"https:\\\/\\\/e-motopark.com\\\/en\\\/\",\"logo\":{\"@type\":\"ImageObject\",\"inLanguage\":\"en-US\",\"@id\":\"https:\\\/\\\/e-motopark.com\\\/en\\\/#\\\/schema\\\/logo\\\/image\\\/\",\"url\":\"https:\\\/\\\/e-motopark.com\\\/wp-content\\\/uploads\\\/2023\\\/11\\\/cropped-cropped-E-Moto-Park-logo.png\",\"contentUrl\":\"https:\\\/\\\/e-motopark.com\\\/wp-content\\\/uploads\\\/2023\\\/11\\\/cropped-cropped-E-Moto-Park-logo.png\",\"width\":108,\"height\":50,\"caption\":\"E-Moto Park\"},\"image\":{\"@id\":\"https:\\\/\\\/e-motopark.com\\\/en\\\/#\\\/schema\\\/logo\\\/image\\\/\"},\"sameAs\":[\"https:\\\/\\\/www.facebook.com\\\/EmotoPark\\\/\"]}]}<\/script>\n<!-- \/ Yoast SEO Premium plugin. -->","yoast_head_json":{"title":"Talaria xXx (6kW) (MX) 60V 40Ah - E-Moto Park","robots":{"index":"index","follow":"follow","max-snippet":"max-snippet:-1","max-image-preview":"max-image-preview:large","max-video-preview":"max-video-preview:-1"},"canonical":"https:\/\/e-motopark.com\/en\/product\/talaria-xxx-6kw-mx-60v-40ah\/","og_locale":"en_US","og_type":"article","og_title":"Talaria xXx (6kW) (MX) 60V 40Ah","og_description":"FREE shipping in the Czech Republic. Description: The Talaria xXx (MX) version is suitable for smaller bodies or children, the bike is about 8kg lighter than the Sur-Ron Light Bee. The motorcycle has the same performance parameters as the Sur-Ron Light Bee, both power: 6kW and the same 60V 40Ah battery. Unhomologated electric motorcycle Talaria [&hellip;]","og_url":"https:\/\/e-motopark.com\/en\/product\/talaria-xxx-6kw-mx-60v-40ah\/","og_site_name":"E-Moto Park","article_publisher":"https:\/\/www.facebook.com\/EmotoPark\/","article_modified_time":"2025-05-27T21:00:21+00:00","og_image":[{"width":1200,"height":800,"url":"https:\/\/e-motopark.com\/wp-content\/uploads\/2023\/11\/Talaria-xXx-MX-6kW-cerna.jpg","type":"image\/jpeg"}],"twitter_card":"summary_large_image","twitter_misc":{"Est. reading time":"2 minutes"},"schema":{"@context":"https:\/\/schema.org","@graph":[{"@type":["WebPage","ItemPage"],"@id":"https:\/\/e-motopark.com\/en\/product\/talaria-xxx-6kw-mx-60v-40ah\/","url":"https:\/\/e-motopark.com\/en\/product\/talaria-xxx-6kw-mx-60v-40ah\/","name":"Talaria xXx (6kW) (MX) 60V 40Ah - E-Moto Park","isPartOf":{"@id":"https:\/\/e-motopark.com\/en\/#website"},"primaryImageOfPage":{"@id":"https:\/\/e-motopark.com\/en\/product\/talaria-xxx-6kw-mx-60v-40ah\/#primaryimage"},"image":{"@id":"https:\/\/e-motopark.com\/en\/product\/talaria-xxx-6kw-mx-60v-40ah\/#primaryimage"},"thumbnailUrl":"https:\/\/e-motopark.com\/wp-content\/uploads\/2023\/11\/Talaria-xXx-6kW-MX-60V-40Ah-6.jpg","datePublished":"2023-11-27T10:37:05+00:00","dateModified":"2025-05-27T21:00:21+00:00","breadcrumb":{"@id":"https:\/\/e-motopark.com\/en\/product\/talaria-xxx-6kw-mx-60v-40ah\/#breadcrumb"},"inLanguage":"en-US","potentialAction":[{"@type":"ReadAction","target":["https:\/\/e-motopark.com\/en\/product\/talaria-xxx-6kw-mx-60v-40ah\/"]}]},{"@type":"ImageObject","inLanguage":"en-US","@id":"https:\/\/e-motopark.com\/en\/product\/talaria-xxx-6kw-mx-60v-40ah\/#primaryimage","url":"https:\/\/e-motopark.com\/wp-content\/uploads\/2023\/11\/Talaria-xXx-6kW-MX-60V-40Ah-6.jpg","contentUrl":"https:\/\/e-motopark.com\/wp-content\/uploads\/2023\/11\/Talaria-xXx-6kW-MX-60V-40Ah-6.jpg","width":804,"height":675},{"@type":"BreadcrumbList","@id":"https:\/\/e-motopark.com\/en\/product\/talaria-xxx-6kw-mx-60v-40ah\/#breadcrumb","itemListElement":[{"@type":"ListItem","position":1,"name":"Dom\u016f","item":"https:\/\/e-motopark.com\/en\/e-moto-park-shop-and-rental-of-electric-motorbikes\/"},{"@type":"ListItem","position":2,"name":"Shop","item":"https:\/\/e-motopark.com\/en\/shop\/"},{"@type":"ListItem","position":3,"name":"Talaria xXx (6kW) (MX) 60V 40Ah"}]},{"@type":"WebSite","@id":"https:\/\/e-motopark.com\/en\/#website","url":"https:\/\/e-motopark.com\/en\/","name":"E-Moto Park","description":"Prodejna a p\u016fj\u010dovna elektrick\u00fdch motorek","publisher":{"@id":"https:\/\/e-motopark.com\/en\/#organization"},"potentialAction":[{"@type":"SearchAction","target":{"@type":"EntryPoint","urlTemplate":"https:\/\/e-motopark.com\/en\/?s={search_term_string}"},"query-input":{"@type":"PropertyValueSpecification","valueRequired":true,"valueName":"search_term_string"}}],"inLanguage":"en-US"},{"@type":"Organization","@id":"https:\/\/e-motopark.com\/en\/#organization","name":"E-Moto Park","url":"https:\/\/e-motopark.com\/en\/","logo":{"@type":"ImageObject","inLanguage":"en-US","@id":"https:\/\/e-motopark.com\/en\/#\/schema\/logo\/image\/","url":"https:\/\/e-motopark.com\/wp-content\/uploads\/2023\/11\/cropped-cropped-E-Moto-Park-logo.png","contentUrl":"https:\/\/e-motopark.com\/wp-content\/uploads\/2023\/11\/cropped-cropped-E-Moto-Park-logo.png","width":108,"height":50,"caption":"E-Moto Park"},"image":{"@id":"https:\/\/e-motopark.com\/en\/#\/schema\/logo\/image\/"},"sameAs":["https:\/\/www.facebook.com\/EmotoPark\/"]}]}},"_links":{"self":[{"href":"https:\/\/e-motopark.com\/en\/wp-json\/wp\/v2\/product\/9593","targetHints":{"allow":["GET"]}}],"collection":[{"href":"https:\/\/e-motopark.com\/en\/wp-json\/wp\/v2\/product"}],"about":[{"href":"https:\/\/e-motopark.com\/en\/wp-json\/wp\/v2\/types\/product"}],"wp:featuredmedia":[{"embeddable":true,"href":"https:\/\/e-motopark.com\/en\/wp-json\/wp\/v2\/media\/16504"}],"wp:attachment":[{"href":"https:\/\/e-motopark.com\/en\/wp-json\/wp\/v2\/media?parent=9593"}],"wp:term":[{"taxonomy":"product_brand","embeddable":true,"href":"https:\/\/e-motopark.com\/en\/wp-json\/wp\/v2\/product_brand?post=9593"},{"taxonomy":"product_cat","embeddable":true,"href":"https:\/\/e-motopark.com\/en\/wp-json\/wp\/v2\/product_cat?post=9593"},{"taxonomy":"product_tag","embeddable":true,"href":"https:\/\/e-motopark.com\/en\/wp-json\/wp\/v2\/product_tag?post=9593"},{"taxonomy":"emoto_spec_group","embeddable":true,"href":"https:\/\/e-motopark.com\/en\/wp-json\/wp\/v2\/emoto_spec_group?post=9593"}],"curies":[{"name":"wp","href":"https:\/\/api.w.org\/{rel}","templated":true}]}}