{"id":9711,"date":"2023-11-27T11:36:46","date_gmt":"2023-11-27T10:36:46","guid":{"rendered":"https:\/\/e-motopark.com\/produkt\/sur-ron-light-bee-6kw-40ah-l1e\/"},"modified":"2025-06-04T22:18:41","modified_gmt":"2025-06-04T20:18:41","slug":"sur-ron-light-bee-l1e-6kw-40ah-l1e-black","status":"publish","type":"product","link":"https:\/\/e-motopark.com\/en\/product\/sur-ron-light-bee-l1e-6kw-40ah-l1e-black\/","title":{"rendered":"Sur-Ron Light Bee L1e (6kW) (40Ah) (L1e) Black"},"content":{"rendered":"<ul>\n<li>FREE shipping in the Czech Republic.<\/li>\n<\/ul>\n<h3>Description:<\/h3>\n<ul>\n<li>Approved electric motorcycle Sur-Ron Light Bee L1e<\/li>\n<li>High performance, long range up to 100km<\/li>\n<li>Weight : 56kg<\/li>\n<li>Battery : Li-ion Panasonic 60V 40Ah (2400Wh)<\/li>\n<li>Motor : Brushless BLDC<\/li>\n<li>Frame : 6061 T4 &amp; T6 Aluminium, weight 7,8 kg<\/li>\n<li>Power : 3kW (Eco mode), 6kW (Sport mode)<\/li>\n<li>Max. speed : 80km\/h <\/li>\n<li>Wheel torque : 250Nm<\/li>\n<li>Acceleration : 0 to 50 km\/h in 4 sec.<\/li>\n<li>Controller : X Version Sine Wave<\/li>\n<li>Charging time : 3 hours<\/li>\n<li>Saddle height : 830 mm<\/li>\n<li>Tyres : Front and rear 70\/100 &#8211; 19<\/li>\n<li>Brakes : Four-piston hydraulic, discs: 203 mm<\/li>\n<li>Length\/Width\/Height : 1.870mm\/780mm\/1.040mm<\/li>\n<li>Chassis height : 270mm<\/li>\n<\/ul>\n<p>This motorcycle is fully equipped for road use and an AM or B group licence is all you need to drive it steering.<\/p>\n<p>The unhomologated model is: Sur-Ron Light Bee X<\/p>\n","protected":false},"excerpt":{"rendered":"<p>FREE shipping in the Czech Republic. Description: Approved electric motorcycle Sur-Ron Light Bee L1e High performance, long range up to 100km Weight : 56kg Battery : Li-ion Panasonic 60V 40Ah (2400Wh) Motor : Brushless BLDC Frame : 6061 T4 &amp; T6 Aluminium, weight 7,8 kg Power : 3kW (Eco mode), 6kW (Sport mode) Max. speed [&hellip;]<\/p>\n","protected":false},"featured_media":11424,"template":"","meta":{"from_xml":"","manufacturer_code":"","emoto_stock":""},"product_brand":[],"product_cat":[1652],"product_tag":[],"emoto_spec_group":[],"class_list":{"0":"post-9711","1":"product","2":"type-product","3":"status-publish","4":"has-post-thumbnail","6":"product_cat-sur-ron","8":"first","9":"onbackorder","10":"taxable","11":"shipping-taxable","12":"purchasable","13":"product-type-simple"},"exclude_global_add_ons":false,"addons":[],"yoast_head":"<!-- This site is optimized with the Yoast SEO Premium plugin v27.4 (Yoast SEO v27.5) - https:\/\/yoast.com\/product\/yoast-seo-premium-wordpress\/ -->\n<title>Sur-Ron Light Bee L1e (6kW) (40Ah) (L1e) Black - E-Moto Park<\/title>\n<meta name=\"robots\" content=\"index, follow, max-snippet:-1, max-image-preview:large, max-video-preview:-1\" \/>\n<link rel=\"canonical\" href=\"https:\/\/e-motopark.com\/en\/product\/sur-ron-light-bee-l1e-6kw-40ah-l1e-black\/\" \/>\n<meta property=\"og:locale\" content=\"en_US\" \/>\n<meta property=\"og:type\" content=\"article\" \/>\n<meta property=\"og:title\" content=\"Sur-Ron Light Bee L1e (6kW) (40Ah) (L1e) Black\" \/>\n<meta property=\"og:description\" content=\"FREE shipping in the Czech Republic. Description: Approved electric motorcycle Sur-Ron Light Bee L1e High performance, long range up to 100km Weight : 56kg Battery : Li-ion Panasonic 60V 40Ah (2400Wh) Motor : Brushless BLDC Frame : 6061 T4 &amp; T6 Aluminium, weight 7,8 kg Power : 3kW (Eco mode), 6kW (Sport mode) Max. speed [&hellip;]\" \/>\n<meta property=\"og:url\" content=\"https:\/\/e-motopark.com\/en\/product\/sur-ron-light-bee-l1e-6kw-40ah-l1e-black\/\" \/>\n<meta property=\"og:site_name\" content=\"E-Moto Park\" \/>\n<meta property=\"article:publisher\" content=\"https:\/\/www.facebook.com\/EmotoPark\/\" \/>\n<meta property=\"article:modified_time\" content=\"2025-06-04T20:18:41+00:00\" \/>\n<meta property=\"og:image\" content=\"https:\/\/e-motopark.com\/wp-content\/uploads\/2023\/11\/Sur-Ron-Light-bee-L1e-2024.jpg\" \/>\n\t<meta property=\"og:image:width\" content=\"1200\" \/>\n\t<meta property=\"og:image:height\" content=\"800\" \/>\n\t<meta property=\"og:image:type\" content=\"image\/jpeg\" \/>\n<meta name=\"twitter:card\" content=\"summary_large_image\" \/>\n<meta name=\"twitter:label1\" content=\"Est. reading time\" \/>\n\t<meta name=\"twitter:data1\" content=\"1 minute\" \/>\n<script type=\"application\/ld+json\" class=\"yoast-schema-graph\">{\"@context\":\"https:\\\/\\\/schema.org\",\"@graph\":[{\"@type\":[\"WebPage\",\"ItemPage\"],\"@id\":\"https:\\\/\\\/e-motopark.com\\\/en\\\/product\\\/sur-ron-light-bee-l1e-6kw-40ah-l1e-black\\\/\",\"url\":\"https:\\\/\\\/e-motopark.com\\\/en\\\/product\\\/sur-ron-light-bee-l1e-6kw-40ah-l1e-black\\\/\",\"name\":\"Sur-Ron Light Bee L1e (6kW) (40Ah) (L1e) Black - E-Moto Park\",\"isPartOf\":{\"@id\":\"https:\\\/\\\/e-motopark.com\\\/en\\\/#website\"},\"primaryImageOfPage\":{\"@id\":\"https:\\\/\\\/e-motopark.com\\\/en\\\/product\\\/sur-ron-light-bee-l1e-6kw-40ah-l1e-black\\\/#primaryimage\"},\"image\":{\"@id\":\"https:\\\/\\\/e-motopark.com\\\/en\\\/product\\\/sur-ron-light-bee-l1e-6kw-40ah-l1e-black\\\/#primaryimage\"},\"thumbnailUrl\":\"https:\\\/\\\/e-motopark.com\\\/wp-content\\\/uploads\\\/2023\\\/11\\\/Sur-Ron-Ligh-Bee-L1e-8kW-e-moto-park-2.jpeg\",\"datePublished\":\"2023-11-27T10:36:46+00:00\",\"dateModified\":\"2025-06-04T20:18:41+00:00\",\"breadcrumb\":{\"@id\":\"https:\\\/\\\/e-motopark.com\\\/en\\\/product\\\/sur-ron-light-bee-l1e-6kw-40ah-l1e-black\\\/#breadcrumb\"},\"inLanguage\":\"en-US\",\"potentialAction\":[{\"@type\":\"ReadAction\",\"target\":[\"https:\\\/\\\/e-motopark.com\\\/en\\\/product\\\/sur-ron-light-bee-l1e-6kw-40ah-l1e-black\\\/\"]}]},{\"@type\":\"ImageObject\",\"inLanguage\":\"en-US\",\"@id\":\"https:\\\/\\\/e-motopark.com\\\/en\\\/product\\\/sur-ron-light-bee-l1e-6kw-40ah-l1e-black\\\/#primaryimage\",\"url\":\"https:\\\/\\\/e-motopark.com\\\/wp-content\\\/uploads\\\/2023\\\/11\\\/Sur-Ron-Ligh-Bee-L1e-8kW-e-moto-park-2.jpeg\",\"contentUrl\":\"https:\\\/\\\/e-motopark.com\\\/wp-content\\\/uploads\\\/2023\\\/11\\\/Sur-Ron-Ligh-Bee-L1e-8kW-e-moto-park-2.jpeg\",\"width\":954,\"height\":709},{\"@type\":\"BreadcrumbList\",\"@id\":\"https:\\\/\\\/e-motopark.com\\\/en\\\/product\\\/sur-ron-light-bee-l1e-6kw-40ah-l1e-black\\\/#breadcrumb\",\"itemListElement\":[{\"@type\":\"ListItem\",\"position\":1,\"name\":\"Dom\u016f\",\"item\":\"https:\\\/\\\/e-motopark.com\\\/en\\\/e-moto-park-shop-and-rental-of-electric-motorbikes\\\/\"},{\"@type\":\"ListItem\",\"position\":2,\"name\":\"Shop\",\"item\":\"https:\\\/\\\/e-motopark.com\\\/en\\\/shop\\\/\"},{\"@type\":\"ListItem\",\"position\":3,\"name\":\"Sur-Ron Light Bee L1e (6kW) (40Ah) (L1e) Black\"}]},{\"@type\":\"WebSite\",\"@id\":\"https:\\\/\\\/e-motopark.com\\\/en\\\/#website\",\"url\":\"https:\\\/\\\/e-motopark.com\\\/en\\\/\",\"name\":\"E-Moto Park\",\"description\":\"Prodejna a p\u016fj\u010dovna elektrick\u00fdch motorek\",\"publisher\":{\"@id\":\"https:\\\/\\\/e-motopark.com\\\/en\\\/#organization\"},\"potentialAction\":[{\"@type\":\"SearchAction\",\"target\":{\"@type\":\"EntryPoint\",\"urlTemplate\":\"https:\\\/\\\/e-motopark.com\\\/en\\\/?s={search_term_string}\"},\"query-input\":{\"@type\":\"PropertyValueSpecification\",\"valueRequired\":true,\"valueName\":\"search_term_string\"}}],\"inLanguage\":\"en-US\"},{\"@type\":\"Organization\",\"@id\":\"https:\\\/\\\/e-motopark.com\\\/en\\\/#organization\",\"name\":\"E-Moto Park\",\"url\":\"https:\\\/\\\/e-motopark.com\\\/en\\\/\",\"logo\":{\"@type\":\"ImageObject\",\"inLanguage\":\"en-US\",\"@id\":\"https:\\\/\\\/e-motopark.com\\\/en\\\/#\\\/schema\\\/logo\\\/image\\\/\",\"url\":\"https:\\\/\\\/e-motopark.com\\\/wp-content\\\/uploads\\\/2023\\\/11\\\/cropped-cropped-E-Moto-Park-logo.png\",\"contentUrl\":\"https:\\\/\\\/e-motopark.com\\\/wp-content\\\/uploads\\\/2023\\\/11\\\/cropped-cropped-E-Moto-Park-logo.png\",\"width\":108,\"height\":50,\"caption\":\"E-Moto Park\"},\"image\":{\"@id\":\"https:\\\/\\\/e-motopark.com\\\/en\\\/#\\\/schema\\\/logo\\\/image\\\/\"},\"sameAs\":[\"https:\\\/\\\/www.facebook.com\\\/EmotoPark\\\/\"]}]}<\/script>\n<!-- \/ Yoast SEO Premium plugin. -->","yoast_head_json":{"title":"Sur-Ron Light Bee L1e (6kW) (40Ah) (L1e) Black - E-Moto Park","robots":{"index":"index","follow":"follow","max-snippet":"max-snippet:-1","max-image-preview":"max-image-preview:large","max-video-preview":"max-video-preview:-1"},"canonical":"https:\/\/e-motopark.com\/en\/product\/sur-ron-light-bee-l1e-6kw-40ah-l1e-black\/","og_locale":"en_US","og_type":"article","og_title":"Sur-Ron Light Bee L1e (6kW) (40Ah) (L1e) Black","og_description":"FREE shipping in the Czech Republic. Description: Approved electric motorcycle Sur-Ron Light Bee L1e High performance, long range up to 100km Weight : 56kg Battery : Li-ion Panasonic 60V 40Ah (2400Wh) Motor : Brushless BLDC Frame : 6061 T4 &amp; T6 Aluminium, weight 7,8 kg Power : 3kW (Eco mode), 6kW (Sport mode) Max. speed [&hellip;]","og_url":"https:\/\/e-motopark.com\/en\/product\/sur-ron-light-bee-l1e-6kw-40ah-l1e-black\/","og_site_name":"E-Moto Park","article_publisher":"https:\/\/www.facebook.com\/EmotoPark\/","article_modified_time":"2025-06-04T20:18:41+00:00","og_image":[{"width":1200,"height":800,"url":"https:\/\/e-motopark.com\/wp-content\/uploads\/2023\/11\/Sur-Ron-Light-bee-L1e-2024.jpg","type":"image\/jpeg"}],"twitter_card":"summary_large_image","twitter_misc":{"Est. reading time":"1 minute"},"schema":{"@context":"https:\/\/schema.org","@graph":[{"@type":["WebPage","ItemPage"],"@id":"https:\/\/e-motopark.com\/en\/product\/sur-ron-light-bee-l1e-6kw-40ah-l1e-black\/","url":"https:\/\/e-motopark.com\/en\/product\/sur-ron-light-bee-l1e-6kw-40ah-l1e-black\/","name":"Sur-Ron Light Bee L1e (6kW) (40Ah) (L1e) Black - E-Moto Park","isPartOf":{"@id":"https:\/\/e-motopark.com\/en\/#website"},"primaryImageOfPage":{"@id":"https:\/\/e-motopark.com\/en\/product\/sur-ron-light-bee-l1e-6kw-40ah-l1e-black\/#primaryimage"},"image":{"@id":"https:\/\/e-motopark.com\/en\/product\/sur-ron-light-bee-l1e-6kw-40ah-l1e-black\/#primaryimage"},"thumbnailUrl":"https:\/\/e-motopark.com\/wp-content\/uploads\/2023\/11\/Sur-Ron-Ligh-Bee-L1e-8kW-e-moto-park-2.jpeg","datePublished":"2023-11-27T10:36:46+00:00","dateModified":"2025-06-04T20:18:41+00:00","breadcrumb":{"@id":"https:\/\/e-motopark.com\/en\/product\/sur-ron-light-bee-l1e-6kw-40ah-l1e-black\/#breadcrumb"},"inLanguage":"en-US","potentialAction":[{"@type":"ReadAction","target":["https:\/\/e-motopark.com\/en\/product\/sur-ron-light-bee-l1e-6kw-40ah-l1e-black\/"]}]},{"@type":"ImageObject","inLanguage":"en-US","@id":"https:\/\/e-motopark.com\/en\/product\/sur-ron-light-bee-l1e-6kw-40ah-l1e-black\/#primaryimage","url":"https:\/\/e-motopark.com\/wp-content\/uploads\/2023\/11\/Sur-Ron-Ligh-Bee-L1e-8kW-e-moto-park-2.jpeg","contentUrl":"https:\/\/e-motopark.com\/wp-content\/uploads\/2023\/11\/Sur-Ron-Ligh-Bee-L1e-8kW-e-moto-park-2.jpeg","width":954,"height":709},{"@type":"BreadcrumbList","@id":"https:\/\/e-motopark.com\/en\/product\/sur-ron-light-bee-l1e-6kw-40ah-l1e-black\/#breadcrumb","itemListElement":[{"@type":"ListItem","position":1,"name":"Dom\u016f","item":"https:\/\/e-motopark.com\/en\/e-moto-park-shop-and-rental-of-electric-motorbikes\/"},{"@type":"ListItem","position":2,"name":"Shop","item":"https:\/\/e-motopark.com\/en\/shop\/"},{"@type":"ListItem","position":3,"name":"Sur-Ron Light Bee L1e (6kW) (40Ah) (L1e) Black"}]},{"@type":"WebSite","@id":"https:\/\/e-motopark.com\/en\/#website","url":"https:\/\/e-motopark.com\/en\/","name":"E-Moto Park","description":"Prodejna a p\u016fj\u010dovna elektrick\u00fdch motorek","publisher":{"@id":"https:\/\/e-motopark.com\/en\/#organization"},"potentialAction":[{"@type":"SearchAction","target":{"@type":"EntryPoint","urlTemplate":"https:\/\/e-motopark.com\/en\/?s={search_term_string}"},"query-input":{"@type":"PropertyValueSpecification","valueRequired":true,"valueName":"search_term_string"}}],"inLanguage":"en-US"},{"@type":"Organization","@id":"https:\/\/e-motopark.com\/en\/#organization","name":"E-Moto Park","url":"https:\/\/e-motopark.com\/en\/","logo":{"@type":"ImageObject","inLanguage":"en-US","@id":"https:\/\/e-motopark.com\/en\/#\/schema\/logo\/image\/","url":"https:\/\/e-motopark.com\/wp-content\/uploads\/2023\/11\/cropped-cropped-E-Moto-Park-logo.png","contentUrl":"https:\/\/e-motopark.com\/wp-content\/uploads\/2023\/11\/cropped-cropped-E-Moto-Park-logo.png","width":108,"height":50,"caption":"E-Moto Park"},"image":{"@id":"https:\/\/e-motopark.com\/en\/#\/schema\/logo\/image\/"},"sameAs":["https:\/\/www.facebook.com\/EmotoPark\/"]}]}},"_links":{"self":[{"href":"https:\/\/e-motopark.com\/en\/wp-json\/wp\/v2\/product\/9711","targetHints":{"allow":["GET"]}}],"collection":[{"href":"https:\/\/e-motopark.com\/en\/wp-json\/wp\/v2\/product"}],"about":[{"href":"https:\/\/e-motopark.com\/en\/wp-json\/wp\/v2\/types\/product"}],"wp:featuredmedia":[{"embeddable":true,"href":"https:\/\/e-motopark.com\/en\/wp-json\/wp\/v2\/media\/11424"}],"wp:attachment":[{"href":"https:\/\/e-motopark.com\/en\/wp-json\/wp\/v2\/media?parent=9711"}],"wp:term":[{"taxonomy":"product_brand","embeddable":true,"href":"https:\/\/e-motopark.com\/en\/wp-json\/wp\/v2\/product_brand?post=9711"},{"taxonomy":"product_cat","embeddable":true,"href":"https:\/\/e-motopark.com\/en\/wp-json\/wp\/v2\/product_cat?post=9711"},{"taxonomy":"product_tag","embeddable":true,"href":"https:\/\/e-motopark.com\/en\/wp-json\/wp\/v2\/product_tag?post=9711"},{"taxonomy":"emoto_spec_group","embeddable":true,"href":"https:\/\/e-motopark.com\/en\/wp-json\/wp\/v2\/emoto_spec_group?post=9711"}],"curies":[{"name":"wp","href":"https:\/\/api.w.org\/{rel}","templated":true}]}}