{"id":9718,"date":"2023-11-27T11:36:45","date_gmt":"2023-11-27T10:36:45","guid":{"rendered":"https:\/\/e-motopark.com\/produkt\/drzak-zadniho-svetla-i-blinkru-pod-sedadlo-na-sur-ron-l1e\/"},"modified":"2025-06-04T22:19:07","modified_gmt":"2025-06-04T20:19:07","slug":"rear-light-and-turn-signal-holder-under-the-seat-on-sur-ron-l1e","status":"publish","type":"product","link":"https:\/\/e-motopark.com\/en\/product\/rear-light-and-turn-signal-holder-under-the-seat-on-sur-ron-l1e\/","title":{"rendered":"Rear light and turn signal holder under the seat on Sur-Ron L1e"},"content":{"rendered":"<p>Description:<\/p>\n<ul>\n<li>Rear light and turn signal bracket under the seat on Sur-Ron Light Bee L1e.<\/li>\n<li>The turn signals are swivellable, can be folded and adjusted as needed even while driving.<\/li>\n<li>The license plate mount is also included in the package and attaches to the end of the long rear fender we offer <a href=\"https:\/\/www.e-moto-park.com\/product-page\/zadn%C3%AD-blatn%C3%ADk-na-sur-ron-x-l1\" target=\"_blank\" rel=\"noopener\">here<\/a><\/li>\n<li>Supplied without turn signals and rear brake light.<\/li>\n<li>Rear brake light and turn signals can be used from the original Sur-Ron L1e.<\/li>\n<\/ul>\n","protected":false},"excerpt":{"rendered":"<p>Description: Rear light and turn signal bracket under the seat on Sur-Ron Light Bee L1e. The turn signals are swivellable, can be folded and adjusted as needed even while driving. The license plate mount is also included in the package and attaches to the end of the long rear fender we offer here Supplied without [&hellip;]<\/p>\n","protected":false},"featured_media":6994,"template":"","meta":{"from_xml":"","manufacturer_code":"","emoto_stock":""},"product_brand":[],"product_cat":[1675],"product_tag":[],"emoto_spec_group":[],"class_list":{"0":"post-9718","1":"product","2":"type-product","3":"status-publish","4":"has-post-thumbnail","6":"product_cat-electro-and-lights","8":"first","9":"onbackorder","10":"taxable","11":"shipping-taxable","12":"purchasable","13":"product-type-variable","14":"has-default-attributes"},"exclude_global_add_ons":[],"addons":[],"yoast_head":"<!-- This site is optimized with the Yoast SEO Premium plugin v27.4 (Yoast SEO v27.5) - https:\/\/yoast.com\/product\/yoast-seo-premium-wordpress\/ -->\n<title>Rear light and turn signal holder under the seat on Sur-Ron L1e - E-Moto Park<\/title>\n<meta name=\"robots\" content=\"index, follow, max-snippet:-1, max-image-preview:large, max-video-preview:-1\" \/>\n<link rel=\"canonical\" href=\"https:\/\/e-motopark.com\/en\/product\/rear-light-and-turn-signal-holder-under-the-seat-on-sur-ron-l1e\/\" \/>\n<meta property=\"og:locale\" content=\"en_US\" \/>\n<meta property=\"og:type\" content=\"article\" \/>\n<meta property=\"og:title\" content=\"Rear light and turn signal holder under the seat on Sur-Ron L1e\" \/>\n<meta property=\"og:description\" content=\"Description: Rear light and turn signal bracket under the seat on Sur-Ron Light Bee L1e. The turn signals are swivellable, can be folded and adjusted as needed even while driving. The license plate mount is also included in the package and attaches to the end of the long rear fender we offer here Supplied without [&hellip;]\" \/>\n<meta property=\"og:url\" content=\"https:\/\/e-motopark.com\/en\/product\/rear-light-and-turn-signal-holder-under-the-seat-on-sur-ron-l1e\/\" \/>\n<meta property=\"og:site_name\" content=\"E-Moto Park\" \/>\n<meta property=\"article:publisher\" content=\"https:\/\/www.facebook.com\/EmotoPark\/\" \/>\n<meta property=\"article:modified_time\" content=\"2025-06-04T20:19:07+00:00\" \/>\n<meta property=\"og:image\" content=\"https:\/\/e-motopark.com\/wp-content\/uploads\/2023\/11\/Drzak-zadniho-svetla-i-blinkru-3-na-sur-ron-L1e.jpg\" \/>\n\t<meta property=\"og:image:width\" content=\"575\" \/>\n\t<meta property=\"og:image:height\" content=\"767\" \/>\n\t<meta property=\"og:image:type\" content=\"image\/jpeg\" \/>\n<meta name=\"twitter:card\" content=\"summary_large_image\" \/>\n<meta name=\"twitter:label1\" content=\"Est. reading time\" \/>\n\t<meta name=\"twitter:data1\" content=\"1 minute\" \/>\n<script type=\"application\/ld+json\" class=\"yoast-schema-graph\">{\"@context\":\"https:\\\/\\\/schema.org\",\"@graph\":[{\"@type\":[\"WebPage\",\"ItemPage\"],\"@id\":\"https:\\\/\\\/e-motopark.com\\\/en\\\/product\\\/rear-light-and-turn-signal-holder-under-the-seat-on-sur-ron-l1e\\\/\",\"url\":\"https:\\\/\\\/e-motopark.com\\\/en\\\/product\\\/rear-light-and-turn-signal-holder-under-the-seat-on-sur-ron-l1e\\\/\",\"name\":\"Rear light and turn signal holder under the seat on Sur-Ron L1e - E-Moto Park\",\"isPartOf\":{\"@id\":\"https:\\\/\\\/e-motopark.com\\\/en\\\/#website\"},\"primaryImageOfPage\":{\"@id\":\"https:\\\/\\\/e-motopark.com\\\/en\\\/product\\\/rear-light-and-turn-signal-holder-under-the-seat-on-sur-ron-l1e\\\/#primaryimage\"},\"image\":{\"@id\":\"https:\\\/\\\/e-motopark.com\\\/en\\\/product\\\/rear-light-and-turn-signal-holder-under-the-seat-on-sur-ron-l1e\\\/#primaryimage\"},\"thumbnailUrl\":\"https:\\\/\\\/e-motopark.com\\\/wp-content\\\/uploads\\\/2023\\\/11\\\/Drzak-zadniho-svetla-i-blinkru-3-na-sur-ron-L1e.jpg\",\"datePublished\":\"2023-11-27T10:36:45+00:00\",\"dateModified\":\"2025-06-04T20:19:07+00:00\",\"breadcrumb\":{\"@id\":\"https:\\\/\\\/e-motopark.com\\\/en\\\/product\\\/rear-light-and-turn-signal-holder-under-the-seat-on-sur-ron-l1e\\\/#breadcrumb\"},\"inLanguage\":\"en-US\",\"potentialAction\":[{\"@type\":\"ReadAction\",\"target\":[\"https:\\\/\\\/e-motopark.com\\\/en\\\/product\\\/rear-light-and-turn-signal-holder-under-the-seat-on-sur-ron-l1e\\\/\"]}]},{\"@type\":\"ImageObject\",\"inLanguage\":\"en-US\",\"@id\":\"https:\\\/\\\/e-motopark.com\\\/en\\\/product\\\/rear-light-and-turn-signal-holder-under-the-seat-on-sur-ron-l1e\\\/#primaryimage\",\"url\":\"https:\\\/\\\/e-motopark.com\\\/wp-content\\\/uploads\\\/2023\\\/11\\\/Drzak-zadniho-svetla-i-blinkru-3-na-sur-ron-L1e.jpg\",\"contentUrl\":\"https:\\\/\\\/e-motopark.com\\\/wp-content\\\/uploads\\\/2023\\\/11\\\/Drzak-zadniho-svetla-i-blinkru-3-na-sur-ron-L1e.jpg\",\"width\":575,\"height\":767},{\"@type\":\"BreadcrumbList\",\"@id\":\"https:\\\/\\\/e-motopark.com\\\/en\\\/product\\\/rear-light-and-turn-signal-holder-under-the-seat-on-sur-ron-l1e\\\/#breadcrumb\",\"itemListElement\":[{\"@type\":\"ListItem\",\"position\":1,\"name\":\"Dom\u016f\",\"item\":\"https:\\\/\\\/e-motopark.com\\\/en\\\/e-moto-park-shop-and-rental-of-electric-motorbikes\\\/\"},{\"@type\":\"ListItem\",\"position\":2,\"name\":\"Shop\",\"item\":\"https:\\\/\\\/e-motopark.com\\\/en\\\/shop\\\/\"},{\"@type\":\"ListItem\",\"position\":3,\"name\":\"Rear light and turn signal holder under the seat on Sur-Ron L1e\"}]},{\"@type\":\"WebSite\",\"@id\":\"https:\\\/\\\/e-motopark.com\\\/en\\\/#website\",\"url\":\"https:\\\/\\\/e-motopark.com\\\/en\\\/\",\"name\":\"E-Moto Park\",\"description\":\"Prodejna a p\u016fj\u010dovna elektrick\u00fdch motorek\",\"publisher\":{\"@id\":\"https:\\\/\\\/e-motopark.com\\\/en\\\/#organization\"},\"potentialAction\":[{\"@type\":\"SearchAction\",\"target\":{\"@type\":\"EntryPoint\",\"urlTemplate\":\"https:\\\/\\\/e-motopark.com\\\/en\\\/?s={search_term_string}\"},\"query-input\":{\"@type\":\"PropertyValueSpecification\",\"valueRequired\":true,\"valueName\":\"search_term_string\"}}],\"inLanguage\":\"en-US\"},{\"@type\":\"Organization\",\"@id\":\"https:\\\/\\\/e-motopark.com\\\/en\\\/#organization\",\"name\":\"E-Moto Park\",\"url\":\"https:\\\/\\\/e-motopark.com\\\/en\\\/\",\"logo\":{\"@type\":\"ImageObject\",\"inLanguage\":\"en-US\",\"@id\":\"https:\\\/\\\/e-motopark.com\\\/en\\\/#\\\/schema\\\/logo\\\/image\\\/\",\"url\":\"https:\\\/\\\/e-motopark.com\\\/wp-content\\\/uploads\\\/2023\\\/11\\\/cropped-cropped-E-Moto-Park-logo.png\",\"contentUrl\":\"https:\\\/\\\/e-motopark.com\\\/wp-content\\\/uploads\\\/2023\\\/11\\\/cropped-cropped-E-Moto-Park-logo.png\",\"width\":108,\"height\":50,\"caption\":\"E-Moto Park\"},\"image\":{\"@id\":\"https:\\\/\\\/e-motopark.com\\\/en\\\/#\\\/schema\\\/logo\\\/image\\\/\"},\"sameAs\":[\"https:\\\/\\\/www.facebook.com\\\/EmotoPark\\\/\"]}]}<\/script>\n<!-- \/ Yoast SEO Premium plugin. -->","yoast_head_json":{"title":"Rear light and turn signal holder under the seat on Sur-Ron L1e - E-Moto Park","robots":{"index":"index","follow":"follow","max-snippet":"max-snippet:-1","max-image-preview":"max-image-preview:large","max-video-preview":"max-video-preview:-1"},"canonical":"https:\/\/e-motopark.com\/en\/product\/rear-light-and-turn-signal-holder-under-the-seat-on-sur-ron-l1e\/","og_locale":"en_US","og_type":"article","og_title":"Rear light and turn signal holder under the seat on Sur-Ron L1e","og_description":"Description: Rear light and turn signal bracket under the seat on Sur-Ron Light Bee L1e. The turn signals are swivellable, can be folded and adjusted as needed even while driving. The license plate mount is also included in the package and attaches to the end of the long rear fender we offer here Supplied without [&hellip;]","og_url":"https:\/\/e-motopark.com\/en\/product\/rear-light-and-turn-signal-holder-under-the-seat-on-sur-ron-l1e\/","og_site_name":"E-Moto Park","article_publisher":"https:\/\/www.facebook.com\/EmotoPark\/","article_modified_time":"2025-06-04T20:19:07+00:00","og_image":[{"width":575,"height":767,"url":"https:\/\/e-motopark.com\/wp-content\/uploads\/2023\/11\/Drzak-zadniho-svetla-i-blinkru-3-na-sur-ron-L1e.jpg","type":"image\/jpeg"}],"twitter_card":"summary_large_image","twitter_misc":{"Est. reading time":"1 minute"},"schema":{"@context":"https:\/\/schema.org","@graph":[{"@type":["WebPage","ItemPage"],"@id":"https:\/\/e-motopark.com\/en\/product\/rear-light-and-turn-signal-holder-under-the-seat-on-sur-ron-l1e\/","url":"https:\/\/e-motopark.com\/en\/product\/rear-light-and-turn-signal-holder-under-the-seat-on-sur-ron-l1e\/","name":"Rear light and turn signal holder under the seat on Sur-Ron L1e - E-Moto Park","isPartOf":{"@id":"https:\/\/e-motopark.com\/en\/#website"},"primaryImageOfPage":{"@id":"https:\/\/e-motopark.com\/en\/product\/rear-light-and-turn-signal-holder-under-the-seat-on-sur-ron-l1e\/#primaryimage"},"image":{"@id":"https:\/\/e-motopark.com\/en\/product\/rear-light-and-turn-signal-holder-under-the-seat-on-sur-ron-l1e\/#primaryimage"},"thumbnailUrl":"https:\/\/e-motopark.com\/wp-content\/uploads\/2023\/11\/Drzak-zadniho-svetla-i-blinkru-3-na-sur-ron-L1e.jpg","datePublished":"2023-11-27T10:36:45+00:00","dateModified":"2025-06-04T20:19:07+00:00","breadcrumb":{"@id":"https:\/\/e-motopark.com\/en\/product\/rear-light-and-turn-signal-holder-under-the-seat-on-sur-ron-l1e\/#breadcrumb"},"inLanguage":"en-US","potentialAction":[{"@type":"ReadAction","target":["https:\/\/e-motopark.com\/en\/product\/rear-light-and-turn-signal-holder-under-the-seat-on-sur-ron-l1e\/"]}]},{"@type":"ImageObject","inLanguage":"en-US","@id":"https:\/\/e-motopark.com\/en\/product\/rear-light-and-turn-signal-holder-under-the-seat-on-sur-ron-l1e\/#primaryimage","url":"https:\/\/e-motopark.com\/wp-content\/uploads\/2023\/11\/Drzak-zadniho-svetla-i-blinkru-3-na-sur-ron-L1e.jpg","contentUrl":"https:\/\/e-motopark.com\/wp-content\/uploads\/2023\/11\/Drzak-zadniho-svetla-i-blinkru-3-na-sur-ron-L1e.jpg","width":575,"height":767},{"@type":"BreadcrumbList","@id":"https:\/\/e-motopark.com\/en\/product\/rear-light-and-turn-signal-holder-under-the-seat-on-sur-ron-l1e\/#breadcrumb","itemListElement":[{"@type":"ListItem","position":1,"name":"Dom\u016f","item":"https:\/\/e-motopark.com\/en\/e-moto-park-shop-and-rental-of-electric-motorbikes\/"},{"@type":"ListItem","position":2,"name":"Shop","item":"https:\/\/e-motopark.com\/en\/shop\/"},{"@type":"ListItem","position":3,"name":"Rear light and turn signal holder under the seat on Sur-Ron L1e"}]},{"@type":"WebSite","@id":"https:\/\/e-motopark.com\/en\/#website","url":"https:\/\/e-motopark.com\/en\/","name":"E-Moto Park","description":"Prodejna a p\u016fj\u010dovna elektrick\u00fdch motorek","publisher":{"@id":"https:\/\/e-motopark.com\/en\/#organization"},"potentialAction":[{"@type":"SearchAction","target":{"@type":"EntryPoint","urlTemplate":"https:\/\/e-motopark.com\/en\/?s={search_term_string}"},"query-input":{"@type":"PropertyValueSpecification","valueRequired":true,"valueName":"search_term_string"}}],"inLanguage":"en-US"},{"@type":"Organization","@id":"https:\/\/e-motopark.com\/en\/#organization","name":"E-Moto Park","url":"https:\/\/e-motopark.com\/en\/","logo":{"@type":"ImageObject","inLanguage":"en-US","@id":"https:\/\/e-motopark.com\/en\/#\/schema\/logo\/image\/","url":"https:\/\/e-motopark.com\/wp-content\/uploads\/2023\/11\/cropped-cropped-E-Moto-Park-logo.png","contentUrl":"https:\/\/e-motopark.com\/wp-content\/uploads\/2023\/11\/cropped-cropped-E-Moto-Park-logo.png","width":108,"height":50,"caption":"E-Moto Park"},"image":{"@id":"https:\/\/e-motopark.com\/en\/#\/schema\/logo\/image\/"},"sameAs":["https:\/\/www.facebook.com\/EmotoPark\/"]}]}},"_links":{"self":[{"href":"https:\/\/e-motopark.com\/en\/wp-json\/wp\/v2\/product\/9718","targetHints":{"allow":["GET"]}}],"collection":[{"href":"https:\/\/e-motopark.com\/en\/wp-json\/wp\/v2\/product"}],"about":[{"href":"https:\/\/e-motopark.com\/en\/wp-json\/wp\/v2\/types\/product"}],"wp:featuredmedia":[{"embeddable":true,"href":"https:\/\/e-motopark.com\/en\/wp-json\/wp\/v2\/media\/6994"}],"wp:attachment":[{"href":"https:\/\/e-motopark.com\/en\/wp-json\/wp\/v2\/media?parent=9718"}],"wp:term":[{"taxonomy":"product_brand","embeddable":true,"href":"https:\/\/e-motopark.com\/en\/wp-json\/wp\/v2\/product_brand?post=9718"},{"taxonomy":"product_cat","embeddable":true,"href":"https:\/\/e-motopark.com\/en\/wp-json\/wp\/v2\/product_cat?post=9718"},{"taxonomy":"product_tag","embeddable":true,"href":"https:\/\/e-motopark.com\/en\/wp-json\/wp\/v2\/product_tag?post=9718"},{"taxonomy":"emoto_spec_group","embeddable":true,"href":"https:\/\/e-motopark.com\/en\/wp-json\/wp\/v2\/emoto_spec_group?post=9718"}],"curies":[{"name":"wp","href":"https:\/\/api.w.org\/{rel}","templated":true}]}}